{"id":12461,"date":"2026-01-03T21:24:53","date_gmt":"2026-01-03T20:24:53","guid":{"rendered":"https:\/\/oponyexpert.shop\/xef5\/produkt\/4x-nexen-winguard-sport-xl-205-40r17-84-v\/"},"modified":"2026-01-03T21:24:56","modified_gmt":"2026-01-03T20:24:56","slug":"4x-nexen-winguard-sport-xl-205-40r17-84-v","status":"publish","type":"product","link":"https:\/\/oponixo.shop\/tire\/produkt\/4x-nexen-winguard-sport-xl-205-40r17-84-v\/","title":{"rendered":"4x NEXEN WINGUARD SPORT XL 205\/40R17 84 V"},"content":{"rendered":"<div style=\"font-family: Arial, sans-serif; line-height: 1.6; color: #333; padding: 20px; clear: both; display: block; width: 100%; float: none; position: static; overflow: hidden;\">\n<div style=\"clear: both; display: block; margin: 10px 0;\">\n<div style=\"clear: both; display: block; margin: 10px 0;\">\n<div style=\"clear: both; display: block; margin: 10px 0;\">\n<h2>4x NEXEN WINGUARD SPORT XL 205\/40R17 84 V<\/h2>\n<\/div>\n<\/div>\n<\/div>\n<div style=\"clear: both; display: block; margin: 10px 0;\">\n<div style=\"clear: both; display: block; margin: 10px 0;\">\n<div style=\"clear: both; display: block; margin: 10px 0;\">\n<div  style=\"max-width:920px;max-height:1120px\">\n<div style=\"clear: both; display: block; margin: 10px 0;\">\n<div style=\"clear: both; width: 100%; display: block; margin: 20px 0; padding: 0; float: none; position: static; text-align: center;\"><img decoding=\"async\"  src=\"https:\/\/a.allegroimg.com\/original\/115e76\/7b968b464957a6d4b10d9f4cf64b\/4x-NEXEN-WINGUARD-SPORT-XL-205-40R17-84-V\" srcset=\"https:\/\/a.allegroimg.com\/original\/115e76\/7b968b464957a6d4b10d9f4cf64b\/4x-NEXEN-WINGUARD-SPORT-XL-205-40R17-84-V 295w,https:\/\/a.allegroimg.com\/original\/115e76\/7b968b464957a6d4b10d9f4cf64b\/4x-NEXEN-WINGUARD-SPORT-XL-205-40R17-84-V 591w,https:\/\/a.allegroimg.com\/original\/115e76\/7b968b464957a6d4b10d9f4cf64b\/4x-NEXEN-WINGUARD-SPORT-XL-205-40R17-84-V 841w,https:\/\/a.allegroimg.com\/original\/115e76\/7b968b464957a6d4b10d9f4cf64b\/4x-NEXEN-WINGUARD-SPORT-XL-205-40R17-84-V 920w,https:\/\/a.allegroimg.com\/original\/115e76\/7b968b464957a6d4b10d9f4cf64b\/4x-NEXEN-WINGUARD-SPORT-XL-205-40R17-84-V 920w\" sizes=\"(min-width: 1200px) 560px, (min-width: 992px) 50vw, 100vw\" width=\"920px\" alt=\"4x NEXEN WINGUARD SPORT XL 205\/40R17 84 V\"\/ style=\"max-width: 100%; height: auto; display: block; margin: 0 auto;\"><\/div>\n<\/div>\n<\/div>\n<\/div>\n<\/div>\n<div style=\"clear: both; display: block; margin: 10px 0;\">\n<div style=\"clear: both; display: block; margin: 10px 0;\">\n<h2>Zimowe opony NEXEN WINGUARD SPORT XL 205\/40 R17 84 V<\/h2>\n<p style=\"margin: 15px 0; line-height: 1.8; clear: both; display: block; width: 100%; float: none; position: static;\">Opony NEXEN WINGUARD SPORT XL to znacz\u0105cy model w portfolio producenta.\u00a0<\/p>\n<p style=\"margin: 15px 0; line-height: 1.8; clear: both; display: block; width: 100%; float: none; position: static;\"> Opony klasy \u015bredniej cechuj\u0105 si\u0119 najbardziej optymalnymi parametrami jezdnymi przy zachowaniu dobrej ceny.<\/p>\n<ul style=\"margin: 15px 0; padding-left: 20px; clear: both; display: block; width: 100%; float: none; position: static;\">\n<li style=\"margin: 5px 0; padding: 2px 0; clear: both; display: list-item; float: none; position: static;\"><b>Stan:<\/b>\u00a0Nowy<\/li>\n<li style=\"margin: 5px 0; padding: 2px 0; clear: both; display: list-item; float: none; position: static;\"><b>EAN:<\/b>\u00a08807622023408<\/li>\n<li style=\"margin: 5px 0; padding: 2px 0; clear: both; display: list-item; float: none; position: static;\"><b>Producent:<\/b> NEXEN<\/li>\n<li style=\"margin: 5px 0; padding: 2px 0; clear: both; display: list-item; float: none; position: static;\"><b>Model:<\/b> WINGUARD SPORT XL<\/li>\n<li style=\"margin: 5px 0; padding: 2px 0; clear: both; display: list-item; float: none; position: static;\"><b>Rozmiar:<\/b> 205\/40 R17<\/li>\n<li style=\"margin: 5px 0; padding: 2px 0; clear: both; display: list-item; float: none; position: static;\"><b>Indeks no\u015bno\u015bci:<\/b> 84<\/li>\n<li style=\"margin: 5px 0; padding: 2px 0; clear: both; display: list-item; float: none; position: static;\"><b>Indeks pr\u0119dko\u015bci:<\/b> V<\/li>\n<li style=\"margin: 5px 0; padding: 2px 0; clear: both; display: list-item; float: none; position: static;\"><b>Ha\u0142as db:<\/b>\u00a073<\/li>\n<li style=\"margin: 5px 0; padding: 2px 0; clear: both; display: list-item; float: none; position: static;\"><b>Sezon:<\/b> Zimowe<\/li>\n<li style=\"margin: 5px 0; padding: 2px 0; clear: both; display: list-item; float: none; position: static;\"><b>Rok produkcji:<\/b> nie starsze ni\u017c 36 miesi\u0119cy<\/li>\n<li style=\"margin: 5px 0; padding: 2px 0; clear: both; display: list-item; float: none; position: static;\"><b>Przeznaczenie:<\/b> Osobowe<\/li>\n<li style=\"margin: 5px 0; padding: 2px 0; clear: both; display: list-item; float: none; position: static;\"><b>Kl. przycz. na mokrej naw.:<\/b>\u00a0C<\/li>\n<li style=\"margin: 5px 0; padding: 2px 0; clear: both; display: list-item; float: none; position: static;\"><b>Kl. efekt. paliwowej:\u00a0<\/b>E<\/li>\n<\/ul>\n<\/div>\n<\/div>\n<\/div>\n<div style=\"clear: both; display: block; margin: 10px 0;\">\n<div style=\"clear: both; display: block; margin: 10px 0;\">\n<div style=\"clear: both; display: block; margin: 10px 0;\">\n<div  style=\"max-width:1024px;max-height:529px\">\n<div style=\"clear: both; display: block; margin: 10px 0;\">\n<div style=\"clear: both; width: 100%; display: block; margin: 20px 0; padding: 0; float: none; position: static; text-align: center;\"><img decoding=\"async\"  src=\"https:\/\/a.allegroimg.com\/original\/11f61f\/908731dd4cfab4c48d3fd111de66\/4x-NEXEN-WINGUARD-SPORT-XL-205-40R17-84-V-Liczba-opon-w-ofercie-Komplet-4-szt\" srcset=\"https:\/\/a.allegroimg.com\/original\/11f61f\/908731dd4cfab4c48d3fd111de66\/4x-NEXEN-WINGUARD-SPORT-XL-205-40R17-84-V-Liczba-opon-w-ofercie-Komplet-4-szt 360w,https:\/\/a.allegroimg.com\/original\/11f61f\/908731dd4cfab4c48d3fd111de66\/4x-NEXEN-WINGUARD-SPORT-XL-205-40R17-84-V-Liczba-opon-w-ofercie-Komplet-4-szt 720w,https:\/\/a.allegroimg.com\/original\/11f61f\/908731dd4cfab4c48d3fd111de66\/4x-NEXEN-WINGUARD-SPORT-XL-205-40R17-84-V-Liczba-opon-w-ofercie-Komplet-4-szt 1024w,https:\/\/a.allegroimg.com\/original\/11f61f\/908731dd4cfab4c48d3fd111de66\/4x-NEXEN-WINGUARD-SPORT-XL-205-40R17-84-V-Liczba-opon-w-ofercie-Komplet-4-szt 1024w\" sizes=\"100vw\" width=\"1024px\" alt=\"4x NEXEN WINGUARD SPORT XL 205\/40R17 84 V Liczba opon w ofercie Komplet 4 szt.\"\/ style=\"max-width: 100%; height: auto; display: block; margin: 0 auto;\"><\/div>\n<\/div>\n<\/div>\n<\/div>\n<\/div>\n<\/div>\n<div style=\"clear: both; display: block; margin: 10px 0;\">\n<div style=\"clear: both; display: block; margin: 10px 0;\">\n<div style=\"clear: both; display: block; margin: 10px 0;\">\n<p style=\"margin: 15px 0; line-height: 1.8; clear: both; display: block; width: 100%; float: none; position: static;\">Firma Nexen zosta\u0142a za\u0142o\u017cona w 1942 roku jako Heung-A Tire Co. By\u0142a pierwsz\u0105 firm\u0105 produkuj\u0105c\u0105 opony do pojazd\u00f3w w Korei od 1956 roku. Od tego czasu sta\u0142a si\u0119 jedn\u0105 z wiod\u0105cych marek w krajowym przemy\u015ble oponiarskim i osi\u0105gn\u0119\u0142a godne uwagi sukcesy, takie jak opracowanie pierwszej korea\u0144skiej opony kierunkowej serii 60 z bie\u017cnikiem w kszta\u0142cie litery V.<\/p>\n<p style=\"margin: 15px 0; line-height: 1.8; clear: both; display: block; width: 100%; float: none; position: static;\">Nazw\u0119 zmieniona w 2000 r. na NEXEN TIRE w celu poprawy wizerunku firmy. NEXEN TIRE osi\u0105ga niezwyk\u0142e rezultaty w testach dzi\u0119ki czemu odnotowuje wzrosty kt\u00f3re plasuj\u0105 sp\u00f3\u0142k\u0119 w czo\u0142\u00f3wce \u015bwiatowego przemys\u0142u oponiarskiego.<\/p>\n<p style=\"margin: 15px 0; line-height: 1.8; clear: both; display: block; width: 100%; float: none; position: static;\">Technologie opracowane na przestrzeni lat spowodowa\u0142y, \u017ce opony Nexen eksploatowane s\u0105 w ponad 140 krajach na kilku kontynentach. Koncern kontynuuje swoje badania, kt\u00f3rych celem jest stworzenie opon odpowiadaj\u0105cych na stale zmieniaj\u0105ce si\u0119 potrzeby kierowc\u00f3w.<\/p>\n<p style=\"margin: 15px 0; line-height: 1.8; clear: both; display: block; width: 100%; float: none; position: static;\">Firma produkuje opony klasy \u015bredniej, kt\u00f3re s\u0105 idealnym kompromisem mi\u0119dzy cen\u0105, a \u015bwietnymi rezultatami w testach gwarantuj\u0105c bezpiecze\u0144stwo i pewno\u015b\u0107 prowadzenia w ka\u017cdych warunkach.<\/p>\n<\/div>\n<\/div>\n<\/div>\n<div style=\"clear: both; display: block; margin: 10px 0;\">\n<div style=\"clear: both; display: block; margin: 10px 0;\">\n<div style=\"clear: both; display: block; margin: 10px 0;\">\n<div  style=\"max-width:1200px;max-height:1758px\">\n<div style=\"clear: both; display: block; margin: 10px 0;\">\n<div style=\"clear: both; width: 100%; display: block; margin: 20px 0; padding: 0; float: none; position: static; text-align: center;\"><img decoding=\"async\"  src=\"https:\/\/a.allegroimg.com\/original\/110c7a\/b0333ce84456bfc47c5be6f821ee\/4x-NEXEN-WINGUARD-SPORT-XL-205-40R17-84-V-Marka-Nexen\" srcset=\"https:\/\/a.allegroimg.com\/original\/110c7a\/b0333ce84456bfc47c5be6f821ee\/4x-NEXEN-WINGUARD-SPORT-XL-205-40R17-84-V-Marka-Nexen 245w,https:\/\/a.allegroimg.com\/original\/110c7a\/b0333ce84456bfc47c5be6f821ee\/4x-NEXEN-WINGUARD-SPORT-XL-205-40R17-84-V-Marka-Nexen 491w,https:\/\/a.allegroimg.com\/original\/110c7a\/b0333ce84456bfc47c5be6f821ee\/4x-NEXEN-WINGUARD-SPORT-XL-205-40R17-84-V-Marka-Nexen 698w,https:\/\/a.allegroimg.com\/original\/110c7a\/b0333ce84456bfc47c5be6f821ee\/4x-NEXEN-WINGUARD-SPORT-XL-205-40R17-84-V-Marka-Nexen 982w,https:\/\/a.allegroimg.com\/original\/110c7a\/b0333ce84456bfc47c5be6f821ee\/4x-NEXEN-WINGUARD-SPORT-XL-205-40R17-84-V-Marka-Nexen 1200w\" sizes=\"(min-width: 1200px) 560px, (min-width: 992px) 50vw, 100vw\" width=\"1200px\" alt=\"4x NEXEN WINGUARD SPORT XL 205\/40R17 84 V Marka Nexen\"\/ style=\"max-width: 100%; height: auto; display: block; margin: 0 auto;\"><\/div>\n<\/div>\n<\/div>\n<\/div>\n<\/div>\n<div style=\"clear: both; display: block; margin: 10px 0;\">\n<div style=\"clear: both; display: block; margin: 10px 0;\">\n<p style=\"margin: 15px 0; line-height: 1.8; clear: both; display: block; width: 100%; float: none; position: static;\">Dlaczego warto kupowa\u0107 u Nas ?<\/p>\n<p style=\"margin: 15px 0; line-height: 1.8; clear: both; display: block; width: 100%; float: none; position: static;\">Jeste\u015bmy firm\u0105, kt\u00f3ra na podstawie wieloletniego do\u015bwiadczenia z zaanga\u017cowaniem pomaga klientom w doborze oraz kupnie opon.<\/p>\n<p style=\"margin: 15px 0; line-height: 1.8; clear: both; display: block; width: 100%; float: none; position: static;\">Posiadamy szerok\u0105 game opon do aut osobowych, dostawczych, cie\u017carowych, motocyki jak i opon przemys\u0142owych.<\/p>\n<p style=\"margin: 15px 0; line-height: 1.8; clear: both; display: block; width: 100%; float: none; position: static;\">Gwarancja satysfakcjii oraz bezpiecznie przejechanych kilometr\u00f3w.<\/p>\n<p style=\"margin: 15px 0; line-height: 1.8; clear: both; display: block; width: 100%; float: none; position: static;\">Zosta\u0144 naszym kolejnym zadowolonym klientem.<\/p>\n<p style=\"margin: 15px 0; line-height: 1.8; clear: both; display: block; width: 100%; float: none; position: static;\">ZAPRASZAMY DO ZAKUP\u00d3W.<\/p>\n<\/div>\n<\/div>\n<\/div>\n<\/div>\n<\/div>\n<\/div>\n<div style=\"clear: both; display: block; margin: 10px 0;\">\n","protected":false},"excerpt":{"rendered":"<p>4x NEXEN WINGUARD SPORT XL 205\/40R17 84 V<\/p>\n<p>Zimowe opony NEXEN WINGUARD SPORT XL 205\/40 R17 84 V<\/p>\n<p>Opony NEXEN WINGUARD SPORT XL to znacz\u0105cy model w portfolio producenta.\u00a0<\/p>\n<p>Opony klasy \u015bredniej cechuj\u0105 si\u0119 najbardziej optymalnymi parametrami jezdnymi przy zachowaniu dobrej ceny.<\/p>\n<p>Stan:\u00a0Nowy<\/p>\n<p>EAN:\u00a08807622023408<\/p>\n<p>Producent: NEXEN<\/p>\n<p>Model: WINGUARD SPORT XL<\/p>\n","protected":false},"featured_media":12462,"template":"","meta":{"_uag_custom_page_level_css":""},"product_brand":[392],"product_cat":[414,413,412,415],"product_tag":[],"class_list":{"0":"post-12461","1":"product","2":"type-product","3":"status-publish","4":"has-post-thumbnail","6":"product_brand-nexen","7":"product_cat-do-samochodow-osobowych-i-suv","8":"product_cat-opony","9":"product_cat-opony-i-felgi","10":"product_cat-zimowe","12":"first","13":"instock","14":"shipping-taxable","15":"purchasable","16":"product-type-simple"},"uagb_featured_image_src":{"full":["https:\/\/oponixo.shop\/tire\/wp-content\/uploads\/2026\/01\/allegro-image-12461.jpg",920,1120,false],"thumbnail":["https:\/\/oponixo.shop\/tire\/wp-content\/uploads\/2026\/01\/allegro-image-12461-150x150.jpg",150,150,true],"medium":["https:\/\/oponixo.shop\/tire\/wp-content\/uploads\/2026\/01\/allegro-image-12461-246x300.jpg",246,300,true],"medium_large":["https:\/\/oponixo.shop\/tire\/wp-content\/uploads\/2026\/01\/allegro-image-12461-768x935.jpg",768,935,true],"large":["https:\/\/oponixo.shop\/tire\/wp-content\/uploads\/2026\/01\/allegro-image-12461-841x1024.jpg",841,1024,true],"1536x1536":["https:\/\/oponixo.shop\/tire\/wp-content\/uploads\/2026\/01\/allegro-image-12461.jpg",920,1120,false],"2048x2048":["https:\/\/oponixo.shop\/tire\/wp-content\/uploads\/2026\/01\/allegro-image-12461.jpg",920,1120,false],"woocommerce_thumbnail":["https:\/\/oponixo.shop\/tire\/wp-content\/uploads\/2026\/01\/allegro-image-12461-300x300.jpg",300,300,true],"woocommerce_single":["https:\/\/oponixo.shop\/tire\/wp-content\/uploads\/2026\/01\/allegro-image-12461-600x730.jpg",600,730,true],"woocommerce_gallery_thumbnail":["https:\/\/oponixo.shop\/tire\/wp-content\/uploads\/2026\/01\/allegro-image-12461-100x100.jpg",100,100,true]},"uagb_author_info":{"display_name":"admin","author_link":"https:\/\/oponixo.shop\/tire\/author\/"},"uagb_comment_info":0,"uagb_excerpt":"4x NEXEN WINGUARD SPORT XL 205\/40R17 84 V Zimowe opony NEXEN WINGUARD SPORT XL 205\/40 R17 84 V Opony NEXEN WINGUARD SPORT XL to znacz\u0105cy model w portfolio producenta.\u00a0 Opony klasy \u015bredniej cechuj\u0105 si\u0119 najbardziej optymalnymi parametrami jezdnymi przy zachowaniu dobrej ceny. Stan:\u00a0Nowy EAN:\u00a08807622023408 Producent: NEXEN Model: WINGUARD SPORT XL","_links":{"self":[{"href":"https:\/\/oponixo.shop\/tire\/wp-json\/wp\/v2\/product\/12461","targetHints":{"allow":["GET"]}}],"collection":[{"href":"https:\/\/oponixo.shop\/tire\/wp-json\/wp\/v2\/product"}],"about":[{"href":"https:\/\/oponixo.shop\/tire\/wp-json\/wp\/v2\/types\/product"}],"wp:featuredmedia":[{"embeddable":true,"href":"https:\/\/oponixo.shop\/tire\/wp-json\/wp\/v2\/media\/12462"}],"wp:attachment":[{"href":"https:\/\/oponixo.shop\/tire\/wp-json\/wp\/v2\/media?parent=12461"}],"wp:term":[{"taxonomy":"product_brand","embeddable":true,"href":"https:\/\/oponixo.shop\/tire\/wp-json\/wp\/v2\/product_brand?post=12461"},{"taxonomy":"product_cat","embeddable":true,"href":"https:\/\/oponixo.shop\/tire\/wp-json\/wp\/v2\/product_cat?post=12461"},{"taxonomy":"product_tag","embeddable":true,"href":"https:\/\/oponixo.shop\/tire\/wp-json\/wp\/v2\/product_tag?post=12461"}],"curies":[{"name":"wp","href":"https:\/\/api.w.org\/{rel}","templated":true}]}}