{"id":12478,"date":"2026-01-03T21:48:21","date_gmt":"2026-01-03T20:48:21","guid":{"rendered":"https:\/\/oponyexpert.shop\/xef5\/produkt\/goodride-z507-245-45r19-275-40r19-r19-zima-zimowe-bmw\/"},"modified":"2026-01-03T21:48:23","modified_gmt":"2026-01-03T20:48:23","slug":"goodride-z507-245-45r19-275-40r19-r19-zima-zimowe-bmw","status":"publish","type":"product","link":"https:\/\/oponixo.shop\/tire\/produkt\/goodride-z507-245-45r19-275-40r19-r19-zima-zimowe-bmw\/","title":{"rendered":"GOODRIDE Z507 245\/45R19 + 275\/40R19 R19 Zima Zimowe BMW"},"content":{"rendered":"<div style=\"font-family: Arial, sans-serif; line-height: 1.6; color: #333; padding: 20px; clear: both; display: block; width: 100%; float: none; position: static; overflow: hidden;\">\n<div style=\"clear: both; display: block; margin: 10px 0;\">\n<div style=\"clear: both; display: block; margin: 10px 0;\">\n<div style=\"clear: both; display: block; margin: 10px 0;\">\n<p style=\"margin: 15px 0; line-height: 1.8; clear: both; display: block; width: 100%; float: none; position: static;\"><b>Goodride Zuper Snow Z-507&nbsp;<\/b>&#8211; Opony zimowe<\/p>\n<h3 style=\"color: #2c5aa0; font-size: 18px; margin: 30px 0 15px 0; font-weight: bold; clear: both; display: block; width: 100%; float: none; position: static;\">zestaw:<\/h3>\n<h3 style=\"color: #2c5aa0; font-size: 18px; margin: 30px 0 15px 0; font-weight: bold; clear: both; display: block; width: 100%; float: none; position: static;\">2x 245\/45 R19 102V XL<\/h3>\n<h3 style=\"color: #2c5aa0; font-size: 18px; margin: 30px 0 15px 0; font-weight: bold; clear: both; display: block; width: 100%; float: none; position: static;\">+<\/h3>\n<h3 style=\"color: #2c5aa0; font-size: 18px; margin: 30px 0 15px 0; font-weight: bold; clear: both; display: block; width: 100%; float: none; position: static;\">2x 275\/40 R19 105V XL<\/h3>\n<h3 style=\"color: #2c5aa0; font-size: 18px; margin: 30px 0 15px 0; font-weight: bold; clear: both; display: block; width: 100%; float: none; position: static;\">Nie nale\u017cy stosowa\u0107 opon w samochodach z nap\u0119dem Xdrive i 4Matic od 2018 roku produkcji<\/h3>\n<ul style=\"margin: 15px 0; padding-left: 20px; clear: both; display: block; width: 100%; float: none; position: static;\">\n<li style=\"margin: 5px 0; padding: 2px 0; clear: both; display: list-item; float: none; position: static;\">Opony fabrycznie nowe<\/li>\n<\/ul>\n<ul style=\"margin: 15px 0; padding-left: 20px; clear: both; display: block; width: 100%; float: none; position: static;\">\n<li style=\"margin: 5px 0; padding: 2px 0; clear: both; display: list-item; float: none; position: static;\"><b>Czas realizacji zam\u00f3wienia od 2 do 3 dni roboczych przy zam\u00f3wieniach z\u0142o\u017conych do godziny 11:00 ka\u017cdego dnia roboczego <\/b><b>(od Poniedzia\u0142ku do Pi\u0105tku)<\/b><\/li>\n<\/ul>\n<ul style=\"margin: 15px 0; padding-left: 20px; clear: both; display: block; width: 100%; float: none; position: static;\">\n<li style=\"margin: 5px 0; padding: 2px 0; clear: both; display: list-item; float: none; position: static;\"><b>Rok produkcji opon &#8211; 2023<\/b><\/li>\n<\/ul>\n<ul style=\"margin: 15px 0; padding-left: 20px; clear: both; display: block; width: 100%; float: none; position: static;\">\n<li style=\"margin: 5px 0; padding: 2px 0; clear: both; display: list-item; float: none; position: static;\">Opony z rantem ochronnym na felg\u0119<\/li>\n<\/ul>\n<ul style=\"margin: 15px 0; padding-left: 20px; clear: both; display: block; width: 100%; float: none; position: static;\">\n<li style=\"margin: 5px 0; padding: 2px 0; clear: both; display: list-item; float: none; position: static;\">Do ka\u017cdego zam\u00f3wienia do\u0142\u0105czamy dokument sprzeda\u017cy<\/li>\n<\/ul>\n<\/div>\n<\/div>\n<div style=\"clear: both; display: block; margin: 10px 0;\">\n<div style=\"clear: both; display: block; margin: 10px 0;\">\n<div  style=\"max-width:2560px;max-height:1920px\">\n<div style=\"clear: both; display: block; margin: 10px 0;\">\n<div style=\"clear: both; width: 100%; display: block; margin: 20px 0; padding: 0; float: none; position: static; text-align: center;\"><img decoding=\"async\"  src=\"https:\/\/a.allegroimg.com\/original\/11b5ec\/86ec298e4f659de6c6f453d3746c\/GOODRIDE-Z507-245-45R19-275-40R19-R19-Zima-Zimowe-BMW-Marka-Goodride\" srcset=\"https:\/\/a.allegroimg.com\/original\/11b5ec\/86ec298e4f659de6c6f453d3746c\/GOODRIDE-Z507-245-45R19-275-40R19-R19-Zima-Zimowe-BMW-Marka-Goodride 360w,https:\/\/a.allegroimg.com\/original\/11b5ec\/86ec298e4f659de6c6f453d3746c\/GOODRIDE-Z507-245-45R19-275-40R19-R19-Zima-Zimowe-BMW-Marka-Goodride 720w,https:\/\/a.allegroimg.com\/original\/11b5ec\/86ec298e4f659de6c6f453d3746c\/GOODRIDE-Z507-245-45R19-275-40R19-R19-Zima-Zimowe-BMW-Marka-Goodride 1024w,https:\/\/a.allegroimg.com\/original\/11b5ec\/86ec298e4f659de6c6f453d3746c\/GOODRIDE-Z507-245-45R19-275-40R19-R19-Zima-Zimowe-BMW-Marka-Goodride 1440w,https:\/\/a.allegroimg.com\/original\/11b5ec\/86ec298e4f659de6c6f453d3746c\/GOODRIDE-Z507-245-45R19-275-40R19-R19-Zima-Zimowe-BMW-Marka-Goodride 2560w\" sizes=\"(min-width: 1200px) 560px, (min-width: 992px) 50vw, 100vw\" width=\"2560px\" alt=\"GOODRIDE Z507 245\/45R19 + 275\/40R19 R19 Zima Zimowe BMW Marka Goodride\"\/ style=\"max-width: 100%; height: auto; display: block; margin: 0 auto;\"><\/div>\n<\/div>\n<\/div>\n<\/div>\n<\/div>\n<\/div>\n<\/div>\n<\/div>\n<\/div>\n<div style=\"clear: both; display: block; margin: 10px 0;\">\n","protected":false},"excerpt":{"rendered":"<p>Goodride Zuper Snow Z-507&nbsp;&#8211; Opony zimowe<\/p>\n<p>zestaw:<\/p>\n<p>2x 245\/45 R19 102V XL<\/p>\n<p>+<\/p>\n<p>2x 275\/40 R19 105V XL<\/p>\n<p>Nie nale\u017cy stosowa\u0107 opon w samochodach z nap\u0119dem Xdrive i 4Matic od 2018 roku produkcji<\/p>\n<p>Opony fabrycznie nowe<\/p>\n<p>Czas realizacji zam\u00f3wienia od 2 do 3 dni roboczych przy zam\u00f3wieniach z\u0142o\u017conych do godziny 11:00 ka\u017cdego dnia roboczego (od Poniedzia\u0142ku do Pi\u0105tku)<\/p>\n","protected":false},"featured_media":12479,"template":"","meta":{"_uag_custom_page_level_css":""},"product_brand":[379],"product_cat":[414,413,412,415],"product_tag":[],"class_list":{"0":"post-12478","1":"product","2":"type-product","3":"status-publish","4":"has-post-thumbnail","6":"product_brand-goodride","7":"product_cat-do-samochodow-osobowych-i-suv","8":"product_cat-opony","9":"product_cat-opony-i-felgi","10":"product_cat-zimowe","12":"first","13":"instock","14":"shipping-taxable","15":"purchasable","16":"product-type-simple"},"uagb_featured_image_src":{"full":["https:\/\/oponixo.shop\/tire\/wp-content\/uploads\/2026\/01\/allegro-image-12478.jpg",2058,2552,false],"thumbnail":["https:\/\/oponixo.shop\/tire\/wp-content\/uploads\/2026\/01\/allegro-image-12478-150x150.jpg",150,150,true],"medium":["https:\/\/oponixo.shop\/tire\/wp-content\/uploads\/2026\/01\/allegro-image-12478-242x300.jpg",242,300,true],"medium_large":["https:\/\/oponixo.shop\/tire\/wp-content\/uploads\/2026\/01\/allegro-image-12478-768x952.jpg",768,952,true],"large":["https:\/\/oponixo.shop\/tire\/wp-content\/uploads\/2026\/01\/allegro-image-12478-826x1024.jpg",826,1024,true],"1536x1536":["https:\/\/oponixo.shop\/tire\/wp-content\/uploads\/2026\/01\/allegro-image-12478-1239x1536.jpg",1239,1536,true],"2048x2048":["https:\/\/oponixo.shop\/tire\/wp-content\/uploads\/2026\/01\/allegro-image-12478-1652x2048.jpg",1652,2048,true],"woocommerce_thumbnail":["https:\/\/oponixo.shop\/tire\/wp-content\/uploads\/2026\/01\/allegro-image-12478-300x300.jpg",300,300,true],"woocommerce_single":["https:\/\/oponixo.shop\/tire\/wp-content\/uploads\/2026\/01\/allegro-image-12478-600x744.jpg",600,744,true],"woocommerce_gallery_thumbnail":["https:\/\/oponixo.shop\/tire\/wp-content\/uploads\/2026\/01\/allegro-image-12478-100x100.jpg",100,100,true]},"uagb_author_info":{"display_name":"admin","author_link":"https:\/\/oponixo.shop\/tire\/author\/"},"uagb_comment_info":0,"uagb_excerpt":"Goodride Zuper Snow Z-507&nbsp;- Opony zimowe zestaw: 2x 245\/45 R19 102V XL + 2x 275\/40 R19 105V XL Nie nale\u017cy stosowa\u0107 opon w samochodach z nap\u0119dem Xdrive i 4Matic od 2018 roku produkcji Opony fabrycznie nowe Czas realizacji zam\u00f3wienia od 2 do 3 dni roboczych przy zam\u00f3wieniach z\u0142o\u017conych do godziny 11:00 ka\u017cdego dnia roboczego (od&hellip;","_links":{"self":[{"href":"https:\/\/oponixo.shop\/tire\/wp-json\/wp\/v2\/product\/12478","targetHints":{"allow":["GET"]}}],"collection":[{"href":"https:\/\/oponixo.shop\/tire\/wp-json\/wp\/v2\/product"}],"about":[{"href":"https:\/\/oponixo.shop\/tire\/wp-json\/wp\/v2\/types\/product"}],"wp:featuredmedia":[{"embeddable":true,"href":"https:\/\/oponixo.shop\/tire\/wp-json\/wp\/v2\/media\/12479"}],"wp:attachment":[{"href":"https:\/\/oponixo.shop\/tire\/wp-json\/wp\/v2\/media?parent=12478"}],"wp:term":[{"taxonomy":"product_brand","embeddable":true,"href":"https:\/\/oponixo.shop\/tire\/wp-json\/wp\/v2\/product_brand?post=12478"},{"taxonomy":"product_cat","embeddable":true,"href":"https:\/\/oponixo.shop\/tire\/wp-json\/wp\/v2\/product_cat?post=12478"},{"taxonomy":"product_tag","embeddable":true,"href":"https:\/\/oponixo.shop\/tire\/wp-json\/wp\/v2\/product_tag?post=12478"}],"curies":[{"name":"wp","href":"https:\/\/api.w.org\/{rel}","templated":true}]}}