{"id":12488,"date":"2026-01-03T21:48:25","date_gmt":"2026-01-03T20:48:25","guid":{"rendered":"https:\/\/oponyexpert.shop\/xef5\/produkt\/2x-michelin-crossclimate-3-sport-275-40r19-105y-xl-fr-2024-r\/"},"modified":"2026-01-03T21:48:26","modified_gmt":"2026-01-03T20:48:26","slug":"2x-michelin-crossclimate-3-sport-275-40r19-105y-xl-fr-2024-r","status":"publish","type":"product","link":"https:\/\/oponixo.shop\/tire\/produkt\/2x-michelin-crossclimate-3-sport-275-40r19-105y-xl-fr-2024-r\/","title":{"rendered":"2x MICHELIN CrossClimate 3 Sport 275\/40R19 105Y XL FR 2024 r"},"content":{"rendered":"<div style=\"font-family: Arial, sans-serif; line-height: 1.6; color: #333; padding: 20px; clear: both; display: block; width: 100%; float: none; position: static; overflow: hidden;\">\n<div style=\"clear: both; display: block; margin: 10px 0;\">\n<div style=\"clear: both; display: block; margin: 10px 0;\">\n<div style=\"clear: both; display: block; margin: 10px 0;\">\n<div  style=\"max-width:1200px;max-height:1126px\">\n<div style=\"clear: both; display: block; margin: 10px 0;\">\n<div style=\"clear: both; width: 100%; display: block; margin: 20px 0; padding: 0; float: none; position: static; text-align: center;\"><img decoding=\"async\"  src=\"https:\/\/a.allegroimg.com\/original\/119307\/22f8b4f346b29a0dc8d62350749f\/2x-MICHELIN-CrossClimate-3-Sport-275-40R19-105Y-XL-FR-2024-r\" srcset=\"https:\/\/a.allegroimg.com\/original\/119307\/22f8b4f346b29a0dc8d62350749f\/2x-MICHELIN-CrossClimate-3-Sport-275-40R19-105Y-XL-FR-2024-r 360w,https:\/\/a.allegroimg.com\/original\/119307\/22f8b4f346b29a0dc8d62350749f\/2x-MICHELIN-CrossClimate-3-Sport-275-40R19-105Y-XL-FR-2024-r 720w,https:\/\/a.allegroimg.com\/original\/119307\/22f8b4f346b29a0dc8d62350749f\/2x-MICHELIN-CrossClimate-3-Sport-275-40R19-105Y-XL-FR-2024-r 1024w,https:\/\/a.allegroimg.com\/original\/119307\/22f8b4f346b29a0dc8d62350749f\/2x-MICHELIN-CrossClimate-3-Sport-275-40R19-105Y-XL-FR-2024-r 1200w,https:\/\/a.allegroimg.com\/original\/119307\/22f8b4f346b29a0dc8d62350749f\/2x-MICHELIN-CrossClimate-3-Sport-275-40R19-105Y-XL-FR-2024-r 1200w\" sizes=\"(min-width: 1200px) 560px, (min-width: 992px) 50vw, 100vw\" width=\"1200px\" alt=\"2x MICHELIN CrossClimate 3 Sport 275\/40R19 105Y XL FR 2024 r\"\/ style=\"max-width: 100%; height: auto; display: block; margin: 0 auto;\"><\/div>\n<\/div>\n<\/div>\n<\/div>\n<\/div>\n<div style=\"clear: both; display: block; margin: 10px 0;\">\n<div style=\"clear: both; display: block; margin: 10px 0;\">\n<h1>MICHELIN CrossClimate 3 Sport 275\/40R19 105Y XL FR<\/h1>\n<h2>H15OST<\/h2>\n<\/div>\n<\/div>\n<\/div>\n<div style=\"clear: both; display: block; margin: 10px 0;\">\n<div style=\"clear: both; display: block; margin: 10px 0;\">\n<div style=\"clear: both; display: block; margin: 10px 0;\">\n<ul style=\"margin: 15px 0; padding-left: 20px; clear: both; display: block; width: 100%; float: none; position: static;\">\n<li style=\"margin: 5px 0; padding: 2px 0; clear: both; display: list-item; float: none; position: static;\"><b>Indeks :<\/b> 275\/40R19 COMI 105Y CC3S<\/li>\n<li style=\"margin: 5px 0; padding: 2px 0; clear: both; display: list-item; float: none; position: static;\"><b>Kod producenta :<\/b> 458728<\/li>\n<li style=\"margin: 5px 0; padding: 2px 0; clear: both; display: list-item; float: none; position: static;\"><b>Opory toczenia :<\/b> B<\/li>\n<li style=\"margin: 5px 0; padding: 2px 0; clear: both; display: list-item; float: none; position: static;\"><b>Karta informacyjna produktu :<\/b> https:\/\/eprel.ec.europa.eu\/qr\/2296667<\/li>\n<li style=\"margin: 5px 0; padding: 2px 0; clear: both; display: list-item; float: none; position: static;\"><b>Bie\u017cnik :<\/b> CrossClimate 3 Sport<\/li>\n<li style=\"margin: 5px 0; padding: 2px 0; clear: both; display: list-item; float: none; position: static;\"><b>Ha\u0142as zewn\u0119trzny [dB] :<\/b> 72<\/li>\n<li style=\"margin: 5px 0; padding: 2px 0; clear: both; display: list-item; float: none; position: static;\"><b>Rozmiar :<\/b> 275\/40R19<\/li>\n<li style=\"margin: 5px 0; padding: 2px 0; clear: both; display: list-item; float: none; position: static;\"><b>Indeks pr\u0119dko\u015bci :<\/b> Y &#8211; &lt;300 km\/h<\/li>\n<li style=\"margin: 5px 0; padding: 2px 0; clear: both; display: list-item; float: none; position: static;\"><b>D\u0119tka :<\/b> TL<\/li>\n<li style=\"margin: 5px 0; padding: 2px 0; clear: both; display: list-item; float: none; position: static;\"><b>Marka :<\/b> MICHELIN<\/li>\n<li style=\"margin: 5px 0; padding: 2px 0; clear: both; display: list-item; float: none; position: static;\"><b>Szeroko\u015b\u0107 :<\/b> 275<\/li>\n<li style=\"margin: 5px 0; padding: 2px 0; clear: both; display: list-item; float: none; position: static;\"><b>\u015arednica :<\/b> 19<\/li>\n<li style=\"margin: 5px 0; padding: 2px 0; clear: both; display: list-item; float: none; position: static;\"><b>Opona wzmocniona :<\/b> 1<\/li>\n<li style=\"margin: 5px 0; padding: 2px 0; clear: both; display: list-item; float: none; position: static;\"><b>Typ rantu ochronnego :<\/b> FR<\/li>\n<li style=\"margin: 5px 0; padding: 2px 0; clear: both; display: list-item; float: none; position: static;\"><b>Klasa opony :<\/b> C1<\/li>\n<li style=\"margin: 5px 0; padding: 2px 0; clear: both; display: list-item; float: none; position: static;\"><b>Indeks no\u015bno\u015bci :<\/b> 105 = 925 kg<\/li>\n<li style=\"margin: 5px 0; padding: 2px 0; clear: both; display: list-item; float: none; position: static;\"><b>Kl. zew. ha\u0142asu tocz. :<\/b> B<\/li>\n<li style=\"margin: 5px 0; padding: 2px 0; clear: both; display: list-item; float: none; position: static;\"><b>Przyczepno\u015b\u0107 na mokrej nawierzchni :<\/b> A<\/li>\n<li style=\"margin: 5px 0; padding: 2px 0; clear: both; display: list-item; float: none; position: static;\"><b>Przyczepno\u015b\u0107 na \u015bniegu :<\/b> 1<\/li>\n<li style=\"margin: 5px 0; padding: 2px 0; clear: both; display: list-item; float: none; position: static;\"><b>Oznaczenie M+S :<\/b> M+S, 3PMSF<\/li>\n<li style=\"margin: 5px 0; padding: 2px 0; clear: both; display: list-item; float: none; position: static;\"><b>Kod EAN :<\/b> 3528704587285<\/li>\n<li style=\"margin: 5px 0; padding: 2px 0; clear: both; display: list-item; float: none; position: static;\"><b>Typ wzmocnienia :<\/b> XL<\/li>\n<li style=\"margin: 5px 0; padding: 2px 0; clear: both; display: list-item; float: none; position: static;\"><b>Profil :<\/b> 40<\/li>\n<li style=\"margin: 5px 0; padding: 2px 0; clear: both; display: list-item; float: none; position: static;\"><b>Klasa :<\/b> Premium<\/li>\n<li style=\"margin: 5px 0; padding: 2px 0; clear: both; display: list-item; float: none; position: static;\"><b>Przeznaczenie :<\/b> Opony osobowe, SUV\/4&#215;4<\/li>\n<li style=\"margin: 5px 0; padding: 2px 0; clear: both; display: list-item; float: none; position: static;\"><b>Typ opony :<\/b> Opona osobowa<\/li>\n<li style=\"margin: 5px 0; padding: 2px 0; clear: both; display: list-item; float: none; position: static;\"><b>Rant ochronny :<\/b> 1<\/li>\n<li style=\"margin: 5px 0; padding: 2px 0; clear: both; display: list-item; float: none; position: static;\"><b>Dedykowana o\u015b :<\/b> Prz\u00f3d\/Ty\u0142<\/li>\n<li style=\"margin: 5px 0; padding: 2px 0; clear: both; display: list-item; float: none; position: static;\"><b>Sezon :<\/b> Ca\u0142oroczna<\/li>\n<li style=\"margin: 5px 0; padding: 2px 0; clear: both; display: list-item; float: none; position: static;\"><b>Typ (konstrukcja) :<\/b> [R]-Radialna<\/li>\n<\/ul>\n<\/div>\n<\/div>\n<\/div>\n<div style=\"clear: both; display: block; margin: 10px 0;\">\n<div style=\"clear: both; display: block; margin: 10px 0;\">\n<div style=\"clear: both; display: block; margin: 10px 0;\">\n<div  style=\"max-width:2204px;max-height:1173px\">\n<div style=\"clear: both; display: block; margin: 10px 0;\">\n<div style=\"clear: both; width: 100%; display: block; margin: 20px 0; padding: 0; float: none; position: static; text-align: center;\"><img decoding=\"async\"  src=\"https:\/\/a.allegroimg.com\/original\/1117ca\/8bd9cd69481a8c4400808b75f474\/2x-MICHELIN-CrossClimate-3-Sport-275-40R19-105Y-XL-FR-2024-r-Marka-Michelin\" srcset=\"https:\/\/a.allegroimg.com\/original\/1117ca\/8bd9cd69481a8c4400808b75f474\/2x-MICHELIN-CrossClimate-3-Sport-275-40R19-105Y-XL-FR-2024-r-Marka-Michelin 360w,https:\/\/a.allegroimg.com\/original\/1117ca\/8bd9cd69481a8c4400808b75f474\/2x-MICHELIN-CrossClimate-3-Sport-275-40R19-105Y-XL-FR-2024-r-Marka-Michelin 720w,https:\/\/a.allegroimg.com\/original\/1117ca\/8bd9cd69481a8c4400808b75f474\/2x-MICHELIN-CrossClimate-3-Sport-275-40R19-105Y-XL-FR-2024-r-Marka-Michelin 1024w,https:\/\/a.allegroimg.com\/original\/1117ca\/8bd9cd69481a8c4400808b75f474\/2x-MICHELIN-CrossClimate-3-Sport-275-40R19-105Y-XL-FR-2024-r-Marka-Michelin 1440w,https:\/\/a.allegroimg.com\/original\/1117ca\/8bd9cd69481a8c4400808b75f474\/2x-MICHELIN-CrossClimate-3-Sport-275-40R19-105Y-XL-FR-2024-r-Marka-Michelin 2204w\" sizes=\"(min-width: 1200px) 560px, (min-width: 992px) 50vw, 100vw\" width=\"2204px\" alt=\"2x MICHELIN CrossClimate 3 Sport 275\/40R19 105Y XL FR 2024 r Marka Michelin\"\/ style=\"max-width: 100%; height: auto; display: block; margin: 0 auto;\"><\/div>\n<\/div>\n<\/div>\n<\/div>\n<\/div>\n<div style=\"clear: both; display: block; margin: 10px 0;\">\n<div style=\"clear: both; display: block; margin: 10px 0;\">\n<h1>Michelin<\/h1>\n<p style=\"margin: 15px 0; line-height: 1.8; clear: both; display: block; width: 100%; float: none; position: static;\">Aby zapewni\u0107 jak najwi\u0119ksze bezpiecze\u0144stwo prowadzenia pojazd\u00f3w i osi\u0105gi opon, firma Michelin zaleca stosowanie opon samochodowych o jednakowym stopniu zu\u017cycia na jednej osi.<\/p>\n<p>Grupa Michelin jest liderem technologicznym \u015bwiatowej bran\u017cy opon. Firma produkuje, sprzedaje i promuje produkty, us\u0142ugi oraz serwisy w dziedzinie mobilno\u015bci. Michelin to producent opon do samochod\u00f3w osobowych, ci\u0119\u017carowych, sprz\u0119tu rolniczego i budowlanego, samolot\u00f3w, motocykli i rower\u00f3w, a tak\u017ce przewodnik\u00f3w, map, atlas\u00f3w i us\u0142ug digitalowych  <\/p>\n<p>Siedzib\u0105 Grupy jest Clermont-Ferrand we Francji. Firma zatrudnia na \u015bwiecie ponad 123,600 tys. os\u00f3b i jest obecna w 170 krajach. Michelin ma 71 zak\u0142ad\u00f3w produkcyjnych, kt\u00f3re w 2020 r. \u0142\u0105cznie wyprodukowa\u0142y oko\u0142o 170 mln opon. W Polsce Grupa Michelin ma fabryk\u0119 opon w Olsztynie oraz Dyrekcj\u0119 Handlow\u0105 w Warszawie.<\/p>\n<\/div>\n<\/div>\n<\/div>\n<\/div>\n<\/div>\n<\/div>\n<div style=\"clear: both; display: block; margin: 10px 0;\">\n","protected":false},"excerpt":{"rendered":"<p>MICHELIN CrossClimate 3 Sport 275\/40R19 105Y XL FR<\/p>\n<p>H15OST<\/p>\n<p>Indeks : 275\/40R19 COMI 105Y CC3S<\/p>\n<p>Kod producenta : 458728<\/p>\n<p>Opory toczenia : B<\/p>\n<p>Karta informacyjna produktu : https:\/\/eprel.ec.europa.eu\/qr\/2296667<\/p>\n<p>Bie\u017cnik : CrossClimate 3 Sport<\/p>\n<p>Ha\u0142as zewn\u0119trzny [dB] : 72<\/p>\n","protected":false},"featured_media":12489,"template":"","meta":{"_uag_custom_page_level_css":""},"product_brand":[429],"product_cat":[416,414,413,412],"product_tag":[],"class_list":{"0":"post-12488","1":"product","2":"type-product","3":"status-publish","4":"has-post-thumbnail","6":"product_brand-michelin","7":"product_cat-caloroczne","8":"product_cat-do-samochodow-osobowych-i-suv","9":"product_cat-opony","10":"product_cat-opony-i-felgi","12":"first","13":"instock","14":"shipping-taxable","15":"purchasable","16":"product-type-simple"},"uagb_featured_image_src":{"full":["https:\/\/oponixo.shop\/tire\/wp-content\/uploads\/2026\/01\/allegro-image-12488.jpg",1200,1126,false],"thumbnail":["https:\/\/oponixo.shop\/tire\/wp-content\/uploads\/2026\/01\/allegro-image-12488-150x150.jpg",150,150,true],"medium":["https:\/\/oponixo.shop\/tire\/wp-content\/uploads\/2026\/01\/allegro-image-12488-300x282.jpg",300,282,true],"medium_large":["https:\/\/oponixo.shop\/tire\/wp-content\/uploads\/2026\/01\/allegro-image-12488-768x721.jpg",768,721,true],"large":["https:\/\/oponixo.shop\/tire\/wp-content\/uploads\/2026\/01\/allegro-image-12488-1024x961.jpg",1024,961,true],"1536x1536":["https:\/\/oponixo.shop\/tire\/wp-content\/uploads\/2026\/01\/allegro-image-12488.jpg",1200,1126,false],"2048x2048":["https:\/\/oponixo.shop\/tire\/wp-content\/uploads\/2026\/01\/allegro-image-12488.jpg",1200,1126,false],"woocommerce_thumbnail":["https:\/\/oponixo.shop\/tire\/wp-content\/uploads\/2026\/01\/allegro-image-12488-300x300.jpg",300,300,true],"woocommerce_single":["https:\/\/oponixo.shop\/tire\/wp-content\/uploads\/2026\/01\/allegro-image-12488-600x563.jpg",600,563,true],"woocommerce_gallery_thumbnail":["https:\/\/oponixo.shop\/tire\/wp-content\/uploads\/2026\/01\/allegro-image-12488-100x100.jpg",100,100,true]},"uagb_author_info":{"display_name":"admin","author_link":"https:\/\/oponixo.shop\/tire\/author\/"},"uagb_comment_info":0,"uagb_excerpt":"MICHELIN CrossClimate 3 Sport 275\/40R19 105Y XL FR H15OST Indeks : 275\/40R19 COMI 105Y CC3S Kod producenta : 458728 Opory toczenia : B Karta informacyjna produktu : https:\/\/eprel.ec.europa.eu\/qr\/2296667 Bie\u017cnik : CrossClimate 3 Sport Ha\u0142as zewn\u0119trzny [dB] : 72","_links":{"self":[{"href":"https:\/\/oponixo.shop\/tire\/wp-json\/wp\/v2\/product\/12488","targetHints":{"allow":["GET"]}}],"collection":[{"href":"https:\/\/oponixo.shop\/tire\/wp-json\/wp\/v2\/product"}],"about":[{"href":"https:\/\/oponixo.shop\/tire\/wp-json\/wp\/v2\/types\/product"}],"wp:featuredmedia":[{"embeddable":true,"href":"https:\/\/oponixo.shop\/tire\/wp-json\/wp\/v2\/media\/12489"}],"wp:attachment":[{"href":"https:\/\/oponixo.shop\/tire\/wp-json\/wp\/v2\/media?parent=12488"}],"wp:term":[{"taxonomy":"product_brand","embeddable":true,"href":"https:\/\/oponixo.shop\/tire\/wp-json\/wp\/v2\/product_brand?post=12488"},{"taxonomy":"product_cat","embeddable":true,"href":"https:\/\/oponixo.shop\/tire\/wp-json\/wp\/v2\/product_cat?post=12488"},{"taxonomy":"product_tag","embeddable":true,"href":"https:\/\/oponixo.shop\/tire\/wp-json\/wp\/v2\/product_tag?post=12488"}],"curies":[{"name":"wp","href":"https:\/\/api.w.org\/{rel}","templated":true}]}}