{"id":12496,"date":"2026-01-03T21:48:28","date_gmt":"2026-01-03T20:48:28","guid":{"rendered":"https:\/\/oponyexpert.shop\/xef5\/produkt\/2x-opony-caloroczne-275-40r19-105y-xl-w-control-a005e-bridgestone-2021\/"},"modified":"2026-01-03T21:48:30","modified_gmt":"2026-01-03T20:48:30","slug":"2x-opony-caloroczne-275-40r19-105y-xl-w-control-a005e-bridgestone-2021","status":"publish","type":"product","link":"https:\/\/oponixo.shop\/tire\/produkt\/2x-opony-caloroczne-275-40r19-105y-xl-w-control-a005e-bridgestone-2021\/","title":{"rendered":"2x Opony ca\u0142oroczne 275\/40R19 105Y XL W.Control A005E BRIDGESTONE 2021"},"content":{"rendered":"<div style=\"font-family: Arial, sans-serif; line-height: 1.6; color: #333; padding: 20px; clear: both; display: block; width: 100%; float: none; position: static; overflow: hidden;\">\n<div style=\"clear: both; display: block; margin: 10px 0;\">\n<div style=\"clear: both; display: block; margin: 10px 0;\">\n<div style=\"clear: both; display: block; margin: 10px 0;\">\n<h1>2x Opony ca\u0142oroczne 275\/40R19 105Y XL W.Control A005E BRIDGESTONE 2021<\/h1>\n<\/div>\n<\/div>\n<\/div>\n<div style=\"clear: both; display: block; margin: 10px 0;\">\n<div style=\"clear: both; display: block; margin: 10px 0;\">\n<div style=\"clear: both; display: block; margin: 10px 0;\">\n<div  style=\"max-width:1440px;max-height:100px\">\n<div style=\"clear: both; display: block; margin: 10px 0;\">\n<div style=\"clear: both; width: 100%; display: block; margin: 20px 0; padding: 0; float: none; position: static; text-align: center;\"><img decoding=\"async\"  src=\"https:\/\/a.allegroimg.com\/original\/11e31e\/51304fd847d08e8bd19b69bfb349\/2x-Opony-caloroczne-275-40R19-105Y-XL-W-Control-A005E-BRIDGESTONE-2021-Profil-opony-40\" srcset=\"https:\/\/a.allegroimg.com\/original\/11e31e\/51304fd847d08e8bd19b69bfb349\/2x-Opony-caloroczne-275-40R19-105Y-XL-W-Control-A005E-BRIDGESTONE-2021-Profil-opony-40 360w,https:\/\/a.allegroimg.com\/original\/11e31e\/51304fd847d08e8bd19b69bfb349\/2x-Opony-caloroczne-275-40R19-105Y-XL-W-Control-A005E-BRIDGESTONE-2021-Profil-opony-40 720w,https:\/\/a.allegroimg.com\/original\/11e31e\/51304fd847d08e8bd19b69bfb349\/2x-Opony-caloroczne-275-40R19-105Y-XL-W-Control-A005E-BRIDGESTONE-2021-Profil-opony-40 1024w,https:\/\/a.allegroimg.com\/original\/11e31e\/51304fd847d08e8bd19b69bfb349\/2x-Opony-caloroczne-275-40R19-105Y-XL-W-Control-A005E-BRIDGESTONE-2021-Profil-opony-40 1440w,https:\/\/a.allegroimg.com\/original\/11e31e\/51304fd847d08e8bd19b69bfb349\/2x-Opony-caloroczne-275-40R19-105Y-XL-W-Control-A005E-BRIDGESTONE-2021-Profil-opony-40 1440w\" sizes=\"100vw\" width=\"1440px\" alt=\"2x Opony ca\u0142oroczne 275\/40R19 105Y XL W.Control A005E BRIDGESTONE 2021 Profil opony 40\"\/ style=\"max-width: 100%; height: auto; display: block; margin: 0 auto;\"><\/div>\n<\/div>\n<\/div>\n<\/div>\n<\/div>\n<\/div>\n<div style=\"clear: both; display: block; margin: 10px 0;\">\n<div style=\"clear: both; display: block; margin: 10px 0;\">\n<div style=\"clear: both; display: block; margin: 10px 0;\">\n<div  style=\"max-width:1633px;max-height:2560px\">\n<div style=\"clear: both; display: block; margin: 10px 0;\">\n<div style=\"clear: both; width: 100%; display: block; margin: 20px 0; padding: 0; float: none; position: static; text-align: center;\"><img decoding=\"async\"  src=\"https:\/\/a.allegroimg.com\/original\/11540d\/c512b63f417581e2238bbf876b52\/2x-Opony-caloroczne-275-40R19-105Y-XL-W-Control-A005E-BRIDGESTONE-2021-Liczba-opon-w-ofercie-2-szt\" srcset=\"https:\/\/a.allegroimg.com\/original\/11540d\/c512b63f417581e2238bbf876b52\/2x-Opony-caloroczne-275-40R19-105Y-XL-W-Control-A005E-BRIDGESTONE-2021-Liczba-opon-w-ofercie-2-szt 229w,https:\/\/a.allegroimg.com\/original\/11540d\/c512b63f417581e2238bbf876b52\/2x-Opony-caloroczne-275-40R19-105Y-XL-W-Control-A005E-BRIDGESTONE-2021-Liczba-opon-w-ofercie-2-szt 459w,https:\/\/a.allegroimg.com\/original\/11540d\/c512b63f417581e2238bbf876b52\/2x-Opony-caloroczne-275-40R19-105Y-XL-W-Control-A005E-BRIDGESTONE-2021-Liczba-opon-w-ofercie-2-szt 653w,https:\/\/a.allegroimg.com\/original\/11540d\/c512b63f417581e2238bbf876b52\/2x-Opony-caloroczne-275-40R19-105Y-XL-W-Control-A005E-BRIDGESTONE-2021-Liczba-opon-w-ofercie-2-szt 918w,https:\/\/a.allegroimg.com\/original\/11540d\/c512b63f417581e2238bbf876b52\/2x-Opony-caloroczne-275-40R19-105Y-XL-W-Control-A005E-BRIDGESTONE-2021-Liczba-opon-w-ofercie-2-szt 1633w\" sizes=\"(min-width: 1200px) 560px, (min-width: 992px) 50vw, 100vw\" width=\"1633px\" alt=\"2x Opony ca\u0142oroczne 275\/40R19 105Y XL W.Control A005E BRIDGESTONE 2021 Liczba opon w ofercie 2 szt.\"\/ style=\"max-width: 100%; height: auto; display: block; margin: 0 auto;\"><\/div>\n<\/div>\n<\/div>\n<\/div>\n<\/div>\n<div style=\"clear: both; display: block; margin: 10px 0;\">\n<div style=\"clear: both; display: block; margin: 10px 0;\">\n<h1>BRIDGESTONE Weather Control A005 EVO 275\/40R19<\/h1>\n<h3 style=\"color: #2c5aa0; font-size: 18px; margin: 30px 0 15px 0; font-weight: bold; clear: both; display: block; width: 100%; float: none; position: static;\">Dane podstawowe<\/h3>\n<p style=\"margin: 15px 0; line-height: 1.8; clear: both; display: block; width: 100%; float: none; position: static;\"><b>Stan:<\/b> Opony fabrycznie nowe<\/p>\n<p style=\"margin: 15px 0; line-height: 1.8; clear: both; display: block; width: 100%; float: none; position: static;\"><b>Producent:<\/b> BRIDGESTONE<\/p>\n<p style=\"margin: 15px 0; line-height: 1.8; clear: both; display: block; width: 100%; float: none; position: static;\"><b>Model:<\/b> Weather Control A005 EVO<\/p>\n<p style=\"margin: 15px 0; line-height: 1.8; clear: both; display: block; width: 100%; float: none; position: static;\"><b>Klasa opon:<\/b> Premium<\/p>\n<p style=\"margin: 15px 0; line-height: 1.8; clear: both; display: block; width: 100%; float: none; position: static;\"><b>Sezon:<\/b> Opony ca\u0142oroczne<\/p>\n<p style=\"margin: 15px 0; line-height: 1.8; clear: both; display: block; width: 100%; float: none; position: static;\"><b>Szeroko\u015b\u0107:<\/b> 275<\/p>\n<p style=\"margin: 15px 0; line-height: 1.8; clear: both; display: block; width: 100%; float: none; position: static;\"><b>Profil:<\/b> 40<\/p>\n<p style=\"margin: 15px 0; line-height: 1.8; clear: both; display: block; width: 100%; float: none; position: static;\"><b>\u015arednica:<\/b> 19<\/p>\n<p style=\"margin: 15px 0; line-height: 1.8; clear: both; display: block; width: 100%; float: none; position: static;\"><b>Indeks pr\u0119dko\u015bci:<\/b> Y &#8211; do 300 km\/h<\/p>\n<p style=\"margin: 15px 0; line-height: 1.8; clear: both; display: block; width: 100%; float: none; position: static;\"><b>Indeks no\u015bno\u015bci:<\/b> 105 &#8211; 925 kg na opon\u0119<\/p>\n<p style=\"margin: 15px 0; line-height: 1.8; clear: both; display: block; width: 100%; float: none; position: static;\"><b>Rok produkcji:<\/b> 2021<\/p>\n<\/div>\n<\/div>\n<\/div>\n<div style=\"clear: both; display: block; margin: 10px 0;\">\n<div style=\"clear: both; display: block; margin: 10px 0;\">\n<div style=\"clear: both; display: block; margin: 10px 0;\">\n<div  style=\"max-width:2560px;max-height:2560px\">\n<div style=\"clear: both; display: block; margin: 10px 0;\">\n<div style=\"clear: both; width: 100%; display: block; margin: 20px 0; padding: 0; float: none; position: static; text-align: center;\"><img decoding=\"async\"  src=\"https:\/\/a.allegroimg.com\/original\/11c811\/54649b25455f839ec3bf020d2323\/2x-Opony-caloroczne-275-40R19-105Y-XL-W-Control-A005E-BRIDGESTONE-2021-Rok-produkcji-2021\" srcset=\"https:\/\/a.allegroimg.com\/original\/11c811\/54649b25455f839ec3bf020d2323\/2x-Opony-caloroczne-275-40R19-105Y-XL-W-Control-A005E-BRIDGESTONE-2021-Rok-produkcji-2021 360w,https:\/\/a.allegroimg.com\/original\/11c811\/54649b25455f839ec3bf020d2323\/2x-Opony-caloroczne-275-40R19-105Y-XL-W-Control-A005E-BRIDGESTONE-2021-Rok-produkcji-2021 720w,https:\/\/a.allegroimg.com\/original\/11c811\/54649b25455f839ec3bf020d2323\/2x-Opony-caloroczne-275-40R19-105Y-XL-W-Control-A005E-BRIDGESTONE-2021-Rok-produkcji-2021 1024w,https:\/\/a.allegroimg.com\/original\/11c811\/54649b25455f839ec3bf020d2323\/2x-Opony-caloroczne-275-40R19-105Y-XL-W-Control-A005E-BRIDGESTONE-2021-Rok-produkcji-2021 1440w,https:\/\/a.allegroimg.com\/original\/11c811\/54649b25455f839ec3bf020d2323\/2x-Opony-caloroczne-275-40R19-105Y-XL-W-Control-A005E-BRIDGESTONE-2021-Rok-produkcji-2021 2560w\" sizes=\"(min-width: 1200px) 560px, (min-width: 992px) 50vw, 100vw\" width=\"2560px\" alt=\"2x Opony ca\u0142oroczne 275\/40R19 105Y XL W.Control A005E BRIDGESTONE 2021 Rok produkcji 2021\"\/ style=\"max-width: 100%; height: auto; display: block; margin: 0 auto;\"><\/div>\n<\/div>\n<\/div>\n<\/div>\n<\/div>\n<div style=\"clear: both; display: block; margin: 10px 0;\">\n<div style=\"clear: both; display: block; margin: 10px 0;\">\n<h3 style=\"color: #2c5aa0; font-size: 18px; margin: 30px 0 15px 0; font-weight: bold; clear: both; display: block; width: 100%; float: none; position: static;\">Informacje szczeg\u00f3\u0142owe<\/h3>\n<p style=\"margin: 15px 0; line-height: 1.8; clear: both; display: block; width: 100%; float: none; position: static;\"><b>Op\u00f3r toczenia: <\/b>Klasa C<\/p>\n<p style=\"margin: 15px 0; line-height: 1.8; clear: both; display: block; width: 100%; float: none; position: static;\"><b>Przyczepno\u015b\u0107 na mokrej nawierzchni: <\/b>Klasa A<\/p>\n<p style=\"margin: 15px 0; line-height: 1.8; clear: both; display: block; width: 100%; float: none; position: static;\"><b>Poziom ha\u0142asu zewn\u0119trznego: <\/b>Klasa B<\/p>\n<p style=\"margin: 15px 0; line-height: 1.8; clear: both; display: block; width: 100%; float: none; position: static;\"><b>Ha\u0142as zewn\u0119trzny: <\/b>72 dB<\/p>\n<p style=\"margin: 15px 0; line-height: 1.8; clear: both; display: block; width: 100%; float: none; position: static;\"><b>Opona posiada rant ochronny: <\/b>Tak<\/p>\n<p style=\"margin: 15px 0; line-height: 1.8; clear: both; display: block; width: 100%; float: none; position: static;\"><b>Opona o podwy\u017cszonym wska\u017aniku no\u015bno\u015bci: <\/b>XL<\/p>\n<p style=\"margin: 15px 0; line-height: 1.8; clear: both; display: block; width: 100%; float: none; position: static;\"><b>Przeznaczenie: <\/b>Opona do samochod\u00f3w osobowych, SUV oraz z nap\u0119dem 4&#215;4<\/p>\n<p style=\"margin: 15px 0; line-height: 1.8; clear: both; display: block; width: 100%; float: none; position: static;\"><b>Kod producenta: <\/b>19456<\/p>\n<p style=\"margin: 15px 0; line-height: 1.8; clear: both; display: block; width: 100%; float: none; position: static;\"><b>Kod QR: <\/b>eprel.ec.europa.eu\/qr\/381095<\/p>\n<p style=\"margin: 15px 0; line-height: 1.8; clear: both; display: block; width: 100%; float: none; position: static;\"><b>Waga opony: <\/b>12.93 kg<\/p>\n<\/div>\n<\/div>\n<\/div>\n<div style=\"clear: both; display: block; margin: 10px 0;\">\n<div style=\"clear: both; display: block; margin: 10px 0;\">\n<div style=\"clear: both; display: block; margin: 10px 0;\">\n<p style=\"margin: 15px 0; line-height: 1.8; clear: both; display: block; width: 100%; float: none; position: static;\">*Zdj\u0119cia przedstawione w ofercie maj\u0105 <b>charakter pogl\u0105dowy<\/b>. Rzeczywisty wygl\u0105d mo\u017ce r\u00f3\u017cni\u0107 si\u0119 od prezentowanego w zale\u017cno\u015bci od rozmiaru produktu.<\/p>\n<\/div>\n<\/div>\n<\/div>\n<div style=\"clear: both; display: block; margin: 10px 0;\">\n<div style=\"clear: both; display: block; margin: 10px 0;\">\n<div style=\"clear: both; display: block; margin: 10px 0;\">\n<h1>Weather Control A005<\/h1>\n<h2>Bridgestone Weather Control A005 radzi sobie z ca\u0142orocznymi warunkami pogodowymi, zapewniaj\u0105c najlepsz\u0105 kontrol\u0119 na mokrej nawierzchni.<\/h2>\n<h3 style=\"color: #2c5aa0; font-size: 18px; margin: 30px 0 15px 0; font-weight: bold; clear: both; display: block; width: 100%; float: none; position: static;\">NAJWYZ?SZY W KLASIE WSKAZ?NIK PRZYCZEPNOS?CI NA MOKREJ NAWIERZCHNI<\/h3>\n<p style=\"margin: 15px 0; line-height: 1.8; clear: both; display: block; width: 100%; float: none; position: static;\">Du\u017ca liczba blok\u00f3w i rowk\u00f3w barkowych. Nowa mieszanka NanoPro-Tech? z du\u017c\u0105 zawarto\u015bci\u0105 krzemionki.<\/p>\n<h3 style=\"color: #2c5aa0; font-size: 18px; margin: 30px 0 15px 0; font-weight: bold; clear: both; display: block; width: 100%; float: none; position: static;\">CERTYFIKOWANE W\u0141A\u015aCIWO\u015aCI W WARUNKACH ZIMOWYCH<\/h3>\n<p style=\"margin: 15px 0; line-height: 1.8; clear: both; display: block; width: 100%; float: none; position: static;\">Wz\u00f3r bie\u017cnika w kszta\u0142cie litery ?V?. Innowacyjne lamele w kszta\u0142cie litery ?Z?, zwi\u0119kszaj\u0105cy przyczepno\u015b\u0107 w zakr\u0119tach.<\/p>\n<h3 style=\"color: #2c5aa0; font-size: 18px; margin: 30px 0 15px 0; font-weight: bold; clear: both; display: block; width: 100%; float: none; position: static;\">DOSKONA\u0141A ODPORNO\u015a\u0106 NA ZU\u017bYCIE<\/h3>\n<p style=\"margin: 15px 0; line-height: 1.8; clear: both; display: block; width: 100%; float: none; position: static;\">Ten sam potencjalny przebieg co naszych opon letnich klasy premium<\/p>\n<\/div>\n<\/div>\n<\/div>\n<div style=\"clear: both; display: block; margin: 10px 0;\">\n<div style=\"clear: both; display: block; margin: 10px 0;\">\n<div style=\"clear: both; display: block; margin: 10px 0;\">\n<div  style=\"max-width:1000px;max-height:300px\">\n<div style=\"clear: both; display: block; margin: 10px 0;\">\n<div style=\"clear: both; width: 100%; display: block; margin: 20px 0; padding: 0; float: none; position: static; text-align: center;\"><img decoding=\"async\"  src=\"https:\/\/a.allegroimg.com\/original\/1113d0\/e07ce2ad4fd5bbb4759ad70ef5dd\/2x-Opony-caloroczne-275-40R19-105Y-XL-W-Control-A005E-BRIDGESTONE-2021-Kod-producenta-19456\" srcset=\"https:\/\/a.allegroimg.com\/original\/1113d0\/e07ce2ad4fd5bbb4759ad70ef5dd\/2x-Opony-caloroczne-275-40R19-105Y-XL-W-Control-A005E-BRIDGESTONE-2021-Kod-producenta-19456 360w,https:\/\/a.allegroimg.com\/original\/1113d0\/e07ce2ad4fd5bbb4759ad70ef5dd\/2x-Opony-caloroczne-275-40R19-105Y-XL-W-Control-A005E-BRIDGESTONE-2021-Kod-producenta-19456 720w,https:\/\/a.allegroimg.com\/original\/1113d0\/e07ce2ad4fd5bbb4759ad70ef5dd\/2x-Opony-caloroczne-275-40R19-105Y-XL-W-Control-A005E-BRIDGESTONE-2021-Kod-producenta-19456 1000w,https:\/\/a.allegroimg.com\/original\/1113d0\/e07ce2ad4fd5bbb4759ad70ef5dd\/2x-Opony-caloroczne-275-40R19-105Y-XL-W-Control-A005E-BRIDGESTONE-2021-Kod-producenta-19456 1000w\" sizes=\"100vw\" width=\"1000px\" alt=\"2x Opony ca\u0142oroczne 275\/40R19 105Y XL W.Control A005E BRIDGESTONE 2021 Kod producenta 19456\"\/ style=\"max-width: 100%; height: auto; display: block; margin: 0 auto;\"><\/div>\n<\/div>\n<\/div>\n<\/div>\n<\/div>\n<\/div>\n<div style=\"clear: both; display: block; margin: 10px 0;\">\n<div style=\"clear: both; display: block; margin: 10px 0;\">\n<div style=\"clear: both; display: block; margin: 10px 0;\">\n<h1>O producencie opon Bridgestone<\/h1>\n<p style=\"margin: 15px 0; line-height: 1.8; clear: both; display: block; width: 100%; float: none; position: static;\">Bridgestone, za\u0142o\u017cony w 1931 roku w Japonii przez Shojiro Ishibashiego, jest nie tylko jednym z najbardziej szanowanych producent\u00f3w opon na \u015bwiecie, ale tak\u017ce liderem rynku pod wzgl\u0119dem sprzeda\u017cy. Nazwa &#8222;Bridgestone&#8221; pochodzi od przek\u0142adu angielskiego nazwiska za\u0142o\u017cyciela &#8211; Ishibashi, co dos\u0142ownie oznacza &#8222;kamie\u0144 mostu&#8221;. To symboliczne odniesienie do misji firmy, kt\u00f3ra ma na celu \u0142\u0105czenie ludzi, technologii i innowacji, by zapewni\u0107 bezpiecze\u0144stwo i komfort podr\u00f3\u017cowania.<\/p>\n<p style=\"margin: 15px 0; line-height: 1.8; clear: both; display: block; width: 100%; float: none; position: static;\">Wyb\u00f3r opon Bridgestone to decyzja zaufania do firmy, kt\u00f3ra jest uznawana za najwi\u0119kszego producenta opon na \u015bwiecie. To tak\u017ce wyb\u00f3r marki, kt\u00f3ra od dziesi\u0119cioleci wyznacza standardy w bran\u017cy, wprowadzaj\u0105c innowacyjne rozwi\u0105zania i promuj\u0105c zr\u00f3wnowa\u017cony rozw\u00f3j.<\/p>\n<\/div>\n<\/div>\n<\/div>\n<div style=\"clear: both; display: block; margin: 10px 0;\">\n<div style=\"clear: both; display: block; margin: 10px 0;\">\n<div style=\"clear: both; display: block; margin: 10px 0;\">\n<div  style=\"max-width:886px;max-height:1299px\">\n<div style=\"clear: both; display: block; margin: 10px 0;\">\n<div style=\"clear: both; width: 100%; display: block; margin: 20px 0; padding: 0; float: none; position: static; text-align: center;\"><img decoding=\"async\"  src=\"https:\/\/a.allegroimg.com\/original\/11ffe9\/b95dd0714b57b30aa30dbff0acef\/2x-Opony-caloroczne-275-40R19-105Y-XL-W-Control-A005E-BRIDGESTONE-2021-Szerokosc-opony-275-mm\" srcset=\"https:\/\/a.allegroimg.com\/original\/11ffe9\/b95dd0714b57b30aa30dbff0acef\/2x-Opony-caloroczne-275-40R19-105Y-XL-W-Control-A005E-BRIDGESTONE-2021-Szerokosc-opony-275-mm 245w,https:\/\/a.allegroimg.com\/original\/11ffe9\/b95dd0714b57b30aa30dbff0acef\/2x-Opony-caloroczne-275-40R19-105Y-XL-W-Control-A005E-BRIDGESTONE-2021-Szerokosc-opony-275-mm 491w,https:\/\/a.allegroimg.com\/original\/11ffe9\/b95dd0714b57b30aa30dbff0acef\/2x-Opony-caloroczne-275-40R19-105Y-XL-W-Control-A005E-BRIDGESTONE-2021-Szerokosc-opony-275-mm 698w,https:\/\/a.allegroimg.com\/original\/11ffe9\/b95dd0714b57b30aa30dbff0acef\/2x-Opony-caloroczne-275-40R19-105Y-XL-W-Control-A005E-BRIDGESTONE-2021-Szerokosc-opony-275-mm 886w,https:\/\/a.allegroimg.com\/original\/11ffe9\/b95dd0714b57b30aa30dbff0acef\/2x-Opony-caloroczne-275-40R19-105Y-XL-W-Control-A005E-BRIDGESTONE-2021-Szerokosc-opony-275-mm 886w\" sizes=\"(min-width: 1200px) 560px, (min-width: 992px) 50vw, 100vw\" width=\"886px\" alt=\"2x Opony ca\u0142oroczne 275\/40R19 105Y XL W.Control A005E BRIDGESTONE 2021 Szeroko\u015b\u0107 opony 275 mm\"\/ style=\"max-width: 100%; height: auto; display: block; margin: 0 auto;\"><\/div>\n<\/div>\n<\/div>\n<\/div>\n<\/div>\n<div style=\"clear: both; display: block; margin: 10px 0;\">\n<div style=\"clear: both; display: block; margin: 10px 0;\">\n<p style=\"margin: 15px 0; line-height: 1.8; clear: both; display: block; width: 100%; float: none; position: static;\"><b>Etykiety Unijne na oponach<\/b> pomagaj\u0105 konsumentom w podj\u0119ciu \u015bwiadomej decyzji o zakupie.<\/p>\n<p style=\"margin: 15px 0; line-height: 1.8; clear: both; display: block; width: 100%; float: none; position: static;\"><b>Op\u00f3r toczenia<\/b> w oponie jest wska\u017anikiem jej efektywno\u015bci energetycznej, co ma wp\u0142yw na zu\u017cycie paliwa oraz emisj\u0119 spalin. Klasa oporu toczenia waha si\u0119 od A (najwydajniejsza) do E (najni\u017csza).<\/p>\n<p style=\"margin: 15px 0; line-height: 1.8; clear: both; display: block; width: 100%; float: none; position: static;\"><b>Droga hamowania na mokrej nawierzchni<\/b> zale\u017cy od zdolno\u015bci opony do trzymania si\u0119 drogi na mokrej nawierzchni. Klasa A okre\u015bla najkr\u00f3tsz\u0105 drog\u0119, za\u015b E najd\u0142u\u017csz\u0105. Opona z etykiet\u0105 E hamuje 18 metr\u00f3w dalej w por\u00f3wnaniu z opon\u0105 z etykiet\u0105 A (procedura testowa, w kt\u00f3rej mierzy si\u0119 drog\u0119 hamowania od 80 km\/h do 5 km\/h na drodze pokrytej wod\u0105).<\/p>\n<p style=\"margin: 15px 0; line-height: 1.8; clear: both; display: block; width: 100%; float: none; position: static;\"><b>Ha\u0142as zewn\u0119trzny<\/b> odnosi si\u0119 do ha\u0142asu wytwarzanego przez opon\u0119 podczas przejazdu samochodu i jest mierzony w dB (decybelach). Ha\u0142as opon mierzony jest na zewn\u0105trz pojazdu co ma za zadanie ograniczy\u0107 negatywny wp\u0142yw na otoczenie.<\/p>\n<\/div>\n<\/div>\n<\/div>\n<\/div>\n<\/div>\n<\/div>\n<div style=\"clear: both; display: block; margin: 10px 0;\">\n","protected":false},"excerpt":{"rendered":"<p>2x Opony ca\u0142oroczne 275\/40R19 105Y XL W.Control A005E BRIDGESTONE 2021<\/p>\n<p>BRIDGESTONE Weather Control A005 EVO 275\/40R19<\/p>\n<p>Dane podstawowe<\/p>\n<p>Stan: Opony fabrycznie nowe<\/p>\n<p>Producent: BRIDGESTONE<\/p>\n<p>Model: Weather Control A005 EVO<\/p>\n<p>Klasa opon: Premium<\/p>\n<p>Sezon: Opony ca\u0142oroczne<\/p>\n","protected":false},"featured_media":12497,"template":"","meta":{"_uag_custom_page_level_css":""},"product_brand":[397],"product_cat":[416,414,413,412],"product_tag":[],"class_list":{"0":"post-12496","1":"product","2":"type-product","3":"status-publish","4":"has-post-thumbnail","6":"product_brand-bridgestone","7":"product_cat-caloroczne","8":"product_cat-do-samochodow-osobowych-i-suv","9":"product_cat-opony","10":"product_cat-opony-i-felgi","12":"first","13":"instock","14":"shipping-taxable","15":"purchasable","16":"product-type-simple"},"uagb_featured_image_src":{"full":["https:\/\/oponixo.shop\/tire\/wp-content\/uploads\/2026\/01\/allegro-image-12496.jpg",2560,2560,false],"thumbnail":["https:\/\/oponixo.shop\/tire\/wp-content\/uploads\/2026\/01\/allegro-image-12496-150x150.jpg",150,150,true],"medium":["https:\/\/oponixo.shop\/tire\/wp-content\/uploads\/2026\/01\/allegro-image-12496-300x300.jpg",300,300,true],"medium_large":["https:\/\/oponixo.shop\/tire\/wp-content\/uploads\/2026\/01\/allegro-image-12496-768x768.jpg",768,768,true],"large":["https:\/\/oponixo.shop\/tire\/wp-content\/uploads\/2026\/01\/allegro-image-12496-1024x1024.jpg",1024,1024,true],"1536x1536":["https:\/\/oponixo.shop\/tire\/wp-content\/uploads\/2026\/01\/allegro-image-12496-1536x1536.jpg",1536,1536,true],"2048x2048":["https:\/\/oponixo.shop\/tire\/wp-content\/uploads\/2026\/01\/allegro-image-12496-2048x2048.jpg",2048,2048,true],"woocommerce_thumbnail":["https:\/\/oponixo.shop\/tire\/wp-content\/uploads\/2026\/01\/allegro-image-12496-300x300.jpg",300,300,true],"woocommerce_single":["https:\/\/oponixo.shop\/tire\/wp-content\/uploads\/2026\/01\/allegro-image-12496-600x600.jpg",600,600,true],"woocommerce_gallery_thumbnail":["https:\/\/oponixo.shop\/tire\/wp-content\/uploads\/2026\/01\/allegro-image-12496-100x100.jpg",100,100,true]},"uagb_author_info":{"display_name":"admin","author_link":"https:\/\/oponixo.shop\/tire\/author\/"},"uagb_comment_info":0,"uagb_excerpt":"2x Opony ca\u0142oroczne 275\/40R19 105Y XL W.Control A005E BRIDGESTONE 2021 BRIDGESTONE Weather Control A005 EVO 275\/40R19 Dane podstawowe Stan: Opony fabrycznie nowe Producent: BRIDGESTONE Model: Weather Control A005 EVO Klasa opon: Premium Sezon: Opony ca\u0142oroczne","_links":{"self":[{"href":"https:\/\/oponixo.shop\/tire\/wp-json\/wp\/v2\/product\/12496","targetHints":{"allow":["GET"]}}],"collection":[{"href":"https:\/\/oponixo.shop\/tire\/wp-json\/wp\/v2\/product"}],"about":[{"href":"https:\/\/oponixo.shop\/tire\/wp-json\/wp\/v2\/types\/product"}],"wp:featuredmedia":[{"embeddable":true,"href":"https:\/\/oponixo.shop\/tire\/wp-json\/wp\/v2\/media\/12497"}],"wp:attachment":[{"href":"https:\/\/oponixo.shop\/tire\/wp-json\/wp\/v2\/media?parent=12496"}],"wp:term":[{"taxonomy":"product_brand","embeddable":true,"href":"https:\/\/oponixo.shop\/tire\/wp-json\/wp\/v2\/product_brand?post=12496"},{"taxonomy":"product_cat","embeddable":true,"href":"https:\/\/oponixo.shop\/tire\/wp-json\/wp\/v2\/product_cat?post=12496"},{"taxonomy":"product_tag","embeddable":true,"href":"https:\/\/oponixo.shop\/tire\/wp-json\/wp\/v2\/product_tag?post=12496"}],"curies":[{"name":"wp","href":"https:\/\/api.w.org\/{rel}","templated":true}]}}