{"id":12504,"date":"2026-01-03T21:48:31","date_gmt":"2026-01-03T20:48:31","guid":{"rendered":"https:\/\/oponyexpert.shop\/xef5\/produkt\/2x-pirelli-scorpion-winter-275-45r19-108v-xl-z391a\/"},"modified":"2026-01-03T21:48:32","modified_gmt":"2026-01-03T20:48:32","slug":"2x-pirelli-scorpion-winter-275-45r19-108v-xl-z391a","status":"publish","type":"product","link":"https:\/\/oponixo.shop\/tire\/produkt\/2x-pirelli-scorpion-winter-275-45r19-108v-xl-z391a\/","title":{"rendered":"2x Pirelli Scorpion Winter 275\/45R19 108V XL Z391A"},"content":{"rendered":"<div style=\"font-family: Arial, sans-serif; line-height: 1.6; color: #333; padding: 20px; clear: both; display: block; width: 100%; float: none; position: static; overflow: hidden;\">\n<div style=\"clear: both; display: block; margin: 10px 0;\">\n<div style=\"clear: both; display: block; margin: 10px 0;\">\n<div style=\"clear: both; display: block; margin: 10px 0;\">\n<h1>Opona zimowa Pirelli Scorpion Winter 275\/45R19 108 V<\/h1>\n<p style=\"margin: 15px 0; line-height: 1.8; clear: both; display: block; width: 100%; float: none; position: static;\">Cechy produktu:<\/p>\n<ul style=\"margin: 15px 0; padding-left: 20px; clear: both; display: block; width: 100%; float: none; position: static;\">\n<li style=\"margin: 5px 0; padding: 2px 0; clear: both; display: list-item; float: none; position: static;\">sezon: <b>zimowe<\/b><\/li>\n<li style=\"margin: 5px 0; padding: 2px 0; clear: both; display: list-item; float: none; position: static;\">szeroko\u015b\u0107\/profil\/\u015brednica: <b>275\/45R19<\/b><\/li>\n<li style=\"margin: 5px 0; padding: 2px 0; clear: both; display: list-item; float: none; position: static;\">indeks pr\u0119dko\u015bci: <b>V do 240 km\/h<\/b><\/li>\n<li style=\"margin: 5px 0; padding: 2px 0; clear: both; display: list-item; float: none; position: static;\">indeks no\u015bno\u015bci: <b>108 &#8211; 1000 kg<\/b><\/li>\n<li style=\"margin: 5px 0; padding: 2px 0; clear: both; display: list-item; float: none; position: static;\">wzmocnienie <b>(XL)<\/b><\/li>\n<li style=\"margin: 5px 0; padding: 2px 0; clear: both; display: list-item; float: none; position: static;\">Rocznik: <b>2020<\/b><\/li>\n<li style=\"margin: 5px 0; padding: 2px 0; clear: both; display: list-item; float: none; position: static;\">Magazyn: <b>Z391A<\/b><\/li>\n<\/ul>\n<\/div>\n<\/div>\n<div style=\"clear: both; display: block; margin: 10px 0;\">\n<div style=\"clear: both; display: block; margin: 10px 0;\">\n<div  style=\"max-width:643px;max-height:1024px\">\n<div style=\"clear: both; display: block; margin: 10px 0;\">\n<div style=\"clear: both; width: 100%; display: block; margin: 20px 0; padding: 0; float: none; position: static; text-align: center;\"><img decoding=\"async\"  src=\"https:\/\/a.allegroimg.com\/original\/119422\/ea996cf64312be1c0687877eca7b\/2x-Pirelli-Scorpion-Winter-275-45R19-108V-XL-Z391A-EAN-GTIN-8019227218015\" srcset=\"https:\/\/a.allegroimg.com\/original\/119422\/ea996cf64312be1c0687877eca7b\/2x-Pirelli-Scorpion-Winter-275-45R19-108V-XL-Z391A-EAN-GTIN-8019227218015 226w,https:\/\/a.allegroimg.com\/original\/119422\/ea996cf64312be1c0687877eca7b\/2x-Pirelli-Scorpion-Winter-275-45R19-108V-XL-Z391A-EAN-GTIN-8019227218015 452w,https:\/\/a.allegroimg.com\/original\/119422\/ea996cf64312be1c0687877eca7b\/2x-Pirelli-Scorpion-Winter-275-45R19-108V-XL-Z391A-EAN-GTIN-8019227218015 643w,https:\/\/a.allegroimg.com\/original\/119422\/ea996cf64312be1c0687877eca7b\/2x-Pirelli-Scorpion-Winter-275-45R19-108V-XL-Z391A-EAN-GTIN-8019227218015 643w\" sizes=\"(min-width: 1200px) 560px, (min-width: 992px) 50vw, 100vw\" width=\"643px\" alt=\"2x Pirelli Scorpion Winter 275\/45R19 108V XL Z391A EAN (GTIN) 8019227218015\"\/ style=\"max-width: 100%; height: auto; display: block; margin: 0 auto;\"><\/div>\n<\/div>\n<\/div>\n<\/div>\n<\/div>\n<\/div>\n<div style=\"clear: both; display: block; margin: 10px 0;\">\n<div style=\"clear: both; display: block; margin: 10px 0;\">\n<div style=\"clear: both; display: block; margin: 10px 0;\">\n<div  style=\"max-width:1440px;max-height:810px\">\n<div style=\"clear: both; display: block; margin: 10px 0;\">\n<div style=\"clear: both; width: 100%; display: block; margin: 20px 0; padding: 0; float: none; position: static; text-align: center;\"><img decoding=\"async\"  src=\"https:\/\/a.allegroimg.com\/original\/112190\/c526053e4bb39486fc9c2a1dbd7e\/2x-Pirelli-Scorpion-Winter-275-45R19-108V-XL-Z391A-Liczba-opon-w-ofercie-2-szt\" srcset=\"https:\/\/a.allegroimg.com\/original\/112190\/c526053e4bb39486fc9c2a1dbd7e\/2x-Pirelli-Scorpion-Winter-275-45R19-108V-XL-Z391A-Liczba-opon-w-ofercie-2-szt 360w,https:\/\/a.allegroimg.com\/original\/112190\/c526053e4bb39486fc9c2a1dbd7e\/2x-Pirelli-Scorpion-Winter-275-45R19-108V-XL-Z391A-Liczba-opon-w-ofercie-2-szt 720w,https:\/\/a.allegroimg.com\/original\/112190\/c526053e4bb39486fc9c2a1dbd7e\/2x-Pirelli-Scorpion-Winter-275-45R19-108V-XL-Z391A-Liczba-opon-w-ofercie-2-szt 1024w,https:\/\/a.allegroimg.com\/original\/112190\/c526053e4bb39486fc9c2a1dbd7e\/2x-Pirelli-Scorpion-Winter-275-45R19-108V-XL-Z391A-Liczba-opon-w-ofercie-2-szt 1440w,https:\/\/a.allegroimg.com\/original\/112190\/c526053e4bb39486fc9c2a1dbd7e\/2x-Pirelli-Scorpion-Winter-275-45R19-108V-XL-Z391A-Liczba-opon-w-ofercie-2-szt 1440w\" sizes=\"100vw\" width=\"1440px\" alt=\"2x Pirelli Scorpion Winter 275\/45R19 108V XL Z391A Liczba opon w ofercie 2 szt.\"\/ style=\"max-width: 100%; height: auto; display: block; margin: 0 auto;\"><\/div>\n<\/div>\n<\/div>\n<\/div>\n<\/div>\n<\/div>\n<div style=\"clear: both; display: block; margin: 10px 0;\">\n<div style=\"clear: both; display: block; margin: 10px 0;\">\n<div style=\"clear: both; display: block; margin: 10px 0;\">\n<h1>SCORPION WINTER<\/h1>\n<p style=\"margin: 15px 0; line-height: 1.8; clear: both; display: block; width: 100%; float: none; position: static;\"><b>Pirelli Scorpion Winter&nbsp;<\/b>to opona zimowa przeznaczona do u\u017cytkowania w samochodach typu SUV. Ogumienie zalicza si\u0119 do segmentu premium. Zastosowano w nim najbardziej zaawansowane rozwi\u0105zania technologiczne, kt\u00f3re przyczyniaj\u0105 si\u0119 do poprawy bezpiecze\u0144stwa i komfortu jazdy.<\/p>\n<p style=\"margin: 15px 0; line-height: 1.8; clear: both; display: block; width: 100%; float: none; position: static;\">Opona zosta\u0142a wyposa\u017cona w kierunkow\u0105 i symetryczn\u0105 rze\u017ab\u0119 bie\u017cnika. To rozwi\u0105zanie, w po\u0142\u0105czeniu z szerokimi rowkami obwodowymi gwarantuje skuteczne odprowadzanie wody i b\u0142ota po\u015bniegowego spod opony minimalizuj\u0105c prawdopodobie\u0144stwo wyst\u0105pienia aquaplaningu. Za optymaln\u0105 przyczepno\u015b\u0107 i skr\u00f3con\u0105 drog\u0119 hamowania w zimowych warunkach odpowiadaj\u0105 g\u0119sta sie\u0107 lameli i modularna geometria blok\u00f3w.<\/p>\n<p style=\"margin: 15px 0; line-height: 1.8; clear: both; display: block; width: 100%; float: none; position: static;\">Zastosowana przy produkcji ogumienia nowoczesna mieszanka gumowa wykazuje si\u0119 elastyczno\u015bci\u0105 w szerokim zakresie temperatur. In\u017cynierowie zadbali o optymalny rozk\u0142ad nacisk\u00f3w, dzi\u0119ki czemu ogumienie zu\u017cywa si\u0119 wolno i r\u00f3wnomiernie zapewniaj\u0105c wy\u017csze przebiegi. Obni\u017cone opory toczenia gwarantuj\u0105 redukcj\u0119 poziomu ha\u0142asu, emisji CO2 do atmosfery i oszcz\u0119dno\u015b\u0107 paliwa.<\/p>\n<p style=\"margin: 15px 0; line-height: 1.8; clear: both; display: block; width: 100%; float: none; position: static;\"><b>Pirelli Scorpion Winter<\/b>&nbsp;to doskona\u0142y wyb\u00f3r dla u\u017cytkownik\u00f3w ceni\u0105cych bezpieczn\u0105 jazd\u0119, optymalne osi\u0105gi i trwa\u0142o\u015b\u0107 ogumienia przek\u0142adaj\u0105c\u0105 si\u0119 na bezawaryjn\u0105 eksploatacj\u0119.<\/p>\n<\/div>\n<\/div>\n<\/div>\n<div style=\"clear: both; display: block; margin: 10px 0;\">\n<div style=\"clear: both; display: block; margin: 10px 0;\">\n<div style=\"clear: both; display: block; margin: 10px 0;\">\n<div  style=\"max-width:629px;max-height:1024px\">\n<div style=\"clear: both; display: block; margin: 10px 0;\">\n<div style=\"clear: both; width: 100%; display: block; margin: 20px 0; padding: 0; float: none; position: static; text-align: center;\"><img decoding=\"async\"  src=\"https:\/\/a.allegroimg.com\/original\/11c4b2\/ddecfb244e7ca9b0bf4ea1b9f52c\/2x-Pirelli-Scorpion-Winter-275-45R19-108V-XL-Z391A-Klasa-premium\" srcset=\"https:\/\/a.allegroimg.com\/original\/11c4b2\/ddecfb244e7ca9b0bf4ea1b9f52c\/2x-Pirelli-Scorpion-Winter-275-45R19-108V-XL-Z391A-Klasa-premium 221w,https:\/\/a.allegroimg.com\/original\/11c4b2\/ddecfb244e7ca9b0bf4ea1b9f52c\/2x-Pirelli-Scorpion-Winter-275-45R19-108V-XL-Z391A-Klasa-premium 442w,https:\/\/a.allegroimg.com\/original\/11c4b2\/ddecfb244e7ca9b0bf4ea1b9f52c\/2x-Pirelli-Scorpion-Winter-275-45R19-108V-XL-Z391A-Klasa-premium 629w,https:\/\/a.allegroimg.com\/original\/11c4b2\/ddecfb244e7ca9b0bf4ea1b9f52c\/2x-Pirelli-Scorpion-Winter-275-45R19-108V-XL-Z391A-Klasa-premium 629w\" sizes=\"(min-width: 1200px) 560px, (min-width: 992px) 50vw, 100vw\" width=\"629px\" alt=\"2x Pirelli Scorpion Winter 275\/45R19 108V XL Z391A Klasa premium\"\/ style=\"max-width: 100%; height: auto; display: block; margin: 0 auto;\"><\/div>\n<\/div>\n<\/div>\n<\/div>\n<\/div>\n<div style=\"clear: both; display: block; margin: 10px 0;\">\n<div style=\"clear: both; display: block; margin: 10px 0;\">\n<div  style=\"max-width:729px;max-height:1024px\">\n<div style=\"clear: both; display: block; margin: 10px 0;\">\n<div style=\"clear: both; width: 100%; display: block; margin: 20px 0; padding: 0; float: none; position: static; text-align: center;\"><img decoding=\"async\"  src=\"https:\/\/a.allegroimg.com\/original\/11601a\/990f702a4adc8eb794bed1dba930\/2x-Pirelli-Scorpion-Winter-275-45R19-108V-XL-Z391A-Marka-Pirelli\" srcset=\"https:\/\/a.allegroimg.com\/original\/11601a\/990f702a4adc8eb794bed1dba930\/2x-Pirelli-Scorpion-Winter-275-45R19-108V-XL-Z391A-Marka-Pirelli 256w,https:\/\/a.allegroimg.com\/original\/11601a\/990f702a4adc8eb794bed1dba930\/2x-Pirelli-Scorpion-Winter-275-45R19-108V-XL-Z391A-Marka-Pirelli 512w,https:\/\/a.allegroimg.com\/original\/11601a\/990f702a4adc8eb794bed1dba930\/2x-Pirelli-Scorpion-Winter-275-45R19-108V-XL-Z391A-Marka-Pirelli 729w,https:\/\/a.allegroimg.com\/original\/11601a\/990f702a4adc8eb794bed1dba930\/2x-Pirelli-Scorpion-Winter-275-45R19-108V-XL-Z391A-Marka-Pirelli 729w\" sizes=\"(min-width: 1200px) 560px, (min-width: 992px) 50vw, 100vw\" width=\"729px\" alt=\"2x Pirelli Scorpion Winter 275\/45R19 108V XL Z391A Marka Pirelli\"\/ style=\"max-width: 100%; height: auto; display: block; margin: 0 auto;\"><\/div>\n<\/div>\n<\/div>\n<\/div>\n<\/div>\n<\/div>\n<div style=\"clear: both; display: block; margin: 10px 0;\">\n<div style=\"clear: both; display: block; margin: 10px 0;\">\n<div style=\"clear: both; display: block; margin: 10px 0;\">\n<div  style=\"max-width:1440px;max-height:810px\">\n<div style=\"clear: both; display: block; margin: 10px 0;\">\n<div style=\"clear: both; width: 100%; display: block; margin: 20px 0; padding: 0; float: none; position: static; text-align: center;\"><img decoding=\"async\"  src=\"https:\/\/a.allegroimg.com\/original\/11ca68\/3bb8ff904266b17736e8b7b2f8cd\/2x-Pirelli-Scorpion-Winter-275-45R19-108V-XL-Z391A-Model-Scorpion-Winter\" srcset=\"https:\/\/a.allegroimg.com\/original\/11ca68\/3bb8ff904266b17736e8b7b2f8cd\/2x-Pirelli-Scorpion-Winter-275-45R19-108V-XL-Z391A-Model-Scorpion-Winter 360w,https:\/\/a.allegroimg.com\/original\/11ca68\/3bb8ff904266b17736e8b7b2f8cd\/2x-Pirelli-Scorpion-Winter-275-45R19-108V-XL-Z391A-Model-Scorpion-Winter 720w,https:\/\/a.allegroimg.com\/original\/11ca68\/3bb8ff904266b17736e8b7b2f8cd\/2x-Pirelli-Scorpion-Winter-275-45R19-108V-XL-Z391A-Model-Scorpion-Winter 1024w,https:\/\/a.allegroimg.com\/original\/11ca68\/3bb8ff904266b17736e8b7b2f8cd\/2x-Pirelli-Scorpion-Winter-275-45R19-108V-XL-Z391A-Model-Scorpion-Winter 1440w,https:\/\/a.allegroimg.com\/original\/11ca68\/3bb8ff904266b17736e8b7b2f8cd\/2x-Pirelli-Scorpion-Winter-275-45R19-108V-XL-Z391A-Model-Scorpion-Winter 1440w\" sizes=\"100vw\" width=\"1440px\" alt=\"2x Pirelli Scorpion Winter 275\/45R19 108V XL Z391A Model Scorpion Winter\"\/ style=\"max-width: 100%; height: auto; display: block; margin: 0 auto;\"><\/div>\n<\/div>\n<\/div>\n<\/div>\n<\/div>\n<\/div>\n<div style=\"clear: both; display: block; margin: 10px 0;\">\n<div style=\"clear: both; display: block; margin: 10px 0;\">\n<div style=\"clear: both; display: block; margin: 10px 0;\">\n<div  style=\"max-width:720px;max-height:539px\">\n<div style=\"clear: both; display: block; margin: 10px 0;\">\n<div style=\"clear: both; width: 100%; display: block; margin: 20px 0; padding: 0; float: none; position: static; text-align: center;\"><img decoding=\"async\"  src=\"https:\/\/a.allegroimg.com\/original\/11d85d\/b33a97ff47ea933a53bc5ae3d054\/2x-Pirelli-Scorpion-Winter-275-45R19-108V-XL-Z391A-Szerokosc-opony-275-mm\" srcset=\"https:\/\/a.allegroimg.com\/original\/11d85d\/b33a97ff47ea933a53bc5ae3d054\/2x-Pirelli-Scorpion-Winter-275-45R19-108V-XL-Z391A-Szerokosc-opony-275-mm 360w,https:\/\/a.allegroimg.com\/original\/11d85d\/b33a97ff47ea933a53bc5ae3d054\/2x-Pirelli-Scorpion-Winter-275-45R19-108V-XL-Z391A-Szerokosc-opony-275-mm 720w,https:\/\/a.allegroimg.com\/original\/11d85d\/b33a97ff47ea933a53bc5ae3d054\/2x-Pirelli-Scorpion-Winter-275-45R19-108V-XL-Z391A-Szerokosc-opony-275-mm 720w\" sizes=\"(min-width: 1200px) 560px, (min-width: 992px) 50vw, 100vw\" width=\"720px\" alt=\"2x Pirelli Scorpion Winter 275\/45R19 108V XL Z391A Szeroko\u015b\u0107 opony 275 mm\"\/ style=\"max-width: 100%; height: auto; display: block; margin: 0 auto;\"><\/div>\n<\/div>\n<\/div>\n<\/div>\n<\/div>\n<div style=\"clear: both; display: block; margin: 10px 0;\">\n<div style=\"clear: both; display: block; margin: 10px 0;\">\n<div  style=\"max-width:720px;max-height:428px\">\n<div style=\"clear: both; display: block; margin: 10px 0;\">\n<div style=\"clear: both; width: 100%; display: block; margin: 20px 0; padding: 0; float: none; position: static; text-align: center;\"><img decoding=\"async\"  src=\"https:\/\/a.allegroimg.com\/original\/119bec\/d98b9aae47ccb7e80144aafc3c48\/2x-Pirelli-Scorpion-Winter-275-45R19-108V-XL-Z391A-Profil-opony-45\" srcset=\"https:\/\/a.allegroimg.com\/original\/119bec\/d98b9aae47ccb7e80144aafc3c48\/2x-Pirelli-Scorpion-Winter-275-45R19-108V-XL-Z391A-Profil-opony-45 360w,https:\/\/a.allegroimg.com\/original\/119bec\/d98b9aae47ccb7e80144aafc3c48\/2x-Pirelli-Scorpion-Winter-275-45R19-108V-XL-Z391A-Profil-opony-45 720w,https:\/\/a.allegroimg.com\/original\/119bec\/d98b9aae47ccb7e80144aafc3c48\/2x-Pirelli-Scorpion-Winter-275-45R19-108V-XL-Z391A-Profil-opony-45 720w\" sizes=\"(min-width: 1200px) 560px, (min-width: 992px) 50vw, 100vw\" width=\"720px\" alt=\"2x Pirelli Scorpion Winter 275\/45R19 108V XL Z391A Profil opony 45\"\/ style=\"max-width: 100%; height: auto; display: block; margin: 0 auto;\"><\/div>\n<\/div>\n<\/div>\n<\/div>\n<\/div>\n<\/div>\n<div style=\"clear: both; display: block; margin: 10px 0;\">\n<div style=\"clear: both; display: block; margin: 10px 0;\">\n<div style=\"clear: both; display: block; margin: 10px 0;\">\n<div  style=\"max-width:720px;max-height:308px\">\n<div style=\"clear: both; display: block; margin: 10px 0;\">\n<div style=\"clear: both; width: 100%; display: block; margin: 20px 0; padding: 0; float: none; position: static; text-align: center;\"><img decoding=\"async\"  src=\"https:\/\/a.allegroimg.com\/original\/11d473\/bede81974676b00f454f7c5b2e63\/2x-Pirelli-Scorpion-Winter-275-45R19-108V-XL-Z391A-Srednica-19\" srcset=\"https:\/\/a.allegroimg.com\/original\/11d473\/bede81974676b00f454f7c5b2e63\/2x-Pirelli-Scorpion-Winter-275-45R19-108V-XL-Z391A-Srednica-19 360w,https:\/\/a.allegroimg.com\/original\/11d473\/bede81974676b00f454f7c5b2e63\/2x-Pirelli-Scorpion-Winter-275-45R19-108V-XL-Z391A-Srednica-19 720w,https:\/\/a.allegroimg.com\/original\/11d473\/bede81974676b00f454f7c5b2e63\/2x-Pirelli-Scorpion-Winter-275-45R19-108V-XL-Z391A-Srednica-19 720w\" sizes=\"100vw\" width=\"720px\" alt=\"2x Pirelli Scorpion Winter 275\/45R19 108V XL Z391A \u015arednica 19&quot;\"\/ style=\"max-width: 100%; height: auto; display: block; margin: 0 auto;\"><\/div>\n<\/div>\n<\/div>\n<\/div>\n<\/div>\n<\/div>\n<div style=\"clear: both; display: block; margin: 10px 0;\">\n<div style=\"clear: both; display: block; margin: 10px 0;\">\n<div style=\"clear: both; display: block; margin: 10px 0;\">\n<div  style=\"max-width:657px;max-height:1024px\">\n<div style=\"clear: both; display: block; margin: 10px 0;\">\n<div style=\"clear: both; width: 100%; display: block; margin: 20px 0; padding: 0; float: none; position: static; text-align: center;\"><img decoding=\"async\"  src=\"https:\/\/a.allegroimg.com\/original\/115291\/001f7fef4dbcbc8a40f20f167273\/2x-Pirelli-Scorpion-Winter-275-45R19-108V-XL-Z391A-Kod-producenta-2180100\" srcset=\"https:\/\/a.allegroimg.com\/original\/115291\/001f7fef4dbcbc8a40f20f167273\/2x-Pirelli-Scorpion-Winter-275-45R19-108V-XL-Z391A-Kod-producenta-2180100 230w,https:\/\/a.allegroimg.com\/original\/115291\/001f7fef4dbcbc8a40f20f167273\/2x-Pirelli-Scorpion-Winter-275-45R19-108V-XL-Z391A-Kod-producenta-2180100 461w,https:\/\/a.allegroimg.com\/original\/115291\/001f7fef4dbcbc8a40f20f167273\/2x-Pirelli-Scorpion-Winter-275-45R19-108V-XL-Z391A-Kod-producenta-2180100 657w,https:\/\/a.allegroimg.com\/original\/115291\/001f7fef4dbcbc8a40f20f167273\/2x-Pirelli-Scorpion-Winter-275-45R19-108V-XL-Z391A-Kod-producenta-2180100 657w\" sizes=\"(min-width: 1200px) 560px, (min-width: 992px) 50vw, 100vw\" width=\"657px\" alt=\"2x Pirelli Scorpion Winter 275\/45R19 108V XL Z391A Kod producenta 2180100\"\/ style=\"max-width: 100%; height: auto; display: block; margin: 0 auto;\"><\/div>\n<\/div>\n<\/div>\n<\/div>\n<\/div>\n<div style=\"clear: both; display: block; margin: 10px 0;\">\n<div style=\"clear: both; display: block; margin: 10px 0;\">\n<div  style=\"max-width:600px;max-height:600px\">\n<div style=\"clear: both; display: block; margin: 10px 0;\">\n<div style=\"clear: both; width: 100%; display: block; margin: 20px 0; padding: 0; float: none; position: static; text-align: center;\"><img decoding=\"async\"  src=\"https:\/\/1.allegroimg.com\/original\/00371b\/1b2213764d51bc7c5a696c3e1a41\/2x-Pirelli-Scorpion-Winter-275-45R19-108V-XL-Z391A-Kod-EPREL-594596\" srcset=\"https:\/\/1.allegroimg.com\/original\/00371b\/1b2213764d51bc7c5a696c3e1a41\/2x-Pirelli-Scorpion-Winter-275-45R19-108V-XL-Z391A-Kod-EPREL-594596 360w,https:\/\/1.allegroimg.com\/original\/00371b\/1b2213764d51bc7c5a696c3e1a41\/2x-Pirelli-Scorpion-Winter-275-45R19-108V-XL-Z391A-Kod-EPREL-594596 600w,https:\/\/1.allegroimg.com\/original\/00371b\/1b2213764d51bc7c5a696c3e1a41\/2x-Pirelli-Scorpion-Winter-275-45R19-108V-XL-Z391A-Kod-EPREL-594596 600w\" sizes=\"(min-width: 1200px) 560px, (min-width: 992px) 50vw, 100vw\" width=\"600px\" alt=\"2x Pirelli Scorpion Winter 275\/45R19 108V XL Z391A Kod EPREL 594596\"\/ style=\"max-width: 100%; height: auto; display: block; margin: 0 auto;\"><\/div>\n<\/div>\n<\/div>\n<\/div>\n<\/div>\n<\/div>\n<div style=\"clear: both; display: block; margin: 10px 0;\">\n<div style=\"clear: both; display: block; margin: 10px 0;\">\n<div style=\"clear: both; display: block; margin: 10px 0;\">\n<div  style=\"max-width:1440px;max-height:810px\">\n<div style=\"clear: both; display: block; margin: 10px 0;\">\n<div style=\"clear: both; width: 100%; display: block; margin: 20px 0; padding: 0; float: none; position: static; text-align: center;\"><img decoding=\"async\"  src=\"https:\/\/a.allegroimg.com\/original\/112190\/c526053e4bb39486fc9c2a1dbd7e\/2x-Pirelli-Scorpion-Winter-275-45R19-108V-XL-Z391A-Liczba-opon-w-ofercie-2-szt\" srcset=\"https:\/\/a.allegroimg.com\/original\/112190\/c526053e4bb39486fc9c2a1dbd7e\/2x-Pirelli-Scorpion-Winter-275-45R19-108V-XL-Z391A-Liczba-opon-w-ofercie-2-szt 360w,https:\/\/a.allegroimg.com\/original\/112190\/c526053e4bb39486fc9c2a1dbd7e\/2x-Pirelli-Scorpion-Winter-275-45R19-108V-XL-Z391A-Liczba-opon-w-ofercie-2-szt 720w,https:\/\/a.allegroimg.com\/original\/112190\/c526053e4bb39486fc9c2a1dbd7e\/2x-Pirelli-Scorpion-Winter-275-45R19-108V-XL-Z391A-Liczba-opon-w-ofercie-2-szt 1024w,https:\/\/a.allegroimg.com\/original\/112190\/c526053e4bb39486fc9c2a1dbd7e\/2x-Pirelli-Scorpion-Winter-275-45R19-108V-XL-Z391A-Liczba-opon-w-ofercie-2-szt 1440w,https:\/\/a.allegroimg.com\/original\/112190\/c526053e4bb39486fc9c2a1dbd7e\/2x-Pirelli-Scorpion-Winter-275-45R19-108V-XL-Z391A-Liczba-opon-w-ofercie-2-szt 1440w\" sizes=\"100vw\" width=\"1440px\" alt=\"2x Pirelli Scorpion Winter 275\/45R19 108V XL Z391A Liczba opon w ofercie 2 szt.\"\/ style=\"max-width: 100%; height: auto; display: block; margin: 0 auto;\"><\/div>\n<\/div>\n<\/div>\n<\/div>\n<\/div>\n<\/div>\n<\/div>\n<\/div>\n<\/div>\n<div style=\"clear: both; display: block; margin: 10px 0;\">\n","protected":false},"excerpt":{"rendered":"<p>Opona zimowa Pirelli Scorpion Winter 275\/45R19 108 V<\/p>\n<p>Cechy produktu:<\/p>\n<p>sezon: zimowe<\/p>\n<p>szeroko\u015b\u0107\/profil\/\u015brednica: 275\/45R19<\/p>\n<p>indeks pr\u0119dko\u015bci: V do 240 km\/h<\/p>\n<p>indeks no\u015bno\u015bci: 108 &#8211; 1000 kg<\/p>\n<p>wzmocnienie (XL)<\/p>\n<p>Rocznik: 2020<\/p>\n","protected":false},"featured_media":12505,"template":"","meta":{"_uag_custom_page_level_css":""},"product_brand":[433],"product_cat":[414,413,412,415],"product_tag":[],"class_list":{"0":"post-12504","1":"product","2":"type-product","3":"status-publish","4":"has-post-thumbnail","6":"product_brand-pirelli","7":"product_cat-do-samochodow-osobowych-i-suv","8":"product_cat-opony","9":"product_cat-opony-i-felgi","10":"product_cat-zimowe","12":"first","13":"instock","14":"shipping-taxable","15":"purchasable","16":"product-type-simple"},"uagb_featured_image_src":{"full":["https:\/\/oponixo.shop\/tire\/wp-content\/uploads\/2026\/01\/allegro-image-12504.jpg",396,630,false],"thumbnail":["https:\/\/oponixo.shop\/tire\/wp-content\/uploads\/2026\/01\/allegro-image-12504-150x150.jpg",150,150,true],"medium":["https:\/\/oponixo.shop\/tire\/wp-content\/uploads\/2026\/01\/allegro-image-12504-189x300.jpg",189,300,true],"medium_large":["https:\/\/oponixo.shop\/tire\/wp-content\/uploads\/2026\/01\/allegro-image-12504.jpg",396,630,false],"large":["https:\/\/oponixo.shop\/tire\/wp-content\/uploads\/2026\/01\/allegro-image-12504.jpg",396,630,false],"1536x1536":["https:\/\/oponixo.shop\/tire\/wp-content\/uploads\/2026\/01\/allegro-image-12504.jpg",396,630,false],"2048x2048":["https:\/\/oponixo.shop\/tire\/wp-content\/uploads\/2026\/01\/allegro-image-12504.jpg",396,630,false],"woocommerce_thumbnail":["https:\/\/oponixo.shop\/tire\/wp-content\/uploads\/2026\/01\/allegro-image-12504-300x300.jpg",300,300,true],"woocommerce_single":["https:\/\/oponixo.shop\/tire\/wp-content\/uploads\/2026\/01\/allegro-image-12504.jpg",396,630,false],"woocommerce_gallery_thumbnail":["https:\/\/oponixo.shop\/tire\/wp-content\/uploads\/2026\/01\/allegro-image-12504-100x100.jpg",100,100,true]},"uagb_author_info":{"display_name":"admin","author_link":"https:\/\/oponixo.shop\/tire\/author\/"},"uagb_comment_info":0,"uagb_excerpt":"Opona zimowa Pirelli Scorpion Winter 275\/45R19 108 V Cechy produktu: sezon: zimowe szeroko\u015b\u0107\/profil\/\u015brednica: 275\/45R19 indeks pr\u0119dko\u015bci: V do 240 km\/h indeks no\u015bno\u015bci: 108 - 1000 kg wzmocnienie (XL) Rocznik: 2020","_links":{"self":[{"href":"https:\/\/oponixo.shop\/tire\/wp-json\/wp\/v2\/product\/12504","targetHints":{"allow":["GET"]}}],"collection":[{"href":"https:\/\/oponixo.shop\/tire\/wp-json\/wp\/v2\/product"}],"about":[{"href":"https:\/\/oponixo.shop\/tire\/wp-json\/wp\/v2\/types\/product"}],"wp:featuredmedia":[{"embeddable":true,"href":"https:\/\/oponixo.shop\/tire\/wp-json\/wp\/v2\/media\/12505"}],"wp:attachment":[{"href":"https:\/\/oponixo.shop\/tire\/wp-json\/wp\/v2\/media?parent=12504"}],"wp:term":[{"taxonomy":"product_brand","embeddable":true,"href":"https:\/\/oponixo.shop\/tire\/wp-json\/wp\/v2\/product_brand?post=12504"},{"taxonomy":"product_cat","embeddable":true,"href":"https:\/\/oponixo.shop\/tire\/wp-json\/wp\/v2\/product_cat?post=12504"},{"taxonomy":"product_tag","embeddable":true,"href":"https:\/\/oponixo.shop\/tire\/wp-json\/wp\/v2\/product_tag?post=12504"}],"curies":[{"name":"wp","href":"https:\/\/api.w.org\/{rel}","templated":true}]}}