{"id":12506,"date":"2026-01-03T21:48:32","date_gmt":"2026-01-03T20:48:32","guid":{"rendered":"https:\/\/oponyexpert.shop\/xef5\/produkt\/2-x-hankook-winter-icept-evo3-x-w330a-275-45r19-108-v-xl-fr-3pmsf-opona\/"},"modified":"2026-01-03T21:48:32","modified_gmt":"2026-01-03T20:48:32","slug":"2-x-hankook-winter-icept-evo3-x-w330a-275-45r19-108-v-xl-fr-3pmsf-opona","status":"publish","type":"product","link":"https:\/\/oponixo.shop\/tire\/produkt\/2-x-hankook-winter-icept-evo3-x-w330a-275-45r19-108-v-xl-fr-3pmsf-opona\/","title":{"rendered":"2 x Hankook Winter i*cept evo3 X W330A 275\/45R19 108 V XL FR 3PMSF opona"},"content":{"rendered":"<div style=\"font-family: Arial, sans-serif; line-height: 1.6; color: #333; padding: 20px; clear: both; display: block; width: 100%; float: none; position: static; overflow: hidden;\">\n<div style=\"clear: both; display: block; margin: 10px 0;\">\n<div style=\"clear: both; display: block; margin: 10px 0;\">\n<div style=\"clear: both; display: block; margin: 10px 0;\">\n<div  style=\"max-width:366px;max-height:500px\">\n<div style=\"clear: both; display: block; margin: 10px 0;\">\n<div style=\"clear: both; width: 100%; display: block; margin: 20px 0; padding: 0; float: none; position: static; text-align: center;\"><img decoding=\"async\"  src=\"https:\/\/a.allegroimg.com\/original\/116146\/ba78a5c34604865ac5b00e1aa447\/2-x-Hankook-Winter-i-cept-evo3-X-W330A-275-45R19-108-V-XL-FR-3PMSF-opona\" srcset=\"https:\/\/a.allegroimg.com\/original\/116146\/ba78a5c34604865ac5b00e1aa447\/2-x-Hankook-Winter-i-cept-evo3-X-W330A-275-45R19-108-V-XL-FR-3PMSF-opona 263w,https:\/\/a.allegroimg.com\/original\/116146\/ba78a5c34604865ac5b00e1aa447\/2-x-Hankook-Winter-i-cept-evo3-X-W330A-275-45R19-108-V-XL-FR-3PMSF-opona 366w,https:\/\/a.allegroimg.com\/original\/116146\/ba78a5c34604865ac5b00e1aa447\/2-x-Hankook-Winter-i-cept-evo3-X-W330A-275-45R19-108-V-XL-FR-3PMSF-opona 366w\" sizes=\"(min-width: 1200px) 560px, (min-width: 992px) 50vw, 100vw\" width=\"366px\" alt=\"2 x Hankook Winter i*cept evo3 X W330A 275\/45R19 108 V XL FR 3PMSF opona\"\/ style=\"max-width: 100%; height: auto; display: block; margin: 0 auto;\"><\/div>\n<\/div>\n<\/div>\n<\/div>\n<\/div>\n<div style=\"clear: both; display: block; margin: 10px 0;\">\n<div style=\"clear: both; display: block; margin: 10px 0;\">\n<h2>Hankook Winter i*cept evo3 X W330A 275\/45R19 108 V XL FR 3PMSF<\/h2>\n<p style=\"margin: 15px 0; line-height: 1.8; clear: both; display: block; width: 100%; float: none; position: static;\">Producent: Hankook<\/p>\n<p style=\"margin: 15px 0; line-height: 1.8; clear: both; display: block; width: 100%; float: none; position: static;\">Model: Winter i*cept evo3 X W330A<\/p>\n<p style=\"margin: 15px 0; line-height: 1.8; clear: both; display: block; width: 100%; float: none; position: static;\">Sezon: zimowe<\/p>\n<p style=\"margin: 15px 0; line-height: 1.8; clear: both; display: block; width: 100%; float: none; position: static;\">Rozmiar: 275\/45R19<\/p>\n<p style=\"margin: 15px 0; line-height: 1.8; clear: both; display: block; width: 100%; float: none; position: static;\">Data produkcji: do 36 miesi\u0119cy<\/p>\n<p style=\"margin: 15px 0; line-height: 1.8; clear: both; display: block; width: 100%; float: none; position: static;\">Zu\u017cycie paliwa: klasa C<\/p>\n<p style=\"margin: 15px 0; line-height: 1.8; clear: both; display: block; width: 100%; float: none; position: static;\">Przyczepno\u015b\u0107 na mokrym: klasa B<\/p>\n<p style=\"margin: 15px 0; line-height: 1.8; clear: both; display: block; width: 100%; float: none; position: static;\">Poziom ha\u0142asu: 73 dB<\/p>\n<\/div>\n<\/div>\n<\/div>\n<div style=\"clear: both; display: block; margin: 10px 0;\">\n<div style=\"clear: both; display: block; margin: 10px 0;\">\n<div style=\"clear: both; display: block; margin: 10px 0;\">\n<div  style=\"max-width:760px;max-height:582px\">\n<div style=\"clear: both; display: block; margin: 10px 0;\">\n<div style=\"clear: both; width: 100%; display: block; margin: 20px 0; padding: 0; float: none; position: static; text-align: center;\"><img decoding=\"async\"  src=\"https:\/\/a.allegroimg.com\/original\/11e64e\/b86ce0ce4ce7829f77e54cf8397e\/2-x-Hankook-Winter-i-cept-evo3-X-W330A-275-45R19-108-V-XL-FR-3PMSF-opona-Liczba-opon-w-ofercie-2-szt\" srcset=\"https:\/\/a.allegroimg.com\/original\/11e64e\/b86ce0ce4ce7829f77e54cf8397e\/2-x-Hankook-Winter-i-cept-evo3-X-W330A-275-45R19-108-V-XL-FR-3PMSF-opona-Liczba-opon-w-ofercie-2-szt 360w,https:\/\/a.allegroimg.com\/original\/11e64e\/b86ce0ce4ce7829f77e54cf8397e\/2-x-Hankook-Winter-i-cept-evo3-X-W330A-275-45R19-108-V-XL-FR-3PMSF-opona-Liczba-opon-w-ofercie-2-szt 720w,https:\/\/a.allegroimg.com\/original\/11e64e\/b86ce0ce4ce7829f77e54cf8397e\/2-x-Hankook-Winter-i-cept-evo3-X-W330A-275-45R19-108-V-XL-FR-3PMSF-opona-Liczba-opon-w-ofercie-2-szt 760w,https:\/\/a.allegroimg.com\/original\/11e64e\/b86ce0ce4ce7829f77e54cf8397e\/2-x-Hankook-Winter-i-cept-evo3-X-W330A-275-45R19-108-V-XL-FR-3PMSF-opona-Liczba-opon-w-ofercie-2-szt 760w\" sizes=\"(min-width: 1200px) 560px, (min-width: 992px) 50vw, 100vw\" width=\"760px\" alt=\"2 x Hankook Winter i*cept evo3 X W330A 275\/45R19 108 V XL FR 3PMSF opona Liczba opon w ofercie 2 szt.\"\/ style=\"max-width: 100%; height: auto; display: block; margin: 0 auto;\"><\/div>\n<\/div>\n<\/div>\n<\/div>\n<\/div>\n<div style=\"clear: both; display: block; margin: 10px 0;\">\n<div style=\"clear: both; display: block; margin: 10px 0;\">\n<h1>Hankook Winter i*cept evo3 X W330A \u2013 nowoczesna opona zimowa do SUV\u2011\u00f3w i aut z nap\u0119dem 4&#215;4<\/h1>\n<p style=\"margin: 15px 0; line-height: 1.8; clear: both; display: block; width: 100%; float: none; position: static;\">Hankook Winter i*cept evo3 X W330A to najnowsza propozycja korea\u0144skiego producenta skierowana do w\u0142a\u015bcicieli SUV\u2011\u00f3w, crossover\u00f3w i samochod\u00f3w z nap\u0119dem na cztery ko\u0142a. Zosta\u0142a stworzona z my\u015bl\u0105 o trudnych warunkach zimowych \u2013 zar\u00f3wno w mie\u015bcie, jak i poza nim. Kierunkowy bie\u017cnik z rowkami w kszta\u0142cie odwr\u00f3conej litery V skutecznie odprowadza wod\u0119, \u015bnieg i b\u0142oto po\u015bniegowe, zmniejszaj\u0105c ryzyko aquaplaningu. Zygzakowate lamele 3D oraz mikro-lamelki przy g\u0142\u00f3wnych rowkach poprawiaj\u0105 przyczepno\u015b\u0107, stabilizuj\u0105 tor jazdy i skracaj\u0105 drog\u0119 hamowania na \u015bniegu. Dzi\u0119ki temu opona \u015bwietnie sprawdza si\u0119 na za\u015bnie\u017conych drogach oraz w zmiennych warunkach zimowych.<\/p>\n<\/div>\n<\/div>\n<\/div>\n<div style=\"clear: both; display: block; margin: 10px 0;\">\n<div style=\"clear: both; display: block; margin: 10px 0;\">\n<div style=\"clear: both; display: block; margin: 10px 0;\">\n<div  style=\"max-width:760px;max-height:580px\">\n<div style=\"clear: both; display: block; margin: 10px 0;\">\n<div style=\"clear: both; width: 100%; display: block; margin: 20px 0; padding: 0; float: none; position: static; text-align: center;\"><img decoding=\"async\"  src=\"https:\/\/a.allegroimg.com\/original\/11b91e\/4d97c42c4e20ab40db1c0274dcd2\/2-x-Hankook-Winter-i-cept-evo3-X-W330A-275-45R19-108-V-XL-FR-3PMSF-opona-Marka-Hankook\" srcset=\"https:\/\/a.allegroimg.com\/original\/11b91e\/4d97c42c4e20ab40db1c0274dcd2\/2-x-Hankook-Winter-i-cept-evo3-X-W330A-275-45R19-108-V-XL-FR-3PMSF-opona-Marka-Hankook 360w,https:\/\/a.allegroimg.com\/original\/11b91e\/4d97c42c4e20ab40db1c0274dcd2\/2-x-Hankook-Winter-i-cept-evo3-X-W330A-275-45R19-108-V-XL-FR-3PMSF-opona-Marka-Hankook 720w,https:\/\/a.allegroimg.com\/original\/11b91e\/4d97c42c4e20ab40db1c0274dcd2\/2-x-Hankook-Winter-i-cept-evo3-X-W330A-275-45R19-108-V-XL-FR-3PMSF-opona-Marka-Hankook 760w,https:\/\/a.allegroimg.com\/original\/11b91e\/4d97c42c4e20ab40db1c0274dcd2\/2-x-Hankook-Winter-i-cept-evo3-X-W330A-275-45R19-108-V-XL-FR-3PMSF-opona-Marka-Hankook 760w\" sizes=\"(min-width: 1200px) 560px, (min-width: 992px) 50vw, 100vw\" width=\"760px\" alt=\"2 x Hankook Winter i*cept evo3 X W330A 275\/45R19 108 V XL FR 3PMSF opona Marka Hankook\"\/ style=\"max-width: 100%; height: auto; display: block; margin: 0 auto;\"><\/div>\n<\/div>\n<\/div>\n<\/div>\n<\/div>\n<div style=\"clear: both; display: block; margin: 10px 0;\">\n<div style=\"clear: both; display: block; margin: 10px 0;\">\n<h1>Trakcja i komfort na ka\u017cdej nawierzchni<\/h1>\n<p style=\"margin: 15px 0; line-height: 1.8; clear: both; display: block; width: 100%; float: none; position: static;\">Dzi\u0119ki wzmocnionej konstrukcji oraz sztywnym, poszerzonym klockom barkowym, model evo3 X W330A oferuje pewno\u015b\u0107 prowadzenia tak\u017ce na suchych nawierzchniach przy niskich temperaturach. Opona zachowuje stabilno\u015b\u0107 podczas manewr\u00f3w i hamowania, a zastosowana mieszanka gumowa z dodatkiem naturalnej \u017cywicy i krzemionki zapewnia odpowiedni\u0105 elastyczno\u015b\u0107 nawet w silnych mrozach. Dodatkowo zastosowana mieszanka zwi\u0119ksza odporno\u015b\u0107 na \u015bcieranie, co przek\u0142ada si\u0119 na d\u0142u\u017csze przebiegi i ni\u017csze koszty eksploatacji.<\/p>\n<\/div>\n<\/div>\n<\/div>\n<div style=\"clear: both; display: block; margin: 10px 0;\">\n<div style=\"clear: both; display: block; margin: 10px 0;\">\n<div style=\"clear: both; display: block; margin: 10px 0;\">\n<div  style=\"max-width:760px;max-height:624px\">\n<div style=\"clear: both; display: block; margin: 10px 0;\">\n<div style=\"clear: both; width: 100%; display: block; margin: 20px 0; padding: 0; float: none; position: static; text-align: center;\"><img decoding=\"async\"  src=\"https:\/\/a.allegroimg.com\/original\/115edc\/55e36c4f431ba1398f517c4ead4e\/2-x-Hankook-Winter-i-cept-evo3-X-W330A-275-45R19-108-V-XL-FR-3PMSF-opona-Szerokosc-opony-275-mm\" srcset=\"https:\/\/a.allegroimg.com\/original\/115edc\/55e36c4f431ba1398f517c4ead4e\/2-x-Hankook-Winter-i-cept-evo3-X-W330A-275-45R19-108-V-XL-FR-3PMSF-opona-Szerokosc-opony-275-mm 360w,https:\/\/a.allegroimg.com\/original\/115edc\/55e36c4f431ba1398f517c4ead4e\/2-x-Hankook-Winter-i-cept-evo3-X-W330A-275-45R19-108-V-XL-FR-3PMSF-opona-Szerokosc-opony-275-mm 720w,https:\/\/a.allegroimg.com\/original\/115edc\/55e36c4f431ba1398f517c4ead4e\/2-x-Hankook-Winter-i-cept-evo3-X-W330A-275-45R19-108-V-XL-FR-3PMSF-opona-Szerokosc-opony-275-mm 760w,https:\/\/a.allegroimg.com\/original\/115edc\/55e36c4f431ba1398f517c4ead4e\/2-x-Hankook-Winter-i-cept-evo3-X-W330A-275-45R19-108-V-XL-FR-3PMSF-opona-Szerokosc-opony-275-mm 760w\" sizes=\"(min-width: 1200px) 560px, (min-width: 992px) 50vw, 100vw\" width=\"760px\" alt=\"2 x Hankook Winter i*cept evo3 X W330A 275\/45R19 108 V XL FR 3PMSF opona Szeroko\u015b\u0107 opony 275 mm\"\/ style=\"max-width: 100%; height: auto; display: block; margin: 0 auto;\"><\/div>\n<\/div>\n<\/div>\n<\/div>\n<\/div>\n<div style=\"clear: both; display: block; margin: 10px 0;\">\n<div style=\"clear: both; display: block; margin: 10px 0;\">\n<h1>Potwierdzona skuteczno\u015b\u0107 w testach<\/h1>\n<p style=\"margin: 15px 0; line-height: 1.8; clear: both; display: block; width: 100%; float: none; position: static;\">Hankook Winter i*cept evo3 X W330A zosta\u0142a bardzo wysoko oceniona w testach renomowanych magazyn\u00f3w motoryzacyjnych. W 2024 roku uzyska\u0142a ocen\u0119 \u201ebardzo dobra\u201d w testach AUTO Stra\u00dfenverkehr i Auto, Motor und Sport (235\/55 R18), a w poprzednich latach zbiera\u0142a noty \u201edobra\u201d lub \u201epolecana\u201d w testach Auto Bild i ACE\/ARB\u00d6\/GT\u00dc. W por\u00f3wnaniu do poprzedniej generacji opona oferuje 7% kr\u00f3tsz\u0105 drog\u0119 hamowania na \u015bniegu oraz 10% lepsze hamowanie na mokrej nawierzchni. To znakomity wyb\u00f3r dla kierowc\u00f3w, kt\u00f3rzy zim\u0105 oczekuj\u0105 pewno\u015bci, komfortu i oszcz\u0119dno\u015bci \u2013 bez wzgl\u0119du na pogod\u0119.<\/p>\n<\/div>\n<\/div>\n<\/div>\n<\/div>\n<\/div>\n<\/div>\n<div style=\"clear: both; display: block; margin: 10px 0;\">\n","protected":false},"excerpt":{"rendered":"<p>Hankook Winter i*cept evo3 X W330A 275\/45R19 108 V XL FR 3PMSF<\/p>\n<p>Producent: Hankook<\/p>\n<p>Model: Winter i*cept evo3 X W330A<\/p>\n<p>Sezon: zimowe<\/p>\n<p>Rozmiar: 275\/45R19<\/p>\n<p>Data produkcji: do 36 miesi\u0119cy<\/p>\n<p>Zu\u017cycie paliwa: klasa C<\/p>\n<p>Przyczepno\u015b\u0107 na mokrym: klasa B<\/p>\n","protected":false},"featured_media":12507,"template":"","meta":{"_uag_custom_page_level_css":""},"product_brand":[411],"product_cat":[414,413,412,415],"product_tag":[],"class_list":{"0":"post-12506","1":"product","2":"type-product","3":"status-publish","4":"has-post-thumbnail","6":"product_brand-hankook","7":"product_cat-do-samochodow-osobowych-i-suv","8":"product_cat-opony","9":"product_cat-opony-i-felgi","10":"product_cat-zimowe","12":"first","13":"instock","14":"shipping-taxable","15":"purchasable","16":"product-type-simple"},"uagb_featured_image_src":{"full":["https:\/\/oponixo.shop\/tire\/wp-content\/uploads\/2026\/01\/allegro-image-12506.jpg",366,500,false],"thumbnail":["https:\/\/oponixo.shop\/tire\/wp-content\/uploads\/2026\/01\/allegro-image-12506-150x150.jpg",150,150,true],"medium":["https:\/\/oponixo.shop\/tire\/wp-content\/uploads\/2026\/01\/allegro-image-12506-220x300.jpg",220,300,true],"medium_large":["https:\/\/oponixo.shop\/tire\/wp-content\/uploads\/2026\/01\/allegro-image-12506.jpg",366,500,false],"large":["https:\/\/oponixo.shop\/tire\/wp-content\/uploads\/2026\/01\/allegro-image-12506.jpg",366,500,false],"1536x1536":["https:\/\/oponixo.shop\/tire\/wp-content\/uploads\/2026\/01\/allegro-image-12506.jpg",366,500,false],"2048x2048":["https:\/\/oponixo.shop\/tire\/wp-content\/uploads\/2026\/01\/allegro-image-12506.jpg",366,500,false],"woocommerce_thumbnail":["https:\/\/oponixo.shop\/tire\/wp-content\/uploads\/2026\/01\/allegro-image-12506-300x300.jpg",300,300,true],"woocommerce_single":["https:\/\/oponixo.shop\/tire\/wp-content\/uploads\/2026\/01\/allegro-image-12506.jpg",366,500,false],"woocommerce_gallery_thumbnail":["https:\/\/oponixo.shop\/tire\/wp-content\/uploads\/2026\/01\/allegro-image-12506-100x100.jpg",100,100,true]},"uagb_author_info":{"display_name":"admin","author_link":"https:\/\/oponixo.shop\/tire\/author\/"},"uagb_comment_info":0,"uagb_excerpt":"Hankook Winter i*cept evo3 X W330A 275\/45R19 108 V XL FR 3PMSF Producent: Hankook Model: Winter i*cept evo3 X W330A Sezon: zimowe Rozmiar: 275\/45R19 Data produkcji: do 36 miesi\u0119cy Zu\u017cycie paliwa: klasa C Przyczepno\u015b\u0107 na mokrym: klasa B","_links":{"self":[{"href":"https:\/\/oponixo.shop\/tire\/wp-json\/wp\/v2\/product\/12506","targetHints":{"allow":["GET"]}}],"collection":[{"href":"https:\/\/oponixo.shop\/tire\/wp-json\/wp\/v2\/product"}],"about":[{"href":"https:\/\/oponixo.shop\/tire\/wp-json\/wp\/v2\/types\/product"}],"wp:featuredmedia":[{"embeddable":true,"href":"https:\/\/oponixo.shop\/tire\/wp-json\/wp\/v2\/media\/12507"}],"wp:attachment":[{"href":"https:\/\/oponixo.shop\/tire\/wp-json\/wp\/v2\/media?parent=12506"}],"wp:term":[{"taxonomy":"product_brand","embeddable":true,"href":"https:\/\/oponixo.shop\/tire\/wp-json\/wp\/v2\/product_brand?post=12506"},{"taxonomy":"product_cat","embeddable":true,"href":"https:\/\/oponixo.shop\/tire\/wp-json\/wp\/v2\/product_cat?post=12506"},{"taxonomy":"product_tag","embeddable":true,"href":"https:\/\/oponixo.shop\/tire\/wp-json\/wp\/v2\/product_tag?post=12506"}],"curies":[{"name":"wp","href":"https:\/\/api.w.org\/{rel}","templated":true}]}}