{"id":12522,"date":"2026-01-03T21:48:36","date_gmt":"2026-01-03T20:48:36","guid":{"rendered":"https:\/\/oponyexpert.shop\/xef5\/produkt\/2-x-bridgestone-blizzak-6-275-45r19-108-w-xl-fr-enliten-3pmsf-opona-zimowa\/"},"modified":"2026-01-03T21:48:36","modified_gmt":"2026-01-03T20:48:36","slug":"2-x-bridgestone-blizzak-6-275-45r19-108-w-xl-fr-enliten-3pmsf-opona-zimowa","status":"publish","type":"product","link":"https:\/\/oponixo.shop\/tire\/produkt\/2-x-bridgestone-blizzak-6-275-45r19-108-w-xl-fr-enliten-3pmsf-opona-zimowa\/","title":{"rendered":"2 x Bridgestone Blizzak 6 275\/45R19 108 W XL FR ENLITEN 3PMSF opona zimowa"},"content":{"rendered":"<div style=\"font-family: Arial, sans-serif; line-height: 1.6; color: #333; padding: 20px; clear: both; display: block; width: 100%; float: none; position: static; overflow: hidden;\">\n<div style=\"clear: both; display: block; margin: 10px 0;\">\n<div style=\"clear: both; display: block; margin: 10px 0;\">\n<div style=\"clear: both; display: block; margin: 10px 0;\">\n<div  style=\"max-width:373px;max-height:500px\">\n<div style=\"clear: both; display: block; margin: 10px 0;\">\n<div style=\"clear: both; width: 100%; display: block; margin: 20px 0; padding: 0; float: none; position: static; text-align: center;\"><img decoding=\"async\"  src=\"https:\/\/a.allegroimg.com\/original\/1100a7\/065ca26e440ca3470dc4ce6e3df7\/2-x-Bridgestone-Blizzak-6-275-45R19-108-W-XL-FR-ENLITEN-3PMSF-opona-zimowa\" srcset=\"https:\/\/a.allegroimg.com\/original\/1100a7\/065ca26e440ca3470dc4ce6e3df7\/2-x-Bridgestone-Blizzak-6-275-45R19-108-W-XL-FR-ENLITEN-3PMSF-opona-zimowa 268w,https:\/\/a.allegroimg.com\/original\/1100a7\/065ca26e440ca3470dc4ce6e3df7\/2-x-Bridgestone-Blizzak-6-275-45R19-108-W-XL-FR-ENLITEN-3PMSF-opona-zimowa 373w,https:\/\/a.allegroimg.com\/original\/1100a7\/065ca26e440ca3470dc4ce6e3df7\/2-x-Bridgestone-Blizzak-6-275-45R19-108-W-XL-FR-ENLITEN-3PMSF-opona-zimowa 373w\" sizes=\"(min-width: 1200px) 560px, (min-width: 992px) 50vw, 100vw\" width=\"373px\" alt=\"2 x Bridgestone Blizzak 6 275\/45R19 108 W XL FR ENLITEN 3PMSF opona zimowa\"\/ style=\"max-width: 100%; height: auto; display: block; margin: 0 auto;\"><\/div>\n<\/div>\n<\/div>\n<\/div>\n<\/div>\n<div style=\"clear: both; display: block; margin: 10px 0;\">\n<div style=\"clear: both; display: block; margin: 10px 0;\">\n<h2>Bridgestone Blizzak 6 275\/45R19 108 W XL FR ENLITEN 3PMSF<\/h2>\n<p style=\"margin: 15px 0; line-height: 1.8; clear: both; display: block; width: 100%; float: none; position: static;\">Producent: Bridgestone<\/p>\n<p style=\"margin: 15px 0; line-height: 1.8; clear: both; display: block; width: 100%; float: none; position: static;\">Model: Blizzak 6<\/p>\n<p style=\"margin: 15px 0; line-height: 1.8; clear: both; display: block; width: 100%; float: none; position: static;\">Sezon: zimowe<\/p>\n<p style=\"margin: 15px 0; line-height: 1.8; clear: both; display: block; width: 100%; float: none; position: static;\">Rozmiar: 275\/45R19<\/p>\n<p style=\"margin: 15px 0; line-height: 1.8; clear: both; display: block; width: 100%; float: none; position: static;\">Data produkcji: 2024<\/p>\n<p style=\"margin: 15px 0; line-height: 1.8; clear: both; display: block; width: 100%; float: none; position: static;\">Zu\u017cycie paliwa: klasa C<\/p>\n<p style=\"margin: 15px 0; line-height: 1.8; clear: both; display: block; width: 100%; float: none; position: static;\">Przyczepno\u015b\u0107 na mokrym: klasa B<\/p>\n<p style=\"margin: 15px 0; line-height: 1.8; clear: both; display: block; width: 100%; float: none; position: static;\">Poziom ha\u0142asu: 72 dB<\/p>\n<\/div>\n<\/div>\n<\/div>\n<div style=\"clear: both; display: block; margin: 10px 0;\">\n<div style=\"clear: both; display: block; margin: 10px 0;\">\n<div style=\"clear: both; display: block; margin: 10px 0;\">\n<div  style=\"max-width:760px;max-height:582px\">\n<div style=\"clear: both; display: block; margin: 10px 0;\">\n<div style=\"clear: both; width: 100%; display: block; margin: 20px 0; padding: 0; float: none; position: static; text-align: center;\"><img decoding=\"async\"  src=\"https:\/\/a.allegroimg.com\/original\/113721\/0cf1212b4bb3963bb27d16e05d42\/2-x-Bridgestone-Blizzak-6-275-45R19-108-W-XL-FR-ENLITEN-3PMSF-opona-zimowa-Liczba-opon-w-ofercie-2-szt\" srcset=\"https:\/\/a.allegroimg.com\/original\/113721\/0cf1212b4bb3963bb27d16e05d42\/2-x-Bridgestone-Blizzak-6-275-45R19-108-W-XL-FR-ENLITEN-3PMSF-opona-zimowa-Liczba-opon-w-ofercie-2-szt 360w,https:\/\/a.allegroimg.com\/original\/113721\/0cf1212b4bb3963bb27d16e05d42\/2-x-Bridgestone-Blizzak-6-275-45R19-108-W-XL-FR-ENLITEN-3PMSF-opona-zimowa-Liczba-opon-w-ofercie-2-szt 720w,https:\/\/a.allegroimg.com\/original\/113721\/0cf1212b4bb3963bb27d16e05d42\/2-x-Bridgestone-Blizzak-6-275-45R19-108-W-XL-FR-ENLITEN-3PMSF-opona-zimowa-Liczba-opon-w-ofercie-2-szt 760w,https:\/\/a.allegroimg.com\/original\/113721\/0cf1212b4bb3963bb27d16e05d42\/2-x-Bridgestone-Blizzak-6-275-45R19-108-W-XL-FR-ENLITEN-3PMSF-opona-zimowa-Liczba-opon-w-ofercie-2-szt 760w\" sizes=\"(min-width: 1200px) 560px, (min-width: 992px) 50vw, 100vw\" width=\"760px\" alt=\"2 x Bridgestone Blizzak 6 275\/45R19 108 W XL FR ENLITEN 3PMSF opona zimowa Liczba opon w ofercie 2 szt.\"\/ style=\"max-width: 100%; height: auto; display: block; margin: 0 auto;\"><\/div>\n<\/div>\n<\/div>\n<\/div>\n<\/div>\n<div style=\"clear: both; display: block; margin: 10px 0;\">\n<div style=\"clear: both; display: block; margin: 10px 0;\">\n<h1>Bridgestone Blizzak 6 \u2013 zimowa precyzja klasy premium<\/h1>\n<p style=\"margin: 15px 0; line-height: 1.8; clear: both; display: block; width: 100%; float: none; position: static;\">Bridgestone Blizzak 6 to najnowsza generacja zimowej opony klasy premium, zaprojektowana z my\u015bl\u0105 o maksymalnym bezpiecze\u0144stwie w zmiennych, trudnych warunkach. Wyposa\u017cona w kierunkowy bie\u017cnik w kszta\u0142cie jode\u0142ki, zapewnia doskona\u0142e odprowadzanie wody, b\u0142ota po\u015bniegowego i roztopionego \u015bniegu. Wz\u00f3r z charakterystycznymi rowkami w formie b\u0142yskawic dodatkowo poprawia stabilno\u015b\u0107 oraz precyzj\u0119 prowadzenia na mokrej i o\u015bnie\u017conej nawierzchni. To opona, kt\u00f3ra zachowuje pe\u0142n\u0105 kontrol\u0119 niezale\u017cnie od tego, co dzieje si\u0119 na drodze.<\/p>\n<\/div>\n<\/div>\n<\/div>\n<div style=\"clear: both; display: block; margin: 10px 0;\">\n<div style=\"clear: both; display: block; margin: 10px 0;\">\n<div style=\"clear: both; display: block; margin: 10px 0;\">\n<div  style=\"max-width:760px;max-height:624px\">\n<div style=\"clear: both; display: block; margin: 10px 0;\">\n<div style=\"clear: both; width: 100%; display: block; margin: 20px 0; padding: 0; float: none; position: static; text-align: center;\"><img decoding=\"async\"  src=\"https:\/\/a.allegroimg.com\/original\/11508c\/846979b0467d93876bdb03adc60d\/2-x-Bridgestone-Blizzak-6-275-45R19-108-W-XL-FR-ENLITEN-3PMSF-opona-zimowa-Rok-produkcji-2024\" srcset=\"https:\/\/a.allegroimg.com\/original\/11508c\/846979b0467d93876bdb03adc60d\/2-x-Bridgestone-Blizzak-6-275-45R19-108-W-XL-FR-ENLITEN-3PMSF-opona-zimowa-Rok-produkcji-2024 360w,https:\/\/a.allegroimg.com\/original\/11508c\/846979b0467d93876bdb03adc60d\/2-x-Bridgestone-Blizzak-6-275-45R19-108-W-XL-FR-ENLITEN-3PMSF-opona-zimowa-Rok-produkcji-2024 720w,https:\/\/a.allegroimg.com\/original\/11508c\/846979b0467d93876bdb03adc60d\/2-x-Bridgestone-Blizzak-6-275-45R19-108-W-XL-FR-ENLITEN-3PMSF-opona-zimowa-Rok-produkcji-2024 760w,https:\/\/a.allegroimg.com\/original\/11508c\/846979b0467d93876bdb03adc60d\/2-x-Bridgestone-Blizzak-6-275-45R19-108-W-XL-FR-ENLITEN-3PMSF-opona-zimowa-Rok-produkcji-2024 760w\" sizes=\"(min-width: 1200px) 560px, (min-width: 992px) 50vw, 100vw\" width=\"760px\" alt=\"2 x Bridgestone Blizzak 6 275\/45R19 108 W XL FR ENLITEN 3PMSF opona zimowa Rok produkcji 2024\"\/ style=\"max-width: 100%; height: auto; display: block; margin: 0 auto;\"><\/div>\n<\/div>\n<\/div>\n<\/div>\n<\/div>\n<div style=\"clear: both; display: block; margin: 10px 0;\">\n<div style=\"clear: both; display: block; margin: 10px 0;\">\n<h1>Zaawansowana technologia ENLITEN<\/h1>\n<p style=\"margin: 15px 0; line-height: 1.8; clear: both; display: block; width: 100%; float: none; position: static;\">Blizzak 6 wykorzystuje innowacyjn\u0105 technologi\u0119 ENLITEN, znan\u0105 z zastosowa\u0144 w nowoczesnych pojazdach, w tym elektrycznych i hybrydowych. To zaawansowane rozwi\u0105zanie przynosi realne korzy\u015bci zar\u00f3wno dla kierowcy, jak i \u015brodowiska. Technologia ta pozwala zredukowa\u0107 op\u00f3r toczenia a\u017c o 20%, co przek\u0142ada si\u0119 na ni\u017csze zu\u017cycie paliwa oraz mniejsz\u0105 emisj\u0119 CO\u2082. Dodatkowo, masa opony zosta\u0142a zmniejszona o 10%, co pozytywnie wp\u0142ywa na efektywno\u015b\u0107 energetyczn\u0105. Co wa\u017cne, mimo l\u017cejszej konstrukcji, model Blizzak 6 zachowuje trwa\u0142o\u015b\u0107 i odporno\u015b\u0107 na zu\u017cycie bie\u017cnika na poziomie por\u00f3wnywalnym z poprzednimi generacjami opon.<\/p>\n<\/div>\n<\/div>\n<\/div>\n<div style=\"clear: both; display: block; margin: 10px 0;\">\n<div style=\"clear: both; display: block; margin: 10px 0;\">\n<div style=\"clear: both; display: block; margin: 10px 0;\">\n<div  style=\"max-width:760px;max-height:580px\">\n<div style=\"clear: both; display: block; margin: 10px 0;\">\n<div style=\"clear: both; width: 100%; display: block; margin: 20px 0; padding: 0; float: none; position: static; text-align: center;\"><img decoding=\"async\"  src=\"https:\/\/a.allegroimg.com\/original\/115e85\/a982c7f04981a2398ddeaf29619e\/2-x-Bridgestone-Blizzak-6-275-45R19-108-W-XL-FR-ENLITEN-3PMSF-opona-zimowa-Marka-Bridgestone\" srcset=\"https:\/\/a.allegroimg.com\/original\/115e85\/a982c7f04981a2398ddeaf29619e\/2-x-Bridgestone-Blizzak-6-275-45R19-108-W-XL-FR-ENLITEN-3PMSF-opona-zimowa-Marka-Bridgestone 360w,https:\/\/a.allegroimg.com\/original\/115e85\/a982c7f04981a2398ddeaf29619e\/2-x-Bridgestone-Blizzak-6-275-45R19-108-W-XL-FR-ENLITEN-3PMSF-opona-zimowa-Marka-Bridgestone 720w,https:\/\/a.allegroimg.com\/original\/115e85\/a982c7f04981a2398ddeaf29619e\/2-x-Bridgestone-Blizzak-6-275-45R19-108-W-XL-FR-ENLITEN-3PMSF-opona-zimowa-Marka-Bridgestone 760w,https:\/\/a.allegroimg.com\/original\/115e85\/a982c7f04981a2398ddeaf29619e\/2-x-Bridgestone-Blizzak-6-275-45R19-108-W-XL-FR-ENLITEN-3PMSF-opona-zimowa-Marka-Bridgestone 760w\" sizes=\"(min-width: 1200px) 560px, (min-width: 992px) 50vw, 100vw\" width=\"760px\" alt=\"2 x Bridgestone Blizzak 6 275\/45R19 108 W XL FR ENLITEN 3PMSF opona zimowa Marka Bridgestone\"\/ style=\"max-width: 100%; height: auto; display: block; margin: 0 auto;\"><\/div>\n<\/div>\n<\/div>\n<\/div>\n<\/div>\n<div style=\"clear: both; display: block; margin: 10px 0;\">\n<div style=\"clear: both; display: block; margin: 10px 0;\">\n<h1>Czo\u0142owe miejsca w testach<\/h1>\n<p style=\"margin: 15px 0; line-height: 1.8; clear: both; display: block; width: 100%; float: none; position: static;\">Nowy model Blizzak 6 potwierdzi\u0142 swoj\u0105 klas\u0119 w niezale\u017cnych testach \u2013 m.in. T\u00dcV S\u00dcD i ADAC \u2013 zajmuj\u0105c wysokie pozycje na \u015bniegu, lodzie i mokrej nawierzchni. Opona wyr\u00f3\u017cnia si\u0119 kr\u00f3tk\u0105 drog\u0105 hamowania, \u015bwietn\u0105 przyczepno\u015bci\u0105 oraz przewidywalnym zachowaniem nawet w ekstremalnych zimowych warunkach. To jedna z najlepszych opon zimowych na rynku, idealna dla kierowc\u00f3w oczekuj\u0105cych maksymalnej pewno\u015bci i stabilno\u015bci podczas jazdy w sezonie zimowym.<\/p>\n<\/div>\n<\/div>\n<\/div>\n<\/div>\n<\/div>\n<\/div>\n<div style=\"clear: both; display: block; margin: 10px 0;\">\n","protected":false},"excerpt":{"rendered":"<p>Bridgestone Blizzak 6 275\/45R19 108 W XL FR ENLITEN 3PMSF<\/p>\n<p>Producent: Bridgestone<\/p>\n<p>Model: Blizzak 6<\/p>\n<p>Sezon: zimowe<\/p>\n<p>Rozmiar: 275\/45R19<\/p>\n<p>Data produkcji: 2024<\/p>\n<p>Zu\u017cycie paliwa: klasa C<\/p>\n<p>Przyczepno\u015b\u0107 na mokrym: klasa B<\/p>\n","protected":false},"featured_media":12523,"template":"","meta":{"_uag_custom_page_level_css":""},"product_brand":[397],"product_cat":[414,413,412,415],"product_tag":[],"class_list":{"0":"post-12522","1":"product","2":"type-product","3":"status-publish","4":"has-post-thumbnail","6":"product_brand-bridgestone","7":"product_cat-do-samochodow-osobowych-i-suv","8":"product_cat-opony","9":"product_cat-opony-i-felgi","10":"product_cat-zimowe","12":"first","13":"instock","14":"shipping-taxable","15":"purchasable","16":"product-type-simple"},"uagb_featured_image_src":{"full":["https:\/\/oponixo.shop\/tire\/wp-content\/uploads\/2026\/01\/allegro-image-12522.jpg",373,500,false],"thumbnail":["https:\/\/oponixo.shop\/tire\/wp-content\/uploads\/2026\/01\/allegro-image-12522-150x150.jpg",150,150,true],"medium":["https:\/\/oponixo.shop\/tire\/wp-content\/uploads\/2026\/01\/allegro-image-12522-224x300.jpg",224,300,true],"medium_large":["https:\/\/oponixo.shop\/tire\/wp-content\/uploads\/2026\/01\/allegro-image-12522.jpg",373,500,false],"large":["https:\/\/oponixo.shop\/tire\/wp-content\/uploads\/2026\/01\/allegro-image-12522.jpg",373,500,false],"1536x1536":["https:\/\/oponixo.shop\/tire\/wp-content\/uploads\/2026\/01\/allegro-image-12522.jpg",373,500,false],"2048x2048":["https:\/\/oponixo.shop\/tire\/wp-content\/uploads\/2026\/01\/allegro-image-12522.jpg",373,500,false],"woocommerce_thumbnail":["https:\/\/oponixo.shop\/tire\/wp-content\/uploads\/2026\/01\/allegro-image-12522-300x300.jpg",300,300,true],"woocommerce_single":["https:\/\/oponixo.shop\/tire\/wp-content\/uploads\/2026\/01\/allegro-image-12522.jpg",373,500,false],"woocommerce_gallery_thumbnail":["https:\/\/oponixo.shop\/tire\/wp-content\/uploads\/2026\/01\/allegro-image-12522-100x100.jpg",100,100,true]},"uagb_author_info":{"display_name":"admin","author_link":"https:\/\/oponixo.shop\/tire\/author\/"},"uagb_comment_info":0,"uagb_excerpt":"Bridgestone Blizzak 6 275\/45R19 108 W XL FR ENLITEN 3PMSF Producent: Bridgestone Model: Blizzak 6 Sezon: zimowe Rozmiar: 275\/45R19 Data produkcji: 2024 Zu\u017cycie paliwa: klasa C Przyczepno\u015b\u0107 na mokrym: klasa B","_links":{"self":[{"href":"https:\/\/oponixo.shop\/tire\/wp-json\/wp\/v2\/product\/12522","targetHints":{"allow":["GET"]}}],"collection":[{"href":"https:\/\/oponixo.shop\/tire\/wp-json\/wp\/v2\/product"}],"about":[{"href":"https:\/\/oponixo.shop\/tire\/wp-json\/wp\/v2\/types\/product"}],"wp:featuredmedia":[{"embeddable":true,"href":"https:\/\/oponixo.shop\/tire\/wp-json\/wp\/v2\/media\/12523"}],"wp:attachment":[{"href":"https:\/\/oponixo.shop\/tire\/wp-json\/wp\/v2\/media?parent=12522"}],"wp:term":[{"taxonomy":"product_brand","embeddable":true,"href":"https:\/\/oponixo.shop\/tire\/wp-json\/wp\/v2\/product_brand?post=12522"},{"taxonomy":"product_cat","embeddable":true,"href":"https:\/\/oponixo.shop\/tire\/wp-json\/wp\/v2\/product_cat?post=12522"},{"taxonomy":"product_tag","embeddable":true,"href":"https:\/\/oponixo.shop\/tire\/wp-json\/wp\/v2\/product_tag?post=12522"}],"curies":[{"name":"wp","href":"https:\/\/api.w.org\/{rel}","templated":true}]}}