{"id":12547,"date":"2026-01-03T22:15:05","date_gmt":"2026-01-03T21:15:05","guid":{"rendered":"https:\/\/oponyexpert.shop\/xef5\/produkt\/2x-opony-zimowe-185-65r15-88t-kristall-montero-3-fulda-2025\/"},"modified":"2026-01-03T22:15:07","modified_gmt":"2026-01-03T21:15:07","slug":"2x-opony-zimowe-185-65r15-88t-kristall-montero-3-fulda-2025","status":"publish","type":"product","link":"https:\/\/oponixo.shop\/tire\/produkt\/2x-opony-zimowe-185-65r15-88t-kristall-montero-3-fulda-2025\/","title":{"rendered":"2x Opony zimowe 185\/65R15 88T Kristall Montero 3 FULDA 2025"},"content":{"rendered":"<div style=\"font-family: Arial, sans-serif; line-height: 1.6; color: #333; padding: 20px; clear: both; display: block; width: 100%; float: none; position: static; overflow: hidden;\">\n<div style=\"clear: both; display: block; margin: 10px 0;\">\n<div style=\"clear: both; display: block; margin: 10px 0;\">\n<div style=\"clear: both; display: block; margin: 10px 0;\">\n<h1>2x Opony zimowe 185\/65R15 88T Kristall Montero 3 FULDA 2025<\/h1>\n<\/div>\n<\/div>\n<\/div>\n<div style=\"clear: both; display: block; margin: 10px 0;\">\n<div style=\"clear: both; display: block; margin: 10px 0;\">\n<div style=\"clear: both; display: block; margin: 10px 0;\">\n<div  style=\"max-width:1440px;max-height:100px\">\n<div style=\"clear: both; display: block; margin: 10px 0;\">\n<div style=\"clear: both; width: 100%; display: block; margin: 20px 0; padding: 0; float: none; position: static; text-align: center;\"><img decoding=\"async\"  src=\"https:\/\/a.allegroimg.com\/original\/11f92d\/5b412b0a427fb77538a3e9f62def\/2x-Opony-zimowe-185-65R15-88T-Kristall-Montero-3-FULDA-2025-Kod-EPREL-610018\" srcset=\"https:\/\/a.allegroimg.com\/original\/11f92d\/5b412b0a427fb77538a3e9f62def\/2x-Opony-zimowe-185-65R15-88T-Kristall-Montero-3-FULDA-2025-Kod-EPREL-610018 360w,https:\/\/a.allegroimg.com\/original\/11f92d\/5b412b0a427fb77538a3e9f62def\/2x-Opony-zimowe-185-65R15-88T-Kristall-Montero-3-FULDA-2025-Kod-EPREL-610018 720w,https:\/\/a.allegroimg.com\/original\/11f92d\/5b412b0a427fb77538a3e9f62def\/2x-Opony-zimowe-185-65R15-88T-Kristall-Montero-3-FULDA-2025-Kod-EPREL-610018 1024w,https:\/\/a.allegroimg.com\/original\/11f92d\/5b412b0a427fb77538a3e9f62def\/2x-Opony-zimowe-185-65R15-88T-Kristall-Montero-3-FULDA-2025-Kod-EPREL-610018 1440w,https:\/\/a.allegroimg.com\/original\/11f92d\/5b412b0a427fb77538a3e9f62def\/2x-Opony-zimowe-185-65R15-88T-Kristall-Montero-3-FULDA-2025-Kod-EPREL-610018 1440w\" sizes=\"100vw\" width=\"1440px\" alt=\"2x Opony zimowe 185\/65R15 88T Kristall Montero 3 FULDA 2025 Kod EPREL 610018\"\/ style=\"max-width: 100%; height: auto; display: block; margin: 0 auto;\"><\/div>\n<\/div>\n<\/div>\n<\/div>\n<\/div>\n<\/div>\n<div style=\"clear: both; display: block; margin: 10px 0;\">\n<div style=\"clear: both; display: block; margin: 10px 0;\">\n<div style=\"clear: both; display: block; margin: 10px 0;\">\n<div  style=\"max-width:1547px;max-height:2560px\">\n<div style=\"clear: both; display: block; margin: 10px 0;\">\n<div style=\"clear: both; width: 100%; display: block; margin: 20px 0; padding: 0; float: none; position: static; text-align: center;\"><img decoding=\"async\"  src=\"https:\/\/a.allegroimg.com\/original\/11bdc1\/abe61c4a473cb54d5b14fac4a25f\/2x-Opony-zimowe-185-65R15-88T-Kristall-Montero-3-FULDA-2025-Liczba-opon-w-ofercie-2-szt\" srcset=\"https:\/\/a.allegroimg.com\/original\/11bdc1\/abe61c4a473cb54d5b14fac4a25f\/2x-Opony-zimowe-185-65R15-88T-Kristall-Montero-3-FULDA-2025-Liczba-opon-w-ofercie-2-szt 217w,https:\/\/a.allegroimg.com\/original\/11bdc1\/abe61c4a473cb54d5b14fac4a25f\/2x-Opony-zimowe-185-65R15-88T-Kristall-Montero-3-FULDA-2025-Liczba-opon-w-ofercie-2-szt 435w,https:\/\/a.allegroimg.com\/original\/11bdc1\/abe61c4a473cb54d5b14fac4a25f\/2x-Opony-zimowe-185-65R15-88T-Kristall-Montero-3-FULDA-2025-Liczba-opon-w-ofercie-2-szt 618w,https:\/\/a.allegroimg.com\/original\/11bdc1\/abe61c4a473cb54d5b14fac4a25f\/2x-Opony-zimowe-185-65R15-88T-Kristall-Montero-3-FULDA-2025-Liczba-opon-w-ofercie-2-szt 870w,https:\/\/a.allegroimg.com\/original\/11bdc1\/abe61c4a473cb54d5b14fac4a25f\/2x-Opony-zimowe-185-65R15-88T-Kristall-Montero-3-FULDA-2025-Liczba-opon-w-ofercie-2-szt 1547w\" sizes=\"(min-width: 1200px) 560px, (min-width: 992px) 50vw, 100vw\" width=\"1547px\" alt=\"2x Opony zimowe 185\/65R15 88T Kristall Montero 3 FULDA 2025 Liczba opon w ofercie 2 szt.\"\/ style=\"max-width: 100%; height: auto; display: block; margin: 0 auto;\"><\/div>\n<\/div>\n<\/div>\n<\/div>\n<\/div>\n<div style=\"clear: both; display: block; margin: 10px 0;\">\n<div style=\"clear: both; display: block; margin: 10px 0;\">\n<h1>FULDA Kristall Montero 3 185\/65R15<\/h1>\n<h3 style=\"color: #2c5aa0; font-size: 18px; margin: 30px 0 15px 0; font-weight: bold; clear: both; display: block; width: 100%; float: none; position: static;\">Dane podstawowe<\/h3>\n<p style=\"margin: 15px 0; line-height: 1.8; clear: both; display: block; width: 100%; float: none; position: static;\"><b>Stan:<\/b> Opony fabrycznie nowe<\/p>\n<p style=\"margin: 15px 0; line-height: 1.8; clear: both; display: block; width: 100%; float: none; position: static;\"><b>Producent:<\/b> FULDA<\/p>\n<p style=\"margin: 15px 0; line-height: 1.8; clear: both; display: block; width: 100%; float: none; position: static;\"><b>Model:<\/b> Kristall Montero 3<\/p>\n<p style=\"margin: 15px 0; line-height: 1.8; clear: both; display: block; width: 100%; float: none; position: static;\"><b>Klasa opon:<\/b> \u015arednia<\/p>\n<p style=\"margin: 15px 0; line-height: 1.8; clear: both; display: block; width: 100%; float: none; position: static;\"><b>Sezon:<\/b> Opony zimowe<\/p>\n<p style=\"margin: 15px 0; line-height: 1.8; clear: both; display: block; width: 100%; float: none; position: static;\"><b>Szeroko\u015b\u0107:<\/b> 185<\/p>\n<p style=\"margin: 15px 0; line-height: 1.8; clear: both; display: block; width: 100%; float: none; position: static;\"><b>Profil:<\/b> 65<\/p>\n<p style=\"margin: 15px 0; line-height: 1.8; clear: both; display: block; width: 100%; float: none; position: static;\"><b>\u015arednica:<\/b> 15<\/p>\n<p style=\"margin: 15px 0; line-height: 1.8; clear: both; display: block; width: 100%; float: none; position: static;\"><b>Indeks pr\u0119dko\u015bci:<\/b> T &#8211; do 190 km\/h<\/p>\n<p style=\"margin: 15px 0; line-height: 1.8; clear: both; display: block; width: 100%; float: none; position: static;\"><b>Indeks no\u015bno\u015bci:<\/b> 88 &#8211; 560 kg na opon\u0119<\/p>\n<p style=\"margin: 15px 0; line-height: 1.8; clear: both; display: block; width: 100%; float: none; position: static;\"><b>Rok produkcji:<\/b> 2025<\/p>\n<\/div>\n<\/div>\n<\/div>\n<div style=\"clear: both; display: block; margin: 10px 0;\">\n<div style=\"clear: both; display: block; margin: 10px 0;\">\n<div style=\"clear: both; display: block; margin: 10px 0;\">\n<div  style=\"max-width:2560px;max-height:2560px\">\n<div style=\"clear: both; display: block; margin: 10px 0;\">\n<div style=\"clear: both; width: 100%; display: block; margin: 20px 0; padding: 0; float: none; position: static; text-align: center;\"><img decoding=\"async\"  src=\"https:\/\/a.allegroimg.com\/original\/11b3da\/3b38946946c2b3e56b5772d46792\/2x-Opony-zimowe-185-65R15-88T-Kristall-Montero-3-FULDA-2025-Rok-produkcji-2025\" srcset=\"https:\/\/a.allegroimg.com\/original\/11b3da\/3b38946946c2b3e56b5772d46792\/2x-Opony-zimowe-185-65R15-88T-Kristall-Montero-3-FULDA-2025-Rok-produkcji-2025 360w,https:\/\/a.allegroimg.com\/original\/11b3da\/3b38946946c2b3e56b5772d46792\/2x-Opony-zimowe-185-65R15-88T-Kristall-Montero-3-FULDA-2025-Rok-produkcji-2025 720w,https:\/\/a.allegroimg.com\/original\/11b3da\/3b38946946c2b3e56b5772d46792\/2x-Opony-zimowe-185-65R15-88T-Kristall-Montero-3-FULDA-2025-Rok-produkcji-2025 1024w,https:\/\/a.allegroimg.com\/original\/11b3da\/3b38946946c2b3e56b5772d46792\/2x-Opony-zimowe-185-65R15-88T-Kristall-Montero-3-FULDA-2025-Rok-produkcji-2025 1440w,https:\/\/a.allegroimg.com\/original\/11b3da\/3b38946946c2b3e56b5772d46792\/2x-Opony-zimowe-185-65R15-88T-Kristall-Montero-3-FULDA-2025-Rok-produkcji-2025 2560w\" sizes=\"(min-width: 1200px) 560px, (min-width: 992px) 50vw, 100vw\" width=\"2560px\" alt=\"2x Opony zimowe 185\/65R15 88T Kristall Montero 3 FULDA 2025 Rok produkcji 2025\"\/ style=\"max-width: 100%; height: auto; display: block; margin: 0 auto;\"><\/div>\n<\/div>\n<\/div>\n<\/div>\n<\/div>\n<div style=\"clear: both; display: block; margin: 10px 0;\">\n<div style=\"clear: both; display: block; margin: 10px 0;\">\n<h3 style=\"color: #2c5aa0; font-size: 18px; margin: 30px 0 15px 0; font-weight: bold; clear: both; display: block; width: 100%; float: none; position: static;\">Informacje szczeg\u00f3\u0142owe<\/h3>\n<p style=\"margin: 15px 0; line-height: 1.8; clear: both; display: block; width: 100%; float: none; position: static;\"><b>Op\u00f3r toczenia: <\/b>Klasa C<\/p>\n<p style=\"margin: 15px 0; line-height: 1.8; clear: both; display: block; width: 100%; float: none; position: static;\"><b>Przyczepno\u015b\u0107 na mokrej nawierzchni: <\/b>Klasa C<\/p>\n<p style=\"margin: 15px 0; line-height: 1.8; clear: both; display: block; width: 100%; float: none; position: static;\"><b>Poziom ha\u0142asu zewn\u0119trznego: <\/b>Klasa B<\/p>\n<p style=\"margin: 15px 0; line-height: 1.8; clear: both; display: block; width: 100%; float: none; position: static;\"><b>Ha\u0142as zewn\u0119trzny: <\/b>71 dB<\/p>\n<p style=\"margin: 15px 0; line-height: 1.8; clear: both; display: block; width: 100%; float: none; position: static;\"><b>Przeznaczenie: <\/b>Opona do samochod\u00f3w osobowych, SUV oraz z nap\u0119dem 4&#215;4<\/p>\n<p style=\"margin: 15px 0; line-height: 1.8; clear: both; display: block; width: 100%; float: none; position: static;\"><b>Kod producenta: <\/b>531028<\/p>\n<p style=\"margin: 15px 0; line-height: 1.8; clear: both; display: block; width: 100%; float: none; position: static;\"><b>Kod QR: <\/b>eprel.ec.europa.eu\/qr\/610018<\/p>\n<p style=\"margin: 15px 0; line-height: 1.8; clear: both; display: block; width: 100%; float: none; position: static;\"><b>Waga opony: <\/b>7.7 kg<\/p>\n<\/div>\n<\/div>\n<\/div>\n<div style=\"clear: both; display: block; margin: 10px 0;\">\n<div style=\"clear: both; display: block; margin: 10px 0;\">\n<div style=\"clear: both; display: block; margin: 10px 0;\">\n<p style=\"margin: 15px 0; line-height: 1.8; clear: both; display: block; width: 100%; float: none; position: static;\">*Zdj\u0119cia przedstawione w ofercie maj\u0105 <b>charakter pogl\u0105dowy<\/b>. Rzeczywisty wygl\u0105d mo\u017ce r\u00f3\u017cni\u0107 si\u0119 od prezentowanego w zale\u017cno\u015bci od rozmiaru produktu.<\/p>\n<\/div>\n<\/div>\n<\/div>\n<div style=\"clear: both; display: block; margin: 10px 0;\">\n<div style=\"clear: both; display: block; margin: 10px 0;\">\n<div style=\"clear: both; display: block; margin: 10px 0;\">\n<h1>KRISTALL MONTERO 3<\/h1>\n<h2>Opona zimowa, uzyskuj\u0105ca wysokie osi\u0105gi<\/h2>\n<p style=\"margin: 15px 0; line-height: 1.8; clear: both; display: block; width: 100%; float: none; position: static;\">Ciesz si\u0119 bardzo dobrymi w\u0142asno\u015bciami trakcyjnymi w ka\u017cdych zimowych warunkach. Opona Kristall Montero 3 bez problemu radzi sobie z ch\u0142odem, deszczem, \u015bniegiem i lodem, a do tego jest przyst\u0119pna cenowo.<\/p>\n<h3 style=\"color: #2c5aa0; font-size: 18px; margin: 30px 0 15px 0; font-weight: bold; clear: both; display: block; width: 100%; float: none; position: static;\">Bardzo dobra trakcja na \u015bniegu<\/h3>\n<ul style=\"margin: 15px 0; padding-left: 20px; clear: both; display: block; width: 100%; float: none; position: static;\">\n<li style=\"margin: 5px 0; padding: 2px 0; clear: both; display: list-item; float: none; position: static;\">Ciesz si\u0119 bardzo dobrymi w\u0142asno\u015bciami trakcyjnymi w okresie zimowym dzi\u0119ki technologii SnowCatcher firmy Fulda. Rowki w centralnej strefie bie\u017cnika tworz\u0105 sie\u0107 wzajemnie blokuj\u0105cych si\u0119 klock\u00f3w chwytaj\u0105cych \u015bnieg, zwi\u0119kszaj\u0105c przyczepno\u015b\u0107 opony na za\u015bnie\u017conej drodze.<\/li>\n<\/ul>\n<h3 style=\"color: #2c5aa0; font-size: 18px; margin: 30px 0 15px 0; font-weight: bold; clear: both; display: block; width: 100%; float: none; position: static;\">Dobrze spisuje si\u0119 w ka\u017cdych warunkach<\/h3>\n<ul style=\"margin: 15px 0; padding-left: 20px; clear: both; display: block; width: 100%; float: none; position: static;\">\n<li style=\"margin: 5px 0; padding: 2px 0; clear: both; display: list-item; float: none; position: static;\">W oponie Kristall Montero 3 zastosowano technologi\u0119 Bubble Blade. Zwi\u0119kszona liczba tr\u00f3jwymiarowych lameli zapewnienia lepsz\u0105 przyczepno\u015bci na \u015bniegu i lodzie, za\u015b zimowy wz\u00f3r bie\u017cnika daje stabilne prowadzenie na \u015bnie\u017cnych drogach.<\/li>\n<\/ul>\n<h3 style=\"color: #2c5aa0; font-size: 18px; margin: 30px 0 15px 0; font-weight: bold; clear: both; display: block; width: 100%; float: none; position: static;\">Bardzo dobra przyczepno\u015b\u0107 w niskich temperaturach<\/h3>\n<ul style=\"margin: 15px 0; padding-left: 20px; clear: both; display: block; width: 100%; float: none; position: static;\">\n<li style=\"margin: 5px 0; padding: 2px 0; clear: both; display: list-item; float: none; position: static;\">W oponie zastosowano specjaln\u0105 mieszank\u0119 gumow\u0105, kt\u00f3ra pozostaje elastyczna w niskich temperaturach. Dzi\u0119ki temu opona zachowuje znakomite parametry u\u017cytkowe nawet w bardzo niskich temperaturach.<\/li>\n<\/ul>\n<h3 style=\"color: #2c5aa0; font-size: 18px; margin: 30px 0 15px 0; font-weight: bold; clear: both; display: block; width: 100%; float: none; position: static;\">SNOW CATCHER TECHNOLOGY<\/h3>\n<ul style=\"margin: 15px 0; padding-left: 20px; clear: both; display: block; width: 100%; float: none; position: static;\">\n<li style=\"margin: 5px 0; padding: 2px 0; clear: both; display: list-item; float: none; position: static;\">Technologia Snow Catcher zapewnia wgryzanie si\u0119 opony w \u015bnie\u017cn\u0105 nawierzchni\u0119, co zwi\u0119ksza przyczepno\u015b\u0107 samochodu na w zimowych warunkach.<\/li>\n<\/ul>\n<\/div>\n<\/div>\n<\/div>\n<div style=\"clear: both; display: block; margin: 10px 0;\">\n<div style=\"clear: both; display: block; margin: 10px 0;\">\n<div style=\"clear: both; display: block; margin: 10px 0;\">\n<div  style=\"max-width:886px;max-height:1299px\">\n<div style=\"clear: both; display: block; margin: 10px 0;\">\n<div style=\"clear: both; width: 100%; display: block; margin: 20px 0; padding: 0; float: none; position: static; text-align: center;\"><img decoding=\"async\"  src=\"https:\/\/a.allegroimg.com\/original\/11c261\/24f4a11d48af863a7a54f12117ca\/2x-Opony-zimowe-185-65R15-88T-Kristall-Montero-3-FULDA-2025-Waga-produktu-z-opakowaniem-jednostkowym-18-kg\" srcset=\"https:\/\/a.allegroimg.com\/original\/11c261\/24f4a11d48af863a7a54f12117ca\/2x-Opony-zimowe-185-65R15-88T-Kristall-Montero-3-FULDA-2025-Waga-produktu-z-opakowaniem-jednostkowym-18-kg 245w,https:\/\/a.allegroimg.com\/original\/11c261\/24f4a11d48af863a7a54f12117ca\/2x-Opony-zimowe-185-65R15-88T-Kristall-Montero-3-FULDA-2025-Waga-produktu-z-opakowaniem-jednostkowym-18-kg 491w,https:\/\/a.allegroimg.com\/original\/11c261\/24f4a11d48af863a7a54f12117ca\/2x-Opony-zimowe-185-65R15-88T-Kristall-Montero-3-FULDA-2025-Waga-produktu-z-opakowaniem-jednostkowym-18-kg 698w,https:\/\/a.allegroimg.com\/original\/11c261\/24f4a11d48af863a7a54f12117ca\/2x-Opony-zimowe-185-65R15-88T-Kristall-Montero-3-FULDA-2025-Waga-produktu-z-opakowaniem-jednostkowym-18-kg 886w,https:\/\/a.allegroimg.com\/original\/11c261\/24f4a11d48af863a7a54f12117ca\/2x-Opony-zimowe-185-65R15-88T-Kristall-Montero-3-FULDA-2025-Waga-produktu-z-opakowaniem-jednostkowym-18-kg 886w\" sizes=\"(min-width: 1200px) 560px, (min-width: 992px) 50vw, 100vw\" width=\"886px\" alt=\"2x Opony zimowe 185\/65R15 88T Kristall Montero 3 FULDA 2025 Waga produktu z opakowaniem jednostkowym 18 kg\"\/ style=\"max-width: 100%; height: auto; display: block; margin: 0 auto;\"><\/div>\n<\/div>\n<\/div>\n<\/div>\n<\/div>\n<div style=\"clear: both; display: block; margin: 10px 0;\">\n<div style=\"clear: both; display: block; margin: 10px 0;\">\n<p style=\"margin: 15px 0; line-height: 1.8; clear: both; display: block; width: 100%; float: none; position: static;\"><b>Etykiety Unijne na oponach<\/b> pomagaj\u0105 konsumentom w podj\u0119ciu \u015bwiadomej decyzji o zakupie.<\/p>\n<p style=\"margin: 15px 0; line-height: 1.8; clear: both; display: block; width: 100%; float: none; position: static;\"><b>Op\u00f3r toczenia<\/b> w oponie jest wska\u017anikiem jej efektywno\u015bci energetycznej, co ma wp\u0142yw na zu\u017cycie paliwa oraz emisj\u0119 spalin. Klasa oporu toczenia waha si\u0119 od A (najwydajniejsza) do E (najni\u017csza).<\/p>\n<p style=\"margin: 15px 0; line-height: 1.8; clear: both; display: block; width: 100%; float: none; position: static;\"><b>Droga hamowania na mokrej nawierzchni<\/b> zale\u017cy od zdolno\u015bci opony do trzymania si\u0119 drogi na mokrej nawierzchni. Klasa A okre\u015bla najkr\u00f3tsz\u0105 drog\u0119, za\u015b E najd\u0142u\u017csz\u0105. Opona z etykiet\u0105 E hamuje 18 metr\u00f3w dalej w por\u00f3wnaniu z opon\u0105 z etykiet\u0105 A (procedura testowa, w kt\u00f3rej mierzy si\u0119 drog\u0119 hamowania od 80 km\/h do 5 km\/h na drodze pokrytej wod\u0105).<\/p>\n<p style=\"margin: 15px 0; line-height: 1.8; clear: both; display: block; width: 100%; float: none; position: static;\"><b>Ha\u0142as zewn\u0119trzny<\/b> odnosi si\u0119 do ha\u0142asu wytwarzanego przez opon\u0119 podczas przejazdu samochodu i jest mierzony w dB (decybelach). Ha\u0142as opon mierzony jest na zewn\u0105trz pojazdu co ma za zadanie ograniczy\u0107 negatywny wp\u0142yw na otoczenie.<\/p>\n<\/div>\n<\/div>\n<\/div>\n<\/div>\n<\/div>\n<\/div>\n<div style=\"clear: both; display: block; margin: 10px 0;\">\n","protected":false},"excerpt":{"rendered":"<p>2x Opony zimowe 185\/65R15 88T Kristall Montero 3 FULDA 2025<\/p>\n<p>FULDA Kristall Montero 3 185\/65R15<\/p>\n<p>Dane podstawowe<\/p>\n<p>Stan: Opony fabrycznie nowe<\/p>\n<p>Producent: FULDA<\/p>\n<p>Model: Kristall Montero 3<\/p>\n<p>Klasa opon: \u015arednia<\/p>\n<p>Sezon: Opony zimowe<\/p>\n","protected":false},"featured_media":12548,"template":"","meta":{"_uag_custom_page_level_css":""},"product_brand":[399],"product_cat":[414,413,412,415],"product_tag":[],"class_list":{"0":"post-12547","1":"product","2":"type-product","3":"status-publish","4":"has-post-thumbnail","6":"product_brand-fulda","7":"product_cat-do-samochodow-osobowych-i-suv","8":"product_cat-opony","9":"product_cat-opony-i-felgi","10":"product_cat-zimowe","12":"first","13":"instock","14":"shipping-taxable","15":"purchasable","16":"product-type-simple"},"uagb_featured_image_src":{"full":["https:\/\/oponixo.shop\/tire\/wp-content\/uploads\/2026\/01\/allegro-image-12547.jpg",2560,2560,false],"thumbnail":["https:\/\/oponixo.shop\/tire\/wp-content\/uploads\/2026\/01\/allegro-image-12547-150x150.jpg",150,150,true],"medium":["https:\/\/oponixo.shop\/tire\/wp-content\/uploads\/2026\/01\/allegro-image-12547-300x300.jpg",300,300,true],"medium_large":["https:\/\/oponixo.shop\/tire\/wp-content\/uploads\/2026\/01\/allegro-image-12547-768x768.jpg",768,768,true],"large":["https:\/\/oponixo.shop\/tire\/wp-content\/uploads\/2026\/01\/allegro-image-12547-1024x1024.jpg",1024,1024,true],"1536x1536":["https:\/\/oponixo.shop\/tire\/wp-content\/uploads\/2026\/01\/allegro-image-12547-1536x1536.jpg",1536,1536,true],"2048x2048":["https:\/\/oponixo.shop\/tire\/wp-content\/uploads\/2026\/01\/allegro-image-12547-2048x2048.jpg",2048,2048,true],"woocommerce_thumbnail":["https:\/\/oponixo.shop\/tire\/wp-content\/uploads\/2026\/01\/allegro-image-12547-300x300.jpg",300,300,true],"woocommerce_single":["https:\/\/oponixo.shop\/tire\/wp-content\/uploads\/2026\/01\/allegro-image-12547-600x600.jpg",600,600,true],"woocommerce_gallery_thumbnail":["https:\/\/oponixo.shop\/tire\/wp-content\/uploads\/2026\/01\/allegro-image-12547-100x100.jpg",100,100,true]},"uagb_author_info":{"display_name":"admin","author_link":"https:\/\/oponixo.shop\/tire\/author\/"},"uagb_comment_info":0,"uagb_excerpt":"2x Opony zimowe 185\/65R15 88T Kristall Montero 3 FULDA 2025 FULDA Kristall Montero 3 185\/65R15 Dane podstawowe Stan: Opony fabrycznie nowe Producent: FULDA Model: Kristall Montero 3 Klasa opon: \u015arednia Sezon: Opony zimowe","_links":{"self":[{"href":"https:\/\/oponixo.shop\/tire\/wp-json\/wp\/v2\/product\/12547","targetHints":{"allow":["GET"]}}],"collection":[{"href":"https:\/\/oponixo.shop\/tire\/wp-json\/wp\/v2\/product"}],"about":[{"href":"https:\/\/oponixo.shop\/tire\/wp-json\/wp\/v2\/types\/product"}],"wp:featuredmedia":[{"embeddable":true,"href":"https:\/\/oponixo.shop\/tire\/wp-json\/wp\/v2\/media\/12548"}],"wp:attachment":[{"href":"https:\/\/oponixo.shop\/tire\/wp-json\/wp\/v2\/media?parent=12547"}],"wp:term":[{"taxonomy":"product_brand","embeddable":true,"href":"https:\/\/oponixo.shop\/tire\/wp-json\/wp\/v2\/product_brand?post=12547"},{"taxonomy":"product_cat","embeddable":true,"href":"https:\/\/oponixo.shop\/tire\/wp-json\/wp\/v2\/product_cat?post=12547"},{"taxonomy":"product_tag","embeddable":true,"href":"https:\/\/oponixo.shop\/tire\/wp-json\/wp\/v2\/product_tag?post=12547"}],"curies":[{"name":"wp","href":"https:\/\/api.w.org\/{rel}","templated":true}]}}