{"id":12567,"date":"2026-01-03T22:57:42","date_gmt":"2026-01-03T21:57:42","guid":{"rendered":"https:\/\/oponyexpert.shop\/xef5\/produkt\/4x-continental-wintercontact-ts-870-175-65r17-87h-fr-2024-r\/"},"modified":"2026-01-03T22:57:42","modified_gmt":"2026-01-03T21:57:42","slug":"4x-continental-wintercontact-ts-870-175-65r17-87h-fr-2024-r","status":"publish","type":"product","link":"https:\/\/oponixo.shop\/tire\/produkt\/4x-continental-wintercontact-ts-870-175-65r17-87h-fr-2024-r\/","title":{"rendered":"4x CONTINENTAL WinterContact TS 870 175\/65R17 87H FR 2024 r"},"content":{"rendered":"<div style=\"font-family: Arial, sans-serif; line-height: 1.6; color: #333; padding: 20px; clear: both; display: block; width: 100%; float: none; position: static; overflow: hidden;\">\n<div style=\"clear: both; display: block; margin: 10px 0;\">\n<div style=\"clear: both; display: block; margin: 10px 0;\">\n<div style=\"clear: both; display: block; margin: 10px 0;\">\n<h1>Rok produkcji: 2024<\/h1>\n<\/div>\n<\/div>\n<\/div>\n<div style=\"clear: both; display: block; margin: 10px 0;\">\n<div style=\"clear: both; display: block; margin: 10px 0;\">\n<div style=\"clear: both; display: block; margin: 10px 0;\">\n<div  style=\"max-width:1200px;max-height:1126px\">\n<div style=\"clear: both; display: block; margin: 10px 0;\">\n<div style=\"clear: both; width: 100%; display: block; margin: 20px 0; padding: 0; float: none; position: static; text-align: center;\"><img decoding=\"async\"  src=\"https:\/\/a.allegroimg.com\/original\/11c52d\/46ac1c5d485d96f7bf54dc14b3f4\/4x-CONTINENTAL-WinterContact-TS-870-175-65R17-87H-FR-2024-r\" srcset=\"https:\/\/a.allegroimg.com\/original\/11c52d\/46ac1c5d485d96f7bf54dc14b3f4\/4x-CONTINENTAL-WinterContact-TS-870-175-65R17-87H-FR-2024-r 360w,https:\/\/a.allegroimg.com\/original\/11c52d\/46ac1c5d485d96f7bf54dc14b3f4\/4x-CONTINENTAL-WinterContact-TS-870-175-65R17-87H-FR-2024-r 720w,https:\/\/a.allegroimg.com\/original\/11c52d\/46ac1c5d485d96f7bf54dc14b3f4\/4x-CONTINENTAL-WinterContact-TS-870-175-65R17-87H-FR-2024-r 1024w,https:\/\/a.allegroimg.com\/original\/11c52d\/46ac1c5d485d96f7bf54dc14b3f4\/4x-CONTINENTAL-WinterContact-TS-870-175-65R17-87H-FR-2024-r 1200w,https:\/\/a.allegroimg.com\/original\/11c52d\/46ac1c5d485d96f7bf54dc14b3f4\/4x-CONTINENTAL-WinterContact-TS-870-175-65R17-87H-FR-2024-r 1200w\" sizes=\"(min-width: 1200px) 560px, (min-width: 992px) 50vw, 100vw\" width=\"1200px\" alt=\"4x CONTINENTAL WinterContact TS 870 175\/65R17 87H FR 2024 r\"\/ style=\"max-width: 100%; height: auto; display: block; margin: 0 auto;\"><\/div>\n<\/div>\n<\/div>\n<\/div>\n<\/div>\n<div style=\"clear: both; display: block; margin: 10px 0;\">\n<div style=\"clear: both; display: block; margin: 10px 0;\">\n<h1>CONTINENTAL WinterContact TS 870 175\/65R17 87H FR<\/h1>\n<h2>G1750Y<\/h2>\n<ul style=\"margin: 15px 0; padding-left: 20px; clear: both; display: block; width: 100%; float: none; position: static;\">\n<li style=\"margin: 5px 0; padding: 2px 0; clear: both; display: list-item; float: none; position: static;\"><b>Data produkcji :<\/b> 2024<\/li>\n<li style=\"margin: 5px 0; padding: 2px 0; clear: both; display: list-item; float: none; position: static;\"><b>Hamowanie na mokrej nawierzchni :<\/b> C<\/li>\n<li style=\"margin: 5px 0; padding: 2px 0; clear: both; display: list-item; float: none; position: static;\"><b>Indeks :<\/b> 175\/65R17 ZOCO 87H T870<\/li>\n<li style=\"margin: 5px 0; padding: 2px 0; clear: both; display: list-item; float: none; position: static;\"><b>Indeks no\u015bno\u015bci :<\/b> 87<\/li>\n<li style=\"margin: 5px 0; padding: 2px 0; clear: both; display: list-item; float: none; position: static;\"><b>Indeks pr\u0119dko\u015bci :<\/b> H &#8211; 210 km\/h<\/li>\n<li style=\"margin: 5px 0; padding: 2px 0; clear: both; display: list-item; float: none; position: static;\"><b>Karta informacyjna produktu :<\/b> https:\/\/eprel.ec.europa.eu\/qr\/1557401<\/li>\n<li style=\"margin: 5px 0; padding: 2px 0; clear: both; display: list-item; float: none; position: static;\"><b>Klasa opony :<\/b> premium<\/li>\n<li style=\"margin: 5px 0; padding: 2px 0; clear: both; display: list-item; float: none; position: static;\"><b>Kod EAN :<\/b> 4019238283181<\/li>\n<li style=\"margin: 5px 0; padding: 2px 0; clear: both; display: list-item; float: none; position: static;\"><b>Kod producenta :<\/b> 3201900000<\/li>\n<li style=\"margin: 5px 0; padding: 2px 0; clear: both; display: list-item; float: none; position: static;\"><b>Liczba decybeli :<\/b> 71 dB<\/li>\n<li style=\"margin: 5px 0; padding: 2px 0; clear: both; display: list-item; float: none; position: static;\"><b>Model bie\u017cnika :<\/b> WinterContact TS 870<\/li>\n<li style=\"margin: 5px 0; padding: 2px 0; clear: both; display: list-item; float: none; position: static;\"><b>Nazwa produktu :<\/b> CONTINENTAL WinterContact TS 870 175\/65R17 87H FR<\/li>\n<li style=\"margin: 5px 0; padding: 2px 0; clear: both; display: list-item; float: none; position: static;\"><b>opona na dedykowan\u0105 o\u015b :<\/b> Prz\u00f3d\/Ty\u0142<\/li>\n<li style=\"margin: 5px 0; padding: 2px 0; clear: both; display: list-item; float: none; position: static;\"><b>Op\u00f3r toczenia :<\/b> C<\/li>\n<li style=\"margin: 5px 0; padding: 2px 0; clear: both; display: list-item; float: none; position: static;\"><b>Poziom emisji ha\u0142asu :<\/b> B<\/li>\n<li style=\"margin: 5px 0; padding: 2px 0; clear: both; display: list-item; float: none; position: static;\"><b>Producent :<\/b> CONTINENTAL<\/li>\n<li style=\"margin: 5px 0; padding: 2px 0; clear: both; display: list-item; float: none; position: static;\"><b>Profil :<\/b> 65<\/li>\n<li style=\"margin: 5px 0; padding: 2px 0; clear: both; display: list-item; float: none; position: static;\"><b>Przeznaczenie :<\/b> samochody osobowe, SUV\/4&#215;4<\/li>\n<li style=\"margin: 5px 0; padding: 2px 0; clear: both; display: list-item; float: none; position: static;\"><b>Przyczepno\u015b\u0107 na lodzie :<\/b> Nie<\/li>\n<li style=\"margin: 5px 0; padding: 2px 0; clear: both; display: list-item; float: none; position: static;\"><b>Przyczepno\u015b\u0107 na \u015bniegu :<\/b> Tak<\/li>\n<li style=\"margin: 5px 0; padding: 2px 0; clear: both; display: list-item; float: none; position: static;\"><b>QR kod :<\/b> https:\/\/eprel.ec.europa.eu\/qr\/1557401<\/li>\n<li style=\"margin: 5px 0; padding: 2px 0; clear: both; display: list-item; float: none; position: static;\"><b>Rant opony :<\/b> FR<\/li>\n<li style=\"margin: 5px 0; padding: 2px 0; clear: both; display: list-item; float: none; position: static;\"><b>Sezon :<\/b> zimowa<\/li>\n<li style=\"margin: 5px 0; padding: 2px 0; clear: both; display: list-item; float: none; position: static;\"><b>\u015arednica :<\/b> 17&#8243;<\/li>\n<li style=\"margin: 5px 0; padding: 2px 0; clear: both; display: list-item; float: none; position: static;\"><b>Szeroko\u015b\u0107 :<\/b> 175<\/li>\n<\/ul>\n<\/div>\n<\/div>\n<\/div>\n<div style=\"clear: both; display: block; margin: 10px 0;\">\n<div style=\"clear: both; display: block; margin: 10px 0;\">\n<div style=\"clear: both; display: block; margin: 10px 0;\">\n<p style=\"margin: 15px 0; line-height: 1.8; clear: both; display: block; width: 100%; float: none; position: static;\">POZNAJ WinterContact\u2122 TS 870<\/p>\n<h2>Ka\u017cda zima pod kontrol\u0105!<\/h2>\n<\/div>\n<\/div>\n<div style=\"clear: both; display: block; margin: 10px 0;\">\n<div style=\"clear: both; display: block; margin: 10px 0;\">\n<div  style=\"max-width:886px;max-height:1299px\">\n<div style=\"clear: both; display: block; margin: 10px 0;\">\n<div style=\"clear: both; width: 100%; display: block; margin: 20px 0; padding: 0; float: none; position: static; text-align: center;\"><img decoding=\"async\"  src=\"https:\/\/a.allegroimg.com\/original\/11b860\/55a1c9fb4ecca98d66c29d81f0f3\/4x-CONTINENTAL-WinterContact-TS-870-175-65R17-87H-FR-2024-r-Srednica-17\" srcset=\"https:\/\/a.allegroimg.com\/original\/11b860\/55a1c9fb4ecca98d66c29d81f0f3\/4x-CONTINENTAL-WinterContact-TS-870-175-65R17-87H-FR-2024-r-Srednica-17 245w,https:\/\/a.allegroimg.com\/original\/11b860\/55a1c9fb4ecca98d66c29d81f0f3\/4x-CONTINENTAL-WinterContact-TS-870-175-65R17-87H-FR-2024-r-Srednica-17 491w,https:\/\/a.allegroimg.com\/original\/11b860\/55a1c9fb4ecca98d66c29d81f0f3\/4x-CONTINENTAL-WinterContact-TS-870-175-65R17-87H-FR-2024-r-Srednica-17 698w,https:\/\/a.allegroimg.com\/original\/11b860\/55a1c9fb4ecca98d66c29d81f0f3\/4x-CONTINENTAL-WinterContact-TS-870-175-65R17-87H-FR-2024-r-Srednica-17 886w,https:\/\/a.allegroimg.com\/original\/11b860\/55a1c9fb4ecca98d66c29d81f0f3\/4x-CONTINENTAL-WinterContact-TS-870-175-65R17-87H-FR-2024-r-Srednica-17 886w\" sizes=\"(min-width: 1200px) 560px, (min-width: 992px) 50vw, 100vw\" width=\"886px\" alt=\"4x CONTINENTAL WinterContact TS 870 175\/65R17 87H FR 2024 r \u015arednica 17&quot;\"\/ style=\"max-width: 100%; height: auto; display: block; margin: 0 auto;\"><\/div>\n<\/div>\n<\/div>\n<\/div>\n<\/div>\n<\/div>\n<div style=\"clear: both; display: block; margin: 10px 0;\">\n<div style=\"clear: both; display: block; margin: 10px 0;\">\n<div style=\"clear: both; display: block; margin: 10px 0;\">\n<div  style=\"max-width:1198px;max-height:546px\">\n<div style=\"clear: both; display: block; margin: 10px 0;\">\n<div style=\"clear: both; width: 100%; display: block; margin: 20px 0; padding: 0; float: none; position: static; text-align: center;\"><img decoding=\"async\"  src=\"https:\/\/a.allegroimg.com\/original\/112110\/077ae6e342fc80e1412ad189381d\/4x-CONTINENTAL-WinterContact-TS-870-175-65R17-87H-FR-2024-r-Waga-produktu-z-opakowaniem-jednostkowym-32-kg\" srcset=\"https:\/\/a.allegroimg.com\/original\/112110\/077ae6e342fc80e1412ad189381d\/4x-CONTINENTAL-WinterContact-TS-870-175-65R17-87H-FR-2024-r-Waga-produktu-z-opakowaniem-jednostkowym-32-kg 360w,https:\/\/a.allegroimg.com\/original\/112110\/077ae6e342fc80e1412ad189381d\/4x-CONTINENTAL-WinterContact-TS-870-175-65R17-87H-FR-2024-r-Waga-produktu-z-opakowaniem-jednostkowym-32-kg 720w,https:\/\/a.allegroimg.com\/original\/112110\/077ae6e342fc80e1412ad189381d\/4x-CONTINENTAL-WinterContact-TS-870-175-65R17-87H-FR-2024-r-Waga-produktu-z-opakowaniem-jednostkowym-32-kg 1024w,https:\/\/a.allegroimg.com\/original\/112110\/077ae6e342fc80e1412ad189381d\/4x-CONTINENTAL-WinterContact-TS-870-175-65R17-87H-FR-2024-r-Waga-produktu-z-opakowaniem-jednostkowym-32-kg 1198w,https:\/\/a.allegroimg.com\/original\/112110\/077ae6e342fc80e1412ad189381d\/4x-CONTINENTAL-WinterContact-TS-870-175-65R17-87H-FR-2024-r-Waga-produktu-z-opakowaniem-jednostkowym-32-kg 1198w\" sizes=\"100vw\" width=\"1198px\" alt=\"4x CONTINENTAL WinterContact TS 870 175\/65R17 87H FR 2024 r Waga produktu z opakowaniem jednostkowym 32 kg\"\/ style=\"max-width: 100%; height: auto; display: block; margin: 0 auto;\"><\/div>\n<\/div>\n<\/div>\n<\/div>\n<\/div>\n<\/div>\n<div style=\"clear: both; display: block; margin: 10px 0;\">\n<div style=\"clear: both; display: block; margin: 10px 0;\">\n<div style=\"clear: both; display: block; margin: 10px 0;\">\n<h2>WinterContact\u2122 TS 870<\/h2>\n<h1>Niemiecka technologia w zimowym wydaniu<\/h1>\n<\/div>\n<\/div>\n<\/div>\n<div style=\"clear: both; display: block; margin: 10px 0;\">\n<div style=\"clear: both; display: block; margin: 10px 0;\">\n<div style=\"clear: both; display: block; margin: 10px 0;\">\n<h2>Kontrola daje spok\u00f3j<\/h2>\n<p style=\"margin: 15px 0; line-height: 1.8; clear: both; display: block; width: 100%; float: none; position: static;\">Dzi\u0119ki <b>koncepcji potr\u00f3jnych lameli opona zapewnia<br \/>\nniezawodn\u0105 kontrol\u0119 i minimaln\u0105 drog\u0119 hamowania<\/b><br \/>\nnawet podczas opad\u00f3w \u015bniegu lub na oblodzonej<br \/>\nnawierzchni. Wszystko po to, \u017ceby zimowa jazda by\u0142a<br \/>\nniezak\u0142\u00f3con\u0105 przyjemno\u015bci\u0105.<\/p>\n<\/div>\n<\/div>\n<div style=\"clear: both; display: block; margin: 10px 0;\">\n<div style=\"clear: both; display: block; margin: 10px 0;\">\n<div  style=\"max-width:1000px;max-height:834px\">\n<div style=\"clear: both; display: block; margin: 10px 0;\">\n<div style=\"clear: both; width: 100%; display: block; margin: 20px 0; padding: 0; float: none; position: static; text-align: center;\"><img decoding=\"async\"  src=\"https:\/\/a.allegroimg.com\/original\/1194d3\/11b55d3c41c0a472f49ef164cb1a\/4x-CONTINENTAL-WinterContact-TS-870-175-65R17-87H-FR-2024-r-Informacje-dodatkowe-przyczepnosc-na-sniegu-3PMSF-rant-ochronny\" srcset=\"https:\/\/a.allegroimg.com\/original\/1194d3\/11b55d3c41c0a472f49ef164cb1a\/4x-CONTINENTAL-WinterContact-TS-870-175-65R17-87H-FR-2024-r-Informacje-dodatkowe-przyczepnosc-na-sniegu-3PMSF-rant-ochronny 360w,https:\/\/a.allegroimg.com\/original\/1194d3\/11b55d3c41c0a472f49ef164cb1a\/4x-CONTINENTAL-WinterContact-TS-870-175-65R17-87H-FR-2024-r-Informacje-dodatkowe-przyczepnosc-na-sniegu-3PMSF-rant-ochronny 720w,https:\/\/a.allegroimg.com\/original\/1194d3\/11b55d3c41c0a472f49ef164cb1a\/4x-CONTINENTAL-WinterContact-TS-870-175-65R17-87H-FR-2024-r-Informacje-dodatkowe-przyczepnosc-na-sniegu-3PMSF-rant-ochronny 1000w,https:\/\/a.allegroimg.com\/original\/1194d3\/11b55d3c41c0a472f49ef164cb1a\/4x-CONTINENTAL-WinterContact-TS-870-175-65R17-87H-FR-2024-r-Informacje-dodatkowe-przyczepnosc-na-sniegu-3PMSF-rant-ochronny 1000w\" sizes=\"(min-width: 1200px) 560px, (min-width: 992px) 50vw, 100vw\" width=\"1000px\" alt=\"4x CONTINENTAL WinterContact TS 870 175\/65R17 87H FR 2024 r Informacje dodatkowe przyczepno\u015b\u0107 na \u015bniegu (3PMSF) rant ochronny\"\/ style=\"max-width: 100%; height: auto; display: block; margin: 0 auto;\"><\/div>\n<\/div>\n<\/div>\n<\/div>\n<\/div>\n<\/div>\n<div style=\"clear: both; display: block; margin: 10px 0;\">\n<div style=\"clear: both; display: block; margin: 10px 0;\">\n<div style=\"clear: both; display: block; margin: 10px 0;\">\n<div  style=\"max-width:1000px;max-height:834px\">\n<div style=\"clear: both; display: block; margin: 10px 0;\">\n<div style=\"clear: both; width: 100%; display: block; margin: 20px 0; padding: 0; float: none; position: static; text-align: center;\"><img decoding=\"async\"  src=\"https:\/\/a.allegroimg.com\/original\/118e80\/3104af9c4cc2965053a44ab421fb\/4x-CONTINENTAL-WinterContact-TS-870-175-65R17-87H-FR-2024-r-Indeks-nosnosci-87-545-kg\" srcset=\"https:\/\/a.allegroimg.com\/original\/118e80\/3104af9c4cc2965053a44ab421fb\/4x-CONTINENTAL-WinterContact-TS-870-175-65R17-87H-FR-2024-r-Indeks-nosnosci-87-545-kg 360w,https:\/\/a.allegroimg.com\/original\/118e80\/3104af9c4cc2965053a44ab421fb\/4x-CONTINENTAL-WinterContact-TS-870-175-65R17-87H-FR-2024-r-Indeks-nosnosci-87-545-kg 720w,https:\/\/a.allegroimg.com\/original\/118e80\/3104af9c4cc2965053a44ab421fb\/4x-CONTINENTAL-WinterContact-TS-870-175-65R17-87H-FR-2024-r-Indeks-nosnosci-87-545-kg 1000w,https:\/\/a.allegroimg.com\/original\/118e80\/3104af9c4cc2965053a44ab421fb\/4x-CONTINENTAL-WinterContact-TS-870-175-65R17-87H-FR-2024-r-Indeks-nosnosci-87-545-kg 1000w\" sizes=\"(min-width: 1200px) 560px, (min-width: 992px) 50vw, 100vw\" width=\"1000px\" alt=\"4x CONTINENTAL WinterContact TS 870 175\/65R17 87H FR 2024 r Indeks no\u015bno\u015bci 87 - 545 kg\"\/ style=\"max-width: 100%; height: auto; display: block; margin: 0 auto;\"><\/div>\n<\/div>\n<\/div>\n<\/div>\n<\/div>\n<div style=\"clear: both; display: block; margin: 10px 0;\">\n<div style=\"clear: both; display: block; margin: 10px 0;\">\n<h2>Ufaj oponom, a nie pogodzie!<\/h2>\n<p style=\"margin: 15px 0; line-height: 1.8; clear: both; display: block; width: 100%; float: none; position: static;\">Zima nie zawsze jest bia\u0142a i pi\u0119kna &#8211; cz\u0119sto bywa szara<br \/>\ni deszczowa. Maj\u0105c to na uwadze, <b>aby zoptymalizowa\u0107<br \/>\ndrog\u0119 hamowania na mokrej nawierzchni<\/b>, w oponie<br \/>\nzastosowali\u015bmy opracowan\u0105 przez nas mieszank\u0119<br \/>\n<b>Cool Chili\u2122<\/b>. Dodatkowo, za spraw\u0105 <b>kanalik\u00f3w<br \/>\nwodnych, aquaplaning<\/b> jest \u0142atwiejszy do opanowania,<br \/>\nwi\u0119c jazda b\u0119dzie komfortowa nawet podczas ulewy.<\/p>\n<\/div>\n<\/div>\n<\/div>\n<div style=\"clear: both; display: block; margin: 10px 0;\">\n<div style=\"clear: both; display: block; margin: 10px 0;\">\n<div style=\"clear: both; display: block; margin: 10px 0;\">\n<h2>D\u0142ugie dystanse i niskie zu\u017cycie paliwa<\/h2>\n<p style=\"margin: 15px 0; line-height: 1.8; clear: both; display: block; width: 100%; float: none; position: static;\">Zimowe podr\u00f3\u017ce trwaj\u0105 d\u0142u\u017cej, ale opona <b>WinterContact\u2122<br \/>\nTS 870<\/b> jest na to przygotowana. <b>Mieszanka elastycznych<br \/>\npolimer\u00f3w i \u017cywic zapewnia wysokie przebiegi i niskie<br \/>\nzu\u017cycie paliwa<\/b>. Zatem, gdziekolwiek si\u0119 wybierasz, masz<br \/>\npewno\u015b\u0107, \u017ce \u017cadna odleg\u0142o\u015b\u0107 nie jest zbyt du\u017ca.<\/p>\n<\/div>\n<\/div>\n<div style=\"clear: both; display: block; margin: 10px 0;\">\n<div style=\"clear: both; display: block; margin: 10px 0;\">\n<div  style=\"max-width:1000px;max-height:834px\">\n<div style=\"clear: both; display: block; margin: 10px 0;\">\n<div style=\"clear: both; width: 100%; display: block; margin: 20px 0; padding: 0; float: none; position: static; text-align: center;\"><img decoding=\"async\"  src=\"https:\/\/a.allegroimg.com\/original\/119ea4\/ffdf0cc54fd1bdc5b19448f0d657\/4x-CONTINENTAL-WinterContact-TS-870-175-65R17-87H-FR-2024-r-Kod-producenta-3201900000\" srcset=\"https:\/\/a.allegroimg.com\/original\/119ea4\/ffdf0cc54fd1bdc5b19448f0d657\/4x-CONTINENTAL-WinterContact-TS-870-175-65R17-87H-FR-2024-r-Kod-producenta-3201900000 360w,https:\/\/a.allegroimg.com\/original\/119ea4\/ffdf0cc54fd1bdc5b19448f0d657\/4x-CONTINENTAL-WinterContact-TS-870-175-65R17-87H-FR-2024-r-Kod-producenta-3201900000 720w,https:\/\/a.allegroimg.com\/original\/119ea4\/ffdf0cc54fd1bdc5b19448f0d657\/4x-CONTINENTAL-WinterContact-TS-870-175-65R17-87H-FR-2024-r-Kod-producenta-3201900000 1000w,https:\/\/a.allegroimg.com\/original\/119ea4\/ffdf0cc54fd1bdc5b19448f0d657\/4x-CONTINENTAL-WinterContact-TS-870-175-65R17-87H-FR-2024-r-Kod-producenta-3201900000 1000w\" sizes=\"(min-width: 1200px) 560px, (min-width: 992px) 50vw, 100vw\" width=\"1000px\" alt=\"4x CONTINENTAL WinterContact TS 870 175\/65R17 87H FR 2024 r Kod producenta 3201900000\"\/ style=\"max-width: 100%; height: auto; display: block; margin: 0 auto;\"><\/div>\n<\/div>\n<\/div>\n<\/div>\n<\/div>\n<\/div>\n<div style=\"clear: both; display: block; margin: 10px 0;\">\n<div style=\"clear: both; display: block; margin: 10px 0;\">\n<div style=\"clear: both; display: block; margin: 10px 0;\">\n<p style=\"margin: 15px 0; line-height: 1.8; clear: both; display: block; width: 100%; float: none; position: static;\">Wychodz\u0105c naprzeciw oczekiwaniom Klient\u00f3w i chc\u0105c spe\u0142nia\u0107 jak najwy\u017csze standardy obs\u0142ugi dok\u0142adamy wszelkich stara\u0144, aby podawa\u0107 precyzyjn\u0105 dat\u0119 produkcji opony (DOT). Niestety, w wyj\u0105tkowych przypadkach, mo\u017ce zdarzy\u0107 si\u0119, \u017ce opony, kt\u00f3re wy\u015blemy b\u0119d\u0105 mia\u0142y inn\u0105 dat\u0119 produkcji ni\u017c podana. Sytuacja mo\u017ce dotyczy\u0107 zar\u00f3wno opon z DOT-em wcze\u015bniejszym jak i p\u00f3\u017aniejszym. Chcieliby\u015bmy podkre\u015bli\u0107, \u017ce warunki przechowywania opon w naszych magazynach spe\u0142niaj\u0105 Polsk\u0105 Norm\u0119 PN-C-94300-7 dzi\u0119ki czemu nawet opona przechowywana 24 miesi\u0105ce ma parametry takie same jak opona z bie\u017c\u0105cego roku. Warto pami\u0119ta\u0107 tak\u017ce o fakcie, \u017ce w przypadku wielu rozmiar\u00f3w i producent\u00f3w plany produkcyjne fabryk uniemo\u017cliwiaj\u0105 zakup opony z bie\u017c\u0105cego roku.<\/p>\n<p style=\"margin: 15px 0; line-height: 1.8; clear: both; display: block; width: 100%; float: none; position: static;\">Przy zakupie opon pami\u0119taj o sprawdzeniu w instrukcji samochodu lub na w\u0142a\u015bciwej stronie internetowej, jakie ogumienie zaleca producent Twojego auta. \u0179le dobrane opony mog\u0105 negatywnie wp\u0142yn\u0105\u0107 na poziom Twojego bezpiecze\u0144stwa. Kupuj\u0105c opony zwr\u00f3\u0107 uwag\u0119 na rozmiar oraz indeksy no\u015bno\u015bci i pr\u0119dko\u015bci jakie homologowane s\u0105 do Twojego pojazdu.<\/p>\n<p style=\"margin: 15px 0; line-height: 1.8; clear: both; display: block; width: 100%; float: none; position: static;\">Zamieszczone zdj\u0119cia pe\u0142ni\u0105 funkcj\u0119 pogl\u0105dow\u0105. W zale\u017cno\u015bci od szeroko\u015bci opon, mog\u0105 wyst\u0119powa\u0107 niewielkie r\u00f3\u017cnice w wygl\u0105dzie bie\u017cnika (w obr\u0119bie jednego modelu) na przyk\u0142ad w ilo\u015bci rowk\u00f3w obwodowych lub rozmieszczeniu blok\u00f3w bie\u017cnika, co nie stanowi wady produktu.<\/p>\n<p style=\"margin: 15px 0; line-height: 1.8; clear: both; display: block; width: 100%; float: none; position: static;\">Je\u017celi otrzymane przez Ciebie opony nie spe\u0142niaj\u0105 Twoich oczekiwa\u0144 masz mo\u017cliwo\u015b\u0107 zwrotu lub wymiany nieu\u017cywanego (niemontowanego) ogumienia.<\/p>\n<\/div>\n<\/div>\n<\/div>\n<div style=\"clear: both; display: block; margin: 10px 0;\">\n<div style=\"clear: both; display: block; margin: 10px 0;\">\n<div style=\"clear: both; display: block; margin: 10px 0;\">\n<div  style=\"max-width:2000px;max-height:614px\">\n<div style=\"clear: both; display: block; margin: 10px 0;\">\n<div style=\"clear: both; width: 100%; display: block; margin: 20px 0; padding: 0; float: none; position: static; text-align: center;\"><img decoding=\"async\"  src=\"https:\/\/a.allegroimg.com\/original\/11e95e\/34cff8df42a0b007cbe8e6ea8bb4\/4x-CONTINENTAL-WinterContact-TS-870-175-65R17-87H-FR-2024-r-Halas-zewnetrzny-71-dB\" srcset=\"https:\/\/a.allegroimg.com\/original\/11e95e\/34cff8df42a0b007cbe8e6ea8bb4\/4x-CONTINENTAL-WinterContact-TS-870-175-65R17-87H-FR-2024-r-Halas-zewnetrzny-71-dB 360w,https:\/\/a.allegroimg.com\/original\/11e95e\/34cff8df42a0b007cbe8e6ea8bb4\/4x-CONTINENTAL-WinterContact-TS-870-175-65R17-87H-FR-2024-r-Halas-zewnetrzny-71-dB 720w,https:\/\/a.allegroimg.com\/original\/11e95e\/34cff8df42a0b007cbe8e6ea8bb4\/4x-CONTINENTAL-WinterContact-TS-870-175-65R17-87H-FR-2024-r-Halas-zewnetrzny-71-dB 1024w,https:\/\/a.allegroimg.com\/original\/11e95e\/34cff8df42a0b007cbe8e6ea8bb4\/4x-CONTINENTAL-WinterContact-TS-870-175-65R17-87H-FR-2024-r-Halas-zewnetrzny-71-dB 1440w,https:\/\/a.allegroimg.com\/original\/11e95e\/34cff8df42a0b007cbe8e6ea8bb4\/4x-CONTINENTAL-WinterContact-TS-870-175-65R17-87H-FR-2024-r-Halas-zewnetrzny-71-dB 2000w\" sizes=\"(min-width: 1200px) 560px, (min-width: 992px) 50vw, 100vw\" width=\"2000px\" alt=\"4x CONTINENTAL WinterContact TS 870 175\/65R17 87H FR 2024 r Ha\u0142as zewn\u0119trzny 71 dB\"\/ style=\"max-width: 100%; height: auto; display: block; margin: 0 auto;\"><\/div>\n<\/div>\n<\/div>\n<\/div>\n<\/div>\n<div style=\"clear: both; display: block; margin: 10px 0;\">\n<div style=\"clear: both; display: block; margin: 10px 0;\">\n<h1>Continental<\/h1>\n<p style=\"margin: 15px 0; line-height: 1.8; clear: both; display: block; width: 100%; float: none; position: static;\">Continental AG to globalny dostawca opon, inteligentnych element\u00f3w zawieszenia i system\u00f3w bezpiecze\u0144stwa. Bior\u0105c pod uwag\u0119 produkcj\u0119 opon, koncern zajmuje pierwsz\u0105 pozycje w Niemczech, drug\u0105 w Europie i czwart\u0105 na \u015bwiecie<\/p>\n<\/div>\n<\/div>\n<\/div>\n<\/div>\n<\/div>\n<\/div>\n<div style=\"clear: both; display: block; margin: 10px 0;\">\n","protected":false},"excerpt":{"rendered":"<p>Rok produkcji: 2024<\/p>\n<p>CONTINENTAL WinterContact TS 870 175\/65R17 87H FR<\/p>\n<p>G1750Y<\/p>\n<p>Data produkcji : 2024<\/p>\n<p>Hamowanie na mokrej nawierzchni : C<\/p>\n<p>Indeks : 175\/65R17 ZOCO 87H T870<\/p>\n<p>Indeks no\u015bno\u015bci : 87<\/p>\n<p>Indeks pr\u0119dko\u015bci : H &#8211; 210 km\/h<\/p>\n","protected":false},"featured_media":12568,"template":"","meta":{"_uag_custom_page_level_css":""},"product_brand":[396],"product_cat":[414,413,412,415],"product_tag":[],"class_list":{"0":"post-12567","1":"product","2":"type-product","3":"status-publish","4":"has-post-thumbnail","6":"product_brand-continental","7":"product_cat-do-samochodow-osobowych-i-suv","8":"product_cat-opony","9":"product_cat-opony-i-felgi","10":"product_cat-zimowe","12":"first","13":"instock","14":"shipping-taxable","15":"purchasable","16":"product-type-simple"},"uagb_featured_image_src":{"full":["https:\/\/oponixo.shop\/tire\/wp-content\/uploads\/2026\/01\/allegro-image-12567.jpg",1200,1126,false],"thumbnail":["https:\/\/oponixo.shop\/tire\/wp-content\/uploads\/2026\/01\/allegro-image-12567-150x150.jpg",150,150,true],"medium":["https:\/\/oponixo.shop\/tire\/wp-content\/uploads\/2026\/01\/allegro-image-12567-300x282.jpg",300,282,true],"medium_large":["https:\/\/oponixo.shop\/tire\/wp-content\/uploads\/2026\/01\/allegro-image-12567-768x721.jpg",768,721,true],"large":["https:\/\/oponixo.shop\/tire\/wp-content\/uploads\/2026\/01\/allegro-image-12567-1024x961.jpg",1024,961,true],"1536x1536":["https:\/\/oponixo.shop\/tire\/wp-content\/uploads\/2026\/01\/allegro-image-12567.jpg",1200,1126,false],"2048x2048":["https:\/\/oponixo.shop\/tire\/wp-content\/uploads\/2026\/01\/allegro-image-12567.jpg",1200,1126,false],"woocommerce_thumbnail":["https:\/\/oponixo.shop\/tire\/wp-content\/uploads\/2026\/01\/allegro-image-12567-300x300.jpg",300,300,true],"woocommerce_single":["https:\/\/oponixo.shop\/tire\/wp-content\/uploads\/2026\/01\/allegro-image-12567-600x563.jpg",600,563,true],"woocommerce_gallery_thumbnail":["https:\/\/oponixo.shop\/tire\/wp-content\/uploads\/2026\/01\/allegro-image-12567-100x100.jpg",100,100,true]},"uagb_author_info":{"display_name":"admin","author_link":"https:\/\/oponixo.shop\/tire\/author\/"},"uagb_comment_info":0,"uagb_excerpt":"Rok produkcji: 2024 CONTINENTAL WinterContact TS 870 175\/65R17 87H FR G1750Y Data produkcji : 2024 Hamowanie na mokrej nawierzchni : C Indeks : 175\/65R17 ZOCO 87H T870 Indeks no\u015bno\u015bci : 87 Indeks pr\u0119dko\u015bci : H - 210 km\/h","_links":{"self":[{"href":"https:\/\/oponixo.shop\/tire\/wp-json\/wp\/v2\/product\/12567","targetHints":{"allow":["GET"]}}],"collection":[{"href":"https:\/\/oponixo.shop\/tire\/wp-json\/wp\/v2\/product"}],"about":[{"href":"https:\/\/oponixo.shop\/tire\/wp-json\/wp\/v2\/types\/product"}],"wp:featuredmedia":[{"embeddable":true,"href":"https:\/\/oponixo.shop\/tire\/wp-json\/wp\/v2\/media\/12568"}],"wp:attachment":[{"href":"https:\/\/oponixo.shop\/tire\/wp-json\/wp\/v2\/media?parent=12567"}],"wp:term":[{"taxonomy":"product_brand","embeddable":true,"href":"https:\/\/oponixo.shop\/tire\/wp-json\/wp\/v2\/product_brand?post=12567"},{"taxonomy":"product_cat","embeddable":true,"href":"https:\/\/oponixo.shop\/tire\/wp-json\/wp\/v2\/product_cat?post=12567"},{"taxonomy":"product_tag","embeddable":true,"href":"https:\/\/oponixo.shop\/tire\/wp-json\/wp\/v2\/product_tag?post=12567"}],"curies":[{"name":"wp","href":"https:\/\/api.w.org\/{rel}","templated":true}]}}