{"id":12573,"date":"2026-01-03T22:57:44","date_gmt":"2026-01-03T21:57:44","guid":{"rendered":"https:\/\/oponyexpert.shop\/xef5\/produkt\/2-opony-caloroczne-175-65r17-87h-goodyear-vector-4seasons-g2\/"},"modified":"2026-01-03T22:57:45","modified_gmt":"2026-01-03T21:57:45","slug":"2-opony-caloroczne-175-65r17-87h-goodyear-vector-4seasons-g2","status":"publish","type":"product","link":"https:\/\/oponixo.shop\/tire\/produkt\/2-opony-caloroczne-175-65r17-87h-goodyear-vector-4seasons-g2\/","title":{"rendered":"2 opony ca\u0142oroczne 175\/65R17 87H GOODYEAR Vector 4Seasons G2"},"content":{"rendered":"<div style=\"font-family: Arial, sans-serif; line-height: 1.6; color: #333; padding: 20px; clear: both; display: block; width: 100%; float: none; position: static; overflow: hidden;\">\n<div style=\"clear: both; display: block; margin: 10px 0;\">\n<div style=\"clear: both; display: block; margin: 10px 0;\">\n<div style=\"clear: both; display: block; margin: 10px 0;\">\n<ul style=\"margin: 15px 0; padding-left: 20px; clear: both; display: block; width: 100%; float: none; position: static;\">\n<li style=\"margin: 5px 0; padding: 2px 0; clear: both; display: list-item; float: none; position: static;\">MARKA\/MODEL: <b>GOODYEAR Vector 4Seasons G2<\/b><\/li>\n<li style=\"margin: 5px 0; padding: 2px 0; clear: both; display: list-item; float: none; position: static;\">ROZMIAR OPON: <b> 175\/65R17<\/b><\/li>\n<li style=\"margin: 5px 0; padding: 2px 0; clear: both; display: list-item; float: none; position: static;\">INDEKS PR\u0118DKO\u015aCI: <b>H<\/b><\/li>\n<li style=\"margin: 5px 0; padding: 2px 0; clear: both; display: list-item; float: none; position: static;\">INDEKS NO\u015aNO\u015aCI: <b>87<\/b><\/li>\n<li style=\"margin: 5px 0; padding: 2px 0; clear: both; display: list-item; float: none; position: static;\">DATA PRODUKCJI: <b>nie starsze ni\u017c 2025<\/b><\/li>\n<li style=\"margin: 5px 0; padding: 2px 0; clear: both; display: list-item; float: none; position: static;\">SEZON: <b>Ca\u0142oroczne<\/b><\/li>\n<li style=\"margin: 5px 0; padding: 2px 0; clear: both; display: list-item; float: none; position: static;\">STAN: <b>Nowy<\/b><\/li>\n<li style=\"margin: 5px 0; padding: 2px 0; clear: both; display: list-item; float: none; position: static;\">RANT OCHRONNY NA FELG\u0118: <b>Brak<\/b><\/li>\n<li style=\"margin: 5px 0; padding: 2px 0; clear: both; display: list-item; float: none; position: static;\">DODATKOWE OZNACZENIA: <\/li>\n<\/ul>\n<\/div>\n<\/div>\n<div style=\"clear: both; display: block; margin: 10px 0;\">\n<div style=\"clear: both; display: block; margin: 10px 0;\">\n<div  style=\"max-width:374px;max-height:604px\">\n<div style=\"clear: both; display: block; margin: 10px 0;\">\n<div style=\"clear: both; width: 100%; display: block; margin: 20px 0; padding: 0; float: none; position: static; text-align: center;\"><img decoding=\"async\"  src=\"https:\/\/a.allegroimg.com\/original\/11d17d\/c128e8a3485697cd6dc984fd18d7\/2-opony-caloroczne-175-65R17-87H-GOODYEAR-Vector-4Seasons-G2-Liczba-opon-w-ofercie-2-szt\" srcset=\"https:\/\/a.allegroimg.com\/original\/11d17d\/c128e8a3485697cd6dc984fd18d7\/2-opony-caloroczne-175-65R17-87H-GOODYEAR-Vector-4Seasons-G2-Liczba-opon-w-ofercie-2-szt 222w,https:\/\/a.allegroimg.com\/original\/11d17d\/c128e8a3485697cd6dc984fd18d7\/2-opony-caloroczne-175-65R17-87H-GOODYEAR-Vector-4Seasons-G2-Liczba-opon-w-ofercie-2-szt 374w,https:\/\/a.allegroimg.com\/original\/11d17d\/c128e8a3485697cd6dc984fd18d7\/2-opony-caloroczne-175-65R17-87H-GOODYEAR-Vector-4Seasons-G2-Liczba-opon-w-ofercie-2-szt 374w\" sizes=\"(min-width: 1200px) 560px, (min-width: 992px) 50vw, 100vw\" width=\"374px\" alt=\"2 opony ca\u0142oroczne 175\/65R17 87H GOODYEAR Vector 4Seasons G2 Liczba opon w ofercie 2 szt.\"\/ style=\"max-width: 100%; height: auto; display: block; margin: 0 auto;\"><\/div>\n<\/div>\n<\/div>\n<\/div>\n<\/div>\n<\/div>\n<div style=\"clear: both; display: block; margin: 10px 0;\">\n<div style=\"clear: both; display: block; margin: 10px 0;\">\n<div style=\"clear: both; display: block; margin: 10px 0;\">\n<div  style=\"max-width:213px;max-height:312px\">\n<div style=\"clear: both; display: block; margin: 10px 0;\">\n<div style=\"clear: both; width: 100%; display: block; margin: 20px 0; padding: 0; float: none; position: static; text-align: center;\"><img decoding=\"async\"  src=\"https:\/\/a.allegroimg.com\/original\/112ad4\/295b41e44ea590d7c0e962168a90\/2-opony-caloroczne-175-65R17-87H-GOODYEAR-Vector-4Seasons-G2-Rok-produkcji-2025\" srcset=\"https:\/\/a.allegroimg.com\/original\/112ad4\/295b41e44ea590d7c0e962168a90\/2-opony-caloroczne-175-65R17-87H-GOODYEAR-Vector-4Seasons-G2-Rok-produkcji-2025 213w,https:\/\/a.allegroimg.com\/original\/112ad4\/295b41e44ea590d7c0e962168a90\/2-opony-caloroczne-175-65R17-87H-GOODYEAR-Vector-4Seasons-G2-Rok-produkcji-2025 213w\" sizes=\"100vw\" width=\"213px\" alt=\"2 opony ca\u0142oroczne 175\/65R17 87H GOODYEAR Vector 4Seasons G2 Rok produkcji 2025\"\/ style=\"max-width: 100%; height: auto; display: block; margin: 0 auto;\"><\/div>\n<\/div>\n<\/div>\n<\/div>\n<\/div>\n<\/div>\n<div style=\"clear: both; display: block; margin: 10px 0;\">\n<div style=\"clear: both; display: block; margin: 10px 0;\">\n<div style=\"clear: both; display: block; margin: 10px 0;\">\n<div  style=\"max-width:516px;max-height:97px\">\n<div style=\"clear: both; display: block; margin: 10px 0;\">\n<div style=\"clear: both; width: 100%; display: block; margin: 20px 0; padding: 0; float: none; position: static; text-align: center;\"><img decoding=\"async\"  src=\"https:\/\/a.allegroimg.com\/original\/116a63\/0fde3e2c413c8194c7e542dc0e42\/2-opony-caloroczne-175-65R17-87H-GOODYEAR-Vector-4Seasons-G2-Profil-opony-65\" srcset=\"https:\/\/a.allegroimg.com\/original\/116a63\/0fde3e2c413c8194c7e542dc0e42\/2-opony-caloroczne-175-65R17-87H-GOODYEAR-Vector-4Seasons-G2-Profil-opony-65 360w,https:\/\/a.allegroimg.com\/original\/116a63\/0fde3e2c413c8194c7e542dc0e42\/2-opony-caloroczne-175-65R17-87H-GOODYEAR-Vector-4Seasons-G2-Profil-opony-65 516w,https:\/\/a.allegroimg.com\/original\/116a63\/0fde3e2c413c8194c7e542dc0e42\/2-opony-caloroczne-175-65R17-87H-GOODYEAR-Vector-4Seasons-G2-Profil-opony-65 516w\" sizes=\"(min-width: 1200px) 560px, (min-width: 992px) 50vw, 100vw\" width=\"516px\" alt=\"2 opony ca\u0142oroczne 175\/65R17 87H GOODYEAR Vector 4Seasons G2 Profil opony 65\"\/ style=\"max-width: 100%; height: auto; display: block; margin: 0 auto;\"><\/div>\n<\/div>\n<\/div>\n<\/div>\n<\/div>\n<div style=\"clear: both; display: block; margin: 10px 0;\">\n<div style=\"clear: both; display: block; margin: 10px 0;\">\n<p style=\"margin: 15px 0; line-height: 1.8; clear: both; display: block; width: 100%; float: none; position: static;\"><b>Goodyear<\/b> Tire and Rubber Company powsta\u0142 w 1898 roku w Stanach Zjednoczonych. Trzeci pod wzgl\u0119dem wielko\u015bci producent opon i gumy na \u015bwiecie. Koncern produkuje opony na potrzeby przemys\u0142u samochodowego, lotniczego, sport\u00f3w motorowych, ci\u0119\u017ckich maszyn przemys\u0142owych. Dodatkowo wykonuje gumowe w\u0119\u017ce, podeszwy i cz\u0119\u015bci do drukarek. Firma zatrudnia 69 000 pracownik\u00f3w w 52 fabrykach i obecna jest w 22 krajach. In\u017cynierowie nieustannie tworz\u0105 najnowocze\u015bniejsze rozwi\u0105zania, nie tylko w zakresie nauki o gumie i polimerach, lecz tak\u017ce w r\u00f3\u017cnych dziedzinach przetwarzania danych, fizyki czy matematyki. Do grupy Goodyear nale\u017c\u0105 takie marki jak: Dunlop, Fulda, Sava i D\u0119bica.<\/p>\n<\/div>\n<\/div>\n<\/div>\n<div style=\"clear: both; display: block; margin: 10px 0;\">\n<div style=\"clear: both; display: block; margin: 10px 0;\">\n<div style=\"clear: both; display: block; margin: 10px 0;\">\n<div  style=\"max-width:374px;max-height:972px\">\n<div style=\"clear: both; display: block; margin: 10px 0;\">\n<div style=\"clear: both; width: 100%; display: block; margin: 20px 0; padding: 0; float: none; position: static; text-align: center;\"><img decoding=\"async\"  src=\"https:\/\/a.allegroimg.com\/original\/1197c2\/6d665cc848e79dd9fe1578fc1098\/2-opony-caloroczne-175-65R17-87H-GOODYEAR-Vector-4Seasons-G2-Szerokosc-opony-175-mm\" srcset=\"https:\/\/a.allegroimg.com\/original\/1197c2\/6d665cc848e79dd9fe1578fc1098\/2-opony-caloroczne-175-65R17-87H-GOODYEAR-Vector-4Seasons-G2-Szerokosc-opony-175-mm 138w,https:\/\/a.allegroimg.com\/original\/1197c2\/6d665cc848e79dd9fe1578fc1098\/2-opony-caloroczne-175-65R17-87H-GOODYEAR-Vector-4Seasons-G2-Szerokosc-opony-175-mm 277w,https:\/\/a.allegroimg.com\/original\/1197c2\/6d665cc848e79dd9fe1578fc1098\/2-opony-caloroczne-175-65R17-87H-GOODYEAR-Vector-4Seasons-G2-Szerokosc-opony-175-mm 374w,https:\/\/a.allegroimg.com\/original\/1197c2\/6d665cc848e79dd9fe1578fc1098\/2-opony-caloroczne-175-65R17-87H-GOODYEAR-Vector-4Seasons-G2-Szerokosc-opony-175-mm 374w\" sizes=\"100vw\" width=\"374px\" alt=\"2 opony ca\u0142oroczne 175\/65R17 87H GOODYEAR Vector 4Seasons G2 Szeroko\u015b\u0107 opony 175 mm\"\/ style=\"max-width: 100%; height: auto; display: block; margin: 0 auto;\"><\/div>\n<\/div>\n<\/div>\n<\/div>\n<\/div>\n<\/div>\n<div style=\"clear: both; display: block; margin: 10px 0;\">\n<div style=\"clear: both; display: block; margin: 10px 0;\">\n<div style=\"clear: both; display: block; margin: 10px 0;\">\n<h2>Na naszych innych aukcjach Allegro znajdziesz felgi stalowe i aluminiowe, czujniki (TPMS) oraz \u015bruby i nakr\u0119tki.<\/h2>\n<\/div>\n<\/div>\n<\/div>\n<\/div>\n<\/div>\n<\/div>\n<div style=\"clear: both; display: block; margin: 10px 0;\">\n","protected":false},"excerpt":{"rendered":"<p>MARKA\/MODEL: GOODYEAR Vector 4Seasons G2<\/p>\n<p>ROZMIAR OPON: 175\/65R17<\/p>\n<p>INDEKS PR\u0118DKO\u015aCI: H<\/p>\n<p>INDEKS NO\u015aNO\u015aCI: 87<\/p>\n<p>DATA PRODUKCJI: nie starsze ni\u017c 2025<\/p>\n<p>SEZON: Ca\u0142oroczne<\/p>\n<p>STAN: Nowy<\/p>\n<p>RANT OCHRONNY NA FELG\u0118: Brak<\/p>\n","protected":false},"featured_media":12574,"template":"","meta":{"_uag_custom_page_level_css":""},"product_brand":[437],"product_cat":[416,414,413,412],"product_tag":[],"class_list":{"0":"post-12573","1":"product","2":"type-product","3":"status-publish","4":"has-post-thumbnail","6":"product_brand-goodyear","7":"product_cat-caloroczne","8":"product_cat-do-samochodow-osobowych-i-suv","9":"product_cat-opony","10":"product_cat-opony-i-felgi","12":"first","13":"instock","14":"shipping-taxable","15":"purchasable","16":"product-type-simple"},"uagb_featured_image_src":{"full":["https:\/\/oponixo.shop\/tire\/wp-content\/uploads\/2026\/01\/allegro-image-12573.jpg",1696,2500,false],"thumbnail":["https:\/\/oponixo.shop\/tire\/wp-content\/uploads\/2026\/01\/allegro-image-12573-150x150.jpg",150,150,true],"medium":["https:\/\/oponixo.shop\/tire\/wp-content\/uploads\/2026\/01\/allegro-image-12573-204x300.jpg",204,300,true],"medium_large":["https:\/\/oponixo.shop\/tire\/wp-content\/uploads\/2026\/01\/allegro-image-12573-768x1132.jpg",768,1132,true],"large":["https:\/\/oponixo.shop\/tire\/wp-content\/uploads\/2026\/01\/allegro-image-12573-695x1024.jpg",695,1024,true],"1536x1536":["https:\/\/oponixo.shop\/tire\/wp-content\/uploads\/2026\/01\/allegro-image-12573-1042x1536.jpg",1042,1536,true],"2048x2048":["https:\/\/oponixo.shop\/tire\/wp-content\/uploads\/2026\/01\/allegro-image-12573-1389x2048.jpg",1389,2048,true],"woocommerce_thumbnail":["https:\/\/oponixo.shop\/tire\/wp-content\/uploads\/2026\/01\/allegro-image-12573-300x300.jpg",300,300,true],"woocommerce_single":["https:\/\/oponixo.shop\/tire\/wp-content\/uploads\/2026\/01\/allegro-image-12573-600x884.jpg",600,884,true],"woocommerce_gallery_thumbnail":["https:\/\/oponixo.shop\/tire\/wp-content\/uploads\/2026\/01\/allegro-image-12573-100x100.jpg",100,100,true]},"uagb_author_info":{"display_name":"admin","author_link":"https:\/\/oponixo.shop\/tire\/author\/"},"uagb_comment_info":0,"uagb_excerpt":"MARKA\/MODEL: GOODYEAR Vector 4Seasons G2 ROZMIAR OPON: 175\/65R17 INDEKS PR\u0118DKO\u015aCI: H INDEKS NO\u015aNO\u015aCI: 87 DATA PRODUKCJI: nie starsze ni\u017c 2025 SEZON: Ca\u0142oroczne STAN: Nowy RANT OCHRONNY NA FELG\u0118: Brak","_links":{"self":[{"href":"https:\/\/oponixo.shop\/tire\/wp-json\/wp\/v2\/product\/12573","targetHints":{"allow":["GET"]}}],"collection":[{"href":"https:\/\/oponixo.shop\/tire\/wp-json\/wp\/v2\/product"}],"about":[{"href":"https:\/\/oponixo.shop\/tire\/wp-json\/wp\/v2\/types\/product"}],"wp:featuredmedia":[{"embeddable":true,"href":"https:\/\/oponixo.shop\/tire\/wp-json\/wp\/v2\/media\/12574"}],"wp:attachment":[{"href":"https:\/\/oponixo.shop\/tire\/wp-json\/wp\/v2\/media?parent=12573"}],"wp:term":[{"taxonomy":"product_brand","embeddable":true,"href":"https:\/\/oponixo.shop\/tire\/wp-json\/wp\/v2\/product_brand?post=12573"},{"taxonomy":"product_cat","embeddable":true,"href":"https:\/\/oponixo.shop\/tire\/wp-json\/wp\/v2\/product_cat?post=12573"},{"taxonomy":"product_tag","embeddable":true,"href":"https:\/\/oponixo.shop\/tire\/wp-json\/wp\/v2\/product_tag?post=12573"}],"curies":[{"name":"wp","href":"https:\/\/api.w.org\/{rel}","templated":true}]}}