{"id":12600,"date":"2026-01-04T00:34:09","date_gmt":"2026-01-03T23:34:09","guid":{"rendered":"https:\/\/oponyexpert.shop\/xef5\/produkt\/2x-gripmax-suregrip-pro-sport-325-35r20-108-y\/"},"modified":"2026-01-04T00:34:09","modified_gmt":"2026-01-03T23:34:09","slug":"2x-gripmax-suregrip-pro-sport-325-35r20-108-y","status":"publish","type":"product","link":"https:\/\/oponixo.shop\/tire\/produkt\/2x-gripmax-suregrip-pro-sport-325-35r20-108-y\/","title":{"rendered":"2x GRIPMAX SUREGRIP PRO SPORT 325\/35R20 108 Y"},"content":{"rendered":"<div style=\"font-family: Arial, sans-serif; line-height: 1.6; color: #333; padding: 20px; clear: both; display: block; width: 100%; float: none; position: static; overflow: hidden;\">\n<div style=\"clear: both; display: block; margin: 10px 0;\">\n<div style=\"clear: both; display: block; margin: 10px 0;\">\n<div style=\"clear: both; display: block; margin: 10px 0;\">\n<h2>2x GRIPMAX SUREGRIP PRO SPORT 325\/35R20 108 Y<\/h2>\n<\/div>\n<\/div>\n<\/div>\n<div style=\"clear: both; display: block; margin: 10px 0;\">\n<div style=\"clear: both; display: block; margin: 10px 0;\">\n<div style=\"clear: both; display: block; margin: 10px 0;\">\n<div  style=\"max-width:920px;max-height:1120px\">\n<div style=\"clear: both; display: block; margin: 10px 0;\">\n<div style=\"clear: both; width: 100%; display: block; margin: 20px 0; padding: 0; float: none; position: static; text-align: center;\"><img decoding=\"async\"  src=\"https:\/\/a.allegroimg.com\/original\/115809\/1c22597943ccaef2670be7ef801a\/2x-GRIPMAX-SUREGRIP-PRO-SPORT-325-35R20-108-Y\" srcset=\"https:\/\/a.allegroimg.com\/original\/115809\/1c22597943ccaef2670be7ef801a\/2x-GRIPMAX-SUREGRIP-PRO-SPORT-325-35R20-108-Y 295w,https:\/\/a.allegroimg.com\/original\/115809\/1c22597943ccaef2670be7ef801a\/2x-GRIPMAX-SUREGRIP-PRO-SPORT-325-35R20-108-Y 591w,https:\/\/a.allegroimg.com\/original\/115809\/1c22597943ccaef2670be7ef801a\/2x-GRIPMAX-SUREGRIP-PRO-SPORT-325-35R20-108-Y 841w,https:\/\/a.allegroimg.com\/original\/115809\/1c22597943ccaef2670be7ef801a\/2x-GRIPMAX-SUREGRIP-PRO-SPORT-325-35R20-108-Y 920w,https:\/\/a.allegroimg.com\/original\/115809\/1c22597943ccaef2670be7ef801a\/2x-GRIPMAX-SUREGRIP-PRO-SPORT-325-35R20-108-Y 920w\" sizes=\"(min-width: 1200px) 560px, (min-width: 992px) 50vw, 100vw\" width=\"920px\" alt=\"2x GRIPMAX SUREGRIP PRO SPORT 325\/35R20 108 Y\"\/ style=\"max-width: 100%; height: auto; display: block; margin: 0 auto;\"><\/div>\n<\/div>\n<\/div>\n<\/div>\n<\/div>\n<div style=\"clear: both; display: block; margin: 10px 0;\">\n<div style=\"clear: both; display: block; margin: 10px 0;\">\n<h2>Letnie opony GRIPMAX SUREGRIP PRO SPORT R 325\/35 R20 108 Y<\/h2>\n<p style=\"margin: 15px 0; line-height: 1.8; clear: both; display: block; width: 100%; float: none; position: static;\">Opony GRIPMAX SUREGRIP PRO SPORT R to znacz\u0105cy model w portfolio producenta.\u00a0<\/p>\n<p style=\"margin: 15px 0; line-height: 1.8; clear: both; display: block; width: 100%; float: none; position: static;\"> Opony klasy ekonomicznej maj\u0105 \u015bwietny stosunek jako\u015bci do ceny.<\/p>\n<ul style=\"margin: 15px 0; padding-left: 20px; clear: both; display: block; width: 100%; float: none; position: static;\">\n<li style=\"margin: 5px 0; padding: 2px 0; clear: both; display: list-item; float: none; position: static;\"><b>Stan:<\/b>\u00a0Nowy<\/li>\n<li style=\"margin: 5px 0; padding: 2px 0; clear: both; display: list-item; float: none; position: static;\"><b>EAN:<\/b>\u00a08859291438854<\/li>\n<li style=\"margin: 5px 0; padding: 2px 0; clear: both; display: list-item; float: none; position: static;\"><b>Producent:<\/b> GRIPMAX<\/li>\n<li style=\"margin: 5px 0; padding: 2px 0; clear: both; display: list-item; float: none; position: static;\"><b>Model:<\/b> SUREGRIP PRO SPORT R<\/li>\n<li style=\"margin: 5px 0; padding: 2px 0; clear: both; display: list-item; float: none; position: static;\"><b>Rozmiar:<\/b> 325\/35 R20<\/li>\n<li style=\"margin: 5px 0; padding: 2px 0; clear: both; display: list-item; float: none; position: static;\"><b>Indeks no\u015bno\u015bci:<\/b> 108<\/li>\n<li style=\"margin: 5px 0; padding: 2px 0; clear: both; display: list-item; float: none; position: static;\"><b>Indeks pr\u0119dko\u015bci:<\/b> Y<\/li>\n<li style=\"margin: 5px 0; padding: 2px 0; clear: both; display: list-item; float: none; position: static;\"><b>Ha\u0142as db:<\/b>\u00a072<\/li>\n<li style=\"margin: 5px 0; padding: 2px 0; clear: both; display: list-item; float: none; position: static;\"><b>Sezon:<\/b> Letnie<\/li>\n<li style=\"margin: 5px 0; padding: 2px 0; clear: both; display: list-item; float: none; position: static;\"><b>Rok produkcji:<\/b> nie starsze ni\u017c 36 miesi\u0119cy<\/li>\n<li style=\"margin: 5px 0; padding: 2px 0; clear: both; display: list-item; float: none; position: static;\"><b>Przeznaczenie:<\/b> Osobowe<\/li>\n<li style=\"margin: 5px 0; padding: 2px 0; clear: both; display: list-item; float: none; position: static;\"><b>Kl. przycz. na mokrej naw.:<\/b>\u00a0C<\/li>\n<li style=\"margin: 5px 0; padding: 2px 0; clear: both; display: list-item; float: none; position: static;\"><b>Kl. efekt. paliwowej:\u00a0<\/b>D<\/li>\n<\/ul>\n<\/div>\n<\/div>\n<\/div>\n<div style=\"clear: both; display: block; margin: 10px 0;\">\n<div style=\"clear: both; display: block; margin: 10px 0;\">\n<div style=\"clear: both; display: block; margin: 10px 0;\">\n<div  style=\"max-width:758px;max-height:214px\">\n<div style=\"clear: both; display: block; margin: 10px 0;\">\n<div style=\"clear: both; width: 100%; display: block; margin: 20px 0; padding: 0; float: none; position: static; text-align: center;\"><img decoding=\"async\"  src=\"https:\/\/a.allegroimg.com\/original\/11d816\/f134c9584c768b54e9ba610c8f55\/2x-GRIPMAX-SUREGRIP-PRO-SPORT-325-35R20-108-Y-Liczba-opon-w-ofercie-2-szt\" srcset=\"https:\/\/a.allegroimg.com\/original\/11d816\/f134c9584c768b54e9ba610c8f55\/2x-GRIPMAX-SUREGRIP-PRO-SPORT-325-35R20-108-Y-Liczba-opon-w-ofercie-2-szt 360w,https:\/\/a.allegroimg.com\/original\/11d816\/f134c9584c768b54e9ba610c8f55\/2x-GRIPMAX-SUREGRIP-PRO-SPORT-325-35R20-108-Y-Liczba-opon-w-ofercie-2-szt 720w,https:\/\/a.allegroimg.com\/original\/11d816\/f134c9584c768b54e9ba610c8f55\/2x-GRIPMAX-SUREGRIP-PRO-SPORT-325-35R20-108-Y-Liczba-opon-w-ofercie-2-szt 758w,https:\/\/a.allegroimg.com\/original\/11d816\/f134c9584c768b54e9ba610c8f55\/2x-GRIPMAX-SUREGRIP-PRO-SPORT-325-35R20-108-Y-Liczba-opon-w-ofercie-2-szt 758w\" sizes=\"100vw\" width=\"758px\" alt=\"2x GRIPMAX SUREGRIP PRO SPORT 325\/35R20 108 Y Liczba opon w ofercie 2 szt.\"\/ style=\"max-width: 100%; height: auto; display: block; margin: 0 auto;\"><\/div>\n<\/div>\n<\/div>\n<\/div>\n<\/div>\n<\/div>\n<div style=\"clear: both; display: block; margin: 10px 0;\">\n<div style=\"clear: both; display: block; margin: 10px 0;\">\n<div style=\"clear: both; display: block; margin: 10px 0;\">\n<p style=\"margin: 15px 0; line-height: 1.8; clear: both; display: block; width: 100%; float: none; position: static;\">Producent opon Gripmax tworzy opony klasy ekonomicznej. Opony produkowane przez azjatyckiego producenta wyr\u00f3\u017cniaj\u0105 si\u0119 zaawansowanymi procesami produkcyjnymi.<\/p>\n<p style=\"margin: 15px 0; line-height: 1.8; clear: both; display: block; width: 100%; float: none; position: static;\">Marka powsta\u0142a i rozwija\u0142a si\u0119 w oparciu o pasj\u0119 do jazdy w ekstremalnych warunkach. To zesp\u00f3\u0142 pasjonat\u00f3w tworz\u0105cych wysokiej jako\u015bci opony, kt\u00f3re pomy\u015blnie poradz\u0105 sobie nawet z najtrudniejszymi wyzwaniami off-roadowej trasy.<\/p>\n<p style=\"margin: 15px 0; line-height: 1.8; clear: both; display: block; width: 100%; float: none; position: static;\">Producent opon Gripmax odnosi dzi\u015b coraz wi\u0119ksze sukcesy na rynku. Opony na ka\u017cdy sezon trafiaj\u0105 do u\u017cytkownik\u00f3w samochod\u00f3w osobowych, SUV-\u00f3w, mocnych pojazd\u00f3w terenowych i aut z nap\u0119dem 4&#215;4 na ca\u0142ym \u015bwiecie. Dost\u0119pno\u015b\u0107 na popularne rozmiary i inwestowanie w jako\u015bciow\u0105 produkcj\u0119 sprawi\u0142o, \u017ce liczb\u0119 kierowc\u00f3w, kt\u00f3rzy je\u017cd\u017c\u0105 na oponach producenta Gripmax mo\u017cna ju\u017c liczy\u0107 w setkach tysi\u0119cy.<\/p>\n<p style=\"margin: 15px 0; line-height: 1.8; clear: both; display: block; width: 100%; float: none; position: static;\">Mark\u0119 wyr\u00f3\u017cnia bardzo dobry stosunek jako\u015bci do ceny, co doceni\u0142o ju\u017c wielu kierowc\u00f3w na r\u00f3\u017cnych kontynentach. Poszukuj\u0105c opon w dobrej cenie, warto postawi\u0107 na ogumienie chi\u0144skich producent\u00f3w, w\u015br\u00f3d kt\u00f3rych wyr\u00f3\u017cnia si\u0119 w\u0142a\u015bnie Gripmax.<\/p>\n<\/div>\n<\/div>\n<\/div>\n<div style=\"clear: both; display: block; margin: 10px 0;\">\n<div style=\"clear: both; display: block; margin: 10px 0;\">\n<div style=\"clear: both; display: block; margin: 10px 0;\">\n<div  style=\"max-width:660px;max-height:977px\">\n<div style=\"clear: both; display: block; margin: 10px 0;\">\n<div style=\"clear: both; width: 100%; display: block; margin: 20px 0; padding: 0; float: none; position: static; text-align: center;\"><img decoding=\"async\"  src=\"https:\/\/a.allegroimg.com\/original\/114352\/a3d387ca45bdabe934bb273f1a46\/2x-GRIPMAX-SUREGRIP-PRO-SPORT-325-35R20-108-Y-Marka-Gripmax\" srcset=\"https:\/\/a.allegroimg.com\/original\/114352\/a3d387ca45bdabe934bb273f1a46\/2x-GRIPMAX-SUREGRIP-PRO-SPORT-325-35R20-108-Y-Marka-Gripmax 243w,https:\/\/a.allegroimg.com\/original\/114352\/a3d387ca45bdabe934bb273f1a46\/2x-GRIPMAX-SUREGRIP-PRO-SPORT-325-35R20-108-Y-Marka-Gripmax 486w,https:\/\/a.allegroimg.com\/original\/114352\/a3d387ca45bdabe934bb273f1a46\/2x-GRIPMAX-SUREGRIP-PRO-SPORT-325-35R20-108-Y-Marka-Gripmax 660w,https:\/\/a.allegroimg.com\/original\/114352\/a3d387ca45bdabe934bb273f1a46\/2x-GRIPMAX-SUREGRIP-PRO-SPORT-325-35R20-108-Y-Marka-Gripmax 660w\" sizes=\"(min-width: 1200px) 560px, (min-width: 992px) 50vw, 100vw\" width=\"660px\" alt=\"2x GRIPMAX SUREGRIP PRO SPORT 325\/35R20 108 Y Marka Gripmax\"\/ style=\"max-width: 100%; height: auto; display: block; margin: 0 auto;\"><\/div>\n<\/div>\n<\/div>\n<\/div>\n<\/div>\n<div style=\"clear: both; display: block; margin: 10px 0;\">\n<div style=\"clear: both; display: block; margin: 10px 0;\">\n<p style=\"margin: 15px 0; line-height: 1.8; clear: both; display: block; width: 100%; float: none; position: static;\">Dlaczego warto kupowa\u0107 u Nas ?<\/p>\n<p style=\"margin: 15px 0; line-height: 1.8; clear: both; display: block; width: 100%; float: none; position: static;\">Jeste\u015bmy firm\u0105, kt\u00f3ra na podstawie wieloletniego do\u015bwiadczenia z zaanga\u017cowaniem pomaga klientom w doborze oraz kupnie opon.<\/p>\n<p style=\"margin: 15px 0; line-height: 1.8; clear: both; display: block; width: 100%; float: none; position: static;\">Posiadamy szerok\u0105 game opon do aut osobowych, dostawczych, cie\u017carowych, motocyki jak i opon przemys\u0142owych.<\/p>\n<p style=\"margin: 15px 0; line-height: 1.8; clear: both; display: block; width: 100%; float: none; position: static;\">Gwarancja satysfakcjii oraz bezpiecznie przejechanych kilometr\u00f3w.<\/p>\n<p style=\"margin: 15px 0; line-height: 1.8; clear: both; display: block; width: 100%; float: none; position: static;\">Zosta\u0144 naszym kolejnym zadowolonym klientem.<\/p>\n<p style=\"margin: 15px 0; line-height: 1.8; clear: both; display: block; width: 100%; float: none; position: static;\">ZAPRASZAMY DO ZAKUP\u00d3W.<\/p>\n<\/div>\n<\/div>\n<\/div>\n<\/div>\n<\/div>\n<\/div>\n<div style=\"clear: both; display: block; margin: 10px 0;\">\n","protected":false},"excerpt":{"rendered":"<p>2x GRIPMAX SUREGRIP PRO SPORT 325\/35R20 108 Y<\/p>\n<p>Letnie opony GRIPMAX SUREGRIP PRO SPORT R 325\/35 R20 108 Y<\/p>\n<p>Opony GRIPMAX SUREGRIP PRO SPORT R to znacz\u0105cy model w portfolio producenta.\u00a0<\/p>\n<p>Opony klasy ekonomicznej maj\u0105 \u015bwietny stosunek jako\u015bci do ceny.<\/p>\n<p>Stan:\u00a0Nowy<\/p>\n<p>EAN:\u00a08859291438854<\/p>\n<p>Producent: GRIPMAX<\/p>\n<p>Model: SUREGRIP PRO SPORT R<\/p>\n","protected":false},"featured_media":12601,"template":"","meta":{"_uag_custom_page_level_css":""},"product_brand":[438],"product_cat":[414,418,413,412],"product_tag":[],"class_list":{"0":"post-12600","1":"product","2":"type-product","3":"status-publish","4":"has-post-thumbnail","6":"product_brand-gripmax","7":"product_cat-do-samochodow-osobowych-i-suv","8":"product_cat-letnie","9":"product_cat-opony","10":"product_cat-opony-i-felgi","12":"first","13":"instock","14":"shipping-taxable","15":"purchasable","16":"product-type-simple"},"uagb_featured_image_src":{"full":["https:\/\/oponixo.shop\/tire\/wp-content\/uploads\/2026\/01\/allegro-image-12600.jpg",920,1120,false],"thumbnail":["https:\/\/oponixo.shop\/tire\/wp-content\/uploads\/2026\/01\/allegro-image-12600-150x150.jpg",150,150,true],"medium":["https:\/\/oponixo.shop\/tire\/wp-content\/uploads\/2026\/01\/allegro-image-12600-246x300.jpg",246,300,true],"medium_large":["https:\/\/oponixo.shop\/tire\/wp-content\/uploads\/2026\/01\/allegro-image-12600-768x935.jpg",768,935,true],"large":["https:\/\/oponixo.shop\/tire\/wp-content\/uploads\/2026\/01\/allegro-image-12600-841x1024.jpg",841,1024,true],"1536x1536":["https:\/\/oponixo.shop\/tire\/wp-content\/uploads\/2026\/01\/allegro-image-12600.jpg",920,1120,false],"2048x2048":["https:\/\/oponixo.shop\/tire\/wp-content\/uploads\/2026\/01\/allegro-image-12600.jpg",920,1120,false],"woocommerce_thumbnail":["https:\/\/oponixo.shop\/tire\/wp-content\/uploads\/2026\/01\/allegro-image-12600-300x300.jpg",300,300,true],"woocommerce_single":["https:\/\/oponixo.shop\/tire\/wp-content\/uploads\/2026\/01\/allegro-image-12600-600x730.jpg",600,730,true],"woocommerce_gallery_thumbnail":["https:\/\/oponixo.shop\/tire\/wp-content\/uploads\/2026\/01\/allegro-image-12600-100x100.jpg",100,100,true]},"uagb_author_info":{"display_name":"admin","author_link":"https:\/\/oponixo.shop\/tire\/author\/"},"uagb_comment_info":0,"uagb_excerpt":"2x GRIPMAX SUREGRIP PRO SPORT 325\/35R20 108 Y Letnie opony GRIPMAX SUREGRIP PRO SPORT R 325\/35 R20 108 Y Opony GRIPMAX SUREGRIP PRO SPORT R to znacz\u0105cy model w portfolio producenta.\u00a0 Opony klasy ekonomicznej maj\u0105 \u015bwietny stosunek jako\u015bci do ceny. Stan:\u00a0Nowy EAN:\u00a08859291438854 Producent: GRIPMAX Model: SUREGRIP PRO SPORT R","_links":{"self":[{"href":"https:\/\/oponixo.shop\/tire\/wp-json\/wp\/v2\/product\/12600","targetHints":{"allow":["GET"]}}],"collection":[{"href":"https:\/\/oponixo.shop\/tire\/wp-json\/wp\/v2\/product"}],"about":[{"href":"https:\/\/oponixo.shop\/tire\/wp-json\/wp\/v2\/types\/product"}],"wp:featuredmedia":[{"embeddable":true,"href":"https:\/\/oponixo.shop\/tire\/wp-json\/wp\/v2\/media\/12601"}],"wp:attachment":[{"href":"https:\/\/oponixo.shop\/tire\/wp-json\/wp\/v2\/media?parent=12600"}],"wp:term":[{"taxonomy":"product_brand","embeddable":true,"href":"https:\/\/oponixo.shop\/tire\/wp-json\/wp\/v2\/product_brand?post=12600"},{"taxonomy":"product_cat","embeddable":true,"href":"https:\/\/oponixo.shop\/tire\/wp-json\/wp\/v2\/product_cat?post=12600"},{"taxonomy":"product_tag","embeddable":true,"href":"https:\/\/oponixo.shop\/tire\/wp-json\/wp\/v2\/product_tag?post=12600"}],"curies":[{"name":"wp","href":"https:\/\/api.w.org\/{rel}","templated":true}]}}