{"id":12602,"date":"2026-01-04T00:34:09","date_gmt":"2026-01-03T23:34:09","guid":{"rendered":"https:\/\/oponyexpert.shop\/xef5\/produkt\/2-x-hankook-ventus-evo-suv-k137a-325-35r20-108-y-fr-opona-letnia\/"},"modified":"2026-01-04T00:34:10","modified_gmt":"2026-01-03T23:34:10","slug":"2-x-hankook-ventus-evo-suv-k137a-325-35r20-108-y-fr-opona-letnia","status":"publish","type":"product","link":"https:\/\/oponixo.shop\/tire\/produkt\/2-x-hankook-ventus-evo-suv-k137a-325-35r20-108-y-fr-opona-letnia\/","title":{"rendered":"2 x Hankook Ventus Evo SUV K137A 325\/35R20 108 Y FR opona letnia"},"content":{"rendered":"<div style=\"font-family: Arial, sans-serif; line-height: 1.6; color: #333; padding: 20px; clear: both; display: block; width: 100%; float: none; position: static; overflow: hidden;\">\n<div style=\"clear: both; display: block; margin: 10px 0;\">\n<div style=\"clear: both; display: block; margin: 10px 0;\">\n<div style=\"clear: both; display: block; margin: 10px 0;\">\n<div  style=\"max-width:361px;max-height:500px\">\n<div style=\"clear: both; display: block; margin: 10px 0;\">\n<div style=\"clear: both; width: 100%; display: block; margin: 20px 0; padding: 0; float: none; position: static; text-align: center;\"><img decoding=\"async\"  src=\"https:\/\/a.allegroimg.com\/original\/11bbb7\/1c2075f548ddbfe7846e2024193f\/2-x-Hankook-Ventus-Evo-SUV-K137A-325-35R20-108-Y-FR-opona-letnia\" srcset=\"https:\/\/a.allegroimg.com\/original\/11bbb7\/1c2075f548ddbfe7846e2024193f\/2-x-Hankook-Ventus-Evo-SUV-K137A-325-35R20-108-Y-FR-opona-letnia 259w,https:\/\/a.allegroimg.com\/original\/11bbb7\/1c2075f548ddbfe7846e2024193f\/2-x-Hankook-Ventus-Evo-SUV-K137A-325-35R20-108-Y-FR-opona-letnia 361w,https:\/\/a.allegroimg.com\/original\/11bbb7\/1c2075f548ddbfe7846e2024193f\/2-x-Hankook-Ventus-Evo-SUV-K137A-325-35R20-108-Y-FR-opona-letnia 361w\" sizes=\"(min-width: 1200px) 560px, (min-width: 992px) 50vw, 100vw\" width=\"361px\" alt=\"2 x Hankook Ventus Evo SUV K137A 325\/35R20 108 Y FR opona letnia\"\/ style=\"max-width: 100%; height: auto; display: block; margin: 0 auto;\"><\/div>\n<\/div>\n<\/div>\n<\/div>\n<\/div>\n<div style=\"clear: both; display: block; margin: 10px 0;\">\n<div style=\"clear: both; display: block; margin: 10px 0;\">\n<h2>Hankook Ventus Evo SUV K137A 325\/35R20 108 Y FR<\/h2>\n<p style=\"margin: 15px 0; line-height: 1.8; clear: both; display: block; width: 100%; float: none; position: static;\">Producent: Hankook<\/p>\n<p style=\"margin: 15px 0; line-height: 1.8; clear: both; display: block; width: 100%; float: none; position: static;\">Model: Ventus Evo SUV K137A<\/p>\n<p style=\"margin: 15px 0; line-height: 1.8; clear: both; display: block; width: 100%; float: none; position: static;\">Sezon: letnie<\/p>\n<p style=\"margin: 15px 0; line-height: 1.8; clear: both; display: block; width: 100%; float: none; position: static;\">Rozmiar: 325\/35R20<\/p>\n<p style=\"margin: 15px 0; line-height: 1.8; clear: both; display: block; width: 100%; float: none; position: static;\">Data produkcji: 2024<\/p>\n<p style=\"margin: 15px 0; line-height: 1.8; clear: both; display: block; width: 100%; float: none; position: static;\">Zu\u017cycie paliwa: klasa C<\/p>\n<p style=\"margin: 15px 0; line-height: 1.8; clear: both; display: block; width: 100%; float: none; position: static;\">Przyczepno\u015b\u0107 na mokrym: klasa A<\/p>\n<p style=\"margin: 15px 0; line-height: 1.8; clear: both; display: block; width: 100%; float: none; position: static;\">Poziom ha\u0142asu: 71 dB<\/p>\n<\/div>\n<\/div>\n<\/div>\n<\/div>\n<\/div>\n<\/div>\n<div style=\"clear: both; display: block; margin: 10px 0;\">\n","protected":false},"excerpt":{"rendered":"<p>Hankook Ventus Evo SUV K137A 325\/35R20 108 Y FR<\/p>\n<p>Producent: Hankook<\/p>\n<p>Model: Ventus Evo SUV K137A<\/p>\n<p>Sezon: letnie<\/p>\n<p>Rozmiar: 325\/35R20<\/p>\n<p>Data produkcji: 2024<\/p>\n<p>Zu\u017cycie paliwa: klasa C<\/p>\n<p>Przyczepno\u015b\u0107 na mokrym: klasa A<\/p>\n","protected":false},"featured_media":12603,"template":"","meta":{"_uag_custom_page_level_css":""},"product_brand":[411],"product_cat":[414,418,413,412],"product_tag":[],"class_list":{"0":"post-12602","1":"product","2":"type-product","3":"status-publish","4":"has-post-thumbnail","6":"product_brand-hankook","7":"product_cat-do-samochodow-osobowych-i-suv","8":"product_cat-letnie","9":"product_cat-opony","10":"product_cat-opony-i-felgi","12":"first","13":"instock","14":"shipping-taxable","15":"purchasable","16":"product-type-simple"},"uagb_featured_image_src":{"full":["https:\/\/oponixo.shop\/tire\/wp-content\/uploads\/2026\/01\/allegro-image-12602.jpg",361,500,false],"thumbnail":["https:\/\/oponixo.shop\/tire\/wp-content\/uploads\/2026\/01\/allegro-image-12602-150x150.jpg",150,150,true],"medium":["https:\/\/oponixo.shop\/tire\/wp-content\/uploads\/2026\/01\/allegro-image-12602-217x300.jpg",217,300,true],"medium_large":["https:\/\/oponixo.shop\/tire\/wp-content\/uploads\/2026\/01\/allegro-image-12602.jpg",361,500,false],"large":["https:\/\/oponixo.shop\/tire\/wp-content\/uploads\/2026\/01\/allegro-image-12602.jpg",361,500,false],"1536x1536":["https:\/\/oponixo.shop\/tire\/wp-content\/uploads\/2026\/01\/allegro-image-12602.jpg",361,500,false],"2048x2048":["https:\/\/oponixo.shop\/tire\/wp-content\/uploads\/2026\/01\/allegro-image-12602.jpg",361,500,false],"woocommerce_thumbnail":["https:\/\/oponixo.shop\/tire\/wp-content\/uploads\/2026\/01\/allegro-image-12602-300x300.jpg",300,300,true],"woocommerce_single":["https:\/\/oponixo.shop\/tire\/wp-content\/uploads\/2026\/01\/allegro-image-12602.jpg",361,500,false],"woocommerce_gallery_thumbnail":["https:\/\/oponixo.shop\/tire\/wp-content\/uploads\/2026\/01\/allegro-image-12602-100x100.jpg",100,100,true]},"uagb_author_info":{"display_name":"admin","author_link":"https:\/\/oponixo.shop\/tire\/author\/"},"uagb_comment_info":0,"uagb_excerpt":"Hankook Ventus Evo SUV K137A 325\/35R20 108 Y FR Producent: Hankook Model: Ventus Evo SUV K137A Sezon: letnie Rozmiar: 325\/35R20 Data produkcji: 2024 Zu\u017cycie paliwa: klasa C Przyczepno\u015b\u0107 na mokrym: klasa A","_links":{"self":[{"href":"https:\/\/oponixo.shop\/tire\/wp-json\/wp\/v2\/product\/12602","targetHints":{"allow":["GET"]}}],"collection":[{"href":"https:\/\/oponixo.shop\/tire\/wp-json\/wp\/v2\/product"}],"about":[{"href":"https:\/\/oponixo.shop\/tire\/wp-json\/wp\/v2\/types\/product"}],"wp:featuredmedia":[{"embeddable":true,"href":"https:\/\/oponixo.shop\/tire\/wp-json\/wp\/v2\/media\/12603"}],"wp:attachment":[{"href":"https:\/\/oponixo.shop\/tire\/wp-json\/wp\/v2\/media?parent=12602"}],"wp:term":[{"taxonomy":"product_brand","embeddable":true,"href":"https:\/\/oponixo.shop\/tire\/wp-json\/wp\/v2\/product_brand?post=12602"},{"taxonomy":"product_cat","embeddable":true,"href":"https:\/\/oponixo.shop\/tire\/wp-json\/wp\/v2\/product_cat?post=12602"},{"taxonomy":"product_tag","embeddable":true,"href":"https:\/\/oponixo.shop\/tire\/wp-json\/wp\/v2\/product_tag?post=12602"}],"curies":[{"name":"wp","href":"https:\/\/api.w.org\/{rel}","templated":true}]}}