{"id":12606,"date":"2026-01-04T00:34:10","date_gmt":"2026-01-03T23:34:10","guid":{"rendered":"https:\/\/oponyexpert.shop\/xef5\/produkt\/2x-continental-wintercontact-ts-860-205-45r18-90-h\/"},"modified":"2026-01-04T00:34:11","modified_gmt":"2026-01-03T23:34:11","slug":"2x-continental-wintercontact-ts-860-205-45r18-90-h","status":"publish","type":"product","link":"https:\/\/oponixo.shop\/tire\/produkt\/2x-continental-wintercontact-ts-860-205-45r18-90-h\/","title":{"rendered":"2x CONTINENTAL WINTERCONTACT TS 860 205\/45R18 90 H"},"content":{"rendered":"<div style=\"font-family: Arial, sans-serif; line-height: 1.6; color: #333; padding: 20px; clear: both; display: block; width: 100%; float: none; position: static; overflow: hidden;\">\n<div style=\"clear: both; display: block; margin: 10px 0;\">\n<div style=\"clear: both; display: block; margin: 10px 0;\">\n<div style=\"clear: both; display: block; margin: 10px 0;\">\n<h2>2x CONTINENTAL WINTERCONTACT TS 860 205\/45R18 90 H<\/h2>\n<\/div>\n<\/div>\n<\/div>\n<div style=\"clear: both; display: block; margin: 10px 0;\">\n<div style=\"clear: both; display: block; margin: 10px 0;\">\n<div style=\"clear: both; display: block; margin: 10px 0;\">\n<div  style=\"max-width:920px;max-height:1120px\">\n<div style=\"clear: both; display: block; margin: 10px 0;\">\n<div style=\"clear: both; width: 100%; display: block; margin: 20px 0; padding: 0; float: none; position: static; text-align: center;\"><img decoding=\"async\"  src=\"https:\/\/a.allegroimg.com\/original\/110669\/de3571bf481aaa79620be7b8913c\/2x-CONTINENTAL-WINTERCONTACT-TS-860-205-45R18-90-H\" srcset=\"https:\/\/a.allegroimg.com\/original\/110669\/de3571bf481aaa79620be7b8913c\/2x-CONTINENTAL-WINTERCONTACT-TS-860-205-45R18-90-H 295w,https:\/\/a.allegroimg.com\/original\/110669\/de3571bf481aaa79620be7b8913c\/2x-CONTINENTAL-WINTERCONTACT-TS-860-205-45R18-90-H 591w,https:\/\/a.allegroimg.com\/original\/110669\/de3571bf481aaa79620be7b8913c\/2x-CONTINENTAL-WINTERCONTACT-TS-860-205-45R18-90-H 841w,https:\/\/a.allegroimg.com\/original\/110669\/de3571bf481aaa79620be7b8913c\/2x-CONTINENTAL-WINTERCONTACT-TS-860-205-45R18-90-H 920w,https:\/\/a.allegroimg.com\/original\/110669\/de3571bf481aaa79620be7b8913c\/2x-CONTINENTAL-WINTERCONTACT-TS-860-205-45R18-90-H 920w\" sizes=\"(min-width: 1200px) 560px, (min-width: 992px) 50vw, 100vw\" width=\"920px\" alt=\"2x CONTINENTAL WINTERCONTACT TS 860 205\/45R18 90 H\"\/ style=\"max-width: 100%; height: auto; display: block; margin: 0 auto;\"><\/div>\n<\/div>\n<\/div>\n<\/div>\n<\/div>\n<div style=\"clear: both; display: block; margin: 10px 0;\">\n<div style=\"clear: both; display: block; margin: 10px 0;\">\n<h2>Zimowe opony CONTINENTAL WINTERCONTACT TS 860 S XL FR * QR CODE 205\/45 R18 90 H<\/h2>\n<p style=\"margin: 15px 0; line-height: 1.8; clear: both; display: block; width: 100%; float: none; position: static;\">Opony CONTINENTAL WINTERCONTACT TS 860 S XL FR * QR CODE to znacz\u0105cy model w portfolio producenta.\u00a0<\/p>\n<ul style=\"margin: 15px 0; padding-left: 20px; clear: both; display: block; width: 100%; float: none; position: static;\">\n<li style=\"margin: 5px 0; padding: 2px 0; clear: both; display: list-item; float: none; position: static;\"><b>Stan:<\/b>\u00a0Nowy<\/li>\n<li style=\"margin: 5px 0; padding: 2px 0; clear: both; display: list-item; float: none; position: static;\"><b>EAN:<\/b>\u00a04019238035070<\/li>\n<li style=\"margin: 5px 0; padding: 2px 0; clear: both; display: list-item; float: none; position: static;\"><b>Producent:<\/b> CONTINENTAL<\/li>\n<li style=\"margin: 5px 0; padding: 2px 0; clear: both; display: list-item; float: none; position: static;\"><b>Model:<\/b> WINTERCONTACT TS 860 S XL FR * QR CODE<\/li>\n<li style=\"margin: 5px 0; padding: 2px 0; clear: both; display: list-item; float: none; position: static;\"><b>Rozmiar:<\/b> 205\/45 R18<\/li>\n<li style=\"margin: 5px 0; padding: 2px 0; clear: both; display: list-item; float: none; position: static;\"><b>Indeks no\u015bno\u015bci:<\/b> 90<\/li>\n<li style=\"margin: 5px 0; padding: 2px 0; clear: both; display: list-item; float: none; position: static;\"><b>Indeks pr\u0119dko\u015bci:<\/b> H<\/li>\n<li style=\"margin: 5px 0; padding: 2px 0; clear: both; display: list-item; float: none; position: static;\"><b>Ha\u0142as db:<\/b>\u00a072<\/li>\n<li style=\"margin: 5px 0; padding: 2px 0; clear: both; display: list-item; float: none; position: static;\"><b>Sezon:<\/b> Zimowe<\/li>\n<li style=\"margin: 5px 0; padding: 2px 0; clear: both; display: list-item; float: none; position: static;\"><b>Rok produkcji:<\/b> 2024<\/li>\n<li style=\"margin: 5px 0; padding: 2px 0; clear: both; display: list-item; float: none; position: static;\"><b>Przeznaczenie:<\/b> Osobowe<\/li>\n<li style=\"margin: 5px 0; padding: 2px 0; clear: both; display: list-item; float: none; position: static;\"><b>Kl. przycz. na mokrej naw.:<\/b>\u00a0C<\/li>\n<li style=\"margin: 5px 0; padding: 2px 0; clear: both; display: list-item; float: none; position: static;\"><b>Kl. efekt. paliwowej:\u00a0<\/b>C<\/li>\n<\/ul>\n<\/div>\n<\/div>\n<\/div>\n<div style=\"clear: both; display: block; margin: 10px 0;\">\n<div style=\"clear: both; display: block; margin: 10px 0;\">\n<div style=\"clear: both; display: block; margin: 10px 0;\">\n<div  style=\"max-width:800px;max-height:350px\">\n<div style=\"clear: both; display: block; margin: 10px 0;\">\n<div style=\"clear: both; width: 100%; display: block; margin: 20px 0; padding: 0; float: none; position: static; text-align: center;\"><img decoding=\"async\"  src=\"https:\/\/a.allegroimg.com\/original\/117b5b\/fba235dd4af4be8476271b282c48\/2x-CONTINENTAL-WINTERCONTACT-TS-860-205-45R18-90-H-Liczba-opon-w-ofercie-2-szt\" srcset=\"https:\/\/a.allegroimg.com\/original\/117b5b\/fba235dd4af4be8476271b282c48\/2x-CONTINENTAL-WINTERCONTACT-TS-860-205-45R18-90-H-Liczba-opon-w-ofercie-2-szt 360w,https:\/\/a.allegroimg.com\/original\/117b5b\/fba235dd4af4be8476271b282c48\/2x-CONTINENTAL-WINTERCONTACT-TS-860-205-45R18-90-H-Liczba-opon-w-ofercie-2-szt 720w,https:\/\/a.allegroimg.com\/original\/117b5b\/fba235dd4af4be8476271b282c48\/2x-CONTINENTAL-WINTERCONTACT-TS-860-205-45R18-90-H-Liczba-opon-w-ofercie-2-szt 800w,https:\/\/a.allegroimg.com\/original\/117b5b\/fba235dd4af4be8476271b282c48\/2x-CONTINENTAL-WINTERCONTACT-TS-860-205-45R18-90-H-Liczba-opon-w-ofercie-2-szt 800w\" sizes=\"100vw\" width=\"800px\" alt=\"2x CONTINENTAL WINTERCONTACT TS 860 205\/45R18 90 H Liczba opon w ofercie 2 szt.\"\/ style=\"max-width: 100%; height: auto; display: block; margin: 0 auto;\"><\/div>\n<\/div>\n<\/div>\n<\/div>\n<\/div>\n<\/div>\n<div style=\"clear: both; display: block; margin: 10px 0;\">\n<div style=\"clear: both; display: block; margin: 10px 0;\">\n<div style=\"clear: both; display: block; margin: 10px 0;\">\n<p style=\"margin: 15px 0; line-height: 1.8; clear: both; display: block; width: 100%; float: none; position: static;\">Z ponad 150-letnim do\u015bwiadczeniem, Continental jest niekwestionowanym liderem w dziedzinie oponiarskiej, reprezentuj\u0105cym niezawodno\u015b\u0107, doskona\u0142o\u015b\u0107 technologiczn\u0105 i nieustanne d\u0105\u017cenie do innowacji. Nasza marka odzwierciedla d\u0142ugotrwa\u0142e oddanie wobec jako\u015bci i bezpiecze\u0144stwa na drodze.<\/p>\n<p style=\"margin: 15px 0; line-height: 1.8; clear: both; display: block; width: 100%; float: none; position: static;\">Poprzez nasz\u0105 globaln\u0105 sie\u0107 fabryk, w tym r\u00f3wnie\u017c obecno\u015b\u0107 w Polsce, Continental zapewnia klientom na ca\u0142ym \u015bwiecie dost\u0119p do najwy\u017cszej jako\u015bci opon. Nasze zak\u0142ady produkcyjne s\u0105 wyposa\u017cone w najnowocze\u015bniejsze technologie, gwarantuj\u0105ce produkty zgodne z najbardziej rygorystycznymi normami jako\u015bci.<\/p>\n<p style=\"margin: 15px 0; line-height: 1.8; clear: both; display: block; width: 100%; float: none; position: static;\">Opony Continental s\u0105 przeznaczone dla r\u00f3\u017cnych segment\u00f3w rynku, od samochod\u00f3w osobowych po pojazdy ci\u0119\u017carowe i przemys\u0142owe. Dzi\u0119ki nieustannym badaniom, innowacjom technologicznym i zaawansowanym rozwi\u0105zaniom, nasze opony zapewniaj\u0105 doskona\u0142\u0105 trakcj\u0119, precyzyjne prowadzenie i optymalne osi\u0105gi na drodze.<\/p>\n<p style=\"margin: 15px 0; line-height: 1.8; clear: both; display: block; width: 100%; float: none; position: static;\">Wsp\u00f3\u0142praca z wiod\u0105cymi producentami samochod\u00f3w stanowi podstaw\u0119 naszego sukcesu. Dzi\u0119ki temu mo\u017cemy dostarcza\u0107 opony idealnie dopasowane do specyfikacji i wymaga\u0144 r\u00f3\u017cnych pojazd\u00f3w, zapewniaj\u0105c nie tylko niezawodno\u015b\u0107, ale r\u00f3wnie\u017c osi\u0105gi i wyj\u0105tkowe do\u015bwiadczenia za kierownic\u0105.<\/p>\n<p style=\"margin: 15px 0; line-height: 1.8; clear: both; display: block; width: 100%; float: none; position: static;\">Continental to marka, kt\u00f3ra nieustannie przekracza granice technologiczne. Inwestujemy w badania nad elektronik\u0105 samochodow\u0105, systemami bezpiecze\u0144stwa i inteligentnymi rozwi\u0105zaniami, kt\u00f3re poprawiaj\u0105 zar\u00f3wno wydajno\u015b\u0107, jak i bezpiecze\u0144stwo naszych opon. Nasze innowacje obejmuj\u0105 adaptacyjne bie\u017cniki, systemy monitorowania ci\u015bnienia w oponach i zaawansowane technologie konstrukcyjne.<\/p>\n<p style=\"margin: 15px 0; line-height: 1.8; clear: both; display: block; width: 100%; float: none; position: static;\">D\u0105\u017cenie do zr\u00f3wnowa\u017conego rozwoju jest dla nas priorytetem. Kontynuujemy prace nad oponami o obni\u017conym oporze toczenia, kt\u00f3re przyczyniaj\u0105 si\u0119 do redukcji emisji CO2 i oszcz\u0119dno\u015bci paliwa. Ponadto, anga\u017cujemy si\u0119 w odpowiedzialne zarz\u0105dzanie surowcami i recykling, aby minimalizowa\u0107 nasz wp\u0142yw na \u015brodowisko.<\/p>\n<p style=\"margin: 15px 0; line-height: 1.8; clear: both; display: block; width: 100%; float: none; position: static;\">Ciekawostk\u0105 jest fakt, \u017ce Continental jest pionierem w dziedzinie opon run-flat, kt\u00f3re pozwalaj\u0105 na bezpieczne kontynuowanie podr\u00f3\u017cy nawet po utracie ci\u015bnienia. Dodatkowo, marka ta aktywnie uczestniczy w rozwoju autonomicznej jazdy i mobilno\u015bci przysz\u0142o\u015bci, dostarczaj\u0105c zaawansowane technologicznie rozwi\u0105zania dla samochod\u00f3w autonomicznych.<\/p>\n<\/div>\n<\/div>\n<\/div>\n<div style=\"clear: both; display: block; margin: 10px 0;\">\n<div style=\"clear: both; display: block; margin: 10px 0;\">\n<div style=\"clear: both; display: block; margin: 10px 0;\">\n<div  style=\"max-width:1200px;max-height:1758px\">\n<div style=\"clear: both; display: block; margin: 10px 0;\">\n<div style=\"clear: both; width: 100%; display: block; margin: 20px 0; padding: 0; float: none; position: static; text-align: center;\"><img decoding=\"async\"  src=\"https:\/\/a.allegroimg.com\/original\/111335\/84b6f0944128a0b0b31fb1b25c9f\/2x-CONTINENTAL-WINTERCONTACT-TS-860-205-45R18-90-H-Rok-produkcji-2024\" srcset=\"https:\/\/a.allegroimg.com\/original\/111335\/84b6f0944128a0b0b31fb1b25c9f\/2x-CONTINENTAL-WINTERCONTACT-TS-860-205-45R18-90-H-Rok-produkcji-2024 245w,https:\/\/a.allegroimg.com\/original\/111335\/84b6f0944128a0b0b31fb1b25c9f\/2x-CONTINENTAL-WINTERCONTACT-TS-860-205-45R18-90-H-Rok-produkcji-2024 491w,https:\/\/a.allegroimg.com\/original\/111335\/84b6f0944128a0b0b31fb1b25c9f\/2x-CONTINENTAL-WINTERCONTACT-TS-860-205-45R18-90-H-Rok-produkcji-2024 698w,https:\/\/a.allegroimg.com\/original\/111335\/84b6f0944128a0b0b31fb1b25c9f\/2x-CONTINENTAL-WINTERCONTACT-TS-860-205-45R18-90-H-Rok-produkcji-2024 982w,https:\/\/a.allegroimg.com\/original\/111335\/84b6f0944128a0b0b31fb1b25c9f\/2x-CONTINENTAL-WINTERCONTACT-TS-860-205-45R18-90-H-Rok-produkcji-2024 1200w\" sizes=\"(min-width: 1200px) 560px, (min-width: 992px) 50vw, 100vw\" width=\"1200px\" alt=\"2x CONTINENTAL WINTERCONTACT TS 860 205\/45R18 90 H Rok produkcji 2024\"\/ style=\"max-width: 100%; height: auto; display: block; margin: 0 auto;\"><\/div>\n<\/div>\n<\/div>\n<\/div>\n<\/div>\n<div style=\"clear: both; display: block; margin: 10px 0;\">\n<div style=\"clear: both; display: block; margin: 10px 0;\">\n<p style=\"margin: 15px 0; line-height: 1.8; clear: both; display: block; width: 100%; float: none; position: static;\">Dlaczego warto wybra\u0107 nasz\u0105 ofert\u0119?<\/p>\n<p style=\"margin: 15px 0; line-height: 1.8; clear: both; display: block; width: 100%; float: none; position: static;\">Jeste\u015bmy pasjonatami, kt\u00f3rzy dziel\u0105 si\u0119 swoj\u0105 wiedz\u0105 i zaanga\u017cowaniem, aby pom\u00f3c klientom w dokonaniu najlepszego wyboru opon.<\/p>\n<p style=\"margin: 15px 0; line-height: 1.8; clear: both; display: block; width: 100%; float: none; position: static;\">Oferujemy szeroki asortyment opon, obejmuj\u0105cy auta osobowe, dostawcze, ci\u0119\u017carowe, motocykle i opony przemys\u0142owe.Zapewniamy gwarancj\u0119 satysfakcji oraz bezpiecze\u0144stwo.<\/p>\n<p style=\"margin: 15px 0; line-height: 1.8; clear: both; display: block; width: 100%; float: none; position: static;\">Do\u0142\u0105cz do grona naszych zadowolonych klient\u00f3w i przekonaj si\u0119 o naszej jako\u015bci.<\/p>\n<p style=\"margin: 15px 0; line-height: 1.8; clear: both; display: block; width: 100%; float: none; position: static;\">ZAPRASZAMY DO ZAKUP\u00d3W.<\/p>\n<p style=\"margin: 15px 0; line-height: 1.8; clear: both; display: block; width: 100%; float: none; position: static;\">\u00a0<\/p>\n<p style=\"margin: 15px 0; line-height: 1.8; clear: both; display: block; width: 100%; float: none; position: static;\">\u00a0<\/p>\n<\/div>\n<\/div>\n<\/div>\n<\/div>\n<\/div>\n<\/div>\n<div style=\"clear: both; display: block; margin: 10px 0;\">\n","protected":false},"excerpt":{"rendered":"<p>2x CONTINENTAL WINTERCONTACT TS 860 205\/45R18 90 H<\/p>\n<p>Zimowe opony CONTINENTAL WINTERCONTACT TS 860 S XL FR * QR CODE 205\/45 R18 90 H<\/p>\n<p>Opony CONTINENTAL WINTERCONTACT TS 860 S XL FR * QR CODE to znacz\u0105cy model w portfolio producenta.\u00a0<\/p>\n<p>Stan:\u00a0Nowy<\/p>\n<p>EAN:\u00a04019238035070<\/p>\n<p>Producent: CONTINENTAL<\/p>\n<p>Model: WINTERCONTACT TS 860 S XL FR * QR CODE<\/p>\n<p>Rozmiar: 205\/45 R18<\/p>\n","protected":false},"featured_media":12607,"template":"","meta":{"_uag_custom_page_level_css":""},"product_brand":[396],"product_cat":[414,413,412,415],"product_tag":[],"class_list":{"0":"post-12606","1":"product","2":"type-product","3":"status-publish","4":"has-post-thumbnail","6":"product_brand-continental","7":"product_cat-do-samochodow-osobowych-i-suv","8":"product_cat-opony","9":"product_cat-opony-i-felgi","10":"product_cat-zimowe","12":"first","13":"instock","14":"shipping-taxable","15":"purchasable","16":"product-type-simple"},"uagb_featured_image_src":{"full":["https:\/\/oponixo.shop\/tire\/wp-content\/uploads\/2026\/01\/allegro-image-12606.jpg",920,1120,false],"thumbnail":["https:\/\/oponixo.shop\/tire\/wp-content\/uploads\/2026\/01\/allegro-image-12606-150x150.jpg",150,150,true],"medium":["https:\/\/oponixo.shop\/tire\/wp-content\/uploads\/2026\/01\/allegro-image-12606-246x300.jpg",246,300,true],"medium_large":["https:\/\/oponixo.shop\/tire\/wp-content\/uploads\/2026\/01\/allegro-image-12606-768x935.jpg",768,935,true],"large":["https:\/\/oponixo.shop\/tire\/wp-content\/uploads\/2026\/01\/allegro-image-12606-841x1024.jpg",841,1024,true],"1536x1536":["https:\/\/oponixo.shop\/tire\/wp-content\/uploads\/2026\/01\/allegro-image-12606.jpg",920,1120,false],"2048x2048":["https:\/\/oponixo.shop\/tire\/wp-content\/uploads\/2026\/01\/allegro-image-12606.jpg",920,1120,false],"woocommerce_thumbnail":["https:\/\/oponixo.shop\/tire\/wp-content\/uploads\/2026\/01\/allegro-image-12606-300x300.jpg",300,300,true],"woocommerce_single":["https:\/\/oponixo.shop\/tire\/wp-content\/uploads\/2026\/01\/allegro-image-12606-600x730.jpg",600,730,true],"woocommerce_gallery_thumbnail":["https:\/\/oponixo.shop\/tire\/wp-content\/uploads\/2026\/01\/allegro-image-12606-100x100.jpg",100,100,true]},"uagb_author_info":{"display_name":"admin","author_link":"https:\/\/oponixo.shop\/tire\/author\/"},"uagb_comment_info":0,"uagb_excerpt":"2x CONTINENTAL WINTERCONTACT TS 860 205\/45R18 90 H Zimowe opony CONTINENTAL WINTERCONTACT TS 860 S XL FR * QR CODE 205\/45 R18 90 H Opony CONTINENTAL WINTERCONTACT TS 860 S XL FR * QR CODE to znacz\u0105cy model w portfolio producenta.\u00a0 Stan:\u00a0Nowy EAN:\u00a04019238035070 Producent: CONTINENTAL Model: WINTERCONTACT TS 860 S XL FR * QR CODE&hellip;","_links":{"self":[{"href":"https:\/\/oponixo.shop\/tire\/wp-json\/wp\/v2\/product\/12606","targetHints":{"allow":["GET"]}}],"collection":[{"href":"https:\/\/oponixo.shop\/tire\/wp-json\/wp\/v2\/product"}],"about":[{"href":"https:\/\/oponixo.shop\/tire\/wp-json\/wp\/v2\/types\/product"}],"wp:featuredmedia":[{"embeddable":true,"href":"https:\/\/oponixo.shop\/tire\/wp-json\/wp\/v2\/media\/12607"}],"wp:attachment":[{"href":"https:\/\/oponixo.shop\/tire\/wp-json\/wp\/v2\/media?parent=12606"}],"wp:term":[{"taxonomy":"product_brand","embeddable":true,"href":"https:\/\/oponixo.shop\/tire\/wp-json\/wp\/v2\/product_brand?post=12606"},{"taxonomy":"product_cat","embeddable":true,"href":"https:\/\/oponixo.shop\/tire\/wp-json\/wp\/v2\/product_cat?post=12606"},{"taxonomy":"product_tag","embeddable":true,"href":"https:\/\/oponixo.shop\/tire\/wp-json\/wp\/v2\/product_tag?post=12606"}],"curies":[{"name":"wp","href":"https:\/\/api.w.org\/{rel}","templated":true}]}}