{"id":12636,"date":"2026-01-04T01:52:17","date_gmt":"2026-01-04T00:52:17","guid":{"rendered":"https:\/\/oponyexpert.shop\/xef5\/produkt\/2x-195-70r16-continental-wintercontact-ts-870-94h-nowe-zima\/"},"modified":"2026-01-04T01:52:17","modified_gmt":"2026-01-04T00:52:17","slug":"2x-195-70r16-continental-wintercontact-ts-870-94h-nowe-zima","status":"publish","type":"product","link":"https:\/\/oponixo.shop\/tire\/produkt\/2x-195-70r16-continental-wintercontact-ts-870-94h-nowe-zima\/","title":{"rendered":"2x 195\/70R16 CONTINENTAL WinterContact TS 870 94H NOWE ZIMA"},"content":{"rendered":"<div style=\"font-family: Arial, sans-serif; line-height: 1.6; color: #333; padding: 20px; clear: both; display: block; width: 100%; float: none; position: static; overflow: hidden;\">\n<div style=\"clear: both; display: block; margin: 10px 0;\">\n<div style=\"clear: both; display: block; margin: 10px 0;\">\n<div style=\"clear: both; display: block; margin: 10px 0;\">\n<div  style=\"max-width:2560px;max-height:456px\">\n<div style=\"clear: both; display: block; margin: 10px 0;\">\n<div style=\"clear: both; width: 100%; display: block; margin: 20px 0; padding: 0; float: none; position: static; text-align: center;\"><img decoding=\"async\"  src=\"https:\/\/a.allegroimg.com\/original\/118635\/b0f87fd44c38a5358d47fcb0dd24\/2x-195-70R16-CONTINENTAL-WinterContact-TS-870-94H-NOWE-ZIMA-Rok-produkcji-2024\" srcset=\"https:\/\/a.allegroimg.com\/original\/118635\/b0f87fd44c38a5358d47fcb0dd24\/2x-195-70R16-CONTINENTAL-WinterContact-TS-870-94H-NOWE-ZIMA-Rok-produkcji-2024 360w,https:\/\/a.allegroimg.com\/original\/118635\/b0f87fd44c38a5358d47fcb0dd24\/2x-195-70R16-CONTINENTAL-WinterContact-TS-870-94H-NOWE-ZIMA-Rok-produkcji-2024 720w,https:\/\/a.allegroimg.com\/original\/118635\/b0f87fd44c38a5358d47fcb0dd24\/2x-195-70R16-CONTINENTAL-WinterContact-TS-870-94H-NOWE-ZIMA-Rok-produkcji-2024 1024w,https:\/\/a.allegroimg.com\/original\/118635\/b0f87fd44c38a5358d47fcb0dd24\/2x-195-70R16-CONTINENTAL-WinterContact-TS-870-94H-NOWE-ZIMA-Rok-produkcji-2024 1440w,https:\/\/a.allegroimg.com\/original\/118635\/b0f87fd44c38a5358d47fcb0dd24\/2x-195-70R16-CONTINENTAL-WinterContact-TS-870-94H-NOWE-ZIMA-Rok-produkcji-2024 2560w\" sizes=\"100vw\" width=\"2560px\" alt=\"2x 195\/70R16 CONTINENTAL WinterContact TS 870 94H NOWE ZIMA Rok produkcji 2024\"\/ style=\"max-width: 100%; height: auto; display: block; margin: 0 auto;\"><\/div>\n<\/div>\n<\/div>\n<\/div>\n<\/div>\n<\/div>\n<div style=\"clear: both; display: block; margin: 10px 0;\">\n<div style=\"clear: both; display: block; margin: 10px 0;\">\n<div style=\"clear: both; display: block; margin: 10px 0;\">\n<div  style=\"max-width:410px;max-height:280px\">\n<div style=\"clear: both; display: block; margin: 10px 0;\">\n<div style=\"clear: both; width: 100%; display: block; margin: 20px 0; padding: 0; float: none; position: static; text-align: center;\"><img decoding=\"async\"  src=\"https:\/\/a.allegroimg.com\/original\/11f289\/078d1cee4e019c8fce5f3add1b29\/2x-195-70R16-CONTINENTAL-WinterContact-TS-870-94H-NOWE-ZIMA\" srcset=\"https:\/\/a.allegroimg.com\/original\/11f289\/078d1cee4e019c8fce5f3add1b29\/2x-195-70R16-CONTINENTAL-WinterContact-TS-870-94H-NOWE-ZIMA 360w,https:\/\/a.allegroimg.com\/original\/11f289\/078d1cee4e019c8fce5f3add1b29\/2x-195-70R16-CONTINENTAL-WinterContact-TS-870-94H-NOWE-ZIMA 410w,https:\/\/a.allegroimg.com\/original\/11f289\/078d1cee4e019c8fce5f3add1b29\/2x-195-70R16-CONTINENTAL-WinterContact-TS-870-94H-NOWE-ZIMA 410w\" sizes=\"(min-width: 1200px) 560px, (min-width: 992px) 50vw, 100vw\" width=\"410px\" alt=\"2x 195\/70R16 CONTINENTAL WinterContact TS 870 94H NOWE ZIMA\"\/ style=\"max-width: 100%; height: auto; display: block; margin: 0 auto;\"><\/div>\n<\/div>\n<\/div>\n<\/div>\n<\/div>\n<div style=\"clear: both; display: block; margin: 10px 0;\">\n<div style=\"clear: both; display: block; margin: 10px 0;\">\n<h3 style=\"color: #2c5aa0; font-size: 18px; margin: 30px 0 15px 0; font-weight: bold; clear: both; display: block; width: 100%; float: none; position: static;\">PARAMETRY OPON:<\/h3>\n<p style=\"margin: 15px 0; line-height: 1.8; clear: both; display: block; width: 100%; float: none; position: static;\">Producent: CONTINENTAL<\/p>\n<p style=\"margin: 15px 0; line-height: 1.8; clear: both; display: block; width: 100%; float: none; position: static;\">Kod producenta: 03558680000<\/p>\n<p style=\"margin: 15px 0; line-height: 1.8; clear: both; display: block; width: 100%; float: none; position: static;\">EAN (GTIN): 4019238073737<\/p>\n<p style=\"margin: 15px 0; line-height: 1.8; clear: both; display: block; width: 100%; float: none; position: static;\">Rozmiar: 195\/70R16<\/p>\n<p style=\"margin: 15px 0; line-height: 1.8; clear: both; display: block; width: 100%; float: none; position: static;\">Model: WinterContact TS 870<\/p>\n<p style=\"margin: 15px 0; line-height: 1.8; clear: both; display: block; width: 100%; float: none; position: static;\">Indeks no\u015bno\u015bci: 94 &#8211; 670 kg<\/p>\n<p style=\"margin: 15px 0; line-height: 1.8; clear: both; display: block; width: 100%; float: none; position: static;\">Indeks pr\u0119dko\u015bci: H do 210 km\/h<\/p>\n<p style=\"margin: 15px 0; line-height: 1.8; clear: both; display: block; width: 100%; float: none; position: static;\">Homologacja:<\/p>\n<p style=\"margin: 15px 0; line-height: 1.8; clear: both; display: block; width: 100%; float: none; position: static;\">Rok produkcji: 2024<\/p>\n<\/div>\n<\/div>\n<\/div>\n<div style=\"clear: both; display: block; margin: 10px 0;\">\n<div style=\"clear: both; display: block; margin: 10px 0;\">\n<div style=\"clear: both; display: block; margin: 10px 0;\">\n<p style=\"margin: 15px 0; line-height: 1.8; clear: both; display: block; width: 100%; float: none; position: static;\">Continental WinterContact TS 870 \u2013 zimowa jazda pod pe\u0142n\u0105 kontrol\u0105<\/p>\n<h3 style=\"color: #2c5aa0; font-size: 18px; margin: 30px 0 15px 0; font-weight: bold; clear: both; display: block; width: 100%; float: none; position: static;\">Continental WinterContact TS 870 to nowoczesna opona zimowa stworzona z my\u015bl\u0105 o maksymalnym bezpiecze\u0144stwie, doskona\u0142ej kontroli i ni\u017cszym zu\u017cyciu paliwa nawet w najbardziej wymagaj\u0105cych warunkach pogodowych.<\/h3>\n<p style=\"margin: 15px 0; line-height: 1.8; clear: both; display: block; width: 100%; float: none; position: static;\">Dlaczego warto wybra\u0107 Continental WinterContact TS 870?<\/p>\n<ul style=\"margin: 15px 0; padding-left: 20px; clear: both; display: block; width: 100%; float: none; position: static;\">\n<li style=\"margin: 5px 0; padding: 2px 0; clear: both; display: list-item; float: none; position: static;\"><b>Pe\u0142na kontrola na \u015bniegu i lodzie<\/b> \u2013 innowacyjna technologia Triple Sipe Concept zapewnia wyj\u0105tkow\u0105 przyczepno\u015b\u0107 na za\u015bnie\u017conych i oblodzonych drogach oraz skutecznie skraca drog\u0119 hamowania.<\/li>\n<li style=\"margin: 5px 0; padding: 2px 0; clear: both; display: list-item; float: none; position: static;\"><b>Kr\u00f3tka droga hamowania na mokrej nawierzchni<\/b> \u2013 zaawansowana mieszanka Cool Chili&#8482; zapewnia stabilno\u015b\u0107 i bezpiecze\u0144stwo podczas jazdy po mokrych drogach, a specjalne rowki Hydro Grooves chroni\u0105 przed aquaplaningiem.<\/li>\n<li style=\"margin: 5px 0; padding: 2px 0; clear: both; display: list-item; float: none; position: static;\"><b>Niskie zu\u017cycie paliwa<\/b> \u2013 mieszanka z dodatkiem Performance Resins i elastycznych polimer\u00f3w Flexible Polymer Matrix zmniejsza opory toczenia, co przek\u0142ada si\u0119 na ni\u017csze spalanie i d\u0142u\u017cszy przebieg.<\/li>\n<\/ul>\n<h3 style=\"color: #2c5aa0; font-size: 18px; margin: 30px 0 15px 0; font-weight: bold; clear: both; display: block; width: 100%; float: none; position: static;\">Z Continental WinterContact TS 870 \u017cadna zima Ci\u0119 nie zaskoczy \u2013 postaw na pe\u0142ne bezpiecze\u0144stwo, komfort i oszcz\u0119dno\u015b\u0107 w ka\u017cdych warunkach.<\/h3>\n<\/div>\n<\/div>\n<\/div>\n<div style=\"clear: both; display: block; margin: 10px 0;\">\n<div style=\"clear: both; display: block; margin: 10px 0;\">\n<div style=\"clear: both; display: block; margin: 10px 0;\">\n<div  style=\"max-width:391px;max-height:900px\">\n<div style=\"clear: both; display: block; margin: 10px 0;\">\n<div style=\"clear: both; width: 100%; display: block; margin: 20px 0; padding: 0; float: none; position: static; text-align: center;\"><img decoding=\"async\"  src=\"https:\/\/a.allegroimg.com\/original\/1166bb\/f0413ea24d929c2d2644924a7238\/2x-195-70R16-CONTINENTAL-WinterContact-TS-870-94H-NOWE-ZIMA-Liczba-opon-w-ofercie-2-szt\" srcset=\"https:\/\/a.allegroimg.com\/original\/1166bb\/f0413ea24d929c2d2644924a7238\/2x-195-70R16-CONTINENTAL-WinterContact-TS-870-94H-NOWE-ZIMA-Liczba-opon-w-ofercie-2-szt 156w,https:\/\/a.allegroimg.com\/original\/1166bb\/f0413ea24d929c2d2644924a7238\/2x-195-70R16-CONTINENTAL-WinterContact-TS-870-94H-NOWE-ZIMA-Liczba-opon-w-ofercie-2-szt 312w,https:\/\/a.allegroimg.com\/original\/1166bb\/f0413ea24d929c2d2644924a7238\/2x-195-70R16-CONTINENTAL-WinterContact-TS-870-94H-NOWE-ZIMA-Liczba-opon-w-ofercie-2-szt 391w,https:\/\/a.allegroimg.com\/original\/1166bb\/f0413ea24d929c2d2644924a7238\/2x-195-70R16-CONTINENTAL-WinterContact-TS-870-94H-NOWE-ZIMA-Liczba-opon-w-ofercie-2-szt 391w\" sizes=\"100vw\" width=\"391px\" alt=\"2x 195\/70R16 CONTINENTAL WinterContact TS 870 94H NOWE ZIMA Liczba opon w ofercie 2 szt.\"\/ style=\"max-width: 100%; height: auto; display: block; margin: 0 auto;\"><\/div>\n<\/div>\n<\/div>\n<\/div>\n<\/div>\n<\/div>\n<\/div>\n<\/div>\n<\/div>\n<div style=\"clear: both; display: block; margin: 10px 0;\">\n","protected":false},"excerpt":{"rendered":"<p>PARAMETRY OPON:<\/p>\n<p>Producent: CONTINENTAL<\/p>\n<p>Kod producenta: 03558680000<\/p>\n<p>EAN (GTIN): 4019238073737<\/p>\n<p>Rozmiar: 195\/70R16<\/p>\n<p>Model: WinterContact TS 870<\/p>\n<p>Indeks no\u015bno\u015bci: 94 &#8211; 670 kg<\/p>\n<p>Indeks pr\u0119dko\u015bci: H do 210 km\/h<\/p>\n","protected":false},"featured_media":12637,"template":"","meta":{"_uag_custom_page_level_css":""},"product_brand":[396],"product_cat":[414,413,412,415],"product_tag":[],"class_list":{"0":"post-12636","1":"product","2":"type-product","3":"status-publish","4":"has-post-thumbnail","6":"product_brand-continental","7":"product_cat-do-samochodow-osobowych-i-suv","8":"product_cat-opony","9":"product_cat-opony-i-felgi","10":"product_cat-zimowe","12":"first","13":"instock","14":"shipping-taxable","15":"purchasable","16":"product-type-simple"},"uagb_featured_image_src":{"full":["https:\/\/oponixo.shop\/tire\/wp-content\/uploads\/2026\/01\/allegro-image-12636.jpg",410,280,false],"thumbnail":["https:\/\/oponixo.shop\/tire\/wp-content\/uploads\/2026\/01\/allegro-image-12636-150x150.jpg",150,150,true],"medium":["https:\/\/oponixo.shop\/tire\/wp-content\/uploads\/2026\/01\/allegro-image-12636-300x205.jpg",300,205,true],"medium_large":["https:\/\/oponixo.shop\/tire\/wp-content\/uploads\/2026\/01\/allegro-image-12636.jpg",410,280,false],"large":["https:\/\/oponixo.shop\/tire\/wp-content\/uploads\/2026\/01\/allegro-image-12636.jpg",410,280,false],"1536x1536":["https:\/\/oponixo.shop\/tire\/wp-content\/uploads\/2026\/01\/allegro-image-12636.jpg",410,280,false],"2048x2048":["https:\/\/oponixo.shop\/tire\/wp-content\/uploads\/2026\/01\/allegro-image-12636.jpg",410,280,false],"woocommerce_thumbnail":["https:\/\/oponixo.shop\/tire\/wp-content\/uploads\/2026\/01\/allegro-image-12636-300x280.jpg",300,280,true],"woocommerce_single":["https:\/\/oponixo.shop\/tire\/wp-content\/uploads\/2026\/01\/allegro-image-12636.jpg",410,280,false],"woocommerce_gallery_thumbnail":["https:\/\/oponixo.shop\/tire\/wp-content\/uploads\/2026\/01\/allegro-image-12636-100x100.jpg",100,100,true]},"uagb_author_info":{"display_name":"admin","author_link":"https:\/\/oponixo.shop\/tire\/author\/"},"uagb_comment_info":0,"uagb_excerpt":"PARAMETRY OPON: Producent: CONTINENTAL Kod producenta: 03558680000 EAN (GTIN): 4019238073737 Rozmiar: 195\/70R16 Model: WinterContact TS 870 Indeks no\u015bno\u015bci: 94 - 670 kg Indeks pr\u0119dko\u015bci: H do 210 km\/h","_links":{"self":[{"href":"https:\/\/oponixo.shop\/tire\/wp-json\/wp\/v2\/product\/12636","targetHints":{"allow":["GET"]}}],"collection":[{"href":"https:\/\/oponixo.shop\/tire\/wp-json\/wp\/v2\/product"}],"about":[{"href":"https:\/\/oponixo.shop\/tire\/wp-json\/wp\/v2\/types\/product"}],"wp:featuredmedia":[{"embeddable":true,"href":"https:\/\/oponixo.shop\/tire\/wp-json\/wp\/v2\/media\/12637"}],"wp:attachment":[{"href":"https:\/\/oponixo.shop\/tire\/wp-json\/wp\/v2\/media?parent=12636"}],"wp:term":[{"taxonomy":"product_brand","embeddable":true,"href":"https:\/\/oponixo.shop\/tire\/wp-json\/wp\/v2\/product_brand?post=12636"},{"taxonomy":"product_cat","embeddable":true,"href":"https:\/\/oponixo.shop\/tire\/wp-json\/wp\/v2\/product_cat?post=12636"},{"taxonomy":"product_tag","embeddable":true,"href":"https:\/\/oponixo.shop\/tire\/wp-json\/wp\/v2\/product_tag?post=12636"}],"curies":[{"name":"wp","href":"https:\/\/api.w.org\/{rel}","templated":true}]}}