{"id":12690,"date":"2026-01-04T01:52:33","date_gmt":"2026-01-04T00:52:33","guid":{"rendered":"https:\/\/oponyexpert.shop\/xef5\/produkt\/2x215-60r16-99v-xl-imperial-all-season-drive-opony-caloroczne\/"},"modified":"2026-01-04T01:52:33","modified_gmt":"2026-01-04T00:52:33","slug":"2x215-60r16-99v-xl-imperial-all-season-drive-opony-caloroczne","status":"publish","type":"product","link":"https:\/\/oponixo.shop\/tire\/produkt\/2x215-60r16-99v-xl-imperial-all-season-drive-opony-caloroczne\/","title":{"rendered":"2&#215;215\/60R16 99V XL IMPERIAL All Season Drive opony ca\u0142oroczne"},"content":{"rendered":"<div style=\"font-family: Arial, sans-serif; line-height: 1.6; color: #333; padding: 20px; clear: both; display: block; width: 100%; float: none; position: static; overflow: hidden;\">\n<div style=\"clear: both; display: block; margin: 10px 0;\">\n<div style=\"clear: both; display: block; margin: 10px 0;\">\n<div style=\"clear: both; display: block; margin: 10px 0;\">\n<div  style=\"max-width:720px;max-height:720px\">\n<div style=\"clear: both; display: block; margin: 10px 0;\">\n<div style=\"clear: both; width: 100%; display: block; margin: 20px 0; padding: 0; float: none; position: static; text-align: center;\"><img decoding=\"async\"  src=\"https:\/\/a.allegroimg.com\/original\/06d7c3\/5382865b4e6096d8f61f6ea68727\/2x215-60R16-99V-XL-IMPERIAL-All-Season-Drive-opony-caloroczne\" srcset=\"https:\/\/a.allegroimg.com\/original\/06d7c3\/5382865b4e6096d8f61f6ea68727\/2x215-60R16-99V-XL-IMPERIAL-All-Season-Drive-opony-caloroczne 360w,https:\/\/a.allegroimg.com\/original\/06d7c3\/5382865b4e6096d8f61f6ea68727\/2x215-60R16-99V-XL-IMPERIAL-All-Season-Drive-opony-caloroczne 720w,https:\/\/a.allegroimg.com\/original\/06d7c3\/5382865b4e6096d8f61f6ea68727\/2x215-60R16-99V-XL-IMPERIAL-All-Season-Drive-opony-caloroczne 720w\" sizes=\"(min-width: 1200px) 560px, (min-width: 992px) 50vw, 100vw\" width=\"720px\" alt=\"2x215\/60R16 99V XL IMPERIAL All Season Drive opony ca\u0142oroczne\"\/ style=\"max-width: 100%; height: auto; display: block; margin: 0 auto;\"><\/div>\n<\/div>\n<\/div>\n<\/div>\n<\/div>\n<div style=\"clear: both; display: block; margin: 10px 0;\">\n<div style=\"clear: both; display: block; margin: 10px 0;\">\n<h2>PARA NOWYCH OPON WIELOSEZONOWYCH (2 szt.)<\/h2>\n<h1>IMPERIAL All Season Driver<\/h1>\n<h1>215\/60R16 99V XL<\/h1>\n<h3 style=\"color: #2c5aa0; font-size: 18px; margin: 30px 0 15px 0; font-weight: bold; clear: both; display: block; width: 100%; float: none; position: static;\">\u2022 INDEKS NO\u015aNO\u015aCI: 99, 775 kg na opon\u0119<\/h3>\n<h3 style=\"color: #2c5aa0; font-size: 18px; margin: 30px 0 15px 0; font-weight: bold; clear: both; display: block; width: 100%; float: none; position: static;\">\u2022 INDEKS PR\u0118DKO\u015aCI: V, 240 km\/h<\/h3>\n<h3 style=\"color: #2c5aa0; font-size: 18px; margin: 30px 0 15px 0; font-weight: bold; clear: both; display: block; width: 100%; float: none; position: static;\">\u2022 ETYKIETA: C_B_71dB<\/h3>\n<h3 style=\"color: #2c5aa0; font-size: 18px; margin: 30px 0 15px 0; font-weight: bold; clear: both; display: block; width: 100%; float: none; position: static;\">\u2022 WZMOCNIONE &#8222;XL&#8221;<\/h3>\n<h3 style=\"color: #2c5aa0; font-size: 18px; margin: 30px 0 15px 0; font-weight: bold; clear: both; display: block; width: 100%; float: none; position: static;\">\u2022 Posiadaj\u0105 oznaczenie dla opon zimowych:<\/h3>\n<p style=\"margin: 15px 0; line-height: 1.8; clear: both; display: block; width: 100%; float: none; position: static;\"><b>M+S<\/b> (mud and snow), <b>3PMSF<\/b> (Three-Peak Mountain Snow Flake)<\/p>\n<p style=\"margin: 15px 0; line-height: 1.8; clear: both; display: block; width: 100%; float: none; position: static;\">\u2022 Nowe, <b>wzmocnione<\/b>, wielosezonowe opony znanego, cenionego do wielu lat producenta <b>Imperial<\/b><\/p>\n<p style=\"margin: 15px 0; line-height: 1.8; clear: both; display: block; width: 100%; float: none; position: static;\">\u2022 gwarantuj\u0105 dobr\u0105 przyczepno\u015b\u0107 i kontrol\u0119 nad pojazdem w ka\u017cdych warunkach<\/p>\n<p style=\"margin: 15px 0; line-height: 1.8; clear: both; display: block; width: 100%; float: none; position: static;\">\u2022 nowoczesny bie\u017cnik w kszta\u0142cie litery V gwarantuje szybkie i bardzo skuteczne odprowadzenie wody i odporno\u015b\u0107 na tzw. aquaplaning.<\/p>\n<p style=\"margin: 15px 0; line-height: 1.8; clear: both; display: block; width: 100%; float: none; position: static;\">\u2022 innowacyjna mieszanka opony zapewnia d\u0142ugie przebiegi i wysoki komfort jazdy<\/p>\n<p style=\"margin: 15px 0; line-height: 1.8; clear: both; display: block; width: 100%; float: none; position: static;\">\u2022 system naci\u0119\u0107 rowk\u00f3w w znacznym stopniu poprawia przyczepno\u015b\u0107 w zimowych warunkach<\/p>\n<p style=\"margin: 15px 0; line-height: 1.8; clear: both; display: block; width: 100%; float: none; position: static;\">\u2022 stabilne na \u015bniegu, lodzie i b\u0142ocie po\u015bniegowym, dobrze odprowadzaj\u0105 wod\u0119<\/p>\n<h3 style=\"color: #2c5aa0; font-size: 18px; margin: 30px 0 15px 0; font-weight: bold; clear: both; display: block; width: 100%; float: none; position: static;\">\u2022 ROK PRODUKCJI: 2025<\/h3>\n<\/div>\n<\/div>\n<\/div>\n<div style=\"clear: both; display: block; margin: 10px 0;\">\n<div style=\"clear: both; display: block; margin: 10px 0;\">\n<div style=\"clear: both; display: block; margin: 10px 0;\">\n<div  style=\"max-width:295px;max-height:128px\">\n<div style=\"clear: both; display: block; margin: 10px 0;\">\n<div style=\"clear: both; width: 100%; display: block; margin: 20px 0; padding: 0; float: none; position: static; text-align: center;\"><img decoding=\"async\"  src=\"https:\/\/a.allegroimg.com\/original\/06136a\/ce282bd34851bbd8f0442c76bc8e\/2x215-60R16-99V-XL-IMPERIAL-All-Season-Drive-opony-caloroczne-Klasa-pozostale-marki\" srcset=\"https:\/\/a.allegroimg.com\/original\/06136a\/ce282bd34851bbd8f0442c76bc8e\/2x215-60R16-99V-XL-IMPERIAL-All-Season-Drive-opony-caloroczne-Klasa-pozostale-marki 295w,https:\/\/a.allegroimg.com\/original\/06136a\/ce282bd34851bbd8f0442c76bc8e\/2x215-60R16-99V-XL-IMPERIAL-All-Season-Drive-opony-caloroczne-Klasa-pozostale-marki 295w\" sizes=\"(min-width: 1200px) 560px, (min-width: 992px) 50vw, 100vw\" width=\"295px\" alt=\"2x215\/60R16 99V XL IMPERIAL All Season Drive opony ca\u0142oroczne Klasa pozosta\u0142e marki\"\/ style=\"max-width: 100%; height: auto; display: block; margin: 0 auto;\"><\/div>\n<\/div>\n<\/div>\n<\/div>\n<\/div>\n<div style=\"clear: both; display: block; margin: 10px 0;\">\n<div style=\"clear: both; display: block; margin: 10px 0;\">\n<p style=\"margin: 15px 0; line-height: 1.8; clear: both; display: block; width: 100%; float: none; position: static;\"><b>IMPERIAL<\/b>&nbsp;&#8211; belgijska marka koncernu DELDO produkowana w Azji (m.in. w Chinach). Dostawca opon letnich, zimowych i wielosezonowych do aut dostawczych, ci\u0119\u017carowych i osobowych. Dostarcza nowoczesne opony produkowane wed\u0142ug najnowszych technologii z wysokiej jako\u015bci komponent\u00f3w.<\/p>\n<p style=\"margin: 15px 0; line-height: 1.8; clear: both; display: block; width: 100%; float: none; position: static;\">Cenione przez wielu kierowc\u00f3w w ca\u0142ej Europie. \u015awietne opinie.<\/p>\n<\/div>\n<\/div>\n<\/div>\n<\/div>\n<\/div>\n<\/div>\n<div style=\"clear: both; display: block; margin: 10px 0;\">\n","protected":false},"excerpt":{"rendered":"<p>PARA NOWYCH OPON WIELOSEZONOWYCH (2 szt.)<\/p>\n<p>IMPERIAL All Season Driver<\/p>\n<p>215\/60R16 99V XL<\/p>\n<p>\u2022 INDEKS NO\u015aNO\u015aCI: 99, 775 kg na opon\u0119<\/p>\n<p>\u2022 INDEKS PR\u0118DKO\u015aCI: V, 240 km\/h<\/p>\n<p>\u2022 ETYKIETA: C_B_71dB<\/p>\n<p>\u2022 WZMOCNIONE &quot;XL&quot;<\/p>\n<p>\u2022 Posiadaj\u0105 oznaczenie dla opon zimowych:<\/p>\n","protected":false},"featured_media":12691,"template":"","meta":{"_uag_custom_page_level_css":""},"product_brand":[452],"product_cat":[416,414,413,412],"product_tag":[],"class_list":{"0":"post-12690","1":"product","2":"type-product","3":"status-publish","4":"has-post-thumbnail","6":"product_brand-imperial","7":"product_cat-caloroczne","8":"product_cat-do-samochodow-osobowych-i-suv","9":"product_cat-opony","10":"product_cat-opony-i-felgi","12":"first","13":"instock","14":"shipping-taxable","15":"purchasable","16":"product-type-simple"},"uagb_featured_image_src":{"full":["https:\/\/oponixo.shop\/tire\/wp-content\/uploads\/2026\/01\/allegro-image-12690.jpg",720,720,false],"thumbnail":["https:\/\/oponixo.shop\/tire\/wp-content\/uploads\/2026\/01\/allegro-image-12690-150x150.jpg",150,150,true],"medium":["https:\/\/oponixo.shop\/tire\/wp-content\/uploads\/2026\/01\/allegro-image-12690-300x300.jpg",300,300,true],"medium_large":["https:\/\/oponixo.shop\/tire\/wp-content\/uploads\/2026\/01\/allegro-image-12690.jpg",720,720,false],"large":["https:\/\/oponixo.shop\/tire\/wp-content\/uploads\/2026\/01\/allegro-image-12690.jpg",720,720,false],"1536x1536":["https:\/\/oponixo.shop\/tire\/wp-content\/uploads\/2026\/01\/allegro-image-12690.jpg",720,720,false],"2048x2048":["https:\/\/oponixo.shop\/tire\/wp-content\/uploads\/2026\/01\/allegro-image-12690.jpg",720,720,false],"woocommerce_thumbnail":["https:\/\/oponixo.shop\/tire\/wp-content\/uploads\/2026\/01\/allegro-image-12690-300x300.jpg",300,300,true],"woocommerce_single":["https:\/\/oponixo.shop\/tire\/wp-content\/uploads\/2026\/01\/allegro-image-12690-600x600.jpg",600,600,true],"woocommerce_gallery_thumbnail":["https:\/\/oponixo.shop\/tire\/wp-content\/uploads\/2026\/01\/allegro-image-12690-100x100.jpg",100,100,true]},"uagb_author_info":{"display_name":"admin","author_link":"https:\/\/oponixo.shop\/tire\/author\/"},"uagb_comment_info":0,"uagb_excerpt":"PARA NOWYCH OPON WIELOSEZONOWYCH (2 szt.) IMPERIAL All Season Driver 215\/60R16 99V XL \u2022 INDEKS NO\u015aNO\u015aCI: 99, 775 kg na opon\u0119 \u2022 INDEKS PR\u0118DKO\u015aCI: V, 240 km\/h \u2022 ETYKIETA: C_B_71dB \u2022 WZMOCNIONE &quot;XL&quot; \u2022 Posiadaj\u0105 oznaczenie dla opon zimowych:","_links":{"self":[{"href":"https:\/\/oponixo.shop\/tire\/wp-json\/wp\/v2\/product\/12690","targetHints":{"allow":["GET"]}}],"collection":[{"href":"https:\/\/oponixo.shop\/tire\/wp-json\/wp\/v2\/product"}],"about":[{"href":"https:\/\/oponixo.shop\/tire\/wp-json\/wp\/v2\/types\/product"}],"wp:featuredmedia":[{"embeddable":true,"href":"https:\/\/oponixo.shop\/tire\/wp-json\/wp\/v2\/media\/12691"}],"wp:attachment":[{"href":"https:\/\/oponixo.shop\/tire\/wp-json\/wp\/v2\/media?parent=12690"}],"wp:term":[{"taxonomy":"product_brand","embeddable":true,"href":"https:\/\/oponixo.shop\/tire\/wp-json\/wp\/v2\/product_brand?post=12690"},{"taxonomy":"product_cat","embeddable":true,"href":"https:\/\/oponixo.shop\/tire\/wp-json\/wp\/v2\/product_cat?post=12690"},{"taxonomy":"product_tag","embeddable":true,"href":"https:\/\/oponixo.shop\/tire\/wp-json\/wp\/v2\/product_tag?post=12690"}],"curies":[{"name":"wp","href":"https:\/\/api.w.org\/{rel}","templated":true}]}}