{"id":12698,"date":"2026-01-04T01:52:35","date_gmt":"2026-01-04T00:52:35","guid":{"rendered":"https:\/\/oponyexpert.shop\/xef5\/produkt\/2x-opony-caloroczne-235-50r18-101v-xl-atrezzo-4seasons-sailun\/"},"modified":"2026-01-04T01:52:36","modified_gmt":"2026-01-04T00:52:36","slug":"2x-opony-caloroczne-235-50r18-101v-xl-atrezzo-4seasons-sailun","status":"publish","type":"product","link":"https:\/\/oponixo.shop\/tire\/produkt\/2x-opony-caloroczne-235-50r18-101v-xl-atrezzo-4seasons-sailun\/","title":{"rendered":"2x Opony ca\u0142oroczne 235\/50R18 101V XL Atrezzo 4Seasons SAILUN"},"content":{"rendered":"<div style=\"font-family: Arial, sans-serif; line-height: 1.6; color: #333; padding: 20px; clear: both; display: block; width: 100%; float: none; position: static; overflow: hidden;\">\n<div style=\"clear: both; display: block; margin: 10px 0;\">\n<div style=\"clear: both; display: block; margin: 10px 0;\">\n<div style=\"clear: both; display: block; margin: 10px 0;\">\n<h1>2x Opony ca\u0142oroczne 235\/50R18 101V XL Atrezzo 4Seasons SAILUN<\/h1>\n<\/div>\n<\/div>\n<\/div>\n<div style=\"clear: both; display: block; margin: 10px 0;\">\n<div style=\"clear: both; display: block; margin: 10px 0;\">\n<div style=\"clear: both; display: block; margin: 10px 0;\">\n<div  style=\"max-width:1440px;max-height:100px\">\n<div style=\"clear: both; display: block; margin: 10px 0;\">\n<div style=\"clear: both; width: 100%; display: block; margin: 20px 0; padding: 0; float: none; position: static; text-align: center;\"><img decoding=\"async\"  src=\"https:\/\/a.allegroimg.com\/original\/11bc9f\/af0bf9414e0983b024eff2abb8ac\/2x-Opony-caloroczne-235-50R18-101V-XL-Atrezzo-4Seasons-SAILUN-Profil-opony-50\" srcset=\"https:\/\/a.allegroimg.com\/original\/11bc9f\/af0bf9414e0983b024eff2abb8ac\/2x-Opony-caloroczne-235-50R18-101V-XL-Atrezzo-4Seasons-SAILUN-Profil-opony-50 360w,https:\/\/a.allegroimg.com\/original\/11bc9f\/af0bf9414e0983b024eff2abb8ac\/2x-Opony-caloroczne-235-50R18-101V-XL-Atrezzo-4Seasons-SAILUN-Profil-opony-50 720w,https:\/\/a.allegroimg.com\/original\/11bc9f\/af0bf9414e0983b024eff2abb8ac\/2x-Opony-caloroczne-235-50R18-101V-XL-Atrezzo-4Seasons-SAILUN-Profil-opony-50 1024w,https:\/\/a.allegroimg.com\/original\/11bc9f\/af0bf9414e0983b024eff2abb8ac\/2x-Opony-caloroczne-235-50R18-101V-XL-Atrezzo-4Seasons-SAILUN-Profil-opony-50 1440w,https:\/\/a.allegroimg.com\/original\/11bc9f\/af0bf9414e0983b024eff2abb8ac\/2x-Opony-caloroczne-235-50R18-101V-XL-Atrezzo-4Seasons-SAILUN-Profil-opony-50 1440w\" sizes=\"100vw\" width=\"1440px\" alt=\"2x Opony ca\u0142oroczne 235\/50R18 101V XL Atrezzo 4Seasons SAILUN Profil opony 50\"\/ style=\"max-width: 100%; height: auto; display: block; margin: 0 auto;\"><\/div>\n<\/div>\n<\/div>\n<\/div>\n<\/div>\n<\/div>\n<div style=\"clear: both; display: block; margin: 10px 0;\">\n<div style=\"clear: both; display: block; margin: 10px 0;\">\n<div style=\"clear: both; display: block; margin: 10px 0;\">\n<div  style=\"max-width:1576px;max-height:2560px\">\n<div style=\"clear: both; display: block; margin: 10px 0;\">\n<div style=\"clear: both; width: 100%; display: block; margin: 20px 0; padding: 0; float: none; position: static; text-align: center;\"><img decoding=\"async\"  src=\"https:\/\/a.allegroimg.com\/original\/11fec5\/635ca979499c946630b58d455056\/2x-Opony-caloroczne-235-50R18-101V-XL-Atrezzo-4Seasons-SAILUN-Liczba-opon-w-ofercie-2-szt\" srcset=\"https:\/\/a.allegroimg.com\/original\/11fec5\/635ca979499c946630b58d455056\/2x-Opony-caloroczne-235-50R18-101V-XL-Atrezzo-4Seasons-SAILUN-Liczba-opon-w-ofercie-2-szt 221w,https:\/\/a.allegroimg.com\/original\/11fec5\/635ca979499c946630b58d455056\/2x-Opony-caloroczne-235-50R18-101V-XL-Atrezzo-4Seasons-SAILUN-Liczba-opon-w-ofercie-2-szt 443w,https:\/\/a.allegroimg.com\/original\/11fec5\/635ca979499c946630b58d455056\/2x-Opony-caloroczne-235-50R18-101V-XL-Atrezzo-4Seasons-SAILUN-Liczba-opon-w-ofercie-2-szt 630w,https:\/\/a.allegroimg.com\/original\/11fec5\/635ca979499c946630b58d455056\/2x-Opony-caloroczne-235-50R18-101V-XL-Atrezzo-4Seasons-SAILUN-Liczba-opon-w-ofercie-2-szt 886w,https:\/\/a.allegroimg.com\/original\/11fec5\/635ca979499c946630b58d455056\/2x-Opony-caloroczne-235-50R18-101V-XL-Atrezzo-4Seasons-SAILUN-Liczba-opon-w-ofercie-2-szt 1576w\" sizes=\"(min-width: 1200px) 560px, (min-width: 992px) 50vw, 100vw\" width=\"1576px\" alt=\"2x Opony ca\u0142oroczne 235\/50R18 101V XL Atrezzo 4Seasons SAILUN Liczba opon w ofercie 2 szt.\"\/ style=\"max-width: 100%; height: auto; display: block; margin: 0 auto;\"><\/div>\n<\/div>\n<\/div>\n<\/div>\n<\/div>\n<div style=\"clear: both; display: block; margin: 10px 0;\">\n<div style=\"clear: both; display: block; margin: 10px 0;\">\n<h1>SAILUN Atrezzo 4Seasons 235\/50R18<\/h1>\n<h3 style=\"color: #2c5aa0; font-size: 18px; margin: 30px 0 15px 0; font-weight: bold; clear: both; display: block; width: 100%; float: none; position: static;\">Dane podstawowe<\/h3>\n<p style=\"margin: 15px 0; line-height: 1.8; clear: both; display: block; width: 100%; float: none; position: static;\"><b>Stan:<\/b> Opony fabrycznie nowe<\/p>\n<p style=\"margin: 15px 0; line-height: 1.8; clear: both; display: block; width: 100%; float: none; position: static;\"><b>Producent:<\/b> SAILUN<\/p>\n<p style=\"margin: 15px 0; line-height: 1.8; clear: both; display: block; width: 100%; float: none; position: static;\"><b>Model:<\/b> Atrezzo 4Seasons<\/p>\n<p style=\"margin: 15px 0; line-height: 1.8; clear: both; display: block; width: 100%; float: none; position: static;\"><b>Klasa opon:<\/b> Ekonomiczna<\/p>\n<p style=\"margin: 15px 0; line-height: 1.8; clear: both; display: block; width: 100%; float: none; position: static;\"><b>Sezon:<\/b> Opony ca\u0142oroczne<\/p>\n<p style=\"margin: 15px 0; line-height: 1.8; clear: both; display: block; width: 100%; float: none; position: static;\"><b>Szeroko\u015b\u0107:<\/b> 235<\/p>\n<p style=\"margin: 15px 0; line-height: 1.8; clear: both; display: block; width: 100%; float: none; position: static;\"><b>Profil:<\/b> 50<\/p>\n<p style=\"margin: 15px 0; line-height: 1.8; clear: both; display: block; width: 100%; float: none; position: static;\"><b>\u015arednica:<\/b> 18<\/p>\n<p style=\"margin: 15px 0; line-height: 1.8; clear: both; display: block; width: 100%; float: none; position: static;\"><b>Indeks pr\u0119dko\u015bci:<\/b> V &#8211; do 240 km\/h<\/p>\n<p style=\"margin: 15px 0; line-height: 1.8; clear: both; display: block; width: 100%; float: none; position: static;\"><b>Indeks no\u015bno\u015bci:<\/b> 101 &#8211; 825 kg na opon\u0119<\/p>\n<p style=\"margin: 15px 0; line-height: 1.8; clear: both; display: block; width: 100%; float: none; position: static;\"><b>Rok produkcji:<\/b> 2024<\/p>\n<\/div>\n<\/div>\n<\/div>\n<div style=\"clear: both; display: block; margin: 10px 0;\">\n<div style=\"clear: both; display: block; margin: 10px 0;\">\n<div style=\"clear: both; display: block; margin: 10px 0;\">\n<div  style=\"max-width:2560px;max-height:2560px\">\n<div style=\"clear: both; display: block; margin: 10px 0;\">\n<div style=\"clear: both; width: 100%; display: block; margin: 20px 0; padding: 0; float: none; position: static; text-align: center;\"><img decoding=\"async\"  src=\"https:\/\/a.allegroimg.com\/original\/11a8ea\/11f157114e4084549c9ca12bb366\/2x-Opony-caloroczne-235-50R18-101V-XL-Atrezzo-4Seasons-SAILUN-Rok-produkcji-2024\" srcset=\"https:\/\/a.allegroimg.com\/original\/11a8ea\/11f157114e4084549c9ca12bb366\/2x-Opony-caloroczne-235-50R18-101V-XL-Atrezzo-4Seasons-SAILUN-Rok-produkcji-2024 360w,https:\/\/a.allegroimg.com\/original\/11a8ea\/11f157114e4084549c9ca12bb366\/2x-Opony-caloroczne-235-50R18-101V-XL-Atrezzo-4Seasons-SAILUN-Rok-produkcji-2024 720w,https:\/\/a.allegroimg.com\/original\/11a8ea\/11f157114e4084549c9ca12bb366\/2x-Opony-caloroczne-235-50R18-101V-XL-Atrezzo-4Seasons-SAILUN-Rok-produkcji-2024 1024w,https:\/\/a.allegroimg.com\/original\/11a8ea\/11f157114e4084549c9ca12bb366\/2x-Opony-caloroczne-235-50R18-101V-XL-Atrezzo-4Seasons-SAILUN-Rok-produkcji-2024 1440w,https:\/\/a.allegroimg.com\/original\/11a8ea\/11f157114e4084549c9ca12bb366\/2x-Opony-caloroczne-235-50R18-101V-XL-Atrezzo-4Seasons-SAILUN-Rok-produkcji-2024 2560w\" sizes=\"(min-width: 1200px) 560px, (min-width: 992px) 50vw, 100vw\" width=\"2560px\" alt=\"2x Opony ca\u0142oroczne 235\/50R18 101V XL Atrezzo 4Seasons SAILUN Rok produkcji 2024\"\/ style=\"max-width: 100%; height: auto; display: block; margin: 0 auto;\"><\/div>\n<\/div>\n<\/div>\n<\/div>\n<\/div>\n<div style=\"clear: both; display: block; margin: 10px 0;\">\n<div style=\"clear: both; display: block; margin: 10px 0;\">\n<h3 style=\"color: #2c5aa0; font-size: 18px; margin: 30px 0 15px 0; font-weight: bold; clear: both; display: block; width: 100%; float: none; position: static;\">Informacje szczeg\u00f3\u0142owe<\/h3>\n<p style=\"margin: 15px 0; line-height: 1.8; clear: both; display: block; width: 100%; float: none; position: static;\"><b>Op\u00f3r toczenia: <\/b>Klasa B<\/p>\n<p style=\"margin: 15px 0; line-height: 1.8; clear: both; display: block; width: 100%; float: none; position: static;\"><b>Przyczepno\u015b\u0107 na mokrej nawierzchni: <\/b>Klasa B<\/p>\n<p style=\"margin: 15px 0; line-height: 1.8; clear: both; display: block; width: 100%; float: none; position: static;\"><b>Poziom ha\u0142asu zewn\u0119trznego: <\/b>Klasa B<\/p>\n<p style=\"margin: 15px 0; line-height: 1.8; clear: both; display: block; width: 100%; float: none; position: static;\"><b>Ha\u0142as zewn\u0119trzny: <\/b>72 dB<\/p>\n<p style=\"margin: 15px 0; line-height: 1.8; clear: both; display: block; width: 100%; float: none; position: static;\"><b>Opona o podwy\u017cszonym wska\u017aniku no\u015bno\u015bci: <\/b>XL<\/p>\n<p style=\"margin: 15px 0; line-height: 1.8; clear: both; display: block; width: 100%; float: none; position: static;\"><b>Przeznaczenie: <\/b>Opona do samochod\u00f3w osobowych, SUV oraz z nap\u0119dem 4&#215;4<\/p>\n<p style=\"margin: 15px 0; line-height: 1.8; clear: both; display: block; width: 100%; float: none; position: static;\"><b>Kod producenta: <\/b>3220016642<\/p>\n<p style=\"margin: 15px 0; line-height: 1.8; clear: both; display: block; width: 100%; float: none; position: static;\"><b>Kod QR: <\/b>eprel.ec.europa.eu\/qr\/1604297<\/p>\n<p style=\"margin: 15px 0; line-height: 1.8; clear: both; display: block; width: 100%; float: none; position: static;\"><b>Waga opony: <\/b>11.89 kg<\/p>\n<\/div>\n<\/div>\n<\/div>\n<div style=\"clear: both; display: block; margin: 10px 0;\">\n<div style=\"clear: both; display: block; margin: 10px 0;\">\n<div style=\"clear: both; display: block; margin: 10px 0;\">\n<p style=\"margin: 15px 0; line-height: 1.8; clear: both; display: block; width: 100%; float: none; position: static;\">*Zdj\u0119cia przedstawione w ofercie maj\u0105 <b>charakter pogl\u0105dowy<\/b>. Rzeczywisty wygl\u0105d mo\u017ce r\u00f3\u017cni\u0107 si\u0119 od prezentowanego w zale\u017cno\u015bci od rozmiaru produktu.<\/p>\n<\/div>\n<\/div>\n<\/div>\n<div style=\"clear: both; display: block; margin: 10px 0;\">\n<div style=\"clear: both; display: block; margin: 10px 0;\">\n<div style=\"clear: both; display: block; margin: 10px 0;\">\n<h1>Atrezzo 4 Seasons<\/h1>\n<ul style=\"margin: 15px 0; padding-left: 20px; clear: both; display: block; width: 100%; float: none; position: static;\">\n<li style=\"margin: 5px 0; padding: 2px 0; clear: both; display: list-item; float: none; position: static;\">W\u0142a\u015bciwo\u015bci jezdne na suchej nawierzchni s\u0105 poprawione dzi\u0119ki mocnemu kwadratowemu wzorowi blok\u00f3w na zewn\u0105trz.<\/li>\n<li style=\"margin: 5px 0; padding: 2px 0; clear: both; display: list-item; float: none; position: static;\">Nowo wprowadzone tr\u00f3jwymiarowe rowki i lamele zapewniaj\u0105 optymalne dzia\u0142anie przez ca\u0142y okres u\u017cytkowania opony.<\/li>\n<li style=\"margin: 5px 0; padding: 2px 0; clear: both; display: list-item; float: none; position: static;\">Przeznaczona do u\u017cytku przez ca\u0142y rok. Zygzakowaty wz\u00f3r lameli i blok\u00f3w maksymalizuje przyczepno\u015b\u0107 w wodzie i na \u015bniegu. Trzy g\u0142\u00f3wne rowki szybko i skutecznie odprowadzaj\u0105 wod\u0119 i \u015bnieg, zapewniaj\u0105c bezpieczniejsz\u0105 jazd\u0119.<\/li>\n<\/ul>\n<\/div>\n<\/div>\n<\/div>\n<div style=\"clear: both; display: block; margin: 10px 0;\">\n<div style=\"clear: both; display: block; margin: 10px 0;\">\n<div style=\"clear: both; display: block; margin: 10px 0;\">\n<div  style=\"max-width:852px;max-height:1248px\">\n<div style=\"clear: both; display: block; margin: 10px 0;\">\n<div style=\"clear: both; width: 100%; display: block; margin: 20px 0; padding: 0; float: none; position: static; text-align: center;\"><img decoding=\"async\"  src=\"https:\/\/a.allegroimg.com\/original\/116f50\/ecd885334b9ca8ab1a3eab50c0f1\/2x-Opony-caloroczne-235-50R18-101V-XL-Atrezzo-4Seasons-SAILUN-Szerokosc-opony-235-mm\" srcset=\"https:\/\/a.allegroimg.com\/original\/116f50\/ecd885334b9ca8ab1a3eab50c0f1\/2x-Opony-caloroczne-235-50R18-101V-XL-Atrezzo-4Seasons-SAILUN-Szerokosc-opony-235-mm 245w,https:\/\/a.allegroimg.com\/original\/116f50\/ecd885334b9ca8ab1a3eab50c0f1\/2x-Opony-caloroczne-235-50R18-101V-XL-Atrezzo-4Seasons-SAILUN-Szerokosc-opony-235-mm 491w,https:\/\/a.allegroimg.com\/original\/116f50\/ecd885334b9ca8ab1a3eab50c0f1\/2x-Opony-caloroczne-235-50R18-101V-XL-Atrezzo-4Seasons-SAILUN-Szerokosc-opony-235-mm 699w,https:\/\/a.allegroimg.com\/original\/116f50\/ecd885334b9ca8ab1a3eab50c0f1\/2x-Opony-caloroczne-235-50R18-101V-XL-Atrezzo-4Seasons-SAILUN-Szerokosc-opony-235-mm 852w,https:\/\/a.allegroimg.com\/original\/116f50\/ecd885334b9ca8ab1a3eab50c0f1\/2x-Opony-caloroczne-235-50R18-101V-XL-Atrezzo-4Seasons-SAILUN-Szerokosc-opony-235-mm 852w\" sizes=\"(min-width: 1200px) 560px, (min-width: 992px) 50vw, 100vw\" width=\"852px\" alt=\"2x Opony ca\u0142oroczne 235\/50R18 101V XL Atrezzo 4Seasons SAILUN Szeroko\u015b\u0107 opony 235 mm\"\/ style=\"max-width: 100%; height: auto; display: block; margin: 0 auto;\"><\/div>\n<\/div>\n<\/div>\n<\/div>\n<\/div>\n<div style=\"clear: both; display: block; margin: 10px 0;\">\n<div style=\"clear: both; display: block; margin: 10px 0;\">\n<p style=\"margin: 15px 0; line-height: 1.8; clear: both; display: block; width: 100%; float: none; position: static;\"><b>Etykiety Unijne na oponach<\/b> pomagaj\u0105 konsumentom w podj\u0119ciu \u015bwiadomej decyzji o zakupie.<\/p>\n<p style=\"margin: 15px 0; line-height: 1.8; clear: both; display: block; width: 100%; float: none; position: static;\"><b>Op\u00f3r toczenia<\/b> w oponie jest wska\u017anikiem jej efektywno\u015bci energetycznej, co ma wp\u0142yw na zu\u017cycie paliwa oraz emisj\u0119 spalin. Klasa oporu toczenia waha si\u0119 od A (najwydajniejsza) do E (najni\u017csza).<\/p>\n<p style=\"margin: 15px 0; line-height: 1.8; clear: both; display: block; width: 100%; float: none; position: static;\"><b>Droga hamowania na mokrej nawierzchni<\/b> zale\u017cy od zdolno\u015bci opony do trzymania si\u0119 drogi na mokrej nawierzchni. Klasa A okre\u015bla najkr\u00f3tsz\u0105 drog\u0119, za\u015b E najd\u0142u\u017csz\u0105. Opona z etykiet\u0105 E hamuje 18 metr\u00f3w dalej w por\u00f3wnaniu z opon\u0105 z etykiet\u0105 A (procedura testowa, w kt\u00f3rej mierzy si\u0119 drog\u0119 hamowania od 80 km\/h do 5 km\/h na drodze pokrytej wod\u0105).<\/p>\n<p style=\"margin: 15px 0; line-height: 1.8; clear: both; display: block; width: 100%; float: none; position: static;\"><b>Ha\u0142as zewn\u0119trzny<\/b> odnosi si\u0119 do ha\u0142asu wytwarzanego przez opon\u0119 podczas przejazdu samochodu i jest mierzony w dB (decybelach). Ha\u0142as opon mierzony jest na zewn\u0105trz pojazdu co ma za zadanie ograniczy\u0107 negatywny wp\u0142yw na otoczenie.<\/p>\n<\/div>\n<\/div>\n<\/div>\n<\/div>\n<\/div>\n<\/div>\n<div style=\"clear: both; display: block; margin: 10px 0;\">\n","protected":false},"excerpt":{"rendered":"<p>2x Opony ca\u0142oroczne 235\/50R18 101V XL Atrezzo 4Seasons SAILUN<\/p>\n<p>SAILUN Atrezzo 4Seasons 235\/50R18<\/p>\n<p>Dane podstawowe<\/p>\n<p>Stan: Opony fabrycznie nowe<\/p>\n<p>Producent: SAILUN<\/p>\n<p>Model: Atrezzo 4Seasons<\/p>\n<p>Klasa opon: Ekonomiczna<\/p>\n<p>Sezon: Opony ca\u0142oroczne<\/p>\n","protected":false},"featured_media":12699,"template":"","meta":{"_uag_custom_page_level_css":""},"product_brand":[398],"product_cat":[416,414,413,412],"product_tag":[],"class_list":{"0":"post-12698","1":"product","2":"type-product","3":"status-publish","4":"has-post-thumbnail","6":"product_brand-sailun","7":"product_cat-caloroczne","8":"product_cat-do-samochodow-osobowych-i-suv","9":"product_cat-opony","10":"product_cat-opony-i-felgi","12":"first","13":"instock","14":"shipping-taxable","15":"purchasable","16":"product-type-simple"},"uagb_featured_image_src":{"full":["https:\/\/oponixo.shop\/tire\/wp-content\/uploads\/2026\/01\/allegro-image-12698.jpg",2560,2560,false],"thumbnail":["https:\/\/oponixo.shop\/tire\/wp-content\/uploads\/2026\/01\/allegro-image-12698-150x150.jpg",150,150,true],"medium":["https:\/\/oponixo.shop\/tire\/wp-content\/uploads\/2026\/01\/allegro-image-12698-300x300.jpg",300,300,true],"medium_large":["https:\/\/oponixo.shop\/tire\/wp-content\/uploads\/2026\/01\/allegro-image-12698-768x768.jpg",768,768,true],"large":["https:\/\/oponixo.shop\/tire\/wp-content\/uploads\/2026\/01\/allegro-image-12698-1024x1024.jpg",1024,1024,true],"1536x1536":["https:\/\/oponixo.shop\/tire\/wp-content\/uploads\/2026\/01\/allegro-image-12698-1536x1536.jpg",1536,1536,true],"2048x2048":["https:\/\/oponixo.shop\/tire\/wp-content\/uploads\/2026\/01\/allegro-image-12698-2048x2048.jpg",2048,2048,true],"woocommerce_thumbnail":["https:\/\/oponixo.shop\/tire\/wp-content\/uploads\/2026\/01\/allegro-image-12698-300x300.jpg",300,300,true],"woocommerce_single":["https:\/\/oponixo.shop\/tire\/wp-content\/uploads\/2026\/01\/allegro-image-12698-600x600.jpg",600,600,true],"woocommerce_gallery_thumbnail":["https:\/\/oponixo.shop\/tire\/wp-content\/uploads\/2026\/01\/allegro-image-12698-100x100.jpg",100,100,true]},"uagb_author_info":{"display_name":"admin","author_link":"https:\/\/oponixo.shop\/tire\/author\/"},"uagb_comment_info":0,"uagb_excerpt":"2x Opony ca\u0142oroczne 235\/50R18 101V XL Atrezzo 4Seasons SAILUN SAILUN Atrezzo 4Seasons 235\/50R18 Dane podstawowe Stan: Opony fabrycznie nowe Producent: SAILUN Model: Atrezzo 4Seasons Klasa opon: Ekonomiczna Sezon: Opony ca\u0142oroczne","_links":{"self":[{"href":"https:\/\/oponixo.shop\/tire\/wp-json\/wp\/v2\/product\/12698","targetHints":{"allow":["GET"]}}],"collection":[{"href":"https:\/\/oponixo.shop\/tire\/wp-json\/wp\/v2\/product"}],"about":[{"href":"https:\/\/oponixo.shop\/tire\/wp-json\/wp\/v2\/types\/product"}],"wp:featuredmedia":[{"embeddable":true,"href":"https:\/\/oponixo.shop\/tire\/wp-json\/wp\/v2\/media\/12699"}],"wp:attachment":[{"href":"https:\/\/oponixo.shop\/tire\/wp-json\/wp\/v2\/media?parent=12698"}],"wp:term":[{"taxonomy":"product_brand","embeddable":true,"href":"https:\/\/oponixo.shop\/tire\/wp-json\/wp\/v2\/product_brand?post=12698"},{"taxonomy":"product_cat","embeddable":true,"href":"https:\/\/oponixo.shop\/tire\/wp-json\/wp\/v2\/product_cat?post=12698"},{"taxonomy":"product_tag","embeddable":true,"href":"https:\/\/oponixo.shop\/tire\/wp-json\/wp\/v2\/product_tag?post=12698"}],"curies":[{"name":"wp","href":"https:\/\/api.w.org\/{rel}","templated":true}]}}