{"id":12734,"date":"2026-01-04T02:47:49","date_gmt":"2026-01-04T01:47:49","guid":{"rendered":"https:\/\/oponyexpert.shop\/xef5\/produkt\/2x-bridgestone-turanza-a-s-6-265-45r20-108y-xl-fr-2024-r\/"},"modified":"2026-01-04T02:47:49","modified_gmt":"2026-01-04T01:47:49","slug":"2x-bridgestone-turanza-a-s-6-265-45r20-108y-xl-fr-2024-r","status":"publish","type":"product","link":"https:\/\/oponixo.shop\/tire\/produkt\/2x-bridgestone-turanza-a-s-6-265-45r20-108y-xl-fr-2024-r\/","title":{"rendered":"2x BRIDGESTONE Turanza A\/S 6 265\/45R20 108Y XL FR 2024 r"},"content":{"rendered":"<div style=\"font-family: Arial, sans-serif; line-height: 1.6; color: #333; padding: 20px; clear: both; display: block; width: 100%; float: none; position: static; overflow: hidden;\">\n<div style=\"clear: both; display: block; margin: 10px 0;\">\n<div style=\"clear: both; display: block; margin: 10px 0;\">\n<div style=\"clear: both; display: block; margin: 10px 0;\">\n<h1>Rok produkcji: 2024<\/h1>\n<\/div>\n<\/div>\n<\/div>\n<div style=\"clear: both; display: block; margin: 10px 0;\">\n<div style=\"clear: both; display: block; margin: 10px 0;\">\n<div style=\"clear: both; display: block; margin: 10px 0;\">\n<div  style=\"max-width:1200px;max-height:1126px\">\n<div style=\"clear: both; display: block; margin: 10px 0;\">\n<div style=\"clear: both; width: 100%; display: block; margin: 20px 0; padding: 0; float: none; position: static; text-align: center;\"><img decoding=\"async\"  src=\"https:\/\/a.allegroimg.com\/original\/11cd41\/14bb7f6247b0ab8f5ed480363700\/2x-BRIDGESTONE-Turanza-A-S-6-265-45R20-108Y-XL-FR-2024-r\" srcset=\"https:\/\/a.allegroimg.com\/original\/11cd41\/14bb7f6247b0ab8f5ed480363700\/2x-BRIDGESTONE-Turanza-A-S-6-265-45R20-108Y-XL-FR-2024-r 360w,https:\/\/a.allegroimg.com\/original\/11cd41\/14bb7f6247b0ab8f5ed480363700\/2x-BRIDGESTONE-Turanza-A-S-6-265-45R20-108Y-XL-FR-2024-r 720w,https:\/\/a.allegroimg.com\/original\/11cd41\/14bb7f6247b0ab8f5ed480363700\/2x-BRIDGESTONE-Turanza-A-S-6-265-45R20-108Y-XL-FR-2024-r 1024w,https:\/\/a.allegroimg.com\/original\/11cd41\/14bb7f6247b0ab8f5ed480363700\/2x-BRIDGESTONE-Turanza-A-S-6-265-45R20-108Y-XL-FR-2024-r 1200w,https:\/\/a.allegroimg.com\/original\/11cd41\/14bb7f6247b0ab8f5ed480363700\/2x-BRIDGESTONE-Turanza-A-S-6-265-45R20-108Y-XL-FR-2024-r 1200w\" sizes=\"(min-width: 1200px) 560px, (min-width: 992px) 50vw, 100vw\" width=\"1200px\" alt=\"2x BRIDGESTONE Turanza A\/S 6 265\/45R20 108Y XL FR 2024 r\"\/ style=\"max-width: 100%; height: auto; display: block; margin: 0 auto;\"><\/div>\n<\/div>\n<\/div>\n<\/div>\n<\/div>\n<div style=\"clear: both; display: block; margin: 10px 0;\">\n<div style=\"clear: both; display: block; margin: 10px 0;\">\n<h1>BRIDGESTONE Turanza A\/S 6 265\/45R20 108Y XL FR<\/h1>\n<h2>H11FAG<\/h2>\n<ul style=\"margin: 15px 0; padding-left: 20px; clear: both; display: block; width: 100%; float: none; position: static;\">\n<li style=\"margin: 5px 0; padding: 2px 0; clear: both; display: list-item; float: none; position: static;\"><b>Data produkcji :<\/b> 2024<\/li>\n<li style=\"margin: 5px 0; padding: 2px 0; clear: both; display: list-item; float: none; position: static;\"><b>Hamowanie na mokrej nawierzchni :<\/b> B<\/li>\n<li style=\"margin: 5px 0; padding: 2px 0; clear: both; display: list-item; float: none; position: static;\"><b>Indeks :<\/b> 265\/45R20 COBR 108Y TAS6<\/li>\n<li style=\"margin: 5px 0; padding: 2px 0; clear: both; display: list-item; float: none; position: static;\"><b>Indeks no\u015bno\u015bci :<\/b> 108<\/li>\n<li style=\"margin: 5px 0; padding: 2px 0; clear: both; display: list-item; float: none; position: static;\"><b>Indeks pr\u0119dko\u015bci :<\/b> Y &#8211; 300 km\/h<\/li>\n<li style=\"margin: 5px 0; padding: 2px 0; clear: both; display: list-item; float: none; position: static;\"><b>Karta informacyjna produktu :<\/b> https:\/\/eprel.ec.europa.eu\/qr\/2112607<\/li>\n<li style=\"margin: 5px 0; padding: 2px 0; clear: both; display: list-item; float: none; position: static;\"><b>Klasa opony :<\/b> premium<\/li>\n<li style=\"margin: 5px 0; padding: 2px 0; clear: both; display: list-item; float: none; position: static;\"><b>Kod EAN :<\/b> 3286343251812<\/li>\n<li style=\"margin: 5px 0; padding: 2px 0; clear: both; display: list-item; float: none; position: static;\"><b>Kod producenta :<\/b> 32518<\/li>\n<li style=\"margin: 5px 0; padding: 2px 0; clear: both; display: list-item; float: none; position: static;\"><b>Liczba decybeli :<\/b> 71 dB<\/li>\n<li style=\"margin: 5px 0; padding: 2px 0; clear: both; display: list-item; float: none; position: static;\"><b>Model bie\u017cnika :<\/b> Turanza A\/S 6<\/li>\n<li style=\"margin: 5px 0; padding: 2px 0; clear: both; display: list-item; float: none; position: static;\"><b>Nazwa produktu :<\/b> BRIDGESTONE Turanza A\/S 6 265\/45R20 108Y XL FR<\/li>\n<li style=\"margin: 5px 0; padding: 2px 0; clear: both; display: list-item; float: none; position: static;\"><b>No\u015bno\u015b\u0107 opony :<\/b> XL<\/li>\n<li style=\"margin: 5px 0; padding: 2px 0; clear: both; display: list-item; float: none; position: static;\"><b>opona na dedykowan\u0105 o\u015b :<\/b> Prz\u00f3d\/Ty\u0142<\/li>\n<li style=\"margin: 5px 0; padding: 2px 0; clear: both; display: list-item; float: none; position: static;\"><b>Op\u00f3r toczenia :<\/b> C<\/li>\n<li style=\"margin: 5px 0; padding: 2px 0; clear: both; display: list-item; float: none; position: static;\"><b>Poziom emisji ha\u0142asu :<\/b> B<\/li>\n<li style=\"margin: 5px 0; padding: 2px 0; clear: both; display: list-item; float: none; position: static;\"><b>Producent :<\/b> BRIDGESTONE<\/li>\n<li style=\"margin: 5px 0; padding: 2px 0; clear: both; display: list-item; float: none; position: static;\"><b>Profil :<\/b> 45<\/li>\n<li style=\"margin: 5px 0; padding: 2px 0; clear: both; display: list-item; float: none; position: static;\"><b>Przeznaczenie :<\/b> samochody osobowe, SUV\/4&#215;4<\/li>\n<li style=\"margin: 5px 0; padding: 2px 0; clear: both; display: list-item; float: none; position: static;\"><b>Przyczepno\u015b\u0107 na lodzie :<\/b> Nie<\/li>\n<li style=\"margin: 5px 0; padding: 2px 0; clear: both; display: list-item; float: none; position: static;\"><b>Przyczepno\u015b\u0107 na \u015bniegu :<\/b> Tak<\/li>\n<li style=\"margin: 5px 0; padding: 2px 0; clear: both; display: list-item; float: none; position: static;\"><b>QR kod :<\/b> https:\/\/eprel.ec.europa.eu\/qr\/2112607<\/li>\n<li style=\"margin: 5px 0; padding: 2px 0; clear: both; display: list-item; float: none; position: static;\"><b>Rant opony :<\/b> FR<\/li>\n<li style=\"margin: 5px 0; padding: 2px 0; clear: both; display: list-item; float: none; position: static;\"><b>Sezon :<\/b> allseason<\/li>\n<li style=\"margin: 5px 0; padding: 2px 0; clear: both; display: list-item; float: none; position: static;\"><b>\u015arednica :<\/b> 20&#8243;<\/li>\n<li style=\"margin: 5px 0; padding: 2px 0; clear: both; display: list-item; float: none; position: static;\"><b>Szeroko\u015b\u0107 :<\/b> 265<\/li>\n<\/ul>\n<\/div>\n<\/div>\n<\/div>\n<div style=\"clear: both; display: block; margin: 10px 0;\">\n<div style=\"clear: both; display: block; margin: 10px 0;\">\n<div style=\"clear: both; display: block; margin: 10px 0;\">\n<p style=\"margin: 15px 0; line-height: 1.8; clear: both; display: block; width: 100%; float: none; position: static;\"> Najnowsza propozycja Bridgestone w segmencie ca\u0142orocznych opon premium, to \u015bwietny wyb\u00f3r dla os\u00f3b ceni\u0105cych sobie komfort, bezpiecze\u0144stwo i swobod\u0119 jazdy w ka\u017cdych warunkach. Turanza All Season 6 zosta\u0142a zaprojektowana z my\u015bl\u0105 o diametralnej poprawie osi\u0105g\u00f3w wzgl\u0119dem poprzedniczki Weather Control A005 Evo. I to si\u0119 uda\u0142o. Nowy model okazuje si\u0119 by\u0107 najwszechstronniejsz\u0105 i jedn\u0105 z najlepszych opon w klasie. \u015awiadcz\u0105 o tym chocia\u017cby testy TUV, wed\u0142ug kt\u00f3rych Turanza All Season 6 zapewnia najlepsze hamowanie na mokrej nawierzchni oraz drugie najlepsze na suchej czy za\u015bnie\u017conej nawierzchni. Nowo\u015b\u0107 Bridgestone&amp;#39;a bryluje tak\u017ce w kategorii trakcji, przyczepno\u015bci i stabilno\u015bci, tak na \u015bniegu, jak i mokrej czy suchej nawierzchni. Nowo\u015b\u0107 z gamy opon Turanza wed\u0142ug test\u00f3w zapewnia du\u017co wy\u017csze ni\u017c konkurenci parametry przyczepno\u015bci i hamowania w szerokim spektrum warunk\u00f3w pogodowych. Tak dobre wyniki opona Bridgestone Turanza All Season 6 osi\u0105gn\u0119\u0142a dzi\u0119ki ca\u0142kowicie nowej konstrukcji. Nowa mieszanka gumy spe\u0142nia wymagania certyfikatu dla opon zimowych (p\u0142atek \u015bniegu na tle 3 szczyt\u00f3w g\u00f3rskich), ale jej sztywno\u015b\u0107 zosta\u0142a zoptymalizowana pod k\u0105tem zachowania stabilno\u015bci, przyczepno\u015bci i komfortu w warunkach letnich. Du\u017cy udzia\u0142 w tym ma rze\u017aba bie\u017cnika w kszta\u0142cie jode\u0142ki, kt\u00f3ra jest obecnie najskuteczniejsza w oponach ca\u0142orocznych. Taki kszta\u0142t zapewnia dobre dopasowanie do pod\u0142o\u017ca oraz wysok\u0105 skuteczno\u015b\u0107 odprowadzania wody i b\u0142ota oraz wgryzania si\u0119 w \u015bnieg. Ale Bridgestone na tym nie poprzesta\u0142. W \u017ceberkach bie\u017cnika zastosowa\u0142 dodatkowe wci\u0119cia, zwane kieszeniami, kt\u00f3ra maj\u0105 wspomaga\u0107 przyczepno\u015b\u0107 pomi\u0119dzy przechwyconym \u015bniegiem, a \u015bniegiem, kt\u00f3ry ju\u017c zalega na drodze. W po\u0142\u0105czeniu z grzebieniem na dnie rowk\u00f3w, poprawa przyczepno\u015bci i hamowania na mocno za\u015bnie\u017conych drogach jest ogromna. Dba\u0142o\u015bc o szczeg\u00f3\u0142y w przypadku tej opony, potwierdzaj\u0105 tak\u017ce fazowania na kraw\u0119dziach klock\u00f3w bie\u017cnika, kt\u00f3re poprawiaj\u0105 nacisk na kraw\u0119d\u017a i powierzchni\u0119 styku podczas hamowania, czyli skracaj\u0105 drog\u0119 i chroni\u0105 przed utrat\u0105 stabilno\u015bci. Zwi\u0119kszenie styku przez fazowanie ma te\u017c inn\u0105 zalet\u0119 &#8211; opona jest w stanie przejecha\u0107 wi\u0119cej kilometr\u00f3w, a\u017c o 20% wzgl\u0119dem poprzedniczki. A to oznacza, \u017ce b\u0119dziesz m\u00f3g\u0142 si\u0119 cieszy\u0107 d\u0142u\u017cej komfortem i i osi\u0105gami Bridgestone Turanza All Season 6, a do tego nie b\u0119dziesz musia\u0142 zamartwia\u0107 si\u0119 kolejkami do warsztatu, gdy spadnie pierwszy \u015bnieg. Ty b\u0119dziesz ju\u017c na niego przygotowany.<\/p>\n<\/div>\n<\/div>\n<div style=\"clear: both; display: block; margin: 10px 0;\">\n<div style=\"clear: both; display: block; margin: 10px 0;\">\n<div  style=\"max-width:886px;max-height:1299px\">\n<div style=\"clear: both; display: block; margin: 10px 0;\">\n<div style=\"clear: both; width: 100%; display: block; margin: 20px 0; padding: 0; float: none; position: static; text-align: center;\"><img decoding=\"async\"  src=\"https:\/\/a.allegroimg.com\/original\/111d9a\/41baee20420782a769ecf472acb5\/2x-BRIDGESTONE-Turanza-A-S-6-265-45R20-108Y-XL-FR-2024-r-Marka-Bridgestone\" srcset=\"https:\/\/a.allegroimg.com\/original\/111d9a\/41baee20420782a769ecf472acb5\/2x-BRIDGESTONE-Turanza-A-S-6-265-45R20-108Y-XL-FR-2024-r-Marka-Bridgestone 245w,https:\/\/a.allegroimg.com\/original\/111d9a\/41baee20420782a769ecf472acb5\/2x-BRIDGESTONE-Turanza-A-S-6-265-45R20-108Y-XL-FR-2024-r-Marka-Bridgestone 491w,https:\/\/a.allegroimg.com\/original\/111d9a\/41baee20420782a769ecf472acb5\/2x-BRIDGESTONE-Turanza-A-S-6-265-45R20-108Y-XL-FR-2024-r-Marka-Bridgestone 698w,https:\/\/a.allegroimg.com\/original\/111d9a\/41baee20420782a769ecf472acb5\/2x-BRIDGESTONE-Turanza-A-S-6-265-45R20-108Y-XL-FR-2024-r-Marka-Bridgestone 886w,https:\/\/a.allegroimg.com\/original\/111d9a\/41baee20420782a769ecf472acb5\/2x-BRIDGESTONE-Turanza-A-S-6-265-45R20-108Y-XL-FR-2024-r-Marka-Bridgestone 886w\" sizes=\"(min-width: 1200px) 560px, (min-width: 992px) 50vw, 100vw\" width=\"886px\" alt=\"2x BRIDGESTONE Turanza A\/S 6 265\/45R20 108Y XL FR 2024 r Marka Bridgestone\"\/ style=\"max-width: 100%; height: auto; display: block; margin: 0 auto;\"><\/div>\n<\/div>\n<\/div>\n<\/div>\n<\/div>\n<\/div>\n<div style=\"clear: both; display: block; margin: 10px 0;\">\n<div style=\"clear: both; display: block; margin: 10px 0;\">\n<div style=\"clear: both; display: block; margin: 10px 0;\">\n<p style=\"margin: 15px 0; line-height: 1.8; clear: both; display: block; width: 100%; float: none; position: static;\">Wychodz\u0105c naprzeciw oczekiwaniom Klient\u00f3w i chc\u0105c spe\u0142nia\u0107 jak najwy\u017csze standardy obs\u0142ugi dok\u0142adamy wszelkich stara\u0144, aby podawa\u0107 precyzyjn\u0105 dat\u0119 produkcji opony (DOT). Niestety, w wyj\u0105tkowych przypadkach, mo\u017ce zdarzy\u0107 si\u0119, \u017ce opony, kt\u00f3re wy\u015blemy b\u0119d\u0105 mia\u0142y inn\u0105 dat\u0119 produkcji ni\u017c podana. Sytuacja mo\u017ce dotyczy\u0107 zar\u00f3wno opon z DOT-em wcze\u015bniejszym jak i p\u00f3\u017aniejszym. Chcieliby\u015bmy podkre\u015bli\u0107, \u017ce warunki przechowywania opon w naszych magazynach spe\u0142niaj\u0105 Polsk\u0105 Norm\u0119 PN-C-94300-7 dzi\u0119ki czemu nawet opona przechowywana 24 miesi\u0105ce ma parametry takie same jak opona z bie\u017c\u0105cego roku. Warto pami\u0119ta\u0107 tak\u017ce o fakcie, \u017ce w przypadku wielu rozmiar\u00f3w i producent\u00f3w plany produkcyjne fabryk uniemo\u017cliwiaj\u0105 zakup opony z bie\u017c\u0105cego roku.<\/p>\n<p style=\"margin: 15px 0; line-height: 1.8; clear: both; display: block; width: 100%; float: none; position: static;\">Przy zakupie opon pami\u0119taj o sprawdzeniu w instrukcji samochodu lub na w\u0142a\u015bciwej stronie internetowej, jakie ogumienie zaleca producent Twojego auta. \u0179le dobrane opony mog\u0105 negatywnie wp\u0142yn\u0105\u0107 na poziom Twojego bezpiecze\u0144stwa. Kupuj\u0105c opony zwr\u00f3\u0107 uwag\u0119 na rozmiar oraz indeksy no\u015bno\u015bci i pr\u0119dko\u015bci jakie homologowane s\u0105 do Twojego pojazdu.<\/p>\n<p style=\"margin: 15px 0; line-height: 1.8; clear: both; display: block; width: 100%; float: none; position: static;\">Zamieszczone zdj\u0119cia pe\u0142ni\u0105 funkcj\u0119 pogl\u0105dow\u0105. W zale\u017cno\u015bci od szeroko\u015bci opon, mog\u0105 wyst\u0119powa\u0107 niewielkie r\u00f3\u017cnice w wygl\u0105dzie bie\u017cnika (w obr\u0119bie jednego modelu) na przyk\u0142ad w ilo\u015bci rowk\u00f3w obwodowych lub rozmieszczeniu blok\u00f3w bie\u017cnika, co nie stanowi wady produktu.<\/p>\n<p style=\"margin: 15px 0; line-height: 1.8; clear: both; display: block; width: 100%; float: none; position: static;\">Je\u017celi otrzymane przez Ciebie opony nie spe\u0142niaj\u0105 Twoich oczekiwa\u0144 masz mo\u017cliwo\u015b\u0107 zwrotu lub wymiany nieu\u017cywanego (niemontowanego) ogumienia.<\/p>\n<\/div>\n<\/div>\n<\/div>\n<div style=\"clear: both; display: block; margin: 10px 0;\">\n<div style=\"clear: both; display: block; margin: 10px 0;\">\n<div style=\"clear: both; display: block; margin: 10px 0;\">\n<div  style=\"max-width:300px;max-height:300px\">\n<div style=\"clear: both; display: block; margin: 10px 0;\">\n<div style=\"clear: both; width: 100%; display: block; margin: 20px 0; padding: 0; float: none; position: static; text-align: center;\"><img decoding=\"async\"  src=\"https:\/\/a.allegroimg.com\/original\/11b0d4\/1a68a5d4403d834a9d69ec5384c6\/2x-BRIDGESTONE-Turanza-A-S-6-265-45R20-108Y-XL-FR-2024-r-Szerokosc-opony-265-mm\" srcset=\"https:\/\/a.allegroimg.com\/original\/11b0d4\/1a68a5d4403d834a9d69ec5384c6\/2x-BRIDGESTONE-Turanza-A-S-6-265-45R20-108Y-XL-FR-2024-r-Szerokosc-opony-265-mm 300w,https:\/\/a.allegroimg.com\/original\/11b0d4\/1a68a5d4403d834a9d69ec5384c6\/2x-BRIDGESTONE-Turanza-A-S-6-265-45R20-108Y-XL-FR-2024-r-Szerokosc-opony-265-mm 300w\" sizes=\"(min-width: 1200px) 560px, (min-width: 992px) 50vw, 100vw\" width=\"300px\" alt=\"2x BRIDGESTONE Turanza A\/S 6 265\/45R20 108Y XL FR 2024 r Szeroko\u015b\u0107 opony 265 mm\"\/ style=\"max-width: 100%; height: auto; display: block; margin: 0 auto;\"><\/div>\n<\/div>\n<\/div>\n<\/div>\n<\/div>\n<div style=\"clear: both; display: block; margin: 10px 0;\">\n<div style=\"clear: both; display: block; margin: 10px 0;\">\n<h1>Bridgestone<\/h1>\n<p style=\"margin: 15px 0; line-height: 1.8; clear: both; display: block; width: 100%; float: none; position: static;\">Bridgestone jest wiod\u0105cym producentem ogumienia do wszystkich rodzaj\u00f3w \u015brodk\u00f3w transportu.<\/p>\n<\/div>\n<\/div>\n<\/div>\n<\/div>\n<\/div>\n<\/div>\n<div style=\"clear: both; display: block; margin: 10px 0;\">\n","protected":false},"excerpt":{"rendered":"<p>Rok produkcji: 2024<\/p>\n<p>BRIDGESTONE Turanza A\/S 6 265\/45R20 108Y XL FR<\/p>\n<p>H11FAG<\/p>\n<p>Data produkcji : 2024<\/p>\n<p>Hamowanie na mokrej nawierzchni : B<\/p>\n<p>Indeks : 265\/45R20 COBR 108Y TAS6<\/p>\n<p>Indeks no\u015bno\u015bci : 108<\/p>\n<p>Indeks pr\u0119dko\u015bci : Y &#8211; 300 km\/h<\/p>\n","protected":false},"featured_media":12735,"template":"","meta":{"_uag_custom_page_level_css":""},"product_brand":[397],"product_cat":[416,414,413,412],"product_tag":[],"class_list":{"0":"post-12734","1":"product","2":"type-product","3":"status-publish","4":"has-post-thumbnail","6":"product_brand-bridgestone","7":"product_cat-caloroczne","8":"product_cat-do-samochodow-osobowych-i-suv","9":"product_cat-opony","10":"product_cat-opony-i-felgi","12":"first","13":"instock","14":"shipping-taxable","15":"purchasable","16":"product-type-simple"},"uagb_featured_image_src":{"full":["https:\/\/oponixo.shop\/tire\/wp-content\/uploads\/2026\/01\/allegro-image-12734.jpg",1200,1126,false],"thumbnail":["https:\/\/oponixo.shop\/tire\/wp-content\/uploads\/2026\/01\/allegro-image-12734-150x150.jpg",150,150,true],"medium":["https:\/\/oponixo.shop\/tire\/wp-content\/uploads\/2026\/01\/allegro-image-12734-300x282.jpg",300,282,true],"medium_large":["https:\/\/oponixo.shop\/tire\/wp-content\/uploads\/2026\/01\/allegro-image-12734-768x721.jpg",768,721,true],"large":["https:\/\/oponixo.shop\/tire\/wp-content\/uploads\/2026\/01\/allegro-image-12734-1024x961.jpg",1024,961,true],"1536x1536":["https:\/\/oponixo.shop\/tire\/wp-content\/uploads\/2026\/01\/allegro-image-12734.jpg",1200,1126,false],"2048x2048":["https:\/\/oponixo.shop\/tire\/wp-content\/uploads\/2026\/01\/allegro-image-12734.jpg",1200,1126,false],"woocommerce_thumbnail":["https:\/\/oponixo.shop\/tire\/wp-content\/uploads\/2026\/01\/allegro-image-12734-300x300.jpg",300,300,true],"woocommerce_single":["https:\/\/oponixo.shop\/tire\/wp-content\/uploads\/2026\/01\/allegro-image-12734-600x563.jpg",600,563,true],"woocommerce_gallery_thumbnail":["https:\/\/oponixo.shop\/tire\/wp-content\/uploads\/2026\/01\/allegro-image-12734-100x100.jpg",100,100,true]},"uagb_author_info":{"display_name":"admin","author_link":"https:\/\/oponixo.shop\/tire\/author\/"},"uagb_comment_info":0,"uagb_excerpt":"Rok produkcji: 2024 BRIDGESTONE Turanza A\/S 6 265\/45R20 108Y XL FR H11FAG Data produkcji : 2024 Hamowanie na mokrej nawierzchni : B Indeks : 265\/45R20 COBR 108Y TAS6 Indeks no\u015bno\u015bci : 108 Indeks pr\u0119dko\u015bci : Y - 300 km\/h","_links":{"self":[{"href":"https:\/\/oponixo.shop\/tire\/wp-json\/wp\/v2\/product\/12734","targetHints":{"allow":["GET"]}}],"collection":[{"href":"https:\/\/oponixo.shop\/tire\/wp-json\/wp\/v2\/product"}],"about":[{"href":"https:\/\/oponixo.shop\/tire\/wp-json\/wp\/v2\/types\/product"}],"wp:featuredmedia":[{"embeddable":true,"href":"https:\/\/oponixo.shop\/tire\/wp-json\/wp\/v2\/media\/12735"}],"wp:attachment":[{"href":"https:\/\/oponixo.shop\/tire\/wp-json\/wp\/v2\/media?parent=12734"}],"wp:term":[{"taxonomy":"product_brand","embeddable":true,"href":"https:\/\/oponixo.shop\/tire\/wp-json\/wp\/v2\/product_brand?post=12734"},{"taxonomy":"product_cat","embeddable":true,"href":"https:\/\/oponixo.shop\/tire\/wp-json\/wp\/v2\/product_cat?post=12734"},{"taxonomy":"product_tag","embeddable":true,"href":"https:\/\/oponixo.shop\/tire\/wp-json\/wp\/v2\/product_tag?post=12734"}],"curies":[{"name":"wp","href":"https:\/\/api.w.org\/{rel}","templated":true}]}}