{"id":12788,"date":"2026-01-04T14:39:22","date_gmt":"2026-01-04T13:39:22","guid":{"rendered":"https:\/\/oponyexpert.shop\/xef5\/produkt\/2x-pirelli-p-zero-winter-255-35r20-97w-xl-z424a\/"},"modified":"2026-01-04T14:39:22","modified_gmt":"2026-01-04T13:39:22","slug":"2x-pirelli-p-zero-winter-255-35r20-97w-xl-z424a","status":"publish","type":"product","link":"https:\/\/oponixo.shop\/tire\/produkt\/2x-pirelli-p-zero-winter-255-35r20-97w-xl-z424a\/","title":{"rendered":"2x Pirelli P zero Winter 255\/35R20 97W XL Z424A"},"content":{"rendered":"<div style=\"font-family: Arial, sans-serif; line-height: 1.6; color: #333; padding: 20px; clear: both; display: block; width: 100%; float: none; position: static; overflow: hidden;\">\n<div style=\"clear: both; display: block; margin: 10px 0;\">\n<div style=\"clear: both; display: block; margin: 10px 0;\">\n<div style=\"clear: both; display: block; margin: 10px 0;\">\n<h1>Pirelli P Zero Winter<\/h1>\n<p style=\"margin: 15px 0; line-height: 1.8; clear: both; display: block; width: 100%; float: none; position: static;\">SZEROKO\u015a\u0106 OPONY &#8211; 255<\/p>\n<p style=\"margin: 15px 0; line-height: 1.8; clear: both; display: block; width: 100%; float: none; position: static;\">WYSOKO\u015a\u0106 OPONY &#8211; 35<\/p>\n<p style=\"margin: 15px 0; line-height: 1.8; clear: both; display: block; width: 100%; float: none; position: static;\">\u015aREDNICA &#8211; 20<\/p>\n<p style=\"margin: 15px 0; line-height: 1.8; clear: both; display: block; width: 100%; float: none; position: static;\">ROCZNIK &#8211; 2021<\/p>\n<p style=\"margin: 15px 0; line-height: 1.8; clear: both; display: block; width: 100%; float: none; position: static;\">MAGAZYN &#8211; Z424A<\/p>\n<\/div>\n<\/div>\n<div style=\"clear: both; display: block; margin: 10px 0;\">\n<div style=\"clear: both; display: block; margin: 10px 0;\">\n<div  style=\"max-width:651px;max-height:1024px\">\n<div style=\"clear: both; display: block; margin: 10px 0;\">\n<div style=\"clear: both; width: 100%; display: block; margin: 20px 0; padding: 0; float: none; position: static; text-align: center;\"><img decoding=\"async\"  src=\"https:\/\/a.allegroimg.com\/original\/11c81f\/5abaf03e446889b5c5e949b3f6b0\/2x-Pirelli-P-zero-Winter-255-35R20-97W-XL-Z424A-EAN-GTIN-8019227386790\" srcset=\"https:\/\/a.allegroimg.com\/original\/11c81f\/5abaf03e446889b5c5e949b3f6b0\/2x-Pirelli-P-zero-Winter-255-35R20-97W-XL-Z424A-EAN-GTIN-8019227386790 228w,https:\/\/a.allegroimg.com\/original\/11c81f\/5abaf03e446889b5c5e949b3f6b0\/2x-Pirelli-P-zero-Winter-255-35R20-97W-XL-Z424A-EAN-GTIN-8019227386790 457w,https:\/\/a.allegroimg.com\/original\/11c81f\/5abaf03e446889b5c5e949b3f6b0\/2x-Pirelli-P-zero-Winter-255-35R20-97W-XL-Z424A-EAN-GTIN-8019227386790 651w,https:\/\/a.allegroimg.com\/original\/11c81f\/5abaf03e446889b5c5e949b3f6b0\/2x-Pirelli-P-zero-Winter-255-35R20-97W-XL-Z424A-EAN-GTIN-8019227386790 651w\" sizes=\"(min-width: 1200px) 560px, (min-width: 992px) 50vw, 100vw\" width=\"651px\" alt=\"2x Pirelli P zero Winter 255\/35R20 97W XL Z424A EAN (GTIN) 8019227386790\"\/ style=\"max-width: 100%; height: auto; display: block; margin: 0 auto;\"><\/div>\n<\/div>\n<\/div>\n<\/div>\n<\/div>\n<\/div>\n<div style=\"clear: both; display: block; margin: 10px 0;\">\n<div style=\"clear: both; display: block; margin: 10px 0;\">\n<div style=\"clear: both; display: block; margin: 10px 0;\">\n<div  style=\"max-width:1440px;max-height:810px\">\n<div style=\"clear: both; display: block; margin: 10px 0;\">\n<div style=\"clear: both; width: 100%; display: block; margin: 20px 0; padding: 0; float: none; position: static; text-align: center;\"><img decoding=\"async\"  src=\"https:\/\/a.allegroimg.com\/original\/112190\/c526053e4bb39486fc9c2a1dbd7e\/2x-Pirelli-P-zero-Winter-255-35R20-97W-XL-Z424A-Liczba-opon-w-ofercie-2-szt\" srcset=\"https:\/\/a.allegroimg.com\/original\/112190\/c526053e4bb39486fc9c2a1dbd7e\/2x-Pirelli-P-zero-Winter-255-35R20-97W-XL-Z424A-Liczba-opon-w-ofercie-2-szt 360w,https:\/\/a.allegroimg.com\/original\/112190\/c526053e4bb39486fc9c2a1dbd7e\/2x-Pirelli-P-zero-Winter-255-35R20-97W-XL-Z424A-Liczba-opon-w-ofercie-2-szt 720w,https:\/\/a.allegroimg.com\/original\/112190\/c526053e4bb39486fc9c2a1dbd7e\/2x-Pirelli-P-zero-Winter-255-35R20-97W-XL-Z424A-Liczba-opon-w-ofercie-2-szt 1024w,https:\/\/a.allegroimg.com\/original\/112190\/c526053e4bb39486fc9c2a1dbd7e\/2x-Pirelli-P-zero-Winter-255-35R20-97W-XL-Z424A-Liczba-opon-w-ofercie-2-szt 1440w,https:\/\/a.allegroimg.com\/original\/112190\/c526053e4bb39486fc9c2a1dbd7e\/2x-Pirelli-P-zero-Winter-255-35R20-97W-XL-Z424A-Liczba-opon-w-ofercie-2-szt 1440w\" sizes=\"100vw\" width=\"1440px\" alt=\"2x Pirelli P zero Winter 255\/35R20 97W XL Z424A Liczba opon w ofercie 2 szt.\"\/ style=\"max-width: 100%; height: auto; display: block; margin: 0 auto;\"><\/div>\n<\/div>\n<\/div>\n<\/div>\n<\/div>\n<\/div>\n<div style=\"clear: both; display: block; margin: 10px 0;\">\n<div style=\"clear: both; display: block; margin: 10px 0;\">\n<div style=\"clear: both; display: block; margin: 10px 0;\">\n<h3 style=\"color: #2c5aa0; font-size: 18px; margin: 30px 0 15px 0; font-weight: bold; clear: both; display: block; width: 100%; float: none; position: static;\">Przeznaczenie<\/h3>\n<p style=\"margin: 15px 0; line-height: 1.8; clear: both; display: block; width: 100%; float: none; position: static;\">Opony Pirelli P Zero Winter to ogumienie zimowe przeznaczone do montowania na ko\u0142ach samochod\u00f3w osobowych z silnikami o wysokich osi\u0105gach. Producent opon P Zero Winter po\u0142o\u017cy\u0142 nacisk na zapewnienie bezpiecznej jazdy z du\u017c\u0105 pr\u0119dko\u015bci\u0105, w ka\u017cdych warunkach zimowych.<\/p>\n<h3 style=\"color: #2c5aa0; font-size: 18px; margin: 30px 0 15px 0; font-weight: bold; clear: both; display: block; width: 100%; float: none; position: static;\">Technologia<\/h3>\n<p style=\"margin: 15px 0; line-height: 1.8; clear: both; display: block; width: 100%; float: none; position: static;\">Zimowe opony samochodowe Pirelli P Zero Winter zaliczane s\u0105 do segmentu Ultra High Performance, co oznacza, \u017ce zaprojektowano je z my\u015bl\u0105 o szybkich samochodach z mocnymi silnikami. To nie tylko auta sportowe, ale r\u00f3wnie\u017c du\u017ce limuzyny z mocnymi nap\u0119dami. Opony Pirelli P Zero Winter wyprodukowano z zaawansowanej technologicznie mieszanki gumowej wzbogaconej szeregiem sk\u0142adnik\u00f3w i wype\u0142niaczy. Maj\u0105 one za zadanie zwi\u0119kszenie chemicznej przyczepno\u015bci, jak r\u00f3wnie\u017c komfortu jazdy oraz odporno\u015bci na zu\u017cycie eksploatacyjne. Producent zastosowa\u0142 tak\u017ce specjaln\u0105 rze\u017ab\u0119 bie\u017cnika opon. Sk\u0142ada si\u0119 ona z szeregu rowk\u00f3w oraz g\u0119stej siatki lamelek maj\u0105cych na celu zapewnienie jak najlepszej trakcji, jak najkr\u00f3tszej drogi hamowania i jak najlepszych w\u0142a\u015bciwo\u015bci jezdnych na drogach suchych i mokrych, w trakcie zimowych miesi\u0119cy.<\/p>\n<h3 style=\"color: #2c5aa0; font-size: 18px; margin: 30px 0 15px 0; font-weight: bold; clear: both; display: block; width: 100%; float: none; position: static;\">Bie\u017cnik<\/h3>\n<p style=\"margin: 15px 0; line-height: 1.8; clear: both; display: block; width: 100%; float: none; position: static;\">Zimowe opony samochodowe Pirelli P Zero Winter maj\u0105 asymetryczny bie\u017cnik. Po zewn\u0119trznej stronie opony zastosowano szerokie i du\u017ce, prostok\u0105tne klocki maj\u0105ce wp\u0142yw na stabilno\u015b\u0107 jazdy. Na czole opony znajduj\u0105 si\u0119 dwa w\u0105skie rz\u0119dy prostok\u0105tnych klock\u00f3w. Po wewn\u0119trznej stronie opony zastosowano szeroki pas klock\u00f3w oraz szeroki pas barkowy, kt\u00f3re s\u0105 po\u0142\u0105czone ze sob\u0105 promienistymi \u017c\u0142obieniami. Wszystkie elementy wypuk\u0142e pokryte s\u0105 g\u0119st\u0105 siatk\u0105 lameli.<\/p>\n<h3 style=\"color: #2c5aa0; font-size: 18px; margin: 30px 0 15px 0; font-weight: bold; clear: both; display: block; width: 100%; float: none; position: static;\">Producent<\/h3>\n<p style=\"margin: 15px 0; line-height: 1.8; clear: both; display: block; width: 100%; float: none; position: static;\">Firma Pirelli powsta\u0142a w 1872 roku w Mediolanie, za\u0142o\u017cy\u0142 j\u0105 Giovanni Battista Pirelli. W 1890 roku firma Pirelli rozpocz\u0119\u0142a produkcj\u0119 opon rowerowych. W 1901 roku zaprezentowa\u0142a pierwsze opony samochodowe. I od samego pocz\u0105tku firma zaanga\u017cowa\u0142a si\u0119 w ich promocj\u0119 na wy\u015bcigach samochodowych, odnosz\u0105c spektakularne sukcesy. Dobre jako\u015bciowo produkty i zwyci\u0119stwa w wy\u015bcigach powodowa\u0142y, \u017ce opony Pirelli stawa\u0142y si\u0119 coraz popularniejsze. Ju\u017c w 1914 roku firma otworzy\u0142a swoj\u0105 pierwsz\u0105 fabryk\u0119 zagraniczn\u0105. W 1927 roku Pirelli stworzy\u0142o pierwsz\u0105 opon\u0119 diagonaln\u0105. W latach 80. XX wieku in\u017cynierowie Pirelli stworzyli i spopularyzowali ogumienie niskoprofilowe. Kilkana\u015bcie lat p\u00f3\u017aniej Pirelli zaprezentowa\u0142o kolejny wynalazek \u2013 opony Run Flat. Pirelli opracowa\u0142o r\u00f3wnie\u017c zrobotyzowane zak\u0142ady produkuj\u0105ce opony, kt\u00f3re s\u0105 zlokalizowane w wielu krajach \u015bwiata. Pirelli jest cenionym producentem opon do motocykli i skuter\u00f3w.<\/p>\n<\/div>\n<\/div>\n<\/div>\n<div style=\"clear: both; display: block; margin: 10px 0;\">\n<div style=\"clear: both; display: block; margin: 10px 0;\">\n<div style=\"clear: both; display: block; margin: 10px 0;\">\n<div  style=\"max-width:1440px;max-height:1019px\">\n<div style=\"clear: both; display: block; margin: 10px 0;\">\n<div style=\"clear: both; width: 100%; display: block; margin: 20px 0; padding: 0; float: none; position: static; text-align: center;\"><img decoding=\"async\"  src=\"https:\/\/a.allegroimg.com\/original\/11251c\/7655aa5d45619c22e8cbabca505f\/2x-Pirelli-P-zero-Winter-255-35R20-97W-XL-Z424A-Model-P-Zero-Winter\" srcset=\"https:\/\/a.allegroimg.com\/original\/11251c\/7655aa5d45619c22e8cbabca505f\/2x-Pirelli-P-zero-Winter-255-35R20-97W-XL-Z424A-Model-P-Zero-Winter 360w,https:\/\/a.allegroimg.com\/original\/11251c\/7655aa5d45619c22e8cbabca505f\/2x-Pirelli-P-zero-Winter-255-35R20-97W-XL-Z424A-Model-P-Zero-Winter 720w,https:\/\/a.allegroimg.com\/original\/11251c\/7655aa5d45619c22e8cbabca505f\/2x-Pirelli-P-zero-Winter-255-35R20-97W-XL-Z424A-Model-P-Zero-Winter 1024w,https:\/\/a.allegroimg.com\/original\/11251c\/7655aa5d45619c22e8cbabca505f\/2x-Pirelli-P-zero-Winter-255-35R20-97W-XL-Z424A-Model-P-Zero-Winter 1440w,https:\/\/a.allegroimg.com\/original\/11251c\/7655aa5d45619c22e8cbabca505f\/2x-Pirelli-P-zero-Winter-255-35R20-97W-XL-Z424A-Model-P-Zero-Winter 1440w\" sizes=\"100vw\" width=\"1440px\" alt=\"2x Pirelli P zero Winter 255\/35R20 97W XL Z424A Model P Zero Winter\"\/ style=\"max-width: 100%; height: auto; display: block; margin: 0 auto;\"><\/div>\n<\/div>\n<\/div>\n<\/div>\n<\/div>\n<\/div>\n<div style=\"clear: both; display: block; margin: 10px 0;\">\n<div style=\"clear: both; display: block; margin: 10px 0;\">\n<div style=\"clear: both; display: block; margin: 10px 0;\">\n<div  style=\"max-width:632px;max-height:1024px\">\n<div style=\"clear: both; display: block; margin: 10px 0;\">\n<div style=\"clear: both; width: 100%; display: block; margin: 20px 0; padding: 0; float: none; position: static; text-align: center;\"><img decoding=\"async\"  src=\"https:\/\/a.allegroimg.com\/original\/116520\/7ce53e6a4b12838be98603e38103\/2x-Pirelli-P-zero-Winter-255-35R20-97W-XL-Z424A-Kod-producenta-3867900\" srcset=\"https:\/\/a.allegroimg.com\/original\/116520\/7ce53e6a4b12838be98603e38103\/2x-Pirelli-P-zero-Winter-255-35R20-97W-XL-Z424A-Kod-producenta-3867900 222w,https:\/\/a.allegroimg.com\/original\/116520\/7ce53e6a4b12838be98603e38103\/2x-Pirelli-P-zero-Winter-255-35R20-97W-XL-Z424A-Kod-producenta-3867900 444w,https:\/\/a.allegroimg.com\/original\/116520\/7ce53e6a4b12838be98603e38103\/2x-Pirelli-P-zero-Winter-255-35R20-97W-XL-Z424A-Kod-producenta-3867900 632w,https:\/\/a.allegroimg.com\/original\/116520\/7ce53e6a4b12838be98603e38103\/2x-Pirelli-P-zero-Winter-255-35R20-97W-XL-Z424A-Kod-producenta-3867900 632w\" sizes=\"(min-width: 1200px) 560px, (min-width: 992px) 50vw, 100vw\" width=\"632px\" alt=\"2x Pirelli P zero Winter 255\/35R20 97W XL Z424A Kod producenta 3867900\"\/ style=\"max-width: 100%; height: auto; display: block; margin: 0 auto;\"><\/div>\n<\/div>\n<\/div>\n<\/div>\n<\/div>\n<div style=\"clear: both; display: block; margin: 10px 0;\">\n<div style=\"clear: both; display: block; margin: 10px 0;\">\n<div  style=\"max-width:708px;max-height:1024px\">\n<div style=\"clear: both; display: block; margin: 10px 0;\">\n<div style=\"clear: both; width: 100%; display: block; margin: 20px 0; padding: 0; float: none; position: static; text-align: center;\"><img decoding=\"async\"  src=\"https:\/\/a.allegroimg.com\/original\/119b89\/d6015c56452bac5ec25aed8f7848\/2x-Pirelli-P-zero-Winter-255-35R20-97W-XL-Z424A-Marka-Pirelli\" srcset=\"https:\/\/a.allegroimg.com\/original\/119b89\/d6015c56452bac5ec25aed8f7848\/2x-Pirelli-P-zero-Winter-255-35R20-97W-XL-Z424A-Marka-Pirelli 248w,https:\/\/a.allegroimg.com\/original\/119b89\/d6015c56452bac5ec25aed8f7848\/2x-Pirelli-P-zero-Winter-255-35R20-97W-XL-Z424A-Marka-Pirelli 497w,https:\/\/a.allegroimg.com\/original\/119b89\/d6015c56452bac5ec25aed8f7848\/2x-Pirelli-P-zero-Winter-255-35R20-97W-XL-Z424A-Marka-Pirelli 708w,https:\/\/a.allegroimg.com\/original\/119b89\/d6015c56452bac5ec25aed8f7848\/2x-Pirelli-P-zero-Winter-255-35R20-97W-XL-Z424A-Marka-Pirelli 708w\" sizes=\"(min-width: 1200px) 560px, (min-width: 992px) 50vw, 100vw\" width=\"708px\" alt=\"2x Pirelli P zero Winter 255\/35R20 97W XL Z424A Marka Pirelli\"\/ style=\"max-width: 100%; height: auto; display: block; margin: 0 auto;\"><\/div>\n<\/div>\n<\/div>\n<\/div>\n<\/div>\n<\/div>\n<div style=\"clear: both; display: block; margin: 10px 0;\">\n<div style=\"clear: both; display: block; margin: 10px 0;\">\n<div style=\"clear: both; display: block; margin: 10px 0;\">\n<div  style=\"max-width:720px;max-height:426px\">\n<div style=\"clear: both; display: block; margin: 10px 0;\">\n<div style=\"clear: both; width: 100%; display: block; margin: 20px 0; padding: 0; float: none; position: static; text-align: center;\"><img decoding=\"async\"  src=\"https:\/\/a.allegroimg.com\/original\/115f77\/e6d046ac44d2b91d91d3aa7591df\/2x-Pirelli-P-zero-Winter-255-35R20-97W-XL-Z424A-Klasa-premium\" srcset=\"https:\/\/a.allegroimg.com\/original\/115f77\/e6d046ac44d2b91d91d3aa7591df\/2x-Pirelli-P-zero-Winter-255-35R20-97W-XL-Z424A-Klasa-premium 360w,https:\/\/a.allegroimg.com\/original\/115f77\/e6d046ac44d2b91d91d3aa7591df\/2x-Pirelli-P-zero-Winter-255-35R20-97W-XL-Z424A-Klasa-premium 720w,https:\/\/a.allegroimg.com\/original\/115f77\/e6d046ac44d2b91d91d3aa7591df\/2x-Pirelli-P-zero-Winter-255-35R20-97W-XL-Z424A-Klasa-premium 720w\" sizes=\"(min-width: 1200px) 560px, (min-width: 992px) 50vw, 100vw\" width=\"720px\" alt=\"2x Pirelli P zero Winter 255\/35R20 97W XL Z424A Klasa premium\"\/ style=\"max-width: 100%; height: auto; display: block; margin: 0 auto;\"><\/div>\n<\/div>\n<\/div>\n<\/div>\n<\/div>\n<div style=\"clear: both; display: block; margin: 10px 0;\">\n<div style=\"clear: both; display: block; margin: 10px 0;\">\n<div  style=\"max-width:720px;max-height:464px\">\n<div style=\"clear: both; display: block; margin: 10px 0;\">\n<div style=\"clear: both; width: 100%; display: block; margin: 20px 0; padding: 0; float: none; position: static; text-align: center;\"><img decoding=\"async\"  src=\"https:\/\/a.allegroimg.com\/original\/11d550\/b1fe790048babb6405778ba4082b\/2x-Pirelli-P-zero-Winter-255-35R20-97W-XL-Z424A-Szerokosc-opony-255-mm\" srcset=\"https:\/\/a.allegroimg.com\/original\/11d550\/b1fe790048babb6405778ba4082b\/2x-Pirelli-P-zero-Winter-255-35R20-97W-XL-Z424A-Szerokosc-opony-255-mm 360w,https:\/\/a.allegroimg.com\/original\/11d550\/b1fe790048babb6405778ba4082b\/2x-Pirelli-P-zero-Winter-255-35R20-97W-XL-Z424A-Szerokosc-opony-255-mm 720w,https:\/\/a.allegroimg.com\/original\/11d550\/b1fe790048babb6405778ba4082b\/2x-Pirelli-P-zero-Winter-255-35R20-97W-XL-Z424A-Szerokosc-opony-255-mm 720w\" sizes=\"(min-width: 1200px) 560px, (min-width: 992px) 50vw, 100vw\" width=\"720px\" alt=\"2x Pirelli P zero Winter 255\/35R20 97W XL Z424A Szeroko\u015b\u0107 opony 255 mm\"\/ style=\"max-width: 100%; height: auto; display: block; margin: 0 auto;\"><\/div>\n<\/div>\n<\/div>\n<\/div>\n<\/div>\n<\/div>\n<div style=\"clear: both; display: block; margin: 10px 0;\">\n<div style=\"clear: both; display: block; margin: 10px 0;\">\n<div style=\"clear: both; display: block; margin: 10px 0;\">\n<div  style=\"max-width:720px;max-height:198px\">\n<div style=\"clear: both; display: block; margin: 10px 0;\">\n<div style=\"clear: both; width: 100%; display: block; margin: 20px 0; padding: 0; float: none; position: static; text-align: center;\"><img decoding=\"async\"  src=\"https:\/\/a.allegroimg.com\/original\/11edb0\/42d90eec44238cb452b27d9c5b67\/2x-Pirelli-P-zero-Winter-255-35R20-97W-XL-Z424A-Profil-opony-35\" srcset=\"https:\/\/a.allegroimg.com\/original\/11edb0\/42d90eec44238cb452b27d9c5b67\/2x-Pirelli-P-zero-Winter-255-35R20-97W-XL-Z424A-Profil-opony-35 360w,https:\/\/a.allegroimg.com\/original\/11edb0\/42d90eec44238cb452b27d9c5b67\/2x-Pirelli-P-zero-Winter-255-35R20-97W-XL-Z424A-Profil-opony-35 720w,https:\/\/a.allegroimg.com\/original\/11edb0\/42d90eec44238cb452b27d9c5b67\/2x-Pirelli-P-zero-Winter-255-35R20-97W-XL-Z424A-Profil-opony-35 720w\" sizes=\"(min-width: 1200px) 560px, (min-width: 992px) 50vw, 100vw\" width=\"720px\" alt=\"2x Pirelli P zero Winter 255\/35R20 97W XL Z424A Profil opony 35\"\/ style=\"max-width: 100%; height: auto; display: block; margin: 0 auto;\"><\/div>\n<\/div>\n<\/div>\n<\/div>\n<\/div>\n<div style=\"clear: both; display: block; margin: 10px 0;\">\n<div style=\"clear: both; display: block; margin: 10px 0;\">\n<div  style=\"max-width:720px;max-height:246px\">\n<div style=\"clear: both; display: block; margin: 10px 0;\">\n<div style=\"clear: both; width: 100%; display: block; margin: 20px 0; padding: 0; float: none; position: static; text-align: center;\"><img decoding=\"async\"  src=\"https:\/\/a.allegroimg.com\/original\/118e8c\/6dbf78334f34a1206375955f0658\/2x-Pirelli-P-zero-Winter-255-35R20-97W-XL-Z424A-Srednica-20\" srcset=\"https:\/\/a.allegroimg.com\/original\/118e8c\/6dbf78334f34a1206375955f0658\/2x-Pirelli-P-zero-Winter-255-35R20-97W-XL-Z424A-Srednica-20 360w,https:\/\/a.allegroimg.com\/original\/118e8c\/6dbf78334f34a1206375955f0658\/2x-Pirelli-P-zero-Winter-255-35R20-97W-XL-Z424A-Srednica-20 720w,https:\/\/a.allegroimg.com\/original\/118e8c\/6dbf78334f34a1206375955f0658\/2x-Pirelli-P-zero-Winter-255-35R20-97W-XL-Z424A-Srednica-20 720w\" sizes=\"(min-width: 1200px) 560px, (min-width: 992px) 50vw, 100vw\" width=\"720px\" alt=\"2x Pirelli P zero Winter 255\/35R20 97W XL Z424A \u015arednica 20&quot;\"\/ style=\"max-width: 100%; height: auto; display: block; margin: 0 auto;\"><\/div>\n<\/div>\n<\/div>\n<\/div>\n<\/div>\n<\/div>\n<div style=\"clear: both; display: block; margin: 10px 0;\">\n<div style=\"clear: both; display: block; margin: 10px 0;\">\n<div style=\"clear: both; display: block; margin: 10px 0;\">\n<div  style=\"max-width:1440px;max-height:810px\">\n<div style=\"clear: both; display: block; margin: 10px 0;\">\n<div style=\"clear: both; width: 100%; display: block; margin: 20px 0; padding: 0; float: none; position: static; text-align: center;\"><img decoding=\"async\"  src=\"https:\/\/a.allegroimg.com\/original\/112190\/c526053e4bb39486fc9c2a1dbd7e\/2x-Pirelli-P-zero-Winter-255-35R20-97W-XL-Z424A-Liczba-opon-w-ofercie-2-szt\" srcset=\"https:\/\/a.allegroimg.com\/original\/112190\/c526053e4bb39486fc9c2a1dbd7e\/2x-Pirelli-P-zero-Winter-255-35R20-97W-XL-Z424A-Liczba-opon-w-ofercie-2-szt 360w,https:\/\/a.allegroimg.com\/original\/112190\/c526053e4bb39486fc9c2a1dbd7e\/2x-Pirelli-P-zero-Winter-255-35R20-97W-XL-Z424A-Liczba-opon-w-ofercie-2-szt 720w,https:\/\/a.allegroimg.com\/original\/112190\/c526053e4bb39486fc9c2a1dbd7e\/2x-Pirelli-P-zero-Winter-255-35R20-97W-XL-Z424A-Liczba-opon-w-ofercie-2-szt 1024w,https:\/\/a.allegroimg.com\/original\/112190\/c526053e4bb39486fc9c2a1dbd7e\/2x-Pirelli-P-zero-Winter-255-35R20-97W-XL-Z424A-Liczba-opon-w-ofercie-2-szt 1440w,https:\/\/a.allegroimg.com\/original\/112190\/c526053e4bb39486fc9c2a1dbd7e\/2x-Pirelli-P-zero-Winter-255-35R20-97W-XL-Z424A-Liczba-opon-w-ofercie-2-szt 1440w\" sizes=\"100vw\" width=\"1440px\" alt=\"2x Pirelli P zero Winter 255\/35R20 97W XL Z424A Liczba opon w ofercie 2 szt.\"\/ style=\"max-width: 100%; height: auto; display: block; margin: 0 auto;\"><\/div>\n<\/div>\n<\/div>\n<\/div>\n<\/div>\n<\/div>\n<\/div>\n<\/div>\n<\/div>\n<div style=\"clear: both; display: block; margin: 10px 0;\">\n","protected":false},"excerpt":{"rendered":"<p>Pirelli P Zero Winter<\/p>\n<p>SZEROKO\u015a\u0106 OPONY &#8211; 255<\/p>\n<p>WYSOKO\u015a\u0106 OPONY &#8211; 35<\/p>\n<p>\u015aREDNICA &#8211; 20<\/p>\n<p>ROCZNIK &#8211; 2021<\/p>\n<p>MAGAZYN &#8211; Z424A<\/p>\n<p>Przeznaczenie<\/p>\n<p>Opony Pirelli P Zero Winter to ogumienie zimowe przeznaczone do montowania na ko\u0142ach samochod\u00f3w osobowych z silnikami o wysokich osi\u0105gach. Producent opon P Zero Winter po\u0142o\u017cy\u0142 nacisk na zapewnienie bezpiecznej jazdy z du\u017c\u0105 pr\u0119dko\u015bci\u0105, w ka\u017cdych warunkach zimowych.<\/p>\n","protected":false},"featured_media":12789,"template":"","meta":{"_uag_custom_page_level_css":""},"product_brand":[433],"product_cat":[414,413,412,415],"product_tag":[],"class_list":{"0":"post-12788","1":"product","2":"type-product","3":"status-publish","4":"has-post-thumbnail","6":"product_brand-pirelli","7":"product_cat-do-samochodow-osobowych-i-suv","8":"product_cat-opony","9":"product_cat-opony-i-felgi","10":"product_cat-zimowe","12":"first","13":"instock","14":"shipping-taxable","15":"purchasable","16":"product-type-simple"},"uagb_featured_image_src":{"full":["https:\/\/oponixo.shop\/tire\/wp-content\/uploads\/2026\/01\/allegro-image-12788.jpg",398,627,false],"thumbnail":["https:\/\/oponixo.shop\/tire\/wp-content\/uploads\/2026\/01\/allegro-image-12788-150x150.jpg",150,150,true],"medium":["https:\/\/oponixo.shop\/tire\/wp-content\/uploads\/2026\/01\/allegro-image-12788-190x300.jpg",190,300,true],"medium_large":["https:\/\/oponixo.shop\/tire\/wp-content\/uploads\/2026\/01\/allegro-image-12788.jpg",398,627,false],"large":["https:\/\/oponixo.shop\/tire\/wp-content\/uploads\/2026\/01\/allegro-image-12788.jpg",398,627,false],"1536x1536":["https:\/\/oponixo.shop\/tire\/wp-content\/uploads\/2026\/01\/allegro-image-12788.jpg",398,627,false],"2048x2048":["https:\/\/oponixo.shop\/tire\/wp-content\/uploads\/2026\/01\/allegro-image-12788.jpg",398,627,false],"woocommerce_thumbnail":["https:\/\/oponixo.shop\/tire\/wp-content\/uploads\/2026\/01\/allegro-image-12788-300x300.jpg",300,300,true],"woocommerce_single":["https:\/\/oponixo.shop\/tire\/wp-content\/uploads\/2026\/01\/allegro-image-12788.jpg",398,627,false],"woocommerce_gallery_thumbnail":["https:\/\/oponixo.shop\/tire\/wp-content\/uploads\/2026\/01\/allegro-image-12788-100x100.jpg",100,100,true]},"uagb_author_info":{"display_name":"admin","author_link":"https:\/\/oponixo.shop\/tire\/author\/"},"uagb_comment_info":0,"uagb_excerpt":"Pirelli P Zero Winter SZEROKO\u015a\u0106 OPONY - 255 WYSOKO\u015a\u0106 OPONY - 35 \u015aREDNICA - 20 ROCZNIK - 2021 MAGAZYN - Z424A Przeznaczenie Opony Pirelli P Zero Winter to ogumienie zimowe przeznaczone do montowania na ko\u0142ach samochod\u00f3w osobowych z silnikami o wysokich osi\u0105gach. Producent opon P Zero Winter po\u0142o\u017cy\u0142 nacisk na zapewnienie bezpiecznej jazdy z du\u017c\u0105&hellip;","_links":{"self":[{"href":"https:\/\/oponixo.shop\/tire\/wp-json\/wp\/v2\/product\/12788","targetHints":{"allow":["GET"]}}],"collection":[{"href":"https:\/\/oponixo.shop\/tire\/wp-json\/wp\/v2\/product"}],"about":[{"href":"https:\/\/oponixo.shop\/tire\/wp-json\/wp\/v2\/types\/product"}],"wp:featuredmedia":[{"embeddable":true,"href":"https:\/\/oponixo.shop\/tire\/wp-json\/wp\/v2\/media\/12789"}],"wp:attachment":[{"href":"https:\/\/oponixo.shop\/tire\/wp-json\/wp\/v2\/media?parent=12788"}],"wp:term":[{"taxonomy":"product_brand","embeddable":true,"href":"https:\/\/oponixo.shop\/tire\/wp-json\/wp\/v2\/product_brand?post=12788"},{"taxonomy":"product_cat","embeddable":true,"href":"https:\/\/oponixo.shop\/tire\/wp-json\/wp\/v2\/product_cat?post=12788"},{"taxonomy":"product_tag","embeddable":true,"href":"https:\/\/oponixo.shop\/tire\/wp-json\/wp\/v2\/product_tag?post=12788"}],"curies":[{"name":"wp","href":"https:\/\/api.w.org\/{rel}","templated":true}]}}