{"id":12796,"date":"2026-01-04T14:39:24","date_gmt":"2026-01-04T13:39:24","guid":{"rendered":"https:\/\/oponyexpert.shop\/xef5\/produkt\/2x-nexen-nblue-4season-2-255-35r20-97y-xl\/"},"modified":"2026-01-04T14:39:25","modified_gmt":"2026-01-04T13:39:25","slug":"2x-nexen-nblue-4season-2-255-35r20-97y-xl","status":"publish","type":"product","link":"https:\/\/oponixo.shop\/tire\/produkt\/2x-nexen-nblue-4season-2-255-35r20-97y-xl\/","title":{"rendered":"2x Nexen N&apos;Blue 4Season 2 255\/35R20 97Y XL"},"content":{"rendered":"<div style=\"font-family: Arial, sans-serif; line-height: 1.6; color: #333; padding: 20px; clear: both; display: block; width: 100%; float: none; position: static; overflow: hidden;\">\n<div style=\"clear: both; display: block; margin: 10px 0;\">\n<div style=\"clear: both; display: block; margin: 10px 0;\">\n<div style=\"clear: both; display: block; margin: 10px 0;\">\n<h1>Nexen N&#8217;Blue 4Season 2 <\/h1>\n<h1>255\/35 R20 97Y do 300 km\/h<\/h1>\n<h2>Kod produktu: 8807622220975<\/h2>\n<p style=\"margin: 15px 0; line-height: 1.8; clear: both; display: block; width: 100%; float: none; position: static;\">Opony ca\u0142oroczne Nexen N&#8217;Blue 4Season 2 s\u0105 jednym z produkt\u00f3w firmy Nexen Tire, kt\u00f3ra od lat cieszy si\u0119 uznaniem w bran\u017cy oponiarskiej. Opony te zosta\u0142y zaprojektowane z my\u015bl\u0105 o zapewnieniu bezpiecze\u0144stwa i wydajno\u015bci przez ca\u0142y rok, niezale\u017cnie od warunk\u00f3w pogodowych.Wszechstronno\u015b\u0107: Opony ca\u0142oroczne s\u0105 przeznaczone do u\u017cytku przez ca\u0142y rok, co eliminuje potrzeb\u0119 sezonowej wymiany opon. Dzi\u0119ki temu s\u0105 idealnym wyborem dla kierowc\u00f3w, kt\u00f3rzy chc\u0105 unikn\u0105\u0107 uci\u0105\u017cliwego procesu zmiany opon wiosn\u0105 i jesieni\u0105. Wydajno\u015b\u0107 w r\u00f3\u017cnych warunkach pogodowych: Opony Nexen N&#8217;Blue 4Season 2 s\u0105 zaprojektowane tak, aby radzi\u0107 sobie zar\u00f3wno z suchymi, mokrymi, jak i zimnymi nawierzchniami. Ich specjalna mieszanka gumy i wz\u00f3r bie\u017cnika zapewniaj\u0105 dobr\u0105 przyczepno\u015b\u0107 i stabilno\u015b\u0107 zar\u00f3wno na suchych, jak i mokrych drogach, a tak\u017ce na \u015bniegu i lodzie. Technologia bie\u017cnika: Opony te wykorzystuj\u0105 zaawansowane technologie bie\u017cnika, takie jak lamelizacja, \u017ceby zapewni\u0107 optymaln\u0105 przyczepno\u015b\u0107 i kr\u00f3tsz\u0105 drog\u0119 hamowania w r\u00f3\u017cnych warunkach pogodowych. Komfort jazdy: Nexen N&#8217;Blue 4Season 2 oferuj\u0105 r\u00f3wnie\u017c komfort jazdy dzi\u0119ki specjalnie zaprojektowanej konstrukcji bie\u017cnika, kt\u00f3ra redukuje ha\u0142as i wibracje, co przek\u0142ada si\u0119 na spokojniejsze i bardziej komfortowe do\u015bwiadczenia za kierownic\u0105<\/p>\n<h2>Zakupione na tej aukcji opony mo\u017cesz odebra\u0107 i wymieni\u0107 w jednym z naszych serwis\u00f3w: MOTOHURT MARKI &#8211; MOTOHURT WOLA &#8211; MOTOHURT MOKOT\u00d3W<\/h2>\n<\/div>\n<\/div>\n<div style=\"clear: both; display: block; margin: 10px 0;\">\n<div style=\"clear: both; display: block; margin: 10px 0;\">\n<div  style=\"max-width:750px;max-height:1024px\">\n<div style=\"clear: both; display: block; margin: 10px 0;\">\n<div style=\"clear: both; width: 100%; display: block; margin: 20px 0; padding: 0; float: none; position: static; text-align: center;\"><img decoding=\"async\"  src=\"https:\/\/a.allegroimg.com\/original\/11e290\/73f8edc24deb94ed9ebed798a7d1\/2x-Nexen-N-Blue-4Season-2-255-35R20-97Y-XL\" srcset=\"https:\/\/a.allegroimg.com\/original\/11e290\/73f8edc24deb94ed9ebed798a7d1\/2x-Nexen-N-Blue-4Season-2-255-35R20-97Y-XL 263w,https:\/\/a.allegroimg.com\/original\/11e290\/73f8edc24deb94ed9ebed798a7d1\/2x-Nexen-N-Blue-4Season-2-255-35R20-97Y-XL 527w,https:\/\/a.allegroimg.com\/original\/11e290\/73f8edc24deb94ed9ebed798a7d1\/2x-Nexen-N-Blue-4Season-2-255-35R20-97Y-XL 750w,https:\/\/a.allegroimg.com\/original\/11e290\/73f8edc24deb94ed9ebed798a7d1\/2x-Nexen-N-Blue-4Season-2-255-35R20-97Y-XL 750w\" sizes=\"(min-width: 1200px) 560px, (min-width: 992px) 50vw, 100vw\" width=\"750px\" alt=\"2x Nexen N&#x27;Blue 4Season 2 255\/35R20 97Y XL\"\/ style=\"max-width: 100%; height: auto; display: block; margin: 0 auto;\"><\/div>\n<\/div>\n<\/div>\n<\/div>\n<\/div>\n<\/div>\n<div style=\"clear: both; display: block; margin: 10px 0;\">\n<div style=\"clear: both; display: block; margin: 10px 0;\">\n<div style=\"clear: both; display: block; margin: 10px 0;\">\n<div  style=\"max-width:212px;max-height:305px\">\n<div style=\"clear: both; display: block; margin: 10px 0;\">\n<div style=\"clear: both; width: 100%; display: block; margin: 20px 0; padding: 0; float: none; position: static; text-align: center;\"><img decoding=\"async\"  src=\"https:\/\/a.allegroimg.com\/original\/117d24\/38f6db95441393b85c607b12d927\/2x-Nexen-N-Blue-4Season-2-255-35R20-97Y-XL-Liczba-opon-w-ofercie-2-szt\" srcset=\"https:\/\/a.allegroimg.com\/original\/117d24\/38f6db95441393b85c607b12d927\/2x-Nexen-N-Blue-4Season-2-255-35R20-97Y-XL-Liczba-opon-w-ofercie-2-szt 212w,https:\/\/a.allegroimg.com\/original\/117d24\/38f6db95441393b85c607b12d927\/2x-Nexen-N-Blue-4Season-2-255-35R20-97Y-XL-Liczba-opon-w-ofercie-2-szt 212w\" sizes=\"(min-width: 1200px) 560px, (min-width: 992px) 50vw, 100vw\" width=\"212px\" alt=\"2x Nexen N&#x27;Blue 4Season 2 255\/35R20 97Y XL Liczba opon w ofercie 2 szt.\"\/ style=\"max-width: 100%; height: auto; display: block; margin: 0 auto;\"><\/div>\n<\/div>\n<\/div>\n<\/div>\n<\/div>\n<div style=\"clear: both; display: block; margin: 10px 0;\">\n<div style=\"clear: both; display: block; margin: 10px 0;\">\n<h2>Marka: Nexen<\/h2>\n<h2>Liczba opon w ofercie: 2<\/h2>\n<h2>Rok produkcji: <\/h2>\n<h2>Szeroko\u015b\u0107 opony: 255 mm<\/h2>\n<h2>Profil opony: 35<\/h2>\n<h2>\u015arednica: 20<\/h2>\n<h2>Indeks no\u015bno\u015bci: 97<\/h2>\n<h2>Indeks pr\u0119dko\u015bci: Y do 300 km\/h<\/h2>\n<h2>Op\u00f3r toczenia: Klasa C<\/h2>\n<h2>Przyczepno\u015b\u0107 na mokrej nawierzchni: Klasa B<\/h2>\n<h2>Ha\u0142as zewn\u0119trzny: 73 dB<\/h2>\n<h2>Kod producenta: 14329<\/h2>\n<h2>Sezon: Ca\u0142oroczne<\/h2>\n<\/div>\n<\/div>\n<\/div>\n<\/div>\n<\/div>\n<\/div>\n<div style=\"clear: both; display: block; margin: 10px 0;\">\n","protected":false},"excerpt":{"rendered":"<p>Nexen N&#039;Blue 4Season 2<\/p>\n<p>255\/35 R20 97Y do 300 km\/h<\/p>\n<p>Kod produktu: 8807622220975<\/p>\n","protected":false},"featured_media":12797,"template":"","meta":{"_uag_custom_page_level_css":""},"product_brand":[392],"product_cat":[416,414,413,412],"product_tag":[],"class_list":{"0":"post-12796","1":"product","2":"type-product","3":"status-publish","4":"has-post-thumbnail","6":"product_brand-nexen","7":"product_cat-caloroczne","8":"product_cat-do-samochodow-osobowych-i-suv","9":"product_cat-opony","10":"product_cat-opony-i-felgi","12":"first","13":"instock","14":"shipping-taxable","15":"purchasable","16":"product-type-simple"},"uagb_featured_image_src":{"full":["https:\/\/oponixo.shop\/tire\/wp-content\/uploads\/2026\/01\/allegro-image-12796.jpg",750,1024,false],"thumbnail":["https:\/\/oponixo.shop\/tire\/wp-content\/uploads\/2026\/01\/allegro-image-12796-150x150.jpg",150,150,true],"medium":["https:\/\/oponixo.shop\/tire\/wp-content\/uploads\/2026\/01\/allegro-image-12796-220x300.jpg",220,300,true],"medium_large":["https:\/\/oponixo.shop\/tire\/wp-content\/uploads\/2026\/01\/allegro-image-12796.jpg",750,1024,false],"large":["https:\/\/oponixo.shop\/tire\/wp-content\/uploads\/2026\/01\/allegro-image-12796.jpg",750,1024,false],"1536x1536":["https:\/\/oponixo.shop\/tire\/wp-content\/uploads\/2026\/01\/allegro-image-12796.jpg",750,1024,false],"2048x2048":["https:\/\/oponixo.shop\/tire\/wp-content\/uploads\/2026\/01\/allegro-image-12796.jpg",750,1024,false],"woocommerce_thumbnail":["https:\/\/oponixo.shop\/tire\/wp-content\/uploads\/2026\/01\/allegro-image-12796-300x300.jpg",300,300,true],"woocommerce_single":["https:\/\/oponixo.shop\/tire\/wp-content\/uploads\/2026\/01\/allegro-image-12796-600x819.jpg",600,819,true],"woocommerce_gallery_thumbnail":["https:\/\/oponixo.shop\/tire\/wp-content\/uploads\/2026\/01\/allegro-image-12796-100x100.jpg",100,100,true]},"uagb_author_info":{"display_name":"admin","author_link":"https:\/\/oponixo.shop\/tire\/author\/"},"uagb_comment_info":0,"uagb_excerpt":"Nexen N&#039;Blue 4Season 2 255\/35 R20 97Y do 300 km\/h Kod produktu: 8807622220975","_links":{"self":[{"href":"https:\/\/oponixo.shop\/tire\/wp-json\/wp\/v2\/product\/12796","targetHints":{"allow":["GET"]}}],"collection":[{"href":"https:\/\/oponixo.shop\/tire\/wp-json\/wp\/v2\/product"}],"about":[{"href":"https:\/\/oponixo.shop\/tire\/wp-json\/wp\/v2\/types\/product"}],"wp:featuredmedia":[{"embeddable":true,"href":"https:\/\/oponixo.shop\/tire\/wp-json\/wp\/v2\/media\/12797"}],"wp:attachment":[{"href":"https:\/\/oponixo.shop\/tire\/wp-json\/wp\/v2\/media?parent=12796"}],"wp:term":[{"taxonomy":"product_brand","embeddable":true,"href":"https:\/\/oponixo.shop\/tire\/wp-json\/wp\/v2\/product_brand?post=12796"},{"taxonomy":"product_cat","embeddable":true,"href":"https:\/\/oponixo.shop\/tire\/wp-json\/wp\/v2\/product_cat?post=12796"},{"taxonomy":"product_tag","embeddable":true,"href":"https:\/\/oponixo.shop\/tire\/wp-json\/wp\/v2\/product_tag?post=12796"}],"curies":[{"name":"wp","href":"https:\/\/api.w.org\/{rel}","templated":true}]}}