{"id":12808,"date":"2026-01-04T14:39:28","date_gmt":"2026-01-04T13:39:28","guid":{"rendered":"https:\/\/oponyexpert.shop\/xef5\/produkt\/2x-opony-zimowe-265-35r21-101w-xl-ultragrip-performance-3-goodyear\/"},"modified":"2026-01-04T14:39:30","modified_gmt":"2026-01-04T13:39:30","slug":"2x-opony-zimowe-265-35r21-101w-xl-ultragrip-performance-3-goodyear","status":"publish","type":"product","link":"https:\/\/oponixo.shop\/tire\/produkt\/2x-opony-zimowe-265-35r21-101w-xl-ultragrip-performance-3-goodyear\/","title":{"rendered":"2x Opony zimowe 265\/35R21 101W XL UltraGrip Performance 3 GOODYEAR"},"content":{"rendered":"<div style=\"font-family: Arial, sans-serif; line-height: 1.6; color: #333; padding: 20px; clear: both; display: block; width: 100%; float: none; position: static; overflow: hidden;\">\n<div style=\"clear: both; display: block; margin: 10px 0;\">\n<div style=\"clear: both; display: block; margin: 10px 0;\">\n<div style=\"clear: both; display: block; margin: 10px 0;\">\n<h1>2x Opony zimowe 265\/35R21 101W XL UltraGrip Performance 3 GOODYEAR<\/h1>\n<\/div>\n<\/div>\n<\/div>\n<div style=\"clear: both; display: block; margin: 10px 0;\">\n<div style=\"clear: both; display: block; margin: 10px 0;\">\n<div style=\"clear: both; display: block; margin: 10px 0;\">\n<div  style=\"max-width:1440px;max-height:100px\">\n<div style=\"clear: both; display: block; margin: 10px 0;\">\n<div style=\"clear: both; width: 100%; display: block; margin: 20px 0; padding: 0; float: none; position: static; text-align: center;\"><img decoding=\"async\"  src=\"https:\/\/a.allegroimg.com\/original\/11e7e1\/77f1ffbb44e9954e6564a1183920\/2x-Opony-zimowe-265-35R21-101W-XL-UltraGrip-Performance-3-GOODYEAR-Szerokosc-opony-265-mm\" srcset=\"https:\/\/a.allegroimg.com\/original\/11e7e1\/77f1ffbb44e9954e6564a1183920\/2x-Opony-zimowe-265-35R21-101W-XL-UltraGrip-Performance-3-GOODYEAR-Szerokosc-opony-265-mm 360w,https:\/\/a.allegroimg.com\/original\/11e7e1\/77f1ffbb44e9954e6564a1183920\/2x-Opony-zimowe-265-35R21-101W-XL-UltraGrip-Performance-3-GOODYEAR-Szerokosc-opony-265-mm 720w,https:\/\/a.allegroimg.com\/original\/11e7e1\/77f1ffbb44e9954e6564a1183920\/2x-Opony-zimowe-265-35R21-101W-XL-UltraGrip-Performance-3-GOODYEAR-Szerokosc-opony-265-mm 1024w,https:\/\/a.allegroimg.com\/original\/11e7e1\/77f1ffbb44e9954e6564a1183920\/2x-Opony-zimowe-265-35R21-101W-XL-UltraGrip-Performance-3-GOODYEAR-Szerokosc-opony-265-mm 1440w,https:\/\/a.allegroimg.com\/original\/11e7e1\/77f1ffbb44e9954e6564a1183920\/2x-Opony-zimowe-265-35R21-101W-XL-UltraGrip-Performance-3-GOODYEAR-Szerokosc-opony-265-mm 1440w\" sizes=\"100vw\" width=\"1440px\" alt=\"2x Opony zimowe 265\/35R21 101W XL UltraGrip Performance 3 GOODYEAR Szeroko\u015b\u0107 opony 265 mm\"\/ style=\"max-width: 100%; height: auto; display: block; margin: 0 auto;\"><\/div>\n<\/div>\n<\/div>\n<\/div>\n<\/div>\n<\/div>\n<div style=\"clear: both; display: block; margin: 10px 0;\">\n<div style=\"clear: both; display: block; margin: 10px 0;\">\n<div style=\"clear: both; display: block; margin: 10px 0;\">\n<div  style=\"max-width:1606px;max-height:2560px\">\n<div style=\"clear: both; display: block; margin: 10px 0;\">\n<div style=\"clear: both; width: 100%; display: block; margin: 20px 0; padding: 0; float: none; position: static; text-align: center;\"><img decoding=\"async\"  src=\"https:\/\/a.allegroimg.com\/original\/11a0b5\/443d7c7f4804af9454f2ef0c2441\/2x-Opony-zimowe-265-35R21-101W-XL-UltraGrip-Performance-3-GOODYEAR-Liczba-opon-w-ofercie-2-szt\" srcset=\"https:\/\/a.allegroimg.com\/original\/11a0b5\/443d7c7f4804af9454f2ef0c2441\/2x-Opony-zimowe-265-35R21-101W-XL-UltraGrip-Performance-3-GOODYEAR-Liczba-opon-w-ofercie-2-szt 225w,https:\/\/a.allegroimg.com\/original\/11a0b5\/443d7c7f4804af9454f2ef0c2441\/2x-Opony-zimowe-265-35R21-101W-XL-UltraGrip-Performance-3-GOODYEAR-Liczba-opon-w-ofercie-2-szt 451w,https:\/\/a.allegroimg.com\/original\/11a0b5\/443d7c7f4804af9454f2ef0c2441\/2x-Opony-zimowe-265-35R21-101W-XL-UltraGrip-Performance-3-GOODYEAR-Liczba-opon-w-ofercie-2-szt 642w,https:\/\/a.allegroimg.com\/original\/11a0b5\/443d7c7f4804af9454f2ef0c2441\/2x-Opony-zimowe-265-35R21-101W-XL-UltraGrip-Performance-3-GOODYEAR-Liczba-opon-w-ofercie-2-szt 903w,https:\/\/a.allegroimg.com\/original\/11a0b5\/443d7c7f4804af9454f2ef0c2441\/2x-Opony-zimowe-265-35R21-101W-XL-UltraGrip-Performance-3-GOODYEAR-Liczba-opon-w-ofercie-2-szt 1606w\" sizes=\"(min-width: 1200px) 560px, (min-width: 992px) 50vw, 100vw\" width=\"1606px\" alt=\"2x Opony zimowe 265\/35R21 101W XL UltraGrip Performance 3 GOODYEAR Liczba opon w ofercie 2 szt.\"\/ style=\"max-width: 100%; height: auto; display: block; margin: 0 auto;\"><\/div>\n<\/div>\n<\/div>\n<\/div>\n<\/div>\n<div style=\"clear: both; display: block; margin: 10px 0;\">\n<div style=\"clear: both; display: block; margin: 10px 0;\">\n<h1>GOODYEAR UltraGrip Performance 3 265\/35R21<\/h1>\n<h3 style=\"color: #2c5aa0; font-size: 18px; margin: 30px 0 15px 0; font-weight: bold; clear: both; display: block; width: 100%; float: none; position: static;\">Dane podstawowe<\/h3>\n<p style=\"margin: 15px 0; line-height: 1.8; clear: both; display: block; width: 100%; float: none; position: static;\"><b>Stan:<\/b> Opony fabrycznie nowe<\/p>\n<p style=\"margin: 15px 0; line-height: 1.8; clear: both; display: block; width: 100%; float: none; position: static;\"><b>Producent:<\/b> GOODYEAR<\/p>\n<p style=\"margin: 15px 0; line-height: 1.8; clear: both; display: block; width: 100%; float: none; position: static;\"><b>Model:<\/b> UltraGrip Performance 3<\/p>\n<p style=\"margin: 15px 0; line-height: 1.8; clear: both; display: block; width: 100%; float: none; position: static;\"><b>Klasa opon:<\/b> Premium<\/p>\n<p style=\"margin: 15px 0; line-height: 1.8; clear: both; display: block; width: 100%; float: none; position: static;\"><b>Sezon:<\/b> Opony zimowe<\/p>\n<p style=\"margin: 15px 0; line-height: 1.8; clear: both; display: block; width: 100%; float: none; position: static;\"><b>Szeroko\u015b\u0107:<\/b> 265<\/p>\n<p style=\"margin: 15px 0; line-height: 1.8; clear: both; display: block; width: 100%; float: none; position: static;\"><b>Profil:<\/b> 35<\/p>\n<p style=\"margin: 15px 0; line-height: 1.8; clear: both; display: block; width: 100%; float: none; position: static;\"><b>\u015arednica:<\/b> 21<\/p>\n<p style=\"margin: 15px 0; line-height: 1.8; clear: both; display: block; width: 100%; float: none; position: static;\"><b>Indeks pr\u0119dko\u015bci:<\/b> W &#8211; do 270 km\/h<\/p>\n<p style=\"margin: 15px 0; line-height: 1.8; clear: both; display: block; width: 100%; float: none; position: static;\"><b>Indeks no\u015bno\u015bci:<\/b> 101 &#8211; 825 kg na opon\u0119<\/p>\n<p style=\"margin: 15px 0; line-height: 1.8; clear: both; display: block; width: 100%; float: none; position: static;\"><b>Rok produkcji:<\/b> 2024<\/p>\n<\/div>\n<\/div>\n<\/div>\n<div style=\"clear: both; display: block; margin: 10px 0;\">\n<div style=\"clear: both; display: block; margin: 10px 0;\">\n<div style=\"clear: both; display: block; margin: 10px 0;\">\n<div  style=\"max-width:2560px;max-height:2560px\">\n<div style=\"clear: both; display: block; margin: 10px 0;\">\n<div style=\"clear: both; width: 100%; display: block; margin: 20px 0; padding: 0; float: none; position: static; text-align: center;\"><img decoding=\"async\"  src=\"https:\/\/a.allegroimg.com\/original\/116abf\/b4a6cbac4c2582888b70057fa6e4\/2x-Opony-zimowe-265-35R21-101W-XL-UltraGrip-Performance-3-GOODYEAR-Rok-produkcji-2024\" srcset=\"https:\/\/a.allegroimg.com\/original\/116abf\/b4a6cbac4c2582888b70057fa6e4\/2x-Opony-zimowe-265-35R21-101W-XL-UltraGrip-Performance-3-GOODYEAR-Rok-produkcji-2024 360w,https:\/\/a.allegroimg.com\/original\/116abf\/b4a6cbac4c2582888b70057fa6e4\/2x-Opony-zimowe-265-35R21-101W-XL-UltraGrip-Performance-3-GOODYEAR-Rok-produkcji-2024 720w,https:\/\/a.allegroimg.com\/original\/116abf\/b4a6cbac4c2582888b70057fa6e4\/2x-Opony-zimowe-265-35R21-101W-XL-UltraGrip-Performance-3-GOODYEAR-Rok-produkcji-2024 1024w,https:\/\/a.allegroimg.com\/original\/116abf\/b4a6cbac4c2582888b70057fa6e4\/2x-Opony-zimowe-265-35R21-101W-XL-UltraGrip-Performance-3-GOODYEAR-Rok-produkcji-2024 1440w,https:\/\/a.allegroimg.com\/original\/116abf\/b4a6cbac4c2582888b70057fa6e4\/2x-Opony-zimowe-265-35R21-101W-XL-UltraGrip-Performance-3-GOODYEAR-Rok-produkcji-2024 2560w\" sizes=\"(min-width: 1200px) 560px, (min-width: 992px) 50vw, 100vw\" width=\"2560px\" alt=\"2x Opony zimowe 265\/35R21 101W XL UltraGrip Performance 3 GOODYEAR Rok produkcji 2024\"\/ style=\"max-width: 100%; height: auto; display: block; margin: 0 auto;\"><\/div>\n<\/div>\n<\/div>\n<\/div>\n<\/div>\n<div style=\"clear: both; display: block; margin: 10px 0;\">\n<div style=\"clear: both; display: block; margin: 10px 0;\">\n<h3 style=\"color: #2c5aa0; font-size: 18px; margin: 30px 0 15px 0; font-weight: bold; clear: both; display: block; width: 100%; float: none; position: static;\">Informacje szczeg\u00f3\u0142owe<\/h3>\n<p style=\"margin: 15px 0; line-height: 1.8; clear: both; display: block; width: 100%; float: none; position: static;\"><b>Opona posiada rant ochronny: <\/b>Tak<\/p>\n<p style=\"margin: 15px 0; line-height: 1.8; clear: both; display: block; width: 100%; float: none; position: static;\"><b>Opona o podwy\u017cszonym wska\u017aniku no\u015bno\u015bci: <\/b>XL<\/p>\n<p style=\"margin: 15px 0; line-height: 1.8; clear: both; display: block; width: 100%; float: none; position: static;\"><b>Przeznaczenie: <\/b>Opona do samochod\u00f3w osobowych, SUV oraz z nap\u0119dem 4&#215;4<\/p>\n<p style=\"margin: 15px 0; line-height: 1.8; clear: both; display: block; width: 100%; float: none; position: static;\"><b>Kod producenta: <\/b>598563<\/p>\n<p style=\"margin: 15px 0; line-height: 1.8; clear: both; display: block; width: 100%; float: none; position: static;\"><b>Waga opony: <\/b>12.37 kg<\/p>\n<\/div>\n<\/div>\n<\/div>\n<div style=\"clear: both; display: block; margin: 10px 0;\">\n<div style=\"clear: both; display: block; margin: 10px 0;\">\n<div style=\"clear: both; display: block; margin: 10px 0;\">\n<p style=\"margin: 15px 0; line-height: 1.8; clear: both; display: block; width: 100%; float: none; position: static;\">*Zdj\u0119cia przedstawione w ofercie maj\u0105 <b>charakter pogl\u0105dowy<\/b>. Rzeczywisty wygl\u0105d mo\u017ce r\u00f3\u017cni\u0107 si\u0119 od prezentowanego w zale\u017cno\u015bci od rozmiaru produktu.<\/p>\n<\/div>\n<\/div>\n<\/div>\n<div style=\"clear: both; display: block; margin: 10px 0;\">\n<div style=\"clear: both; display: block; margin: 10px 0;\">\n<div style=\"clear: both; display: block; margin: 10px 0;\">\n<h1>UltraGrip Performance 3<\/h1>\n<p style=\"margin: 15px 0; line-height: 1.8; clear: both; display: block; width: 100%; float: none; position: static;\">Goodyear UltraGrip Performance 3 to \u015bwietna opcja dla kierowc\u00f3w, dla kt\u00f3rych najwa\u017cniejsza jest skuteczno\u015b\u0107 w warunkach zimowych oraz kt\u00f3rzy szukaj\u0105 opon zapewniaj\u0105cych pewn\u0105 reakcj\u0119 uk\u0142adu nap\u0119dowego i trakcj\u0119 w r\u00f3\u017cnych sytuacjach, kt\u00f3re mog\u0105 si\u0119 zdarzy\u0107 w zimnych miesi\u0105cach roku.<\/p>\n<h3 style=\"color: #2c5aa0; font-size: 18px; margin: 30px 0 15px 0; font-weight: bold; clear: both; display: block; width: 100%; float: none; position: static;\">Doskona\u0142a wydajno\u015b\u0107 na \u015bniegu<\/h3>\n<p style=\"margin: 15px 0; line-height: 1.8; clear: both; display: block; width: 100%; float: none; position: static;\">Przygotuj si\u0119 na deszcz, dzi\u0119ki oponom, kt\u00f3re zapewniaj\u0105 sta\u0142e odprowadzanie wody. G\u0142\u0119bsze i szersze rowki zapewniaj\u0105 lepsz\u0105 odporno\u015b\u0107 na aquaplaning.<\/p>\n<h3 style=\"color: #2c5aa0; font-size: 18px; margin: 30px 0 15px 0; font-weight: bold; clear: both; display: block; width: 100%; float: none; position: static;\">Ulepszone hamowanie<\/h3>\n<p style=\"margin: 15px 0; line-height: 1.8; clear: both; display: block; width: 100%; float: none; position: static;\">Lepsze hamowanie i czu\u0142o\u015b\u0107 uk\u0142adu nap\u0119dowego na \u015bniegu ze wzgl\u0119du na ulepszony uk\u0142ad i zag\u0119szczenie lameli.<\/p>\n<h3 style=\"color: #2c5aa0; font-size: 18px; margin: 30px 0 15px 0; font-weight: bold; clear: both; display: block; width: 100%; float: none; position: static;\">Wysoka przyczepno\u015b\u0107 na mokrej nawierzchni<\/h3>\n<p style=\"margin: 15px 0; line-height: 1.8; clear: both; display: block; width: 100%; float: none; position: static;\">Lepsze odprowadzanie wody zapewnia doskona\u0142\u0105 przyczepno\u015b\u0107 na mokrej nawierzchni. Woda jest odprowadzana na boki zamiast do przodu, co oznacza, \u017ce przed opon\u0105 znajduje si\u0119 mniejsza ilo\u015b\u0107 wody.<\/p>\n<\/p><\/div>\n<\/div>\n<\/div>\n<div style=\"clear: both; display: block; margin: 10px 0;\">\n<div style=\"clear: both; display: block; margin: 10px 0;\">\n<div style=\"clear: both; display: block; margin: 10px 0;\">\n<h1>W\u0142a\u015bciwo\u015bci opon Goodyear UltraGrip Performance 3<\/h1>\n<\/div>\n<\/div>\n<\/div>\n<div style=\"clear: both; display: block; margin: 10px 0;\">\n<div style=\"clear: both; display: block; margin: 10px 0;\">\n<div style=\"clear: both; display: block; margin: 10px 0;\">\n<h3 style=\"color: #2c5aa0; font-size: 18px; margin: 30px 0 15px 0; font-weight: bold; clear: both; display: block; width: 100%; float: none; position: static;\">Konstrukcja wgryzaj\u0105ca si\u0119 w \u015bnieg<\/h3>\n<p style=\"margin: 15px 0; line-height: 1.8; clear: both; display: block; width: 100%; float: none; position: static;\">Rowki na barkach poprawiaj\u0105 przyczepno\u015b\u0107 na mi\u0119kkim i g\u0142\u0119bokim \u015bniegu.<\/p>\n<\/div>\n<\/div>\n<\/div>\n<div style=\"clear: both; display: block; margin: 10px 0;\">\n<div style=\"clear: both; display: block; margin: 10px 0;\">\n<div style=\"clear: both; display: block; margin: 10px 0;\">\n<div  style=\"max-width:1525px;max-height:823px\">\n<div style=\"clear: both; display: block; margin: 10px 0;\">\n<div style=\"clear: both; width: 100%; display: block; margin: 20px 0; padding: 0; float: none; position: static; text-align: center;\"><img decoding=\"async\"  src=\"https:\/\/a.allegroimg.com\/original\/11dcfa\/825f34294180aa766cd31b1a671e\/2x-Opony-zimowe-265-35R21-101W-XL-UltraGrip-Performance-3-GOODYEAR-Srednica-21\" srcset=\"https:\/\/a.allegroimg.com\/original\/11dcfa\/825f34294180aa766cd31b1a671e\/2x-Opony-zimowe-265-35R21-101W-XL-UltraGrip-Performance-3-GOODYEAR-Srednica-21 360w,https:\/\/a.allegroimg.com\/original\/11dcfa\/825f34294180aa766cd31b1a671e\/2x-Opony-zimowe-265-35R21-101W-XL-UltraGrip-Performance-3-GOODYEAR-Srednica-21 720w,https:\/\/a.allegroimg.com\/original\/11dcfa\/825f34294180aa766cd31b1a671e\/2x-Opony-zimowe-265-35R21-101W-XL-UltraGrip-Performance-3-GOODYEAR-Srednica-21 1024w,https:\/\/a.allegroimg.com\/original\/11dcfa\/825f34294180aa766cd31b1a671e\/2x-Opony-zimowe-265-35R21-101W-XL-UltraGrip-Performance-3-GOODYEAR-Srednica-21 1440w,https:\/\/a.allegroimg.com\/original\/11dcfa\/825f34294180aa766cd31b1a671e\/2x-Opony-zimowe-265-35R21-101W-XL-UltraGrip-Performance-3-GOODYEAR-Srednica-21 1525w\" sizes=\"100vw\" width=\"1525px\" alt=\"2x Opony zimowe 265\/35R21 101W XL UltraGrip Performance 3 GOODYEAR \u015arednica 21&quot;\"\/ style=\"max-width: 100%; height: auto; display: block; margin: 0 auto;\"><\/div>\n<\/div>\n<\/div>\n<\/div>\n<\/div>\n<\/div>\n<div style=\"clear: both; display: block; margin: 10px 0;\">\n<div style=\"clear: both; display: block; margin: 10px 0;\">\n<div style=\"clear: both; display: block; margin: 10px 0;\">\n<h3 style=\"color: #2c5aa0; font-size: 18px; margin: 30px 0 15px 0; font-weight: bold; clear: both; display: block; width: 100%; float: none; position: static;\">Du\u017ca g\u0119sto\u015b\u0107 lameli<\/h3>\n<p style=\"margin: 15px 0; line-height: 1.8; clear: both; display: block; width: 100%; float: none; position: static;\">Lepsze hamowanie i prowadzenie na \u015bniegu dzi\u0119ki ulepszonemu uk\u0142adowi lameli i ich wi\u0119kszej g\u0119sto\u015bci.<\/p>\n<\/div>\n<\/div>\n<\/div>\n<div style=\"clear: both; display: block; margin: 10px 0;\">\n<div style=\"clear: both; display: block; margin: 10px 0;\">\n<div style=\"clear: both; display: block; margin: 10px 0;\">\n<div  style=\"max-width:1490px;max-height:828px\">\n<div style=\"clear: both; display: block; margin: 10px 0;\">\n<div style=\"clear: both; width: 100%; display: block; margin: 20px 0; padding: 0; float: none; position: static; text-align: center;\"><img decoding=\"async\"  src=\"https:\/\/a.allegroimg.com\/original\/11311f\/6d12019d42f4ba3bb193f5b835a4\/2x-Opony-zimowe-265-35R21-101W-XL-UltraGrip-Performance-3-GOODYEAR-Kod-producenta-598563\" srcset=\"https:\/\/a.allegroimg.com\/original\/11311f\/6d12019d42f4ba3bb193f5b835a4\/2x-Opony-zimowe-265-35R21-101W-XL-UltraGrip-Performance-3-GOODYEAR-Kod-producenta-598563 360w,https:\/\/a.allegroimg.com\/original\/11311f\/6d12019d42f4ba3bb193f5b835a4\/2x-Opony-zimowe-265-35R21-101W-XL-UltraGrip-Performance-3-GOODYEAR-Kod-producenta-598563 720w,https:\/\/a.allegroimg.com\/original\/11311f\/6d12019d42f4ba3bb193f5b835a4\/2x-Opony-zimowe-265-35R21-101W-XL-UltraGrip-Performance-3-GOODYEAR-Kod-producenta-598563 1024w,https:\/\/a.allegroimg.com\/original\/11311f\/6d12019d42f4ba3bb193f5b835a4\/2x-Opony-zimowe-265-35R21-101W-XL-UltraGrip-Performance-3-GOODYEAR-Kod-producenta-598563 1440w,https:\/\/a.allegroimg.com\/original\/11311f\/6d12019d42f4ba3bb193f5b835a4\/2x-Opony-zimowe-265-35R21-101W-XL-UltraGrip-Performance-3-GOODYEAR-Kod-producenta-598563 1490w\" sizes=\"100vw\" width=\"1490px\" alt=\"2x Opony zimowe 265\/35R21 101W XL UltraGrip Performance 3 GOODYEAR Kod producenta 598563\"\/ style=\"max-width: 100%; height: auto; display: block; margin: 0 auto;\"><\/div>\n<\/div>\n<\/div>\n<\/div>\n<\/div>\n<\/div>\n<div style=\"clear: both; display: block; margin: 10px 0;\">\n<div style=\"clear: both; display: block; margin: 10px 0;\">\n<div style=\"clear: both; display: block; margin: 10px 0;\">\n<h3 style=\"color: #2c5aa0; font-size: 18px; margin: 30px 0 15px 0; font-weight: bold; clear: both; display: block; width: 100%; float: none; position: static;\">Zoptymalizowany kszta\u0142t opony<\/h3>\n<p style=\"margin: 15px 0; line-height: 1.8; clear: both; display: block; width: 100%; float: none; position: static;\">Lepsza dyspersja wody dla doskona\u0142ej przyczepno\u015bci na mokrej nawierzchni. Woda jest wypychana na boki, a nie do przodu.<\/p>\n<\/div>\n<\/div>\n<\/div>\n<div style=\"clear: both; display: block; margin: 10px 0;\">\n<div style=\"clear: both; display: block; margin: 10px 0;\">\n<div style=\"clear: both; display: block; margin: 10px 0;\">\n<div  style=\"max-width:1550px;max-height:828px\">\n<div style=\"clear: both; display: block; margin: 10px 0;\">\n<div style=\"clear: both; width: 100%; display: block; margin: 20px 0; padding: 0; float: none; position: static; text-align: center;\"><img decoding=\"async\"  src=\"https:\/\/a.allegroimg.com\/original\/1143e0\/9ab2dd874f788e6e3bee3f8d6902\/2x-Opony-zimowe-265-35R21-101W-XL-UltraGrip-Performance-3-GOODYEAR-Waga-produktu-z-opakowaniem-jednostkowym-18-kg\" srcset=\"https:\/\/a.allegroimg.com\/original\/1143e0\/9ab2dd874f788e6e3bee3f8d6902\/2x-Opony-zimowe-265-35R21-101W-XL-UltraGrip-Performance-3-GOODYEAR-Waga-produktu-z-opakowaniem-jednostkowym-18-kg 360w,https:\/\/a.allegroimg.com\/original\/1143e0\/9ab2dd874f788e6e3bee3f8d6902\/2x-Opony-zimowe-265-35R21-101W-XL-UltraGrip-Performance-3-GOODYEAR-Waga-produktu-z-opakowaniem-jednostkowym-18-kg 720w,https:\/\/a.allegroimg.com\/original\/1143e0\/9ab2dd874f788e6e3bee3f8d6902\/2x-Opony-zimowe-265-35R21-101W-XL-UltraGrip-Performance-3-GOODYEAR-Waga-produktu-z-opakowaniem-jednostkowym-18-kg 1024w,https:\/\/a.allegroimg.com\/original\/1143e0\/9ab2dd874f788e6e3bee3f8d6902\/2x-Opony-zimowe-265-35R21-101W-XL-UltraGrip-Performance-3-GOODYEAR-Waga-produktu-z-opakowaniem-jednostkowym-18-kg 1440w,https:\/\/a.allegroimg.com\/original\/1143e0\/9ab2dd874f788e6e3bee3f8d6902\/2x-Opony-zimowe-265-35R21-101W-XL-UltraGrip-Performance-3-GOODYEAR-Waga-produktu-z-opakowaniem-jednostkowym-18-kg 1550w\" sizes=\"100vw\" width=\"1550px\" alt=\"2x Opony zimowe 265\/35R21 101W XL UltraGrip Performance 3 GOODYEAR Waga produktu z opakowaniem jednostkowym 18 kg\"\/ style=\"max-width: 100%; height: auto; display: block; margin: 0 auto;\"><\/div>\n<\/div>\n<\/div>\n<\/div>\n<\/div>\n<\/div>\n<div style=\"clear: both; display: block; margin: 10px 0;\">\n<div style=\"clear: both; display: block; margin: 10px 0;\">\n<div style=\"clear: both; display: block; margin: 10px 0;\">\n<div  style=\"max-width:1000px;max-height:300px\">\n<div style=\"clear: both; display: block; margin: 10px 0;\">\n<div style=\"clear: both; width: 100%; display: block; margin: 20px 0; padding: 0; float: none; position: static; text-align: center;\"><img decoding=\"async\"  src=\"https:\/\/a.allegroimg.com\/original\/11a099\/2e79558d4bd1878e93b46e861d93\/2x-Opony-zimowe-265-35R21-101W-XL-UltraGrip-Performance-3-GOODYEAR-Indeks-nosnosci-101-825-kg\" srcset=\"https:\/\/a.allegroimg.com\/original\/11a099\/2e79558d4bd1878e93b46e861d93\/2x-Opony-zimowe-265-35R21-101W-XL-UltraGrip-Performance-3-GOODYEAR-Indeks-nosnosci-101-825-kg 360w,https:\/\/a.allegroimg.com\/original\/11a099\/2e79558d4bd1878e93b46e861d93\/2x-Opony-zimowe-265-35R21-101W-XL-UltraGrip-Performance-3-GOODYEAR-Indeks-nosnosci-101-825-kg 720w,https:\/\/a.allegroimg.com\/original\/11a099\/2e79558d4bd1878e93b46e861d93\/2x-Opony-zimowe-265-35R21-101W-XL-UltraGrip-Performance-3-GOODYEAR-Indeks-nosnosci-101-825-kg 1000w,https:\/\/a.allegroimg.com\/original\/11a099\/2e79558d4bd1878e93b46e861d93\/2x-Opony-zimowe-265-35R21-101W-XL-UltraGrip-Performance-3-GOODYEAR-Indeks-nosnosci-101-825-kg 1000w\" sizes=\"100vw\" width=\"1000px\" alt=\"2x Opony zimowe 265\/35R21 101W XL UltraGrip Performance 3 GOODYEAR Indeks no\u015bno\u015bci 101 - 825 kg\"\/ style=\"max-width: 100%; height: auto; display: block; margin: 0 auto;\"><\/div>\n<\/div>\n<\/div>\n<\/div>\n<\/div>\n<\/div>\n<div style=\"clear: both; display: block; margin: 10px 0;\">\n<div style=\"clear: both; display: block; margin: 10px 0;\">\n<div style=\"clear: both; display: block; margin: 10px 0;\">\n<h1>O producencie opon Goodyear<\/h1>\n<p style=\"margin: 15px 0; line-height: 1.8; clear: both; display: block; width: 100%; float: none; position: static;\">Goodyear to jeden z najwi\u0119kszych producent\u00f3w ogumienia samochodowego. Firma powsta\u0142a w 1898 roku. Obecnie ma ponad 50 fabryk na ca\u0142ym \u015bwiecie i zatrudnia prawie 70 tys. pracownik\u00f3w. W 1904 roku in\u017cynierowie Goodyear wprowadzili na rynek pierwsze zdejmowane opony. W 1985 roku firma dostarczy\u0142a pierwsze opony radialne. W 2012 roku in\u017cynierowie Goodyear uczestniczyli w opracowywaniu europejskiego systemu oznaczania opon. Goodyear produkuje opony samochodowe, ci\u0119\u017carowe i lotnicze. W swojej ofercie ma opony dla typowego kierowcy, do zastosowa\u0144 specjalistycznych i do wy\u015bcig\u00f3w samochodowych. W wielu z nich zastosowano innowacyjne technologie.<\/p>\n<\/div>\n<\/div>\n<\/div>\n<\/div>\n<\/div>\n<\/div>\n<div style=\"clear: both; display: block; margin: 10px 0;\">\n","protected":false},"excerpt":{"rendered":"<p>2x Opony zimowe 265\/35R21 101W XL UltraGrip Performance 3 GOODYEAR<\/p>\n<p>GOODYEAR UltraGrip Performance 3 265\/35R21<\/p>\n<p>Dane podstawowe<\/p>\n<p>Stan: Opony fabrycznie nowe<\/p>\n<p>Producent: GOODYEAR<\/p>\n<p>Model: UltraGrip Performance 3<\/p>\n<p>Klasa opon: Premium<\/p>\n<p>Sezon: Opony zimowe<\/p>\n","protected":false},"featured_media":12809,"template":"","meta":{"_uag_custom_page_level_css":""},"product_brand":[437],"product_cat":[414,413,412,415],"product_tag":[],"class_list":{"0":"post-12808","1":"product","2":"type-product","3":"status-publish","4":"has-post-thumbnail","6":"product_brand-goodyear","7":"product_cat-do-samochodow-osobowych-i-suv","8":"product_cat-opony","9":"product_cat-opony-i-felgi","10":"product_cat-zimowe","12":"first","13":"instock","14":"shipping-taxable","15":"purchasable","16":"product-type-simple"},"uagb_featured_image_src":{"full":["https:\/\/oponixo.shop\/tire\/wp-content\/uploads\/2026\/01\/allegro-image-12808.jpg",2560,2560,false],"thumbnail":["https:\/\/oponixo.shop\/tire\/wp-content\/uploads\/2026\/01\/allegro-image-12808-150x150.jpg",150,150,true],"medium":["https:\/\/oponixo.shop\/tire\/wp-content\/uploads\/2026\/01\/allegro-image-12808-300x300.jpg",300,300,true],"medium_large":["https:\/\/oponixo.shop\/tire\/wp-content\/uploads\/2026\/01\/allegro-image-12808-768x768.jpg",768,768,true],"large":["https:\/\/oponixo.shop\/tire\/wp-content\/uploads\/2026\/01\/allegro-image-12808-1024x1024.jpg",1024,1024,true],"1536x1536":["https:\/\/oponixo.shop\/tire\/wp-content\/uploads\/2026\/01\/allegro-image-12808-1536x1536.jpg",1536,1536,true],"2048x2048":["https:\/\/oponixo.shop\/tire\/wp-content\/uploads\/2026\/01\/allegro-image-12808-2048x2048.jpg",2048,2048,true],"woocommerce_thumbnail":["https:\/\/oponixo.shop\/tire\/wp-content\/uploads\/2026\/01\/allegro-image-12808-300x300.jpg",300,300,true],"woocommerce_single":["https:\/\/oponixo.shop\/tire\/wp-content\/uploads\/2026\/01\/allegro-image-12808-600x600.jpg",600,600,true],"woocommerce_gallery_thumbnail":["https:\/\/oponixo.shop\/tire\/wp-content\/uploads\/2026\/01\/allegro-image-12808-100x100.jpg",100,100,true]},"uagb_author_info":{"display_name":"admin","author_link":"https:\/\/oponixo.shop\/tire\/author\/"},"uagb_comment_info":0,"uagb_excerpt":"2x Opony zimowe 265\/35R21 101W XL UltraGrip Performance 3 GOODYEAR GOODYEAR UltraGrip Performance 3 265\/35R21 Dane podstawowe Stan: Opony fabrycznie nowe Producent: GOODYEAR Model: UltraGrip Performance 3 Klasa opon: Premium Sezon: Opony zimowe","_links":{"self":[{"href":"https:\/\/oponixo.shop\/tire\/wp-json\/wp\/v2\/product\/12808","targetHints":{"allow":["GET"]}}],"collection":[{"href":"https:\/\/oponixo.shop\/tire\/wp-json\/wp\/v2\/product"}],"about":[{"href":"https:\/\/oponixo.shop\/tire\/wp-json\/wp\/v2\/types\/product"}],"wp:featuredmedia":[{"embeddable":true,"href":"https:\/\/oponixo.shop\/tire\/wp-json\/wp\/v2\/media\/12809"}],"wp:attachment":[{"href":"https:\/\/oponixo.shop\/tire\/wp-json\/wp\/v2\/media?parent=12808"}],"wp:term":[{"taxonomy":"product_brand","embeddable":true,"href":"https:\/\/oponixo.shop\/tire\/wp-json\/wp\/v2\/product_brand?post=12808"},{"taxonomy":"product_cat","embeddable":true,"href":"https:\/\/oponixo.shop\/tire\/wp-json\/wp\/v2\/product_cat?post=12808"},{"taxonomy":"product_tag","embeddable":true,"href":"https:\/\/oponixo.shop\/tire\/wp-json\/wp\/v2\/product_tag?post=12808"}],"curies":[{"name":"wp","href":"https:\/\/api.w.org\/{rel}","templated":true}]}}