{"id":12812,"date":"2026-01-04T14:39:30","date_gmt":"2026-01-04T13:39:30","guid":{"rendered":"https:\/\/oponyexpert.shop\/xef5\/produkt\/2x-goodyear-ultragrip-performance-3-265-35r21-101v\/"},"modified":"2026-01-04T14:39:31","modified_gmt":"2026-01-04T13:39:31","slug":"2x-goodyear-ultragrip-performance-3-265-35r21-101v","status":"publish","type":"product","link":"https:\/\/oponixo.shop\/tire\/produkt\/2x-goodyear-ultragrip-performance-3-265-35r21-101v\/","title":{"rendered":"2x Goodyear UltraGrip Performance 3 265\/35R21 101V"},"content":{"rendered":"<div style=\"font-family: Arial, sans-serif; line-height: 1.6; color: #333; padding: 20px; clear: both; display: block; width: 100%; float: none; position: static; overflow: hidden;\">\n<div style=\"clear: both; display: block; margin: 10px 0;\">\n<div style=\"clear: both; display: block; margin: 10px 0;\">\n<div style=\"clear: both; display: block; margin: 10px 0;\">\n<h1>Goodyear UltraGrip Performance 3 <\/h1>\n<h1>265\/35 R21 101V do 240 km\/h<\/h1>\n<h2>Kod produktu: 4038526448897<\/h2>\n<p style=\"margin: 15px 0; line-height: 1.8; clear: both; display: block; width: 100%; float: none; position: static;\">Goodyear UltraGrip Performance 3 to wysokowydajna opona zimowa przeznaczona do samochod\u00f3w osobowych i SUV. Zosta\u0142a opracowana pod k\u0105tem doskona\u0142ej trakcji podczas jazdy po \u015bniegu i lodzie, a tak\u017ce na mokrych nawierzchniach. Ta opona jest wyposa\u017cona w asymetryczny wz\u00f3r bie\u017cnika i zosta\u0142a zoptymalizowana pod k\u0105tem jazdy po mokrej i suchej nawierzchni. Mieszanka bie\u017cnika, z kt\u00f3rego zosta\u0142a wykonana, zawiera du\u017c\u0105 ilo\u015b\u0107 krzemionki, kt\u00f3ra wspomaga trakcj\u0119 na mokrych i \u015bliskich nawierzchniach, jednocze\u015bnie poprawiaj\u0105c czu\u0142o\u015b\u0107 uk\u0142adu nap\u0119dowego i skuteczno\u015b\u0107 hamowania. Opony UltraGrip Performance 3 s\u0105 ponadto wyposa\u017cone w technologi\u0119 3D BIS firmy Goodyear, kt\u00f3ra powsta\u0142a w oparciu o struktur\u0119 blokuj\u0105cych si\u0119 blok\u00f3w zapewniaj\u0105cych wi\u0119ksz\u0105 stabilno\u015b\u0107 i przyczepno\u015b\u0107 podczas jazdy po \u015bniegu i lodzie. Ponadto opony te maj\u0105 bie\u017cnik ze wzorem w kszta\u0142cie litery V, kt\u00f3ry pomaga odprowadza\u0107 wod\u0119 i b\u0142oto po\u015bniegowe z powierzchni styku opony, co zmniejsza ryzyko \u015blizgania si\u0119 po wodzie<\/p>\n<h2>Zakupione na tej aukcji opony mo\u017cesz odebra\u0107 i wymieni\u0107 w jednym z naszych serwis\u00f3w: MOTOHURT MARKI &#8211; MOTOHURT WOLA &#8211; MOTOHURT MOKOT\u00d3W<\/h2>\n<\/div>\n<\/div>\n<div style=\"clear: both; display: block; margin: 10px 0;\">\n<div style=\"clear: both; display: block; margin: 10px 0;\">\n<div  style=\"max-width:750px;max-height:1024px\">\n<div style=\"clear: both; display: block; margin: 10px 0;\">\n<div style=\"clear: both; width: 100%; display: block; margin: 20px 0; padding: 0; float: none; position: static; text-align: center;\"><img decoding=\"async\"  src=\"https:\/\/a.allegroimg.com\/original\/113b40\/1e9805ac42f9921b490238ad917a\/2x-Goodyear-UltraGrip-Performance-3-265-35R21-101V\" srcset=\"https:\/\/a.allegroimg.com\/original\/113b40\/1e9805ac42f9921b490238ad917a\/2x-Goodyear-UltraGrip-Performance-3-265-35R21-101V 263w,https:\/\/a.allegroimg.com\/original\/113b40\/1e9805ac42f9921b490238ad917a\/2x-Goodyear-UltraGrip-Performance-3-265-35R21-101V 527w,https:\/\/a.allegroimg.com\/original\/113b40\/1e9805ac42f9921b490238ad917a\/2x-Goodyear-UltraGrip-Performance-3-265-35R21-101V 750w,https:\/\/a.allegroimg.com\/original\/113b40\/1e9805ac42f9921b490238ad917a\/2x-Goodyear-UltraGrip-Performance-3-265-35R21-101V 750w\" sizes=\"(min-width: 1200px) 560px, (min-width: 992px) 50vw, 100vw\" width=\"750px\" alt=\"2x Goodyear UltraGrip Performance 3 265\/35R21 101V\"\/ style=\"max-width: 100%; height: auto; display: block; margin: 0 auto;\"><\/div>\n<\/div>\n<\/div>\n<\/div>\n<\/div>\n<\/div>\n<div style=\"clear: both; display: block; margin: 10px 0;\">\n<div style=\"clear: both; display: block; margin: 10px 0;\">\n<div style=\"clear: both; display: block; margin: 10px 0;\">\n<div  style=\"max-width:212px;max-height:305px\">\n<div style=\"clear: both; display: block; margin: 10px 0;\">\n<div style=\"clear: both; width: 100%; display: block; margin: 20px 0; padding: 0; float: none; position: static; text-align: center;\"><img decoding=\"async\"  src=\"https:\/\/a.allegroimg.com\/original\/111f79\/5bd941fe407cb316a51ba0953308\/2x-Goodyear-UltraGrip-Performance-3-265-35R21-101V-Liczba-opon-w-ofercie-2-szt\" srcset=\"https:\/\/a.allegroimg.com\/original\/111f79\/5bd941fe407cb316a51ba0953308\/2x-Goodyear-UltraGrip-Performance-3-265-35R21-101V-Liczba-opon-w-ofercie-2-szt 212w,https:\/\/a.allegroimg.com\/original\/111f79\/5bd941fe407cb316a51ba0953308\/2x-Goodyear-UltraGrip-Performance-3-265-35R21-101V-Liczba-opon-w-ofercie-2-szt 212w\" sizes=\"(min-width: 1200px) 560px, (min-width: 992px) 50vw, 100vw\" width=\"212px\" alt=\"2x Goodyear UltraGrip Performance 3 265\/35R21 101V Liczba opon w ofercie 2 szt.\"\/ style=\"max-width: 100%; height: auto; display: block; margin: 0 auto;\"><\/div>\n<\/div>\n<\/div>\n<\/div>\n<\/div>\n<div style=\"clear: both; display: block; margin: 10px 0;\">\n<div style=\"clear: both; display: block; margin: 10px 0;\">\n<h2>Marka: Goodyear<\/h2>\n<h2>Liczba opon w ofercie: 2<\/h2>\n<h2>Rok produkcji: <\/h2>\n<h2>Szeroko\u015b\u0107 opony: 265 mm<\/h2>\n<h2>Profil opony: 35<\/h2>\n<h2>\u015arednica: 21<\/h2>\n<h2>Indeks no\u015bno\u015bci: 101<\/h2>\n<h2>Indeks pr\u0119dko\u015bci: V do 240 km\/h<\/h2>\n<h2>Op\u00f3r toczenia: Klasa C<\/h2>\n<h2>Przyczepno\u015b\u0107 na mokrej nawierzchni: Klasa C<\/h2>\n<h2>Ha\u0142as zewn\u0119trzny: 71 dB<\/h2>\n<h2>Kod producenta: 720253<\/h2>\n<h2>Sezon: Zimowe<\/h2>\n<\/div>\n<\/div>\n<\/div>\n<\/div>\n<\/div>\n<\/div>\n<div style=\"clear: both; display: block; margin: 10px 0;\">\n","protected":false},"excerpt":{"rendered":"<p>Goodyear UltraGrip Performance 3<\/p>\n<p>265\/35 R21 101V do 240 km\/h<\/p>\n<p>Kod produktu: 4038526448897<\/p>\n","protected":false},"featured_media":12813,"template":"","meta":{"_uag_custom_page_level_css":""},"product_brand":[437],"product_cat":[414,413,412,415],"product_tag":[],"class_list":{"0":"post-12812","1":"product","2":"type-product","3":"status-publish","4":"has-post-thumbnail","6":"product_brand-goodyear","7":"product_cat-do-samochodow-osobowych-i-suv","8":"product_cat-opony","9":"product_cat-opony-i-felgi","10":"product_cat-zimowe","12":"first","13":"instock","14":"shipping-taxable","15":"purchasable","16":"product-type-simple"},"uagb_featured_image_src":{"full":["https:\/\/oponixo.shop\/tire\/wp-content\/uploads\/2026\/01\/allegro-image-12812.jpg",750,1024,false],"thumbnail":["https:\/\/oponixo.shop\/tire\/wp-content\/uploads\/2026\/01\/allegro-image-12812-150x150.jpg",150,150,true],"medium":["https:\/\/oponixo.shop\/tire\/wp-content\/uploads\/2026\/01\/allegro-image-12812-220x300.jpg",220,300,true],"medium_large":["https:\/\/oponixo.shop\/tire\/wp-content\/uploads\/2026\/01\/allegro-image-12812.jpg",750,1024,false],"large":["https:\/\/oponixo.shop\/tire\/wp-content\/uploads\/2026\/01\/allegro-image-12812.jpg",750,1024,false],"1536x1536":["https:\/\/oponixo.shop\/tire\/wp-content\/uploads\/2026\/01\/allegro-image-12812.jpg",750,1024,false],"2048x2048":["https:\/\/oponixo.shop\/tire\/wp-content\/uploads\/2026\/01\/allegro-image-12812.jpg",750,1024,false],"woocommerce_thumbnail":["https:\/\/oponixo.shop\/tire\/wp-content\/uploads\/2026\/01\/allegro-image-12812-300x300.jpg",300,300,true],"woocommerce_single":["https:\/\/oponixo.shop\/tire\/wp-content\/uploads\/2026\/01\/allegro-image-12812-600x819.jpg",600,819,true],"woocommerce_gallery_thumbnail":["https:\/\/oponixo.shop\/tire\/wp-content\/uploads\/2026\/01\/allegro-image-12812-100x100.jpg",100,100,true]},"uagb_author_info":{"display_name":"admin","author_link":"https:\/\/oponixo.shop\/tire\/author\/"},"uagb_comment_info":0,"uagb_excerpt":"Goodyear UltraGrip Performance 3 265\/35 R21 101V do 240 km\/h Kod produktu: 4038526448897","_links":{"self":[{"href":"https:\/\/oponixo.shop\/tire\/wp-json\/wp\/v2\/product\/12812","targetHints":{"allow":["GET"]}}],"collection":[{"href":"https:\/\/oponixo.shop\/tire\/wp-json\/wp\/v2\/product"}],"about":[{"href":"https:\/\/oponixo.shop\/tire\/wp-json\/wp\/v2\/types\/product"}],"wp:featuredmedia":[{"embeddable":true,"href":"https:\/\/oponixo.shop\/tire\/wp-json\/wp\/v2\/media\/12813"}],"wp:attachment":[{"href":"https:\/\/oponixo.shop\/tire\/wp-json\/wp\/v2\/media?parent=12812"}],"wp:term":[{"taxonomy":"product_brand","embeddable":true,"href":"https:\/\/oponixo.shop\/tire\/wp-json\/wp\/v2\/product_brand?post=12812"},{"taxonomy":"product_cat","embeddable":true,"href":"https:\/\/oponixo.shop\/tire\/wp-json\/wp\/v2\/product_cat?post=12812"},{"taxonomy":"product_tag","embeddable":true,"href":"https:\/\/oponixo.shop\/tire\/wp-json\/wp\/v2\/product_tag?post=12812"}],"curies":[{"name":"wp","href":"https:\/\/api.w.org\/{rel}","templated":true}]}}