{"id":12820,"date":"2026-01-04T14:39:33","date_gmt":"2026-01-04T13:39:33","guid":{"rendered":"https:\/\/oponyexpert.shop\/xef5\/produkt\/2x-caloroczne-continental-allseasoncontact-2-265-35r21-101y-xl-rant-2024\/"},"modified":"2026-01-04T14:39:34","modified_gmt":"2026-01-04T13:39:34","slug":"2x-caloroczne-continental-allseasoncontact-2-265-35r21-101y-xl-rant-2024","status":"publish","type":"product","link":"https:\/\/oponixo.shop\/tire\/produkt\/2x-caloroczne-continental-allseasoncontact-2-265-35r21-101y-xl-rant-2024\/","title":{"rendered":"2x ca\u0142oroczne Continental AllSeasonContact 2 265\/35R21 101Y XL rant 2024"},"content":{"rendered":"<div style=\"font-family: Arial, sans-serif; line-height: 1.6; color: #333; padding: 20px; clear: both; display: block; width: 100%; float: none; position: static; overflow: hidden;\">\n<div style=\"clear: both; display: block; margin: 10px 0;\">\n<div style=\"clear: both; display: block; margin: 10px 0;\">\n<div style=\"clear: both; display: block; margin: 10px 0;\">\n<div  style=\"max-width:500px;max-height:106px\">\n<div style=\"clear: both; display: block; margin: 10px 0;\">\n<div style=\"clear: both; width: 100%; display: block; margin: 20px 0; padding: 0; float: none; position: static; text-align: center;\"><img decoding=\"async\"  src=\"https:\/\/a.allegroimg.com\/original\/111081\/7fd4678842bdb760c9c9dff885b0\/2x-caloroczne-Continental-AllSeasonContact-2-265-35R21-101Y-XL-rant-2024-Rok-produkcji-2024\" srcset=\"https:\/\/a.allegroimg.com\/original\/111081\/7fd4678842bdb760c9c9dff885b0\/2x-caloroczne-Continental-AllSeasonContact-2-265-35R21-101Y-XL-rant-2024-Rok-produkcji-2024 360w,https:\/\/a.allegroimg.com\/original\/111081\/7fd4678842bdb760c9c9dff885b0\/2x-caloroczne-Continental-AllSeasonContact-2-265-35R21-101Y-XL-rant-2024-Rok-produkcji-2024 500w,https:\/\/a.allegroimg.com\/original\/111081\/7fd4678842bdb760c9c9dff885b0\/2x-caloroczne-Continental-AllSeasonContact-2-265-35R21-101Y-XL-rant-2024-Rok-produkcji-2024 500w\" sizes=\"100vw\" width=\"500px\" alt=\"2x ca\u0142oroczne Continental AllSeasonContact 2 265\/35R21 101Y XL rant 2024 Rok produkcji 2024\"\/ style=\"max-width: 100%; height: auto; display: block; margin: 0 auto;\"><\/div>\n<\/div>\n<\/div>\n<\/div>\n<\/div>\n<\/div>\n<div style=\"clear: both; display: block; margin: 10px 0;\">\n<div style=\"clear: both; display: block; margin: 10px 0;\">\n<div style=\"clear: both; display: block; margin: 10px 0;\">\n<h1>zestaw 2 sztuk nowych opon ca\u0142orocznych<\/h1>\n<h1>Continental AllSeasonContact 2 265\/35R21 101Y XL FR<\/h1>\n<p style=\"margin: 15px 0; line-height: 1.8; clear: both; display: block; width: 100%; float: none; position: static;\">\n<\/div>\n<\/div>\n<\/div>\n<div style=\"clear: both; display: block; margin: 10px 0;\">\n<div style=\"clear: both; display: block; margin: 10px 0;\">\n<div style=\"clear: both; display: block; margin: 10px 0;\">\n<div  style=\"max-width:457px;max-height:600px\">\n<div style=\"clear: both; display: block; margin: 10px 0;\">\n<div style=\"clear: both; width: 100%; display: block; margin: 20px 0; padding: 0; float: none; position: static; text-align: center;\"><img decoding=\"async\"  src=\"https:\/\/a.allegroimg.com\/original\/11078b\/f68aa7f641dd8396eeff6698c60f\/2x-caloroczne-Continental-AllSeasonContact-2-265-35R21-101Y-XL-rant-2024\" srcset=\"https:\/\/a.allegroimg.com\/original\/11078b\/f68aa7f641dd8396eeff6698c60f\/2x-caloroczne-Continental-AllSeasonContact-2-265-35R21-101Y-XL-rant-2024 274w,https:\/\/a.allegroimg.com\/original\/11078b\/f68aa7f641dd8396eeff6698c60f\/2x-caloroczne-Continental-AllSeasonContact-2-265-35R21-101Y-XL-rant-2024 457w,https:\/\/a.allegroimg.com\/original\/11078b\/f68aa7f641dd8396eeff6698c60f\/2x-caloroczne-Continental-AllSeasonContact-2-265-35R21-101Y-XL-rant-2024 457w\" sizes=\"(min-width: 1200px) 560px, (min-width: 992px) 50vw, 100vw\" width=\"457px\" alt=\"2x ca\u0142oroczne Continental AllSeasonContact 2 265\/35R21 101Y XL rant 2024\"\/ style=\"max-width: 100%; height: auto; display: block; margin: 0 auto;\"><\/div>\n<\/div>\n<\/div>\n<\/div>\n<\/div>\n<div style=\"clear: both; display: block; margin: 10px 0;\">\n<div style=\"clear: both; display: block; margin: 10px 0;\">\n<p style=\"margin: 15px 0; line-height: 1.8; clear: both; display: block; width: 100%; float: none; position: static;\"><b>Continental AllSeasonContact 2<\/b> to opony <b>ca\u0142oroczne<\/b> przeznaczone do samochod\u00f3w <b>osobowych<\/b> oraz suv-\u00f3w. Oryginalny produkt klasy <b>premium<\/b> renomowanej marki <b>Continental<\/b>. Bezkompromisowa jako\u015b\u0107. <\/p>\n<ul style=\"margin: 15px 0; padding-left: 20px; clear: both; display: block; width: 100%; float: none; position: static;\">\n<li style=\"margin: 5px 0; padding: 2px 0; clear: both; display: list-item; float: none; position: static;\">rok produkcji: nie starsze ni\u017c <b>2024<\/b><\/li>\n<li style=\"margin: 5px 0; padding: 2px 0; clear: both; display: list-item; float: none; position: static;\">opony <b>nowe<\/b>, oryginalne, z gwarancj\u0105<\/li>\n<li style=\"margin: 5px 0; padding: 2px 0; clear: both; display: list-item; float: none; position: static;\">produkowane w <b>Europie<\/b><\/li>\n<li style=\"margin: 5px 0; padding: 2px 0; clear: both; display: list-item; float: none; position: static;\"><b>FR<\/b> &#8211; opony posiadaj\u0105 rant chroni\u0105cy felg\u0119<\/li>\n<li style=\"margin: 5px 0; padding: 2px 0; clear: both; display: list-item; float: none; position: static;\">opony wzmocnione <b>XL<\/b><\/li>\n<li style=\"margin: 5px 0; padding: 2px 0; clear: both; display: list-item; float: none; position: static;\">zapewniaj\u0105 cich\u0105 i p\u0142ynn\u0105 prac\u0119<\/li>\n<li style=\"margin: 5px 0; padding: 2px 0; clear: both; display: list-item; float: none; position: static;\">skutecznie niweluj\u0105 wp\u0142yw nier\u00f3wno\u015bci na drodze na komfort jazdy<\/li>\n<li style=\"margin: 5px 0; padding: 2px 0; clear: both; display: list-item; float: none; position: static;\">dostosowane do du\u017cych pr\u0119dko\u015bci<\/li>\n<li style=\"margin: 5px 0; padding: 2px 0; clear: both; display: list-item; float: none; position: static;\">doskona\u0142a trakcja, precyzyjne sterowanie<\/li>\n<li style=\"margin: 5px 0; padding: 2px 0; clear: both; display: list-item; float: none; position: static;\">bie\u017cnik zu\u017cywa si\u0119 r\u00f3wnomiernie<\/li>\n<li style=\"margin: 5px 0; padding: 2px 0; clear: both; display: list-item; float: none; position: static;\">kr\u00f3tka droga hamowania i skuteczne sterowanie w ka\u017cdych warunkach pogodowych, przez ca\u0142y rok<\/li>\n<li style=\"margin: 5px 0; padding: 2px 0; clear: both; display: list-item; float: none; position: static;\">homologacja zimowa 3PMSF &#8211; opona w pe\u0142ni ca\u0142oroczna, doskonale sprawdzi si\u0119 zar\u00f3wno zim\u0105 jak i w lecie<\/li>\n<li style=\"margin: 5px 0; padding: 2px 0; clear: both; display: list-item; float: none; position: static;\">bardzo dobre odprowadzanie wody<\/li>\n<li style=\"margin: 5px 0; padding: 2px 0; clear: both; display: list-item; float: none; position: static;\">zabezpiecznie przed po\u015blizgiem na wodzie (aquaplaning)<\/li>\n<\/ul>\n<\/div>\n<\/div>\n<\/div>\n<div style=\"clear: both; display: block; margin: 10px 0;\">\n<div style=\"clear: both; display: block; margin: 10px 0;\">\n<div style=\"clear: both; display: block; margin: 10px 0;\">\n<div  style=\"max-width:480px;max-height:733px\">\n<div style=\"clear: both; display: block; margin: 10px 0;\">\n<div style=\"clear: both; width: 100%; display: block; margin: 20px 0; padding: 0; float: none; position: static; text-align: center;\"><img decoding=\"async\"  src=\"https:\/\/a.allegroimg.com\/original\/115b8b\/3acf63174e69a8e10f5880909c72\/2x-caloroczne-Continental-AllSeasonContact-2-265-35R21-101Y-XL-rant-2024-Liczba-opon-w-ofercie-2-szt\" srcset=\"https:\/\/a.allegroimg.com\/original\/115b8b\/3acf63174e69a8e10f5880909c72\/2x-caloroczne-Continental-AllSeasonContact-2-265-35R21-101Y-XL-rant-2024-Liczba-opon-w-ofercie-2-szt 235w,https:\/\/a.allegroimg.com\/original\/115b8b\/3acf63174e69a8e10f5880909c72\/2x-caloroczne-Continental-AllSeasonContact-2-265-35R21-101Y-XL-rant-2024-Liczba-opon-w-ofercie-2-szt 471w,https:\/\/a.allegroimg.com\/original\/115b8b\/3acf63174e69a8e10f5880909c72\/2x-caloroczne-Continental-AllSeasonContact-2-265-35R21-101Y-XL-rant-2024-Liczba-opon-w-ofercie-2-szt 480w,https:\/\/a.allegroimg.com\/original\/115b8b\/3acf63174e69a8e10f5880909c72\/2x-caloroczne-Continental-AllSeasonContact-2-265-35R21-101Y-XL-rant-2024-Liczba-opon-w-ofercie-2-szt 480w\" sizes=\"100vw\" width=\"480px\" alt=\"2x ca\u0142oroczne Continental AllSeasonContact 2 265\/35R21 101Y XL rant 2024 Liczba opon w ofercie 2 szt.\"\/ style=\"max-width: 100%; height: auto; display: block; margin: 0 auto;\"><\/div>\n<\/div>\n<\/div>\n<\/div>\n<\/div>\n<\/div>\n<\/div>\n<\/div>\n<\/div>\n<div style=\"clear: both; display: block; margin: 10px 0;\">\n","protected":false},"excerpt":{"rendered":"<p>zestaw 2 sztuk nowych opon ca\u0142orocznych<\/p>\n<p>Continental AllSeasonContact 2 265\/35R21 101Y XL FR<\/p>\n<p>Continental AllSeasonContact 2 to opony ca\u0142oroczne przeznaczone do samochod\u00f3w osobowych oraz suv-\u00f3w. Oryginalny produkt klasy premium renomowanej marki Continental. Bezkompromisowa jako\u015b\u0107.<\/p>\n<p>rok produkcji: nie starsze ni\u017c 2024<\/p>\n<p>opony nowe, oryginalne, z gwarancj\u0105<\/p>\n<p>produkowane w Europie<\/p>\n<p>FR &#8211; opony posiadaj\u0105 rant chroni\u0105cy felg\u0119<\/p>\n<p>opony wzmocnione XL<\/p>\n","protected":false},"featured_media":12821,"template":"","meta":{"_uag_custom_page_level_css":""},"product_brand":[396],"product_cat":[416,414,413,412],"product_tag":[],"class_list":{"0":"post-12820","1":"product","2":"type-product","3":"status-publish","4":"has-post-thumbnail","6":"product_brand-continental","7":"product_cat-caloroczne","8":"product_cat-do-samochodow-osobowych-i-suv","9":"product_cat-opony","10":"product_cat-opony-i-felgi","12":"first","13":"instock","14":"shipping-taxable","15":"purchasable","16":"product-type-simple"},"uagb_featured_image_src":{"full":["https:\/\/oponixo.shop\/tire\/wp-content\/uploads\/2026\/01\/allegro-image-12820.jpg",457,600,false],"thumbnail":["https:\/\/oponixo.shop\/tire\/wp-content\/uploads\/2026\/01\/allegro-image-12820-150x150.jpg",150,150,true],"medium":["https:\/\/oponixo.shop\/tire\/wp-content\/uploads\/2026\/01\/allegro-image-12820-229x300.jpg",229,300,true],"medium_large":["https:\/\/oponixo.shop\/tire\/wp-content\/uploads\/2026\/01\/allegro-image-12820.jpg",457,600,false],"large":["https:\/\/oponixo.shop\/tire\/wp-content\/uploads\/2026\/01\/allegro-image-12820.jpg",457,600,false],"1536x1536":["https:\/\/oponixo.shop\/tire\/wp-content\/uploads\/2026\/01\/allegro-image-12820.jpg",457,600,false],"2048x2048":["https:\/\/oponixo.shop\/tire\/wp-content\/uploads\/2026\/01\/allegro-image-12820.jpg",457,600,false],"woocommerce_thumbnail":["https:\/\/oponixo.shop\/tire\/wp-content\/uploads\/2026\/01\/allegro-image-12820-300x300.jpg",300,300,true],"woocommerce_single":["https:\/\/oponixo.shop\/tire\/wp-content\/uploads\/2026\/01\/allegro-image-12820.jpg",457,600,false],"woocommerce_gallery_thumbnail":["https:\/\/oponixo.shop\/tire\/wp-content\/uploads\/2026\/01\/allegro-image-12820-100x100.jpg",100,100,true]},"uagb_author_info":{"display_name":"admin","author_link":"https:\/\/oponixo.shop\/tire\/author\/"},"uagb_comment_info":0,"uagb_excerpt":"zestaw 2 sztuk nowych opon ca\u0142orocznych Continental AllSeasonContact 2 265\/35R21 101Y XL FR Continental AllSeasonContact 2 to opony ca\u0142oroczne przeznaczone do samochod\u00f3w osobowych oraz suv-\u00f3w. Oryginalny produkt klasy premium renomowanej marki Continental. Bezkompromisowa jako\u015b\u0107. rok produkcji: nie starsze ni\u017c 2024 opony nowe, oryginalne, z gwarancj\u0105 produkowane w Europie FR - opony posiadaj\u0105 rant chroni\u0105cy felg\u0119&hellip;","_links":{"self":[{"href":"https:\/\/oponixo.shop\/tire\/wp-json\/wp\/v2\/product\/12820","targetHints":{"allow":["GET"]}}],"collection":[{"href":"https:\/\/oponixo.shop\/tire\/wp-json\/wp\/v2\/product"}],"about":[{"href":"https:\/\/oponixo.shop\/tire\/wp-json\/wp\/v2\/types\/product"}],"wp:featuredmedia":[{"embeddable":true,"href":"https:\/\/oponixo.shop\/tire\/wp-json\/wp\/v2\/media\/12821"}],"wp:attachment":[{"href":"https:\/\/oponixo.shop\/tire\/wp-json\/wp\/v2\/media?parent=12820"}],"wp:term":[{"taxonomy":"product_brand","embeddable":true,"href":"https:\/\/oponixo.shop\/tire\/wp-json\/wp\/v2\/product_brand?post=12820"},{"taxonomy":"product_cat","embeddable":true,"href":"https:\/\/oponixo.shop\/tire\/wp-json\/wp\/v2\/product_cat?post=12820"},{"taxonomy":"product_tag","embeddable":true,"href":"https:\/\/oponixo.shop\/tire\/wp-json\/wp\/v2\/product_tag?post=12820"}],"curies":[{"name":"wp","href":"https:\/\/api.w.org\/{rel}","templated":true}]}}