{"id":12824,"date":"2026-01-04T14:39:35","date_gmt":"2026-01-04T13:39:35","guid":{"rendered":"https:\/\/oponyexpert.shop\/xef5\/produkt\/2x-opony-zimowe-195-55r17-continental-contiwintercontact-ts-830-p-88h\/"},"modified":"2026-01-04T14:39:35","modified_gmt":"2026-01-04T13:39:35","slug":"2x-opony-zimowe-195-55r17-continental-contiwintercontact-ts-830-p-88h","status":"publish","type":"product","link":"https:\/\/oponixo.shop\/tire\/produkt\/2x-opony-zimowe-195-55r17-continental-contiwintercontact-ts-830-p-88h\/","title":{"rendered":"2x opony zimowe 195\/55R17 Continental Contiwintercontact TS 830 P * 88H"},"content":{"rendered":"<div style=\"font-family: Arial, sans-serif; line-height: 1.6; color: #333; padding: 20px; clear: both; display: block; width: 100%; float: none; position: static; overflow: hidden;\">\n<div style=\"clear: both; display: block; margin: 10px 0;\">\n<div style=\"clear: both; display: block; margin: 10px 0;\">\n<div style=\"clear: both; display: block; margin: 10px 0;\">\n<h1>2x opony zimowe 195\/55R17 Continental Contiwintercontact TS 830 P * 88H  &#8211; zima<\/h1>\n<\/div>\n<\/div>\n<\/div>\n<div style=\"clear: both; display: block; margin: 10px 0;\">\n<div style=\"clear: both; display: block; margin: 10px 0;\">\n<div style=\"clear: both; display: block; margin: 10px 0;\">\n<div  style=\"max-width:800px;max-height:800px\">\n<div style=\"clear: both; display: block; margin: 10px 0;\">\n<div style=\"clear: both; width: 100%; display: block; margin: 20px 0; padding: 0; float: none; position: static; text-align: center;\"><img decoding=\"async\"  src=\"https:\/\/a.allegroimg.com\/original\/1123d0\/5d2a10824dd4b97bac013c8c87be\/2x-opony-zimowe-195-55R17-Continental-Contiwintercontact-TS-830-P-88H\" srcset=\"https:\/\/a.allegroimg.com\/original\/1123d0\/5d2a10824dd4b97bac013c8c87be\/2x-opony-zimowe-195-55R17-Continental-Contiwintercontact-TS-830-P-88H 360w,https:\/\/a.allegroimg.com\/original\/1123d0\/5d2a10824dd4b97bac013c8c87be\/2x-opony-zimowe-195-55R17-Continental-Contiwintercontact-TS-830-P-88H 720w,https:\/\/a.allegroimg.com\/original\/1123d0\/5d2a10824dd4b97bac013c8c87be\/2x-opony-zimowe-195-55R17-Continental-Contiwintercontact-TS-830-P-88H 800w,https:\/\/a.allegroimg.com\/original\/1123d0\/5d2a10824dd4b97bac013c8c87be\/2x-opony-zimowe-195-55R17-Continental-Contiwintercontact-TS-830-P-88H 800w\" sizes=\"(min-width: 1200px) 560px, (min-width: 992px) 50vw, 100vw\" width=\"800px\" alt=\"2x opony zimowe 195\/55R17 Continental Contiwintercontact TS 830 P * 88H\"\/ style=\"max-width: 100%; height: auto; display: block; margin: 0 auto;\"><\/div>\n<\/div>\n<\/div>\n<\/div>\n<\/div>\n<div style=\"clear: both; display: block; margin: 10px 0;\">\n<div style=\"clear: both; display: block; margin: 10px 0;\">\n<ul style=\"margin: 15px 0; padding-left: 20px; clear: both; display: block; width: 100%; float: none; position: static;\">\n<li style=\"margin: 5px 0; padding: 2px 0; clear: both; display: list-item; float: none; position: static;\"><b>Liczba opon w ofercie:<\/b> 2 szt.<\/li>\n<li style=\"margin: 5px 0; padding: 2px 0; clear: both; display: list-item; float: none; position: static;\"><b>Stan: <\/b>Nowy<\/li>\n<li style=\"margin: 5px 0; padding: 2px 0; clear: both; display: list-item; float: none; position: static;\"><b>Wysoko\u015b\u0107:<\/b> 55<\/li>\n<li style=\"margin: 5px 0; padding: 2px 0; clear: both; display: list-item; float: none; position: static;\"><b>\u015arednica:<\/b> 17<\/li>\n<li style=\"margin: 5px 0; padding: 2px 0; clear: both; display: list-item; float: none; position: static;\"><b>Szeroko\u015b\u0107:<\/b> 195<\/li>\n<li style=\"margin: 5px 0; padding: 2px 0; clear: both; display: list-item; float: none; position: static;\"><b>Marka: <\/b>CONTINENTAL<\/li>\n<li style=\"margin: 5px 0; padding: 2px 0; clear: both; display: list-item; float: none; position: static;\"><b>Model: <\/b>ContiWinterContact TS 830 P *<\/li>\n<li style=\"margin: 5px 0; padding: 2px 0; clear: both; display: list-item; float: none; position: static;\"><b>Sezon:<\/b> zima<\/li>\n<li style=\"margin: 5px 0; padding: 2px 0; clear: both; display: list-item; float: none; position: static;\"><b>Indeks no\u015bno\u015bci:<\/b> 88<\/li>\n<li style=\"margin: 5px 0; padding: 2px 0; clear: both; display: list-item; float: none; position: static;\"><b>Indeks pr\u0119dko\u015bci:<\/b> H<\/li>\n<li style=\"margin: 5px 0; padding: 2px 0; clear: both; display: list-item; float: none; position: static;\"><b>Rok produkcji (DOT):<\/b> 2020<\/li>\n<li style=\"margin: 5px 0; padding: 2px 0; clear: both; display: list-item; float: none; position: static;\"><b>Ha\u0142as zewn\u0119trzny:<\/b> 72<\/li>\n<li style=\"margin: 5px 0; padding: 2px 0; clear: both; display: list-item; float: none; position: static;\"><b>Efektywno\u015b\u0107 energetyczna:<\/b> D<\/li>\n<li style=\"margin: 5px 0; padding: 2px 0; clear: both; display: list-item; float: none; position: static;\"><b>Przyczepno\u015b\u0107 na mokrej nawierzchni:<\/b> D<\/li>\n<\/ul>\n<\/div>\n<\/div>\n<\/div>\n<div style=\"clear: both; display: block; margin: 10px 0;\">\n<div style=\"clear: both; display: block; margin: 10px 0;\">\n<div style=\"clear: both; display: block; margin: 10px 0;\">\n<div  style=\"max-width:600px;max-height:200px\">\n<div style=\"clear: both; display: block; margin: 10px 0;\">\n<div style=\"clear: both; width: 100%; display: block; margin: 20px 0; padding: 0; float: none; position: static; text-align: center;\"><img decoding=\"async\"  src=\"https:\/\/a.allegroimg.com\/original\/11103d\/fd4e9ad640ad9bc5109fe3dd76f0\/2x-opony-zimowe-195-55R17-Continental-Contiwintercontact-TS-830-P-88H-Liczba-opon-w-ofercie-2-szt\" srcset=\"https:\/\/a.allegroimg.com\/original\/11103d\/fd4e9ad640ad9bc5109fe3dd76f0\/2x-opony-zimowe-195-55R17-Continental-Contiwintercontact-TS-830-P-88H-Liczba-opon-w-ofercie-2-szt 360w,https:\/\/a.allegroimg.com\/original\/11103d\/fd4e9ad640ad9bc5109fe3dd76f0\/2x-opony-zimowe-195-55R17-Continental-Contiwintercontact-TS-830-P-88H-Liczba-opon-w-ofercie-2-szt 600w,https:\/\/a.allegroimg.com\/original\/11103d\/fd4e9ad640ad9bc5109fe3dd76f0\/2x-opony-zimowe-195-55R17-Continental-Contiwintercontact-TS-830-P-88H-Liczba-opon-w-ofercie-2-szt 600w\" sizes=\"100vw\" width=\"600px\" alt=\"2x opony zimowe 195\/55R17 Continental Contiwintercontact TS 830 P * 88H Liczba opon w ofercie 2 szt.\"\/ style=\"max-width: 100%; height: auto; display: block; margin: 0 auto;\"><\/div>\n<\/div>\n<\/div>\n<\/div>\n<\/div>\n<\/div>\n<div style=\"clear: both; display: block; margin: 10px 0;\">\n<div style=\"clear: both; display: block; margin: 10px 0;\">\n<div style=\"clear: both; display: block; margin: 10px 0;\">\n<div  style=\"max-width:256px;max-height:375px\">\n<div style=\"clear: both; display: block; margin: 10px 0;\">\n<div style=\"clear: both; width: 100%; display: block; margin: 20px 0; padding: 0; float: none; position: static; text-align: center;\"><img decoding=\"async\"  src=\"https:\/\/a.allegroimg.com\/original\/113eea\/a4b20a864232b23ebd21de1bd4fc\/2x-opony-zimowe-195-55R17-Continental-Contiwintercontact-TS-830-P-88H-Rok-produkcji-2020\" srcset=\"https:\/\/a.allegroimg.com\/original\/113eea\/a4b20a864232b23ebd21de1bd4fc\/2x-opony-zimowe-195-55R17-Continental-Contiwintercontact-TS-830-P-88H-Rok-produkcji-2020 245w,https:\/\/a.allegroimg.com\/original\/113eea\/a4b20a864232b23ebd21de1bd4fc\/2x-opony-zimowe-195-55R17-Continental-Contiwintercontact-TS-830-P-88H-Rok-produkcji-2020 256w,https:\/\/a.allegroimg.com\/original\/113eea\/a4b20a864232b23ebd21de1bd4fc\/2x-opony-zimowe-195-55R17-Continental-Contiwintercontact-TS-830-P-88H-Rok-produkcji-2020 256w\" sizes=\"(min-width: 1200px) 560px, (min-width: 992px) 50vw, 100vw\" width=\"256px\" alt=\"2x opony zimowe 195\/55R17 Continental Contiwintercontact TS 830 P * 88H Rok produkcji 2020\"\/ style=\"max-width: 100%; height: auto; display: block; margin: 0 auto;\"><\/div>\n<\/div>\n<\/div>\n<\/div>\n<\/div>\n<div style=\"clear: both; display: block; margin: 10px 0;\">\n<div style=\"clear: both; display: block; margin: 10px 0;\">\n<ul style=\"margin: 15px 0; padding-left: 20px; clear: both; display: block; width: 100%; float: none; position: static;\">\n<li style=\"margin: 5px 0; padding: 2px 0; clear: both; display: list-item; float: none; position: static;\">Efektywno\u015b\u0107 energetyczna \/ op\u00f3r toczenia (oszcz\u0119dno\u015b\u0107)<\/li>\n<\/ul>\n<p style=\"margin: 15px 0; line-height: 1.8; clear: both; display: block; width: 100%; float: none; position: static;\">Przez odkszta\u0142canie si\u0119 opony i tarcie podczas jazdy powstaj\u0105 straty energii czyli op\u00f3r toczenia. Opona o mniejszym oporze toczenia zu\u017cywa mniej energii, dzi\u0119ki czemu spalamy mniej paliwa i mniej spalin trafia do atmosfery.<\/p>\n<ul style=\"margin: 15px 0; padding-left: 20px; clear: both; display: block; width: 100%; float: none; position: static;\">\n<li style=\"margin: 5px 0; padding: 2px 0; clear: both; display: list-item; float: none; position: static;\">Przyczepno\u015b\u0107 na mokrej nawierzchni<\/li>\n<\/ul>\n<p style=\"margin: 15px 0; line-height: 1.8; clear: both; display: block; width: 100%; float: none; position: static;\">Ten parametr ma kluczowe znaczenie je\u015bli chodzi o bezpiecze\u0144stwo jazdy. Mierzy si\u0119 go w metrach od momentu rozpocz\u0119cia hamowania do zatrzymania pojazdu. R\u00f3\u017cnica mi\u0119dzy ocenami A a F wynosi ponad 18 metr\u00f3w d\u0142ugo\u015bci hamowania dla samochod\u00f3w osobowych przy pr\u0119dko\u015bci 80 km\/h.<\/p>\n<ul style=\"margin: 15px 0; padding-left: 20px; clear: both; display: block; width: 100%; float: none; position: static;\">\n<li style=\"margin: 5px 0; padding: 2px 0; clear: both; display: list-item; float: none; position: static;\">Zewn\u0119trzny ha\u0142as toczenia<\/li>\n<\/ul>\n<p style=\"margin: 15px 0; line-height: 1.8; clear: both; display: block; width: 100%; float: none; position: static;\">To ha\u0142as generowany przez opony w ruchu, mierzony w decybelach. Im na symbolu wi\u0119cej czarnych pask\u00f3w, tym g\u0142o\u015bniejsza jest opona. Im cichsza opona, tym bardziej jest ona przyjazna dla \u015brodowiska.<\/p>\n<\/div>\n<\/div>\n<\/div>\n<\/div>\n<\/div>\n<\/div>\n<div style=\"clear: both; display: block; margin: 10px 0;\">\n","protected":false},"excerpt":{"rendered":"<p>2x opony zimowe 195\/55R17 Continental Contiwintercontact TS 830 P * 88H &#8211; zima<\/p>\n<p>Liczba opon w ofercie: 2 szt.<\/p>\n<p>Stan: Nowy<\/p>\n<p>Wysoko\u015b\u0107: 55<\/p>\n<p>\u015arednica: 17<\/p>\n<p>Szeroko\u015b\u0107: 195<\/p>\n<p>Marka: CONTINENTAL<\/p>\n<p>Model: ContiWinterContact TS 830 P *<\/p>\n","protected":false},"featured_media":12825,"template":"","meta":{"_uag_custom_page_level_css":""},"product_brand":[396],"product_cat":[414,418,413,412],"product_tag":[],"class_list":{"0":"post-12824","1":"product","2":"type-product","3":"status-publish","4":"has-post-thumbnail","6":"product_brand-continental","7":"product_cat-do-samochodow-osobowych-i-suv","8":"product_cat-letnie","9":"product_cat-opony","10":"product_cat-opony-i-felgi","12":"first","13":"instock","14":"shipping-taxable","15":"purchasable","16":"product-type-simple"},"uagb_featured_image_src":{"full":["https:\/\/oponixo.shop\/tire\/wp-content\/uploads\/2026\/01\/allegro-image-12824.jpg",800,800,false],"thumbnail":["https:\/\/oponixo.shop\/tire\/wp-content\/uploads\/2026\/01\/allegro-image-12824-150x150.jpg",150,150,true],"medium":["https:\/\/oponixo.shop\/tire\/wp-content\/uploads\/2026\/01\/allegro-image-12824-300x300.jpg",300,300,true],"medium_large":["https:\/\/oponixo.shop\/tire\/wp-content\/uploads\/2026\/01\/allegro-image-12824-768x768.jpg",768,768,true],"large":["https:\/\/oponixo.shop\/tire\/wp-content\/uploads\/2026\/01\/allegro-image-12824.jpg",800,800,false],"1536x1536":["https:\/\/oponixo.shop\/tire\/wp-content\/uploads\/2026\/01\/allegro-image-12824.jpg",800,800,false],"2048x2048":["https:\/\/oponixo.shop\/tire\/wp-content\/uploads\/2026\/01\/allegro-image-12824.jpg",800,800,false],"woocommerce_thumbnail":["https:\/\/oponixo.shop\/tire\/wp-content\/uploads\/2026\/01\/allegro-image-12824-300x300.jpg",300,300,true],"woocommerce_single":["https:\/\/oponixo.shop\/tire\/wp-content\/uploads\/2026\/01\/allegro-image-12824-600x600.jpg",600,600,true],"woocommerce_gallery_thumbnail":["https:\/\/oponixo.shop\/tire\/wp-content\/uploads\/2026\/01\/allegro-image-12824-100x100.jpg",100,100,true]},"uagb_author_info":{"display_name":"admin","author_link":"https:\/\/oponixo.shop\/tire\/author\/"},"uagb_comment_info":0,"uagb_excerpt":"2x opony zimowe 195\/55R17 Continental Contiwintercontact TS 830 P * 88H - zima Liczba opon w ofercie: 2 szt. Stan: Nowy Wysoko\u015b\u0107: 55 \u015arednica: 17 Szeroko\u015b\u0107: 195 Marka: CONTINENTAL Model: ContiWinterContact TS 830 P *","_links":{"self":[{"href":"https:\/\/oponixo.shop\/tire\/wp-json\/wp\/v2\/product\/12824","targetHints":{"allow":["GET"]}}],"collection":[{"href":"https:\/\/oponixo.shop\/tire\/wp-json\/wp\/v2\/product"}],"about":[{"href":"https:\/\/oponixo.shop\/tire\/wp-json\/wp\/v2\/types\/product"}],"wp:featuredmedia":[{"embeddable":true,"href":"https:\/\/oponixo.shop\/tire\/wp-json\/wp\/v2\/media\/12825"}],"wp:attachment":[{"href":"https:\/\/oponixo.shop\/tire\/wp-json\/wp\/v2\/media?parent=12824"}],"wp:term":[{"taxonomy":"product_brand","embeddable":true,"href":"https:\/\/oponixo.shop\/tire\/wp-json\/wp\/v2\/product_brand?post=12824"},{"taxonomy":"product_cat","embeddable":true,"href":"https:\/\/oponixo.shop\/tire\/wp-json\/wp\/v2\/product_cat?post=12824"},{"taxonomy":"product_tag","embeddable":true,"href":"https:\/\/oponixo.shop\/tire\/wp-json\/wp\/v2\/product_tag?post=12824"}],"curies":[{"name":"wp","href":"https:\/\/api.w.org\/{rel}","templated":true}]}}