{"id":12848,"date":"2026-01-04T14:40:06","date_gmt":"2026-01-04T13:40:06","guid":{"rendered":"https:\/\/oponyexpert.shop\/xef5\/produkt\/2x-barum-225-70r16-103t-polaris-3-4x4\/"},"modified":"2026-01-04T14:40:08","modified_gmt":"2026-01-04T13:40:08","slug":"2x-barum-225-70r16-103t-polaris-3-4x4","status":"publish","type":"product","link":"https:\/\/oponixo.shop\/tire\/produkt\/2x-barum-225-70r16-103t-polaris-3-4x4\/","title":{"rendered":"2x BARUM 225\/70R16 103T Polaris 3 4&#215;4"},"content":{"rendered":"<div style=\"font-family: Arial, sans-serif; line-height: 1.6; color: #333; padding: 20px; clear: both; display: block; width: 100%; float: none; position: static; overflow: hidden;\">\n<div style=\"clear: both; display: block; margin: 10px 0;\">\n<div style=\"clear: both; display: block; margin: 10px 0;\">\n<div style=\"clear: both; display: block; margin: 10px 0;\">\n<div  style=\"max-width:2560px;max-height:1396px\">\n<div style=\"clear: both; display: block; margin: 10px 0;\">\n<div style=\"clear: both; width: 100%; display: block; margin: 20px 0; padding: 0; float: none; position: static; text-align: center;\"><img decoding=\"async\"  src=\"https:\/\/a.allegroimg.com\/original\/119282\/0874dbcb4d4e9bf6e8324f19dbe1\/2x-BARUM-225-70R16-103T-Polaris-3-4x4\" srcset=\"https:\/\/a.allegroimg.com\/original\/119282\/0874dbcb4d4e9bf6e8324f19dbe1\/2x-BARUM-225-70R16-103T-Polaris-3-4x4 360w,https:\/\/a.allegroimg.com\/original\/119282\/0874dbcb4d4e9bf6e8324f19dbe1\/2x-BARUM-225-70R16-103T-Polaris-3-4x4 720w,https:\/\/a.allegroimg.com\/original\/119282\/0874dbcb4d4e9bf6e8324f19dbe1\/2x-BARUM-225-70R16-103T-Polaris-3-4x4 1024w,https:\/\/a.allegroimg.com\/original\/119282\/0874dbcb4d4e9bf6e8324f19dbe1\/2x-BARUM-225-70R16-103T-Polaris-3-4x4 1440w,https:\/\/a.allegroimg.com\/original\/119282\/0874dbcb4d4e9bf6e8324f19dbe1\/2x-BARUM-225-70R16-103T-Polaris-3-4x4 2560w\" sizes=\"(min-width: 1200px) 560px, (min-width: 992px) 50vw, 100vw\" width=\"2560px\" alt=\"2x BARUM 225\/70R16 103T Polaris 3 4x4\"\/ style=\"max-width: 100%; height: auto; display: block; margin: 0 auto;\"><\/div>\n<\/div>\n<\/div>\n<\/div>\n<\/div>\n<div style=\"clear: both; display: block; margin: 10px 0;\">\n<div style=\"clear: both; display: block; margin: 10px 0;\">\n<h2>Oferuj\u0119 nowe opony zimowe:<\/h2>\n<h3 style=\"color: #2c5aa0; font-size: 18px; margin: 30px 0 15px 0; font-weight: bold; clear: both; display: block; width: 100%; float: none; position: static;\">BARUM 225\/70R16 103T Polaris 3 4&#215;4<\/h3>\n<ul style=\"margin: 15px 0; padding-left: 20px; clear: both; display: block; width: 100%; float: none; position: static;\">\n<li style=\"margin: 5px 0; padding: 2px 0; clear: both; display: list-item; float: none; position: static;\"><b>Indeks Pr\u0119dko\u015bci: T do 190 km\/h<\/b><\/li>\n<li style=\"margin: 5px 0; padding: 2px 0; clear: both; display: list-item; float: none; position: static;\"><b>Indeks No\u015bno\u015bci: 103 &#8211; 875 kg<\/b><\/li>\n<li style=\"margin: 5px 0; padding: 2px 0; clear: both; display: list-item; float: none; position: static;\">Rok produkcji:&nbsp;<b>2022<\/b><\/li>\n<li style=\"margin: 5px 0; padding: 2px 0; clear: both; display: list-item; float: none; position: static;\">Cena za 2 sztuki<\/li>\n<li style=\"margin: 5px 0; padding: 2px 0; clear: both; display: list-item; float: none; position: static;\"><b>Zdj\u0119cia przedstawiaj\u0105 sprzedawany przez nas przedmiot (real foto)<\/b><\/li>\n<\/ul>\n<\/div>\n<\/div>\n<\/div>\n<div style=\"clear: both; display: block; margin: 10px 0;\">\n<div style=\"clear: both; display: block; margin: 10px 0;\">\n<div style=\"clear: both; display: block; margin: 10px 0;\">\n<div  style=\"max-width:2560px;max-height:1396px\">\n<div style=\"clear: both; display: block; margin: 10px 0;\">\n<div style=\"clear: both; width: 100%; display: block; margin: 20px 0; padding: 0; float: none; position: static; text-align: center;\"><img decoding=\"async\"  src=\"https:\/\/a.allegroimg.com\/original\/119282\/0874dbcb4d4e9bf6e8324f19dbe1\/2x-BARUM-225-70R16-103T-Polaris-3-4x4\" srcset=\"https:\/\/a.allegroimg.com\/original\/119282\/0874dbcb4d4e9bf6e8324f19dbe1\/2x-BARUM-225-70R16-103T-Polaris-3-4x4 360w,https:\/\/a.allegroimg.com\/original\/119282\/0874dbcb4d4e9bf6e8324f19dbe1\/2x-BARUM-225-70R16-103T-Polaris-3-4x4 720w,https:\/\/a.allegroimg.com\/original\/119282\/0874dbcb4d4e9bf6e8324f19dbe1\/2x-BARUM-225-70R16-103T-Polaris-3-4x4 1024w,https:\/\/a.allegroimg.com\/original\/119282\/0874dbcb4d4e9bf6e8324f19dbe1\/2x-BARUM-225-70R16-103T-Polaris-3-4x4 1440w,https:\/\/a.allegroimg.com\/original\/119282\/0874dbcb4d4e9bf6e8324f19dbe1\/2x-BARUM-225-70R16-103T-Polaris-3-4x4 2560w\" sizes=\"100vw\" width=\"2560px\" alt=\"2x BARUM 225\/70R16 103T Polaris 3 4x4\"\/ style=\"max-width: 100%; height: auto; display: block; margin: 0 auto;\"><\/div>\n<\/div>\n<\/div>\n<\/div>\n<\/div>\n<\/div>\n<\/div>\n<\/div>\n<\/div>\n<div style=\"clear: both; display: block; margin: 10px 0;\">\n","protected":false},"excerpt":{"rendered":"<p>Oferuj\u0119 nowe opony zimowe:<\/p>\n<p>BARUM 225\/70R16 103T Polaris 3 4&#215;4<\/p>\n<p>Indeks Pr\u0119dko\u015bci: T do 190 km\/h<\/p>\n<p>Indeks No\u015bno\u015bci: 103 &#8211; 875 kg<\/p>\n<p>Rok produkcji:&nbsp;2022<\/p>\n<p>Cena za 2 sztuki<\/p>\n<p>Zdj\u0119cia przedstawiaj\u0105 sprzedawany przez nas przedmiot (real foto)<\/p>\n","protected":false},"featured_media":12849,"template":"","meta":{"_uag_custom_page_level_css":""},"product_brand":[386],"product_cat":[414,413,412,415],"product_tag":[],"class_list":{"0":"post-12848","1":"product","2":"type-product","3":"status-publish","4":"has-post-thumbnail","6":"product_brand-barum","7":"product_cat-do-samochodow-osobowych-i-suv","8":"product_cat-opony","9":"product_cat-opony-i-felgi","10":"product_cat-zimowe","12":"first","13":"instock","14":"shipping-taxable","15":"purchasable","16":"product-type-simple"},"uagb_featured_image_src":{"full":["https:\/\/oponixo.shop\/tire\/wp-content\/uploads\/2026\/01\/allegro-image-12848.jpg",2560,1396,false],"thumbnail":["https:\/\/oponixo.shop\/tire\/wp-content\/uploads\/2026\/01\/allegro-image-12848-150x150.jpg",150,150,true],"medium":["https:\/\/oponixo.shop\/tire\/wp-content\/uploads\/2026\/01\/allegro-image-12848-300x164.jpg",300,164,true],"medium_large":["https:\/\/oponixo.shop\/tire\/wp-content\/uploads\/2026\/01\/allegro-image-12848-768x419.jpg",768,419,true],"large":["https:\/\/oponixo.shop\/tire\/wp-content\/uploads\/2026\/01\/allegro-image-12848-1024x558.jpg",1024,558,true],"1536x1536":["https:\/\/oponixo.shop\/tire\/wp-content\/uploads\/2026\/01\/allegro-image-12848-1536x838.jpg",1536,838,true],"2048x2048":["https:\/\/oponixo.shop\/tire\/wp-content\/uploads\/2026\/01\/allegro-image-12848-2048x1117.jpg",2048,1117,true],"woocommerce_thumbnail":["https:\/\/oponixo.shop\/tire\/wp-content\/uploads\/2026\/01\/allegro-image-12848-300x300.jpg",300,300,true],"woocommerce_single":["https:\/\/oponixo.shop\/tire\/wp-content\/uploads\/2026\/01\/allegro-image-12848-600x327.jpg",600,327,true],"woocommerce_gallery_thumbnail":["https:\/\/oponixo.shop\/tire\/wp-content\/uploads\/2026\/01\/allegro-image-12848-100x100.jpg",100,100,true]},"uagb_author_info":{"display_name":"admin","author_link":"https:\/\/oponixo.shop\/tire\/author\/"},"uagb_comment_info":0,"uagb_excerpt":"Oferuj\u0119 nowe opony zimowe: BARUM 225\/70R16 103T Polaris 3 4x4 Indeks Pr\u0119dko\u015bci: T do 190 km\/h Indeks No\u015bno\u015bci: 103 - 875 kg Rok produkcji:&nbsp;2022 Cena za 2 sztuki Zdj\u0119cia przedstawiaj\u0105 sprzedawany przez nas przedmiot (real foto)","_links":{"self":[{"href":"https:\/\/oponixo.shop\/tire\/wp-json\/wp\/v2\/product\/12848","targetHints":{"allow":["GET"]}}],"collection":[{"href":"https:\/\/oponixo.shop\/tire\/wp-json\/wp\/v2\/product"}],"about":[{"href":"https:\/\/oponixo.shop\/tire\/wp-json\/wp\/v2\/types\/product"}],"wp:featuredmedia":[{"embeddable":true,"href":"https:\/\/oponixo.shop\/tire\/wp-json\/wp\/v2\/media\/12849"}],"wp:attachment":[{"href":"https:\/\/oponixo.shop\/tire\/wp-json\/wp\/v2\/media?parent=12848"}],"wp:term":[{"taxonomy":"product_brand","embeddable":true,"href":"https:\/\/oponixo.shop\/tire\/wp-json\/wp\/v2\/product_brand?post=12848"},{"taxonomy":"product_cat","embeddable":true,"href":"https:\/\/oponixo.shop\/tire\/wp-json\/wp\/v2\/product_cat?post=12848"},{"taxonomy":"product_tag","embeddable":true,"href":"https:\/\/oponixo.shop\/tire\/wp-json\/wp\/v2\/product_tag?post=12848"}],"curies":[{"name":"wp","href":"https:\/\/api.w.org\/{rel}","templated":true}]}}