{"id":12969,"date":"2026-01-04T14:42:44","date_gmt":"2026-01-04T13:42:44","guid":{"rendered":"https:\/\/oponyexpert.shop\/xef5\/produkt\/2x-continental-295-40r20-wintercontact-ts-860-s-110w-fr-mgt\/"},"modified":"2026-01-04T14:42:44","modified_gmt":"2026-01-04T13:42:44","slug":"2x-continental-295-40r20-wintercontact-ts-860-s-110w-fr-mgt","status":"publish","type":"product","link":"https:\/\/oponixo.shop\/tire\/produkt\/2x-continental-295-40r20-wintercontact-ts-860-s-110w-fr-mgt\/","title":{"rendered":"2x Continental 295\/40R20 WINTERCONTACT TS 860 S 110W FR MGT"},"content":{"rendered":"<div style=\"font-family: Arial, sans-serif; line-height: 1.6; color: #333; padding: 20px; clear: both; display: block; width: 100%; float: none; position: static; overflow: hidden;\">\n<div style=\"clear: both; display: block; margin: 10px 0;\">\n<div style=\"clear: both; display: block; margin: 10px 0;\">\n<div style=\"clear: both; display: block; margin: 10px 0;\">\n<h2>Opona zimowa Continental WINTERCONTACT TS 860 S 295\/40R20 110W XL FR MGT<\/h2>\n<p style=\"margin: 15px 0; line-height: 1.8; clear: both; display: block; width: 100%; float: none; position: static;\"><b>Continental WinterContact TS 860 S<\/b> to opona zimowa klasy premium. Jest dedykowana do samochod\u00f3w osobowych.<\/p>\n<p style=\"margin: 15px 0; line-height: 1.8; clear: both; display: block; width: 100%; float: none; position: static;\">Opona posiada asymetryczny wz\u00f3r bie\u017cnika. Takie rozwi\u0105zanie i podzielenie bie\u017cnika na 2 strefy pozwala na osi\u0105gni\u0119cie niezb\u0119dnych osi\u0105g\u00f3w.<\/p>\n<p style=\"margin: 15px 0; line-height: 1.8; clear: both; display: block; width: 100%; float: none; position: static;\">Szerokie rowki obwodowe maj\u0105 za zadanie szybko odprowadza\u0107 wod\u0119 i b\u0142oto po\u015bniegowe. Ich kszta\u0142t zapewnia r\u00f3wnie\u017c \u201ezaz\u0119bianie si\u0119\u201d ze \u015bniegiem. Takie rozwi\u0105zanie zapewnia odpowiednie hamowanie oraz przyczepno\u015b\u0107 na za\u015bnie\u017conej oraz mokrej nawierzchni.<\/p>\n<p style=\"margin: 15px 0; line-height: 1.8; clear: both; display: block; width: 100%; float: none; position: static;\">Sztywna konstrukcja opony z solidnymi klockami bie\u017cnika odpowiada za stabiln\u0105 i pewn\u0105 jazd\u0119 oraz bardzo dobr\u0105 trakcj\u0119.<\/p>\n<p style=\"margin: 15px 0; line-height: 1.8; clear: both; display: block; width: 100%; float: none; position: static;\">Szerokie klocki barkowe pozwalaj\u0105 kontrolowa\u0107 tor jazdy w ka\u017cdych warunkach oraz zapewniaj\u0105 szybko\u015b\u0107 oraz dok\u0142adno\u015b\u0107 manewr\u00f3w.<\/p>\n<p style=\"margin: 15px 0; line-height: 1.8; clear: both; display: block; width: 100%; float: none; position: static;\">Nowoczesna mieszanka gumowa bogata w krzemionk\u0119 zachowuje odpowiedni\u0105 elastyczno\u015b\u0107 przy niskich temperaturach.<\/p>\n<p style=\"margin: 15px 0; line-height: 1.8; clear: both; display: block; width: 100%; float: none; position: static;\">Zoptymalizowany wz\u00f3r bie\u017cnika powoduje, \u017ce jazda jest pewna i komfortowa.<\/p>\n<p style=\"margin: 15px 0; line-height: 1.8; clear: both; display: block; width: 100%; float: none; position: static;\"><b>Continental WinterContact TS 860 S<\/b> to opona dla kierowc\u00f3w, kt\u00f3rzy wymagaj\u0105 najlepszych osi\u0105g\u00f3w i najwy\u017cszej jako\u015bci wykonania.<\/p>\n<p style=\"margin: 15px 0; line-height: 1.8; clear: both; display: block; width: 100%; float: none; position: static;\"><b>Co trzeci nowo wyprodukowany samoch\u00f3d wyje\u017cd\u017ca z salonu na poziomach Contnental. Continental na pierwszy monta\u017c dostarcza opony takim koncernom jak: <\/b>Volkswagen, BMW, Audi, Alfa Romeo, Jaguar, Land Rover, Maserati, Mercedes, Porsche, Polestar, Tesla, Volvo, Rolls-Royce, Renault, Hyundai.\u00a0<\/p>\n<p style=\"margin: 15px 0; line-height: 1.8; clear: both; display: block; width: 100%; float: none; position: static;\">Firma Continental powsta\u0142 w Hanover w 1871 roku jako sp\u00f3\u0142ka akcyjna &#8222;Continental-Caoutchouc- und Gutta-Percha Compagnie&#8221;. Produkcja w g\u0142\u00f3wnej fabryce w Hanover obejmowa\u0142a mi\u0119kkie wyroby gumowe, gumowane tkaniny i solidne opony do w\u00f3zk\u00f3w i rower\u00f3w.<\/p>\n<p style=\"margin: 15px 0; line-height: 1.8; clear: both; display: block; width: 100%; float: none; position: static;\"><b>Producenci wchodz\u0105cy w sk\u0142ad Grupy Bridgestone:<\/b> Barum, Semperit, Uniroyal, Viking, General Tire, Matador.\u00a0\u00a0<\/p>\n<p style=\"margin: 15px 0; line-height: 1.8; clear: both; display: block; width: 100%; float: none; position: static;\">Dzisiaj Continental jest jednym z pi\u0119ciu najwi\u0119kszych dostawc\u00f3w motoryzacyjnych na \u015bwiecie. Jako dostawca uk\u0142ad\u00f3w hamulcowych, system\u00f3w i komponent\u00f3w do uk\u0142ad\u00f3w nap\u0119dowych i podwozi, oprzyrz\u0105dowania, rozwi\u0105za\u0144 informacyjno-rozrywkowych, elektroniki pojazdowej, opon i elastomer\u00f3w technicznych, Continental przyczynia si\u0119 do poprawy bezpiecze\u0144stwa jazdy i globalnej ochrony klimatu. Continental jest tak\u017ce kompetentnym partnerem w komunikacji sieciowej w samochodach.<\/p>\n<p style=\"margin: 15px 0; line-height: 1.8; clear: both; display: block; width: 100%; float: none; position: static;\">Continental nie skupia si\u0119 wy\u0142\u0105cznie na produkcji opon do samochod\u00f3w osobowych. Jest tak\u017ce wiod\u0105cym dostawc\u0105 ogumienia do pojazd\u00f3w ci\u0119\u017carowych, u\u017cytkowych i autobus\u00f3w. W ostatnich latach koncern konsekwentnie rozwija si\u0119 w kierunku inteligentnych technologii dla transportu. Opracowuje zaawansowane rozwi\u0105zania wspieraj\u0105ce automatyzacj\u0119 i autonomizacj\u0119 jazdy. Opony przysz\u0142o\u015bci wed\u0142ug Continental maj\u0105 by\u0107 w pe\u0142ni zintegrowane z systemami samochodu \u2013 maj\u0105 nie tylko sygnalizowa\u0107 ewentualne spadki ci\u015bnienia czy usterki, ale tak\u017ce przesy\u0142a\u0107 do systemu istotne informacje, m.in. dotycz\u0105ce stanu i rodzaju nawierzchni.<\/p>\n<p style=\"margin: 15px 0; line-height: 1.8; clear: both; display: block; width: 100%; float: none; position: static;\">\u00a0<\/p>\n<p style=\"margin: 15px 0; line-height: 1.8; clear: both; display: block; width: 100%; float: none; position: static;\">\u00a0<\/p>\n<\/div>\n<\/div>\n<\/div>\n<div style=\"clear: both; display: block; margin: 10px 0;\">\n<div style=\"clear: both; display: block; margin: 10px 0;\">\n<div style=\"clear: both; display: block; margin: 10px 0;\">\n<div  style=\"max-width:500px;max-height:500px\">\n<div style=\"clear: both; display: block; margin: 10px 0;\">\n<div style=\"clear: both; width: 100%; display: block; margin: 20px 0; padding: 0; float: none; position: static; text-align: center;\"><img decoding=\"async\"  src=\"https:\/\/a.allegroimg.com\/original\/11592f\/574474104179983f46e8d31e1624\/2x-Continental-295-40R20-WINTERCONTACT-TS-860-S-110W-FR-MGT\" srcset=\"https:\/\/a.allegroimg.com\/original\/11592f\/574474104179983f46e8d31e1624\/2x-Continental-295-40R20-WINTERCONTACT-TS-860-S-110W-FR-MGT 360w,https:\/\/a.allegroimg.com\/original\/11592f\/574474104179983f46e8d31e1624\/2x-Continental-295-40R20-WINTERCONTACT-TS-860-S-110W-FR-MGT 500w,https:\/\/a.allegroimg.com\/original\/11592f\/574474104179983f46e8d31e1624\/2x-Continental-295-40R20-WINTERCONTACT-TS-860-S-110W-FR-MGT 500w\" sizes=\"(min-width: 1200px) 560px, (min-width: 992px) 50vw, 100vw\" width=\"500px\" alt=\"2x Continental 295\/40R20 WINTERCONTACT TS 860 S 110W FR MGT\"\/ style=\"max-width: 100%; height: auto; display: block; margin: 0 auto;\"><\/div>\n<\/div>\n<\/div>\n<\/div>\n<\/div>\n<div style=\"clear: both; display: block; margin: 10px 0;\">\n<div style=\"clear: both; display: block; margin: 10px 0;\">\n<ul style=\"margin: 15px 0; padding-left: 20px; clear: both; display: block; width: 100%; float: none; position: static;\">\n<li style=\"margin: 5px 0; padding: 2px 0; clear: both; display: list-item; float: none; position: static;\"><b>Marka:<\/b> Continental<\/li>\n<li style=\"margin: 5px 0; padding: 2px 0; clear: both; display: list-item; float: none; position: static;\"><b>Liczba opon w ofercie:<\/b> 2 szt.<\/li>\n<li style=\"margin: 5px 0; padding: 2px 0; clear: both; display: list-item; float: none; position: static;\"><b>Run flat:<\/b> Nie<\/li>\n<li style=\"margin: 5px 0; padding: 2px 0; clear: both; display: list-item; float: none; position: static;\"><b>Sezon:<\/b> Zimowe<\/li>\n<li style=\"margin: 5px 0; padding: 2px 0; clear: both; display: list-item; float: none; position: static;\"><b>Model:<\/b> WinterContact TS 860 S<\/li>\n<li style=\"margin: 5px 0; padding: 2px 0; clear: both; display: list-item; float: none; position: static;\"><b>Szeroko\u015b\u0107 opony:<\/b> 295 mm<\/li>\n<li style=\"margin: 5px 0; padding: 2px 0; clear: both; display: list-item; float: none; position: static;\"><b>Profil opony:<\/b> 40<\/li>\n<li style=\"margin: 5px 0; padding: 2px 0; clear: both; display: list-item; float: none; position: static;\"><b>\u015arednica:<\/b> 20&#8243;<\/li>\n<li style=\"margin: 5px 0; padding: 2px 0; clear: both; display: list-item; float: none; position: static;\"><b>Indeks no\u015bno\u015bci:<\/b> 110 &#8211; 1060 kg<\/li>\n<li style=\"margin: 5px 0; padding: 2px 0; clear: both; display: list-item; float: none; position: static;\"><b>Indeks pr\u0119dko\u015bci:<\/b> W do 270 km\/h<\/li>\n<li style=\"margin: 5px 0; padding: 2px 0; clear: both; display: list-item; float: none; position: static;\"><b>Przyczepno\u015b\u0107 na mokrej nawierzchni:<\/b> Klasa B<\/li>\n<li style=\"margin: 5px 0; padding: 2px 0; clear: both; display: list-item; float: none; position: static;\"><b>Op\u00f3r toczenia:<\/b> Klasa C<\/li>\n<li style=\"margin: 5px 0; padding: 2px 0; clear: both; display: list-item; float: none; position: static;\"><b>Ha\u0142as zewn\u0119trzny:<\/b> 75 dB<\/li>\n<li style=\"margin: 5px 0; padding: 2px 0; clear: both; display: list-item; float: none; position: static;\"><b>Informacje dodatkowe:<\/b> rant ochronny, wzmocnienie (XL)<\/li>\n<li style=\"margin: 5px 0; padding: 2px 0; clear: both; display: list-item; float: none; position: static;\"><b>Rok produkcji (DOT):<\/b> <b>2023<\/b><b> &#8211; opony z roku 2023 lub nowsze<\/b><\/li>\n<\/ul>\n<\/div>\n<\/div>\n<\/div>\n<\/div>\n<\/div>\n<\/div>\n<div style=\"clear: both; display: block; margin: 10px 0;\">\n","protected":false},"excerpt":{"rendered":"<p>Opona zimowa Continental WINTERCONTACT TS 860 S 295\/40R20 110W XL FR MGT<\/p>\n<p>Continental WinterContact TS 860 S to opona zimowa klasy premium. Jest dedykowana do samochod\u00f3w osobowych.<\/p>\n<p>Opona posiada asymetryczny wz\u00f3r bie\u017cnika. Takie rozwi\u0105zanie i podzielenie bie\u017cnika na 2 strefy pozwala na osi\u0105gni\u0119cie niezb\u0119dnych osi\u0105g\u00f3w.<\/p>\n<p>Szerokie rowki obwodowe maj\u0105 za zadanie szybko odprowadza\u0107 wod\u0119 i b\u0142oto po\u015bniegowe. Ich kszta\u0142t zapewnia r\u00f3wnie\u017c \u201ezaz\u0119bianie si\u0119\u201d ze \u015bniegiem. Takie rozwi\u0105zanie zapewnia odpowiednie hamowanie oraz przyczepno\u015b\u0107 na za\u015bnie\u017conej oraz mokrej nawierzchni.<\/p>\n","protected":false},"featured_media":12970,"template":"","meta":{"_uag_custom_page_level_css":""},"product_brand":[396],"product_cat":[414,413,412,415],"product_tag":[],"class_list":{"0":"post-12969","1":"product","2":"type-product","3":"status-publish","4":"has-post-thumbnail","6":"product_brand-continental","7":"product_cat-do-samochodow-osobowych-i-suv","8":"product_cat-opony","9":"product_cat-opony-i-felgi","10":"product_cat-zimowe","12":"first","13":"instock","14":"shipping-taxable","15":"purchasable","16":"product-type-simple"},"uagb_featured_image_src":{"full":["https:\/\/oponixo.shop\/tire\/wp-content\/uploads\/2026\/01\/allegro-image-12969.jpg",500,500,false],"thumbnail":["https:\/\/oponixo.shop\/tire\/wp-content\/uploads\/2026\/01\/allegro-image-12969-150x150.jpg",150,150,true],"medium":["https:\/\/oponixo.shop\/tire\/wp-content\/uploads\/2026\/01\/allegro-image-12969-300x300.jpg",300,300,true],"medium_large":["https:\/\/oponixo.shop\/tire\/wp-content\/uploads\/2026\/01\/allegro-image-12969.jpg",500,500,false],"large":["https:\/\/oponixo.shop\/tire\/wp-content\/uploads\/2026\/01\/allegro-image-12969.jpg",500,500,false],"1536x1536":["https:\/\/oponixo.shop\/tire\/wp-content\/uploads\/2026\/01\/allegro-image-12969.jpg",500,500,false],"2048x2048":["https:\/\/oponixo.shop\/tire\/wp-content\/uploads\/2026\/01\/allegro-image-12969.jpg",500,500,false],"woocommerce_thumbnail":["https:\/\/oponixo.shop\/tire\/wp-content\/uploads\/2026\/01\/allegro-image-12969-300x300.jpg",300,300,true],"woocommerce_single":["https:\/\/oponixo.shop\/tire\/wp-content\/uploads\/2026\/01\/allegro-image-12969.jpg",500,500,false],"woocommerce_gallery_thumbnail":["https:\/\/oponixo.shop\/tire\/wp-content\/uploads\/2026\/01\/allegro-image-12969-100x100.jpg",100,100,true]},"uagb_author_info":{"display_name":"admin","author_link":"https:\/\/oponixo.shop\/tire\/author\/"},"uagb_comment_info":0,"uagb_excerpt":"Opona zimowa Continental WINTERCONTACT TS 860 S 295\/40R20 110W XL FR MGT Continental WinterContact TS 860 S to opona zimowa klasy premium. Jest dedykowana do samochod\u00f3w osobowych. Opona posiada asymetryczny wz\u00f3r bie\u017cnika. Takie rozwi\u0105zanie i podzielenie bie\u017cnika na 2 strefy pozwala na osi\u0105gni\u0119cie niezb\u0119dnych osi\u0105g\u00f3w. Szerokie rowki obwodowe maj\u0105 za zadanie szybko odprowadza\u0107 wod\u0119 i&hellip;","_links":{"self":[{"href":"https:\/\/oponixo.shop\/tire\/wp-json\/wp\/v2\/product\/12969","targetHints":{"allow":["GET"]}}],"collection":[{"href":"https:\/\/oponixo.shop\/tire\/wp-json\/wp\/v2\/product"}],"about":[{"href":"https:\/\/oponixo.shop\/tire\/wp-json\/wp\/v2\/types\/product"}],"wp:featuredmedia":[{"embeddable":true,"href":"https:\/\/oponixo.shop\/tire\/wp-json\/wp\/v2\/media\/12970"}],"wp:attachment":[{"href":"https:\/\/oponixo.shop\/tire\/wp-json\/wp\/v2\/media?parent=12969"}],"wp:term":[{"taxonomy":"product_brand","embeddable":true,"href":"https:\/\/oponixo.shop\/tire\/wp-json\/wp\/v2\/product_brand?post=12969"},{"taxonomy":"product_cat","embeddable":true,"href":"https:\/\/oponixo.shop\/tire\/wp-json\/wp\/v2\/product_cat?post=12969"},{"taxonomy":"product_tag","embeddable":true,"href":"https:\/\/oponixo.shop\/tire\/wp-json\/wp\/v2\/product_tag?post=12969"}],"curies":[{"name":"wp","href":"https:\/\/api.w.org\/{rel}","templated":true}]}}