{"id":13065,"date":"2026-01-05T20:51:24","date_gmt":"2026-01-05T19:51:24","guid":{"rendered":"https:\/\/oponyprofi.shop\/xef5\/produkt\/2x-nokian-245-35r20-95w-wr-snowproof-p-xl-zimowe-2024-r\/"},"modified":"2026-01-05T20:51:25","modified_gmt":"2026-01-05T19:51:25","slug":"2x-nokian-245-35r20-95w-wr-snowproof-p-xl-zimowe-2024-r","status":"publish","type":"product","link":"https:\/\/oponixo.shop\/tire\/produkt\/2x-nokian-245-35r20-95w-wr-snowproof-p-xl-zimowe-2024-r\/","title":{"rendered":"2x NOKIAN 245\/35R20 95W WR Snowproof P XL zimowe 2024 r"},"content":{"rendered":"<div style=\"font-family: Arial, sans-serif; line-height: 1.6; color: #333; padding: 20px; clear: both; display: block; width: 100%; float: none; position: static; overflow: hidden;\">\n<div style=\"clear: both; display: block; margin: 10px 0;\">\n<div style=\"clear: both; display: block; margin: 10px 0;\">\n<div style=\"clear: both; display: block; margin: 10px 0;\">\n<h1>Rok produkcji: 2024<\/h1>\n<\/div>\n<\/div>\n<\/div>\n<div style=\"clear: both; display: block; margin: 10px 0;\">\n<div style=\"clear: both; display: block; margin: 10px 0;\">\n<div style=\"clear: both; display: block; margin: 10px 0;\">\n<div  style=\"max-width:1200px;max-height:1126px\">\n<div style=\"clear: both; display: block; margin: 10px 0;\">\n<div style=\"clear: both; width: 100%; display: block; margin: 20px 0; padding: 0; float: none; position: static; text-align: center;\"><img decoding=\"async\"  src=\"https:\/\/a.allegroimg.com\/original\/110f15\/ee8dad65475c90f38f32c729c631\/2x-NOKIAN-245-35R20-95W-WR-Snowproof-P-XL-zimowe-2024-r\" srcset=\"https:\/\/a.allegroimg.com\/original\/110f15\/ee8dad65475c90f38f32c729c631\/2x-NOKIAN-245-35R20-95W-WR-Snowproof-P-XL-zimowe-2024-r 360w,https:\/\/a.allegroimg.com\/original\/110f15\/ee8dad65475c90f38f32c729c631\/2x-NOKIAN-245-35R20-95W-WR-Snowproof-P-XL-zimowe-2024-r 720w,https:\/\/a.allegroimg.com\/original\/110f15\/ee8dad65475c90f38f32c729c631\/2x-NOKIAN-245-35R20-95W-WR-Snowproof-P-XL-zimowe-2024-r 1024w,https:\/\/a.allegroimg.com\/original\/110f15\/ee8dad65475c90f38f32c729c631\/2x-NOKIAN-245-35R20-95W-WR-Snowproof-P-XL-zimowe-2024-r 1200w,https:\/\/a.allegroimg.com\/original\/110f15\/ee8dad65475c90f38f32c729c631\/2x-NOKIAN-245-35R20-95W-WR-Snowproof-P-XL-zimowe-2024-r 1200w\" sizes=\"(min-width: 1200px) 560px, (min-width: 992px) 50vw, 100vw\" width=\"1200px\" alt=\"2x NOKIAN 245\/35R20 95W WR Snowproof P XL zimowe 2024 r\"\/ style=\"max-width: 100%; height: auto; display: block; margin: 0 auto;\"><\/div>\n<\/div>\n<\/div>\n<\/div>\n<\/div>\n<div style=\"clear: both; display: block; margin: 10px 0;\">\n<div style=\"clear: both; display: block; margin: 10px 0;\">\n<h1>NOKIAN WR Snowproof P 245\/35R20 95W XL FR<\/h1>\n<h2>G0NCIH<\/h2>\n<ul style=\"margin: 15px 0; padding-left: 20px; clear: both; display: block; width: 100%; float: none; position: static;\">\n<li style=\"margin: 5px 0; padding: 2px 0; clear: both; display: list-item; float: none; position: static;\"><b>Data produkcji :<\/b> 2024<\/li>\n<li style=\"margin: 5px 0; padding: 2px 0; clear: both; display: list-item; float: none; position: static;\"><b>Hamowanie na mokrej nawierzchni :<\/b> B<\/li>\n<li style=\"margin: 5px 0; padding: 2px 0; clear: both; display: list-item; float: none; position: static;\"><b>Indeks :<\/b> 245\/35R20 ZONO 95W WRSPP<\/li>\n<li style=\"margin: 5px 0; padding: 2px 0; clear: both; display: list-item; float: none; position: static;\"><b>Indeks no\u015bno\u015bci :<\/b> 95<\/li>\n<li style=\"margin: 5px 0; padding: 2px 0; clear: both; display: list-item; float: none; position: static;\"><b>Indeks pr\u0119dko\u015bci :<\/b> W &#8211; 270 km\/h<\/li>\n<li style=\"margin: 5px 0; padding: 2px 0; clear: both; display: list-item; float: none; position: static;\"><b>Karta informacyjna produktu :<\/b> https:\/\/eprel.ec.europa.eu\/qr\/511265<\/li>\n<li style=\"margin: 5px 0; padding: 2px 0; clear: both; display: list-item; float: none; position: static;\"><b>Kl. efekt. paliwowej :<\/b> C<\/li>\n<li style=\"margin: 5px 0; padding: 2px 0; clear: both; display: list-item; float: none; position: static;\"><b>Kl. przycz. na mokrej naw. :<\/b> B<\/li>\n<li style=\"margin: 5px 0; padding: 2px 0; clear: both; display: list-item; float: none; position: static;\"><b>Kl. zew. ha\u0142asu tocz. :<\/b> B, 2<\/li>\n<li style=\"margin: 5px 0; padding: 2px 0; clear: both; display: list-item; float: none; position: static;\"><b>Klasa opony :<\/b> premium<\/li>\n<li style=\"margin: 5px 0; padding: 2px 0; clear: both; display: list-item; float: none; position: static;\"><b>Kod EAN :<\/b> 6419440408958<\/li>\n<li style=\"margin: 5px 0; padding: 2px 0; clear: both; display: list-item; float: none; position: static;\"><b>Kod producenta :<\/b> T431251<\/li>\n<li style=\"margin: 5px 0; padding: 2px 0; clear: both; display: list-item; float: none; position: static;\"><b>Liczba decybeli :<\/b> 70 dB<\/li>\n<li style=\"margin: 5px 0; padding: 2px 0; clear: both; display: list-item; float: none; position: static;\"><b>Model bie\u017cnika :<\/b> WR Snowproof P<\/li>\n<li style=\"margin: 5px 0; padding: 2px 0; clear: both; display: list-item; float: none; position: static;\"><b>Nazwa produktu :<\/b> NOKIAN 245\/35R20 95W WR Snowproof P XL zimowe<\/li>\n<li style=\"margin: 5px 0; padding: 2px 0; clear: both; display: list-item; float: none; position: static;\"><b>No\u015bno\u015b\u0107 opony :<\/b> XL<\/li>\n<li style=\"margin: 5px 0; padding: 2px 0; clear: both; display: list-item; float: none; position: static;\"><b>opona na dedykowan\u0105 o\u015b :<\/b> Prz\u00f3d\/Ty\u0142<\/li>\n<li style=\"margin: 5px 0; padding: 2px 0; clear: both; display: list-item; float: none; position: static;\"><b>Op\u00f3r toczenia :<\/b> C<\/li>\n<li style=\"margin: 5px 0; padding: 2px 0; clear: both; display: list-item; float: none; position: static;\"><b>Poziom emisji ha\u0142asu :<\/b> B<\/li>\n<li style=\"margin: 5px 0; padding: 2px 0; clear: both; display: list-item; float: none; position: static;\"><b>Producent :<\/b> NOKIAN<\/li>\n<li style=\"margin: 5px 0; padding: 2px 0; clear: both; display: list-item; float: none; position: static;\"><b>Profil :<\/b> 35<\/li>\n<li style=\"margin: 5px 0; padding: 2px 0; clear: both; display: list-item; float: none; position: static;\"><b>Przeznaczenie :<\/b> samochody osobowe\/SUV\/crossover<\/li>\n<li style=\"margin: 5px 0; padding: 2px 0; clear: both; display: list-item; float: none; position: static;\"><b>Przyczepno\u015b\u0107 na lodzie :<\/b> Nie<\/li>\n<li style=\"margin: 5px 0; padding: 2px 0; clear: both; display: list-item; float: none; position: static;\"><b>Przyczepno\u015b\u0107 na \u015bniegu :<\/b> Tak<\/li>\n<li style=\"margin: 5px 0; padding: 2px 0; clear: both; display: list-item; float: none; position: static;\"><b>QR kod :<\/b> https:\/\/eprel.ec.europa.eu\/qr\/511265<\/li>\n<li style=\"margin: 5px 0; padding: 2px 0; clear: both; display: list-item; float: none; position: static;\"><b>Rant opony :<\/b> FR<\/li>\n<li style=\"margin: 5px 0; padding: 2px 0; clear: both; display: list-item; float: none; position: static;\"><b>Sezon :<\/b> zimowa<\/li>\n<li style=\"margin: 5px 0; padding: 2px 0; clear: both; display: list-item; float: none; position: static;\"><b>\u015arednica :<\/b> 20&#8243;<\/li>\n<li style=\"margin: 5px 0; padding: 2px 0; clear: both; display: list-item; float: none; position: static;\"><b>Szeroko\u015b\u0107 :<\/b> 245<\/li>\n<li style=\"margin: 5px 0; padding: 2px 0; clear: both; display: list-item; float: none; position: static;\"><b>Wart. pom. i kl. zew. ha\u0142asu tocz. [dB] :<\/b> 70<\/li>\n<\/ul>\n<\/div>\n<\/div>\n<\/div>\n<div style=\"clear: both; display: block; margin: 10px 0;\">\n<div style=\"clear: both; display: block; margin: 10px 0;\">\n<div style=\"clear: both; display: block; margin: 10px 0;\">\n<p style=\"margin: 15px 0; line-height: 1.8; clear: both; display: block; width: 100%; float: none; position: static;\"> Nokian WR Snowproof P &#8211; Dynamiczna, sportowa jazda przy pe\u0142nym bezpiecze\u0144stwie i komforcie <\/p>\n<p style=\"margin: 15px 0; line-height: 1.8; clear: both; display: block; width: 100%; float: none; position: static;\"> Nokian WR Snowproof P to propozycja na sezon zimowy, b\u0119d\u0105ca nast\u0119pc\u0105 doskona\u0142ego modelu Nokian WR A4. WR Snowproof P to model premium, zaprojektowany z my\u015bl\u0105 o sportowych autach, oferuj\u0105cy doskona\u0142\u0105 przyczepno\u015b\u0107 i sterowno\u015b\u0107 w zimowych warunkach, tak\u017ce przy gwa\u0142townych manewrach i zwi\u0119kszonej pr\u0119dko\u015bci jazdy. <\/p>\n<p style=\"margin: 15px 0; line-height: 1.8; clear: both; display: block; width: 100%; float: none; position: static;\"> W odr\u00f3\u017cnieniu do swojego poprzenika now\u0105 opon\u0119 wyposa\u017cono w kierunkowy bie\u017cnik w kszta\u0142cie litery &#8222;V&#8221;, kt\u00f3ry umo\u017cliwi\u0142 optymalizacj\u0119 przyczepno\u015bci na mokrych nawierzchniach asfaltowych, drogach o\u015bnie\u017conych i zalegaj\u0105cym b\u0142ocie po\u015bniegowym. Zaniechanie symetrii w nowym modelu wp\u0142yn\u0119\u0142o korzystnie na og\u00f3lny poziom bezpiecze\u0144stwa i wi\u0119ksz\u0105 przewidywalno\u015b\u0107 zachowania si\u0119 pojazdu. <\/p>\n<p style=\"margin: 15px 0; line-height: 1.8; clear: both; display: block; width: 100%; float: none; position: static;\"> Technologia Alpine Performance, na kt\u00f3r\u0105 sk\u0142ada si\u0119 specjalna powierzchnia bie\u017cnika, pokryta g\u0119st\u0105 sieci\u0105 lameli oraz unikaln\u0105 mieszank\u0119 gumow\u0105 wp\u0142ywa na pewno\u015b\u0107 prowadzenia oraz bezpiecze\u0144stwo jazdy. Zoptymalizowana powierzchnia styku opony z pod\u0142o\u017cem poza r\u00f3wnomiernym zu\u017cyciem i wyd\u0142u\u017ceniem przebiegu, zwi\u0119ksza r\u00f3wnie\u017c precyzj\u0119 prze\u0142o\u017cenia ruch\u00f3w uk\u0142adu kierowniczego oraz zwi\u0119ksza przyczepno\u015b\u0107. <\/p>\n<p style=\"margin: 15px 0; line-height: 1.8; clear: both; display: block; width: 100%; float: none; position: static;\"> Po\u0142\u0105czone rowki drena\u017cowe o wypolerowanej powierzchni oraz sie\u0107 g\u0142\u0119bokich lameli sprzyja odprowadzaniu wody i b\u0142ota po\u015bniegowego co zapobiega niekontrolowanym po\u015blizgom hydrodynamicznym i pozwala w pe\u0142ni cieszy\u0107 si\u0119 jazd\u0105 na zimowych drogach. <\/p>\n<p style=\"margin: 15px 0; line-height: 1.8; clear: both; display: block; width: 100%; float: none; position: static;\"> Efektywne hamowanie i ruszanie wspieraj\u0105 specjalne elementy &#8222;Snow Claws&#8221; umieszczone mi\u0119dzy blokami bie\u017cnika, kt\u00f3re u\u0142atwiaj\u0105 wgryzanie si\u0119 w \u015bnie\u017cn\u0105 nawierzchni\u0119 i zmniejszaj\u0105 po\u015blizg. <\/p>\n<p style=\"margin: 15px 0; line-height: 1.8; clear: both; display: block; width: 100%; float: none; position: static;\"> Nowoczesna mieszanka gumowa pozwala zmniejsza\u0107 opory toczenia i korzystnie wp\u0142ywa\u0107 na efektywno\u015b\u0107 paliwow\u0105 pojazdu, dzi\u0119ki czemu wspiera ekologi\u0119 i ekonomi\u0119 u\u017cytkowania auta. <\/p>\n<p style=\"margin: 15px 0; line-height: 1.8; clear: both; display: block; width: 100%; float: none; position: static;\"> Nokian WR Snowproof P to doskona\u0142e po\u0142\u0105czenie nowoczesnych technologii z wysokimi osi\u0105gami na zimowych nawierzchniach oraz ekologi\u0105 u\u017cytkowania dzi\u0119ki czemu b\u0119d\u0105 doskonale s\u0142u\u017cy\u0107 kierowcom, preferuj\u0105cym dynamiczny styl poruszania si\u0119 bez wzgl\u0119du na panuj\u0105ce warunki pogodowe. <\/p>\n<\/div>\n<\/div>\n<div style=\"clear: both; display: block; margin: 10px 0;\">\n<div style=\"clear: both; display: block; margin: 10px 0;\">\n<div  style=\"max-width:886px;max-height:1299px\">\n<div style=\"clear: both; display: block; margin: 10px 0;\">\n<div style=\"clear: both; width: 100%; display: block; margin: 20px 0; padding: 0; float: none; position: static; text-align: center;\"><img decoding=\"async\"  src=\"https:\/\/a.allegroimg.com\/original\/11aa07\/86e0867f4429a941d4ac958a6ebc\/2x-NOKIAN-245-35R20-95W-WR-Snowproof-P-XL-zimowe-2024-r-Marka-Nokian-Tyres\" srcset=\"https:\/\/a.allegroimg.com\/original\/11aa07\/86e0867f4429a941d4ac958a6ebc\/2x-NOKIAN-245-35R20-95W-WR-Snowproof-P-XL-zimowe-2024-r-Marka-Nokian-Tyres 245w,https:\/\/a.allegroimg.com\/original\/11aa07\/86e0867f4429a941d4ac958a6ebc\/2x-NOKIAN-245-35R20-95W-WR-Snowproof-P-XL-zimowe-2024-r-Marka-Nokian-Tyres 491w,https:\/\/a.allegroimg.com\/original\/11aa07\/86e0867f4429a941d4ac958a6ebc\/2x-NOKIAN-245-35R20-95W-WR-Snowproof-P-XL-zimowe-2024-r-Marka-Nokian-Tyres 698w,https:\/\/a.allegroimg.com\/original\/11aa07\/86e0867f4429a941d4ac958a6ebc\/2x-NOKIAN-245-35R20-95W-WR-Snowproof-P-XL-zimowe-2024-r-Marka-Nokian-Tyres 886w,https:\/\/a.allegroimg.com\/original\/11aa07\/86e0867f4429a941d4ac958a6ebc\/2x-NOKIAN-245-35R20-95W-WR-Snowproof-P-XL-zimowe-2024-r-Marka-Nokian-Tyres 886w\" sizes=\"(min-width: 1200px) 560px, (min-width: 992px) 50vw, 100vw\" width=\"886px\" alt=\"2x NOKIAN 245\/35R20 95W WR Snowproof P XL zimowe 2024 r Marka Nokian Tyres\"\/ style=\"max-width: 100%; height: auto; display: block; margin: 0 auto;\"><\/div>\n<\/div>\n<\/div>\n<\/div>\n<\/div>\n<\/div>\n<div style=\"clear: both; display: block; margin: 10px 0;\">\n<div style=\"clear: both; display: block; margin: 10px 0;\">\n<div style=\"clear: both; display: block; margin: 10px 0;\">\n<p style=\"margin: 15px 0; line-height: 1.8; clear: both; display: block; width: 100%; float: none; position: static;\">Wychodz\u0105c naprzeciw oczekiwaniom Klient\u00f3w i chc\u0105c spe\u0142nia\u0107 jak najwy\u017csze standardy obs\u0142ugi dok\u0142adamy wszelkich stara\u0144, aby podawa\u0107 precyzyjn\u0105 dat\u0119 produkcji opony (DOT). Niestety, w wyj\u0105tkowych przypadkach, mo\u017ce zdarzy\u0107 si\u0119, \u017ce opony, kt\u00f3re wy\u015blemy b\u0119d\u0105 mia\u0142y inn\u0105 dat\u0119 produkcji ni\u017c podana. Sytuacja mo\u017ce dotyczy\u0107 zar\u00f3wno opon z DOT-em wcze\u015bniejszym jak i p\u00f3\u017aniejszym. Chcieliby\u015bmy podkre\u015bli\u0107, \u017ce warunki przechowywania opon w naszych magazynach spe\u0142niaj\u0105 Polsk\u0105 Norm\u0119 PN-C-94300-7 dzi\u0119ki czemu nawet opona przechowywana 24 miesi\u0105ce ma parametry takie same jak opona z bie\u017c\u0105cego roku. Warto pami\u0119ta\u0107 tak\u017ce o fakcie, \u017ce w przypadku wielu rozmiar\u00f3w i producent\u00f3w plany produkcyjne fabryk uniemo\u017cliwiaj\u0105 zakup opony z bie\u017c\u0105cego roku.<\/p>\n<p style=\"margin: 15px 0; line-height: 1.8; clear: both; display: block; width: 100%; float: none; position: static;\">Przy zakupie opon pami\u0119taj o sprawdzeniu w instrukcji samochodu lub na w\u0142a\u015bciwej stronie internetowej, jakie ogumienie zaleca producent Twojego auta. \u0179le dobrane opony mog\u0105 negatywnie wp\u0142yn\u0105\u0107 na poziom Twojego bezpiecze\u0144stwa. Kupuj\u0105c opony zwr\u00f3\u0107 uwag\u0119 na rozmiar oraz indeksy no\u015bno\u015bci i pr\u0119dko\u015bci jakie homologowane s\u0105 do Twojego pojazdu.<\/p>\n<p style=\"margin: 15px 0; line-height: 1.8; clear: both; display: block; width: 100%; float: none; position: static;\">Zamieszczone zdj\u0119cia pe\u0142ni\u0105 funkcj\u0119 pogl\u0105dow\u0105. W zale\u017cno\u015bci od szeroko\u015bci opon, mog\u0105 wyst\u0119powa\u0107 niewielkie r\u00f3\u017cnice w wygl\u0105dzie bie\u017cnika (w obr\u0119bie jednego modelu) na przyk\u0142ad w ilo\u015bci rowk\u00f3w obwodowych lub rozmieszczeniu blok\u00f3w bie\u017cnika, co nie stanowi wady produktu.<\/p>\n<p style=\"margin: 15px 0; line-height: 1.8; clear: both; display: block; width: 100%; float: none; position: static;\">Je\u017celi otrzymane przez Ciebie opony nie spe\u0142niaj\u0105 Twoich oczekiwa\u0144 masz mo\u017cliwo\u015b\u0107 zwrotu lub wymiany nieu\u017cywanego (niemontowanego) ogumienia.<\/p>\n<\/div>\n<\/div>\n<\/div>\n<div style=\"clear: both; display: block; margin: 10px 0;\">\n<div style=\"clear: both; display: block; margin: 10px 0;\">\n<div style=\"clear: both; display: block; margin: 10px 0;\">\n<div  style=\"max-width:547px;max-height:273px\">\n<div style=\"clear: both; display: block; margin: 10px 0;\">\n<div style=\"clear: both; width: 100%; display: block; margin: 20px 0; padding: 0; float: none; position: static; text-align: center;\"><img decoding=\"async\"  src=\"https:\/\/a.allegroimg.com\/original\/11d2fe\/88c2ff7e4b5aa5747a9d5bc4421b\/2x-NOKIAN-245-35R20-95W-WR-Snowproof-P-XL-zimowe-2024-r-Szerokosc-opony-245-mm\" srcset=\"https:\/\/a.allegroimg.com\/original\/11d2fe\/88c2ff7e4b5aa5747a9d5bc4421b\/2x-NOKIAN-245-35R20-95W-WR-Snowproof-P-XL-zimowe-2024-r-Szerokosc-opony-245-mm 360w,https:\/\/a.allegroimg.com\/original\/11d2fe\/88c2ff7e4b5aa5747a9d5bc4421b\/2x-NOKIAN-245-35R20-95W-WR-Snowproof-P-XL-zimowe-2024-r-Szerokosc-opony-245-mm 547w,https:\/\/a.allegroimg.com\/original\/11d2fe\/88c2ff7e4b5aa5747a9d5bc4421b\/2x-NOKIAN-245-35R20-95W-WR-Snowproof-P-XL-zimowe-2024-r-Szerokosc-opony-245-mm 547w\" sizes=\"(min-width: 1200px) 560px, (min-width: 992px) 50vw, 100vw\" width=\"547px\" alt=\"2x NOKIAN 245\/35R20 95W WR Snowproof P XL zimowe 2024 r Szeroko\u015b\u0107 opony 245 mm\"\/ style=\"max-width: 100%; height: auto; display: block; margin: 0 auto;\"><\/div>\n<\/div>\n<\/div>\n<\/div>\n<\/div>\n<div style=\"clear: both; display: block; margin: 10px 0;\">\n<div style=\"clear: both; display: block; margin: 10px 0;\">\n<h1>Nokian<\/h1>\n<p style=\"margin: 15px 0; line-height: 1.8; clear: both; display: block; width: 100%; float: none; position: static;\">**120 LAT INNOWACJI**<br \/>\nKorzenie firmy NOKIAN TYRES, kt\u00f3ra jest najdalej na p\u00f3\u0142noc wysuni\u0119tym producentem opon, si\u0119gaj\u0105 ponad stu lat wstecz. Dzi\u015b korzystamy z wielu dziesi\u0119cioleci do\u015bwiadcze\u0144 wdra\u017caj\u0105c kolejne innowacje, kt\u00f3re zapewni\u0105 bezpiecze\u0144stwo milionom u\u017cytkownik\u00f3w dr\u00f3g. Nasza historia jest d\u0142uga, ale jeszcze wi\u0119cej przed nami.<\/p>\n<p>**PONAD 80 LAT OD WYNALEZIENIA OPONY ZIMOWEJ**<br \/>\nPierwsz\u0105 na \u015bwiecie opon\u0119 zimow\u0105, poprzednikiem Nokian Hakkapeliitta, by\u0142 Kelirengas (\u201eopona pogodowa&#8221;). Opona zosta\u0142a wyprodukowana przez Suomen Gummitehdas Osakeyhti\u00f6, firm\u0119 kt\u00f3ra p\u00f3\u017aniej przekszta\u0142ci\u0142a si\u0119 w Nokian Tyres, i wprowadzona na rynek w 1934 roku. Opona zimowa ma ju\u017c ponad 80 lat.<\/p>\n<p>**Inteligentne technologie transportowe oraz opony zimowe wyprodukowane z biomateria\u0142\u00f3w**<br \/>\nWyobra\u017caj\u0105c sobie kierowanie za 20 lat, mamy przed oczyma rewolucyjne, inteligentne technologie transportowe, samokieruj\u0105ce si\u0119 pojazdy elektryczne oraz opony zimowe wyprodukowane z biomateria\u0142\u00f3w.<\/p>\n<\/div>\n<\/div>\n<\/div>\n<\/div>\n<\/div>\n<\/div>\n<div style=\"clear: both; display: block; margin: 10px 0;\">\n","protected":false},"excerpt":{"rendered":"<p>Rok produkcji: 2024<\/p>\n<p>NOKIAN WR Snowproof P 245\/35R20 95W XL FR<\/p>\n<p>G0NCIH<\/p>\n<p>Data produkcji : 2024<\/p>\n<p>Hamowanie na mokrej nawierzchni : B<\/p>\n<p>Indeks : 245\/35R20 ZONO 95W WRSPP<\/p>\n<p>Indeks no\u015bno\u015bci : 95<\/p>\n<p>Indeks pr\u0119dko\u015bci : W &#8211; 270 km\/h<\/p>\n","protected":false},"featured_media":13066,"template":"","meta":{"_uag_custom_page_level_css":""},"product_brand":[387],"product_cat":[414,413,412,415],"product_tag":[],"class_list":{"0":"post-13065","1":"product","2":"type-product","3":"status-publish","4":"has-post-thumbnail","6":"product_brand-nokian-tyres","7":"product_cat-do-samochodow-osobowych-i-suv","8":"product_cat-opony","9":"product_cat-opony-i-felgi","10":"product_cat-zimowe","12":"first","13":"instock","14":"shipping-taxable","15":"purchasable","16":"product-type-simple"},"uagb_featured_image_src":{"full":["https:\/\/oponixo.shop\/tire\/wp-content\/uploads\/2026\/01\/allegro-image-13065.jpg",1200,1126,false],"thumbnail":["https:\/\/oponixo.shop\/tire\/wp-content\/uploads\/2026\/01\/allegro-image-13065-150x150.jpg",150,150,true],"medium":["https:\/\/oponixo.shop\/tire\/wp-content\/uploads\/2026\/01\/allegro-image-13065-300x282.jpg",300,282,true],"medium_large":["https:\/\/oponixo.shop\/tire\/wp-content\/uploads\/2026\/01\/allegro-image-13065-768x721.jpg",768,721,true],"large":["https:\/\/oponixo.shop\/tire\/wp-content\/uploads\/2026\/01\/allegro-image-13065-1024x961.jpg",1024,961,true],"1536x1536":["https:\/\/oponixo.shop\/tire\/wp-content\/uploads\/2026\/01\/allegro-image-13065.jpg",1200,1126,false],"2048x2048":["https:\/\/oponixo.shop\/tire\/wp-content\/uploads\/2026\/01\/allegro-image-13065.jpg",1200,1126,false],"woocommerce_thumbnail":["https:\/\/oponixo.shop\/tire\/wp-content\/uploads\/2026\/01\/allegro-image-13065-300x300.jpg",300,300,true],"woocommerce_single":["https:\/\/oponixo.shop\/tire\/wp-content\/uploads\/2026\/01\/allegro-image-13065-600x563.jpg",600,563,true],"woocommerce_gallery_thumbnail":["https:\/\/oponixo.shop\/tire\/wp-content\/uploads\/2026\/01\/allegro-image-13065-100x100.jpg",100,100,true]},"uagb_author_info":{"display_name":"admin","author_link":"https:\/\/oponixo.shop\/tire\/author\/"},"uagb_comment_info":0,"uagb_excerpt":"Rok produkcji: 2024 NOKIAN WR Snowproof P 245\/35R20 95W XL FR G0NCIH Data produkcji : 2024 Hamowanie na mokrej nawierzchni : B Indeks : 245\/35R20 ZONO 95W WRSPP Indeks no\u015bno\u015bci : 95 Indeks pr\u0119dko\u015bci : W - 270 km\/h","_links":{"self":[{"href":"https:\/\/oponixo.shop\/tire\/wp-json\/wp\/v2\/product\/13065","targetHints":{"allow":["GET"]}}],"collection":[{"href":"https:\/\/oponixo.shop\/tire\/wp-json\/wp\/v2\/product"}],"about":[{"href":"https:\/\/oponixo.shop\/tire\/wp-json\/wp\/v2\/types\/product"}],"wp:featuredmedia":[{"embeddable":true,"href":"https:\/\/oponixo.shop\/tire\/wp-json\/wp\/v2\/media\/13066"}],"wp:attachment":[{"href":"https:\/\/oponixo.shop\/tire\/wp-json\/wp\/v2\/media?parent=13065"}],"wp:term":[{"taxonomy":"product_brand","embeddable":true,"href":"https:\/\/oponixo.shop\/tire\/wp-json\/wp\/v2\/product_brand?post=13065"},{"taxonomy":"product_cat","embeddable":true,"href":"https:\/\/oponixo.shop\/tire\/wp-json\/wp\/v2\/product_cat?post=13065"},{"taxonomy":"product_tag","embeddable":true,"href":"https:\/\/oponixo.shop\/tire\/wp-json\/wp\/v2\/product_tag?post=13065"}],"curies":[{"name":"wp","href":"https:\/\/api.w.org\/{rel}","templated":true}]}}