{"id":13069,"date":"2026-01-05T20:51:25","date_gmt":"2026-01-05T19:51:25","guid":{"rendered":"https:\/\/oponyprofi.shop\/xef5\/produkt\/4-x-michelin-crossclimate-2-245-35r20-95-y-xl-fr-3pmsf-opona-caloroczna\/"},"modified":"2026-01-05T20:51:26","modified_gmt":"2026-01-05T19:51:26","slug":"4-x-michelin-crossclimate-2-245-35r20-95-y-xl-fr-3pmsf-opona-caloroczna","status":"publish","type":"product","link":"https:\/\/oponixo.shop\/tire\/produkt\/4-x-michelin-crossclimate-2-245-35r20-95-y-xl-fr-3pmsf-opona-caloroczna\/","title":{"rendered":"4 x Michelin CrossClimate 2 245\/35R20 95 Y XL FR 3PMSF opona ca\u0142oroczna"},"content":{"rendered":"<div style=\"font-family: Arial, sans-serif; line-height: 1.6; color: #333; padding: 20px; clear: both; display: block; width: 100%; float: none; position: static; overflow: hidden;\">\n<div style=\"clear: both; display: block; margin: 10px 0;\">\n<div style=\"clear: both; display: block; margin: 10px 0;\">\n<div style=\"clear: both; display: block; margin: 10px 0;\">\n<div  style=\"max-width:377px;max-height:500px\">\n<div style=\"clear: both; display: block; margin: 10px 0;\">\n<div style=\"clear: both; width: 100%; display: block; margin: 20px 0; padding: 0; float: none; position: static; text-align: center;\"><img decoding=\"async\"  src=\"https:\/\/a.allegroimg.com\/original\/1136e5\/3edf578a4a01b6a2317ceee3390f\/4-x-Michelin-CrossClimate-2-245-35R20-95-Y-XL-FR-3PMSF-opona-caloroczna\" srcset=\"https:\/\/a.allegroimg.com\/original\/1136e5\/3edf578a4a01b6a2317ceee3390f\/4-x-Michelin-CrossClimate-2-245-35R20-95-Y-XL-FR-3PMSF-opona-caloroczna 271w,https:\/\/a.allegroimg.com\/original\/1136e5\/3edf578a4a01b6a2317ceee3390f\/4-x-Michelin-CrossClimate-2-245-35R20-95-Y-XL-FR-3PMSF-opona-caloroczna 377w,https:\/\/a.allegroimg.com\/original\/1136e5\/3edf578a4a01b6a2317ceee3390f\/4-x-Michelin-CrossClimate-2-245-35R20-95-Y-XL-FR-3PMSF-opona-caloroczna 377w\" sizes=\"(min-width: 1200px) 560px, (min-width: 992px) 50vw, 100vw\" width=\"377px\" alt=\"4 x Michelin CrossClimate 2 245\/35R20 95 Y XL FR 3PMSF opona ca\u0142oroczna\"\/ style=\"max-width: 100%; height: auto; display: block; margin: 0 auto;\"><\/div>\n<\/div>\n<\/div>\n<\/div>\n<\/div>\n<div style=\"clear: both; display: block; margin: 10px 0;\">\n<div style=\"clear: both; display: block; margin: 10px 0;\">\n<h2>Michelin CrossClimate 2 245\/35R20 95 Y XL FR 3PMSF<\/h2>\n<p style=\"margin: 15px 0; line-height: 1.8; clear: both; display: block; width: 100%; float: none; position: static;\">Producent: Michelin<\/p>\n<p style=\"margin: 15px 0; line-height: 1.8; clear: both; display: block; width: 100%; float: none; position: static;\">Model: CrossClimate 2<\/p>\n<p style=\"margin: 15px 0; line-height: 1.8; clear: both; display: block; width: 100%; float: none; position: static;\">Sezon: ca\u0142oroczne<\/p>\n<p style=\"margin: 15px 0; line-height: 1.8; clear: both; display: block; width: 100%; float: none; position: static;\">Rozmiar: 245\/35R20<\/p>\n<p style=\"margin: 15px 0; line-height: 1.8; clear: both; display: block; width: 100%; float: none; position: static;\">Data produkcji: 2024\/2025<\/p>\n<p style=\"margin: 15px 0; line-height: 1.8; clear: both; display: block; width: 100%; float: none; position: static;\">Zu\u017cycie paliwa: klasa C<\/p>\n<p style=\"margin: 15px 0; line-height: 1.8; clear: both; display: block; width: 100%; float: none; position: static;\">Przyczepno\u015b\u0107 na mokrym: klasa B<\/p>\n<p style=\"margin: 15px 0; line-height: 1.8; clear: both; display: block; width: 100%; float: none; position: static;\">Poziom ha\u0142asu: 71 dB<\/p>\n<\/div>\n<\/div>\n<\/div>\n<div style=\"clear: both; display: block; margin: 10px 0;\">\n<div style=\"clear: both; display: block; margin: 10px 0;\">\n<div style=\"clear: both; display: block; margin: 10px 0;\">\n<div  style=\"max-width:760px;max-height:582px\">\n<div style=\"clear: both; display: block; margin: 10px 0;\">\n<div style=\"clear: both; width: 100%; display: block; margin: 20px 0; padding: 0; float: none; position: static; text-align: center;\"><img decoding=\"async\"  src=\"https:\/\/a.allegroimg.com\/original\/116340\/1dcc12fa47bab173065fcc3e4ccb\/4-x-Michelin-CrossClimate-2-245-35R20-95-Y-XL-FR-3PMSF-opona-caloroczna-Liczba-opon-w-ofercie-Komplet-4-szt\" srcset=\"https:\/\/a.allegroimg.com\/original\/116340\/1dcc12fa47bab173065fcc3e4ccb\/4-x-Michelin-CrossClimate-2-245-35R20-95-Y-XL-FR-3PMSF-opona-caloroczna-Liczba-opon-w-ofercie-Komplet-4-szt 360w,https:\/\/a.allegroimg.com\/original\/116340\/1dcc12fa47bab173065fcc3e4ccb\/4-x-Michelin-CrossClimate-2-245-35R20-95-Y-XL-FR-3PMSF-opona-caloroczna-Liczba-opon-w-ofercie-Komplet-4-szt 720w,https:\/\/a.allegroimg.com\/original\/116340\/1dcc12fa47bab173065fcc3e4ccb\/4-x-Michelin-CrossClimate-2-245-35R20-95-Y-XL-FR-3PMSF-opona-caloroczna-Liczba-opon-w-ofercie-Komplet-4-szt 760w,https:\/\/a.allegroimg.com\/original\/116340\/1dcc12fa47bab173065fcc3e4ccb\/4-x-Michelin-CrossClimate-2-245-35R20-95-Y-XL-FR-3PMSF-opona-caloroczna-Liczba-opon-w-ofercie-Komplet-4-szt 760w\" sizes=\"(min-width: 1200px) 560px, (min-width: 992px) 50vw, 100vw\" width=\"760px\" alt=\"4 x Michelin CrossClimate 2 245\/35R20 95 Y XL FR 3PMSF opona ca\u0142oroczna Liczba opon w ofercie Komplet 4 szt.\"\/ style=\"max-width: 100%; height: auto; display: block; margin: 0 auto;\"><\/div>\n<\/div>\n<\/div>\n<\/div>\n<\/div>\n<div style=\"clear: both; display: block; margin: 10px 0;\">\n<div style=\"clear: both; display: block; margin: 10px 0;\">\n<h1>Michelin CrossClimate 2 \u2013 ca\u0142oroczna innowacja<\/h1>\n<p style=\"margin: 15px 0; line-height: 1.8; clear: both; display: block; width: 100%; float: none; position: static;\">Michelin CrossClimate 2 to zaawansowana technologicznie opona ca\u0142oroczna klasy premium, kt\u00f3ra z powodzeniem zast\u0119puje sezonowe zestawy letnie i zimowe. Dzi\u0119ki homologacji 3PMSF opona ta mo\u017ce by\u0107 bezpiecznie u\u017cywana w warunkach zimowych \u2013 tak\u017ce tam, gdzie lokalne przepisy wymagaj\u0105 ogumienia zimowego. To zas\u0142uga specjalnej mieszanki gumowej, kt\u00f3ra pozostaje elastyczna zar\u00f3wno w mro\u017anych, jak i gor\u0105cych warunkach, zachowuj\u0105c doskona\u0142\u0105 przyczepno\u015b\u0107 przez ca\u0142y rok.<\/p>\n<\/div>\n<\/div>\n<\/div>\n<div style=\"clear: both; display: block; margin: 10px 0;\">\n<div style=\"clear: both; display: block; margin: 10px 0;\">\n<div style=\"clear: both; display: block; margin: 10px 0;\">\n<div  style=\"max-width:760px;max-height:580px\">\n<div style=\"clear: both; display: block; margin: 10px 0;\">\n<div style=\"clear: both; width: 100%; display: block; margin: 20px 0; padding: 0; float: none; position: static; text-align: center;\"><img decoding=\"async\"  src=\"https:\/\/a.allegroimg.com\/original\/11b470\/79a580994a6a9cab1f5a6494ae65\/4-x-Michelin-CrossClimate-2-245-35R20-95-Y-XL-FR-3PMSF-opona-caloroczna-Marka-Michelin\" srcset=\"https:\/\/a.allegroimg.com\/original\/11b470\/79a580994a6a9cab1f5a6494ae65\/4-x-Michelin-CrossClimate-2-245-35R20-95-Y-XL-FR-3PMSF-opona-caloroczna-Marka-Michelin 360w,https:\/\/a.allegroimg.com\/original\/11b470\/79a580994a6a9cab1f5a6494ae65\/4-x-Michelin-CrossClimate-2-245-35R20-95-Y-XL-FR-3PMSF-opona-caloroczna-Marka-Michelin 720w,https:\/\/a.allegroimg.com\/original\/11b470\/79a580994a6a9cab1f5a6494ae65\/4-x-Michelin-CrossClimate-2-245-35R20-95-Y-XL-FR-3PMSF-opona-caloroczna-Marka-Michelin 760w,https:\/\/a.allegroimg.com\/original\/11b470\/79a580994a6a9cab1f5a6494ae65\/4-x-Michelin-CrossClimate-2-245-35R20-95-Y-XL-FR-3PMSF-opona-caloroczna-Marka-Michelin 760w\" sizes=\"(min-width: 1200px) 560px, (min-width: 992px) 50vw, 100vw\" width=\"760px\" alt=\"4 x Michelin CrossClimate 2 245\/35R20 95 Y XL FR 3PMSF opona ca\u0142oroczna Marka Michelin\"\/ style=\"max-width: 100%; height: auto; display: block; margin: 0 auto;\"><\/div>\n<\/div>\n<\/div>\n<\/div>\n<\/div>\n<div style=\"clear: both; display: block; margin: 10px 0;\">\n<div style=\"clear: both; display: block; margin: 10px 0;\">\n<h1>Mistrz hamowania na suchej i mokrej nawierzchni<\/h1>\n<p style=\"margin: 15px 0; line-height: 1.8; clear: both; display: block; width: 100%; float: none; position: static;\">CrossClimate 2 nale\u017cy do lider\u00f3w w swojej klasie, je\u015bli chodzi o bezpiecze\u0144stwo. Testy wykazuj\u0105, \u017ce opona ta oferuje jedn\u0105 z najkr\u00f3tszych dr\u00f3g hamowania zar\u00f3wno na mokrej, jak i suchej nawierzchni. Kierunkowy bie\u017cnik w kszta\u0142cie litery \u201eV\u201d oraz technologie takie jak V-Ramp Blocks i SipeLock 3D gwarantuj\u0105 pewne prowadzenie pojazdu, nawet podczas dynamicznych manewr\u00f3w i w trudnych warunkach pogodowych.<\/p>\n<\/div>\n<\/div>\n<\/div>\n<div style=\"clear: both; display: block; margin: 10px 0;\">\n<div style=\"clear: both; display: block; margin: 10px 0;\">\n<div style=\"clear: both; display: block; margin: 10px 0;\">\n<div  style=\"max-width:760px;max-height:624px\">\n<div style=\"clear: both; display: block; margin: 10px 0;\">\n<div style=\"clear: both; width: 100%; display: block; margin: 20px 0; padding: 0; float: none; position: static; text-align: center;\"><img decoding=\"async\"  src=\"https:\/\/a.allegroimg.com\/original\/110746\/d3648806436aaae9e57669acd43e\/4-x-Michelin-CrossClimate-2-245-35R20-95-Y-XL-FR-3PMSF-opona-caloroczna-Szerokosc-opony-245-mm\" srcset=\"https:\/\/a.allegroimg.com\/original\/110746\/d3648806436aaae9e57669acd43e\/4-x-Michelin-CrossClimate-2-245-35R20-95-Y-XL-FR-3PMSF-opona-caloroczna-Szerokosc-opony-245-mm 360w,https:\/\/a.allegroimg.com\/original\/110746\/d3648806436aaae9e57669acd43e\/4-x-Michelin-CrossClimate-2-245-35R20-95-Y-XL-FR-3PMSF-opona-caloroczna-Szerokosc-opony-245-mm 720w,https:\/\/a.allegroimg.com\/original\/110746\/d3648806436aaae9e57669acd43e\/4-x-Michelin-CrossClimate-2-245-35R20-95-Y-XL-FR-3PMSF-opona-caloroczna-Szerokosc-opony-245-mm 760w,https:\/\/a.allegroimg.com\/original\/110746\/d3648806436aaae9e57669acd43e\/4-x-Michelin-CrossClimate-2-245-35R20-95-Y-XL-FR-3PMSF-opona-caloroczna-Szerokosc-opony-245-mm 760w\" sizes=\"(min-width: 1200px) 560px, (min-width: 992px) 50vw, 100vw\" width=\"760px\" alt=\"4 x Michelin CrossClimate 2 245\/35R20 95 Y XL FR 3PMSF opona ca\u0142oroczna Szeroko\u015b\u0107 opony 245 mm\"\/ style=\"max-width: 100%; height: auto; display: block; margin: 0 auto;\"><\/div>\n<\/div>\n<\/div>\n<\/div>\n<\/div>\n<div style=\"clear: both; display: block; margin: 10px 0;\">\n<div style=\"clear: both; display: block; margin: 10px 0;\">\n<h1>Oszcz\u0119dno\u015b\u0107 paliwa i d\u0142u\u017csze przebiegi<\/h1>\n<p style=\"margin: 15px 0; line-height: 1.8; clear: both; display: block; width: 100%; float: none; position: static;\">Jedn\u0105 z cech wyr\u00f3\u017cniaj\u0105cych Michelin CrossClimate 2 jest jej trwa\u0142o\u015b\u0107 i efektywno\u015b\u0107 energetyczna. Dzi\u0119ki niskiemu oporowi toczenia \u2013 nawet o 10% ni\u017cszemu ni\u017c w poprzednich generacjach \u2013 model ten pozwala obni\u017cy\u0107 zu\u017cycie paliwa w samochodach spalinowych oraz zwi\u0119kszy\u0107 zasi\u0119g w autach elektrycznych. Dodatkowo, technologia MaxTouch Construction zapewnia r\u00f3wnomierne roz\u0142o\u017cenie si\u0142 podczas hamowania i przyspieszania, co przek\u0142ada si\u0119 na wyd\u0142u\u017con\u0105 \u017cywotno\u015b\u0107 bie\u017cnika \u2013 w por\u00f3wnaniu z konkurencj\u0105.<\/p>\n<\/div>\n<\/div>\n<\/div>\n<div style=\"clear: both; display: block; margin: 10px 0;\">\n<div style=\"clear: both; display: block; margin: 10px 0;\">\n<div style=\"clear: both; display: block; margin: 10px 0;\">\n<div  style=\"max-width:760px;max-height:624px\">\n<div style=\"clear: both; display: block; margin: 10px 0;\">\n<div style=\"clear: both; width: 100%; display: block; margin: 20px 0; padding: 0; float: none; position: static; text-align: center;\"><img decoding=\"async\"  src=\"https:\/\/a.allegroimg.com\/original\/11c316\/e275e0c24b499eb3d15fed95ef4f\/4-x-Michelin-CrossClimate-2-245-35R20-95-Y-XL-FR-3PMSF-opona-caloroczna-Srednica-20\" srcset=\"https:\/\/a.allegroimg.com\/original\/11c316\/e275e0c24b499eb3d15fed95ef4f\/4-x-Michelin-CrossClimate-2-245-35R20-95-Y-XL-FR-3PMSF-opona-caloroczna-Srednica-20 360w,https:\/\/a.allegroimg.com\/original\/11c316\/e275e0c24b499eb3d15fed95ef4f\/4-x-Michelin-CrossClimate-2-245-35R20-95-Y-XL-FR-3PMSF-opona-caloroczna-Srednica-20 720w,https:\/\/a.allegroimg.com\/original\/11c316\/e275e0c24b499eb3d15fed95ef4f\/4-x-Michelin-CrossClimate-2-245-35R20-95-Y-XL-FR-3PMSF-opona-caloroczna-Srednica-20 760w,https:\/\/a.allegroimg.com\/original\/11c316\/e275e0c24b499eb3d15fed95ef4f\/4-x-Michelin-CrossClimate-2-245-35R20-95-Y-XL-FR-3PMSF-opona-caloroczna-Srednica-20 760w\" sizes=\"(min-width: 1200px) 560px, (min-width: 992px) 50vw, 100vw\" width=\"760px\" alt=\"4 x Michelin CrossClimate 2 245\/35R20 95 Y XL FR 3PMSF opona ca\u0142oroczna \u015arednica 20&quot;\"\/ style=\"max-width: 100%; height: auto; display: block; margin: 0 auto;\"><\/div>\n<\/div>\n<\/div>\n<\/div>\n<\/div>\n<div style=\"clear: both; display: block; margin: 10px 0;\">\n<div style=\"clear: both; display: block; margin: 10px 0;\">\n<h1>Komfort jazdy i uniwersalno\u015b\u0107 zastosowania<\/h1>\n<p style=\"margin: 15px 0; line-height: 1.8; clear: both; display: block; width: 100%; float: none; position: static;\">Opona zosta\u0142a zaprojektowana z my\u015bl\u0105 o kierowcach oczekuj\u0105cych nie tylko osi\u0105g\u00f3w, ale te\u017c wygody. Michelin CrossClimate 2 charakteryzuje si\u0119 cich\u0105 prac\u0105 oraz wysokim komfortem toczenia, co szczeg\u00f3lnie doceniaj\u0105 u\u017cytkownicy aut rodzinnych, SUV-\u00f3w i sedan\u00f3w klasy \u015bredniej. Model dost\u0119pny jest w szerokiej gamie rozmiar\u00f3w \u2013 od kompaktowych samochod\u00f3w miejskich po wi\u0119ksze limuzyny i auta hybrydowe. To doskona\u0142y wyb\u00f3r dla kierowc\u00f3w, kt\u00f3rzy chc\u0105 zaoszcz\u0119dzi\u0107 czas, pieni\u0105dze i przestrze\u0144 w gara\u017cu, rezygnuj\u0105c z sezonowej wymiany opon bez utraty bezpiecze\u0144stwa.<\/p>\n<\/div>\n<\/div>\n<\/div>\n<\/div>\n<\/div>\n<\/div>\n<div style=\"clear: both; display: block; margin: 10px 0;\">\n","protected":false},"excerpt":{"rendered":"<p>Michelin CrossClimate 2 245\/35R20 95 Y XL FR 3PMSF<\/p>\n<p>Producent: Michelin<\/p>\n<p>Model: CrossClimate 2<\/p>\n<p>Sezon: ca\u0142oroczne<\/p>\n<p>Rozmiar: 245\/35R20<\/p>\n<p>Data produkcji: 2024\/2025<\/p>\n<p>Zu\u017cycie paliwa: klasa C<\/p>\n<p>Przyczepno\u015b\u0107 na mokrym: klasa B<\/p>\n","protected":false},"featured_media":13070,"template":"","meta":{"_uag_custom_page_level_css":""},"product_brand":[429],"product_cat":[416,414,413,412],"product_tag":[],"class_list":{"0":"post-13069","1":"product","2":"type-product","3":"status-publish","4":"has-post-thumbnail","6":"product_brand-michelin","7":"product_cat-caloroczne","8":"product_cat-do-samochodow-osobowych-i-suv","9":"product_cat-opony","10":"product_cat-opony-i-felgi","12":"first","13":"instock","14":"shipping-taxable","15":"purchasable","16":"product-type-simple"},"uagb_featured_image_src":{"full":["https:\/\/oponixo.shop\/tire\/wp-content\/uploads\/2026\/01\/allegro-image-13069.jpg",377,500,false],"thumbnail":["https:\/\/oponixo.shop\/tire\/wp-content\/uploads\/2026\/01\/allegro-image-13069-150x150.jpg",150,150,true],"medium":["https:\/\/oponixo.shop\/tire\/wp-content\/uploads\/2026\/01\/allegro-image-13069-226x300.jpg",226,300,true],"medium_large":["https:\/\/oponixo.shop\/tire\/wp-content\/uploads\/2026\/01\/allegro-image-13069.jpg",377,500,false],"large":["https:\/\/oponixo.shop\/tire\/wp-content\/uploads\/2026\/01\/allegro-image-13069.jpg",377,500,false],"1536x1536":["https:\/\/oponixo.shop\/tire\/wp-content\/uploads\/2026\/01\/allegro-image-13069.jpg",377,500,false],"2048x2048":["https:\/\/oponixo.shop\/tire\/wp-content\/uploads\/2026\/01\/allegro-image-13069.jpg",377,500,false],"woocommerce_thumbnail":["https:\/\/oponixo.shop\/tire\/wp-content\/uploads\/2026\/01\/allegro-image-13069-300x300.jpg",300,300,true],"woocommerce_single":["https:\/\/oponixo.shop\/tire\/wp-content\/uploads\/2026\/01\/allegro-image-13069.jpg",377,500,false],"woocommerce_gallery_thumbnail":["https:\/\/oponixo.shop\/tire\/wp-content\/uploads\/2026\/01\/allegro-image-13069-100x100.jpg",100,100,true]},"uagb_author_info":{"display_name":"admin","author_link":"https:\/\/oponixo.shop\/tire\/author\/"},"uagb_comment_info":0,"uagb_excerpt":"Michelin CrossClimate 2 245\/35R20 95 Y XL FR 3PMSF Producent: Michelin Model: CrossClimate 2 Sezon: ca\u0142oroczne Rozmiar: 245\/35R20 Data produkcji: 2024\/2025 Zu\u017cycie paliwa: klasa C Przyczepno\u015b\u0107 na mokrym: klasa B","_links":{"self":[{"href":"https:\/\/oponixo.shop\/tire\/wp-json\/wp\/v2\/product\/13069","targetHints":{"allow":["GET"]}}],"collection":[{"href":"https:\/\/oponixo.shop\/tire\/wp-json\/wp\/v2\/product"}],"about":[{"href":"https:\/\/oponixo.shop\/tire\/wp-json\/wp\/v2\/types\/product"}],"wp:featuredmedia":[{"embeddable":true,"href":"https:\/\/oponixo.shop\/tire\/wp-json\/wp\/v2\/media\/13070"}],"wp:attachment":[{"href":"https:\/\/oponixo.shop\/tire\/wp-json\/wp\/v2\/media?parent=13069"}],"wp:term":[{"taxonomy":"product_brand","embeddable":true,"href":"https:\/\/oponixo.shop\/tire\/wp-json\/wp\/v2\/product_brand?post=13069"},{"taxonomy":"product_cat","embeddable":true,"href":"https:\/\/oponixo.shop\/tire\/wp-json\/wp\/v2\/product_cat?post=13069"},{"taxonomy":"product_tag","embeddable":true,"href":"https:\/\/oponixo.shop\/tire\/wp-json\/wp\/v2\/product_tag?post=13069"}],"curies":[{"name":"wp","href":"https:\/\/api.w.org\/{rel}","templated":true}]}}