{"id":13075,"date":"2026-01-05T20:51:27","date_gmt":"2026-01-05T19:51:27","guid":{"rendered":"https:\/\/oponyprofi.shop\/xef5\/produkt\/2x-falken-eurowinter-hs02-205-65r17-100h\/"},"modified":"2026-01-05T20:51:28","modified_gmt":"2026-01-05T19:51:28","slug":"2x-falken-eurowinter-hs02-205-65r17-100h","status":"publish","type":"product","link":"https:\/\/oponixo.shop\/tire\/produkt\/2x-falken-eurowinter-hs02-205-65r17-100h\/","title":{"rendered":"2x Falken EUROWINTER HS02 205\/65R17 100H"},"content":{"rendered":"<div style=\"font-family: Arial, sans-serif; line-height: 1.6; color: #333; padding: 20px; clear: both; display: block; width: 100%; float: none; position: static; overflow: hidden;\">\n<div style=\"clear: both; display: block; margin: 10px 0;\">\n<div style=\"clear: both; display: block; margin: 10px 0;\">\n<div style=\"clear: both; display: block; margin: 10px 0;\">\n<h1>2x nowe opony zimowe FALKEN EUROWINTER HS02 205\/65R17 100H<\/h1>\n<p style=\"margin: 15px 0; line-height: 1.8; clear: both; display: block; width: 100%; float: none; position: static;\">Cechy produktu<\/p>\n<ul style=\"margin: 15px 0; padding-left: 20px; clear: both; display: block; width: 100%; float: none; position: static;\">\n<li style=\"margin: 5px 0; padding: 2px 0; clear: both; display: list-item; float: none; position: static;\">Marka: Falken<\/li>\n<li style=\"margin: 5px 0; padding: 2px 0; clear: both; display: list-item; float: none; position: static;\">Model: EUROWINTER HS02<\/li>\n<li style=\"margin: 5px 0; padding: 2px 0; clear: both; display: list-item; float: none; position: static;\">Szeroko\u015b\u0107\/profil\/\u015brednica: 205\/65R17<\/li>\n<li style=\"margin: 5px 0; padding: 2px 0; clear: both; display: list-item; float: none; position: static;\">Indeks no\u015bno\u015bci: do 100 (800 kg na opon\u0119)<\/li>\n<li style=\"margin: 5px 0; padding: 2px 0; clear: both; display: list-item; float: none; position: static;\">Indeks pr\u0119dko\u015bci: H (do 210 km\/h)<\/li>\n<li style=\"margin: 5px 0; padding: 2px 0; clear: both; display: list-item; float: none; position: static;\">Sezon: zimowe<\/li>\n<li style=\"margin: 5px 0; padding: 2px 0; clear: both; display: list-item; float: none; position: static;\">Typ pojazdu: osobowy<\/li>\n<li style=\"margin: 5px 0; padding: 2px 0; clear: both; display: list-item; float: none; position: static;\">Klasa energetyczna: <\/li>\n<li style=\"margin: 5px 0; padding: 2px 0; clear: both; display: list-item; float: none; position: static;\">Klasa przyczepno\u015bci: <\/li>\n<li style=\"margin: 5px 0; padding: 2px 0; clear: both; display: list-item; float: none; position: static;\">Poziom ha\u0142asu: <\/li>\n<li style=\"margin: 5px 0; padding: 2px 0; clear: both; display: list-item; float: none; position: static;\">Klasa ha\u0142asu: <\/li>\n<li style=\"margin: 5px 0; padding: 2px 0; clear: both; display: list-item; float: none; position: static;\">Rok produkcji: 2025<\/li>\n<\/ul>\n<\/div>\n<\/div>\n<div style=\"clear: both; display: block; margin: 10px 0;\">\n<div style=\"clear: both; display: block; margin: 10px 0;\">\n<div  style=\"max-width:561px;max-height:800px\">\n<div style=\"clear: both; display: block; margin: 10px 0;\">\n<div style=\"clear: both; width: 100%; display: block; margin: 20px 0; padding: 0; float: none; position: static; text-align: center;\"><img decoding=\"async\"  src=\"https:\/\/a.allegroimg.com\/original\/11b9d7\/3723a90f43c08a1f26c167301f39\/2x-Falken-EUROWINTER-HS02-205-65R17-100H\" srcset=\"https:\/\/a.allegroimg.com\/original\/11b9d7\/3723a90f43c08a1f26c167301f39\/2x-Falken-EUROWINTER-HS02-205-65R17-100H 252w,https:\/\/a.allegroimg.com\/original\/11b9d7\/3723a90f43c08a1f26c167301f39\/2x-Falken-EUROWINTER-HS02-205-65R17-100H 504w,https:\/\/a.allegroimg.com\/original\/11b9d7\/3723a90f43c08a1f26c167301f39\/2x-Falken-EUROWINTER-HS02-205-65R17-100H 561w,https:\/\/a.allegroimg.com\/original\/11b9d7\/3723a90f43c08a1f26c167301f39\/2x-Falken-EUROWINTER-HS02-205-65R17-100H 561w\" sizes=\"(min-width: 1200px) 560px, (min-width: 992px) 50vw, 100vw\" width=\"561px\" alt=\"2x Falken EUROWINTER HS02 205\/65R17 100H\"\/ style=\"max-width: 100%; height: auto; display: block; margin: 0 auto;\"><\/div>\n<\/div>\n<\/div>\n<\/div>\n<\/div>\n<\/div>\n<div style=\"clear: both; display: block; margin: 10px 0;\">\n<div style=\"clear: both; display: block; margin: 10px 0;\">\n<div style=\"clear: both; display: block; margin: 10px 0;\">\n<div  style=\"max-width:205px;max-height:295px\">\n<div style=\"clear: both; display: block; margin: 10px 0;\">\n<div style=\"clear: both; width: 100%; display: block; margin: 20px 0; padding: 0; float: none; position: static; text-align: center;\"><img decoding=\"async\"  src=\"https:\/\/a.allegroimg.com\/original\/11f63b\/97cd9611448d9f3bebf7fede783d\/2x-Falken-EUROWINTER-HS02-205-65R17-100H-Liczba-opon-w-ofercie-2-szt\" srcset=\"https:\/\/a.allegroimg.com\/original\/11f63b\/97cd9611448d9f3bebf7fede783d\/2x-Falken-EUROWINTER-HS02-205-65R17-100H-Liczba-opon-w-ofercie-2-szt 205w,https:\/\/a.allegroimg.com\/original\/11f63b\/97cd9611448d9f3bebf7fede783d\/2x-Falken-EUROWINTER-HS02-205-65R17-100H-Liczba-opon-w-ofercie-2-szt 205w\" sizes=\"(min-width: 1200px) 560px, (min-width: 992px) 50vw, 100vw\" width=\"205px\" alt=\"2x Falken EUROWINTER HS02 205\/65R17 100H Liczba opon w ofercie 2 szt.\"\/ style=\"max-width: 100%; height: auto; display: block; margin: 0 auto;\"><\/div>\n<\/div>\n<\/div>\n<\/div>\n<\/div>\n<div style=\"clear: both; display: block; margin: 10px 0;\">\n<div style=\"clear: both; display: block; margin: 10px 0;\">\n<div  style=\"max-width:1024px;max-height:258px\">\n<div style=\"clear: both; display: block; margin: 10px 0;\">\n<div style=\"clear: both; width: 100%; display: block; margin: 20px 0; padding: 0; float: none; position: static; text-align: center;\"><img decoding=\"async\"  src=\"https:\/\/a.allegroimg.com\/original\/110c49\/a79fae454b7a9c9b68221143bb76\/2x-Falken-EUROWINTER-HS02-205-65R17-100H-Rok-produkcji-2025\" srcset=\"https:\/\/a.allegroimg.com\/original\/110c49\/a79fae454b7a9c9b68221143bb76\/2x-Falken-EUROWINTER-HS02-205-65R17-100H-Rok-produkcji-2025 360w,https:\/\/a.allegroimg.com\/original\/110c49\/a79fae454b7a9c9b68221143bb76\/2x-Falken-EUROWINTER-HS02-205-65R17-100H-Rok-produkcji-2025 720w,https:\/\/a.allegroimg.com\/original\/110c49\/a79fae454b7a9c9b68221143bb76\/2x-Falken-EUROWINTER-HS02-205-65R17-100H-Rok-produkcji-2025 1024w,https:\/\/a.allegroimg.com\/original\/110c49\/a79fae454b7a9c9b68221143bb76\/2x-Falken-EUROWINTER-HS02-205-65R17-100H-Rok-produkcji-2025 1024w\" sizes=\"(min-width: 1200px) 560px, (min-width: 992px) 50vw, 100vw\" width=\"1024px\" alt=\"2x Falken EUROWINTER HS02 205\/65R17 100H Rok produkcji 2025\"\/ style=\"max-width: 100%; height: auto; display: block; margin: 0 auto;\"><\/div>\n<\/div>\n<\/div>\n<\/div>\n<\/div>\n<\/div>\n<div style=\"clear: both; display: block; margin: 10px 0;\">\n<div style=\"clear: both; display: block; margin: 10px 0;\">\n<div style=\"clear: both; display: block; margin: 10px 0;\">\n<p style=\"margin: 15px 0; line-height: 1.8; clear: both; display: block; width: 100%; float: none; position: static;\">Falken to japo\u0144ska marka opon powsta\u0142a w 1983 roku. Azjatycka marka   szybko sta\u0142a si\u0119 popularna r\u00f3wnie\u017c w Stanach Zjednoczonych oferuj\u0105c   opony do aut osobowych, dostawczych, terenowych ci\u0119\u017carowych i   przemys\u0142owych. Firma Falken s\u0142ynie jednak z opon do sport\u00f3w motorowych i   do samochod\u00f3w o wysokich osi\u0105gach. Mi\u0142o\u015bnicy szybkiej jazdy doceni\u0105   stabilno\u015b\u0107 na zakr\u0119tach, odporno\u015b\u0107 na zjawisko aquaplaningu i wysoki   komfort. Obecnie japo\u0144ska marka nale\u017cy do koncernu Sumitomo Rubber   Industries &#8211; jednego z najwi\u0119kszych potentat\u00f3w oponiarskich na \u015bwiecie<\/p>\n<\/div>\n<\/div>\n<\/div>\n<\/div>\n<\/div>\n<\/div>\n<div style=\"clear: both; display: block; margin: 10px 0;\">\n","protected":false},"excerpt":{"rendered":"<p>2x nowe opony zimowe FALKEN EUROWINTER HS02 205\/65R17 100H<\/p>\n<p>Cechy produktu<\/p>\n<p>Marka: Falken<\/p>\n<p>Model: EUROWINTER HS02<\/p>\n<p>Szeroko\u015b\u0107\/profil\/\u015brednica: 205\/65R17<\/p>\n<p>Indeks no\u015bno\u015bci: do 100 (800 kg na opon\u0119)<\/p>\n<p>Indeks pr\u0119dko\u015bci: H (do 210 km\/h)<\/p>\n<p>Sezon: zimowe<\/p>\n","protected":false},"featured_media":13076,"template":"","meta":{"_uag_custom_page_level_css":""},"product_brand":[451],"product_cat":[414,413,412,415],"product_tag":[],"class_list":{"0":"post-13075","1":"product","2":"type-product","3":"status-publish","4":"has-post-thumbnail","6":"product_brand-falken","7":"product_cat-do-samochodow-osobowych-i-suv","8":"product_cat-opony","9":"product_cat-opony-i-felgi","10":"product_cat-zimowe","12":"first","13":"instock","14":"shipping-taxable","15":"purchasable","16":"product-type-simple"},"uagb_featured_image_src":{"full":["https:\/\/oponixo.shop\/tire\/wp-content\/uploads\/2026\/01\/allegro-image-13075.jpg",561,800,false],"thumbnail":["https:\/\/oponixo.shop\/tire\/wp-content\/uploads\/2026\/01\/allegro-image-13075-150x150.jpg",150,150,true],"medium":["https:\/\/oponixo.shop\/tire\/wp-content\/uploads\/2026\/01\/allegro-image-13075-210x300.jpg",210,300,true],"medium_large":["https:\/\/oponixo.shop\/tire\/wp-content\/uploads\/2026\/01\/allegro-image-13075.jpg",561,800,false],"large":["https:\/\/oponixo.shop\/tire\/wp-content\/uploads\/2026\/01\/allegro-image-13075.jpg",561,800,false],"1536x1536":["https:\/\/oponixo.shop\/tire\/wp-content\/uploads\/2026\/01\/allegro-image-13075.jpg",561,800,false],"2048x2048":["https:\/\/oponixo.shop\/tire\/wp-content\/uploads\/2026\/01\/allegro-image-13075.jpg",561,800,false],"woocommerce_thumbnail":["https:\/\/oponixo.shop\/tire\/wp-content\/uploads\/2026\/01\/allegro-image-13075-300x300.jpg",300,300,true],"woocommerce_single":["https:\/\/oponixo.shop\/tire\/wp-content\/uploads\/2026\/01\/allegro-image-13075.jpg",561,800,false],"woocommerce_gallery_thumbnail":["https:\/\/oponixo.shop\/tire\/wp-content\/uploads\/2026\/01\/allegro-image-13075-100x100.jpg",100,100,true]},"uagb_author_info":{"display_name":"admin","author_link":"https:\/\/oponixo.shop\/tire\/author\/"},"uagb_comment_info":0,"uagb_excerpt":"2x nowe opony zimowe FALKEN EUROWINTER HS02 205\/65R17 100H Cechy produktu Marka: Falken Model: EUROWINTER HS02 Szeroko\u015b\u0107\/profil\/\u015brednica: 205\/65R17 Indeks no\u015bno\u015bci: do 100 (800 kg na opon\u0119) Indeks pr\u0119dko\u015bci: H (do 210 km\/h) Sezon: zimowe","_links":{"self":[{"href":"https:\/\/oponixo.shop\/tire\/wp-json\/wp\/v2\/product\/13075","targetHints":{"allow":["GET"]}}],"collection":[{"href":"https:\/\/oponixo.shop\/tire\/wp-json\/wp\/v2\/product"}],"about":[{"href":"https:\/\/oponixo.shop\/tire\/wp-json\/wp\/v2\/types\/product"}],"wp:featuredmedia":[{"embeddable":true,"href":"https:\/\/oponixo.shop\/tire\/wp-json\/wp\/v2\/media\/13076"}],"wp:attachment":[{"href":"https:\/\/oponixo.shop\/tire\/wp-json\/wp\/v2\/media?parent=13075"}],"wp:term":[{"taxonomy":"product_brand","embeddable":true,"href":"https:\/\/oponixo.shop\/tire\/wp-json\/wp\/v2\/product_brand?post=13075"},{"taxonomy":"product_cat","embeddable":true,"href":"https:\/\/oponixo.shop\/tire\/wp-json\/wp\/v2\/product_cat?post=13075"},{"taxonomy":"product_tag","embeddable":true,"href":"https:\/\/oponixo.shop\/tire\/wp-json\/wp\/v2\/product_tag?post=13075"}],"curies":[{"name":"wp","href":"https:\/\/api.w.org\/{rel}","templated":true}]}}