{"id":13129,"date":"2026-01-05T20:51:43","date_gmt":"2026-01-05T19:51:43","guid":{"rendered":"https:\/\/oponyprofi.shop\/xef5\/produkt\/2-x-goodyear-ug-8-performance-255-60r18-108-h-ao-fr-3pmsf-opona-zimowa\/"},"modified":"2026-01-05T20:51:44","modified_gmt":"2026-01-05T19:51:44","slug":"2-x-goodyear-ug-8-performance-255-60r18-108-h-ao-fr-3pmsf-opona-zimowa","status":"publish","type":"product","link":"https:\/\/oponixo.shop\/tire\/produkt\/2-x-goodyear-ug-8-performance-255-60r18-108-h-ao-fr-3pmsf-opona-zimowa\/","title":{"rendered":"2 x Goodyear UG 8 Performance 255\/60R18 108 H AO FR 3PMSF opona zimowa"},"content":{"rendered":"<div style=\"font-family: Arial, sans-serif; line-height: 1.6; color: #333; padding: 20px; clear: both; display: block; width: 100%; float: none; position: static; overflow: hidden;\">\n<div style=\"clear: both; display: block; margin: 10px 0;\">\n<div style=\"clear: both; display: block; margin: 10px 0;\">\n<div style=\"clear: both; display: block; margin: 10px 0;\">\n<div  style=\"max-width:220px;max-height:220px\">\n<div style=\"clear: both; display: block; margin: 10px 0;\">\n<div style=\"clear: both; width: 100%; display: block; margin: 20px 0; padding: 0; float: none; position: static; text-align: center;\"><img decoding=\"async\"  src=\"https:\/\/a.allegroimg.com\/original\/118f64\/99b2e4844cf4a2a6b2109e078006\/2-x-Goodyear-UG-8-Performance-255-60R18-108-H-AO-FR-3PMSF-opona-zimowa\" srcset=\"https:\/\/a.allegroimg.com\/original\/118f64\/99b2e4844cf4a2a6b2109e078006\/2-x-Goodyear-UG-8-Performance-255-60R18-108-H-AO-FR-3PMSF-opona-zimowa 220w,https:\/\/a.allegroimg.com\/original\/118f64\/99b2e4844cf4a2a6b2109e078006\/2-x-Goodyear-UG-8-Performance-255-60R18-108-H-AO-FR-3PMSF-opona-zimowa 220w\" sizes=\"(min-width: 1200px) 560px, (min-width: 992px) 50vw, 100vw\" width=\"220px\" alt=\"2 x Goodyear UG 8 Performance 255\/60R18 108 H AO FR 3PMSF opona zimowa\"\/ style=\"max-width: 100%; height: auto; display: block; margin: 0 auto;\"><\/div>\n<\/div>\n<\/div>\n<\/div>\n<\/div>\n<div style=\"clear: both; display: block; margin: 10px 0;\">\n<div style=\"clear: both; display: block; margin: 10px 0;\">\n<h2>Goodyear UG 8 Performance 255\/60R18 108 H AO FR 3PMSF<\/h2>\n<p style=\"margin: 15px 0; line-height: 1.8; clear: both; display: block; width: 100%; float: none; position: static;\">Producent: Goodyear<\/p>\n<p style=\"margin: 15px 0; line-height: 1.8; clear: both; display: block; width: 100%; float: none; position: static;\">Model: UG 8 Performance<\/p>\n<p style=\"margin: 15px 0; line-height: 1.8; clear: both; display: block; width: 100%; float: none; position: static;\">Sezon: zimowe<\/p>\n<p style=\"margin: 15px 0; line-height: 1.8; clear: both; display: block; width: 100%; float: none; position: static;\">Rozmiar: 255\/60R18<\/p>\n<p style=\"margin: 15px 0; line-height: 1.8; clear: both; display: block; width: 100%; float: none; position: static;\">Data produkcji: do 36 miesi\u0119cy<\/p>\n<p style=\"margin: 15px 0; line-height: 1.8; clear: both; display: block; width: 100%; float: none; position: static;\">Zu\u017cycie paliwa: klasa C<\/p>\n<p style=\"margin: 15px 0; line-height: 1.8; clear: both; display: block; width: 100%; float: none; position: static;\">Przyczepno\u015b\u0107 na mokrym: klasa C<\/p>\n<p style=\"margin: 15px 0; line-height: 1.8; clear: both; display: block; width: 100%; float: none; position: static;\">Poziom ha\u0142asu: 72 dB<\/p>\n<\/div>\n<\/div>\n<\/div>\n<div style=\"clear: both; display: block; margin: 10px 0;\">\n<div style=\"clear: both; display: block; margin: 10px 0;\">\n<div style=\"clear: both; display: block; margin: 10px 0;\">\n<div  style=\"max-width:760px;max-height:582px\">\n<div style=\"clear: both; display: block; margin: 10px 0;\">\n<div style=\"clear: both; width: 100%; display: block; margin: 20px 0; padding: 0; float: none; position: static; text-align: center;\"><img decoding=\"async\"  src=\"https:\/\/a.allegroimg.com\/original\/11836f\/62752bda426fa89c8be3339461ef\/2-x-Goodyear-UG-8-Performance-255-60R18-108-H-AO-FR-3PMSF-opona-zimowa-Liczba-opon-w-ofercie-2-szt\" srcset=\"https:\/\/a.allegroimg.com\/original\/11836f\/62752bda426fa89c8be3339461ef\/2-x-Goodyear-UG-8-Performance-255-60R18-108-H-AO-FR-3PMSF-opona-zimowa-Liczba-opon-w-ofercie-2-szt 360w,https:\/\/a.allegroimg.com\/original\/11836f\/62752bda426fa89c8be3339461ef\/2-x-Goodyear-UG-8-Performance-255-60R18-108-H-AO-FR-3PMSF-opona-zimowa-Liczba-opon-w-ofercie-2-szt 720w,https:\/\/a.allegroimg.com\/original\/11836f\/62752bda426fa89c8be3339461ef\/2-x-Goodyear-UG-8-Performance-255-60R18-108-H-AO-FR-3PMSF-opona-zimowa-Liczba-opon-w-ofercie-2-szt 760w,https:\/\/a.allegroimg.com\/original\/11836f\/62752bda426fa89c8be3339461ef\/2-x-Goodyear-UG-8-Performance-255-60R18-108-H-AO-FR-3PMSF-opona-zimowa-Liczba-opon-w-ofercie-2-szt 760w\" sizes=\"(min-width: 1200px) 560px, (min-width: 992px) 50vw, 100vw\" width=\"760px\" alt=\"2 x Goodyear UG 8 Performance 255\/60R18 108 H AO FR 3PMSF opona zimowa Liczba opon w ofercie 2 szt.\"\/ style=\"max-width: 100%; height: auto; display: block; margin: 0 auto;\"><\/div>\n<\/div>\n<\/div>\n<\/div>\n<\/div>\n<div style=\"clear: both; display: block; margin: 10px 0;\">\n<div style=\"clear: both; display: block; margin: 10px 0;\">\n<h1>Goodyear UG 8 Performance \u2013 zimowa pewno\u015b\u0107 w klasie premium<\/h1>\n<p style=\"margin: 15px 0; line-height: 1.8; clear: both; display: block; width: 100%; float: none; position: static;\">Goodyear UltraGrip 8 Performance to zimowa opona klasy premium, stworzona z my\u015bl\u0105 o kierowcach poszukuj\u0105cych najwy\u017cszego poziomu bezpiecze\u0144stwa w ka\u017cdych warunkach \u2013 od \u015bniegu i lodu, przez b\u0142oto po\u015bniegowe, a\u017c po mokr\u0105 i such\u0105 nawierzchni\u0119. Zastosowanie kierunkowego bie\u017cnika w po\u0142\u0105czeniu z zaawansowan\u0105 technologi\u0105 3D-BIS (blokuj\u0105ce si\u0119 klocki bie\u017cnika) oraz szerokim centralnym \u017cebrem umo\u017cliwia szybkie odprowadzanie wody i b\u0142ota, a tak\u017ce poprawia trakcj\u0119 i skraca drog\u0119 hamowania. To opona, kt\u00f3ra doskonale radzi sobie w zr\u00f3\u017cnicowanych warunkach zimowych i zapewnia stabilno\u015b\u0107 oraz przewidywalne prowadzenie nawet w trudnych sytuacjach.<\/p>\n<\/div>\n<\/div>\n<\/div>\n<div style=\"clear: both; display: block; margin: 10px 0;\">\n<div style=\"clear: both; display: block; margin: 10px 0;\">\n<div style=\"clear: both; display: block; margin: 10px 0;\">\n<div  style=\"max-width:760px;max-height:580px\">\n<div style=\"clear: both; display: block; margin: 10px 0;\">\n<div style=\"clear: both; width: 100%; display: block; margin: 20px 0; padding: 0; float: none; position: static; text-align: center;\"><img decoding=\"async\"  src=\"https:\/\/a.allegroimg.com\/original\/11ea26\/575b9c674508ae7cc361aa3cf927\/2-x-Goodyear-UG-8-Performance-255-60R18-108-H-AO-FR-3PMSF-opona-zimowa-Marka-Goodyear\" srcset=\"https:\/\/a.allegroimg.com\/original\/11ea26\/575b9c674508ae7cc361aa3cf927\/2-x-Goodyear-UG-8-Performance-255-60R18-108-H-AO-FR-3PMSF-opona-zimowa-Marka-Goodyear 360w,https:\/\/a.allegroimg.com\/original\/11ea26\/575b9c674508ae7cc361aa3cf927\/2-x-Goodyear-UG-8-Performance-255-60R18-108-H-AO-FR-3PMSF-opona-zimowa-Marka-Goodyear 720w,https:\/\/a.allegroimg.com\/original\/11ea26\/575b9c674508ae7cc361aa3cf927\/2-x-Goodyear-UG-8-Performance-255-60R18-108-H-AO-FR-3PMSF-opona-zimowa-Marka-Goodyear 760w,https:\/\/a.allegroimg.com\/original\/11ea26\/575b9c674508ae7cc361aa3cf927\/2-x-Goodyear-UG-8-Performance-255-60R18-108-H-AO-FR-3PMSF-opona-zimowa-Marka-Goodyear 760w\" sizes=\"(min-width: 1200px) 560px, (min-width: 992px) 50vw, 100vw\" width=\"760px\" alt=\"2 x Goodyear UG 8 Performance 255\/60R18 108 H AO FR 3PMSF opona zimowa Marka Goodyear\"\/ style=\"max-width: 100%; height: auto; display: block; margin: 0 auto;\"><\/div>\n<\/div>\n<\/div>\n<\/div>\n<\/div>\n<div style=\"clear: both; display: block; margin: 10px 0;\">\n<div style=\"clear: both; display: block; margin: 10px 0;\">\n<h1>Technologia dla skuteczno\u015bci i oszcz\u0119dno\u015bci<\/h1>\n<p style=\"margin: 15px 0; line-height: 1.8; clear: both; display: block; width: 100%; float: none; position: static;\">UltraGrip 8 Performance wyr\u00f3\u017cnia si\u0119 elastyczn\u0105 mieszank\u0105 z dodatkiem krzemionki, kt\u00f3ra gwarantuje przyczepno\u015b\u0107 nawet w bardzo niskich temperaturach. Dzi\u0119ki wi\u0119kszej powierzchni styku z nawierzchni\u0105, opona oferuje precyzyjn\u0105 reakcj\u0119 na ruchy kierownic\u0105 oraz wysok\u0105 stabilno\u015b\u0107 toru jazdy. Zoptymalizowane hydrodynamiczne rowki skutecznie zapobiegaj\u0105 zjawisku aquaplaningu, a niska masa i zredukowane opory toczenia wp\u0142ywaj\u0105 pozytywnie na zu\u017cycie paliwa i emisj\u0119 CO\u2082. Model ten \u0142\u0105czy w sobie techniczn\u0105 zaawansowan\u0105 konstrukcj\u0119 z praktycznym podej\u015bciem do ekonomii codziennego u\u017cytkowania.<\/p>\n<\/div>\n<\/div>\n<\/div>\n<div style=\"clear: both; display: block; margin: 10px 0;\">\n<div style=\"clear: both; display: block; margin: 10px 0;\">\n<div style=\"clear: both; display: block; margin: 10px 0;\">\n<div  style=\"max-width:760px;max-height:624px\">\n<div style=\"clear: both; display: block; margin: 10px 0;\">\n<div style=\"clear: both; width: 100%; display: block; margin: 20px 0; padding: 0; float: none; position: static; text-align: center;\"><img decoding=\"async\"  src=\"https:\/\/a.allegroimg.com\/original\/11176b\/e77abc1940af96388a6871dbd528\/2-x-Goodyear-UG-8-Performance-255-60R18-108-H-AO-FR-3PMSF-opona-zimowa-Kod-producenta-531847\" srcset=\"https:\/\/a.allegroimg.com\/original\/11176b\/e77abc1940af96388a6871dbd528\/2-x-Goodyear-UG-8-Performance-255-60R18-108-H-AO-FR-3PMSF-opona-zimowa-Kod-producenta-531847 360w,https:\/\/a.allegroimg.com\/original\/11176b\/e77abc1940af96388a6871dbd528\/2-x-Goodyear-UG-8-Performance-255-60R18-108-H-AO-FR-3PMSF-opona-zimowa-Kod-producenta-531847 720w,https:\/\/a.allegroimg.com\/original\/11176b\/e77abc1940af96388a6871dbd528\/2-x-Goodyear-UG-8-Performance-255-60R18-108-H-AO-FR-3PMSF-opona-zimowa-Kod-producenta-531847 760w,https:\/\/a.allegroimg.com\/original\/11176b\/e77abc1940af96388a6871dbd528\/2-x-Goodyear-UG-8-Performance-255-60R18-108-H-AO-FR-3PMSF-opona-zimowa-Kod-producenta-531847 760w\" sizes=\"(min-width: 1200px) 560px, (min-width: 992px) 50vw, 100vw\" width=\"760px\" alt=\"2 x Goodyear UG 8 Performance 255\/60R18 108 H AO FR 3PMSF opona zimowa Kod producenta 531847\"\/ style=\"max-width: 100%; height: auto; display: block; margin: 0 auto;\"><\/div>\n<\/div>\n<\/div>\n<\/div>\n<\/div>\n<div style=\"clear: both; display: block; margin: 10px 0;\">\n<div style=\"clear: both; display: block; margin: 10px 0;\">\n<h1>Sprawdzona i polecana przez kierowc\u00f3w<\/h1>\n<p style=\"margin: 15px 0; line-height: 1.8; clear: both; display: block; width: 100%; float: none; position: static;\">Dost\u0119pna w rozmiarach od 15 do 20 cali, Goodyear UltraGrip 8 Performance to sprawdzony wyb\u00f3r dla samochod\u00f3w osobowych r\u00f3\u017cnych klas, w tym r\u00f3wnie\u017c aut z wi\u0119ksz\u0105 moc\u0105 i nap\u0119dem na cztery ko\u0142a. Przez lata by\u0142a wysoko oceniana w testach niezale\u017cnych, a tak\u017ce doceniana przez u\u017cytkownik\u00f3w za doskona\u0142\u0105 trakcj\u0119, cich\u0105 prac\u0119 i komfort jazdy w zimowych warunkach. W testach renomowanych organizacji, takich jak Sport Auto (2014) czy Auto Bild, opona zosta\u0142a oceniona jako \u201epolecana\u201d, a w te\u015bcie ADAC (2013) uzyska\u0142a not\u0119 \u201ezadowalaj\u0105ca\u201d \u2013 co potwierdza jej solidne osi\u0105gi w wymagaj\u0105cych zimowych warunkach. Je\u017celi szukasz niezawodnej opony zimowej, kt\u00f3ra zapewni Ci kontrol\u0119, bezpiecze\u0144stwo i wygod\u0119 w ka\u017cdych warunkach \u2013 ten model b\u0119dzie korzystnym i pewnym wyborem.<\/p>\n<\/div>\n<\/div>\n<\/div>\n<\/div>\n<\/div>\n<\/div>\n<div style=\"clear: both; display: block; margin: 10px 0;\">\n","protected":false},"excerpt":{"rendered":"<p>Goodyear UG 8 Performance 255\/60R18 108 H AO FR 3PMSF<\/p>\n<p>Producent: Goodyear<\/p>\n<p>Model: UG 8 Performance<\/p>\n<p>Sezon: zimowe<\/p>\n<p>Rozmiar: 255\/60R18<\/p>\n<p>Data produkcji: do 36 miesi\u0119cy<\/p>\n<p>Zu\u017cycie paliwa: klasa C<\/p>\n<p>Przyczepno\u015b\u0107 na mokrym: klasa C<\/p>\n","protected":false},"featured_media":13130,"template":"","meta":{"_uag_custom_page_level_css":""},"product_brand":[437],"product_cat":[414,413,412,415],"product_tag":[],"class_list":{"0":"post-13129","1":"product","2":"type-product","3":"status-publish","4":"has-post-thumbnail","6":"product_brand-goodyear","7":"product_cat-do-samochodow-osobowych-i-suv","8":"product_cat-opony","9":"product_cat-opony-i-felgi","10":"product_cat-zimowe","12":"first","13":"instock","14":"shipping-taxable","15":"purchasable","16":"product-type-simple"},"uagb_featured_image_src":{"full":["https:\/\/oponixo.shop\/tire\/wp-content\/uploads\/2026\/01\/allegro-image-13129.jpg",220,220,false],"thumbnail":["https:\/\/oponixo.shop\/tire\/wp-content\/uploads\/2026\/01\/allegro-image-13129-150x150.jpg",150,150,true],"medium":["https:\/\/oponixo.shop\/tire\/wp-content\/uploads\/2026\/01\/allegro-image-13129.jpg",220,220,false],"medium_large":["https:\/\/oponixo.shop\/tire\/wp-content\/uploads\/2026\/01\/allegro-image-13129.jpg",220,220,false],"large":["https:\/\/oponixo.shop\/tire\/wp-content\/uploads\/2026\/01\/allegro-image-13129.jpg",220,220,false],"1536x1536":["https:\/\/oponixo.shop\/tire\/wp-content\/uploads\/2026\/01\/allegro-image-13129.jpg",220,220,false],"2048x2048":["https:\/\/oponixo.shop\/tire\/wp-content\/uploads\/2026\/01\/allegro-image-13129.jpg",220,220,false],"woocommerce_thumbnail":["https:\/\/oponixo.shop\/tire\/wp-content\/uploads\/2026\/01\/allegro-image-13129.jpg",220,220,false],"woocommerce_single":["https:\/\/oponixo.shop\/tire\/wp-content\/uploads\/2026\/01\/allegro-image-13129.jpg",220,220,false],"woocommerce_gallery_thumbnail":["https:\/\/oponixo.shop\/tire\/wp-content\/uploads\/2026\/01\/allegro-image-13129-100x100.jpg",100,100,true]},"uagb_author_info":{"display_name":"admin","author_link":"https:\/\/oponixo.shop\/tire\/author\/"},"uagb_comment_info":0,"uagb_excerpt":"Goodyear UG 8 Performance 255\/60R18 108 H AO FR 3PMSF Producent: Goodyear Model: UG 8 Performance Sezon: zimowe Rozmiar: 255\/60R18 Data produkcji: do 36 miesi\u0119cy Zu\u017cycie paliwa: klasa C Przyczepno\u015b\u0107 na mokrym: klasa C","_links":{"self":[{"href":"https:\/\/oponixo.shop\/tire\/wp-json\/wp\/v2\/product\/13129","targetHints":{"allow":["GET"]}}],"collection":[{"href":"https:\/\/oponixo.shop\/tire\/wp-json\/wp\/v2\/product"}],"about":[{"href":"https:\/\/oponixo.shop\/tire\/wp-json\/wp\/v2\/types\/product"}],"wp:featuredmedia":[{"embeddable":true,"href":"https:\/\/oponixo.shop\/tire\/wp-json\/wp\/v2\/media\/13130"}],"wp:attachment":[{"href":"https:\/\/oponixo.shop\/tire\/wp-json\/wp\/v2\/media?parent=13129"}],"wp:term":[{"taxonomy":"product_brand","embeddable":true,"href":"https:\/\/oponixo.shop\/tire\/wp-json\/wp\/v2\/product_brand?post=13129"},{"taxonomy":"product_cat","embeddable":true,"href":"https:\/\/oponixo.shop\/tire\/wp-json\/wp\/v2\/product_cat?post=13129"},{"taxonomy":"product_tag","embeddable":true,"href":"https:\/\/oponixo.shop\/tire\/wp-json\/wp\/v2\/product_tag?post=13129"}],"curies":[{"name":"wp","href":"https:\/\/api.w.org\/{rel}","templated":true}]}}