{"id":13137,"date":"2026-01-05T20:51:45","date_gmt":"2026-01-05T19:51:45","guid":{"rendered":"https:\/\/oponyprofi.shop\/xef5\/produkt\/4x-continental-conticrosscontact-lx-sp-255-60r18\/"},"modified":"2026-01-05T20:51:46","modified_gmt":"2026-01-05T19:51:46","slug":"4x-continental-conticrosscontact-lx-sp-255-60r18","status":"publish","type":"product","link":"https:\/\/oponixo.shop\/tire\/produkt\/4x-continental-conticrosscontact-lx-sp-255-60r18\/","title":{"rendered":"4x CONTINENTAL CONTICROSSCONTACT LX SP 255\/60R18"},"content":{"rendered":"<div style=\"font-family: Arial, sans-serif; line-height: 1.6; color: #333; padding: 20px; clear: both; display: block; width: 100%; float: none; position: static; overflow: hidden;\">\n<div style=\"clear: both; display: block; margin: 10px 0;\">\n<div style=\"clear: both; display: block; margin: 10px 0;\">\n<div style=\"clear: both; display: block; margin: 10px 0;\">\n<h2>4x CONTINENTAL CONTICROSSCONTACT LX SP 255\/60R18<\/h2>\n<\/div>\n<\/div>\n<\/div>\n<div style=\"clear: both; display: block; margin: 10px 0;\">\n<div style=\"clear: both; display: block; margin: 10px 0;\">\n<div style=\"clear: both; display: block; margin: 10px 0;\">\n<div  style=\"max-width:920px;max-height:1120px\">\n<div style=\"clear: both; display: block; margin: 10px 0;\">\n<div style=\"clear: both; width: 100%; display: block; margin: 20px 0; padding: 0; float: none; position: static; text-align: center;\"><img decoding=\"async\"  src=\"https:\/\/a.allegroimg.com\/original\/11b8c6\/7ab8c2da4c0992dcce8dc77b2251\/4x-CONTINENTAL-CONTICROSSCONTACT-LX-SP-255-60R18\" srcset=\"https:\/\/a.allegroimg.com\/original\/11b8c6\/7ab8c2da4c0992dcce8dc77b2251\/4x-CONTINENTAL-CONTICROSSCONTACT-LX-SP-255-60R18 295w,https:\/\/a.allegroimg.com\/original\/11b8c6\/7ab8c2da4c0992dcce8dc77b2251\/4x-CONTINENTAL-CONTICROSSCONTACT-LX-SP-255-60R18 591w,https:\/\/a.allegroimg.com\/original\/11b8c6\/7ab8c2da4c0992dcce8dc77b2251\/4x-CONTINENTAL-CONTICROSSCONTACT-LX-SP-255-60R18 841w,https:\/\/a.allegroimg.com\/original\/11b8c6\/7ab8c2da4c0992dcce8dc77b2251\/4x-CONTINENTAL-CONTICROSSCONTACT-LX-SP-255-60R18 920w,https:\/\/a.allegroimg.com\/original\/11b8c6\/7ab8c2da4c0992dcce8dc77b2251\/4x-CONTINENTAL-CONTICROSSCONTACT-LX-SP-255-60R18 920w\" sizes=\"(min-width: 1200px) 560px, (min-width: 992px) 50vw, 100vw\" width=\"920px\" alt=\"4x CONTINENTAL CONTICROSSCONTACT LX SP 255\/60R18\"\/ style=\"max-width: 100%; height: auto; display: block; margin: 0 auto;\"><\/div>\n<\/div>\n<\/div>\n<\/div>\n<\/div>\n<div style=\"clear: both; display: block; margin: 10px 0;\">\n<div style=\"clear: both; display: block; margin: 10px 0;\">\n<h2>Letnie opony CONTINENTAL CONTICROSSCONTACT LX SP XL FR J 255\/60 R18 112 V<\/h2>\n<p style=\"margin: 15px 0; line-height: 1.8; clear: both; display: block; width: 100%; float: none; position: static;\">Opony CONTINENTAL CONTICROSSCONTACT LX SP XL FR J to znacz\u0105cy model w portfolio producenta.\u00a0<\/p>\n<p style=\"margin: 15px 0; line-height: 1.8; clear: both; display: block; width: 100%; float: none; position: static;\">Charakteryzuje si\u0119 optymalnym oporem toczenia. Opony klasy Premium s\u0105 wytwarzane z zastosowaniem najbardziej zaawansowanych technologii na \u015bwiecie.<\/p>\n<ul style=\"margin: 15px 0; padding-left: 20px; clear: both; display: block; width: 100%; float: none; position: static;\">\n<li style=\"margin: 5px 0; padding: 2px 0; clear: both; display: list-item; float: none; position: static;\"><b>Stan:<\/b>\u00a0Nowy<\/li>\n<li style=\"margin: 5px 0; padding: 2px 0; clear: both; display: list-item; float: none; position: static;\"><b>EAN:<\/b>\u00a04019238666601<\/li>\n<li style=\"margin: 5px 0; padding: 2px 0; clear: both; display: list-item; float: none; position: static;\"><b>Producent:<\/b> CONTINENTAL<\/li>\n<li style=\"margin: 5px 0; padding: 2px 0; clear: both; display: list-item; float: none; position: static;\"><b>Model:<\/b> CONTICROSSCONTACT LX SP XL FR J<\/li>\n<li style=\"margin: 5px 0; padding: 2px 0; clear: both; display: list-item; float: none; position: static;\"><b>Rozmiar:<\/b> 255\/60 R18<\/li>\n<li style=\"margin: 5px 0; padding: 2px 0; clear: both; display: list-item; float: none; position: static;\"><b>Indeks no\u015bno\u015bci:<\/b> 112<\/li>\n<li style=\"margin: 5px 0; padding: 2px 0; clear: both; display: list-item; float: none; position: static;\"><b>Indeks pr\u0119dko\u015bci:<\/b> V<\/li>\n<li style=\"margin: 5px 0; padding: 2px 0; clear: both; display: list-item; float: none; position: static;\"><b>Ha\u0142as db:<\/b>\u00a073<\/li>\n<li style=\"margin: 5px 0; padding: 2px 0; clear: both; display: list-item; float: none; position: static;\"><b>Sezon:<\/b> Letnie<\/li>\n<li style=\"margin: 5px 0; padding: 2px 0; clear: both; display: list-item; float: none; position: static;\"><b>Rok produkcji:<\/b> 2024<\/li>\n<li style=\"margin: 5px 0; padding: 2px 0; clear: both; display: list-item; float: none; position: static;\"><b>Przeznaczenie:<\/b> SUV\/4&#215;4<\/li>\n<li style=\"margin: 5px 0; padding: 2px 0; clear: both; display: list-item; float: none; position: static;\"><b>Kl. przycz. na mokrej naw.:<\/b>\u00a0C<\/li>\n<li style=\"margin: 5px 0; padding: 2px 0; clear: both; display: list-item; float: none; position: static;\"><b>Kl. efekt. paliwowej:\u00a0<\/b>C<\/li>\n<\/ul>\n<\/div>\n<\/div>\n<\/div>\n<div style=\"clear: both; display: block; margin: 10px 0;\">\n<div style=\"clear: both; display: block; margin: 10px 0;\">\n<div style=\"clear: both; display: block; margin: 10px 0;\">\n<div  style=\"max-width:800px;max-height:259px\">\n<div style=\"clear: both; display: block; margin: 10px 0;\">\n<div style=\"clear: both; width: 100%; display: block; margin: 20px 0; padding: 0; float: none; position: static; text-align: center;\"><img decoding=\"async\"  src=\"https:\/\/a.allegroimg.com\/original\/114c0d\/24b4cc0f4a6db4500ba44197f06b\/4x-CONTINENTAL-CONTICROSSCONTACT-LX-SP-255-60R18-Liczba-opon-w-ofercie-Komplet-4-szt\" srcset=\"https:\/\/a.allegroimg.com\/original\/114c0d\/24b4cc0f4a6db4500ba44197f06b\/4x-CONTINENTAL-CONTICROSSCONTACT-LX-SP-255-60R18-Liczba-opon-w-ofercie-Komplet-4-szt 360w,https:\/\/a.allegroimg.com\/original\/114c0d\/24b4cc0f4a6db4500ba44197f06b\/4x-CONTINENTAL-CONTICROSSCONTACT-LX-SP-255-60R18-Liczba-opon-w-ofercie-Komplet-4-szt 720w,https:\/\/a.allegroimg.com\/original\/114c0d\/24b4cc0f4a6db4500ba44197f06b\/4x-CONTINENTAL-CONTICROSSCONTACT-LX-SP-255-60R18-Liczba-opon-w-ofercie-Komplet-4-szt 800w,https:\/\/a.allegroimg.com\/original\/114c0d\/24b4cc0f4a6db4500ba44197f06b\/4x-CONTINENTAL-CONTICROSSCONTACT-LX-SP-255-60R18-Liczba-opon-w-ofercie-Komplet-4-szt 800w\" sizes=\"100vw\" width=\"800px\" alt=\"4x CONTINENTAL CONTICROSSCONTACT LX SP 255\/60R18 Liczba opon w ofercie Komplet 4 szt.\"\/ style=\"max-width: 100%; height: auto; display: block; margin: 0 auto;\"><\/div>\n<\/div>\n<\/div>\n<\/div>\n<\/div>\n<\/div>\n<div style=\"clear: both; display: block; margin: 10px 0;\">\n<div style=\"clear: both; display: block; margin: 10px 0;\">\n<div style=\"clear: both; display: block; margin: 10px 0;\">\n<p style=\"margin: 15px 0; line-height: 1.8; clear: both; display: block; width: 100%; float: none; position: static;\">Continental powsta\u0142 w 1872 roku i dzia\u0142a\u0142a pod nazw\u0105 Continental-Caoutchouc und Gutta-Percha Compagnie. Na pocz\u0105tku swojej dzia\u0142alno\u015bci Continental zajmowa\u0142 si\u0119 produkcj\u0105 ogumienia oraz opon do powoz\u00f3w i rower\u00f3w. W 1882 roku powsta\u0142o charakterystyczne logo Continental przedstawiaj\u0105ce nieokie\u0142znanego konia.<\/p>\n<p style=\"margin: 15px 0; line-height: 1.8; clear: both; display: block; width: 100%; float: none; position: static;\">Producent z Hanoweru zosta\u0142 pierwszym wytw\u00f3rc\u0105 pneumatycznych opon rowerowych. Produkcja opon do automobili ruszy\u0142a nieca\u0142e 6 lat p\u00f3\u017aniej. Continental zdoby\u0142 \u015bwiatowy rozg\u0142os w 1901 roku, kiedy to Mercedes-Daimler wyposa\u017cony w opony niemieckiego producenta zwyci\u0119\u017cy\u0142 w wy\u015bcigu Nicea-SalonNicea.<\/p>\n<p style=\"margin: 15px 0; line-height: 1.8; clear: both; display: block; width: 100%; float: none; position: static;\">Marka zosta\u0142a dostrze\u017cona przez \u015bwiat motoryzacji, kiedy w 1904 roku wyprodukowa\u0142a jako pierwsza opon\u0119, z rze\u017abionym bie\u017cnikiem co by\u0142o prze\u0142omowym punktem w historii motoryzacji.<\/p>\n<p style=\"margin: 15px 0; line-height: 1.8; clear: both; display: block; width: 100%; float: none; position: static;\">Continental obecnie to jeden z najwi\u0119kszych producent\u00f3w opon klasy premium na \u015bwiecie. Produkuje opony, kt\u00f3re maj\u0105 zastosowanie w autach osobowych, ci\u0119\u017car\u00f3wkach, autobusach, pojazdach budowlanych, rowerach i motocyklach.<\/p>\n<p style=\"margin: 15px 0; line-height: 1.8; clear: both; display: block; width: 100%; float: none; position: static;\">Producent zosta\u0142 doceniony tytu\u0142em Laur Konsumenta Top Marka 2023, kt\u00f3ry zosta\u0142 przyznany marce Continental w kategorii \u201eInnowacyjne technologie bran\u017cy motoryzacyjnej\u201d. Tym presti\u017cowym tytu\u0142em mog\u0105 si\u0119 pochwali\u0107 marki o szczeg\u00f3lnej pozycji niekwestionowanego lidera w swojej kategorii.<\/p>\n<\/div>\n<\/div>\n<\/div>\n<div style=\"clear: both; display: block; margin: 10px 0;\">\n<div style=\"clear: both; display: block; margin: 10px 0;\">\n<div style=\"clear: both; display: block; margin: 10px 0;\">\n<div  style=\"max-width:1200px;max-height:1758px\">\n<div style=\"clear: both; display: block; margin: 10px 0;\">\n<div style=\"clear: both; width: 100%; display: block; margin: 20px 0; padding: 0; float: none; position: static; text-align: center;\"><img decoding=\"async\"  src=\"https:\/\/a.allegroimg.com\/original\/1119cd\/f8f9a0894fd48ac983dd1424dbca\/4x-CONTINENTAL-CONTICROSSCONTACT-LX-SP-255-60R18-Rok-produkcji-2024\" srcset=\"https:\/\/a.allegroimg.com\/original\/1119cd\/f8f9a0894fd48ac983dd1424dbca\/4x-CONTINENTAL-CONTICROSSCONTACT-LX-SP-255-60R18-Rok-produkcji-2024 245w,https:\/\/a.allegroimg.com\/original\/1119cd\/f8f9a0894fd48ac983dd1424dbca\/4x-CONTINENTAL-CONTICROSSCONTACT-LX-SP-255-60R18-Rok-produkcji-2024 491w,https:\/\/a.allegroimg.com\/original\/1119cd\/f8f9a0894fd48ac983dd1424dbca\/4x-CONTINENTAL-CONTICROSSCONTACT-LX-SP-255-60R18-Rok-produkcji-2024 698w,https:\/\/a.allegroimg.com\/original\/1119cd\/f8f9a0894fd48ac983dd1424dbca\/4x-CONTINENTAL-CONTICROSSCONTACT-LX-SP-255-60R18-Rok-produkcji-2024 982w,https:\/\/a.allegroimg.com\/original\/1119cd\/f8f9a0894fd48ac983dd1424dbca\/4x-CONTINENTAL-CONTICROSSCONTACT-LX-SP-255-60R18-Rok-produkcji-2024 1200w\" sizes=\"(min-width: 1200px) 560px, (min-width: 992px) 50vw, 100vw\" width=\"1200px\" alt=\"4x CONTINENTAL CONTICROSSCONTACT LX SP 255\/60R18 Rok produkcji 2024\"\/ style=\"max-width: 100%; height: auto; display: block; margin: 0 auto;\"><\/div>\n<\/div>\n<\/div>\n<\/div>\n<\/div>\n<div style=\"clear: both; display: block; margin: 10px 0;\">\n<div style=\"clear: both; display: block; margin: 10px 0;\">\n<p style=\"margin: 15px 0; line-height: 1.8; clear: both; display: block; width: 100%; float: none; position: static;\">Dlaczego warto kupowa\u0107 u Nas ?<\/p>\n<p style=\"margin: 15px 0; line-height: 1.8; clear: both; display: block; width: 100%; float: none; position: static;\">Jeste\u015bmy firm\u0105, kt\u00f3ra na podstawie wieloletniego do\u015bwiadczenia z zaanga\u017cowaniem pomaga klientom w doborze oraz kupnie opon.<\/p>\n<p style=\"margin: 15px 0; line-height: 1.8; clear: both; display: block; width: 100%; float: none; position: static;\">Posiadamy szerok\u0105 game opon do aut osobowych, dostawczych, cie\u017carowych, motocyki jak i opon przemys\u0142owych.<\/p>\n<p style=\"margin: 15px 0; line-height: 1.8; clear: both; display: block; width: 100%; float: none; position: static;\">Gwarancja satysfakcjii oraz bezpiecznie przejechanych kilometr\u00f3w.<\/p>\n<p style=\"margin: 15px 0; line-height: 1.8; clear: both; display: block; width: 100%; float: none; position: static;\">Zosta\u0144 naszym kolejnym zadowolonym klientem.<\/p>\n<p style=\"margin: 15px 0; line-height: 1.8; clear: both; display: block; width: 100%; float: none; position: static;\">ZAPRASZAMY DO ZAKUP\u00d3W.<\/p>\n<\/div>\n<\/div>\n<\/div>\n<\/div>\n<\/div>\n<\/div>\n<div style=\"clear: both; display: block; margin: 10px 0;\">\n","protected":false},"excerpt":{"rendered":"<p>4x CONTINENTAL CONTICROSSCONTACT LX SP 255\/60R18<\/p>\n<p>Letnie opony CONTINENTAL CONTICROSSCONTACT LX SP XL FR J 255\/60 R18 112 V<\/p>\n<p>Opony CONTINENTAL CONTICROSSCONTACT LX SP XL FR J to znacz\u0105cy model w portfolio producenta.\u00a0<\/p>\n<p>Charakteryzuje si\u0119 optymalnym oporem toczenia. Opony klasy Premium s\u0105 wytwarzane z zastosowaniem najbardziej zaawansowanych technologii na \u015bwiecie.<\/p>\n<p>Stan:\u00a0Nowy<\/p>\n<p>EAN:\u00a04019238666601<\/p>\n<p>Producent: CONTINENTAL<\/p>\n<p>Model: CONTICROSSCONTACT LX SP XL FR J<\/p>\n","protected":false},"featured_media":13138,"template":"","meta":{"_uag_custom_page_level_css":""},"product_brand":[396],"product_cat":[414,418,413,412],"product_tag":[],"class_list":{"0":"post-13137","1":"product","2":"type-product","3":"status-publish","4":"has-post-thumbnail","6":"product_brand-continental","7":"product_cat-do-samochodow-osobowych-i-suv","8":"product_cat-letnie","9":"product_cat-opony","10":"product_cat-opony-i-felgi","12":"first","13":"instock","14":"shipping-taxable","15":"purchasable","16":"product-type-simple"},"uagb_featured_image_src":{"full":["https:\/\/oponixo.shop\/tire\/wp-content\/uploads\/2026\/01\/allegro-image-13137.jpg",920,1120,false],"thumbnail":["https:\/\/oponixo.shop\/tire\/wp-content\/uploads\/2026\/01\/allegro-image-13137-150x150.jpg",150,150,true],"medium":["https:\/\/oponixo.shop\/tire\/wp-content\/uploads\/2026\/01\/allegro-image-13137-246x300.jpg",246,300,true],"medium_large":["https:\/\/oponixo.shop\/tire\/wp-content\/uploads\/2026\/01\/allegro-image-13137-768x935.jpg",768,935,true],"large":["https:\/\/oponixo.shop\/tire\/wp-content\/uploads\/2026\/01\/allegro-image-13137-841x1024.jpg",841,1024,true],"1536x1536":["https:\/\/oponixo.shop\/tire\/wp-content\/uploads\/2026\/01\/allegro-image-13137.jpg",920,1120,false],"2048x2048":["https:\/\/oponixo.shop\/tire\/wp-content\/uploads\/2026\/01\/allegro-image-13137.jpg",920,1120,false],"woocommerce_thumbnail":["https:\/\/oponixo.shop\/tire\/wp-content\/uploads\/2026\/01\/allegro-image-13137-300x300.jpg",300,300,true],"woocommerce_single":["https:\/\/oponixo.shop\/tire\/wp-content\/uploads\/2026\/01\/allegro-image-13137-600x730.jpg",600,730,true],"woocommerce_gallery_thumbnail":["https:\/\/oponixo.shop\/tire\/wp-content\/uploads\/2026\/01\/allegro-image-13137-100x100.jpg",100,100,true]},"uagb_author_info":{"display_name":"admin","author_link":"https:\/\/oponixo.shop\/tire\/author\/"},"uagb_comment_info":0,"uagb_excerpt":"4x CONTINENTAL CONTICROSSCONTACT LX SP 255\/60R18 Letnie opony CONTINENTAL CONTICROSSCONTACT LX SP XL FR J 255\/60 R18 112 V Opony CONTINENTAL CONTICROSSCONTACT LX SP XL FR J to znacz\u0105cy model w portfolio producenta.\u00a0 Charakteryzuje si\u0119 optymalnym oporem toczenia. Opony klasy Premium s\u0105 wytwarzane z zastosowaniem najbardziej zaawansowanych technologii na \u015bwiecie. Stan:\u00a0Nowy EAN:\u00a04019238666601 Producent: CONTINENTAL Model:&hellip;","_links":{"self":[{"href":"https:\/\/oponixo.shop\/tire\/wp-json\/wp\/v2\/product\/13137","targetHints":{"allow":["GET"]}}],"collection":[{"href":"https:\/\/oponixo.shop\/tire\/wp-json\/wp\/v2\/product"}],"about":[{"href":"https:\/\/oponixo.shop\/tire\/wp-json\/wp\/v2\/types\/product"}],"wp:featuredmedia":[{"embeddable":true,"href":"https:\/\/oponixo.shop\/tire\/wp-json\/wp\/v2\/media\/13138"}],"wp:attachment":[{"href":"https:\/\/oponixo.shop\/tire\/wp-json\/wp\/v2\/media?parent=13137"}],"wp:term":[{"taxonomy":"product_brand","embeddable":true,"href":"https:\/\/oponixo.shop\/tire\/wp-json\/wp\/v2\/product_brand?post=13137"},{"taxonomy":"product_cat","embeddable":true,"href":"https:\/\/oponixo.shop\/tire\/wp-json\/wp\/v2\/product_cat?post=13137"},{"taxonomy":"product_tag","embeddable":true,"href":"https:\/\/oponixo.shop\/tire\/wp-json\/wp\/v2\/product_tag?post=13137"}],"curies":[{"name":"wp","href":"https:\/\/api.w.org\/{rel}","templated":true}]}}