{"id":13141,"date":"2026-01-05T20:51:46","date_gmt":"2026-01-05T19:51:46","guid":{"rendered":"https:\/\/oponyprofi.shop\/xef5\/produkt\/2x-goodyear-255-60r18-vector-4seasons-gen-3-suv-112v\/"},"modified":"2026-01-05T20:51:47","modified_gmt":"2026-01-05T19:51:47","slug":"2x-goodyear-255-60r18-vector-4seasons-gen-3-suv-112v","status":"publish","type":"product","link":"https:\/\/oponixo.shop\/tire\/produkt\/2x-goodyear-255-60r18-vector-4seasons-gen-3-suv-112v\/","title":{"rendered":"2x GoodYear 255\/60R18 VECTOR 4SEASONS GEN-3 SUV 112V"},"content":{"rendered":"<div style=\"font-family: Arial, sans-serif; line-height: 1.6; color: #333; padding: 20px; clear: both; display: block; width: 100%; float: none; position: static; overflow: hidden;\">\n<div style=\"clear: both; display: block; margin: 10px 0;\">\n<div style=\"clear: both; display: block; margin: 10px 0;\">\n<div style=\"clear: both; display: block; margin: 10px 0;\">\n<h2>Opona ca\u0142oroczna GoodYear VECTOR 4SEASONS GEN-3 SUV 255\/60R18 112V XL<\/h2>\n<p style=\"margin: 15px 0; line-height: 1.8; clear: both; display: block; width: 100%; float: none; position: static;\"><b>GoodYear na pierwszy monta\u017c dostarcza opony takim koncernom jak:<\/b>\u00a0Audi, Ferrari, Isuzu, Maserati, Opel, Skoda, BMW, Fiat, Iveco, Mercedes, Peugeot, Toyota, Chrysler, Ford, Jaguar, Mini, Porsche, Volkswagen, Citroen, General Motors, Lancia, Mitsubishi, Renalut, Dacia, Honda, Land Rover, Nissan, Rolls Royce.\u00a0<\/p>\n<p style=\"margin: 15px 0; line-height: 1.8; clear: both; display: block; width: 100%; float: none; position: static;\">Goodyear jest jedn\u0105 z wiod\u0105cych firm oponiarskich na \u015bwiecie dzia\u0142aj\u0105c\u0105 w wi\u0119kszo\u015bci region\u00f3w \u015bwiata i jedn\u0105 z najbardziej rozpoznawalnych marek. Wraz ze swoimi ameryka\u0144skimi i mi\u0119dzynarodowymi sp\u00f3\u0142kami zale\u017cnymi Goodyear rozwija, produkuje i sprzedaje opony do wi\u0119kszo\u015bci zastosowa\u0144. Firma produkuje i sprzedaje r\u00f3wnie\u017c chemikalia zwi\u0105zane z gum\u0105 do r\u00f3\u017cnych zastosowa\u0144.<\/p>\n<p style=\"margin: 15px 0; line-height: 1.8; clear: both; display: block; width: 100%; float: none; position: static;\">W przypadku Goodyeara warto wyr\u00f3\u017cni\u0107 stworzenie pierwszej na rynku opony wielosezonowej \u2013 All Weather \u2013 przeznaczonej do jazdy zar\u00f3wno w warunkach letnich, jak i zimowych. Goodyear jest tak\u017ce prekursorem stosowania kolc\u00f3w w oponach przeznaczonych na trudne warunki zimowe. Koncern jako pierwszy stworzy\u0142 opon\u0119 wykonan\u0105 z gumy syntetycznej. Goodyear produkuje szerok\u0105 gam\u0119 opon dla klient\u00f3w na ca\u0142ym \u015bwiecie. We wszystkich naszych markach oferujemy wszystkie korzy\u015bci, jakich oczekuj\u0105 dzisiejsi kierowcy, od innowacyjnej technologii i obs\u0142ugi wydajno\u015bci po niezawodno\u015b\u0107 w ka\u017cdych warunkach pogodowych i przyst\u0119pn\u0105 jako\u015b\u0107.<\/p>\n<p style=\"margin: 15px 0; line-height: 1.8; clear: both; display: block; width: 100%; float: none; position: static;\">W ostatnich latach ameryka\u0144ska marka pracuje nad koncepcjami, kt\u00f3re znajd\u0105 zastosowanie w czasach tzw. nowej mobilno\u015bci. Opracowa\u0142a m.in. opony w kszta\u0142cie kuli, stworzone z my\u015bl\u0105 o samochodach autonomicznych oraz opony w pe\u0142ni biodegradowalne. S\u0105 to rozwi\u0105zania, kt\u00f3rych wprowadzenie do produkcji seryjnej nie jest jeszcze mo\u017cliwe.<\/p>\n<p style=\"margin: 15px 0; line-height: 1.8; clear: both; display: block; width: 100%; float: none; position: static;\">Goodyear jest jednym z najwi\u0119kszych na \u015bwiecie operator\u00f3w serwis\u00f3w samochod\u00f3w ci\u0119\u017carowych i o\u015brodk\u00f3w zajmuj\u0105cych si\u0119 bie\u017cnikowaniem opon. Ponadto prowadzi dzia\u0142alno\u015b\u0107 oko\u0142o 1100 punkt\u00f3w sprzeda\u017cy opon i punkt\u00f3w us\u0142ugowych, w kt\u00f3rych oferuje swoje produkty do sprzeda\u017cy detalicznej i zapewnia naprawy samochod\u00f3w i inne us\u0142ugi. Goodyear produkuje swoje produkty w 47 obiektach w 21 krajach. Ma dzia\u0142ania marketingowe w prawie ka\u017cdym kraju na \u015bwiecie.<\/p>\n<p style=\"margin: 15px 0; line-height: 1.8; clear: both; display: block; width: 100%; float: none; position: static;\"><b>Do koncernu Goodyear Tire (USA) przynale\u017c\u0105 m.in. nast\u0119puj\u0105ce marki:<\/b>\u00a0Dunlop,\u00a0D\u0119bica,\u00a0Fulda,\u00a0Sava.\u00a0<\/p>\n<p style=\"margin: 15px 0; line-height: 1.8; clear: both; display: block; width: 100%; float: none; position: static;\">\u00a0<\/p>\n<p style=\"margin: 15px 0; line-height: 1.8; clear: both; display: block; width: 100%; float: none; position: static;\">\u00a0<\/p>\n<p style=\"margin: 15px 0; line-height: 1.8; clear: both; display: block; width: 100%; float: none; position: static;\">\u00a0<\/p>\n<\/div>\n<\/div>\n<\/div>\n<div style=\"clear: both; display: block; margin: 10px 0;\">\n<div style=\"clear: both; display: block; margin: 10px 0;\">\n<div style=\"clear: both; display: block; margin: 10px 0;\">\n<div  style=\"max-width:500px;max-height:500px\">\n<div style=\"clear: both; display: block; margin: 10px 0;\">\n<div style=\"clear: both; width: 100%; display: block; margin: 20px 0; padding: 0; float: none; position: static; text-align: center;\"><img decoding=\"async\"  src=\"https:\/\/a.allegroimg.com\/original\/11ec7e\/80ef6cd64a49a2e470ec13a3f170\/2x-GoodYear-255-60R18-VECTOR-4SEASONS-GEN-3-SUV-112V\" srcset=\"https:\/\/a.allegroimg.com\/original\/11ec7e\/80ef6cd64a49a2e470ec13a3f170\/2x-GoodYear-255-60R18-VECTOR-4SEASONS-GEN-3-SUV-112V 360w,https:\/\/a.allegroimg.com\/original\/11ec7e\/80ef6cd64a49a2e470ec13a3f170\/2x-GoodYear-255-60R18-VECTOR-4SEASONS-GEN-3-SUV-112V 500w,https:\/\/a.allegroimg.com\/original\/11ec7e\/80ef6cd64a49a2e470ec13a3f170\/2x-GoodYear-255-60R18-VECTOR-4SEASONS-GEN-3-SUV-112V 500w\" sizes=\"(min-width: 1200px) 560px, (min-width: 992px) 50vw, 100vw\" width=\"500px\" alt=\"2x GoodYear 255\/60R18 VECTOR 4SEASONS GEN-3 SUV 112V\"\/ style=\"max-width: 100%; height: auto; display: block; margin: 0 auto;\"><\/div>\n<\/div>\n<\/div>\n<\/div>\n<\/div>\n<div style=\"clear: both; display: block; margin: 10px 0;\">\n<div style=\"clear: both; display: block; margin: 10px 0;\">\n<ul style=\"margin: 15px 0; padding-left: 20px; clear: both; display: block; width: 100%; float: none; position: static;\">\n<li style=\"margin: 5px 0; padding: 2px 0; clear: both; display: list-item; float: none; position: static;\"><b>Marka:<\/b> GoodYear<\/li>\n<li style=\"margin: 5px 0; padding: 2px 0; clear: both; display: list-item; float: none; position: static;\"><b>Liczba opon w ofercie:<\/b> 2 szt.<\/li>\n<li style=\"margin: 5px 0; padding: 2px 0; clear: both; display: list-item; float: none; position: static;\"><b>Run flat:<\/b> Nie<\/li>\n<li style=\"margin: 5px 0; padding: 2px 0; clear: both; display: list-item; float: none; position: static;\"><b>Sezon:<\/b> Wielosezonowe<\/li>\n<li style=\"margin: 5px 0; padding: 2px 0; clear: both; display: list-item; float: none; position: static;\"><b>Model:<\/b> VECTOR 4SEASONS GEN-3 SUV<\/li>\n<li style=\"margin: 5px 0; padding: 2px 0; clear: both; display: list-item; float: none; position: static;\"><b>Szeroko\u015b\u0107 opony:<\/b> 255 mm<\/li>\n<li style=\"margin: 5px 0; padding: 2px 0; clear: both; display: list-item; float: none; position: static;\"><b>Profil opony:<\/b> 60<\/li>\n<li style=\"margin: 5px 0; padding: 2px 0; clear: both; display: list-item; float: none; position: static;\"><b>\u015arednica:<\/b> 18&#8243;<\/li>\n<li style=\"margin: 5px 0; padding: 2px 0; clear: both; display: list-item; float: none; position: static;\"><b>Indeks no\u015bno\u015bci:<\/b> 112 &#8211; 1120 kg<\/li>\n<li style=\"margin: 5px 0; padding: 2px 0; clear: both; display: list-item; float: none; position: static;\"><b>Indeks pr\u0119dko\u015bci:<\/b> V do 240 km\/h<\/li>\n<li style=\"margin: 5px 0; padding: 2px 0; clear: both; display: list-item; float: none; position: static;\"><b>Przyczepno\u015b\u0107 na mokrej nawierzchni:<\/b> Klasa B<\/li>\n<li style=\"margin: 5px 0; padding: 2px 0; clear: both; display: list-item; float: none; position: static;\"><b>Op\u00f3r toczenia:<\/b> Klasa B<\/li>\n<li style=\"margin: 5px 0; padding: 2px 0; clear: both; display: list-item; float: none; position: static;\"><b>Ha\u0142as zewn\u0119trzny:<\/b> 73 dB<\/li>\n<li style=\"margin: 5px 0; padding: 2px 0; clear: both; display: list-item; float: none; position: static;\"><b>Informacje dodatkowe:<\/b> wzmocnienie (XL)<\/li>\n<li style=\"margin: 5px 0; padding: 2px 0; clear: both; display: list-item; float: none; position: static;\"><b>Rok produkcji (DOT):<\/b> <b>2023<\/b><b> &#8211; opony z roku 2023 lub nowsze<\/b><\/li>\n<\/ul>\n<\/div>\n<\/div>\n<\/div>\n<\/div>\n<\/div>\n<\/div>\n<div style=\"clear: both; display: block; margin: 10px 0;\">\n","protected":false},"excerpt":{"rendered":"<p>Opona ca\u0142oroczna GoodYear VECTOR 4SEASONS GEN-3 SUV 255\/60R18 112V XL<\/p>\n<p>GoodYear na pierwszy monta\u017c dostarcza opony takim koncernom jak:\u00a0Audi, Ferrari, Isuzu, Maserati, Opel, Skoda, BMW, Fiat, Iveco, Mercedes, Peugeot, Toyota, Chrysler, Ford, Jaguar, Mini, Porsche, Volkswagen, Citroen, General Motors, Lancia, Mitsubishi, Renalut, Dacia, Honda, Land Rover, Nissan, Rolls Royce.\u00a0<\/p>\n","protected":false},"featured_media":13142,"template":"","meta":{"_uag_custom_page_level_css":""},"product_brand":[437],"product_cat":[416,414,413,412],"product_tag":[],"class_list":{"0":"post-13141","1":"product","2":"type-product","3":"status-publish","4":"has-post-thumbnail","6":"product_brand-goodyear","7":"product_cat-caloroczne","8":"product_cat-do-samochodow-osobowych-i-suv","9":"product_cat-opony","10":"product_cat-opony-i-felgi","12":"first","13":"instock","14":"shipping-taxable","15":"purchasable","16":"product-type-simple"},"uagb_featured_image_src":{"full":["https:\/\/oponixo.shop\/tire\/wp-content\/uploads\/2026\/01\/allegro-image-13141.jpg",500,500,false],"thumbnail":["https:\/\/oponixo.shop\/tire\/wp-content\/uploads\/2026\/01\/allegro-image-13141-150x150.jpg",150,150,true],"medium":["https:\/\/oponixo.shop\/tire\/wp-content\/uploads\/2026\/01\/allegro-image-13141-300x300.jpg",300,300,true],"medium_large":["https:\/\/oponixo.shop\/tire\/wp-content\/uploads\/2026\/01\/allegro-image-13141.jpg",500,500,false],"large":["https:\/\/oponixo.shop\/tire\/wp-content\/uploads\/2026\/01\/allegro-image-13141.jpg",500,500,false],"1536x1536":["https:\/\/oponixo.shop\/tire\/wp-content\/uploads\/2026\/01\/allegro-image-13141.jpg",500,500,false],"2048x2048":["https:\/\/oponixo.shop\/tire\/wp-content\/uploads\/2026\/01\/allegro-image-13141.jpg",500,500,false],"woocommerce_thumbnail":["https:\/\/oponixo.shop\/tire\/wp-content\/uploads\/2026\/01\/allegro-image-13141-300x300.jpg",300,300,true],"woocommerce_single":["https:\/\/oponixo.shop\/tire\/wp-content\/uploads\/2026\/01\/allegro-image-13141.jpg",500,500,false],"woocommerce_gallery_thumbnail":["https:\/\/oponixo.shop\/tire\/wp-content\/uploads\/2026\/01\/allegro-image-13141-100x100.jpg",100,100,true]},"uagb_author_info":{"display_name":"admin","author_link":"https:\/\/oponixo.shop\/tire\/author\/"},"uagb_comment_info":0,"uagb_excerpt":"Opona ca\u0142oroczna GoodYear VECTOR 4SEASONS GEN-3 SUV 255\/60R18 112V XL GoodYear na pierwszy monta\u017c dostarcza opony takim koncernom jak:\u00a0Audi, Ferrari, Isuzu, Maserati, Opel, Skoda, BMW, Fiat, Iveco, Mercedes, Peugeot, Toyota, Chrysler, Ford, Jaguar, Mini, Porsche, Volkswagen, Citroen, General Motors, Lancia, Mitsubishi, Renalut, Dacia, Honda, Land Rover, Nissan, Rolls Royce.\u00a0","_links":{"self":[{"href":"https:\/\/oponixo.shop\/tire\/wp-json\/wp\/v2\/product\/13141","targetHints":{"allow":["GET"]}}],"collection":[{"href":"https:\/\/oponixo.shop\/tire\/wp-json\/wp\/v2\/product"}],"about":[{"href":"https:\/\/oponixo.shop\/tire\/wp-json\/wp\/v2\/types\/product"}],"wp:featuredmedia":[{"embeddable":true,"href":"https:\/\/oponixo.shop\/tire\/wp-json\/wp\/v2\/media\/13142"}],"wp:attachment":[{"href":"https:\/\/oponixo.shop\/tire\/wp-json\/wp\/v2\/media?parent=13141"}],"wp:term":[{"taxonomy":"product_brand","embeddable":true,"href":"https:\/\/oponixo.shop\/tire\/wp-json\/wp\/v2\/product_brand?post=13141"},{"taxonomy":"product_cat","embeddable":true,"href":"https:\/\/oponixo.shop\/tire\/wp-json\/wp\/v2\/product_cat?post=13141"},{"taxonomy":"product_tag","embeddable":true,"href":"https:\/\/oponixo.shop\/tire\/wp-json\/wp\/v2\/product_tag?post=13141"}],"curies":[{"name":"wp","href":"https:\/\/api.w.org\/{rel}","templated":true}]}}