{"id":13165,"date":"2026-01-05T20:51:54","date_gmt":"2026-01-05T19:51:54","guid":{"rendered":"https:\/\/oponyprofi.shop\/xef5\/produkt\/2x-continental-195-65-r15-ts830-p-91t-mo-opona-zimowa\/"},"modified":"2026-01-05T20:51:54","modified_gmt":"2026-01-05T19:51:54","slug":"2x-continental-195-65-r15-ts830-p-91t-mo-opona-zimowa","status":"publish","type":"product","link":"https:\/\/oponixo.shop\/tire\/produkt\/2x-continental-195-65-r15-ts830-p-91t-mo-opona-zimowa\/","title":{"rendered":"2x CONTINENTAL 195\/65 R15 TS830 P 91T MO opona ZIMOWA"},"content":{"rendered":"<div style=\"font-family: Arial, sans-serif; line-height: 1.6; color: #333; padding: 20px; clear: both; display: block; width: 100%; float: none; position: static; overflow: hidden;\">\n<div style=\"clear: both; display: block; margin: 10px 0;\">\n<div style=\"clear: both; display: block; margin: 10px 0;\">\n<div style=\"clear: both; display: block; margin: 10px 0;\">\n<div  style=\"max-width:430px;max-height:117px\">\n<div style=\"clear: both; display: block; margin: 10px 0;\">\n<div style=\"clear: both; width: 100%; display: block; margin: 20px 0; padding: 0; float: none; position: static; text-align: center;\"><img decoding=\"async\"  src=\"https:\/\/a.allegroimg.com\/original\/11c328\/bd7cf83848af8f0ad14d84b14406\/2x-CONTINENTAL-195-65-R15-TS830-P-91T-MO-opona-ZIMOWA-Liczba-opon-w-ofercie-2-szt\" srcset=\"https:\/\/a.allegroimg.com\/original\/11c328\/bd7cf83848af8f0ad14d84b14406\/2x-CONTINENTAL-195-65-R15-TS830-P-91T-MO-opona-ZIMOWA-Liczba-opon-w-ofercie-2-szt 360w,https:\/\/a.allegroimg.com\/original\/11c328\/bd7cf83848af8f0ad14d84b14406\/2x-CONTINENTAL-195-65-R15-TS830-P-91T-MO-opona-ZIMOWA-Liczba-opon-w-ofercie-2-szt 430w,https:\/\/a.allegroimg.com\/original\/11c328\/bd7cf83848af8f0ad14d84b14406\/2x-CONTINENTAL-195-65-R15-TS830-P-91T-MO-opona-ZIMOWA-Liczba-opon-w-ofercie-2-szt 430w\" sizes=\"(min-width: 1200px) 560px, (min-width: 992px) 50vw, 100vw\" width=\"430px\" alt=\"2x CONTINENTAL 195\/65 R15 TS830 P 91T MO opona ZIMOWA Liczba opon w ofercie 2 szt.\"\/ style=\"max-width: 100%; height: auto; display: block; margin: 0 auto;\"><\/div>\n<\/div>\n<\/div>\n<\/div>\n<\/div>\n<div style=\"clear: both; display: block; margin: 10px 0;\">\n<div style=\"clear: both; display: block; margin: 10px 0;\">\n<h1>PRZEDMIOTEM OFERTY JEST:<\/h1>\n<h1>2x CONTINENTAL 195\/65 R15 TS830 P 91T MO opona ZIMOWA<\/h1>\n<\/div>\n<\/div>\n<\/div>\n<div style=\"clear: both; display: block; margin: 10px 0;\">\n<div style=\"clear: both; display: block; margin: 10px 0;\">\n<div style=\"clear: both; display: block; margin: 10px 0;\">\n<div  style=\"max-width:647px;max-height:600px\">\n<div style=\"clear: both; display: block; margin: 10px 0;\">\n<div style=\"clear: both; width: 100%; display: block; margin: 20px 0; padding: 0; float: none; position: static; text-align: center;\"><img decoding=\"async\"  src=\"https:\/\/a.allegroimg.com\/original\/111dcc\/d38522514aabaebb28edb22d9c00\/2x-CONTINENTAL-195-65-R15-TS830-P-91T-MO-opona-ZIMOWA\" srcset=\"https:\/\/a.allegroimg.com\/original\/111dcc\/d38522514aabaebb28edb22d9c00\/2x-CONTINENTAL-195-65-R15-TS830-P-91T-MO-opona-ZIMOWA 360w,https:\/\/a.allegroimg.com\/original\/111dcc\/d38522514aabaebb28edb22d9c00\/2x-CONTINENTAL-195-65-R15-TS830-P-91T-MO-opona-ZIMOWA 647w,https:\/\/a.allegroimg.com\/original\/111dcc\/d38522514aabaebb28edb22d9c00\/2x-CONTINENTAL-195-65-R15-TS830-P-91T-MO-opona-ZIMOWA 647w\" sizes=\"(min-width: 1200px) 560px, (min-width: 992px) 50vw, 100vw\" width=\"647px\" alt=\"2x CONTINENTAL 195\/65 R15 TS830 P 91T MO opona ZIMOWA\"\/ style=\"max-width: 100%; height: auto; display: block; margin: 0 auto;\"><\/div>\n<\/div>\n<\/div>\n<\/div>\n<\/div>\n<div style=\"clear: both; display: block; margin: 10px 0;\">\n<div style=\"clear: both; display: block; margin: 10px 0;\">\n<h1>SPECYFIKACJA:<\/h1>\n<ol>\n<li style=\"margin: 5px 0; padding: 2px 0; clear: both; display: list-item; float: none; position: static;\">PRODUCENT: <b>CONTINENTAL<\/b><\/li>\n<li style=\"margin: 5px 0; padding: 2px 0; clear: both; display: list-item; float: none; position: static;\">MODEL: <b>TS830P<\/b><\/li>\n<li style=\"margin: 5px 0; padding: 2px 0; clear: both; display: list-item; float: none; position: static;\">CENA DOTYCZY: <b>pary (2 sztuki)<\/b><\/li>\n<li style=\"margin: 5px 0; padding: 2px 0; clear: both; display: list-item; float: none; position: static;\">ROK PRODUKCJI: <b>2025\/2024<\/b><\/li>\n<li style=\"margin: 5px 0; padding: 2px 0; clear: both; display: list-item; float: none; position: static;\">SEZON: <b>ZIMOWA<\/b><\/li>\n<li style=\"margin: 5px 0; padding: 2px 0; clear: both; display: list-item; float: none; position: static;\">TYP OPONY:<b> OSOBOWA<\/b><\/li>\n<li style=\"margin: 5px 0; padding: 2px 0; clear: both; display: list-item; float: none; position: static;\">SZEROKO\u015a\u0106: <b>195<\/b><\/li>\n<li style=\"margin: 5px 0; padding: 2px 0; clear: both; display: list-item; float: none; position: static;\">PROFIL: <b>65<\/b><\/li>\n<li style=\"margin: 5px 0; padding: 2px 0; clear: both; display: list-item; float: none; position: static;\">\u015aREDNICA: <b>15<\/b><\/li>\n<li style=\"margin: 5px 0; padding: 2px 0; clear: both; display: list-item; float: none; position: static;\">INDEKS NO\u015aNO\u015aCI: <b>91<\/b><\/li>\n<li style=\"margin: 5px 0; padding: 2px 0; clear: both; display: list-item; float: none; position: static;\">INDEKS PR\u0118DKO\u015aCI: <b>T<\/b><\/li>\n<li style=\"margin: 5px 0; padding: 2px 0; clear: both; display: list-item; float: none; position: static;\">OPORY TOCZENIA: <b>D<\/b><\/li>\n<li style=\"margin: 5px 0; padding: 2px 0; clear: both; display: list-item; float: none; position: static;\">PRZYCZEPNO\u015a\u0106 NA MOKRYM: <b>C<\/b><\/li>\n<li style=\"margin: 5px 0; padding: 2px 0; clear: both; display: list-item; float: none; position: static;\">HA\u0141AS ZEWN\u0118TRZNY:<b> 72<\/b><\/li>\n<li style=\"margin: 5px 0; padding: 2px 0; clear: both; display: list-item; float: none; position: static;\">OPONA WZMACNIANA: <b>NIE<\/b><\/li>\n<li style=\"margin: 5px 0; padding: 2px 0; clear: both; display: list-item; float: none; position: static;\">RANT OCHRONNY: <b>NIE<\/b><\/li>\n<li style=\"margin: 5px 0; padding: 2px 0; clear: both; display: list-item; float: none; position: static;\">RUN FLAT: <b>NIE<\/b><\/li>\n<li style=\"margin: 5px 0; padding: 2px 0; clear: both; display: list-item; float: none; position: static;\">HOMOLOGACJA PRODUCENTA: <b>MERCEDES<\/b><\/li>\n<\/ol>\n<\/div>\n<\/div>\n<\/div>\n<div style=\"clear: both; display: block; margin: 10px 0;\">\n<div style=\"clear: both; display: block; margin: 10px 0;\">\n<div style=\"clear: both; display: block; margin: 10px 0;\">\n<h1>OPIS PRODUKTU:<\/h1>\n<p style=\"margin: 15px 0; line-height: 1.8; clear: both; display: block; width: 100%; float: none; position: static;\"><b>CONTINENTAL<\/b> to najwy\u017cszej klasy opony premium, kt\u00f3re \u015bwietnie sprawdzaj\u0105ce si\u0119 na ka\u017cdego rodzaju nawierzchni.<\/p>\n<p style=\"margin: 15px 0; line-height: 1.8; clear: both; display: block; width: 100%; float: none; position: static;\">Korzystaj z kr\u00f3tkiej drogi hamowania na suchej nawierzchni i wy\u015bmienitej kontroli na nawierzchni mokrej. Ciesz si\u0119 r\u00f3wnie\u017c mniejszym zu\u017cyciem paliwa.<\/p>\n<h3 style=\"color: #2c5aa0; font-size: 18px; margin: 30px 0 15px 0; font-weight: bold; clear: both; display: block; width: 100%; float: none; position: static;\">Mo\u017cliwo\u015b\u0107 sportowej jazdy na suchej i mokrej nawierzchni<\/h3>\n<h3 style=\"color: #2c5aa0; font-size: 18px; margin: 30px 0 15px 0; font-weight: bold; clear: both; display: block; width: 100%; float: none; position: static;\">Zoptymalizowany kontakt bie\u017cnika z nawierzchni\u0105 zapewniaj\u0105cy wysoki przebieg<\/h3>\n<h3 style=\"color: #2c5aa0; font-size: 18px; margin: 30px 0 15px 0; font-weight: bold; clear: both; display: block; width: 100%; float: none; position: static;\">Najlepsza technologia w korzystnej cenie<\/h3>\n<h3 style=\"color: #2c5aa0; font-size: 18px; margin: 30px 0 15px 0; font-weight: bold; clear: both; display: block; width: 100%; float: none; position: static;\">Kr\u00f3tka droga hamowania na suchej nawierzchni<\/h3>\n<p style=\"margin: 15px 0; line-height: 1.8; clear: both; display: block; width: 100%; float: none; position: static;\">Hamowanie wtedy, kiedy jest to potrzebne. Zaawansowana struktura bie\u017cnika zapewniaj\u0105ca r\u00f3wnomierny rozk\u0142ad nacisku na ca\u0142ym bie\u017cniku, co pozwala na optymalny kontakt opony z drog\u0105.<\/p>\n<h3 style=\"color: #2c5aa0; font-size: 18px; margin: 30px 0 15px 0; font-weight: bold; clear: both; display: block; width: 100%; float: none; position: static;\">Doskona\u0142a kontrola na mokrej nawierzchni.<\/h3>\n<p style=\"margin: 15px 0; line-height: 1.8; clear: both; display: block; width: 100%; float: none; position: static;\">Pewna jazda wtedy, gdy ma to najwi\u0119ksze znaczenie. Rowkowanie umo\u017cliwia wydajne usuwanie wody, podczas gdy specjalnie zaprojektowana krzemionkowa mieszanka bie\u017cnika zapewnia przyczepno\u015b\u0107 na mokrych drogach.<\/p>\n<p style=\"margin: 15px 0; line-height: 1.8; clear: both; display: block; width: 100%; float: none; position: static;\">Sportowa jazda na suchych drogach<\/p>\n<p style=\"margin: 15px 0; line-height: 1.8; clear: both; display: block; width: 100%; float: none; position: static;\">Zmaksymalizuj osi\u0105gi swojego samochodu wyczynowego. Szerokie i sztywne barki zewn\u0119trzne zmniejszaj\u0105 odkszta\u0142canie bie\u017cnika opony, zapewniaj\u0105c wi\u0119ksz\u0105 precyzj\u0119 kierowania na zakr\u0119tach.<\/p>\n<h3 style=\"color: #2c5aa0; font-size: 18px; margin: 30px 0 15px 0; font-weight: bold; clear: both; display: block; width: 100%; float: none; position: static;\">D\u0142ugie przebiegi<\/h3>\n<p style=\"margin: 15px 0; line-height: 1.8; clear: both; display: block; width: 100%; float: none; position: static;\">Zoptymalizowany kontakt bie\u017cnika z nawierzchni\u0105 i budowa wn\u0119trza opony umo\u017cliwiaj\u0105 r\u00f3wnomierne zu\u017cywanie bie\u017cnika, zapewniaj\u0105c wysoki przebieg.<\/p>\n<h3 style=\"color: #2c5aa0; font-size: 18px; margin: 30px 0 15px 0; font-weight: bold; clear: both; display: block; width: 100%; float: none; position: static;\">Mniejsze zu\u017cycie paliwa<\/h3>\n<p style=\"margin: 15px 0; line-height: 1.8; clear: both; display: block; width: 100%; float: none; position: static;\">Lekka konstrukcja i technologia mieszanki zaprojektowana specjalnie dla tej opony pomagaj\u0105 ogranicza\u0107 straty energii i umo\u017cliwiaj\u0105 zmniejszenie koszt\u00f3w w okresie eksploatacji opony.<\/p>\n<\/div>\n<\/div>\n<\/div>\n<\/div>\n<\/div>\n<\/div>\n<div style=\"clear: both; display: block; margin: 10px 0;\">\n","protected":false},"excerpt":{"rendered":"<p>PRZEDMIOTEM OFERTY JEST:<\/p>\n<p>2x CONTINENTAL 195\/65 R15 TS830 P 91T MO opona ZIMOWA<\/p>\n<p>SPECYFIKACJA:<\/p>\n<p>PRODUCENT: CONTINENTAL<\/p>\n<p>MODEL: TS830P<\/p>\n<p>CENA DOTYCZY: pary (2 sztuki)<\/p>\n<p>ROK PRODUKCJI: 2025\/2024<\/p>\n<p>SEZON: ZIMOWA<\/p>\n","protected":false},"featured_media":13166,"template":"","meta":{"_uag_custom_page_level_css":""},"product_brand":[396],"product_cat":[414,413,412,415],"product_tag":[],"class_list":{"0":"post-13165","1":"product","2":"type-product","3":"status-publish","4":"has-post-thumbnail","6":"product_brand-continental","7":"product_cat-do-samochodow-osobowych-i-suv","8":"product_cat-opony","9":"product_cat-opony-i-felgi","10":"product_cat-zimowe","12":"first","13":"instock","14":"shipping-taxable","15":"purchasable","16":"product-type-simple"},"uagb_featured_image_src":{"full":["https:\/\/oponixo.shop\/tire\/wp-content\/uploads\/2026\/01\/allegro-image-13165.jpg",647,600,false],"thumbnail":["https:\/\/oponixo.shop\/tire\/wp-content\/uploads\/2026\/01\/allegro-image-13165-150x150.jpg",150,150,true],"medium":["https:\/\/oponixo.shop\/tire\/wp-content\/uploads\/2026\/01\/allegro-image-13165-300x278.jpg",300,278,true],"medium_large":["https:\/\/oponixo.shop\/tire\/wp-content\/uploads\/2026\/01\/allegro-image-13165.jpg",647,600,false],"large":["https:\/\/oponixo.shop\/tire\/wp-content\/uploads\/2026\/01\/allegro-image-13165.jpg",647,600,false],"1536x1536":["https:\/\/oponixo.shop\/tire\/wp-content\/uploads\/2026\/01\/allegro-image-13165.jpg",647,600,false],"2048x2048":["https:\/\/oponixo.shop\/tire\/wp-content\/uploads\/2026\/01\/allegro-image-13165.jpg",647,600,false],"woocommerce_thumbnail":["https:\/\/oponixo.shop\/tire\/wp-content\/uploads\/2026\/01\/allegro-image-13165-300x300.jpg",300,300,true],"woocommerce_single":["https:\/\/oponixo.shop\/tire\/wp-content\/uploads\/2026\/01\/allegro-image-13165-600x556.jpg",600,556,true],"woocommerce_gallery_thumbnail":["https:\/\/oponixo.shop\/tire\/wp-content\/uploads\/2026\/01\/allegro-image-13165-100x100.jpg",100,100,true]},"uagb_author_info":{"display_name":"admin","author_link":"https:\/\/oponixo.shop\/tire\/author\/"},"uagb_comment_info":0,"uagb_excerpt":"PRZEDMIOTEM OFERTY JEST: 2x CONTINENTAL 195\/65 R15 TS830 P 91T MO opona ZIMOWA SPECYFIKACJA: PRODUCENT: CONTINENTAL MODEL: TS830P CENA DOTYCZY: pary (2 sztuki) ROK PRODUKCJI: 2025\/2024 SEZON: ZIMOWA","_links":{"self":[{"href":"https:\/\/oponixo.shop\/tire\/wp-json\/wp\/v2\/product\/13165","targetHints":{"allow":["GET"]}}],"collection":[{"href":"https:\/\/oponixo.shop\/tire\/wp-json\/wp\/v2\/product"}],"about":[{"href":"https:\/\/oponixo.shop\/tire\/wp-json\/wp\/v2\/types\/product"}],"wp:featuredmedia":[{"embeddable":true,"href":"https:\/\/oponixo.shop\/tire\/wp-json\/wp\/v2\/media\/13166"}],"wp:attachment":[{"href":"https:\/\/oponixo.shop\/tire\/wp-json\/wp\/v2\/media?parent=13165"}],"wp:term":[{"taxonomy":"product_brand","embeddable":true,"href":"https:\/\/oponixo.shop\/tire\/wp-json\/wp\/v2\/product_brand?post=13165"},{"taxonomy":"product_cat","embeddable":true,"href":"https:\/\/oponixo.shop\/tire\/wp-json\/wp\/v2\/product_cat?post=13165"},{"taxonomy":"product_tag","embeddable":true,"href":"https:\/\/oponixo.shop\/tire\/wp-json\/wp\/v2\/product_tag?post=13165"}],"curies":[{"name":"wp","href":"https:\/\/api.w.org\/{rel}","templated":true}]}}