{"id":13173,"date":"2026-01-05T20:51:56","date_gmt":"2026-01-05T19:51:56","guid":{"rendered":"https:\/\/oponyprofi.shop\/xef5\/produkt\/2x-pirelli-scorpion-winter-285-45r21-113v-xl-z151a\/"},"modified":"2026-01-05T20:51:56","modified_gmt":"2026-01-05T19:51:56","slug":"2x-pirelli-scorpion-winter-285-45r21-113v-xl-z151a","status":"publish","type":"product","link":"https:\/\/oponixo.shop\/tire\/produkt\/2x-pirelli-scorpion-winter-285-45r21-113v-xl-z151a\/","title":{"rendered":"2x Pirelli Scorpion Winter 285\/45R21 113V XL Z151A"},"content":{"rendered":"<div style=\"font-family: Arial, sans-serif; line-height: 1.6; color: #333; padding: 20px; clear: both; display: block; width: 100%; float: none; position: static; overflow: hidden;\">\n<div style=\"clear: both; display: block; margin: 10px 0;\">\n<div style=\"clear: both; display: block; margin: 10px 0;\">\n<div style=\"clear: both; display: block; margin: 10px 0;\">\n<h1>Pirelli Scorpion Winter<\/h1>\n<p style=\"margin: 15px 0; line-height: 1.8; clear: both; display: block; width: 100%; float: none; position: static;\">SZEROKO\u015a\u0106 OPONY &#8211; <b>285<\/b><\/p>\n<p style=\"margin: 15px 0; line-height: 1.8; clear: both; display: block; width: 100%; float: none; position: static;\">WYSOKO\u015a\u0106 OPONY &#8211; <b>45<\/b><\/p>\n<p style=\"margin: 15px 0; line-height: 1.8; clear: both; display: block; width: 100%; float: none; position: static;\">\u015aREDNICA &#8211; <b>21<\/b><\/p>\n<p style=\"margin: 15px 0; line-height: 1.8; clear: both; display: block; width: 100%; float: none; position: static;\">ROCZNIK &#8211; <b>2019<\/b><\/p>\n<p style=\"margin: 15px 0; line-height: 1.8; clear: both; display: block; width: 100%; float: none; position: static;\">HOMOLOGACJA &#8211;<b> BMW (*)<\/b><\/p>\n<p style=\"margin: 15px 0; line-height: 1.8; clear: both; display: block; width: 100%; float: none; position: static;\">MAGAZYN &#8211; <b>Z151A<\/b><\/p>\n<\/div>\n<\/div>\n<div style=\"clear: both; display: block; margin: 10px 0;\">\n<div style=\"clear: both; display: block; margin: 10px 0;\">\n<div  style=\"max-width:696px;max-height:1024px\">\n<div style=\"clear: both; display: block; margin: 10px 0;\">\n<div style=\"clear: both; width: 100%; display: block; margin: 20px 0; padding: 0; float: none; position: static; text-align: center;\"><img decoding=\"async\"  src=\"https:\/\/a.allegroimg.com\/original\/11c632\/981d5f254e6aa906d24788037b4e\/2x-Pirelli-Scorpion-Winter-285-45R21-113V-XL-Z151A-EAN-GTIN-8019227274523\" srcset=\"https:\/\/a.allegroimg.com\/original\/11c632\/981d5f254e6aa906d24788037b4e\/2x-Pirelli-Scorpion-Winter-285-45R21-113V-XL-Z151A-EAN-GTIN-8019227274523 244w,https:\/\/a.allegroimg.com\/original\/11c632\/981d5f254e6aa906d24788037b4e\/2x-Pirelli-Scorpion-Winter-285-45R21-113V-XL-Z151A-EAN-GTIN-8019227274523 489w,https:\/\/a.allegroimg.com\/original\/11c632\/981d5f254e6aa906d24788037b4e\/2x-Pirelli-Scorpion-Winter-285-45R21-113V-XL-Z151A-EAN-GTIN-8019227274523 696w,https:\/\/a.allegroimg.com\/original\/11c632\/981d5f254e6aa906d24788037b4e\/2x-Pirelli-Scorpion-Winter-285-45R21-113V-XL-Z151A-EAN-GTIN-8019227274523 696w\" sizes=\"(min-width: 1200px) 560px, (min-width: 992px) 50vw, 100vw\" width=\"696px\" alt=\"2x Pirelli Scorpion Winter 285\/45R21 113V XL Z151A EAN (GTIN) 8019227274523\"\/ style=\"max-width: 100%; height: auto; display: block; margin: 0 auto;\"><\/div>\n<\/div>\n<\/div>\n<\/div>\n<\/div>\n<\/div>\n<div style=\"clear: both; display: block; margin: 10px 0;\">\n<div style=\"clear: both; display: block; margin: 10px 0;\">\n<div style=\"clear: both; display: block; margin: 10px 0;\">\n<div  style=\"max-width:1024px;max-height:576px\">\n<div style=\"clear: both; display: block; margin: 10px 0;\">\n<div style=\"clear: both; width: 100%; display: block; margin: 20px 0; padding: 0; float: none; position: static; text-align: center;\"><img decoding=\"async\"  src=\"https:\/\/a.allegroimg.com\/original\/11df27\/77027905408fa8646a5b021f5c6f\/2x-Pirelli-Scorpion-Winter-285-45R21-113V-XL-Z151A-Rok-produkcji-2019\" srcset=\"https:\/\/a.allegroimg.com\/original\/11df27\/77027905408fa8646a5b021f5c6f\/2x-Pirelli-Scorpion-Winter-285-45R21-113V-XL-Z151A-Rok-produkcji-2019 360w,https:\/\/a.allegroimg.com\/original\/11df27\/77027905408fa8646a5b021f5c6f\/2x-Pirelli-Scorpion-Winter-285-45R21-113V-XL-Z151A-Rok-produkcji-2019 720w,https:\/\/a.allegroimg.com\/original\/11df27\/77027905408fa8646a5b021f5c6f\/2x-Pirelli-Scorpion-Winter-285-45R21-113V-XL-Z151A-Rok-produkcji-2019 1024w,https:\/\/a.allegroimg.com\/original\/11df27\/77027905408fa8646a5b021f5c6f\/2x-Pirelli-Scorpion-Winter-285-45R21-113V-XL-Z151A-Rok-produkcji-2019 1024w\" sizes=\"100vw\" width=\"1024px\" alt=\"2x Pirelli Scorpion Winter 285\/45R21 113V XL Z151A Rok produkcji 2019\"\/ style=\"max-width: 100%; height: auto; display: block; margin: 0 auto;\"><\/div>\n<\/div>\n<\/div>\n<\/div>\n<\/div>\n<\/div>\n<div style=\"clear: both; display: block; margin: 10px 0;\">\n<div style=\"clear: both; display: block; margin: 10px 0;\">\n<div style=\"clear: both; display: block; margin: 10px 0;\">\n<p style=\"margin: 15px 0; line-height: 1.8; clear: both; display: block; width: 100%; float: none; position: static;\">Pirelli Scorpion Winter to opona zimowa przeznaczona do u\u017cytkowania w samochodach typu SUV. Ogumienie zalicza si\u0119 do segmentu premium. Zastosowano w nim najbardziej zaawansowane rozwi\u0105zania technologiczne, kt\u00f3re przyczyniaj\u0105 si\u0119 do poprawy bezpiecze\u0144stwa i komfortu jazdy.<\/p>\n<p style=\"margin: 15px 0; line-height: 1.8; clear: both; display: block; width: 100%; float: none; position: static;\">Opona zosta\u0142a wyposa\u017cona w kierunkow\u0105 i symetryczn\u0105 rze\u017ab\u0119 bie\u017cnika. To rozwi\u0105zanie, w po\u0142\u0105czeniu z szerokimi rowkami obwodowymi gwarantuje skuteczne odprowadzanie wody i b\u0142ota po\u015bniegowego spod opony minimalizuj\u0105c prawdopodobie\u0144stwo wyst\u0105pienia aquaplaningu. Za optymaln\u0105 przyczepno\u015b\u0107 i skr\u00f3con\u0105 drog\u0119 hamowania w zimowych warunkach odpowiadaj\u0105 g\u0119sta sie\u0107 lameli i modularna geometria blok\u00f3w.<\/p>\n<p style=\"margin: 15px 0; line-height: 1.8; clear: both; display: block; width: 100%; float: none; position: static;\">Zastosowana przy produkcji ogumienia nowoczesna mieszanka gumowa wykazuje si\u0119 elastyczno\u015bci\u0105 w szerokim zakresie temperatur. In\u017cynierowie zadbali o optymalny rozk\u0142ad nacisk\u00f3w, dzi\u0119ki czemu ogumienie zu\u017cywa si\u0119 wolno i r\u00f3wnomiernie zapewniaj\u0105c wy\u017csze przebiegi. Obni\u017cone opory toczenia gwarantuj\u0105 redukcj\u0119 poziomu ha\u0142asu, emisji CO2 do atmosfery i oszcz\u0119dno\u015b\u0107 paliwa.<\/p>\n<p style=\"margin: 15px 0; line-height: 1.8; clear: both; display: block; width: 100%; float: none; position: static;\">Pirelli Scorpion Winter to doskona\u0142y wyb\u00f3r dla u\u017cytkownik\u00f3w ceni\u0105cych bezpieczn\u0105 jazd\u0119, optymalne osi\u0105gi i trwa\u0142o\u015b\u0107 ogumienia przek\u0142adaj\u0105c\u0105 si\u0119 na bezawaryjn\u0105 eksploatacj\u0119.<\/p>\n<\/div>\n<\/div>\n<\/div>\n<div style=\"clear: both; display: block; margin: 10px 0;\">\n<div style=\"clear: both; display: block; margin: 10px 0;\">\n<div style=\"clear: both; display: block; margin: 10px 0;\">\n<div  style=\"max-width:1024px;max-height:576px\">\n<div style=\"clear: both; display: block; margin: 10px 0;\">\n<div style=\"clear: both; width: 100%; display: block; margin: 20px 0; padding: 0; float: none; position: static; text-align: center;\"><img decoding=\"async\"  src=\"https:\/\/a.allegroimg.com\/original\/11f669\/3d5fef9e486a979f580c466afadc\/2x-Pirelli-Scorpion-Winter-285-45R21-113V-XL-Z151A-Marka-Pirelli\" srcset=\"https:\/\/a.allegroimg.com\/original\/11f669\/3d5fef9e486a979f580c466afadc\/2x-Pirelli-Scorpion-Winter-285-45R21-113V-XL-Z151A-Marka-Pirelli 360w,https:\/\/a.allegroimg.com\/original\/11f669\/3d5fef9e486a979f580c466afadc\/2x-Pirelli-Scorpion-Winter-285-45R21-113V-XL-Z151A-Marka-Pirelli 720w,https:\/\/a.allegroimg.com\/original\/11f669\/3d5fef9e486a979f580c466afadc\/2x-Pirelli-Scorpion-Winter-285-45R21-113V-XL-Z151A-Marka-Pirelli 1024w,https:\/\/a.allegroimg.com\/original\/11f669\/3d5fef9e486a979f580c466afadc\/2x-Pirelli-Scorpion-Winter-285-45R21-113V-XL-Z151A-Marka-Pirelli 1024w\" sizes=\"100vw\" width=\"1024px\" alt=\"2x Pirelli Scorpion Winter 285\/45R21 113V XL Z151A Marka Pirelli\"\/ style=\"max-width: 100%; height: auto; display: block; margin: 0 auto;\"><\/div>\n<\/div>\n<\/div>\n<\/div>\n<\/div>\n<\/div>\n<div style=\"clear: both; display: block; margin: 10px 0;\">\n<div style=\"clear: both; display: block; margin: 10px 0;\">\n<div style=\"clear: both; display: block; margin: 10px 0;\">\n<div  style=\"max-width:696px;max-height:1024px\">\n<div style=\"clear: both; display: block; margin: 10px 0;\">\n<div style=\"clear: both; width: 100%; display: block; margin: 20px 0; padding: 0; float: none; position: static; text-align: center;\"><img decoding=\"async\"  src=\"https:\/\/a.allegroimg.com\/original\/11c632\/981d5f254e6aa906d24788037b4e\/2x-Pirelli-Scorpion-Winter-285-45R21-113V-XL-Z151A-EAN-GTIN-8019227274523\" srcset=\"https:\/\/a.allegroimg.com\/original\/11c632\/981d5f254e6aa906d24788037b4e\/2x-Pirelli-Scorpion-Winter-285-45R21-113V-XL-Z151A-EAN-GTIN-8019227274523 244w,https:\/\/a.allegroimg.com\/original\/11c632\/981d5f254e6aa906d24788037b4e\/2x-Pirelli-Scorpion-Winter-285-45R21-113V-XL-Z151A-EAN-GTIN-8019227274523 489w,https:\/\/a.allegroimg.com\/original\/11c632\/981d5f254e6aa906d24788037b4e\/2x-Pirelli-Scorpion-Winter-285-45R21-113V-XL-Z151A-EAN-GTIN-8019227274523 696w,https:\/\/a.allegroimg.com\/original\/11c632\/981d5f254e6aa906d24788037b4e\/2x-Pirelli-Scorpion-Winter-285-45R21-113V-XL-Z151A-EAN-GTIN-8019227274523 696w\" sizes=\"(min-width: 1200px) 560px, (min-width: 992px) 50vw, 100vw\" width=\"696px\" alt=\"2x Pirelli Scorpion Winter 285\/45R21 113V XL Z151A EAN (GTIN) 8019227274523\"\/ style=\"max-width: 100%; height: auto; display: block; margin: 0 auto;\"><\/div>\n<\/div>\n<\/div>\n<\/div>\n<\/div>\n<div style=\"clear: both; display: block; margin: 10px 0;\">\n<div style=\"clear: both; display: block; margin: 10px 0;\">\n<div  style=\"max-width:706px;max-height:1024px\">\n<div style=\"clear: both; display: block; margin: 10px 0;\">\n<div style=\"clear: both; width: 100%; display: block; margin: 20px 0; padding: 0; float: none; position: static; text-align: center;\"><img decoding=\"async\"  src=\"https:\/\/a.allegroimg.com\/original\/1178fd\/3f30d0e646d38fbb2d7a60b1f356\/2x-Pirelli-Scorpion-Winter-285-45R21-113V-XL-Z151A-Liczba-opon-w-ofercie-2-szt\" srcset=\"https:\/\/a.allegroimg.com\/original\/1178fd\/3f30d0e646d38fbb2d7a60b1f356\/2x-Pirelli-Scorpion-Winter-285-45R21-113V-XL-Z151A-Liczba-opon-w-ofercie-2-szt 248w,https:\/\/a.allegroimg.com\/original\/1178fd\/3f30d0e646d38fbb2d7a60b1f356\/2x-Pirelli-Scorpion-Winter-285-45R21-113V-XL-Z151A-Liczba-opon-w-ofercie-2-szt 496w,https:\/\/a.allegroimg.com\/original\/1178fd\/3f30d0e646d38fbb2d7a60b1f356\/2x-Pirelli-Scorpion-Winter-285-45R21-113V-XL-Z151A-Liczba-opon-w-ofercie-2-szt 706w,https:\/\/a.allegroimg.com\/original\/1178fd\/3f30d0e646d38fbb2d7a60b1f356\/2x-Pirelli-Scorpion-Winter-285-45R21-113V-XL-Z151A-Liczba-opon-w-ofercie-2-szt 706w\" sizes=\"(min-width: 1200px) 560px, (min-width: 992px) 50vw, 100vw\" width=\"706px\" alt=\"2x Pirelli Scorpion Winter 285\/45R21 113V XL Z151A Liczba opon w ofercie 2 szt.\"\/ style=\"max-width: 100%; height: auto; display: block; margin: 0 auto;\"><\/div>\n<\/div>\n<\/div>\n<\/div>\n<\/div>\n<\/div>\n<div style=\"clear: both; display: block; margin: 10px 0;\">\n<div style=\"clear: both; display: block; margin: 10px 0;\">\n<div style=\"clear: both; display: block; margin: 10px 0;\">\n<div  style=\"max-width:1024px;max-height:557px\">\n<div style=\"clear: both; display: block; margin: 10px 0;\">\n<div style=\"clear: both; width: 100%; display: block; margin: 20px 0; padding: 0; float: none; position: static; text-align: center;\"><img decoding=\"async\"  src=\"https:\/\/a.allegroimg.com\/original\/1153e3\/300cd8c74f31a93d449173afabf5\/2x-Pirelli-Scorpion-Winter-285-45R21-113V-XL-Z151A-Klasa-premium\" srcset=\"https:\/\/a.allegroimg.com\/original\/1153e3\/300cd8c74f31a93d449173afabf5\/2x-Pirelli-Scorpion-Winter-285-45R21-113V-XL-Z151A-Klasa-premium 360w,https:\/\/a.allegroimg.com\/original\/1153e3\/300cd8c74f31a93d449173afabf5\/2x-Pirelli-Scorpion-Winter-285-45R21-113V-XL-Z151A-Klasa-premium 720w,https:\/\/a.allegroimg.com\/original\/1153e3\/300cd8c74f31a93d449173afabf5\/2x-Pirelli-Scorpion-Winter-285-45R21-113V-XL-Z151A-Klasa-premium 1024w,https:\/\/a.allegroimg.com\/original\/1153e3\/300cd8c74f31a93d449173afabf5\/2x-Pirelli-Scorpion-Winter-285-45R21-113V-XL-Z151A-Klasa-premium 1024w\" sizes=\"(min-width: 1200px) 560px, (min-width: 992px) 50vw, 100vw\" width=\"1024px\" alt=\"2x Pirelli Scorpion Winter 285\/45R21 113V XL Z151A Klasa premium\"\/ style=\"max-width: 100%; height: auto; display: block; margin: 0 auto;\"><\/div>\n<\/div>\n<\/div>\n<\/div>\n<\/div>\n<div style=\"clear: both; display: block; margin: 10px 0;\">\n<div style=\"clear: both; display: block; margin: 10px 0;\">\n<div  style=\"max-width:1024px;max-height:337px\">\n<div style=\"clear: both; display: block; margin: 10px 0;\">\n<div style=\"clear: both; width: 100%; display: block; margin: 20px 0; padding: 0; float: none; position: static; text-align: center;\"><img decoding=\"async\"  src=\"https:\/\/a.allegroimg.com\/original\/1143d9\/823a768a4ac19bac12063072a6d5\/2x-Pirelli-Scorpion-Winter-285-45R21-113V-XL-Z151A-Profil-opony-45\" srcset=\"https:\/\/a.allegroimg.com\/original\/1143d9\/823a768a4ac19bac12063072a6d5\/2x-Pirelli-Scorpion-Winter-285-45R21-113V-XL-Z151A-Profil-opony-45 360w,https:\/\/a.allegroimg.com\/original\/1143d9\/823a768a4ac19bac12063072a6d5\/2x-Pirelli-Scorpion-Winter-285-45R21-113V-XL-Z151A-Profil-opony-45 720w,https:\/\/a.allegroimg.com\/original\/1143d9\/823a768a4ac19bac12063072a6d5\/2x-Pirelli-Scorpion-Winter-285-45R21-113V-XL-Z151A-Profil-opony-45 1024w,https:\/\/a.allegroimg.com\/original\/1143d9\/823a768a4ac19bac12063072a6d5\/2x-Pirelli-Scorpion-Winter-285-45R21-113V-XL-Z151A-Profil-opony-45 1024w\" sizes=\"(min-width: 1200px) 560px, (min-width: 992px) 50vw, 100vw\" width=\"1024px\" alt=\"2x Pirelli Scorpion Winter 285\/45R21 113V XL Z151A Profil opony 45\"\/ style=\"max-width: 100%; height: auto; display: block; margin: 0 auto;\"><\/div>\n<\/div>\n<\/div>\n<\/div>\n<\/div>\n<\/div>\n<div style=\"clear: both; display: block; margin: 10px 0;\">\n<div style=\"clear: both; display: block; margin: 10px 0;\">\n<div style=\"clear: both; display: block; margin: 10px 0;\">\n<div  style=\"max-width:1024px;max-height:460px\">\n<div style=\"clear: both; display: block; margin: 10px 0;\">\n<div style=\"clear: both; width: 100%; display: block; margin: 20px 0; padding: 0; float: none; position: static; text-align: center;\"><img decoding=\"async\"  src=\"https:\/\/a.allegroimg.com\/original\/11aa8c\/798de0fd413c8164a48c3e5a7f01\/2x-Pirelli-Scorpion-Winter-285-45R21-113V-XL-Z151A-Srednica-21\" srcset=\"https:\/\/a.allegroimg.com\/original\/11aa8c\/798de0fd413c8164a48c3e5a7f01\/2x-Pirelli-Scorpion-Winter-285-45R21-113V-XL-Z151A-Srednica-21 360w,https:\/\/a.allegroimg.com\/original\/11aa8c\/798de0fd413c8164a48c3e5a7f01\/2x-Pirelli-Scorpion-Winter-285-45R21-113V-XL-Z151A-Srednica-21 720w,https:\/\/a.allegroimg.com\/original\/11aa8c\/798de0fd413c8164a48c3e5a7f01\/2x-Pirelli-Scorpion-Winter-285-45R21-113V-XL-Z151A-Srednica-21 1024w,https:\/\/a.allegroimg.com\/original\/11aa8c\/798de0fd413c8164a48c3e5a7f01\/2x-Pirelli-Scorpion-Winter-285-45R21-113V-XL-Z151A-Srednica-21 1024w\" sizes=\"100vw\" width=\"1024px\" alt=\"2x Pirelli Scorpion Winter 285\/45R21 113V XL Z151A \u015arednica 21&quot;\"\/ style=\"max-width: 100%; height: auto; display: block; margin: 0 auto;\"><\/div>\n<\/div>\n<\/div>\n<\/div>\n<\/div>\n<\/div>\n<div style=\"clear: both; display: block; margin: 10px 0;\">\n<div style=\"clear: both; display: block; margin: 10px 0;\">\n<div style=\"clear: both; display: block; margin: 10px 0;\">\n<div  style=\"max-width:1024px;max-height:576px\">\n<div style=\"clear: both; display: block; margin: 10px 0;\">\n<div style=\"clear: both; width: 100%; display: block; margin: 20px 0; padding: 0; float: none; position: static; text-align: center;\"><img decoding=\"async\"  src=\"https:\/\/a.allegroimg.com\/original\/110d9d\/acb35c0a464e9bace927e31517ef\/2x-Pirelli-Scorpion-Winter-285-45R21-113V-XL-Z151A-Model-Scorpion-Winter\" srcset=\"https:\/\/a.allegroimg.com\/original\/110d9d\/acb35c0a464e9bace927e31517ef\/2x-Pirelli-Scorpion-Winter-285-45R21-113V-XL-Z151A-Model-Scorpion-Winter 360w,https:\/\/a.allegroimg.com\/original\/110d9d\/acb35c0a464e9bace927e31517ef\/2x-Pirelli-Scorpion-Winter-285-45R21-113V-XL-Z151A-Model-Scorpion-Winter 720w,https:\/\/a.allegroimg.com\/original\/110d9d\/acb35c0a464e9bace927e31517ef\/2x-Pirelli-Scorpion-Winter-285-45R21-113V-XL-Z151A-Model-Scorpion-Winter 1024w,https:\/\/a.allegroimg.com\/original\/110d9d\/acb35c0a464e9bace927e31517ef\/2x-Pirelli-Scorpion-Winter-285-45R21-113V-XL-Z151A-Model-Scorpion-Winter 1024w\" sizes=\"(min-width: 1200px) 560px, (min-width: 992px) 50vw, 100vw\" width=\"1024px\" alt=\"2x Pirelli Scorpion Winter 285\/45R21 113V XL Z151A Model Scorpion Winter\"\/ style=\"max-width: 100%; height: auto; display: block; margin: 0 auto;\"><\/div>\n<\/div>\n<\/div>\n<\/div>\n<\/div>\n<div style=\"clear: both; display: block; margin: 10px 0;\">\n<div style=\"clear: both; display: block; margin: 10px 0;\">\n<div  style=\"max-width:1024px;max-height:576px\">\n<div style=\"clear: both; display: block; margin: 10px 0;\">\n<div style=\"clear: both; width: 100%; display: block; margin: 20px 0; padding: 0; float: none; position: static; text-align: center;\"><img decoding=\"async\"  src=\"https:\/\/a.allegroimg.com\/original\/1147f9\/a716da334ac0923f96c051cd428b\/2x-Pirelli-Scorpion-Winter-285-45R21-113V-XL-Z151A-Szerokosc-opony-285-mm\" srcset=\"https:\/\/a.allegroimg.com\/original\/1147f9\/a716da334ac0923f96c051cd428b\/2x-Pirelli-Scorpion-Winter-285-45R21-113V-XL-Z151A-Szerokosc-opony-285-mm 360w,https:\/\/a.allegroimg.com\/original\/1147f9\/a716da334ac0923f96c051cd428b\/2x-Pirelli-Scorpion-Winter-285-45R21-113V-XL-Z151A-Szerokosc-opony-285-mm 720w,https:\/\/a.allegroimg.com\/original\/1147f9\/a716da334ac0923f96c051cd428b\/2x-Pirelli-Scorpion-Winter-285-45R21-113V-XL-Z151A-Szerokosc-opony-285-mm 1024w,https:\/\/a.allegroimg.com\/original\/1147f9\/a716da334ac0923f96c051cd428b\/2x-Pirelli-Scorpion-Winter-285-45R21-113V-XL-Z151A-Szerokosc-opony-285-mm 1024w\" sizes=\"(min-width: 1200px) 560px, (min-width: 992px) 50vw, 100vw\" width=\"1024px\" alt=\"2x Pirelli Scorpion Winter 285\/45R21 113V XL Z151A Szeroko\u015b\u0107 opony 285 mm\"\/ style=\"max-width: 100%; height: auto; display: block; margin: 0 auto;\"><\/div>\n<\/div>\n<\/div>\n<\/div>\n<\/div>\n<\/div>\n<div style=\"clear: both; display: block; margin: 10px 0;\">\n<div style=\"clear: both; display: block; margin: 10px 0;\">\n<div style=\"clear: both; display: block; margin: 10px 0;\">\n<div  style=\"max-width:886px;max-height:1299px\">\n<div style=\"clear: both; display: block; margin: 10px 0;\">\n<div style=\"clear: both; width: 100%; display: block; margin: 20px 0; padding: 0; float: none; position: static; text-align: center;\"><img decoding=\"async\"  src=\"https:\/\/a.allegroimg.com\/original\/2938b6\/0544839e4d5881e2e08e1418e3a9\/2x-Pirelli-Scorpion-Winter-285-45R21-113V-XL-Z151A-Kod-EPREL-595500\" srcset=\"https:\/\/a.allegroimg.com\/original\/2938b6\/0544839e4d5881e2e08e1418e3a9\/2x-Pirelli-Scorpion-Winter-285-45R21-113V-XL-Z151A-Kod-EPREL-595500 245w,https:\/\/a.allegroimg.com\/original\/2938b6\/0544839e4d5881e2e08e1418e3a9\/2x-Pirelli-Scorpion-Winter-285-45R21-113V-XL-Z151A-Kod-EPREL-595500 491w,https:\/\/a.allegroimg.com\/original\/2938b6\/0544839e4d5881e2e08e1418e3a9\/2x-Pirelli-Scorpion-Winter-285-45R21-113V-XL-Z151A-Kod-EPREL-595500 698w,https:\/\/a.allegroimg.com\/original\/2938b6\/0544839e4d5881e2e08e1418e3a9\/2x-Pirelli-Scorpion-Winter-285-45R21-113V-XL-Z151A-Kod-EPREL-595500 886w,https:\/\/a.allegroimg.com\/original\/2938b6\/0544839e4d5881e2e08e1418e3a9\/2x-Pirelli-Scorpion-Winter-285-45R21-113V-XL-Z151A-Kod-EPREL-595500 886w\" sizes=\"100vw\" width=\"886px\" alt=\"2x Pirelli Scorpion Winter 285\/45R21 113V XL Z151A Kod EPREL 595500\"\/ style=\"max-width: 100%; height: auto; display: block; margin: 0 auto;\"><\/div>\n<\/div>\n<\/div>\n<\/div>\n<\/div>\n<\/div>\n<div style=\"clear: both; display: block; margin: 10px 0;\">\n<div style=\"clear: both; display: block; margin: 10px 0;\">\n<div style=\"clear: both; display: block; margin: 10px 0;\">\n<div  style=\"max-width:1024px;max-height:576px\">\n<div style=\"clear: both; display: block; margin: 10px 0;\">\n<div style=\"clear: both; width: 100%; display: block; margin: 20px 0; padding: 0; float: none; position: static; text-align: center;\"><img decoding=\"async\"  src=\"https:\/\/a.allegroimg.com\/original\/11df27\/77027905408fa8646a5b021f5c6f\/2x-Pirelli-Scorpion-Winter-285-45R21-113V-XL-Z151A-Rok-produkcji-2019\" srcset=\"https:\/\/a.allegroimg.com\/original\/11df27\/77027905408fa8646a5b021f5c6f\/2x-Pirelli-Scorpion-Winter-285-45R21-113V-XL-Z151A-Rok-produkcji-2019 360w,https:\/\/a.allegroimg.com\/original\/11df27\/77027905408fa8646a5b021f5c6f\/2x-Pirelli-Scorpion-Winter-285-45R21-113V-XL-Z151A-Rok-produkcji-2019 720w,https:\/\/a.allegroimg.com\/original\/11df27\/77027905408fa8646a5b021f5c6f\/2x-Pirelli-Scorpion-Winter-285-45R21-113V-XL-Z151A-Rok-produkcji-2019 1024w,https:\/\/a.allegroimg.com\/original\/11df27\/77027905408fa8646a5b021f5c6f\/2x-Pirelli-Scorpion-Winter-285-45R21-113V-XL-Z151A-Rok-produkcji-2019 1024w\" sizes=\"100vw\" width=\"1024px\" alt=\"2x Pirelli Scorpion Winter 285\/45R21 113V XL Z151A Rok produkcji 2019\"\/ style=\"max-width: 100%; height: auto; display: block; margin: 0 auto;\"><\/div>\n<\/div>\n<\/div>\n<\/div>\n<\/div>\n<\/div>\n<\/div>\n<\/div>\n<\/div>\n<div style=\"clear: both; display: block; margin: 10px 0;\">\n","protected":false},"excerpt":{"rendered":"<p>Pirelli Scorpion Winter<\/p>\n<p>SZEROKO\u015a\u0106 OPONY &#8211; 285<\/p>\n<p>WYSOKO\u015a\u0106 OPONY &#8211; 45<\/p>\n<p>\u015aREDNICA &#8211; 21<\/p>\n<p>ROCZNIK &#8211; 2019<\/p>\n<p>HOMOLOGACJA &#8211; BMW (*)<\/p>\n<p>MAGAZYN &#8211; Z151A<\/p>\n<p>Pirelli Scorpion Winter to opona zimowa przeznaczona do u\u017cytkowania w samochodach typu SUV. Ogumienie zalicza si\u0119 do segmentu premium. Zastosowano w nim najbardziej zaawansowane rozwi\u0105zania technologiczne, kt\u00f3re przyczyniaj\u0105 si\u0119 do poprawy bezpiecze\u0144stwa i komfortu jazdy.<\/p>\n","protected":false},"featured_media":13174,"template":"","meta":{"_uag_custom_page_level_css":""},"product_brand":[433],"product_cat":[414,413,412,415],"product_tag":[],"class_list":{"0":"post-13173","1":"product","2":"type-product","3":"status-publish","4":"has-post-thumbnail","6":"product_brand-pirelli","7":"product_cat-do-samochodow-osobowych-i-suv","8":"product_cat-opony","9":"product_cat-opony-i-felgi","10":"product_cat-zimowe","12":"first","13":"instock","14":"shipping-taxable","15":"purchasable","16":"product-type-simple"},"uagb_featured_image_src":{"full":["https:\/\/oponixo.shop\/tire\/wp-content\/uploads\/2026\/01\/allegro-image-13173.jpg",400,623,false],"thumbnail":["https:\/\/oponixo.shop\/tire\/wp-content\/uploads\/2026\/01\/allegro-image-13173-150x150.jpg",150,150,true],"medium":["https:\/\/oponixo.shop\/tire\/wp-content\/uploads\/2026\/01\/allegro-image-13173-193x300.jpg",193,300,true],"medium_large":["https:\/\/oponixo.shop\/tire\/wp-content\/uploads\/2026\/01\/allegro-image-13173.jpg",400,623,false],"large":["https:\/\/oponixo.shop\/tire\/wp-content\/uploads\/2026\/01\/allegro-image-13173.jpg",400,623,false],"1536x1536":["https:\/\/oponixo.shop\/tire\/wp-content\/uploads\/2026\/01\/allegro-image-13173.jpg",400,623,false],"2048x2048":["https:\/\/oponixo.shop\/tire\/wp-content\/uploads\/2026\/01\/allegro-image-13173.jpg",400,623,false],"woocommerce_thumbnail":["https:\/\/oponixo.shop\/tire\/wp-content\/uploads\/2026\/01\/allegro-image-13173-300x300.jpg",300,300,true],"woocommerce_single":["https:\/\/oponixo.shop\/tire\/wp-content\/uploads\/2026\/01\/allegro-image-13173.jpg",400,623,false],"woocommerce_gallery_thumbnail":["https:\/\/oponixo.shop\/tire\/wp-content\/uploads\/2026\/01\/allegro-image-13173-100x100.jpg",100,100,true]},"uagb_author_info":{"display_name":"admin","author_link":"https:\/\/oponixo.shop\/tire\/author\/"},"uagb_comment_info":0,"uagb_excerpt":"Pirelli Scorpion Winter SZEROKO\u015a\u0106 OPONY - 285 WYSOKO\u015a\u0106 OPONY - 45 \u015aREDNICA - 21 ROCZNIK - 2019 HOMOLOGACJA - BMW (*) MAGAZYN - Z151A Pirelli Scorpion Winter to opona zimowa przeznaczona do u\u017cytkowania w samochodach typu SUV. Ogumienie zalicza si\u0119 do segmentu premium. Zastosowano w nim najbardziej zaawansowane rozwi\u0105zania technologiczne, kt\u00f3re przyczyniaj\u0105 si\u0119 do poprawy&hellip;","_links":{"self":[{"href":"https:\/\/oponixo.shop\/tire\/wp-json\/wp\/v2\/product\/13173","targetHints":{"allow":["GET"]}}],"collection":[{"href":"https:\/\/oponixo.shop\/tire\/wp-json\/wp\/v2\/product"}],"about":[{"href":"https:\/\/oponixo.shop\/tire\/wp-json\/wp\/v2\/types\/product"}],"wp:featuredmedia":[{"embeddable":true,"href":"https:\/\/oponixo.shop\/tire\/wp-json\/wp\/v2\/media\/13174"}],"wp:attachment":[{"href":"https:\/\/oponixo.shop\/tire\/wp-json\/wp\/v2\/media?parent=13173"}],"wp:term":[{"taxonomy":"product_brand","embeddable":true,"href":"https:\/\/oponixo.shop\/tire\/wp-json\/wp\/v2\/product_brand?post=13173"},{"taxonomy":"product_cat","embeddable":true,"href":"https:\/\/oponixo.shop\/tire\/wp-json\/wp\/v2\/product_cat?post=13173"},{"taxonomy":"product_tag","embeddable":true,"href":"https:\/\/oponixo.shop\/tire\/wp-json\/wp\/v2\/product_tag?post=13173"}],"curies":[{"name":"wp","href":"https:\/\/api.w.org\/{rel}","templated":true}]}}