{"id":13260,"date":"2026-01-06T11:18:07","date_gmt":"2026-01-06T10:18:07","guid":{"rendered":"https:\/\/oponyprofi.shop\/xef5\/produkt\/2x-kumho-wintercraft-wp72-265-35r20-99v-xl\/"},"modified":"2026-01-06T11:18:08","modified_gmt":"2026-01-06T10:18:08","slug":"2x-kumho-wintercraft-wp72-265-35r20-99v-xl","status":"publish","type":"product","link":"https:\/\/oponixo.shop\/tire\/produkt\/2x-kumho-wintercraft-wp72-265-35r20-99v-xl\/","title":{"rendered":"2x Kumho Wintercraft WP72 265\/35R20 99V XL"},"content":{"rendered":"<div style=\"font-family: Arial, sans-serif; line-height: 1.6; color: #333; padding: 20px; clear: both; display: block; width: 100%; float: none; position: static; overflow: hidden;\">\n<div style=\"clear: both; display: block; margin: 10px 0;\">\n<div style=\"clear: both; display: block; margin: 10px 0;\">\n<div style=\"clear: both; display: block; margin: 10px 0;\">\n<h1>Kumho Wintercraft WP72 <\/h1>\n<h1>265\/35 R20 99V do 240 km\/h<\/h1>\n<h2>Kod produktu: 8808956253172<\/h2>\n<p style=\"margin: 15px 0; line-height: 1.8; clear: both; display: block; width: 100%; float: none; position: static;\">Kumho Wintercraft WP72  to opona ZIMOWA klasy \u015bredniej &#8211; przeznaczona jest do samochod\u00f3w osobowych. Idealnie sprawdzi si\u0119 do codziennego u\u017cytku w mie\u015bcie  w sezonie zimowym. Ma dobr\u0105 przyczepno\u015b\u0107 na mokrej nawierzchni. Mieszanka gumowa, posiada dobre parametry,  kt\u00f3re zmniejszaj\u0105 opory toczenia co przek\u0142ada si\u0119 na mniejsze zu\u017cycie paliwa. Dodatkowo poziom ha\u0142asu jest kt\u00f3ry jest odczuwalny w kabinie auta jest na poziomie 72dB, daje nam to wi\u0119kszy komfort podr\u00f3\u017cowania<\/p>\n<h2>Zakupione na tej aukcji opony mo\u017cesz odebra\u0107 i wymieni\u0107 w jednym z naszych serwis\u00f3w: MOTOHURT MARKI &#8211; MOTOHURT WOLA &#8211; MOTOHURT MOKOT\u00d3W<\/h2>\n<\/div>\n<\/div>\n<div style=\"clear: both; display: block; margin: 10px 0;\">\n<div style=\"clear: both; display: block; margin: 10px 0;\">\n<div  style=\"max-width:750px;max-height:1024px\">\n<div style=\"clear: both; display: block; margin: 10px 0;\">\n<div style=\"clear: both; width: 100%; display: block; margin: 20px 0; padding: 0; float: none; position: static; text-align: center;\"><img decoding=\"async\"  src=\"https:\/\/a.allegroimg.com\/original\/114971\/af589cce458d98287a374757d4df\/2x-Kumho-Wintercraft-WP72-265-35R20-99V-XL\" srcset=\"https:\/\/a.allegroimg.com\/original\/114971\/af589cce458d98287a374757d4df\/2x-Kumho-Wintercraft-WP72-265-35R20-99V-XL 263w,https:\/\/a.allegroimg.com\/original\/114971\/af589cce458d98287a374757d4df\/2x-Kumho-Wintercraft-WP72-265-35R20-99V-XL 527w,https:\/\/a.allegroimg.com\/original\/114971\/af589cce458d98287a374757d4df\/2x-Kumho-Wintercraft-WP72-265-35R20-99V-XL 750w,https:\/\/a.allegroimg.com\/original\/114971\/af589cce458d98287a374757d4df\/2x-Kumho-Wintercraft-WP72-265-35R20-99V-XL 750w\" sizes=\"(min-width: 1200px) 560px, (min-width: 992px) 50vw, 100vw\" width=\"750px\" alt=\"2x Kumho Wintercraft WP72 265\/35R20 99V XL\" style=\"max-width: 100%; height: auto; display: block; margin: 0 auto;\"><\/div>\n<\/div>\n<\/div>\n<\/div>\n<\/div>\n<\/div>\n<div style=\"clear: both; display: block; margin: 10px 0;\">\n<div style=\"clear: both; display: block; margin: 10px 0;\">\n<div style=\"clear: both; display: block; margin: 10px 0;\">\n<div  style=\"max-width:212px;max-height:305px\">\n<div style=\"clear: both; display: block; margin: 10px 0;\">\n<div style=\"clear: both; width: 100%; display: block; margin: 20px 0; padding: 0; float: none; position: static; text-align: center;\"><img decoding=\"async\"  src=\"https:\/\/a.allegroimg.com\/original\/113e19\/a7e527a148708452df4fe58c79d8\/2x-Kumho-Wintercraft-WP72-265-35R20-99V-XL-Liczba-opon-w-ofercie-2-szt\" srcset=\"https:\/\/a.allegroimg.com\/original\/113e19\/a7e527a148708452df4fe58c79d8\/2x-Kumho-Wintercraft-WP72-265-35R20-99V-XL-Liczba-opon-w-ofercie-2-szt 212w,https:\/\/a.allegroimg.com\/original\/113e19\/a7e527a148708452df4fe58c79d8\/2x-Kumho-Wintercraft-WP72-265-35R20-99V-XL-Liczba-opon-w-ofercie-2-szt 212w\" sizes=\"(min-width: 1200px) 560px, (min-width: 992px) 50vw, 100vw\" width=\"212px\" alt=\"2x Kumho Wintercraft WP72 265\/35R20 99V XL Liczba opon w ofercie 2 szt.\" style=\"max-width: 100%; height: auto; display: block; margin: 0 auto;\"><\/div>\n<\/div>\n<\/div>\n<\/div>\n<\/div>\n<div style=\"clear: both; display: block; margin: 10px 0;\">\n<div style=\"clear: both; display: block; margin: 10px 0;\">\n<h2>Marka: Kumho<\/h2>\n<h2>Liczba opon w ofercie: 2<\/h2>\n<h2>Rok produkcji: <\/h2>\n<h2>Szeroko\u015b\u0107 opony: 265 mm<\/h2>\n<h2>Profil opony: 35<\/h2>\n<h2>\u015arednica: 20<\/h2>\n<h2>Indeks no\u015bno\u015bci: 99<\/h2>\n<h2>Indeks pr\u0119dko\u015bci: V do 240 km\/h<\/h2>\n<h2>Op\u00f3r toczenia: Klasa C<\/h2>\n<h2>Przyczepno\u015b\u0107 na mokrej nawierzchni: Klasa C<\/h2>\n<h2>Ha\u0142as zewn\u0119trzny: 73 dB<\/h2>\n<h2>Kod producenta: 2247213<\/h2>\n<h2>Sezon: Zimowe<\/h2>\n<\/div>\n<\/div>\n<\/div>\n<\/div>\n<\/div>\n<\/div>\n<div style=\"clear: both; display: block; margin: 10px 0;\">\n","protected":false},"excerpt":{"rendered":"<p>Kumho Wintercraft WP72<\/p>\n<p>265\/35 R20 99V do 240 km\/h<\/p>\n<p>Kod produktu: 8808956253172<\/p>\n<p>Kumho Wintercraft WP72 to opona ZIMOWA klasy \u015bredniej &#8211; przeznaczona jest do samochod\u00f3w osobowych. Idealnie sprawdzi si\u0119 do codziennego u\u017cytku w mie\u015bcie w sezonie zimowym. Ma dobr\u0105 przyczepno\u015b\u0107 na mokrej nawierzchni. Mieszanka gumowa, posiada dobre parametry, kt\u00f3re zmniejszaj\u0105 opory toczenia co przek\u0142ada si\u0119 na mniejsze zu\u017cycie paliwa. Dodatkowo poziom ha\u0142asu jest kt\u00f3ry jest odczuwalny w kabinie auta jest na poziomie 72dB, daje nam to wi\u0119kszy komfort podr\u00f3\u017cowania<\/p>\n","protected":false},"featured_media":13261,"template":"","meta":{"_uag_custom_page_level_css":""},"product_brand":[390],"product_cat":[414,413,412,415],"product_tag":[],"class_list":{"0":"post-13260","1":"product","2":"type-product","3":"status-publish","4":"has-post-thumbnail","6":"product_brand-kumho","7":"product_cat-do-samochodow-osobowych-i-suv","8":"product_cat-opony","9":"product_cat-opony-i-felgi","10":"product_cat-zimowe","12":"first","13":"instock","14":"shipping-taxable","15":"purchasable","16":"product-type-simple"},"uagb_featured_image_src":{"full":["https:\/\/oponixo.shop\/tire\/wp-content\/uploads\/2026\/01\/allegro-image-13260.jpg",750,1024,false],"thumbnail":["https:\/\/oponixo.shop\/tire\/wp-content\/uploads\/2026\/01\/allegro-image-13260-150x150.jpg",150,150,true],"medium":["https:\/\/oponixo.shop\/tire\/wp-content\/uploads\/2026\/01\/allegro-image-13260-220x300.jpg",220,300,true],"medium_large":["https:\/\/oponixo.shop\/tire\/wp-content\/uploads\/2026\/01\/allegro-image-13260.jpg",750,1024,false],"large":["https:\/\/oponixo.shop\/tire\/wp-content\/uploads\/2026\/01\/allegro-image-13260.jpg",750,1024,false],"1536x1536":["https:\/\/oponixo.shop\/tire\/wp-content\/uploads\/2026\/01\/allegro-image-13260.jpg",750,1024,false],"2048x2048":["https:\/\/oponixo.shop\/tire\/wp-content\/uploads\/2026\/01\/allegro-image-13260.jpg",750,1024,false],"woocommerce_thumbnail":["https:\/\/oponixo.shop\/tire\/wp-content\/uploads\/2026\/01\/allegro-image-13260-300x300.jpg",300,300,true],"woocommerce_single":["https:\/\/oponixo.shop\/tire\/wp-content\/uploads\/2026\/01\/allegro-image-13260-600x819.jpg",600,819,true],"woocommerce_gallery_thumbnail":["https:\/\/oponixo.shop\/tire\/wp-content\/uploads\/2026\/01\/allegro-image-13260-100x100.jpg",100,100,true]},"uagb_author_info":{"display_name":"admin","author_link":"https:\/\/oponixo.shop\/tire\/author\/"},"uagb_comment_info":0,"uagb_excerpt":"Kumho Wintercraft WP72 265\/35 R20 99V do 240 km\/h Kod produktu: 8808956253172 Kumho Wintercraft WP72 to opona ZIMOWA klasy \u015bredniej - przeznaczona jest do samochod\u00f3w osobowych. Idealnie sprawdzi si\u0119 do codziennego u\u017cytku w mie\u015bcie w sezonie zimowym. Ma dobr\u0105 przyczepno\u015b\u0107 na mokrej nawierzchni. Mieszanka gumowa, posiada dobre parametry, kt\u00f3re zmniejszaj\u0105 opory toczenia co przek\u0142ada si\u0119&hellip;","_links":{"self":[{"href":"https:\/\/oponixo.shop\/tire\/wp-json\/wp\/v2\/product\/13260","targetHints":{"allow":["GET"]}}],"collection":[{"href":"https:\/\/oponixo.shop\/tire\/wp-json\/wp\/v2\/product"}],"about":[{"href":"https:\/\/oponixo.shop\/tire\/wp-json\/wp\/v2\/types\/product"}],"wp:featuredmedia":[{"embeddable":true,"href":"https:\/\/oponixo.shop\/tire\/wp-json\/wp\/v2\/media\/13261"}],"wp:attachment":[{"href":"https:\/\/oponixo.shop\/tire\/wp-json\/wp\/v2\/media?parent=13260"}],"wp:term":[{"taxonomy":"product_brand","embeddable":true,"href":"https:\/\/oponixo.shop\/tire\/wp-json\/wp\/v2\/product_brand?post=13260"},{"taxonomy":"product_cat","embeddable":true,"href":"https:\/\/oponixo.shop\/tire\/wp-json\/wp\/v2\/product_cat?post=13260"},{"taxonomy":"product_tag","embeddable":true,"href":"https:\/\/oponixo.shop\/tire\/wp-json\/wp\/v2\/product_tag?post=13260"}],"curies":[{"name":"wp","href":"https:\/\/api.w.org\/{rel}","templated":true}]}}