{"id":13272,"date":"2026-01-06T11:18:11","date_gmt":"2026-01-06T10:18:11","guid":{"rendered":"https:\/\/oponyprofi.shop\/xef5\/produkt\/2x-continental-255-45r17wintercontact-ts-830-p-98v-fr-mo\/"},"modified":"2026-01-06T11:18:12","modified_gmt":"2026-01-06T10:18:12","slug":"2x-continental-255-45r17wintercontact-ts-830-p-98v-fr-mo","status":"publish","type":"product","link":"https:\/\/oponixo.shop\/tire\/produkt\/2x-continental-255-45r17wintercontact-ts-830-p-98v-fr-mo\/","title":{"rendered":"2x Continental 255\/45R17WINTERCONTACT TS 830 P 98V FR MO"},"content":{"rendered":"<div style=\"font-family: Arial, sans-serif; line-height: 1.6; color: #333; padding: 20px; clear: both; display: block; width: 100%; float: none; position: static; overflow: hidden;\">\n<div style=\"clear: both; display: block; margin: 10px 0;\">\n<div style=\"clear: both; display: block; margin: 10px 0;\">\n<div style=\"clear: both; display: block; margin: 10px 0;\">\n<h2>Opona zimowa Continental CONTIWINTERCONTACT TS 830 P 255\/45R17 98V FR MO<\/h2>\n<p style=\"margin: 15px 0; line-height: 1.8; clear: both; display: block; width: 100%; float: none; position: static;\"><b>Continental WinterContact 830 P<\/b>&nbsp;to opona zimowa klasy premium. Jest przeznaczona do samochod\u00f3w osobowych i samochod\u00f3w typu SUV.<\/p>\n<p style=\"margin: 15px 0; line-height: 1.8; clear: both; display: block; width: 100%; float: none; position: static;\">Opona posiada asymetryczny bie\u017cnik. Takie rozwi\u0105zanie pozwala na uzyskanie zr\u00f3wnowa\u017conych osi\u0105g\u00f3w na za\u015bnie\u017conej i mokrej drodze.<\/p>\n<h3 style=\"color: #2c5aa0; font-size: 18px; margin: 30px 0 15px 0; font-weight: bold; clear: both; display: block; width: 100%; float: none; position: static;\">Zoptymalizowany wz\u00f3r bie\u017cnika zapewnia odpowiedni komfort w czasie jazdy i gwarantuje wysokie przebiegi.<\/h3>\n<p style=\"margin: 15px 0; line-height: 1.8; clear: both; display: block; width: 100%; float: none; position: static;\"><b>Za stabiln\u0105 i przyczepn\u0105 jazd\u0119 na \u015bniegu odpowiada du\u017ca liczba zimowych lameli.&nbsp;<\/b>Opona &#8222;wgryza&#8221; si\u0119 w \u015bnieg i zapewnia dobr\u0105 trakcj\u0119 na \u015bniegu.<\/p>\n<p style=\"margin: 15px 0; line-height: 1.8; clear: both; display: block; width: 100%; float: none; position: static;\">Mieszanka gumowa bogata w krzemionk\u0119 zapewnia odpowiedni\u0105 elastyczno\u015b\u0107 przy niskich temperaturach.<\/p>\n<p style=\"margin: 15px 0; line-height: 1.8; clear: both; display: block; width: 100%; float: none; position: static;\">Opona&nbsp;<b>Continental WinterContact 830 P<\/b>&nbsp;to doskona\u0142e rozwi\u0105zanie dla Klient\u00f3w, kt\u00f3rzy ceni\u0105 sobie zr\u00f3wnowa\u017cone osi\u0105gi w trudnych zimowych warunkach.<\/p>\n<p style=\"margin: 15px 0; line-height: 1.8; clear: both; display: block; width: 100%; float: none; position: static;\"><b>Co trzeci nowo wyprodukowany samoch\u00f3d wyje\u017cd\u017ca z salonu na poziomach Contnental. Continental na pierwszy monta\u017c dostarcza opony takim koncernom jak: <\/b>Volkswagen, BMW, Audi, Alfa Romeo, Jaguar, Land Rover, Maserati, Mercedes, Porsche, Polestar, Tesla, Volvo, Rolls-Royce, Renault, Hyundai.&nbsp;<\/p>\n<p style=\"margin: 15px 0; line-height: 1.8; clear: both; display: block; width: 100%; float: none; position: static;\">Firma Continental powsta\u0142 w Hanover w 1871 roku jako sp\u00f3\u0142ka akcyjna &#8222;Continental-Caoutchouc- und Gutta-Percha Compagnie&#8221;. Produkcja w g\u0142\u00f3wnej fabryce w Hanover obejmowa\u0142a mi\u0119kkie wyroby gumowe, gumowane tkaniny i solidne opony do w\u00f3zk\u00f3w i rower\u00f3w.<\/p>\n<p style=\"margin: 15px 0; line-height: 1.8; clear: both; display: block; width: 100%; float: none; position: static;\"><b>Producenci wchodz\u0105cy w sk\u0142ad Grupy Bridgestone:<\/b> Barum, Semperit, Uniroyal, Viking, General Tire, Matador.&nbsp;&nbsp;<\/p>\n<p style=\"margin: 15px 0; line-height: 1.8; clear: both; display: block; width: 100%; float: none; position: static;\">Dzisiaj Continental jest jednym z pi\u0119ciu najwi\u0119kszych dostawc\u00f3w motoryzacyjnych na \u015bwiecie. Jako dostawca uk\u0142ad\u00f3w hamulcowych, system\u00f3w i komponent\u00f3w do uk\u0142ad\u00f3w nap\u0119dowych i podwozi, oprzyrz\u0105dowania, rozwi\u0105za\u0144 informacyjno-rozrywkowych, elektroniki pojazdowej, opon i elastomer\u00f3w technicznych, Continental przyczynia si\u0119 do poprawy bezpiecze\u0144stwa jazdy i globalnej ochrony klimatu. Continental jest tak\u017ce kompetentnym partnerem w komunikacji sieciowej w samochodach.<\/p>\n<p style=\"margin: 15px 0; line-height: 1.8; clear: both; display: block; width: 100%; float: none; position: static;\">Continental nie skupia si\u0119 wy\u0142\u0105cznie na produkcji opon do samochod\u00f3w osobowych. Jest tak\u017ce wiod\u0105cym dostawc\u0105 ogumienia do pojazd\u00f3w ci\u0119\u017carowych, u\u017cytkowych i autobus\u00f3w. W ostatnich latach koncern konsekwentnie rozwija si\u0119 w kierunku inteligentnych technologii dla transportu. Opracowuje zaawansowane rozwi\u0105zania wspieraj\u0105ce automatyzacj\u0119 i autonomizacj\u0119 jazdy. Opony przysz\u0142o\u015bci wed\u0142ug Continental maj\u0105 by\u0107 w pe\u0142ni zintegrowane z systemami samochodu \u2013 maj\u0105 nie tylko sygnalizowa\u0107 ewentualne spadki ci\u015bnienia czy usterki, ale tak\u017ce przesy\u0142a\u0107 do systemu istotne informacje, m.in. dotycz\u0105ce stanu i rodzaju nawierzchni.<\/p>\n<p style=\"margin: 15px 0; line-height: 1.8; clear: both; display: block; width: 100%; float: none; position: static;\">&nbsp;<\/p>\n<p style=\"margin: 15px 0; line-height: 1.8; clear: both; display: block; width: 100%; float: none; position: static;\">&nbsp;<\/p>\n<\/div>\n<\/div>\n<\/div>\n<div style=\"clear: both; display: block; margin: 10px 0;\">\n<div style=\"clear: both; display: block; margin: 10px 0;\">\n<div style=\"clear: both; display: block; margin: 10px 0;\">\n<div  style=\"max-width:500px;max-height:500px\">\n<div style=\"clear: both; display: block; margin: 10px 0;\">\n<div style=\"clear: both; width: 100%; display: block; margin: 20px 0; padding: 0; float: none; position: static; text-align: center;\"><img decoding=\"async\"  src=\"https:\/\/a.allegroimg.com\/original\/11459f\/aeec9b2d4ebe82e11892731ee55e\/2x-Continental-255-45R17WINTERCONTACT-TS-830-P-98V-FR-MO\" srcset=\"https:\/\/a.allegroimg.com\/original\/11459f\/aeec9b2d4ebe82e11892731ee55e\/2x-Continental-255-45R17WINTERCONTACT-TS-830-P-98V-FR-MO 360w,https:\/\/a.allegroimg.com\/original\/11459f\/aeec9b2d4ebe82e11892731ee55e\/2x-Continental-255-45R17WINTERCONTACT-TS-830-P-98V-FR-MO 500w,https:\/\/a.allegroimg.com\/original\/11459f\/aeec9b2d4ebe82e11892731ee55e\/2x-Continental-255-45R17WINTERCONTACT-TS-830-P-98V-FR-MO 500w\" sizes=\"(min-width: 1200px) 560px, (min-width: 992px) 50vw, 100vw\" width=\"500px\" alt=\"2x Continental 255\/45R17WINTERCONTACT TS 830 P 98V FR MO\" style=\"max-width: 100%; height: auto; display: block; margin: 0 auto;\"><\/div>\n<\/div>\n<\/div>\n<\/div>\n<\/div>\n<div style=\"clear: both; display: block; margin: 10px 0;\">\n<div style=\"clear: both; display: block; margin: 10px 0;\">\n<ul style=\"margin: 15px 0; padding-left: 20px; clear: both; display: block; width: 100%; float: none; position: static;\">\n<li style=\"margin: 5px 0; padding: 2px 0; clear: both; display: list-item; float: none; position: static;\"><b>Marka:<\/b> Continental<\/li>\n<li style=\"margin: 5px 0; padding: 2px 0; clear: both; display: list-item; float: none; position: static;\"><b>Liczba opon w ofercie:<\/b> 2 szt.<\/li>\n<li style=\"margin: 5px 0; padding: 2px 0; clear: both; display: list-item; float: none; position: static;\"><b>Run flat:<\/b> Nie<\/li>\n<li style=\"margin: 5px 0; padding: 2px 0; clear: both; display: list-item; float: none; position: static;\"><b>Sezon:<\/b> Zimowe<\/li>\n<li style=\"margin: 5px 0; padding: 2px 0; clear: both; display: list-item; float: none; position: static;\"><b>Model:<\/b> ContiWinterContact TS 830 P<\/li>\n<li style=\"margin: 5px 0; padding: 2px 0; clear: both; display: list-item; float: none; position: static;\"><b>Szeroko\u015b\u0107 opony:<\/b> 255 mm<\/li>\n<li style=\"margin: 5px 0; padding: 2px 0; clear: both; display: list-item; float: none; position: static;\"><b>Profil opony:<\/b> 45<\/li>\n<li style=\"margin: 5px 0; padding: 2px 0; clear: both; display: list-item; float: none; position: static;\"><b>\u015arednica:<\/b> 17&#8243;<\/li>\n<li style=\"margin: 5px 0; padding: 2px 0; clear: both; display: list-item; float: none; position: static;\"><b>Indeks no\u015bno\u015bci:<\/b> 98 &#8211; 750 kg<\/li>\n<li style=\"margin: 5px 0; padding: 2px 0; clear: both; display: list-item; float: none; position: static;\"><b>Indeks pr\u0119dko\u015bci:<\/b> V do 240 km\/h<\/li>\n<li style=\"margin: 5px 0; padding: 2px 0; clear: both; display: list-item; float: none; position: static;\"><b>Przyczepno\u015b\u0107 na mokrej nawierzchni:<\/b> Klasa B<\/li>\n<li style=\"margin: 5px 0; padding: 2px 0; clear: both; display: list-item; float: none; position: static;\"><b>Op\u00f3r toczenia:<\/b> Klasa D<\/li>\n<li style=\"margin: 5px 0; padding: 2px 0; clear: both; display: list-item; float: none; position: static;\"><b>Ha\u0142as zewn\u0119trzny:<\/b> 73 dB<\/li>\n<li style=\"margin: 5px 0; padding: 2px 0; clear: both; display: list-item; float: none; position: static;\"><b>Informacje dodatkowe:<\/b> rant ochronny<\/li>\n<li style=\"margin: 5px 0; padding: 2px 0; clear: both; display: list-item; float: none; position: static;\"><b>Rok produkcji (DOT):<\/b> <b>Kupuj\u0105c z tej oferty otrzymasz opony fabrycznie nowe, a ich rok produkcji jest nie starszy ni\u017c ubieg\u0142y rok kalendarzowy &#8211; 2025\/2024<\/b><\/li>\n<\/ul>\n<\/div>\n<\/div>\n<\/div>\n<\/div>\n<\/div>\n<\/div>\n<div style=\"clear: both; display: block; margin: 10px 0;\">\n","protected":false},"excerpt":{"rendered":"<p>Opona zimowa Continental CONTIWINTERCONTACT TS 830 P 255\/45R17 98V FR MO<\/p>\n<p>Continental WinterContact 830 P&nbsp;to opona zimowa klasy premium. Jest przeznaczona do samochod\u00f3w osobowych i samochod\u00f3w typu SUV.<\/p>\n<p>Opona posiada asymetryczny bie\u017cnik. Takie rozwi\u0105zanie pozwala na uzyskanie zr\u00f3wnowa\u017conych osi\u0105g\u00f3w na za\u015bnie\u017conej i mokrej drodze.<\/p>\n<p>Zoptymalizowany wz\u00f3r bie\u017cnika zapewnia odpowiedni komfort w czasie jazdy i gwarantuje wysokie przebiegi.<\/p>\n","protected":false},"featured_media":13273,"template":"","meta":{"_uag_custom_page_level_css":""},"product_brand":[396],"product_cat":[414,413,412,415],"product_tag":[],"class_list":{"0":"post-13272","1":"product","2":"type-product","3":"status-publish","4":"has-post-thumbnail","6":"product_brand-continental","7":"product_cat-do-samochodow-osobowych-i-suv","8":"product_cat-opony","9":"product_cat-opony-i-felgi","10":"product_cat-zimowe","12":"first","13":"instock","14":"shipping-taxable","15":"purchasable","16":"product-type-simple"},"uagb_featured_image_src":{"full":["https:\/\/oponixo.shop\/tire\/wp-content\/uploads\/2026\/01\/allegro-image-13272.jpg",500,500,false],"thumbnail":["https:\/\/oponixo.shop\/tire\/wp-content\/uploads\/2026\/01\/allegro-image-13272-150x150.jpg",150,150,true],"medium":["https:\/\/oponixo.shop\/tire\/wp-content\/uploads\/2026\/01\/allegro-image-13272-300x300.jpg",300,300,true],"medium_large":["https:\/\/oponixo.shop\/tire\/wp-content\/uploads\/2026\/01\/allegro-image-13272.jpg",500,500,false],"large":["https:\/\/oponixo.shop\/tire\/wp-content\/uploads\/2026\/01\/allegro-image-13272.jpg",500,500,false],"1536x1536":["https:\/\/oponixo.shop\/tire\/wp-content\/uploads\/2026\/01\/allegro-image-13272.jpg",500,500,false],"2048x2048":["https:\/\/oponixo.shop\/tire\/wp-content\/uploads\/2026\/01\/allegro-image-13272.jpg",500,500,false],"woocommerce_thumbnail":["https:\/\/oponixo.shop\/tire\/wp-content\/uploads\/2026\/01\/allegro-image-13272-300x300.jpg",300,300,true],"woocommerce_single":["https:\/\/oponixo.shop\/tire\/wp-content\/uploads\/2026\/01\/allegro-image-13272.jpg",500,500,false],"woocommerce_gallery_thumbnail":["https:\/\/oponixo.shop\/tire\/wp-content\/uploads\/2026\/01\/allegro-image-13272-100x100.jpg",100,100,true]},"uagb_author_info":{"display_name":"admin","author_link":"https:\/\/oponixo.shop\/tire\/author\/"},"uagb_comment_info":0,"uagb_excerpt":"Opona zimowa Continental CONTIWINTERCONTACT TS 830 P 255\/45R17 98V FR MO Continental WinterContact 830 P&nbsp;to opona zimowa klasy premium. Jest przeznaczona do samochod\u00f3w osobowych i samochod\u00f3w typu SUV. Opona posiada asymetryczny bie\u017cnik. Takie rozwi\u0105zanie pozwala na uzyskanie zr\u00f3wnowa\u017conych osi\u0105g\u00f3w na za\u015bnie\u017conej i mokrej drodze. Zoptymalizowany wz\u00f3r bie\u017cnika zapewnia odpowiedni komfort w czasie jazdy i gwarantuje&hellip;","_links":{"self":[{"href":"https:\/\/oponixo.shop\/tire\/wp-json\/wp\/v2\/product\/13272","targetHints":{"allow":["GET"]}}],"collection":[{"href":"https:\/\/oponixo.shop\/tire\/wp-json\/wp\/v2\/product"}],"about":[{"href":"https:\/\/oponixo.shop\/tire\/wp-json\/wp\/v2\/types\/product"}],"wp:featuredmedia":[{"embeddable":true,"href":"https:\/\/oponixo.shop\/tire\/wp-json\/wp\/v2\/media\/13273"}],"wp:attachment":[{"href":"https:\/\/oponixo.shop\/tire\/wp-json\/wp\/v2\/media?parent=13272"}],"wp:term":[{"taxonomy":"product_brand","embeddable":true,"href":"https:\/\/oponixo.shop\/tire\/wp-json\/wp\/v2\/product_brand?post=13272"},{"taxonomy":"product_cat","embeddable":true,"href":"https:\/\/oponixo.shop\/tire\/wp-json\/wp\/v2\/product_cat?post=13272"},{"taxonomy":"product_tag","embeddable":true,"href":"https:\/\/oponixo.shop\/tire\/wp-json\/wp\/v2\/product_tag?post=13272"}],"curies":[{"name":"wp","href":"https:\/\/api.w.org\/{rel}","templated":true}]}}