{"id":13290,"date":"2026-01-06T11:18:33","date_gmt":"2026-01-06T10:18:33","guid":{"rendered":"https:\/\/oponyprofi.shop\/xef5\/produkt\/2x-uniroyal-allseasonexpert-3-215-40r18-89w-xl-fr-ev-2025-r\/"},"modified":"2026-01-06T11:18:34","modified_gmt":"2026-01-06T10:18:34","slug":"2x-uniroyal-allseasonexpert-3-215-40r18-89w-xl-fr-ev-2025-r","status":"publish","type":"product","link":"https:\/\/oponixo.shop\/tire\/produkt\/2x-uniroyal-allseasonexpert-3-215-40r18-89w-xl-fr-ev-2025-r\/","title":{"rendered":"2x UNIROYAL AllSeasonExpert 3 215\/40R18 89W XL FR EV 2025 r"},"content":{"rendered":"<div style=\"font-family: Arial, sans-serif; line-height: 1.6; color: #333; padding: 20px; clear: both; display: block; width: 100%; float: none; position: static; overflow: hidden;\">\n<div style=\"clear: both; display: block; margin: 10px 0;\">\n<div style=\"clear: both; display: block; margin: 10px 0;\">\n<div style=\"clear: both; display: block; margin: 10px 0;\">\n<div  style=\"max-width:1200px;max-height:1126px\">\n<div style=\"clear: both; display: block; margin: 10px 0;\">\n<div style=\"clear: both; width: 100%; display: block; margin: 20px 0; padding: 0; float: none; position: static; text-align: center;\"><img decoding=\"async\"  src=\"https:\/\/a.allegroimg.com\/original\/11d641\/b679bc584f2c9cfb0c03499e37cf\/2x-UNIROYAL-AllSeasonExpert-3-215-40R18-89W-XL-FR-EV-2025-r\" srcset=\"https:\/\/a.allegroimg.com\/original\/11d641\/b679bc584f2c9cfb0c03499e37cf\/2x-UNIROYAL-AllSeasonExpert-3-215-40R18-89W-XL-FR-EV-2025-r 360w,https:\/\/a.allegroimg.com\/original\/11d641\/b679bc584f2c9cfb0c03499e37cf\/2x-UNIROYAL-AllSeasonExpert-3-215-40R18-89W-XL-FR-EV-2025-r 720w,https:\/\/a.allegroimg.com\/original\/11d641\/b679bc584f2c9cfb0c03499e37cf\/2x-UNIROYAL-AllSeasonExpert-3-215-40R18-89W-XL-FR-EV-2025-r 1024w,https:\/\/a.allegroimg.com\/original\/11d641\/b679bc584f2c9cfb0c03499e37cf\/2x-UNIROYAL-AllSeasonExpert-3-215-40R18-89W-XL-FR-EV-2025-r 1200w,https:\/\/a.allegroimg.com\/original\/11d641\/b679bc584f2c9cfb0c03499e37cf\/2x-UNIROYAL-AllSeasonExpert-3-215-40R18-89W-XL-FR-EV-2025-r 1200w\" sizes=\"(min-width: 1200px) 560px, (min-width: 992px) 50vw, 100vw\" width=\"1200px\" alt=\"2x UNIROYAL AllSeasonExpert 3 215\/40R18 89W XL FR EV 2025 r\" style=\"max-width: 100%; height: auto; display: block; margin: 0 auto;\"><\/div>\n<\/div>\n<\/div>\n<\/div>\n<\/div>\n<div style=\"clear: both; display: block; margin: 10px 0;\">\n<div style=\"clear: both; display: block; margin: 10px 0;\">\n<h1>UNIROYAL AllSeasonExpert 3 215\/40R18 89W XL FR EV<\/h1>\n<h2>H117UT<\/h2>\n<\/div>\n<\/div>\n<\/div>\n<div style=\"clear: both; display: block; margin: 10px 0;\">\n<div style=\"clear: both; display: block; margin: 10px 0;\">\n<div style=\"clear: both; display: block; margin: 10px 0;\">\n<ul style=\"margin: 15px 0; padding-left: 20px; clear: both; display: block; width: 100%; float: none; position: static;\">\n<li style=\"margin: 5px 0; padding: 2px 0; clear: both; display: list-item; float: none; position: static;\"><b>Indeks :<\/b> 215\/40R18 COUN 89W ASE3<\/li>\n<li style=\"margin: 5px 0; padding: 2px 0; clear: both; display: list-item; float: none; position: static;\"><b>Ha\u0142as zewn\u0119trzny [dB] :<\/b> 72<\/li>\n<li style=\"margin: 5px 0; padding: 2px 0; clear: both; display: list-item; float: none; position: static;\"><b>Kod producenta :<\/b> 03635990000<\/li>\n<li style=\"margin: 5px 0; padding: 2px 0; clear: both; display: list-item; float: none; position: static;\"><b>Szeroko\u015b\u0107 :<\/b> 215<\/li>\n<li style=\"margin: 5px 0; padding: 2px 0; clear: both; display: list-item; float: none; position: static;\"><b>Typ wzmocnienia :<\/b> XL<\/li>\n<li style=\"margin: 5px 0; padding: 2px 0; clear: both; display: list-item; float: none; position: static;\"><b>Oznaczenia dodatkowe :<\/b> EV<\/li>\n<li style=\"margin: 5px 0; padding: 2px 0; clear: both; display: list-item; float: none; position: static;\"><b>Indeks pr\u0119dko\u015bci :<\/b> W &#8211; &lt;270 km\/h<\/li>\n<li style=\"margin: 5px 0; padding: 2px 0; clear: both; display: list-item; float: none; position: static;\"><b>D\u0119tka :<\/b> TL<\/li>\n<li style=\"margin: 5px 0; padding: 2px 0; clear: both; display: list-item; float: none; position: static;\"><b>Rozmiar :<\/b> 215\/40R18<\/li>\n<li style=\"margin: 5px 0; padding: 2px 0; clear: both; display: list-item; float: none; position: static;\"><b>Karta informacyjna produktu :<\/b> https:\/\/eprel.ec.europa.eu\/qr\/2043595<\/li>\n<li style=\"margin: 5px 0; padding: 2px 0; clear: both; display: list-item; float: none; position: static;\"><b>Kod EAN :<\/b> 4024068007043<\/li>\n<li style=\"margin: 5px 0; padding: 2px 0; clear: both; display: list-item; float: none; position: static;\"><b>Bie\u017cnik :<\/b> AllSeasonExpert 3<\/li>\n<li style=\"margin: 5px 0; padding: 2px 0; clear: both; display: list-item; float: none; position: static;\"><b>Indeks no\u015bno\u015bci :<\/b> 89 = 580 kg<\/li>\n<li style=\"margin: 5px 0; padding: 2px 0; clear: both; display: list-item; float: none; position: static;\"><b>Marka :<\/b> UNIROYAL<\/li>\n<li style=\"margin: 5px 0; padding: 2px 0; clear: both; display: list-item; float: none; position: static;\"><b>Profil :<\/b> 40<\/li>\n<li style=\"margin: 5px 0; padding: 2px 0; clear: both; display: list-item; float: none; position: static;\"><b>\u015arednica :<\/b> 18<\/li>\n<li style=\"margin: 5px 0; padding: 2px 0; clear: both; display: list-item; float: none; position: static;\"><b>Klasa opony :<\/b> C1<\/li>\n<li style=\"margin: 5px 0; padding: 2px 0; clear: both; display: list-item; float: none; position: static;\"><b>Typ rantu ochronnego :<\/b> FR<\/li>\n<li style=\"margin: 5px 0; padding: 2px 0; clear: both; display: list-item; float: none; position: static;\"><b>Oznaczenie M+S :<\/b> 3PMSF, M+S<\/li>\n<li style=\"margin: 5px 0; padding: 2px 0; clear: both; display: list-item; float: none; position: static;\"><b>Rant ochronny :<\/b> 1<\/li>\n<li style=\"margin: 5px 0; padding: 2px 0; clear: both; display: list-item; float: none; position: static;\"><b>Kl. zew. ha\u0142asu tocz. :<\/b> B<\/li>\n<li style=\"margin: 5px 0; padding: 2px 0; clear: both; display: list-item; float: none; position: static;\"><b>Przyczepno\u015b\u0107 na mokrej nawierzchni :<\/b> B<\/li>\n<li style=\"margin: 5px 0; padding: 2px 0; clear: both; display: list-item; float: none; position: static;\"><b>Opory toczenia :<\/b> C<\/li>\n<li style=\"margin: 5px 0; padding: 2px 0; clear: both; display: list-item; float: none; position: static;\"><b>Przeznaczenie :<\/b> Opony osobowe, SUV\/4&#215;4<\/li>\n<li style=\"margin: 5px 0; padding: 2px 0; clear: both; display: list-item; float: none; position: static;\"><b>Typ (konstrukcja) :<\/b> [R]-Radialna<\/li>\n<li style=\"margin: 5px 0; padding: 2px 0; clear: both; display: list-item; float: none; position: static;\"><b>EV :<\/b> 1<\/li>\n<li style=\"margin: 5px 0; padding: 2px 0; clear: both; display: list-item; float: none; position: static;\"><b>Sezon :<\/b> Ca\u0142oroczna<\/li>\n<li style=\"margin: 5px 0; padding: 2px 0; clear: both; display: list-item; float: none; position: static;\"><b>Przyczepno\u015b\u0107 na \u015bniegu :<\/b> 1<\/li>\n<li style=\"margin: 5px 0; padding: 2px 0; clear: both; display: list-item; float: none; position: static;\"><b>Typ opony :<\/b> Opona osobowa<\/li>\n<li style=\"margin: 5px 0; padding: 2px 0; clear: both; display: list-item; float: none; position: static;\"><b>Dedykowana o\u015b :<\/b> Prz\u00f3d\/Ty\u0142<\/li>\n<li style=\"margin: 5px 0; padding: 2px 0; clear: both; display: list-item; float: none; position: static;\"><b>Klasa :<\/b> \u015arednia<\/li>\n<li style=\"margin: 5px 0; padding: 2px 0; clear: both; display: list-item; float: none; position: static;\"><b>Opona wzmocniona :<\/b> 1<\/li>\n<\/ul>\n<\/div>\n<\/div>\n<\/div>\n<div style=\"clear: both; display: block; margin: 10px 0;\">\n<div style=\"clear: both; display: block; margin: 10px 0;\">\n<div style=\"clear: both; display: block; margin: 10px 0;\">\n<div  style=\"max-width:1170px;max-height:241px\">\n<div style=\"clear: both; display: block; margin: 10px 0;\">\n<div style=\"clear: both; width: 100%; display: block; margin: 20px 0; padding: 0; float: none; position: static; text-align: center;\"><img decoding=\"async\"  src=\"https:\/\/a.allegroimg.com\/original\/1113e7\/6bd18cb84a0c97f4969aee8e24d2\/2x-UNIROYAL-AllSeasonExpert-3-215-40R18-89W-XL-FR-EV-2025-r-Srednica-18\" srcset=\"https:\/\/a.allegroimg.com\/original\/1113e7\/6bd18cb84a0c97f4969aee8e24d2\/2x-UNIROYAL-AllSeasonExpert-3-215-40R18-89W-XL-FR-EV-2025-r-Srednica-18 360w,https:\/\/a.allegroimg.com\/original\/1113e7\/6bd18cb84a0c97f4969aee8e24d2\/2x-UNIROYAL-AllSeasonExpert-3-215-40R18-89W-XL-FR-EV-2025-r-Srednica-18 720w,https:\/\/a.allegroimg.com\/original\/1113e7\/6bd18cb84a0c97f4969aee8e24d2\/2x-UNIROYAL-AllSeasonExpert-3-215-40R18-89W-XL-FR-EV-2025-r-Srednica-18 1024w,https:\/\/a.allegroimg.com\/original\/1113e7\/6bd18cb84a0c97f4969aee8e24d2\/2x-UNIROYAL-AllSeasonExpert-3-215-40R18-89W-XL-FR-EV-2025-r-Srednica-18 1170w,https:\/\/a.allegroimg.com\/original\/1113e7\/6bd18cb84a0c97f4969aee8e24d2\/2x-UNIROYAL-AllSeasonExpert-3-215-40R18-89W-XL-FR-EV-2025-r-Srednica-18 1170w\" sizes=\"(min-width: 1200px) 560px, (min-width: 992px) 50vw, 100vw\" width=\"1170px\" alt=\"2x UNIROYAL AllSeasonExpert 3 215\/40R18 89W XL FR EV 2025 r \u015arednica 18&quot;\" style=\"max-width: 100%; height: auto; display: block; margin: 0 auto;\"><\/div>\n<\/div>\n<\/div>\n<\/div>\n<\/div>\n<div style=\"clear: both; display: block; margin: 10px 0;\">\n<div style=\"clear: both; display: block; margin: 10px 0;\">\n<h1>Uniroyal<\/h1>\n<p style=\"margin: 15px 0; line-height: 1.8; clear: both; display: block; width: 100%; float: none; position: static;\">Marka Uniroyal nale\u017c\u0105ca do tzw. segmentu \u201e\u015brodka\u201d oferuje wysok\u0105 jako\u015b\u0107 za umiarkowan\u0105 cen\u0119. Oferta marki skierowana jest do u\u017cytkownik\u00f3w ka\u017cdej klasy samochodu: pocz\u0105wszy od aut ma\u0142ych, miejskich oraz samochod\u00f3w klasy \u015bredniej a ko\u0144cz\u0105c na autach ekskluzywnych, sportowych i stuningowanych.<\/p>\n<\/div>\n<\/div>\n<\/div>\n<\/div>\n<\/div>\n<\/div>\n<div style=\"clear: both; display: block; margin: 10px 0;\">\n","protected":false},"excerpt":{"rendered":"<p>UNIROYAL AllSeasonExpert 3 215\/40R18 89W XL FR EV<\/p>\n<p>H117UT<\/p>\n<p>Indeks : 215\/40R18 COUN 89W ASE3<\/p>\n<p>Ha\u0142as zewn\u0119trzny [dB] : 72<\/p>\n<p>Kod producenta : 03635990000<\/p>\n<p>Szeroko\u015b\u0107 : 215<\/p>\n<p>Typ wzmocnienia : XL<\/p>\n<p>Oznaczenia dodatkowe : EV<\/p>\n","protected":false},"featured_media":13291,"template":"","meta":{"_uag_custom_page_level_css":""},"product_brand":[394],"product_cat":[416,414,413,412],"product_tag":[],"class_list":{"0":"post-13290","1":"product","2":"type-product","3":"status-publish","4":"has-post-thumbnail","6":"product_brand-uniroyal","7":"product_cat-caloroczne","8":"product_cat-do-samochodow-osobowych-i-suv","9":"product_cat-opony","10":"product_cat-opony-i-felgi","12":"first","13":"instock","14":"shipping-taxable","15":"purchasable","16":"product-type-simple"},"uagb_featured_image_src":{"full":["https:\/\/oponixo.shop\/tire\/wp-content\/uploads\/2026\/01\/allegro-image-13290.jpg",1200,1126,false],"thumbnail":["https:\/\/oponixo.shop\/tire\/wp-content\/uploads\/2026\/01\/allegro-image-13290-150x150.jpg",150,150,true],"medium":["https:\/\/oponixo.shop\/tire\/wp-content\/uploads\/2026\/01\/allegro-image-13290-300x282.jpg",300,282,true],"medium_large":["https:\/\/oponixo.shop\/tire\/wp-content\/uploads\/2026\/01\/allegro-image-13290-768x721.jpg",768,721,true],"large":["https:\/\/oponixo.shop\/tire\/wp-content\/uploads\/2026\/01\/allegro-image-13290-1024x961.jpg",1024,961,true],"1536x1536":["https:\/\/oponixo.shop\/tire\/wp-content\/uploads\/2026\/01\/allegro-image-13290.jpg",1200,1126,false],"2048x2048":["https:\/\/oponixo.shop\/tire\/wp-content\/uploads\/2026\/01\/allegro-image-13290.jpg",1200,1126,false],"woocommerce_thumbnail":["https:\/\/oponixo.shop\/tire\/wp-content\/uploads\/2026\/01\/allegro-image-13290-300x300.jpg",300,300,true],"woocommerce_single":["https:\/\/oponixo.shop\/tire\/wp-content\/uploads\/2026\/01\/allegro-image-13290-600x563.jpg",600,563,true],"woocommerce_gallery_thumbnail":["https:\/\/oponixo.shop\/tire\/wp-content\/uploads\/2026\/01\/allegro-image-13290-100x100.jpg",100,100,true]},"uagb_author_info":{"display_name":"admin","author_link":"https:\/\/oponixo.shop\/tire\/author\/"},"uagb_comment_info":0,"uagb_excerpt":"UNIROYAL AllSeasonExpert 3 215\/40R18 89W XL FR EV H117UT Indeks : 215\/40R18 COUN 89W ASE3 Ha\u0142as zewn\u0119trzny [dB] : 72 Kod producenta : 03635990000 Szeroko\u015b\u0107 : 215 Typ wzmocnienia : XL Oznaczenia dodatkowe : EV","_links":{"self":[{"href":"https:\/\/oponixo.shop\/tire\/wp-json\/wp\/v2\/product\/13290","targetHints":{"allow":["GET"]}}],"collection":[{"href":"https:\/\/oponixo.shop\/tire\/wp-json\/wp\/v2\/product"}],"about":[{"href":"https:\/\/oponixo.shop\/tire\/wp-json\/wp\/v2\/types\/product"}],"wp:featuredmedia":[{"embeddable":true,"href":"https:\/\/oponixo.shop\/tire\/wp-json\/wp\/v2\/media\/13291"}],"wp:attachment":[{"href":"https:\/\/oponixo.shop\/tire\/wp-json\/wp\/v2\/media?parent=13290"}],"wp:term":[{"taxonomy":"product_brand","embeddable":true,"href":"https:\/\/oponixo.shop\/tire\/wp-json\/wp\/v2\/product_brand?post=13290"},{"taxonomy":"product_cat","embeddable":true,"href":"https:\/\/oponixo.shop\/tire\/wp-json\/wp\/v2\/product_cat?post=13290"},{"taxonomy":"product_tag","embeddable":true,"href":"https:\/\/oponixo.shop\/tire\/wp-json\/wp\/v2\/product_tag?post=13290"}],"curies":[{"name":"wp","href":"https:\/\/api.w.org\/{rel}","templated":true}]}}