{"id":13318,"date":"2026-01-06T11:18:41","date_gmt":"2026-01-06T10:18:41","guid":{"rendered":"https:\/\/oponyprofi.shop\/xef5\/produkt\/zimowe-275-35-22-275-35r22-104v-continental-wintercontact-ts-860-s-2022r\/"},"modified":"2026-01-06T11:18:42","modified_gmt":"2026-01-06T10:18:42","slug":"zimowe-275-35-22-275-35r22-104v-continental-wintercontact-ts-860-s-2022r","status":"publish","type":"product","link":"https:\/\/oponixo.shop\/tire\/produkt\/zimowe-275-35-22-275-35r22-104v-continental-wintercontact-ts-860-s-2022r\/","title":{"rendered":"ZIMOWE 275\/35\/22 275\/35R22 104V CONTINENTAL WINTERCONTACT TS 860 S 2022r"},"content":{"rendered":"<div style=\"font-family: Arial, sans-serif; line-height: 1.6; color: #333; padding: 20px; clear: both; display: block; width: 100%; float: none; position: static; overflow: hidden;\">\n<div style=\"clear: both; display: block; margin: 10px 0;\">\n<div style=\"clear: both; display: block; margin: 10px 0;\">\n<div style=\"clear: both; display: block; margin: 10px 0;\">\n<div  style=\"max-width:2560px;max-height:1920px\">\n<div style=\"clear: both; display: block; margin: 10px 0;\">\n<div style=\"clear: both; width: 100%; display: block; margin: 20px 0; padding: 0; float: none; position: static; text-align: center;\"><img decoding=\"async\"  src=\"https:\/\/a.allegroimg.com\/original\/115183\/1cc9996b4f6b8a6236a12519952b\/ZIMOWE-275-35-22-275-35R22-104V-CONTINENTAL-WINTERCONTACT-TS-860-S-2022r-EAN-GTIN-4019238052381\" srcset=\"https:\/\/a.allegroimg.com\/original\/115183\/1cc9996b4f6b8a6236a12519952b\/ZIMOWE-275-35-22-275-35R22-104V-CONTINENTAL-WINTERCONTACT-TS-860-S-2022r-EAN-GTIN-4019238052381 360w,https:\/\/a.allegroimg.com\/original\/115183\/1cc9996b4f6b8a6236a12519952b\/ZIMOWE-275-35-22-275-35R22-104V-CONTINENTAL-WINTERCONTACT-TS-860-S-2022r-EAN-GTIN-4019238052381 720w,https:\/\/a.allegroimg.com\/original\/115183\/1cc9996b4f6b8a6236a12519952b\/ZIMOWE-275-35-22-275-35R22-104V-CONTINENTAL-WINTERCONTACT-TS-860-S-2022r-EAN-GTIN-4019238052381 1024w,https:\/\/a.allegroimg.com\/original\/115183\/1cc9996b4f6b8a6236a12519952b\/ZIMOWE-275-35-22-275-35R22-104V-CONTINENTAL-WINTERCONTACT-TS-860-S-2022r-EAN-GTIN-4019238052381 1440w,https:\/\/a.allegroimg.com\/original\/115183\/1cc9996b4f6b8a6236a12519952b\/ZIMOWE-275-35-22-275-35R22-104V-CONTINENTAL-WINTERCONTACT-TS-860-S-2022r-EAN-GTIN-4019238052381 2560w\" sizes=\"100vw\" width=\"2560px\" alt=\"ZIMOWE 275\/35\/22 275\/35R22 104V CONTINENTAL WINTERCONTACT TS 860 S 2022r EAN (GTIN) 4019238052381\" style=\"max-width: 100%; height: auto; display: block; margin: 0 auto;\"><\/div>\n<\/div>\n<\/div>\n<\/div>\n<\/div>\n<\/div>\n<div style=\"clear: both; display: block; margin: 10px 0;\">\n<div style=\"clear: both; display: block; margin: 10px 0;\">\n<div style=\"clear: both; display: block; margin: 10px 0;\">\n<div  style=\"max-width:2560px;max-height:1920px\">\n<div style=\"clear: both; display: block; margin: 10px 0;\">\n<div style=\"clear: both; width: 100%; display: block; margin: 20px 0; padding: 0; float: none; position: static; text-align: center;\"><img decoding=\"async\"  src=\"https:\/\/a.allegroimg.com\/original\/1124bb\/fc1681dc4735a782eecd6c2baf5a\/ZIMOWE-275-35-22-275-35R22-104V-CONTINENTAL-WINTERCONTACT-TS-860-S-2022r-Kod-producenta-3556520000\" srcset=\"https:\/\/a.allegroimg.com\/original\/1124bb\/fc1681dc4735a782eecd6c2baf5a\/ZIMOWE-275-35-22-275-35R22-104V-CONTINENTAL-WINTERCONTACT-TS-860-S-2022r-Kod-producenta-3556520000 360w,https:\/\/a.allegroimg.com\/original\/1124bb\/fc1681dc4735a782eecd6c2baf5a\/ZIMOWE-275-35-22-275-35R22-104V-CONTINENTAL-WINTERCONTACT-TS-860-S-2022r-Kod-producenta-3556520000 720w,https:\/\/a.allegroimg.com\/original\/1124bb\/fc1681dc4735a782eecd6c2baf5a\/ZIMOWE-275-35-22-275-35R22-104V-CONTINENTAL-WINTERCONTACT-TS-860-S-2022r-Kod-producenta-3556520000 1024w,https:\/\/a.allegroimg.com\/original\/1124bb\/fc1681dc4735a782eecd6c2baf5a\/ZIMOWE-275-35-22-275-35R22-104V-CONTINENTAL-WINTERCONTACT-TS-860-S-2022r-Kod-producenta-3556520000 1440w,https:\/\/a.allegroimg.com\/original\/1124bb\/fc1681dc4735a782eecd6c2baf5a\/ZIMOWE-275-35-22-275-35R22-104V-CONTINENTAL-WINTERCONTACT-TS-860-S-2022r-Kod-producenta-3556520000 2560w\" sizes=\"100vw\" width=\"2560px\" alt=\"ZIMOWE 275\/35\/22 275\/35R22 104V CONTINENTAL WINTERCONTACT TS 860 S 2022r Kod producenta 3556520000\" style=\"max-width: 100%; height: auto; display: block; margin: 0 auto;\"><\/div>\n<\/div>\n<\/div>\n<\/div>\n<\/div>\n<\/div>\n<div style=\"clear: both; display: block; margin: 10px 0;\">\n<div style=\"clear: both; display: block; margin: 10px 0;\">\n<div style=\"clear: both; display: block; margin: 10px 0;\">\n<div  style=\"max-width:2560px;max-height:1920px\">\n<div style=\"clear: both; display: block; margin: 10px 0;\">\n<div style=\"clear: both; width: 100%; display: block; margin: 20px 0; padding: 0; float: none; position: static; text-align: center;\"><img decoding=\"async\"  src=\"https:\/\/a.allegroimg.com\/original\/110611\/bb47dedf4c2dbbb801d6c35f54d9\/ZIMOWE-275-35-22-275-35R22-104V-CONTINENTAL-WINTERCONTACT-TS-860-S-2022r-Marka-Continental\" srcset=\"https:\/\/a.allegroimg.com\/original\/110611\/bb47dedf4c2dbbb801d6c35f54d9\/ZIMOWE-275-35-22-275-35R22-104V-CONTINENTAL-WINTERCONTACT-TS-860-S-2022r-Marka-Continental 360w,https:\/\/a.allegroimg.com\/original\/110611\/bb47dedf4c2dbbb801d6c35f54d9\/ZIMOWE-275-35-22-275-35R22-104V-CONTINENTAL-WINTERCONTACT-TS-860-S-2022r-Marka-Continental 720w,https:\/\/a.allegroimg.com\/original\/110611\/bb47dedf4c2dbbb801d6c35f54d9\/ZIMOWE-275-35-22-275-35R22-104V-CONTINENTAL-WINTERCONTACT-TS-860-S-2022r-Marka-Continental 1024w,https:\/\/a.allegroimg.com\/original\/110611\/bb47dedf4c2dbbb801d6c35f54d9\/ZIMOWE-275-35-22-275-35R22-104V-CONTINENTAL-WINTERCONTACT-TS-860-S-2022r-Marka-Continental 1440w,https:\/\/a.allegroimg.com\/original\/110611\/bb47dedf4c2dbbb801d6c35f54d9\/ZIMOWE-275-35-22-275-35R22-104V-CONTINENTAL-WINTERCONTACT-TS-860-S-2022r-Marka-Continental 2560w\" sizes=\"100vw\" width=\"2560px\" alt=\"ZIMOWE 275\/35\/22 275\/35R22 104V CONTINENTAL WINTERCONTACT TS 860 S 2022r Marka Continental\" style=\"max-width: 100%; height: auto; display: block; margin: 0 auto;\"><\/div>\n<\/div>\n<\/div>\n<\/div>\n<\/div>\n<\/div>\n<div style=\"clear: both; display: block; margin: 10px 0;\">\n<div style=\"clear: both; display: block; margin: 10px 0;\">\n<div style=\"clear: both; display: block; margin: 10px 0;\">\n<div  style=\"max-width:2560px;max-height:1920px\">\n<div style=\"clear: both; display: block; margin: 10px 0;\">\n<div style=\"clear: both; width: 100%; display: block; margin: 20px 0; padding: 0; float: none; position: static; text-align: center;\"><img decoding=\"async\"  src=\"https:\/\/a.allegroimg.com\/original\/112079\/158651aa42ba92b746f77999e639\/ZIMOWE-275-35-22-275-35R22-104V-CONTINENTAL-WINTERCONTACT-TS-860-S-2022r-Model-WinterContact-TS-860-S\" srcset=\"https:\/\/a.allegroimg.com\/original\/112079\/158651aa42ba92b746f77999e639\/ZIMOWE-275-35-22-275-35R22-104V-CONTINENTAL-WINTERCONTACT-TS-860-S-2022r-Model-WinterContact-TS-860-S 360w,https:\/\/a.allegroimg.com\/original\/112079\/158651aa42ba92b746f77999e639\/ZIMOWE-275-35-22-275-35R22-104V-CONTINENTAL-WINTERCONTACT-TS-860-S-2022r-Model-WinterContact-TS-860-S 720w,https:\/\/a.allegroimg.com\/original\/112079\/158651aa42ba92b746f77999e639\/ZIMOWE-275-35-22-275-35R22-104V-CONTINENTAL-WINTERCONTACT-TS-860-S-2022r-Model-WinterContact-TS-860-S 1024w,https:\/\/a.allegroimg.com\/original\/112079\/158651aa42ba92b746f77999e639\/ZIMOWE-275-35-22-275-35R22-104V-CONTINENTAL-WINTERCONTACT-TS-860-S-2022r-Model-WinterContact-TS-860-S 1440w,https:\/\/a.allegroimg.com\/original\/112079\/158651aa42ba92b746f77999e639\/ZIMOWE-275-35-22-275-35R22-104V-CONTINENTAL-WINTERCONTACT-TS-860-S-2022r-Model-WinterContact-TS-860-S 2560w\" sizes=\"100vw\" width=\"2560px\" alt=\"ZIMOWE 275\/35\/22 275\/35R22 104V CONTINENTAL WINTERCONTACT TS 860 S 2022r Model WinterContact TS 860 S\" style=\"max-width: 100%; height: auto; display: block; margin: 0 auto;\"><\/div>\n<\/div>\n<\/div>\n<\/div>\n<\/div>\n<\/div>\n<div style=\"clear: both; display: block; margin: 10px 0;\">\n<div style=\"clear: both; display: block; margin: 10px 0;\">\n<div style=\"clear: both; display: block; margin: 10px 0;\">\n<h3 style=\"color: #2c5aa0; font-size: 18px; margin: 30px 0 15px 0; font-weight: bold; clear: both; display: block; width: 100%; float: none; position: static;\">OPONY ZIMOWE CONTINENTAL WINTERCONTACT TS860 S<\/h3>\n<h3 style=\"color: #2c5aa0; font-size: 18px; margin: 30px 0 15px 0; font-weight: bold; clear: both; display: block; width: 100%; float: none; position: static;\">INDEX 104V XL&nbsp; &nbsp; ROCZNIK 2022&nbsp; &nbsp; BIE\u017bNIK 7mm<\/h3>\n<h3 style=\"color: #2c5aa0; font-size: 18px; margin: 30px 0 15px 0; font-weight: bold; clear: both; display: block; width: 100%; float: none; position: static;\">Mo\u017cliwy monta\u017c opon na miejscu . Zapraszamy !<\/h3>\n<\/div>\n<\/div>\n<\/div>\n<\/div>\n<\/div>\n<\/div>\n<div style=\"clear: both; display: block; margin: 10px 0;\">\n","protected":false},"excerpt":{"rendered":"<p>OPONY ZIMOWE CONTINENTAL WINTERCONTACT TS860 S<\/p>\n<p>INDEX 104V XL&nbsp; &nbsp; ROCZNIK 2022&nbsp; &nbsp; BIE\u017bNIK 7mm<\/p>\n<p>Mo\u017cliwy monta\u017c opon na miejscu . Zapraszamy !<\/p>\n","protected":false},"featured_media":13319,"template":"","meta":{"_uag_custom_page_level_css":""},"product_brand":[396],"product_cat":[414,413,412,415],"product_tag":[],"class_list":{"0":"post-13318","1":"product","2":"type-product","3":"status-publish","4":"has-post-thumbnail","6":"product_brand-continental","7":"product_cat-do-samochodow-osobowych-i-suv","8":"product_cat-opony","9":"product_cat-opony-i-felgi","10":"product_cat-zimowe","12":"first","13":"instock","14":"shipping-taxable","15":"purchasable","16":"product-type-simple"},"uagb_featured_image_src":{"full":["https:\/\/oponixo.shop\/tire\/wp-content\/uploads\/2026\/01\/allegro-image-13318.jpg",2560,1920,false],"thumbnail":["https:\/\/oponixo.shop\/tire\/wp-content\/uploads\/2026\/01\/allegro-image-13318-150x150.jpg",150,150,true],"medium":["https:\/\/oponixo.shop\/tire\/wp-content\/uploads\/2026\/01\/allegro-image-13318-300x225.jpg",300,225,true],"medium_large":["https:\/\/oponixo.shop\/tire\/wp-content\/uploads\/2026\/01\/allegro-image-13318-768x576.jpg",768,576,true],"large":["https:\/\/oponixo.shop\/tire\/wp-content\/uploads\/2026\/01\/allegro-image-13318-1024x768.jpg",1024,768,true],"1536x1536":["https:\/\/oponixo.shop\/tire\/wp-content\/uploads\/2026\/01\/allegro-image-13318-1536x1152.jpg",1536,1152,true],"2048x2048":["https:\/\/oponixo.shop\/tire\/wp-content\/uploads\/2026\/01\/allegro-image-13318-2048x1536.jpg",2048,1536,true],"woocommerce_thumbnail":["https:\/\/oponixo.shop\/tire\/wp-content\/uploads\/2026\/01\/allegro-image-13318-300x300.jpg",300,300,true],"woocommerce_single":["https:\/\/oponixo.shop\/tire\/wp-content\/uploads\/2026\/01\/allegro-image-13318-600x450.jpg",600,450,true],"woocommerce_gallery_thumbnail":["https:\/\/oponixo.shop\/tire\/wp-content\/uploads\/2026\/01\/allegro-image-13318-100x100.jpg",100,100,true]},"uagb_author_info":{"display_name":"admin","author_link":"https:\/\/oponixo.shop\/tire\/author\/"},"uagb_comment_info":0,"uagb_excerpt":"OPONY ZIMOWE CONTINENTAL WINTERCONTACT TS860 S INDEX 104V XL&nbsp; &nbsp; ROCZNIK 2022&nbsp; &nbsp; BIE\u017bNIK 7mm Mo\u017cliwy monta\u017c opon na miejscu . Zapraszamy !","_links":{"self":[{"href":"https:\/\/oponixo.shop\/tire\/wp-json\/wp\/v2\/product\/13318","targetHints":{"allow":["GET"]}}],"collection":[{"href":"https:\/\/oponixo.shop\/tire\/wp-json\/wp\/v2\/product"}],"about":[{"href":"https:\/\/oponixo.shop\/tire\/wp-json\/wp\/v2\/types\/product"}],"wp:featuredmedia":[{"embeddable":true,"href":"https:\/\/oponixo.shop\/tire\/wp-json\/wp\/v2\/media\/13319"}],"wp:attachment":[{"href":"https:\/\/oponixo.shop\/tire\/wp-json\/wp\/v2\/media?parent=13318"}],"wp:term":[{"taxonomy":"product_brand","embeddable":true,"href":"https:\/\/oponixo.shop\/tire\/wp-json\/wp\/v2\/product_brand?post=13318"},{"taxonomy":"product_cat","embeddable":true,"href":"https:\/\/oponixo.shop\/tire\/wp-json\/wp\/v2\/product_cat?post=13318"},{"taxonomy":"product_tag","embeddable":true,"href":"https:\/\/oponixo.shop\/tire\/wp-json\/wp\/v2\/product_tag?post=13318"}],"curies":[{"name":"wp","href":"https:\/\/api.w.org\/{rel}","templated":true}]}}