{"id":13402,"date":"2026-01-07T00:56:34","date_gmt":"2026-01-06T23:56:34","guid":{"rendered":"https:\/\/oponyprofi.shop\/xef5\/produkt\/2x-hankook-265-50r19-110v-winter-icept-evo3-x-w330a-xl-fr-zimowe-2024-r\/"},"modified":"2026-01-07T00:56:35","modified_gmt":"2026-01-06T23:56:35","slug":"2x-hankook-265-50r19-110v-winter-icept-evo3-x-w330a-xl-fr-zimowe-2024-r","status":"publish","type":"product","link":"https:\/\/oponixo.shop\/tire\/produkt\/2x-hankook-265-50r19-110v-winter-icept-evo3-x-w330a-xl-fr-zimowe-2024-r\/","title":{"rendered":"2x HANKOOK 265\/50R19 110V Winter i*cept evo3 X W330A XL FR zimowe 2024 r"},"content":{"rendered":"<div style=\"font-family: Arial, sans-serif; line-height: 1.6; color: #333; padding: 20px; clear: both; display: block; width: 100%; float: none; position: static; overflow: hidden;\">\n<div style=\"clear: both; display: block; margin: 10px 0;\">\n<div style=\"clear: both; display: block; margin: 10px 0;\">\n<div style=\"clear: both; display: block; margin: 10px 0;\">\n<h1>Rok produkcji: 2024<\/h1>\n<\/div>\n<\/div>\n<\/div>\n<div style=\"clear: both; display: block; margin: 10px 0;\">\n<div style=\"clear: both; display: block; margin: 10px 0;\">\n<div style=\"clear: both; display: block; margin: 10px 0;\">\n<div  style=\"max-width:1200px;max-height:1126px\">\n<div style=\"clear: both; display: block; margin: 10px 0;\">\n<div style=\"clear: both; width: 100%; display: block; margin: 20px 0; padding: 0; float: none; position: static; text-align: center;\"><img decoding=\"async\"  src=\"https:\/\/a.allegroimg.com\/original\/11dab8\/6ab0f5f042199bd880a6f477e54d\/2x-HANKOOK-265-50R19-110V-Winter-i-cept-evo3-X-W330A-XL-FR-zimowe-2024-r\" srcset=\"https:\/\/a.allegroimg.com\/original\/11dab8\/6ab0f5f042199bd880a6f477e54d\/2x-HANKOOK-265-50R19-110V-Winter-i-cept-evo3-X-W330A-XL-FR-zimowe-2024-r 360w,https:\/\/a.allegroimg.com\/original\/11dab8\/6ab0f5f042199bd880a6f477e54d\/2x-HANKOOK-265-50R19-110V-Winter-i-cept-evo3-X-W330A-XL-FR-zimowe-2024-r 720w,https:\/\/a.allegroimg.com\/original\/11dab8\/6ab0f5f042199bd880a6f477e54d\/2x-HANKOOK-265-50R19-110V-Winter-i-cept-evo3-X-W330A-XL-FR-zimowe-2024-r 1024w,https:\/\/a.allegroimg.com\/original\/11dab8\/6ab0f5f042199bd880a6f477e54d\/2x-HANKOOK-265-50R19-110V-Winter-i-cept-evo3-X-W330A-XL-FR-zimowe-2024-r 1200w,https:\/\/a.allegroimg.com\/original\/11dab8\/6ab0f5f042199bd880a6f477e54d\/2x-HANKOOK-265-50R19-110V-Winter-i-cept-evo3-X-W330A-XL-FR-zimowe-2024-r 1200w\" sizes=\"(min-width: 1200px) 560px, (min-width: 992px) 50vw, 100vw\" width=\"1200px\" alt=\"2x HANKOOK 265\/50R19 110V Winter i*cept evo3 X W330A XL FR zimowe 2024 r\" style=\"max-width: 100%; height: auto; display: block; margin: 0 auto;\"><\/div>\n<\/div>\n<\/div>\n<\/div>\n<\/div>\n<div style=\"clear: both; display: block; margin: 10px 0;\">\n<div style=\"clear: both; display: block; margin: 10px 0;\">\n<h1>HANKOOK Winter i*cept evo3 X W330A 265\/50R19 110V XL FR<\/h1>\n<h2>G0NOQS<\/h2>\n<ul style=\"margin: 15px 0; padding-left: 20px; clear: both; display: block; width: 100%; float: none; position: static;\">\n<li style=\"margin: 5px 0; padding: 2px 0; clear: both; display: list-item; float: none; position: static;\"><b>Data produkcji :<\/b> 2024<\/li>\n<li style=\"margin: 5px 0; padding: 2px 0; clear: both; display: list-item; float: none; position: static;\"><b>Hamowanie na mokrej nawierzchni :<\/b> B<\/li>\n<li style=\"margin: 5px 0; padding: 2px 0; clear: both; display: list-item; float: none; position: static;\"><b>Indeks :<\/b> 265\/50R19 ZTHA 110V W330A<\/li>\n<li style=\"margin: 5px 0; padding: 2px 0; clear: both; display: list-item; float: none; position: static;\"><b>Indeks no\u015bno\u015bci :<\/b> 110<\/li>\n<li style=\"margin: 5px 0; padding: 2px 0; clear: both; display: list-item; float: none; position: static;\"><b>Indeks pr\u0119dko\u015bci :<\/b> V &#8211; 240 km\/h<\/li>\n<li style=\"margin: 5px 0; padding: 2px 0; clear: both; display: list-item; float: none; position: static;\"><b>Karta informacyjna produktu :<\/b> https:\/\/eprel.ec.europa.eu\/qr\/495669<\/li>\n<li style=\"margin: 5px 0; padding: 2px 0; clear: both; display: list-item; float: none; position: static;\"><b>Kl. efekt. paliwowej :<\/b> C<\/li>\n<li style=\"margin: 5px 0; padding: 2px 0; clear: both; display: list-item; float: none; position: static;\"><b>Kl. przycz. na mokrej naw. :<\/b> B<\/li>\n<li style=\"margin: 5px 0; padding: 2px 0; clear: both; display: list-item; float: none; position: static;\"><b>Kl. zew. ha\u0142asu tocz. :<\/b> B<\/li>\n<li style=\"margin: 5px 0; padding: 2px 0; clear: both; display: list-item; float: none; position: static;\"><b>Klasa opony :<\/b> \u015brednia<\/li>\n<li style=\"margin: 5px 0; padding: 2px 0; clear: both; display: list-item; float: none; position: static;\"><b>Kod EAN :<\/b> 8808563479835<\/li>\n<li style=\"margin: 5px 0; padding: 2px 0; clear: both; display: list-item; float: none; position: static;\"><b>Kod producenta :<\/b> 1026410<\/li>\n<li style=\"margin: 5px 0; padding: 2px 0; clear: both; display: list-item; float: none; position: static;\"><b>Liczba decybeli :<\/b> 73 dB<\/li>\n<li style=\"margin: 5px 0; padding: 2px 0; clear: both; display: list-item; float: none; position: static;\"><b>Model bie\u017cnika :<\/b> Winter i*cept evo3 X W330A<\/li>\n<li style=\"margin: 5px 0; padding: 2px 0; clear: both; display: list-item; float: none; position: static;\"><b>Nazwa produktu :<\/b> HANKOOK 265\/50R19 110V Winter i*cept evo3 X W330A XL FR zimowe<\/li>\n<li style=\"margin: 5px 0; padding: 2px 0; clear: both; display: list-item; float: none; position: static;\"><b>No\u015bno\u015b\u0107 opony :<\/b> XL<\/li>\n<li style=\"margin: 5px 0; padding: 2px 0; clear: both; display: list-item; float: none; position: static;\"><b>Op\u00f3r toczenia :<\/b> C<\/li>\n<li style=\"margin: 5px 0; padding: 2px 0; clear: both; display: list-item; float: none; position: static;\"><b>Poziom emisji ha\u0142asu :<\/b> 2<\/li>\n<li style=\"margin: 5px 0; padding: 2px 0; clear: both; display: list-item; float: none; position: static;\"><b>Producent :<\/b> HANKOOK<\/li>\n<li style=\"margin: 5px 0; padding: 2px 0; clear: both; display: list-item; float: none; position: static;\"><b>Profil :<\/b> 50<\/li>\n<li style=\"margin: 5px 0; padding: 2px 0; clear: both; display: list-item; float: none; position: static;\"><b>Przeznaczenie :<\/b> samochody terenowe<\/li>\n<li style=\"margin: 5px 0; padding: 2px 0; clear: both; display: list-item; float: none; position: static;\"><b>Przyczepno\u015b\u0107 na lodzie :<\/b> Nie<\/li>\n<li style=\"margin: 5px 0; padding: 2px 0; clear: both; display: list-item; float: none; position: static;\"><b>Przyczepno\u015b\u0107 na \u015bniegu :<\/b> Tak<\/li>\n<li style=\"margin: 5px 0; padding: 2px 0; clear: both; display: list-item; float: none; position: static;\"><b>QR kod :<\/b> https:\/\/eprel.ec.europa.eu\/qr\/495669<\/li>\n<li style=\"margin: 5px 0; padding: 2px 0; clear: both; display: list-item; float: none; position: static;\"><b>Rant opony :<\/b> FR<\/li>\n<li style=\"margin: 5px 0; padding: 2px 0; clear: both; display: list-item; float: none; position: static;\"><b>Sezon :<\/b> zimowa<\/li>\n<li style=\"margin: 5px 0; padding: 2px 0; clear: both; display: list-item; float: none; position: static;\"><b>\u015arednica :<\/b> 19&#8243;<\/li>\n<li style=\"margin: 5px 0; padding: 2px 0; clear: both; display: list-item; float: none; position: static;\"><b>Szeroko\u015b\u0107 :<\/b> 265<\/li>\n<li style=\"margin: 5px 0; padding: 2px 0; clear: both; display: list-item; float: none; position: static;\"><b>Wart. pom. i kl. zew. ha\u0142asu tocz. [dB] :<\/b> 73<\/li>\n<\/ul>\n<\/div>\n<\/div>\n<\/div>\n<div style=\"clear: both; display: block; margin: 10px 0;\">\n<div style=\"clear: both; display: block; margin: 10px 0;\">\n<div style=\"clear: both; display: block; margin: 10px 0;\">\n<p style=\"margin: 15px 0; line-height: 1.8; clear: both; display: block; width: 100%; float: none; position: static;\"> Hankook Winter i*cept evo3 X W330A to zimowa opona klasy medium od korea\u0144skiego producenta, dedykowana do crossover\u00f3w i pojazd\u00f3w typu SUV. Uwzgl\u0119dniaj\u0105c specyfik\u0119 samochod\u00f3w tego typu opracowano opon\u0119, kt\u00f3ra zapewnia wysoki poziom bezpiecze\u0144stwa na o\u015bnie\u017conych i mokrych nawierzchniach, jednocze\u015bnie dostarczaj\u0105c komfortu i doskona\u0142ego prowadzenia na suchych drogach. <\/p>\n<p style=\"margin: 15px 0; line-height: 1.8; clear: both; display: block; width: 100%; float: none; position: static;\"> Winter i*cept evo3 X W330A jest nast\u0119pc\u0105 modelu Winter i *cept evo2 SUV W320A. W nowym modelu ca\u0142kowitej modyfikacji uleg\u0142a rze\u017aba bie\u017cnika. Asymetryczny wz\u00f3r zosta\u0142 zast\u0105piony kierunkowym bie\u017cnikiem o charakterze kszta\u0142tu litery &#8222;V&#8221; dla wyj\u0105tkowej skuteczno\u015bci jazdy oraz hamowania na o\u015bnie\u017conych nawierzchniach.<\/p>\n<p style=\"margin: 15px 0; line-height: 1.8; clear: both; display: block; width: 100%; float: none; position: static;\"> Szerokie klocki w strefie barkowej z licznymi lamelami \u015bnie\u017cnymi zwi\u0119kszaj\u0105 op\u00f3r boczny opony dla wi\u0119kszej przyczepno\u015bci w trudnych warunkach pogodowych. System drena\u017cu bie\u017cnika z\u0142o\u017cony z naci\u0119\u0107 poprzecznych oraz rowkowania obwodowego doskonale odprowadza nadmiar wody z obszaru opony, aby zapobiega\u0107 zjawisku aquaplaningu.<\/p>\n<p style=\"margin: 15px 0; line-height: 1.8; clear: both; display: block; width: 100%; float: none; position: static;\"> Zoptymalizowana mieszanka gumowa poprawia komfort podr\u00f3\u017cowania poprzez redukcj\u0119 ha\u0142asu, generowanego przez opon\u0119 podczas jazdy oraz lepsze t\u0142umienie drga\u0144.<\/p>\n<p style=\"margin: 15px 0; line-height: 1.8; clear: both; display: block; width: 100%; float: none; position: static;\"> Hankook Winter i*cept evo3 X W330A b\u0119dzie dobrym wyborem dla u\u017cytkownik\u00f3w wi\u0119kszych pojazd\u00f3w jak SUVy, kt\u00f3rzy oczekuj\u0105 wysokiego poziomu bezpiecze\u0144stwa oraz komfortowej i stabilnej jazdy w zimowych warunkach.<\/p>\n<\/div>\n<\/div>\n<div style=\"clear: both; display: block; margin: 10px 0;\">\n<div style=\"clear: both; display: block; margin: 10px 0;\">\n<div  style=\"max-width:886px;max-height:1299px\">\n<div style=\"clear: both; display: block; margin: 10px 0;\">\n<div style=\"clear: both; width: 100%; display: block; margin: 20px 0; padding: 0; float: none; position: static; text-align: center;\"><img decoding=\"async\"  src=\"https:\/\/a.allegroimg.com\/original\/11e69b\/342d4c1240e8aa06e6ba2e19abed\/2x-HANKOOK-265-50R19-110V-Winter-i-cept-evo3-X-W330A-XL-FR-zimowe-2024-r-Srednica-19\" srcset=\"https:\/\/a.allegroimg.com\/original\/11e69b\/342d4c1240e8aa06e6ba2e19abed\/2x-HANKOOK-265-50R19-110V-Winter-i-cept-evo3-X-W330A-XL-FR-zimowe-2024-r-Srednica-19 245w,https:\/\/a.allegroimg.com\/original\/11e69b\/342d4c1240e8aa06e6ba2e19abed\/2x-HANKOOK-265-50R19-110V-Winter-i-cept-evo3-X-W330A-XL-FR-zimowe-2024-r-Srednica-19 491w,https:\/\/a.allegroimg.com\/original\/11e69b\/342d4c1240e8aa06e6ba2e19abed\/2x-HANKOOK-265-50R19-110V-Winter-i-cept-evo3-X-W330A-XL-FR-zimowe-2024-r-Srednica-19 698w,https:\/\/a.allegroimg.com\/original\/11e69b\/342d4c1240e8aa06e6ba2e19abed\/2x-HANKOOK-265-50R19-110V-Winter-i-cept-evo3-X-W330A-XL-FR-zimowe-2024-r-Srednica-19 886w,https:\/\/a.allegroimg.com\/original\/11e69b\/342d4c1240e8aa06e6ba2e19abed\/2x-HANKOOK-265-50R19-110V-Winter-i-cept-evo3-X-W330A-XL-FR-zimowe-2024-r-Srednica-19 886w\" sizes=\"(min-width: 1200px) 560px, (min-width: 992px) 50vw, 100vw\" width=\"886px\" alt=\"2x HANKOOK 265\/50R19 110V Winter i*cept evo3 X W330A XL FR zimowe 2024 r \u015arednica 19&quot;\" style=\"max-width: 100%; height: auto; display: block; margin: 0 auto;\"><\/div>\n<\/div>\n<\/div>\n<\/div>\n<\/div>\n<\/div>\n<div style=\"clear: both; display: block; margin: 10px 0;\">\n<div style=\"clear: both; display: block; margin: 10px 0;\">\n<div style=\"clear: both; display: block; margin: 10px 0;\">\n<p style=\"margin: 15px 0; line-height: 1.8; clear: both; display: block; width: 100%; float: none; position: static;\">Wychodz\u0105c naprzeciw oczekiwaniom Klient\u00f3w i chc\u0105c spe\u0142nia\u0107 jak najwy\u017csze standardy obs\u0142ugi dok\u0142adamy wszelkich stara\u0144, aby podawa\u0107 precyzyjn\u0105 dat\u0119 produkcji opony (DOT). Niestety, w wyj\u0105tkowych przypadkach, mo\u017ce zdarzy\u0107 si\u0119, \u017ce opony, kt\u00f3re wy\u015blemy b\u0119d\u0105 mia\u0142y inn\u0105 dat\u0119 produkcji ni\u017c podana. Sytuacja mo\u017ce dotyczy\u0107 zar\u00f3wno opon z DOT-em wcze\u015bniejszym jak i p\u00f3\u017aniejszym. Chcieliby\u015bmy podkre\u015bli\u0107, \u017ce warunki przechowywania opon w naszych magazynach spe\u0142niaj\u0105 Polsk\u0105 Norm\u0119 PN-C-94300-7 dzi\u0119ki czemu nawet opona przechowywana 24 miesi\u0105ce ma parametry takie same jak opona z bie\u017c\u0105cego roku. Warto pami\u0119ta\u0107 tak\u017ce o fakcie, \u017ce w przypadku wielu rozmiar\u00f3w i producent\u00f3w plany produkcyjne fabryk uniemo\u017cliwiaj\u0105 zakup opony z bie\u017c\u0105cego roku.<\/p>\n<p style=\"margin: 15px 0; line-height: 1.8; clear: both; display: block; width: 100%; float: none; position: static;\">Przy zakupie opon pami\u0119taj o sprawdzeniu w instrukcji samochodu lub na w\u0142a\u015bciwej stronie internetowej, jakie ogumienie zaleca producent Twojego auta. \u0179le dobrane opony mog\u0105 negatywnie wp\u0142yn\u0105\u0107 na poziom Twojego bezpiecze\u0144stwa. Kupuj\u0105c opony zwr\u00f3\u0107 uwag\u0119 na rozmiar oraz indeksy no\u015bno\u015bci i pr\u0119dko\u015bci jakie homologowane s\u0105 do Twojego pojazdu.<\/p>\n<p style=\"margin: 15px 0; line-height: 1.8; clear: both; display: block; width: 100%; float: none; position: static;\">Zamieszczone zdj\u0119cia pe\u0142ni\u0105 funkcj\u0119 pogl\u0105dow\u0105. W zale\u017cno\u015bci od szeroko\u015bci opon, mog\u0105 wyst\u0119powa\u0107 niewielkie r\u00f3\u017cnice w wygl\u0105dzie bie\u017cnika (w obr\u0119bie jednego modelu) na przyk\u0142ad w ilo\u015bci rowk\u00f3w obwodowych lub rozmieszczeniu blok\u00f3w bie\u017cnika, co nie stanowi wady produktu.<\/p>\n<p style=\"margin: 15px 0; line-height: 1.8; clear: both; display: block; width: 100%; float: none; position: static;\">Je\u017celi otrzymane przez Ciebie opony nie spe\u0142niaj\u0105 Twoich oczekiwa\u0144 masz mo\u017cliwo\u015b\u0107 zwrotu lub wymiany nieu\u017cywanego (niemontowanego) ogumienia.<\/p>\n<\/div>\n<\/div>\n<\/div>\n<div style=\"clear: both; display: block; margin: 10px 0;\">\n<div style=\"clear: both; display: block; margin: 10px 0;\">\n<div style=\"clear: both; display: block; margin: 10px 0;\">\n<div  style=\"max-width:2242px;max-height:652px\">\n<div style=\"clear: both; display: block; margin: 10px 0;\">\n<div style=\"clear: both; width: 100%; display: block; margin: 20px 0; padding: 0; float: none; position: static; text-align: center;\"><img decoding=\"async\"  src=\"https:\/\/a.allegroimg.com\/original\/111ecb\/ab8b4c044943a2720a228ba57a3f\/2x-HANKOOK-265-50R19-110V-Winter-i-cept-evo3-X-W330A-XL-FR-zimowe-2024-r-Waga-produktu-z-opakowaniem-jednostkowym-29-74-kg\" srcset=\"https:\/\/a.allegroimg.com\/original\/111ecb\/ab8b4c044943a2720a228ba57a3f\/2x-HANKOOK-265-50R19-110V-Winter-i-cept-evo3-X-W330A-XL-FR-zimowe-2024-r-Waga-produktu-z-opakowaniem-jednostkowym-29-74-kg 360w,https:\/\/a.allegroimg.com\/original\/111ecb\/ab8b4c044943a2720a228ba57a3f\/2x-HANKOOK-265-50R19-110V-Winter-i-cept-evo3-X-W330A-XL-FR-zimowe-2024-r-Waga-produktu-z-opakowaniem-jednostkowym-29-74-kg 720w,https:\/\/a.allegroimg.com\/original\/111ecb\/ab8b4c044943a2720a228ba57a3f\/2x-HANKOOK-265-50R19-110V-Winter-i-cept-evo3-X-W330A-XL-FR-zimowe-2024-r-Waga-produktu-z-opakowaniem-jednostkowym-29-74-kg 1024w,https:\/\/a.allegroimg.com\/original\/111ecb\/ab8b4c044943a2720a228ba57a3f\/2x-HANKOOK-265-50R19-110V-Winter-i-cept-evo3-X-W330A-XL-FR-zimowe-2024-r-Waga-produktu-z-opakowaniem-jednostkowym-29-74-kg 1440w,https:\/\/a.allegroimg.com\/original\/111ecb\/ab8b4c044943a2720a228ba57a3f\/2x-HANKOOK-265-50R19-110V-Winter-i-cept-evo3-X-W330A-XL-FR-zimowe-2024-r-Waga-produktu-z-opakowaniem-jednostkowym-29-74-kg 2242w\" sizes=\"(min-width: 1200px) 560px, (min-width: 992px) 50vw, 100vw\" width=\"2242px\" alt=\"2x HANKOOK 265\/50R19 110V Winter i*cept evo3 X W330A XL FR zimowe 2024 r Waga produktu z opakowaniem jednostkowym 29.74 kg\" style=\"max-width: 100%; height: auto; display: block; margin: 0 auto;\"><\/div>\n<\/div>\n<\/div>\n<\/div>\n<\/div>\n<div style=\"clear: both; display: block; margin: 10px 0;\">\n<div style=\"clear: both; display: block; margin: 10px 0;\">\n<h1>Hankook<\/h1>\n<p style=\"margin: 15px 0; line-height: 1.8; clear: both; display: block; width: 100%; float: none; position: static;\">Za\u0142o\u017cona w 1941 roku po\u0142udniowokorea\u0144ska firma Hankook rozs\u0142awi\u0142a si\u0119 w \u015bwiecie dzi\u0119ki produkcji opon \u2013 niegdy\u015b diagonalnych, wsp\u00f3\u0142cze\u015bnie natomiast radialnych. D\u0142ugofalowa wizja, staranno\u015b\u0107 w projektowaniu, badaniu i wdra\u017caniu nowych produkt\u00f3w oraz konsekwentnie wprowadzana w \u017cycie strategia dynamicznego rozwoju sprawi\u0142y, \u017ce ta w\u0142a\u015bnie firma zajmuje si\u00f3dme miejsce na li\u015bcie najwi\u0119kszych \u015bwiatowych producent\u00f3w opon. Ju\u017c w 1981 roku otwarto ameryka\u0144sk\u0105 fili\u0119 Hankook, rok p\u00f3\u017aniej za\u015b produkcj\u0119 rozpocz\u0119\u0142a pierwsza fabryka ogumienia tej marki w USA. Obecnie w\u0142a\u015bciwo\u015bci jezdne i wytrzyma\u0142o\u015b\u0107 nowych modeli opon letnich i zimowych poddawane s\u0105 badaniom w korea\u0144skich i europejskich centrach testowych. O pozytywnych wynikach test\u00f3w mo\u017ce za\u015bwiadczy\u0107 fakt, \u017ce opony firmy Hankook zosta\u0142y przyj\u0119te jako pierwsze wyposa\u017cenie przez szereg wiod\u0105cych producent\u00f3w samochod\u00f3w \u2013 mi\u0119dzy innymi Ford, Toyota, Volkswagen i Hyundai. Chocia\u017c jednym z cel\u00f3w firmy jest utrzymywanie jak najni\u017cszych cen w po\u0142\u0105czeniu z jak najwy\u017csz\u0105 jako\u015bci\u0105 produktu, jej przych\u00f3d w trzecim kwartale 2011 roku wyni\u00f3s\u0142 prawie p\u00f3\u0142tora miliarda dolar\u00f3w, co dowodzi, \u017ce znaczne grono klient\u00f3w w ponad 180 krajach postanowi\u0142o zaufa\u0107 ogumieniu tej marki. Asortyment firmy Hankook jest bardzo szeroki \u2013 w katalogu dost\u0119pna jest mi\u0119dzy innymi rodzina opon Dynapro o agresywnym bie\u017cniku nadaj\u0105cym si\u0119 na wszystkie rodzaje nawierzchni, linia opon sportowych Ventus zapewniaj\u0105cych maksymaln\u0105 kontrol\u0119 i przyczepno\u015b\u0107 nawet przy wysokich pr\u0119dko\u015bciach, oraz e-cube, nowatorskie, oszcz\u0119dne, ekologiczne ogumienie dla ci\u0119\u017car\u00f3wek. Wysok\u0105 jako\u015bci\u0105 odznaczaj\u0105 si\u0119 tak\u017ce zimowe opony z serii i*cept<\/p>\n<\/div>\n<\/div>\n<\/div>\n<\/div>\n<\/div>\n<\/div>\n<div style=\"clear: both; display: block; margin: 10px 0;\">\n","protected":false},"excerpt":{"rendered":"<p>Rok produkcji: 2024<\/p>\n<p>HANKOOK Winter i*cept evo3 X W330A 265\/50R19 110V XL FR<\/p>\n<p>G0NOQS<\/p>\n<p>Data produkcji : 2024<\/p>\n<p>Hamowanie na mokrej nawierzchni : B<\/p>\n<p>Indeks : 265\/50R19 ZTHA 110V W330A<\/p>\n<p>Indeks no\u015bno\u015bci : 110<\/p>\n<p>Indeks pr\u0119dko\u015bci : V &#8211; 240 km\/h<\/p>\n","protected":false},"featured_media":13403,"template":"","meta":{"_uag_custom_page_level_css":""},"product_brand":[411],"product_cat":[414,413,412,415],"product_tag":[],"class_list":{"0":"post-13402","1":"product","2":"type-product","3":"status-publish","4":"has-post-thumbnail","6":"product_brand-hankook","7":"product_cat-do-samochodow-osobowych-i-suv","8":"product_cat-opony","9":"product_cat-opony-i-felgi","10":"product_cat-zimowe","12":"first","13":"instock","14":"shipping-taxable","15":"purchasable","16":"product-type-simple"},"uagb_featured_image_src":{"full":["https:\/\/oponixo.shop\/tire\/wp-content\/uploads\/2026\/01\/allegro-image-13402.jpg",1200,1126,false],"thumbnail":["https:\/\/oponixo.shop\/tire\/wp-content\/uploads\/2026\/01\/allegro-image-13402-150x150.jpg",150,150,true],"medium":["https:\/\/oponixo.shop\/tire\/wp-content\/uploads\/2026\/01\/allegro-image-13402-300x282.jpg",300,282,true],"medium_large":["https:\/\/oponixo.shop\/tire\/wp-content\/uploads\/2026\/01\/allegro-image-13402-768x721.jpg",768,721,true],"large":["https:\/\/oponixo.shop\/tire\/wp-content\/uploads\/2026\/01\/allegro-image-13402-1024x961.jpg",1024,961,true],"1536x1536":["https:\/\/oponixo.shop\/tire\/wp-content\/uploads\/2026\/01\/allegro-image-13402.jpg",1200,1126,false],"2048x2048":["https:\/\/oponixo.shop\/tire\/wp-content\/uploads\/2026\/01\/allegro-image-13402.jpg",1200,1126,false],"woocommerce_thumbnail":["https:\/\/oponixo.shop\/tire\/wp-content\/uploads\/2026\/01\/allegro-image-13402-300x300.jpg",300,300,true],"woocommerce_single":["https:\/\/oponixo.shop\/tire\/wp-content\/uploads\/2026\/01\/allegro-image-13402-600x563.jpg",600,563,true],"woocommerce_gallery_thumbnail":["https:\/\/oponixo.shop\/tire\/wp-content\/uploads\/2026\/01\/allegro-image-13402-100x100.jpg",100,100,true]},"uagb_author_info":{"display_name":"admin","author_link":"https:\/\/oponixo.shop\/tire\/author\/"},"uagb_comment_info":0,"uagb_excerpt":"Rok produkcji: 2024 HANKOOK Winter i*cept evo3 X W330A 265\/50R19 110V XL FR G0NOQS Data produkcji : 2024 Hamowanie na mokrej nawierzchni : B Indeks : 265\/50R19 ZTHA 110V W330A Indeks no\u015bno\u015bci : 110 Indeks pr\u0119dko\u015bci : V - 240 km\/h","_links":{"self":[{"href":"https:\/\/oponixo.shop\/tire\/wp-json\/wp\/v2\/product\/13402","targetHints":{"allow":["GET"]}}],"collection":[{"href":"https:\/\/oponixo.shop\/tire\/wp-json\/wp\/v2\/product"}],"about":[{"href":"https:\/\/oponixo.shop\/tire\/wp-json\/wp\/v2\/types\/product"}],"wp:featuredmedia":[{"embeddable":true,"href":"https:\/\/oponixo.shop\/tire\/wp-json\/wp\/v2\/media\/13403"}],"wp:attachment":[{"href":"https:\/\/oponixo.shop\/tire\/wp-json\/wp\/v2\/media?parent=13402"}],"wp:term":[{"taxonomy":"product_brand","embeddable":true,"href":"https:\/\/oponixo.shop\/tire\/wp-json\/wp\/v2\/product_brand?post=13402"},{"taxonomy":"product_cat","embeddable":true,"href":"https:\/\/oponixo.shop\/tire\/wp-json\/wp\/v2\/product_cat?post=13402"},{"taxonomy":"product_tag","embeddable":true,"href":"https:\/\/oponixo.shop\/tire\/wp-json\/wp\/v2\/product_tag?post=13402"}],"curies":[{"name":"wp","href":"https:\/\/api.w.org\/{rel}","templated":true}]}}