{"id":13408,"date":"2026-01-07T00:56:36","date_gmt":"2026-01-06T23:56:36","guid":{"rendered":"https:\/\/oponyprofi.shop\/xef5\/produkt\/2x-yokohama-265-50r19-110v-geolandar-cv4s-g061-xl-caloroczna-2024-r\/"},"modified":"2026-01-07T00:56:37","modified_gmt":"2026-01-06T23:56:37","slug":"2x-yokohama-265-50r19-110v-geolandar-cv4s-g061-xl-caloroczna-2024-r","status":"publish","type":"product","link":"https:\/\/oponixo.shop\/tire\/produkt\/2x-yokohama-265-50r19-110v-geolandar-cv4s-g061-xl-caloroczna-2024-r\/","title":{"rendered":"2x YOKOHAMA 265\/50R19 110V Geolandar CV4S G061 XL Ca\u0142oroczna 2024 r"},"content":{"rendered":"<div style=\"font-family: Arial, sans-serif; line-height: 1.6; color: #333; padding: 20px; clear: both; display: block; width: 100%; float: none; position: static; overflow: hidden;\">\n<div style=\"clear: both; display: block; margin: 10px 0;\">\n<div style=\"clear: both; display: block; margin: 10px 0;\">\n<div style=\"clear: both; display: block; margin: 10px 0;\">\n<h1>Rok produkcji: 2024<\/h1>\n<\/div>\n<\/div>\n<\/div>\n<div style=\"clear: both; display: block; margin: 10px 0;\">\n<div style=\"clear: both; display: block; margin: 10px 0;\">\n<div style=\"clear: both; display: block; margin: 10px 0;\">\n<div  style=\"max-width:1200px;max-height:1126px\">\n<div style=\"clear: both; display: block; margin: 10px 0;\">\n<div style=\"clear: both; width: 100%; display: block; margin: 20px 0; padding: 0; float: none; position: static; text-align: center;\"><img decoding=\"async\"  src=\"https:\/\/a.allegroimg.com\/original\/11cf8f\/da04b928427984545f35f125a13e\/2x-YOKOHAMA-265-50R19-110V-Geolandar-CV4S-G061-XL-Caloroczna-2024-r\" srcset=\"https:\/\/a.allegroimg.com\/original\/11cf8f\/da04b928427984545f35f125a13e\/2x-YOKOHAMA-265-50R19-110V-Geolandar-CV4S-G061-XL-Caloroczna-2024-r 360w,https:\/\/a.allegroimg.com\/original\/11cf8f\/da04b928427984545f35f125a13e\/2x-YOKOHAMA-265-50R19-110V-Geolandar-CV4S-G061-XL-Caloroczna-2024-r 720w,https:\/\/a.allegroimg.com\/original\/11cf8f\/da04b928427984545f35f125a13e\/2x-YOKOHAMA-265-50R19-110V-Geolandar-CV4S-G061-XL-Caloroczna-2024-r 1024w,https:\/\/a.allegroimg.com\/original\/11cf8f\/da04b928427984545f35f125a13e\/2x-YOKOHAMA-265-50R19-110V-Geolandar-CV4S-G061-XL-Caloroczna-2024-r 1200w,https:\/\/a.allegroimg.com\/original\/11cf8f\/da04b928427984545f35f125a13e\/2x-YOKOHAMA-265-50R19-110V-Geolandar-CV4S-G061-XL-Caloroczna-2024-r 1200w\" sizes=\"(min-width: 1200px) 560px, (min-width: 992px) 50vw, 100vw\" width=\"1200px\" alt=\"2x YOKOHAMA 265\/50R19 110V Geolandar CV4S G061 XL Ca\u0142oroczna 2024 r\" style=\"max-width: 100%; height: auto; display: block; margin: 0 auto;\"><\/div>\n<\/div>\n<\/div>\n<\/div>\n<\/div>\n<div style=\"clear: both; display: block; margin: 10px 0;\">\n<div style=\"clear: both; display: block; margin: 10px 0;\">\n<h1>YOKOHAMA Geolandar CV4S G061 265\/50R19 110V XL<\/h1>\n<h2>H0648S<\/h2>\n<ul style=\"margin: 15px 0; padding-left: 20px; clear: both; display: block; width: 100%; float: none; position: static;\">\n<li style=\"margin: 5px 0; padding: 2px 0; clear: both; display: list-item; float: none; position: static;\"><b>Data produkcji :<\/b> 2024<\/li>\n<li style=\"margin: 5px 0; padding: 2px 0; clear: both; display: list-item; float: none; position: static;\"><b>Hamowanie na mokrej nawierzchni :<\/b> B<\/li>\n<li style=\"margin: 5px 0; padding: 2px 0; clear: both; display: list-item; float: none; position: static;\"><b>Indeks :<\/b> 265\/50R19 CTYO 110V G061<\/li>\n<li style=\"margin: 5px 0; padding: 2px 0; clear: both; display: list-item; float: none; position: static;\"><b>Indeks no\u015bno\u015bci :<\/b> 110<\/li>\n<li style=\"margin: 5px 0; padding: 2px 0; clear: both; display: list-item; float: none; position: static;\"><b>Indeks pr\u0119dko\u015bci :<\/b> V &#8211; 240 km\/h<\/li>\n<li style=\"margin: 5px 0; padding: 2px 0; clear: both; display: list-item; float: none; position: static;\"><b>Karta informacyjna produktu :<\/b> https:\/\/eprel.ec.europa.eu\/qr\/1638475<\/li>\n<li style=\"margin: 5px 0; padding: 2px 0; clear: both; display: list-item; float: none; position: static;\"><b>Klasa opony :<\/b> premium<\/li>\n<li style=\"margin: 5px 0; padding: 2px 0; clear: both; display: list-item; float: none; position: static;\"><b>Kod EAN :<\/b> 4548515053495<\/li>\n<li style=\"margin: 5px 0; padding: 2px 0; clear: both; display: list-item; float: none; position: static;\"><b>Kod producenta :<\/b> R8749<\/li>\n<li style=\"margin: 5px 0; padding: 2px 0; clear: both; display: list-item; float: none; position: static;\"><b>Liczba decybeli :<\/b> 71 dB<\/li>\n<li style=\"margin: 5px 0; padding: 2px 0; clear: both; display: list-item; float: none; position: static;\"><b>Model bie\u017cnika :<\/b> Geolandar CV4S G061<\/li>\n<li style=\"margin: 5px 0; padding: 2px 0; clear: both; display: list-item; float: none; position: static;\"><b>Nazwa produktu :<\/b> YOKOHAMA 265\/50R19 110V Geolandar CV4S G061 XL Ca\u0142oroczna<\/li>\n<li style=\"margin: 5px 0; padding: 2px 0; clear: both; display: list-item; float: none; position: static;\"><b>No\u015bno\u015b\u0107 opony :<\/b> XL<\/li>\n<li style=\"margin: 5px 0; padding: 2px 0; clear: both; display: list-item; float: none; position: static;\"><b>opona na dedykowan\u0105 o\u015b :<\/b> Prz\u00f3d\/Ty\u0142<\/li>\n<li style=\"margin: 5px 0; padding: 2px 0; clear: both; display: list-item; float: none; position: static;\"><b>Op\u00f3r toczenia :<\/b> C<\/li>\n<li style=\"margin: 5px 0; padding: 2px 0; clear: both; display: list-item; float: none; position: static;\"><b>Poziom emisji ha\u0142asu :<\/b> B<\/li>\n<li style=\"margin: 5px 0; padding: 2px 0; clear: both; display: list-item; float: none; position: static;\"><b>Producent :<\/b> YOKOHAMA<\/li>\n<li style=\"margin: 5px 0; padding: 2px 0; clear: both; display: list-item; float: none; position: static;\"><b>Profil :<\/b> 50<\/li>\n<li style=\"margin: 5px 0; padding: 2px 0; clear: both; display: list-item; float: none; position: static;\"><b>Przeznaczenie :<\/b> samochody osobowe\/SUV\/4&#215;4<\/li>\n<li style=\"margin: 5px 0; padding: 2px 0; clear: both; display: list-item; float: none; position: static;\"><b>Przyczepno\u015b\u0107 na lodzie :<\/b> Nie<\/li>\n<li style=\"margin: 5px 0; padding: 2px 0; clear: both; display: list-item; float: none; position: static;\"><b>Przyczepno\u015b\u0107 na \u015bniegu :<\/b> Tak<\/li>\n<li style=\"margin: 5px 0; padding: 2px 0; clear: both; display: list-item; float: none; position: static;\"><b>QR kod :<\/b> https:\/\/eprel.ec.europa.eu\/qr\/1638475<\/li>\n<li style=\"margin: 5px 0; padding: 2px 0; clear: both; display: list-item; float: none; position: static;\"><b>Sezon :<\/b> ca\u0142oroczna<\/li>\n<li style=\"margin: 5px 0; padding: 2px 0; clear: both; display: list-item; float: none; position: static;\"><b>\u015arednica :<\/b> 19&#8243;<\/li>\n<li style=\"margin: 5px 0; padding: 2px 0; clear: both; display: list-item; float: none; position: static;\"><b>Szeroko\u015b\u0107 :<\/b> 265<\/li>\n<\/ul>\n<\/div>\n<\/div>\n<\/div>\n<div style=\"clear: both; display: block; margin: 10px 0;\">\n<div style=\"clear: both; display: block; margin: 10px 0;\">\n<div style=\"clear: both; display: block; margin: 10px 0;\">\n<p style=\"margin: 15px 0; line-height: 1.8; clear: both; display: block; width: 100%; float: none; position: static;\"> Poznaj opony Yokohama Geolandar CV4S G061 &#8211; klucz do komfortu i bezpiecze\u0144stwa na drodze Jazda SUV-em czy crossoverem daje niepowtarzalne doznania, ale wymaga te\u017c odpowiedniego wyposa\u017cenia, takiego jak dobrej jako\u015bci opony. Przypomnij sobie ostatni\u0105 sytuacj\u0119, kiedy musia\u0142e\u015b gwa\u0142townie hamowa\u0107 na \u015bliskiej nawierzchni i nie mia\u0142e\u015b pewno\u015bci, czy Twoje opony sprostaj\u0105 wyzwaniu&#8230; Kiedy nawet drobne opady deszczu czy \u015bniegu staj\u0105 si\u0119 powa\u017cnym wyzwaniem, musisz mie\u0107 pewno\u015b\u0107, \u017ce tw\u00f3j SUV zachowa stabilno\u015b\u0107 na drodze. Czy jest spos\u00f3b, by zaufa\u0107 swoim oponom, niezale\u017cnie od warunk\u00f3w pogodowych? Czy mo\u017cna unikn\u0105\u0107 wizyt w warsztacie z ka\u017cd\u0105 zmian\u0105 sezonu? Opony Yokohama Geolandar CV4S G061 &#8211; odpowied\u017a na Twoje potrzeby Odpowiedzi\u0105 na te pytania s\u0105 opony ca\u0142oroczne Yokohama Geolandar CV4S G061. Zaprojektowane specjalnie dla SUV-\u00f3w i crossover\u00f3w, te opony to prawdziwy &#8222;game changer&#8221; dla kierowc\u00f3w. Niezale\u017cnie od tego, czy mierzysz si\u0119 z mokr\u0105 nawierzchni\u0105 po ulewnym deszczu, czy zaskoczy ci\u0119 \u015bnieg, Geolandar CV4S G061 s\u0105 na to gotowe. Dzi\u0119ki zaawansowanemu sk\u0142adowi mieszanki i nowoczesnej konstrukcji, opony te oferuj\u0105 wyj\u0105tkow\u0105 przyczepno\u015b\u0107 na ka\u017cdej nawierzchni. A co z trwa\u0142o\u015bci\u0105? Nie ma problemu &#8211; Yokohama Geolandar CV4S G061 s\u0105 znane ze swojej niezwyk\u0142ej wytrzyma\u0142o\u015bci. Gwarantuj\u0105 one wysokie przebiegi, liczone w dziesi\u0105tkach tysi\u0119cy kilometr\u00f3w. Czy to wystarczaj\u0105ce argumenty, aby je wypr\u00f3bowa\u0107? Z pewno\u015bci\u0105 tak! Do\u015bwiadczenia innych kierowc\u00f3w z Yokohama Geolandar CV4S G061 Wielu kierowc\u00f3w SUV-\u00f3w i crossover\u00f3w zdecydowa\u0142o si\u0119 na Yokohama Geolandar CV4S G061 i byli zadowoleni z wyboru. Pewno\u015b\u0107 prowadzenia, nawet podczas nag\u0142ych opad\u00f3w \u015bniegu, brak konieczno\u015bci sezonowej wymiany opon &#8211; te korzy\u015bci doceni\u0142 ka\u017cdy, kto postawi\u0142 na Geolandar CV4S G061. Opony ca\u0142oroczne Yokohama przynios\u0142y im komfort jazdy w ka\u017cdych warunkach i bezpiecze\u0144stwo, kt\u00f3re nie ma ceny. Wszystko, co musisz wiedzie\u0107 o Yokohama Geolandar CV4S G061 Opony ca\u0142oroczne Yokohama Geolandar CV4S G061 to nie tylko wydajno\u015b\u0107 i trwa\u0142o\u015b\u0107, ale przede wszystkim bezpiecze\u0144stwo. Przemy\u015blane rozwi\u0105zania, takie jak hydrofobowe rowki, gwarantuj\u0105 skuteczne odprowadzanie wody, dbaj\u0105c o Twoje bezpiecze\u0144stwo nawet podczas gwa\u0142townych opad\u00f3w. Oznaczenia M+S i 3PMSF to gwarancja doskona\u0142ej przyczepno\u015bci, stabilno\u015bci i kontroli nie tylko na mokrej nawierzchni, ale tak\u017ce na \u015bniegu i lodzie. Dla kogo s\u0105 opony Yokohama Geolandar CV4S G061? Dla ka\u017cdego kierowcy, kt\u00f3ry szuka przyczepno\u015bci w dobrej cenie. Bez wzgl\u0119du na styl jazdy czy warunki pogodowe &#8211; te opony spe\u0142niaj\u0105 najwy\u017csze standardy bezpiecze\u0144stwa i komfortu jazdy. Skorzystaj z oferty Yokohama Geolandar CV4S G061 ju\u017c teraz! Gwarantujemy, \u017ce opony Yokohama Geolandar CV4S G061 spe\u0142ni\u0105 Twoje oczekiwania. Po\u0142\u0105czenie wydajno\u015bci, trwa\u0142o\u015bci i bezpiecze\u0144stwa sprawia, \u017ce s\u0105 idealn\u0105 propozycj\u0105 dla ka\u017cdego kierowcy. Przekonaj si\u0119 o ich zaletach ju\u017c teraz i do\u0142\u0105cz do grona zadowolonych u\u017cytkownik\u00f3w. Zam\u00f3w opony Yokohama i ciesz si\u0119 swobod\u0105 jazdy! <\/p>\n<\/div>\n<\/div>\n<div style=\"clear: both; display: block; margin: 10px 0;\">\n<div style=\"clear: both; display: block; margin: 10px 0;\">\n<div  style=\"max-width:886px;max-height:1299px\">\n<div style=\"clear: both; display: block; margin: 10px 0;\">\n<div style=\"clear: both; width: 100%; display: block; margin: 20px 0; padding: 0; float: none; position: static; text-align: center;\"><img decoding=\"async\"  src=\"https:\/\/a.allegroimg.com\/original\/11c475\/3d27bad94f3eab787ba8669c0f23\/2x-YOKOHAMA-265-50R19-110V-Geolandar-CV4S-G061-XL-Caloroczna-2024-r-Marka-Yokohama\" srcset=\"https:\/\/a.allegroimg.com\/original\/11c475\/3d27bad94f3eab787ba8669c0f23\/2x-YOKOHAMA-265-50R19-110V-Geolandar-CV4S-G061-XL-Caloroczna-2024-r-Marka-Yokohama 245w,https:\/\/a.allegroimg.com\/original\/11c475\/3d27bad94f3eab787ba8669c0f23\/2x-YOKOHAMA-265-50R19-110V-Geolandar-CV4S-G061-XL-Caloroczna-2024-r-Marka-Yokohama 491w,https:\/\/a.allegroimg.com\/original\/11c475\/3d27bad94f3eab787ba8669c0f23\/2x-YOKOHAMA-265-50R19-110V-Geolandar-CV4S-G061-XL-Caloroczna-2024-r-Marka-Yokohama 698w,https:\/\/a.allegroimg.com\/original\/11c475\/3d27bad94f3eab787ba8669c0f23\/2x-YOKOHAMA-265-50R19-110V-Geolandar-CV4S-G061-XL-Caloroczna-2024-r-Marka-Yokohama 886w,https:\/\/a.allegroimg.com\/original\/11c475\/3d27bad94f3eab787ba8669c0f23\/2x-YOKOHAMA-265-50R19-110V-Geolandar-CV4S-G061-XL-Caloroczna-2024-r-Marka-Yokohama 886w\" sizes=\"(min-width: 1200px) 560px, (min-width: 992px) 50vw, 100vw\" width=\"886px\" alt=\"2x YOKOHAMA 265\/50R19 110V Geolandar CV4S G061 XL Ca\u0142oroczna 2024 r Marka Yokohama\" style=\"max-width: 100%; height: auto; display: block; margin: 0 auto;\"><\/div>\n<\/div>\n<\/div>\n<\/div>\n<\/div>\n<\/div>\n<div style=\"clear: both; display: block; margin: 10px 0;\">\n<div style=\"clear: both; display: block; margin: 10px 0;\">\n<div style=\"clear: both; display: block; margin: 10px 0;\">\n<p style=\"margin: 15px 0; line-height: 1.8; clear: both; display: block; width: 100%; float: none; position: static;\">Wychodz\u0105c naprzeciw oczekiwaniom Klient\u00f3w i chc\u0105c spe\u0142nia\u0107 jak najwy\u017csze standardy obs\u0142ugi dok\u0142adamy wszelkich stara\u0144, aby podawa\u0107 precyzyjn\u0105 dat\u0119 produkcji opony (DOT). Niestety, w wyj\u0105tkowych przypadkach, mo\u017ce zdarzy\u0107 si\u0119, \u017ce opony, kt\u00f3re wy\u015blemy b\u0119d\u0105 mia\u0142y inn\u0105 dat\u0119 produkcji ni\u017c podana. Sytuacja mo\u017ce dotyczy\u0107 zar\u00f3wno opon z DOT-em wcze\u015bniejszym jak i p\u00f3\u017aniejszym. Chcieliby\u015bmy podkre\u015bli\u0107, \u017ce warunki przechowywania opon w naszych magazynach spe\u0142niaj\u0105 Polsk\u0105 Norm\u0119 PN-C-94300-7 dzi\u0119ki czemu nawet opona przechowywana 24 miesi\u0105ce ma parametry takie same jak opona z bie\u017c\u0105cego roku. Warto pami\u0119ta\u0107 tak\u017ce o fakcie, \u017ce w przypadku wielu rozmiar\u00f3w i producent\u00f3w plany produkcyjne fabryk uniemo\u017cliwiaj\u0105 zakup opony z bie\u017c\u0105cego roku.<\/p>\n<p style=\"margin: 15px 0; line-height: 1.8; clear: both; display: block; width: 100%; float: none; position: static;\">Przy zakupie opon pami\u0119taj o sprawdzeniu w instrukcji samochodu lub na w\u0142a\u015bciwej stronie internetowej, jakie ogumienie zaleca producent Twojego auta. \u0179le dobrane opony mog\u0105 negatywnie wp\u0142yn\u0105\u0107 na poziom Twojego bezpiecze\u0144stwa. Kupuj\u0105c opony zwr\u00f3\u0107 uwag\u0119 na rozmiar oraz indeksy no\u015bno\u015bci i pr\u0119dko\u015bci jakie homologowane s\u0105 do Twojego pojazdu.<\/p>\n<p style=\"margin: 15px 0; line-height: 1.8; clear: both; display: block; width: 100%; float: none; position: static;\">Zamieszczone zdj\u0119cia pe\u0142ni\u0105 funkcj\u0119 pogl\u0105dow\u0105. W zale\u017cno\u015bci od szeroko\u015bci opon, mog\u0105 wyst\u0119powa\u0107 niewielkie r\u00f3\u017cnice w wygl\u0105dzie bie\u017cnika (w obr\u0119bie jednego modelu) na przyk\u0142ad w ilo\u015bci rowk\u00f3w obwodowych lub rozmieszczeniu blok\u00f3w bie\u017cnika, co nie stanowi wady produktu.<\/p>\n<p style=\"margin: 15px 0; line-height: 1.8; clear: both; display: block; width: 100%; float: none; position: static;\">Je\u017celi otrzymane przez Ciebie opony nie spe\u0142niaj\u0105 Twoich oczekiwa\u0144 masz mo\u017cliwo\u015b\u0107 zwrotu lub wymiany nieu\u017cywanego (niemontowanego) ogumienia.<\/p>\n<\/div>\n<\/div>\n<\/div>\n<div style=\"clear: both; display: block; margin: 10px 0;\">\n<div style=\"clear: both; display: block; margin: 10px 0;\">\n<div style=\"clear: both; display: block; margin: 10px 0;\">\n<div  style=\"max-width:300px;max-height:300px\">\n<div style=\"clear: both; display: block; margin: 10px 0;\">\n<div style=\"clear: both; width: 100%; display: block; margin: 20px 0; padding: 0; float: none; position: static; text-align: center;\"><img decoding=\"async\"  src=\"https:\/\/a.allegroimg.com\/original\/1189ce\/a8ca38264b58a8f1fae1604ce2e8\/2x-YOKOHAMA-265-50R19-110V-Geolandar-CV4S-G061-XL-Caloroczna-2024-r-Szerokosc-opony-265-mm\" srcset=\"https:\/\/a.allegroimg.com\/original\/1189ce\/a8ca38264b58a8f1fae1604ce2e8\/2x-YOKOHAMA-265-50R19-110V-Geolandar-CV4S-G061-XL-Caloroczna-2024-r-Szerokosc-opony-265-mm 300w,https:\/\/a.allegroimg.com\/original\/1189ce\/a8ca38264b58a8f1fae1604ce2e8\/2x-YOKOHAMA-265-50R19-110V-Geolandar-CV4S-G061-XL-Caloroczna-2024-r-Szerokosc-opony-265-mm 300w\" sizes=\"(min-width: 1200px) 560px, (min-width: 992px) 50vw, 100vw\" width=\"300px\" alt=\"2x YOKOHAMA 265\/50R19 110V Geolandar CV4S G061 XL Ca\u0142oroczna 2024 r Szeroko\u015b\u0107 opony 265 mm\" style=\"max-width: 100%; height: auto; display: block; margin: 0 auto;\"><\/div>\n<\/div>\n<\/div>\n<\/div>\n<\/div>\n<div style=\"clear: both; display: block; margin: 10px 0;\">\n<div style=\"clear: both; display: block; margin: 10px 0;\">\n<h1>Yokohama<\/h1>\n<p style=\"margin: 15px 0; line-height: 1.8; clear: both; display: block; width: 100%; float: none; position: static;\">Yokohama Rubber Co jest **sz\u00f3stym pod wzgl\u0119dem wielko\u015bci producentem opon na \u015bwiecie**. Koncern produkuje opony do samochod\u00f3w osobowych, sportowo-terenowych, dostawczych, ci\u0119\u017carowych i autobus\u00f3w oraz do samolot\u00f3w. Opony produkowane s\u0105 w 12 fabrykach (6 w Japonii, 2 w USA oraz po jednej w Chinach, Wietnamie, Tajlandii i Filipinach). Yokohama szczeg\u00f3ln\u0105 rol\u0119 k\u0142adzie na **rozw\u00f3j i badania**: zatrudniaj\u0105c oko\u0142o 1000 os\u00f3b w Centrach Badawczo Rozwojowych wydaj\u0105c na ten cel ponad **100 mln USD rocznie**. Opony testowane s\u0105 w zale\u017cno\u015bci od zastosowania w Daigo &#8211; Japonia (warunki suche i mokre) oraz w Takasu &#8211; Japonia (warunki zimowe). R\u00f3wnie\u017c opony testowane s\u0105 lokalnie, w Europie: Nurburgring (Niemcy), MYLA (Wielka Brytania) i IVALO (Finlandia). Opony Yokohama szczeg\u00f3lnie doceniane s\u0105 przez u\u017cytkownik\u00f3w samochod\u00f3w sportowych, wysokich osi\u0105g\u00f3w i zaspokojenie ich potrzeb jest r\u00f3wnie\u017c strategi\u0105 produkcyjn\u0105 Yokohama. <\/p>\n<\/div>\n<\/div>\n<\/div>\n<\/div>\n<\/div>\n<\/div>\n<div style=\"clear: both; display: block; margin: 10px 0;\">\n","protected":false},"excerpt":{"rendered":"<p>Rok produkcji: 2024<\/p>\n<p>YOKOHAMA Geolandar CV4S G061 265\/50R19 110V XL<\/p>\n<p>H0648S<\/p>\n<p>Data produkcji : 2024<\/p>\n<p>Hamowanie na mokrej nawierzchni : B<\/p>\n<p>Indeks : 265\/50R19 CTYO 110V G061<\/p>\n<p>Indeks no\u015bno\u015bci : 110<\/p>\n<p>Indeks pr\u0119dko\u015bci : V &#8211; 240 km\/h<\/p>\n","protected":false},"featured_media":13409,"template":"","meta":{"_uag_custom_page_level_css":""},"product_brand":[410],"product_cat":[416,414,413,412],"product_tag":[],"class_list":{"0":"post-13408","1":"product","2":"type-product","3":"status-publish","4":"has-post-thumbnail","6":"product_brand-yokohama","7":"product_cat-caloroczne","8":"product_cat-do-samochodow-osobowych-i-suv","9":"product_cat-opony","10":"product_cat-opony-i-felgi","12":"first","13":"instock","14":"shipping-taxable","15":"purchasable","16":"product-type-simple"},"uagb_featured_image_src":{"full":["https:\/\/oponixo.shop\/tire\/wp-content\/uploads\/2026\/01\/allegro-image-13408.jpg",1200,1126,false],"thumbnail":["https:\/\/oponixo.shop\/tire\/wp-content\/uploads\/2026\/01\/allegro-image-13408-150x150.jpg",150,150,true],"medium":["https:\/\/oponixo.shop\/tire\/wp-content\/uploads\/2026\/01\/allegro-image-13408-300x282.jpg",300,282,true],"medium_large":["https:\/\/oponixo.shop\/tire\/wp-content\/uploads\/2026\/01\/allegro-image-13408-768x721.jpg",768,721,true],"large":["https:\/\/oponixo.shop\/tire\/wp-content\/uploads\/2026\/01\/allegro-image-13408-1024x961.jpg",1024,961,true],"1536x1536":["https:\/\/oponixo.shop\/tire\/wp-content\/uploads\/2026\/01\/allegro-image-13408.jpg",1200,1126,false],"2048x2048":["https:\/\/oponixo.shop\/tire\/wp-content\/uploads\/2026\/01\/allegro-image-13408.jpg",1200,1126,false],"woocommerce_thumbnail":["https:\/\/oponixo.shop\/tire\/wp-content\/uploads\/2026\/01\/allegro-image-13408-300x300.jpg",300,300,true],"woocommerce_single":["https:\/\/oponixo.shop\/tire\/wp-content\/uploads\/2026\/01\/allegro-image-13408-600x563.jpg",600,563,true],"woocommerce_gallery_thumbnail":["https:\/\/oponixo.shop\/tire\/wp-content\/uploads\/2026\/01\/allegro-image-13408-100x100.jpg",100,100,true]},"uagb_author_info":{"display_name":"admin","author_link":"https:\/\/oponixo.shop\/tire\/author\/"},"uagb_comment_info":0,"uagb_excerpt":"Rok produkcji: 2024 YOKOHAMA Geolandar CV4S G061 265\/50R19 110V XL H0648S Data produkcji : 2024 Hamowanie na mokrej nawierzchni : B Indeks : 265\/50R19 CTYO 110V G061 Indeks no\u015bno\u015bci : 110 Indeks pr\u0119dko\u015bci : V - 240 km\/h","_links":{"self":[{"href":"https:\/\/oponixo.shop\/tire\/wp-json\/wp\/v2\/product\/13408","targetHints":{"allow":["GET"]}}],"collection":[{"href":"https:\/\/oponixo.shop\/tire\/wp-json\/wp\/v2\/product"}],"about":[{"href":"https:\/\/oponixo.shop\/tire\/wp-json\/wp\/v2\/types\/product"}],"wp:featuredmedia":[{"embeddable":true,"href":"https:\/\/oponixo.shop\/tire\/wp-json\/wp\/v2\/media\/13409"}],"wp:attachment":[{"href":"https:\/\/oponixo.shop\/tire\/wp-json\/wp\/v2\/media?parent=13408"}],"wp:term":[{"taxonomy":"product_brand","embeddable":true,"href":"https:\/\/oponixo.shop\/tire\/wp-json\/wp\/v2\/product_brand?post=13408"},{"taxonomy":"product_cat","embeddable":true,"href":"https:\/\/oponixo.shop\/tire\/wp-json\/wp\/v2\/product_cat?post=13408"},{"taxonomy":"product_tag","embeddable":true,"href":"https:\/\/oponixo.shop\/tire\/wp-json\/wp\/v2\/product_tag?post=13408"}],"curies":[{"name":"wp","href":"https:\/\/api.w.org\/{rel}","templated":true}]}}