{"id":13414,"date":"2026-01-07T00:56:38","date_gmt":"2026-01-06T23:56:38","guid":{"rendered":"https:\/\/oponyprofi.shop\/xef5\/produkt\/2x-continental-265-50r19-110v-wintercontact-ts-870-p-xl-fr-zimowe-2024-r\/"},"modified":"2026-01-07T00:56:38","modified_gmt":"2026-01-06T23:56:38","slug":"2x-continental-265-50r19-110v-wintercontact-ts-870-p-xl-fr-zimowe-2024-r","status":"publish","type":"product","link":"https:\/\/oponixo.shop\/tire\/produkt\/2x-continental-265-50r19-110v-wintercontact-ts-870-p-xl-fr-zimowe-2024-r\/","title":{"rendered":"2x CONTINENTAL 265\/50R19 110V WinterContact TS 870 P XL FR zimowe 2024 r"},"content":{"rendered":"<div style=\"font-family: Arial, sans-serif; line-height: 1.6; color: #333; padding: 20px; clear: both; display: block; width: 100%; float: none; position: static; overflow: hidden;\">\n<div style=\"clear: both; display: block; margin: 10px 0;\">\n<div style=\"clear: both; display: block; margin: 10px 0;\">\n<div style=\"clear: both; display: block; margin: 10px 0;\">\n<h1>Rok produkcji: 2024<\/h1>\n<\/div>\n<\/div>\n<\/div>\n<div style=\"clear: both; display: block; margin: 10px 0;\">\n<div style=\"clear: both; display: block; margin: 10px 0;\">\n<div style=\"clear: both; display: block; margin: 10px 0;\">\n<div  style=\"max-width:1200px;max-height:1126px\">\n<div style=\"clear: both; display: block; margin: 10px 0;\">\n<div style=\"clear: both; width: 100%; display: block; margin: 20px 0; padding: 0; float: none; position: static; text-align: center;\"><img decoding=\"async\"  src=\"https:\/\/a.allegroimg.com\/original\/1170e6\/2ef91c1249339b5f9021087b4d0c\/2x-CONTINENTAL-265-50R19-110V-WinterContact-TS-870-P-XL-FR-zimowe-2024-r\" srcset=\"https:\/\/a.allegroimg.com\/original\/1170e6\/2ef91c1249339b5f9021087b4d0c\/2x-CONTINENTAL-265-50R19-110V-WinterContact-TS-870-P-XL-FR-zimowe-2024-r 360w,https:\/\/a.allegroimg.com\/original\/1170e6\/2ef91c1249339b5f9021087b4d0c\/2x-CONTINENTAL-265-50R19-110V-WinterContact-TS-870-P-XL-FR-zimowe-2024-r 720w,https:\/\/a.allegroimg.com\/original\/1170e6\/2ef91c1249339b5f9021087b4d0c\/2x-CONTINENTAL-265-50R19-110V-WinterContact-TS-870-P-XL-FR-zimowe-2024-r 1024w,https:\/\/a.allegroimg.com\/original\/1170e6\/2ef91c1249339b5f9021087b4d0c\/2x-CONTINENTAL-265-50R19-110V-WinterContact-TS-870-P-XL-FR-zimowe-2024-r 1200w,https:\/\/a.allegroimg.com\/original\/1170e6\/2ef91c1249339b5f9021087b4d0c\/2x-CONTINENTAL-265-50R19-110V-WinterContact-TS-870-P-XL-FR-zimowe-2024-r 1200w\" sizes=\"(min-width: 1200px) 560px, (min-width: 992px) 50vw, 100vw\" width=\"1200px\" alt=\"2x CONTINENTAL 265\/50R19 110V WinterContact TS 870 P XL FR zimowe 2024 r\" style=\"max-width: 100%; height: auto; display: block; margin: 0 auto;\"><\/div>\n<\/div>\n<\/div>\n<\/div>\n<\/div>\n<div style=\"clear: both; display: block; margin: 10px 0;\">\n<div style=\"clear: both; display: block; margin: 10px 0;\">\n<h1>CONTINENTAL WinterContact TS 870 P 265\/50R19 110V XL FR<\/h1>\n<h2>G0Y4JH<\/h2>\n<ul style=\"margin: 15px 0; padding-left: 20px; clear: both; display: block; width: 100%; float: none; position: static;\">\n<li style=\"margin: 5px 0; padding: 2px 0; clear: both; display: list-item; float: none; position: static;\"><b>Data produkcji :<\/b> 2024<\/li>\n<li style=\"margin: 5px 0; padding: 2px 0; clear: both; display: list-item; float: none; position: static;\"><b>Hamowanie na mokrej nawierzchni :<\/b> B<\/li>\n<li style=\"margin: 5px 0; padding: 2px 0; clear: both; display: list-item; float: none; position: static;\"><b>Indeks :<\/b> 265\/50R19 ZOCO 110V 870P<\/li>\n<li style=\"margin: 5px 0; padding: 2px 0; clear: both; display: list-item; float: none; position: static;\"><b>Indeks no\u015bno\u015bci :<\/b> 110<\/li>\n<li style=\"margin: 5px 0; padding: 2px 0; clear: both; display: list-item; float: none; position: static;\"><b>Indeks pr\u0119dko\u015bci :<\/b> V &#8211; 240 km\/h<\/li>\n<li style=\"margin: 5px 0; padding: 2px 0; clear: both; display: list-item; float: none; position: static;\"><b>Karta informacyjna produktu :<\/b> https:\/\/eprel.ec.europa.eu\/qr\/659176<\/li>\n<li style=\"margin: 5px 0; padding: 2px 0; clear: both; display: list-item; float: none; position: static;\"><b>Kl. efekt. paliwowej :<\/b> B<\/li>\n<li style=\"margin: 5px 0; padding: 2px 0; clear: both; display: list-item; float: none; position: static;\"><b>Kl. przycz. na mokrej naw. :<\/b> B<\/li>\n<li style=\"margin: 5px 0; padding: 2px 0; clear: both; display: list-item; float: none; position: static;\"><b>Kl. zew. ha\u0142asu tocz. :<\/b> B<\/li>\n<li style=\"margin: 5px 0; padding: 2px 0; clear: both; display: list-item; float: none; position: static;\"><b>Klasa opony :<\/b> premium<\/li>\n<li style=\"margin: 5px 0; padding: 2px 0; clear: both; display: list-item; float: none; position: static;\"><b>Kod EAN :<\/b> 4019238072983<\/li>\n<li style=\"margin: 5px 0; padding: 2px 0; clear: both; display: list-item; float: none; position: static;\"><b>Kod producenta :<\/b> 3558520000<\/li>\n<li style=\"margin: 5px 0; padding: 2px 0; clear: both; display: list-item; float: none; position: static;\"><b>Liczba decybeli :<\/b> 71 dB<\/li>\n<li style=\"margin: 5px 0; padding: 2px 0; clear: both; display: list-item; float: none; position: static;\"><b>Model bie\u017cnika :<\/b> WinterContact TS 870 P<\/li>\n<li style=\"margin: 5px 0; padding: 2px 0; clear: both; display: list-item; float: none; position: static;\"><b>Nazwa produktu :<\/b> CONTINENTAL 265\/50R19 110V WinterContact TS 870 P XL FR zimowe<\/li>\n<li style=\"margin: 5px 0; padding: 2px 0; clear: both; display: list-item; float: none; position: static;\"><b>No\u015bno\u015b\u0107 opony :<\/b> XL<\/li>\n<li style=\"margin: 5px 0; padding: 2px 0; clear: both; display: list-item; float: none; position: static;\"><b>opona na dedykowan\u0105 o\u015b :<\/b> Prz\u00f3d\/Ty\u0142<\/li>\n<li style=\"margin: 5px 0; padding: 2px 0; clear: both; display: list-item; float: none; position: static;\"><b>Op\u00f3r toczenia :<\/b> B<\/li>\n<li style=\"margin: 5px 0; padding: 2px 0; clear: both; display: list-item; float: none; position: static;\"><b>Poziom emisji ha\u0142asu :<\/b> B<\/li>\n<li style=\"margin: 5px 0; padding: 2px 0; clear: both; display: list-item; float: none; position: static;\"><b>Producent :<\/b> CONTINENTAL<\/li>\n<li style=\"margin: 5px 0; padding: 2px 0; clear: both; display: list-item; float: none; position: static;\"><b>Profil :<\/b> 50<\/li>\n<li style=\"margin: 5px 0; padding: 2px 0; clear: both; display: list-item; float: none; position: static;\"><b>Przeznaczenie :<\/b> samochody osobowe\/SUV\/crossover<\/li>\n<li style=\"margin: 5px 0; padding: 2px 0; clear: both; display: list-item; float: none; position: static;\"><b>Przyczepno\u015b\u0107 na lodzie :<\/b> Nie<\/li>\n<li style=\"margin: 5px 0; padding: 2px 0; clear: both; display: list-item; float: none; position: static;\"><b>Przyczepno\u015b\u0107 na \u015bniegu :<\/b> Tak<\/li>\n<li style=\"margin: 5px 0; padding: 2px 0; clear: both; display: list-item; float: none; position: static;\"><b>QR kod :<\/b> https:\/\/eprel.ec.europa.eu\/qr\/659176<\/li>\n<li style=\"margin: 5px 0; padding: 2px 0; clear: both; display: list-item; float: none; position: static;\"><b>Rant opony :<\/b> FR<\/li>\n<li style=\"margin: 5px 0; padding: 2px 0; clear: both; display: list-item; float: none; position: static;\"><b>Sezon :<\/b> zimowa<\/li>\n<li style=\"margin: 5px 0; padding: 2px 0; clear: both; display: list-item; float: none; position: static;\"><b>\u015arednica :<\/b> 19&#8243;<\/li>\n<li style=\"margin: 5px 0; padding: 2px 0; clear: both; display: list-item; float: none; position: static;\"><b>Szeroko\u015b\u0107 :<\/b> 265<\/li>\n<li style=\"margin: 5px 0; padding: 2px 0; clear: both; display: list-item; float: none; position: static;\"><b>Wart. pom. i kl. zew. ha\u0142asu tocz. [dB] :<\/b> 71<\/li>\n<\/ul>\n<\/div>\n<\/div>\n<\/div>\n<div style=\"clear: both; display: block; margin: 10px 0;\">\n<div style=\"clear: both; display: block; margin: 10px 0;\">\n<div style=\"clear: both; display: block; margin: 10px 0;\">\n<p style=\"margin: 15px 0; line-height: 1.8; clear: both; display: block; width: 100%; float: none; position: static;\">CONTINENTAL WinterContact TS 870 P &#8211; gdy zima daje Ci \u015bnieg i l\u00f3d &#8211; Continental daje Ci kontrol\u0119. CONTINENTAL WinterContact TS 870 P to zimowa opona najwy\u017cszej jako\u015bci, kt\u00f3ra \u0142\u0105czy w sobie rozwi\u0105zania odpowiednie na specyfik\u0119 ka\u017cdych warunk\u00f3w pogodowych od za\u015bnie\u017conych nawierzchni przez nadmiar wody, po zmarzni\u0119ty asfalt. Jest to model opracowany z my\u015bl\u0119 o pojazdach typu SUV ale te\u017c klasycznych autach osobowych o wi\u0119kszej mocy. <\/p>\n<p style=\"margin: 15px 0; line-height: 1.8; clear: both; display: block; width: 100%; float: none; position: static;\"> Ulepszona konfiguracja stromych lameli, u\u0142o\u017conych r\u00f3wnolegle, wp\u0142ywa na lepsze zbieranie pokrywy \u015bnie\u017cnej z pod\u0142o\u017ca, dzi\u0119ki czemu zyskuje si\u0119 wi\u0119ksz\u0105 kontrol\u0119 nad pojazdem i stabilny tor jazdy po o\u015bnie\u017conych nawierzchniach. (\u015anieg lepiej wsp\u00f3\u0142pracuje ze \u015bniegiem ni\u017c z materia\u0142em gumowym, dlatego d\u0105\u017cy si\u0119 do przywierania \u015bniegu do opon, kt\u00f3ry tymczasowo stanowi warstw\u0119 interakcyjn\u0105). <\/p>\n<p style=\"margin: 15px 0; line-height: 1.8; clear: both; display: block; width: 100%; float: none; position: static;\"> Wykorzystanie &#8222;hydro &#8211; rowk\u00f3w&#8221; oraz centralnych kana\u0142\u00f3w obwodowych w rze\u017abie bie\u017cnika sprzyja szybkiemu i skutecznemu odprowadzaniu wody, aby hamowanie przebiega\u0142o bezpiecznie i w pe\u0142ni przewidywalnie, bez ryzyka wyst\u0119powania hydroplaningu. <\/p>\n<p style=\"margin: 15px 0; line-height: 1.8; clear: both; display: block; width: 100%; float: none; position: static;\"> Nowoczesna mieszanka gumowa &#8222;CoolChili&amp;trade;&#8221; na bazie specjalnie wyselekcjonowanych \u017cywic i zr\u00f3wnowa\u017conych sk\u0142adnik\u00f3w, zapewnia wzorowe zachowania na mokrych nawierzchniach oraz pozwala na popraw\u0119 wska\u017anik\u00f3w ekonomicznych i ekologicznych. Unikalny sk\u0142ad zmniejsza opory toczenia, w efekcie czego zu\u017cycie paliwa przez auto jest ni\u017csze. <\/p>\n<p style=\"margin: 15px 0; line-height: 1.8; clear: both; display: block; width: 100%; float: none; position: static;\"> CONTINENTAL WinterContact TS 870 P to model wyr\u00f3\u017cniaj\u0105cy si\u0119 trwa\u0142o\u015bci\u0105 i wytrzyma\u0142o\u015bci\u0105, przy jednoczesnym dbaniu o bezpiecze\u0144stwo i wydajno\u015b\u0107 jezdn\u0105 w zimowych warunkach, aby ka\u017cda zimowa podr\u00f3\u017c by\u0142a wy\u0142\u0105cznie pozytywn\u0105 przygod\u0105. <\/p>\n<\/div>\n<\/div>\n<div style=\"clear: both; display: block; margin: 10px 0;\">\n<div style=\"clear: both; display: block; margin: 10px 0;\">\n<div  style=\"max-width:886px;max-height:1299px\">\n<div style=\"clear: both; display: block; margin: 10px 0;\">\n<div style=\"clear: both; width: 100%; display: block; margin: 20px 0; padding: 0; float: none; position: static; text-align: center;\"><img decoding=\"async\"  src=\"https:\/\/a.allegroimg.com\/original\/11fb7b\/ae9d970e4e2bb3005f0ac401f84f\/2x-CONTINENTAL-265-50R19-110V-WinterContact-TS-870-P-XL-FR-zimowe-2024-r-Srednica-19\" srcset=\"https:\/\/a.allegroimg.com\/original\/11fb7b\/ae9d970e4e2bb3005f0ac401f84f\/2x-CONTINENTAL-265-50R19-110V-WinterContact-TS-870-P-XL-FR-zimowe-2024-r-Srednica-19 245w,https:\/\/a.allegroimg.com\/original\/11fb7b\/ae9d970e4e2bb3005f0ac401f84f\/2x-CONTINENTAL-265-50R19-110V-WinterContact-TS-870-P-XL-FR-zimowe-2024-r-Srednica-19 491w,https:\/\/a.allegroimg.com\/original\/11fb7b\/ae9d970e4e2bb3005f0ac401f84f\/2x-CONTINENTAL-265-50R19-110V-WinterContact-TS-870-P-XL-FR-zimowe-2024-r-Srednica-19 698w,https:\/\/a.allegroimg.com\/original\/11fb7b\/ae9d970e4e2bb3005f0ac401f84f\/2x-CONTINENTAL-265-50R19-110V-WinterContact-TS-870-P-XL-FR-zimowe-2024-r-Srednica-19 886w,https:\/\/a.allegroimg.com\/original\/11fb7b\/ae9d970e4e2bb3005f0ac401f84f\/2x-CONTINENTAL-265-50R19-110V-WinterContact-TS-870-P-XL-FR-zimowe-2024-r-Srednica-19 886w\" sizes=\"(min-width: 1200px) 560px, (min-width: 992px) 50vw, 100vw\" width=\"886px\" alt=\"2x CONTINENTAL 265\/50R19 110V WinterContact TS 870 P XL FR zimowe 2024 r \u015arednica 19&quot;\" style=\"max-width: 100%; height: auto; display: block; margin: 0 auto;\"><\/div>\n<\/div>\n<\/div>\n<\/div>\n<\/div>\n<\/div>\n<div style=\"clear: both; display: block; margin: 10px 0;\">\n<div style=\"clear: both; display: block; margin: 10px 0;\">\n<div style=\"clear: both; display: block; margin: 10px 0;\">\n<p style=\"margin: 15px 0; line-height: 1.8; clear: both; display: block; width: 100%; float: none; position: static;\">Wychodz\u0105c naprzeciw oczekiwaniom Klient\u00f3w i chc\u0105c spe\u0142nia\u0107 jak najwy\u017csze standardy obs\u0142ugi dok\u0142adamy wszelkich stara\u0144, aby podawa\u0107 precyzyjn\u0105 dat\u0119 produkcji opony (DOT). Niestety, w wyj\u0105tkowych przypadkach, mo\u017ce zdarzy\u0107 si\u0119, \u017ce opony, kt\u00f3re wy\u015blemy b\u0119d\u0105 mia\u0142y inn\u0105 dat\u0119 produkcji ni\u017c podana. Sytuacja mo\u017ce dotyczy\u0107 zar\u00f3wno opon z DOT-em wcze\u015bniejszym jak i p\u00f3\u017aniejszym. Chcieliby\u015bmy podkre\u015bli\u0107, \u017ce warunki przechowywania opon w naszych magazynach spe\u0142niaj\u0105 Polsk\u0105 Norm\u0119 PN-C-94300-7 dzi\u0119ki czemu nawet opona przechowywana 24 miesi\u0105ce ma parametry takie same jak opona z bie\u017c\u0105cego roku. Warto pami\u0119ta\u0107 tak\u017ce o fakcie, \u017ce w przypadku wielu rozmiar\u00f3w i producent\u00f3w plany produkcyjne fabryk uniemo\u017cliwiaj\u0105 zakup opony z bie\u017c\u0105cego roku.<\/p>\n<p style=\"margin: 15px 0; line-height: 1.8; clear: both; display: block; width: 100%; float: none; position: static;\">Przy zakupie opon pami\u0119taj o sprawdzeniu w instrukcji samochodu lub na w\u0142a\u015bciwej stronie internetowej, jakie ogumienie zaleca producent Twojego auta. \u0179le dobrane opony mog\u0105 negatywnie wp\u0142yn\u0105\u0107 na poziom Twojego bezpiecze\u0144stwa. Kupuj\u0105c opony zwr\u00f3\u0107 uwag\u0119 na rozmiar oraz indeksy no\u015bno\u015bci i pr\u0119dko\u015bci jakie homologowane s\u0105 do Twojego pojazdu.<\/p>\n<p style=\"margin: 15px 0; line-height: 1.8; clear: both; display: block; width: 100%; float: none; position: static;\">Zamieszczone zdj\u0119cia pe\u0142ni\u0105 funkcj\u0119 pogl\u0105dow\u0105. W zale\u017cno\u015bci od szeroko\u015bci opon, mog\u0105 wyst\u0119powa\u0107 niewielkie r\u00f3\u017cnice w wygl\u0105dzie bie\u017cnika (w obr\u0119bie jednego modelu) na przyk\u0142ad w ilo\u015bci rowk\u00f3w obwodowych lub rozmieszczeniu blok\u00f3w bie\u017cnika, co nie stanowi wady produktu.<\/p>\n<p style=\"margin: 15px 0; line-height: 1.8; clear: both; display: block; width: 100%; float: none; position: static;\">Je\u017celi otrzymane przez Ciebie opony nie spe\u0142niaj\u0105 Twoich oczekiwa\u0144 masz mo\u017cliwo\u015b\u0107 zwrotu lub wymiany nieu\u017cywanego (niemontowanego) ogumienia.<\/p>\n<\/div>\n<\/div>\n<\/div>\n<div style=\"clear: both; display: block; margin: 10px 0;\">\n<div style=\"clear: both; display: block; margin: 10px 0;\">\n<div style=\"clear: both; display: block; margin: 10px 0;\">\n<div  style=\"max-width:2000px;max-height:614px\">\n<div style=\"clear: both; display: block; margin: 10px 0;\">\n<div style=\"clear: both; width: 100%; display: block; margin: 20px 0; padding: 0; float: none; position: static; text-align: center;\"><img decoding=\"async\"  src=\"https:\/\/a.allegroimg.com\/original\/114dc4\/e4079fdc403eb23652e399715e7b\/2x-CONTINENTAL-265-50R19-110V-WinterContact-TS-870-P-XL-FR-zimowe-2024-r-Halas-zewnetrzny-71-dB\" srcset=\"https:\/\/a.allegroimg.com\/original\/114dc4\/e4079fdc403eb23652e399715e7b\/2x-CONTINENTAL-265-50R19-110V-WinterContact-TS-870-P-XL-FR-zimowe-2024-r-Halas-zewnetrzny-71-dB 360w,https:\/\/a.allegroimg.com\/original\/114dc4\/e4079fdc403eb23652e399715e7b\/2x-CONTINENTAL-265-50R19-110V-WinterContact-TS-870-P-XL-FR-zimowe-2024-r-Halas-zewnetrzny-71-dB 720w,https:\/\/a.allegroimg.com\/original\/114dc4\/e4079fdc403eb23652e399715e7b\/2x-CONTINENTAL-265-50R19-110V-WinterContact-TS-870-P-XL-FR-zimowe-2024-r-Halas-zewnetrzny-71-dB 1024w,https:\/\/a.allegroimg.com\/original\/114dc4\/e4079fdc403eb23652e399715e7b\/2x-CONTINENTAL-265-50R19-110V-WinterContact-TS-870-P-XL-FR-zimowe-2024-r-Halas-zewnetrzny-71-dB 1440w,https:\/\/a.allegroimg.com\/original\/114dc4\/e4079fdc403eb23652e399715e7b\/2x-CONTINENTAL-265-50R19-110V-WinterContact-TS-870-P-XL-FR-zimowe-2024-r-Halas-zewnetrzny-71-dB 2000w\" sizes=\"(min-width: 1200px) 560px, (min-width: 992px) 50vw, 100vw\" width=\"2000px\" alt=\"2x CONTINENTAL 265\/50R19 110V WinterContact TS 870 P XL FR zimowe 2024 r Ha\u0142as zewn\u0119trzny 71 dB\" style=\"max-width: 100%; height: auto; display: block; margin: 0 auto;\"><\/div>\n<\/div>\n<\/div>\n<\/div>\n<\/div>\n<div style=\"clear: both; display: block; margin: 10px 0;\">\n<div style=\"clear: both; display: block; margin: 10px 0;\">\n<h1>Continental<\/h1>\n<p style=\"margin: 15px 0; line-height: 1.8; clear: both; display: block; width: 100%; float: none; position: static;\">Continental AG to globalny dostawca opon, inteligentnych element\u00f3w zawieszenia i system\u00f3w bezpiecze\u0144stwa. Bior\u0105c pod uwag\u0119 produkcj\u0119 opon, koncern zajmuje pierwsz\u0105 pozycje w Niemczech, drug\u0105 w Europie i czwart\u0105 na \u015bwiecie<\/p>\n<\/div>\n<\/div>\n<\/div>\n<\/div>\n<\/div>\n<\/div>\n<div style=\"clear: both; display: block; margin: 10px 0;\">\n","protected":false},"excerpt":{"rendered":"<p>Rok produkcji: 2024<\/p>\n<p>CONTINENTAL WinterContact TS 870 P 265\/50R19 110V XL FR<\/p>\n<p>G0Y4JH<\/p>\n<p>Data produkcji : 2024<\/p>\n<p>Hamowanie na mokrej nawierzchni : B<\/p>\n<p>Indeks : 265\/50R19 ZOCO 110V 870P<\/p>\n<p>Indeks no\u015bno\u015bci : 110<\/p>\n<p>Indeks pr\u0119dko\u015bci : V &#8211; 240 km\/h<\/p>\n","protected":false},"featured_media":13415,"template":"","meta":{"_uag_custom_page_level_css":""},"product_brand":[396],"product_cat":[414,413,412,415],"product_tag":[],"class_list":{"0":"post-13414","1":"product","2":"type-product","3":"status-publish","4":"has-post-thumbnail","6":"product_brand-continental","7":"product_cat-do-samochodow-osobowych-i-suv","8":"product_cat-opony","9":"product_cat-opony-i-felgi","10":"product_cat-zimowe","12":"first","13":"instock","14":"shipping-taxable","15":"purchasable","16":"product-type-simple"},"uagb_featured_image_src":{"full":["https:\/\/oponixo.shop\/tire\/wp-content\/uploads\/2026\/01\/allegro-image-13414.jpg",1200,1126,false],"thumbnail":["https:\/\/oponixo.shop\/tire\/wp-content\/uploads\/2026\/01\/allegro-image-13414-150x150.jpg",150,150,true],"medium":["https:\/\/oponixo.shop\/tire\/wp-content\/uploads\/2026\/01\/allegro-image-13414-300x282.jpg",300,282,true],"medium_large":["https:\/\/oponixo.shop\/tire\/wp-content\/uploads\/2026\/01\/allegro-image-13414-768x721.jpg",768,721,true],"large":["https:\/\/oponixo.shop\/tire\/wp-content\/uploads\/2026\/01\/allegro-image-13414-1024x961.jpg",1024,961,true],"1536x1536":["https:\/\/oponixo.shop\/tire\/wp-content\/uploads\/2026\/01\/allegro-image-13414.jpg",1200,1126,false],"2048x2048":["https:\/\/oponixo.shop\/tire\/wp-content\/uploads\/2026\/01\/allegro-image-13414.jpg",1200,1126,false],"woocommerce_thumbnail":["https:\/\/oponixo.shop\/tire\/wp-content\/uploads\/2026\/01\/allegro-image-13414-300x300.jpg",300,300,true],"woocommerce_single":["https:\/\/oponixo.shop\/tire\/wp-content\/uploads\/2026\/01\/allegro-image-13414-600x563.jpg",600,563,true],"woocommerce_gallery_thumbnail":["https:\/\/oponixo.shop\/tire\/wp-content\/uploads\/2026\/01\/allegro-image-13414-100x100.jpg",100,100,true]},"uagb_author_info":{"display_name":"admin","author_link":"https:\/\/oponixo.shop\/tire\/author\/"},"uagb_comment_info":0,"uagb_excerpt":"Rok produkcji: 2024 CONTINENTAL WinterContact TS 870 P 265\/50R19 110V XL FR G0Y4JH Data produkcji : 2024 Hamowanie na mokrej nawierzchni : B Indeks : 265\/50R19 ZOCO 110V 870P Indeks no\u015bno\u015bci : 110 Indeks pr\u0119dko\u015bci : V - 240 km\/h","_links":{"self":[{"href":"https:\/\/oponixo.shop\/tire\/wp-json\/wp\/v2\/product\/13414","targetHints":{"allow":["GET"]}}],"collection":[{"href":"https:\/\/oponixo.shop\/tire\/wp-json\/wp\/v2\/product"}],"about":[{"href":"https:\/\/oponixo.shop\/tire\/wp-json\/wp\/v2\/types\/product"}],"wp:featuredmedia":[{"embeddable":true,"href":"https:\/\/oponixo.shop\/tire\/wp-json\/wp\/v2\/media\/13415"}],"wp:attachment":[{"href":"https:\/\/oponixo.shop\/tire\/wp-json\/wp\/v2\/media?parent=13414"}],"wp:term":[{"taxonomy":"product_brand","embeddable":true,"href":"https:\/\/oponixo.shop\/tire\/wp-json\/wp\/v2\/product_brand?post=13414"},{"taxonomy":"product_cat","embeddable":true,"href":"https:\/\/oponixo.shop\/tire\/wp-json\/wp\/v2\/product_cat?post=13414"},{"taxonomy":"product_tag","embeddable":true,"href":"https:\/\/oponixo.shop\/tire\/wp-json\/wp\/v2\/product_tag?post=13414"}],"curies":[{"name":"wp","href":"https:\/\/api.w.org\/{rel}","templated":true}]}}