{"id":13432,"date":"2026-01-07T00:56:43","date_gmt":"2026-01-06T23:56:43","guid":{"rendered":"https:\/\/oponyprofi.shop\/xef5\/produkt\/2x-pirelli-205-65r16-95h-sottozero-3-fr\/"},"modified":"2026-01-07T00:56:44","modified_gmt":"2026-01-06T23:56:44","slug":"2x-pirelli-205-65r16-95h-sottozero-3-fr","status":"publish","type":"product","link":"https:\/\/oponixo.shop\/tire\/produkt\/2x-pirelli-205-65r16-95h-sottozero-3-fr\/","title":{"rendered":"2x Pirelli 205\/65R16 95H SottoZero 3 FR"},"content":{"rendered":"<div style=\"font-family: Arial, sans-serif; line-height: 1.6; color: #333; padding: 20px; clear: both; display: block; width: 100%; float: none; position: static; overflow: hidden;\">\n<div style=\"clear: both; display: block; margin: 10px 0;\">\n<div style=\"clear: both; display: block; margin: 10px 0;\">\n<div style=\"clear: both; display: block; margin: 10px 0;\">\n<div  style=\"max-width:1756px;max-height:1317px\">\n<div style=\"clear: both; display: block; margin: 10px 0;\">\n<div style=\"clear: both; width: 100%; display: block; margin: 20px 0; padding: 0; float: none; position: static; text-align: center;\"><img decoding=\"async\"  src=\"https:\/\/a.allegroimg.com\/original\/115e8c\/1d723f824ee5b46d6ef765426401\/2x-Pirelli-205-65R16-95H-SottoZero-3-FR\" srcset=\"https:\/\/a.allegroimg.com\/original\/115e8c\/1d723f824ee5b46d6ef765426401\/2x-Pirelli-205-65R16-95H-SottoZero-3-FR 360w,https:\/\/a.allegroimg.com\/original\/115e8c\/1d723f824ee5b46d6ef765426401\/2x-Pirelli-205-65R16-95H-SottoZero-3-FR 720w,https:\/\/a.allegroimg.com\/original\/115e8c\/1d723f824ee5b46d6ef765426401\/2x-Pirelli-205-65R16-95H-SottoZero-3-FR 1024w,https:\/\/a.allegroimg.com\/original\/115e8c\/1d723f824ee5b46d6ef765426401\/2x-Pirelli-205-65R16-95H-SottoZero-3-FR 1440w,https:\/\/a.allegroimg.com\/original\/115e8c\/1d723f824ee5b46d6ef765426401\/2x-Pirelli-205-65R16-95H-SottoZero-3-FR 1756w\" sizes=\"(min-width: 1200px) 560px, (min-width: 992px) 50vw, 100vw\" width=\"1756px\" alt=\"2x Pirelli 205\/65R16 95H SottoZero 3 FR\" style=\"max-width: 100%; height: auto; display: block; margin: 0 auto;\"><\/div>\n<\/div>\n<\/div>\n<\/div>\n<\/div>\n<div style=\"clear: both; display: block; margin: 10px 0;\">\n<div style=\"clear: both; display: block; margin: 10px 0;\">\n<h1>Opony Pirelli SottoZero 3<\/h1>\n<h1>205\/65R16 95H<\/h1>\n<ul style=\"margin: 15px 0; padding-left: 20px; clear: both; display: block; width: 100%; float: none; position: static;\">\n<li style=\"margin: 5px 0; padding: 2px 0; clear: both; display: list-item; float: none; position: static;\">Przeznaczenie: <b>Zima<\/b><\/li>\n<li style=\"margin: 5px 0; padding: 2px 0; clear: both; display: list-item; float: none; position: static;\">Typ pojazdu: <b>Osobowy<\/b><\/li>\n<li style=\"margin: 5px 0; padding: 2px 0; clear: both; display: list-item; float: none; position: static;\">Indeks pr\u0119dko\u015bci:<b>H do 210 km\/h<\/b><\/li>\n<li style=\"margin: 5px 0; padding: 2px 0; clear: both; display: list-item; float: none; position: static;\">Indeks no\u015bno\u015bci: <b>95 &#8211; 690 kg<\/b><\/li>\n<li style=\"margin: 5px 0; padding: 2px 0; clear: both; display: list-item; float: none; position: static;\">Rok produkcji: <b>2023<\/b><\/li>\n<\/ul>\n<h3 style=\"color: #2c5aa0; font-size: 18px; margin: 30px 0 15px 0; font-weight: bold; clear: both; display: block; width: 100%; float: none; position: static;\">Oznaczenia dodatkowe:<\/h3>\n<p style=\"margin: 15px 0; line-height: 1.8; clear: both; display: block; width: 100%; float: none; position: static;\">FR &#8211; opona posiada rant chroni\u0105cy felg\u0119 przed zarysowaniami<\/p>\n<p style=\"margin: 15px 0; line-height: 1.8; clear: both; display: block; width: 100%; float: none; position: static;\">Opona homologowana dla aut marki MERCEDES<\/p>\n<p style=\"margin: 15px 0; line-height: 1.8; clear: both; display: block; width: 100%; float: none; position: static;\">3PMSF &#8211; Opony przystosowane do jazdy w warunkach zimowych. W\u0142a\u015bciwo\u015bci potwierdzone testami<\/p>\n<\/div>\n<\/div>\n<\/div>\n<div style=\"clear: both; display: block; margin: 10px 0;\">\n<div style=\"clear: both; display: block; margin: 10px 0;\">\n<div style=\"clear: both; display: block; margin: 10px 0;\">\n<h3 style=\"color: #2c5aa0; font-size: 18px; margin: 30px 0 15px 0; font-weight: bold; clear: both; display: block; width: 100%; float: none; position: static;\">Opis modelu<\/h3>\n<p style=\"margin: 15px 0; line-height: 1.8; clear: both; display: block; width: 100%; float: none; position: static;\">SottoZero 3 to zimowa opona klasy premium idealna do aut segmentu \u015bredniego i wy\u017cszego. Producent wyposa\u017cy\u0142 opon\u0119 w kierunkowy bie\u017cnik, kt\u00f3ry w po\u0142\u0105czeniu z odpowiedni\u0105 mieszank\u0105 oraz g\u0119stymi naci\u0119ciami zapewnia bezpiecze\u0144stwo, oraz sprawne usuwanie wody niezale\u017cnie od warunk\u00f3w na drodze. Nowoczesna mieszanka z dodatkiem krzemionki zachowuje elastyczno\u015b\u0107 przy niskich temperaturach, dzi\u0119ki czemu opona zachowuje stabilno\u015b\u0107 jazdy r\u00f3wnie\u017c w bardzo mro\u017ane dni. Szerokie \u017cebro centralne z blokami w kszta\u0142cie podw\u00f3jnych strza\u0142ek zapewnia trakcj\u0119 na g\u0142\u0119bokim \u015bniegu. W modelu zastosowano technologie tr\u00f3jwymiarowych lameli, kt\u00f3re wspomagaj\u0105 zwrotno\u015b\u0107 auta na suchej nawierzchni oraz zapewniaj\u0105 \u015bwietn\u0105 przyczepno\u015b\u0107 na \u015bniegu. Zaokr\u0105glone barki opony odpowiadaj\u0105 za dynamik\u0119 i precyzj\u0119 prowadzenia na zakr\u0119tach. Wzd\u0142u\u017cne, szerokie rowki szybko i bezproblemowo odprowadzaj\u0105 du\u017ce ilo\u015bci wody, skutecznie minimalizuj\u0105c ryzyko pojawienia si\u0119 zjawiska aquaplaningu. Nowoczesna, wytrzyma\u0142a mieszanka sprawia, \u017ce opona jest trwa\u0142a i odporna na uszkodzenia mechaniczne. Konstrukcja modelu SottoZero 3 zosta\u0142a zaprojektowana tak, by optymalnie roz\u0142o\u017cy\u0107 nacisk dzia\u0142aj\u0105cy na opon\u0119 podczas eksploatacji. W rezultacie bie\u017cnik zu\u017cywa si\u0119 r\u00f3wnomiernie i powoli, co znacznie wyd\u0142u\u017ca okres bezpiecznej eksploatacji. Model jest idealny dla kierowc\u00f3w ceni\u0105cych sobie parametry u\u017cytkowe z najwy\u017cszej p\u00f3\u0142ki, po\u0142\u0105czone z bezpiecze\u0144stwem i komfortem eksploatacji niezale\u017cnie od panuj\u0105cych zimowych warunk\u00f3w pogodowych.<\/p>\n<p style=\"margin: 15px 0; line-height: 1.8; clear: both; display: block; width: 100%; float: none; position: static;\">Pirelli to jeden z najlepszych producent\u00f3w opon na \u015bwiecie, kt\u00f3ry szczyci si\u0119 ponad 100-letnim do\u015bwiadczeniem w produkcji ogumienia najwy\u017cszej klasy. Marka dostarcza opony do bolid\u00f3w F1 oraz s\u0142ynie z produkcji \u015bwietnych opon cywilnych o sportowym charakterze.<\/p>\n<\/div>\n<\/div>\n<div style=\"clear: both; display: block; margin: 10px 0;\">\n<div style=\"clear: both; display: block; margin: 10px 0;\">\n<div  style=\"max-width:2238px;max-height:2239px\">\n<div style=\"clear: both; display: block; margin: 10px 0;\">\n<div style=\"clear: both; width: 100%; display: block; margin: 20px 0; padding: 0; float: none; position: static; text-align: center;\"><img decoding=\"async\"  src=\"https:\/\/a.allegroimg.com\/original\/117627\/fed3266d44c598192bf764178ecc\/2x-Pirelli-205-65R16-95H-SottoZero-3-FR-Marka-Pirelli\" srcset=\"https:\/\/a.allegroimg.com\/original\/117627\/fed3266d44c598192bf764178ecc\/2x-Pirelli-205-65R16-95H-SottoZero-3-FR-Marka-Pirelli 359w,https:\/\/a.allegroimg.com\/original\/117627\/fed3266d44c598192bf764178ecc\/2x-Pirelli-205-65R16-95H-SottoZero-3-FR-Marka-Pirelli 719w,https:\/\/a.allegroimg.com\/original\/117627\/fed3266d44c598192bf764178ecc\/2x-Pirelli-205-65R16-95H-SottoZero-3-FR-Marka-Pirelli 1023w,https:\/\/a.allegroimg.com\/original\/117627\/fed3266d44c598192bf764178ecc\/2x-Pirelli-205-65R16-95H-SottoZero-3-FR-Marka-Pirelli 1439w,https:\/\/a.allegroimg.com\/original\/117627\/fed3266d44c598192bf764178ecc\/2x-Pirelli-205-65R16-95H-SottoZero-3-FR-Marka-Pirelli 2238w\" sizes=\"(min-width: 1200px) 560px, (min-width: 992px) 50vw, 100vw\" width=\"2238px\" alt=\"2x Pirelli 205\/65R16 95H SottoZero 3 FR Marka Pirelli\" style=\"max-width: 100%; height: auto; display: block; margin: 0 auto;\"><\/div>\n<\/div>\n<\/div>\n<\/div>\n<\/div>\n<\/div>\n<div style=\"clear: both; display: block; margin: 10px 0;\">\n<div style=\"clear: both; display: block; margin: 10px 0;\">\n<div style=\"clear: both; display: block; margin: 10px 0;\">\n<div  style=\"max-width:300px;max-height:440px\">\n<div style=\"clear: both; display: block; margin: 10px 0;\">\n<div style=\"clear: both; width: 100%; display: block; margin: 20px 0; padding: 0; float: none; position: static; text-align: center;\"><img decoding=\"async\"  src=\"https:\/\/a.allegroimg.com\/original\/11421b\/830e9ab84e43a032d765e7988fa5\/2x-Pirelli-205-65R16-95H-SottoZero-3-FR-Liczba-opon-w-ofercie-2-szt\" srcset=\"https:\/\/a.allegroimg.com\/original\/11421b\/830e9ab84e43a032d765e7988fa5\/2x-Pirelli-205-65R16-95H-SottoZero-3-FR-Liczba-opon-w-ofercie-2-szt 245w,https:\/\/a.allegroimg.com\/original\/11421b\/830e9ab84e43a032d765e7988fa5\/2x-Pirelli-205-65R16-95H-SottoZero-3-FR-Liczba-opon-w-ofercie-2-szt 300w,https:\/\/a.allegroimg.com\/original\/11421b\/830e9ab84e43a032d765e7988fa5\/2x-Pirelli-205-65R16-95H-SottoZero-3-FR-Liczba-opon-w-ofercie-2-szt 300w\" sizes=\"(min-width: 1200px) 560px, (min-width: 992px) 50vw, 100vw\" width=\"300px\" alt=\"2x Pirelli 205\/65R16 95H SottoZero 3 FR Liczba opon w ofercie 2 szt.\" style=\"max-width: 100%; height: auto; display: block; margin: 0 auto;\"><\/div>\n<\/div>\n<\/div>\n<\/div>\n<\/div>\n<div style=\"clear: both; display: block; margin: 10px 0;\">\n<div style=\"clear: both; display: block; margin: 10px 0;\">\n<h3 style=\"color: #2c5aa0; font-size: 18px; margin: 30px 0 15px 0; font-weight: bold; clear: both; display: block; width: 100%; float: none; position: static;\">Efektywno\u015b\u0107 energetyczna \/ op\u00f3r toczenia<\/h3>\n<p style=\"margin: 15px 0; line-height: 1.8; clear: both; display: block; width: 100%; float: none; position: static;\">Op\u00f3r toczenia mo\u017cna nazwa\u0107 strat\u0105 energii, kt\u00f3ra powstaje, kiedy opona odkszta\u0142ca si\u0119 podczas jazdy na skutek kontaktu z pod\u0142o\u017cem. Ni\u017cszy op\u00f3r toczenia oznacza, \u017ce potrzeba mniej paliwa by utrzyma\u0107 samoch\u00f3d w ruchu.<\/p>\n<h3 style=\"color: #2c5aa0; font-size: 18px; margin: 30px 0 15px 0; font-weight: bold; clear: both; display: block; width: 100%; float: none; position: static;\">Przyczepno\u015b\u0107 na mokrej nawierzchni<\/h3>\n<p style=\"margin: 15px 0; line-height: 1.8; clear: both; display: block; width: 100%; float: none; position: static;\">Hamowanie na mokrej nawierzchni mierzy si\u0119 w metrach od momentu rozpocz\u0119cia hamowania do pe\u0142nego zatrzymania auta. Jest kluczowe dla bezpiecze\u0144stwa jazdy. Ocena A oznacza najkr\u00f3tsz\u0105 drog\u0119 hamowania, ocena G &#8211; najd\u0142u\u017csz\u0105.<\/p>\n<h3 style=\"color: #2c5aa0; font-size: 18px; margin: 30px 0 15px 0; font-weight: bold; clear: both; display: block; width: 100%; float: none; position: static;\">Zewn\u0119trzny ha\u0142as generowany przez opon\u0119<\/h3>\n<p style=\"margin: 15px 0; line-height: 1.8; clear: both; display: block; width: 100%; float: none; position: static;\">Ha\u0142as, kt\u00f3ry wytwarzaj\u0105 opony w trakcie jazdy mierzony jest w decybelach. Cicho\u015b\u0107 opony znacznie wp\u0142ywa na ochron\u0119 \u015brodowiska oraz komfort podr\u00f3\u017cowania. Ha\u0142as mierzony jest przy pr\u0119dko\u015bci 80km\/h.<\/p>\n<\/div>\n<\/div>\n<\/div>\n<\/div>\n<\/div>\n<\/div>\n<div style=\"clear: both; display: block; margin: 10px 0;\">\n","protected":false},"excerpt":{"rendered":"<p>Opony Pirelli SottoZero 3<\/p>\n<p>205\/65R16 95H<\/p>\n<p>Przeznaczenie: Zima<\/p>\n<p>Typ pojazdu: Osobowy<\/p>\n<p>Indeks pr\u0119dko\u015bci:H do 210 km\/h<\/p>\n<p>Indeks no\u015bno\u015bci: 95 &#8211; 690 kg<\/p>\n<p>Rok produkcji: 2023<\/p>\n<p>Oznaczenia dodatkowe:<\/p>\n","protected":false},"featured_media":13433,"template":"","meta":{"_uag_custom_page_level_css":""},"product_brand":[433],"product_cat":[414,413,412,415],"product_tag":[],"class_list":{"0":"post-13432","1":"product","2":"type-product","3":"status-publish","4":"has-post-thumbnail","6":"product_brand-pirelli","7":"product_cat-do-samochodow-osobowych-i-suv","8":"product_cat-opony","9":"product_cat-opony-i-felgi","10":"product_cat-zimowe","12":"first","13":"instock","14":"shipping-taxable","15":"purchasable","16":"product-type-simple"},"uagb_featured_image_src":{"full":["https:\/\/oponixo.shop\/tire\/wp-content\/uploads\/2026\/01\/allegro-image-13432.jpg",1756,1317,false],"thumbnail":["https:\/\/oponixo.shop\/tire\/wp-content\/uploads\/2026\/01\/allegro-image-13432-150x150.jpg",150,150,true],"medium":["https:\/\/oponixo.shop\/tire\/wp-content\/uploads\/2026\/01\/allegro-image-13432-300x225.jpg",300,225,true],"medium_large":["https:\/\/oponixo.shop\/tire\/wp-content\/uploads\/2026\/01\/allegro-image-13432-768x576.jpg",768,576,true],"large":["https:\/\/oponixo.shop\/tire\/wp-content\/uploads\/2026\/01\/allegro-image-13432-1024x768.jpg",1024,768,true],"1536x1536":["https:\/\/oponixo.shop\/tire\/wp-content\/uploads\/2026\/01\/allegro-image-13432-1536x1152.jpg",1536,1152,true],"2048x2048":["https:\/\/oponixo.shop\/tire\/wp-content\/uploads\/2026\/01\/allegro-image-13432.jpg",1756,1317,false],"woocommerce_thumbnail":["https:\/\/oponixo.shop\/tire\/wp-content\/uploads\/2026\/01\/allegro-image-13432-300x300.jpg",300,300,true],"woocommerce_single":["https:\/\/oponixo.shop\/tire\/wp-content\/uploads\/2026\/01\/allegro-image-13432-600x450.jpg",600,450,true],"woocommerce_gallery_thumbnail":["https:\/\/oponixo.shop\/tire\/wp-content\/uploads\/2026\/01\/allegro-image-13432-100x100.jpg",100,100,true]},"uagb_author_info":{"display_name":"admin","author_link":"https:\/\/oponixo.shop\/tire\/author\/"},"uagb_comment_info":0,"uagb_excerpt":"Opony Pirelli SottoZero 3 205\/65R16 95H Przeznaczenie: Zima Typ pojazdu: Osobowy Indeks pr\u0119dko\u015bci:H do 210 km\/h Indeks no\u015bno\u015bci: 95 - 690 kg Rok produkcji: 2023 Oznaczenia dodatkowe:","_links":{"self":[{"href":"https:\/\/oponixo.shop\/tire\/wp-json\/wp\/v2\/product\/13432","targetHints":{"allow":["GET"]}}],"collection":[{"href":"https:\/\/oponixo.shop\/tire\/wp-json\/wp\/v2\/product"}],"about":[{"href":"https:\/\/oponixo.shop\/tire\/wp-json\/wp\/v2\/types\/product"}],"wp:featuredmedia":[{"embeddable":true,"href":"https:\/\/oponixo.shop\/tire\/wp-json\/wp\/v2\/media\/13433"}],"wp:attachment":[{"href":"https:\/\/oponixo.shop\/tire\/wp-json\/wp\/v2\/media?parent=13432"}],"wp:term":[{"taxonomy":"product_brand","embeddable":true,"href":"https:\/\/oponixo.shop\/tire\/wp-json\/wp\/v2\/product_brand?post=13432"},{"taxonomy":"product_cat","embeddable":true,"href":"https:\/\/oponixo.shop\/tire\/wp-json\/wp\/v2\/product_cat?post=13432"},{"taxonomy":"product_tag","embeddable":true,"href":"https:\/\/oponixo.shop\/tire\/wp-json\/wp\/v2\/product_tag?post=13432"}],"curies":[{"name":"wp","href":"https:\/\/api.w.org\/{rel}","templated":true}]}}