{"id":13456,"date":"2026-01-07T00:56:50","date_gmt":"2026-01-06T23:56:50","guid":{"rendered":"https:\/\/oponyprofi.shop\/xef5\/produkt\/2x-opony-zimowe-235-45-r21-pirelli-scorpion-winter-2-xl-fr-sealinside-elt-1\/"},"modified":"2026-01-07T00:56:50","modified_gmt":"2026-01-06T23:56:50","slug":"2x-opony-zimowe-235-45-r21-pirelli-scorpion-winter-2-xl-fr-sealinside-elt-1","status":"publish","type":"product","link":"https:\/\/oponixo.shop\/tire\/produkt\/2x-opony-zimowe-235-45-r21-pirelli-scorpion-winter-2-xl-fr-sealinside-elt-1\/","title":{"rendered":"2x Opony zimowe 235 45 R21 Pirelli Scorpion winter 2 xl fr sealinside elt 1"},"content":{"rendered":"<div style=\"font-family: Arial, sans-serif; line-height: 1.6; color: #333; padding: 20px; clear: both; display: block; width: 100%; float: none; position: static; overflow: hidden;\">\n<div style=\"clear: both; display: block; margin: 10px 0;\">\n<div style=\"clear: both; display: block; margin: 10px 0;\">\n<div style=\"clear: both; display: block; margin: 10px 0;\">\n<p style=\"margin: 15px 0; line-height: 1.8; clear: both; display: block; width: 100%; float: none; position: static;\">Opona zimowa Pirelli Scorpion Winter 2 235\/45R21 101 V<\/p>\n<p style=\"margin: 15px 0; line-height: 1.8; clear: both; display: block; width: 100%; float: none; position: static;\">Cechy produktu:<\/p>\n<ul style=\"margin: 15px 0; padding-left: 20px; clear: both; display: block; width: 100%; float: none; position: static;\">\n<li style=\"margin: 5px 0; padding: 2px 0; clear: both; display: list-item; float: none; position: static;\">sezon: zimowe<\/li>\n<li style=\"margin: 5px 0; padding: 2px 0; clear: both; display: list-item; float: none; position: static;\">szeroko\u015b\u0107\/profil\/\u015brednica: 235\/45R21<\/li>\n<li style=\"margin: 5px 0; padding: 2px 0; clear: both; display: list-item; float: none; position: static;\">indeks no\u015bno\u015bci: 101 &#8211; 825 kg<\/li>\n<li style=\"margin: 5px 0; padding: 2px 0; clear: both; display: list-item; float: none; position: static;\">indeks pr\u0119dko\u015bci: V do 240 km\/h<\/li>\n<li style=\"margin: 5px 0; padding: 2px 0; clear: both; display: list-item; float: none; position: static;\">wzmocnienie (XL)<\/li>\n<li style=\"margin: 5px 0; padding: 2px 0; clear: both; display: list-item; float: none; position: static;\">rant ochronny<\/li>\n<li style=\"margin: 5px 0; padding: 2px 0; clear: both; display: list-item; float: none; position: static;\">przyczepno\u015b\u0107 na \u015bniegu (3PMSF)<\/li>\n<\/ul>\n<\/div>\n<\/div>\n<div style=\"clear: both; display: block; margin: 10px 0;\">\n<div style=\"clear: both; display: block; margin: 10px 0;\">\n<div  style=\"max-width:992px;max-height:992px\">\n<div style=\"clear: both; display: block; margin: 10px 0;\">\n<div style=\"clear: both; width: 100%; display: block; margin: 20px 0; padding: 0; float: none; position: static; text-align: center;\"><img decoding=\"async\"  src=\"https:\/\/a.allegroimg.com\/original\/29cd84\/e72f4acb4a1eaa7a94022ace7491\/2x-Opony-zimowe-235-45-R21-Pirelli-Scorpion-winter-2-xl-fr-sealinside-elt-1\" srcset=\"https:\/\/a.allegroimg.com\/original\/29cd84\/e72f4acb4a1eaa7a94022ace7491\/2x-Opony-zimowe-235-45-R21-Pirelli-Scorpion-winter-2-xl-fr-sealinside-elt-1 360w,https:\/\/a.allegroimg.com\/original\/29cd84\/e72f4acb4a1eaa7a94022ace7491\/2x-Opony-zimowe-235-45-R21-Pirelli-Scorpion-winter-2-xl-fr-sealinside-elt-1 720w,https:\/\/a.allegroimg.com\/original\/29cd84\/e72f4acb4a1eaa7a94022ace7491\/2x-Opony-zimowe-235-45-R21-Pirelli-Scorpion-winter-2-xl-fr-sealinside-elt-1 992w,https:\/\/a.allegroimg.com\/original\/29cd84\/e72f4acb4a1eaa7a94022ace7491\/2x-Opony-zimowe-235-45-R21-Pirelli-Scorpion-winter-2-xl-fr-sealinside-elt-1 992w\" sizes=\"(min-width: 1200px) 560px, (min-width: 992px) 50vw, 100vw\" width=\"992px\" alt=\"2x Opony zimowe 235 45 R21 Pirelli Scorpion winter 2 xl fr sealinside elt 1\" style=\"max-width: 100%; height: auto; display: block; margin: 0 auto;\"><\/div>\n<\/div>\n<\/div>\n<\/div>\n<\/div>\n<\/div>\n<div style=\"clear: both; display: block; margin: 10px 0;\">\n<div style=\"clear: both; display: block; margin: 10px 0;\">\n<div style=\"clear: both; display: block; margin: 10px 0;\">\n<div  style=\"max-width:992px;max-height:992px\">\n<div style=\"clear: both; display: block; margin: 10px 0;\">\n<div style=\"clear: both; width: 100%; display: block; margin: 20px 0; padding: 0; float: none; position: static; text-align: center;\"><img decoding=\"async\"  src=\"https:\/\/a.allegroimg.com\/original\/29cd84\/e72f4acb4a1eaa7a94022ace7491\/2x-Opony-zimowe-235-45-R21-Pirelli-Scorpion-winter-2-xl-fr-sealinside-elt-1\" srcset=\"https:\/\/a.allegroimg.com\/original\/29cd84\/e72f4acb4a1eaa7a94022ace7491\/2x-Opony-zimowe-235-45-R21-Pirelli-Scorpion-winter-2-xl-fr-sealinside-elt-1 360w,https:\/\/a.allegroimg.com\/original\/29cd84\/e72f4acb4a1eaa7a94022ace7491\/2x-Opony-zimowe-235-45-R21-Pirelli-Scorpion-winter-2-xl-fr-sealinside-elt-1 720w,https:\/\/a.allegroimg.com\/original\/29cd84\/e72f4acb4a1eaa7a94022ace7491\/2x-Opony-zimowe-235-45-R21-Pirelli-Scorpion-winter-2-xl-fr-sealinside-elt-1 992w,https:\/\/a.allegroimg.com\/original\/29cd84\/e72f4acb4a1eaa7a94022ace7491\/2x-Opony-zimowe-235-45-R21-Pirelli-Scorpion-winter-2-xl-fr-sealinside-elt-1 992w\" sizes=\"100vw\" width=\"992px\" alt=\"2x Opony zimowe 235 45 R21 Pirelli Scorpion winter 2 xl fr sealinside elt 1\" style=\"max-width: 100%; height: auto; display: block; margin: 0 auto;\"><\/div>\n<\/div>\n<\/div>\n<\/div>\n<\/div>\n<\/div>\n<\/div>\n<\/div>\n<\/div>\n<div style=\"clear: both; display: block; margin: 10px 0;\">\n","protected":false},"excerpt":{"rendered":"<p>Opona zimowa Pirelli Scorpion Winter 2 235\/45R21 101 V<\/p>\n<p>Cechy produktu:<\/p>\n<p>sezon: zimowe<\/p>\n<p>szeroko\u015b\u0107\/profil\/\u015brednica: 235\/45R21<\/p>\n<p>indeks no\u015bno\u015bci: 101 &#8211; 825 kg<\/p>\n<p>indeks pr\u0119dko\u015bci: V do 240 km\/h<\/p>\n<p>wzmocnienie (XL)<\/p>\n<p>rant ochronny<\/p>\n","protected":false},"featured_media":13457,"template":"","meta":{"_uag_custom_page_level_css":""},"product_brand":[433],"product_cat":[414,413,412,415],"product_tag":[],"class_list":{"0":"post-13456","1":"product","2":"type-product","3":"status-publish","4":"has-post-thumbnail","6":"product_brand-pirelli","7":"product_cat-do-samochodow-osobowych-i-suv","8":"product_cat-opony","9":"product_cat-opony-i-felgi","10":"product_cat-zimowe","12":"first","13":"instock","14":"shipping-taxable","15":"purchasable","16":"product-type-simple"},"uagb_featured_image_src":{"full":["https:\/\/oponixo.shop\/tire\/wp-content\/uploads\/2026\/01\/allegro-image-13456.jpg",992,992,false],"thumbnail":["https:\/\/oponixo.shop\/tire\/wp-content\/uploads\/2026\/01\/allegro-image-13456-150x150.jpg",150,150,true],"medium":["https:\/\/oponixo.shop\/tire\/wp-content\/uploads\/2026\/01\/allegro-image-13456-300x300.jpg",300,300,true],"medium_large":["https:\/\/oponixo.shop\/tire\/wp-content\/uploads\/2026\/01\/allegro-image-13456-768x768.jpg",768,768,true],"large":["https:\/\/oponixo.shop\/tire\/wp-content\/uploads\/2026\/01\/allegro-image-13456.jpg",992,992,false],"1536x1536":["https:\/\/oponixo.shop\/tire\/wp-content\/uploads\/2026\/01\/allegro-image-13456.jpg",992,992,false],"2048x2048":["https:\/\/oponixo.shop\/tire\/wp-content\/uploads\/2026\/01\/allegro-image-13456.jpg",992,992,false],"woocommerce_thumbnail":["https:\/\/oponixo.shop\/tire\/wp-content\/uploads\/2026\/01\/allegro-image-13456-300x300.jpg",300,300,true],"woocommerce_single":["https:\/\/oponixo.shop\/tire\/wp-content\/uploads\/2026\/01\/allegro-image-13456-600x600.jpg",600,600,true],"woocommerce_gallery_thumbnail":["https:\/\/oponixo.shop\/tire\/wp-content\/uploads\/2026\/01\/allegro-image-13456-100x100.jpg",100,100,true]},"uagb_author_info":{"display_name":"admin","author_link":"https:\/\/oponixo.shop\/tire\/author\/"},"uagb_comment_info":0,"uagb_excerpt":"Opona zimowa Pirelli Scorpion Winter 2 235\/45R21 101 V Cechy produktu: sezon: zimowe szeroko\u015b\u0107\/profil\/\u015brednica: 235\/45R21 indeks no\u015bno\u015bci: 101 - 825 kg indeks pr\u0119dko\u015bci: V do 240 km\/h wzmocnienie (XL) rant ochronny","_links":{"self":[{"href":"https:\/\/oponixo.shop\/tire\/wp-json\/wp\/v2\/product\/13456","targetHints":{"allow":["GET"]}}],"collection":[{"href":"https:\/\/oponixo.shop\/tire\/wp-json\/wp\/v2\/product"}],"about":[{"href":"https:\/\/oponixo.shop\/tire\/wp-json\/wp\/v2\/types\/product"}],"wp:featuredmedia":[{"embeddable":true,"href":"https:\/\/oponixo.shop\/tire\/wp-json\/wp\/v2\/media\/13457"}],"wp:attachment":[{"href":"https:\/\/oponixo.shop\/tire\/wp-json\/wp\/v2\/media?parent=13456"}],"wp:term":[{"taxonomy":"product_brand","embeddable":true,"href":"https:\/\/oponixo.shop\/tire\/wp-json\/wp\/v2\/product_brand?post=13456"},{"taxonomy":"product_cat","embeddable":true,"href":"https:\/\/oponixo.shop\/tire\/wp-json\/wp\/v2\/product_cat?post=13456"},{"taxonomy":"product_tag","embeddable":true,"href":"https:\/\/oponixo.shop\/tire\/wp-json\/wp\/v2\/product_tag?post=13456"}],"curies":[{"name":"wp","href":"https:\/\/api.w.org\/{rel}","templated":true}]}}