{"id":13464,"date":"2026-01-07T00:56:52","date_gmt":"2026-01-06T23:56:52","guid":{"rendered":"https:\/\/oponyprofi.shop\/xef5\/produkt\/2x-goodyear-ultragrip-performance-3-275-30r21-98v\/"},"modified":"2026-01-07T00:56:52","modified_gmt":"2026-01-06T23:56:52","slug":"2x-goodyear-ultragrip-performance-3-275-30r21-98v","status":"publish","type":"product","link":"https:\/\/oponixo.shop\/tire\/produkt\/2x-goodyear-ultragrip-performance-3-275-30r21-98v\/","title":{"rendered":"2x Goodyear ULTRAGRIP PERFORMANCE 3 275\/30R21 98V"},"content":{"rendered":"<div style=\"font-family: Arial, sans-serif; line-height: 1.6; color: #333; padding: 20px; clear: both; display: block; width: 100%; float: none; position: static; overflow: hidden;\">\n<div style=\"clear: both; display: block; margin: 10px 0;\">\n<div style=\"clear: both; display: block; margin: 10px 0;\">\n<div style=\"clear: both; display: block; margin: 10px 0;\">\n<h1>2x nowe opony zimowe GOODYEAR ULTRAGRIP PERFORMANCE 3 275\/30R21 98V<\/h1>\n<p style=\"margin: 15px 0; line-height: 1.8; clear: both; display: block; width: 100%; float: none; position: static;\">Cechy produktu<\/p>\n<ul style=\"margin: 15px 0; padding-left: 20px; clear: both; display: block; width: 100%; float: none; position: static;\">\n<li style=\"margin: 5px 0; padding: 2px 0; clear: both; display: list-item; float: none; position: static;\">Marka: Goodyear<\/li>\n<li style=\"margin: 5px 0; padding: 2px 0; clear: both; display: list-item; float: none; position: static;\">Model: ULTRAGRIP PERFORMANCE 3<\/li>\n<li style=\"margin: 5px 0; padding: 2px 0; clear: both; display: list-item; float: none; position: static;\">Szeroko\u015b\u0107\/profil\/\u015brednica: 275\/30R21<\/li>\n<li style=\"margin: 5px 0; padding: 2px 0; clear: both; display: list-item; float: none; position: static;\">Indeks no\u015bno\u015bci: do 98 (750 kg na opon\u0119)<\/li>\n<li style=\"margin: 5px 0; padding: 2px 0; clear: both; display: list-item; float: none; position: static;\">Indeks pr\u0119dko\u015bci: V (do 240 km\/h)<\/li>\n<li style=\"margin: 5px 0; padding: 2px 0; clear: both; display: list-item; float: none; position: static;\">Sezon: zimowe<\/li>\n<li style=\"margin: 5px 0; padding: 2px 0; clear: both; display: list-item; float: none; position: static;\">Typ pojazdu: osobowy<\/li>\n<li style=\"margin: 5px 0; padding: 2px 0; clear: both; display: list-item; float: none; position: static;\">Klasa energetyczna: C<\/li>\n<li style=\"margin: 5px 0; padding: 2px 0; clear: both; display: list-item; float: none; position: static;\">Klasa przyczepno\u015bci: B<\/li>\n<li style=\"margin: 5px 0; padding: 2px 0; clear: both; display: list-item; float: none; position: static;\">Poziom ha\u0142asu: 71<\/li>\n<li style=\"margin: 5px 0; padding: 2px 0; clear: both; display: list-item; float: none; position: static;\">Klasa ha\u0142asu: B<\/li>\n<li style=\"margin: 5px 0; padding: 2px 0; clear: both; display: list-item; float: none; position: static;\">Rok produkcji: 2025<\/li>\n<li style=\"margin: 5px 0; padding: 2px 0; clear: both; display: list-item; float: none; position: static;\">Oznaczenia_dodatkowe: XL<\/li>\n<\/ul>\n<\/div>\n<\/div>\n<div style=\"clear: both; display: block; margin: 10px 0;\">\n<div style=\"clear: both; display: block; margin: 10px 0;\">\n<div  style=\"max-width:580px;max-height:800px\">\n<div style=\"clear: both; display: block; margin: 10px 0;\">\n<div style=\"clear: both; width: 100%; display: block; margin: 20px 0; padding: 0; float: none; position: static; text-align: center;\"><img decoding=\"async\"  src=\"https:\/\/a.allegroimg.com\/original\/11d6e1\/f1ed035d4984a4970dffbba00931\/2x-Goodyear-ULTRAGRIP-PERFORMANCE-3-275-30R21-98V\" srcset=\"https:\/\/a.allegroimg.com\/original\/11d6e1\/f1ed035d4984a4970dffbba00931\/2x-Goodyear-ULTRAGRIP-PERFORMANCE-3-275-30R21-98V 261w,https:\/\/a.allegroimg.com\/original\/11d6e1\/f1ed035d4984a4970dffbba00931\/2x-Goodyear-ULTRAGRIP-PERFORMANCE-3-275-30R21-98V 522w,https:\/\/a.allegroimg.com\/original\/11d6e1\/f1ed035d4984a4970dffbba00931\/2x-Goodyear-ULTRAGRIP-PERFORMANCE-3-275-30R21-98V 580w,https:\/\/a.allegroimg.com\/original\/11d6e1\/f1ed035d4984a4970dffbba00931\/2x-Goodyear-ULTRAGRIP-PERFORMANCE-3-275-30R21-98V 580w\" sizes=\"(min-width: 1200px) 560px, (min-width: 992px) 50vw, 100vw\" width=\"580px\" alt=\"2x Goodyear ULTRAGRIP PERFORMANCE 3 275\/30R21 98V\" style=\"max-width: 100%; height: auto; display: block; margin: 0 auto;\"><\/div>\n<\/div>\n<\/div>\n<\/div>\n<\/div>\n<\/div>\n<div style=\"clear: both; display: block; margin: 10px 0;\">\n<div style=\"clear: both; display: block; margin: 10px 0;\">\n<div style=\"clear: both; display: block; margin: 10px 0;\">\n<div  style=\"max-width:212px;max-height:305px\">\n<div style=\"clear: both; display: block; margin: 10px 0;\">\n<div style=\"clear: both; width: 100%; display: block; margin: 20px 0; padding: 0; float: none; position: static; text-align: center;\"><img decoding=\"async\"  src=\"https:\/\/a.allegroimg.com\/original\/11aa99\/2afd10da45ab9946bba0f007b305\/2x-Goodyear-ULTRAGRIP-PERFORMANCE-3-275-30R21-98V-Liczba-opon-w-ofercie-2-szt\" srcset=\"https:\/\/a.allegroimg.com\/original\/11aa99\/2afd10da45ab9946bba0f007b305\/2x-Goodyear-ULTRAGRIP-PERFORMANCE-3-275-30R21-98V-Liczba-opon-w-ofercie-2-szt 212w,https:\/\/a.allegroimg.com\/original\/11aa99\/2afd10da45ab9946bba0f007b305\/2x-Goodyear-ULTRAGRIP-PERFORMANCE-3-275-30R21-98V-Liczba-opon-w-ofercie-2-szt 212w\" sizes=\"(min-width: 1200px) 560px, (min-width: 992px) 50vw, 100vw\" width=\"212px\" alt=\"2x Goodyear ULTRAGRIP PERFORMANCE 3 275\/30R21 98V Liczba opon w ofercie 2 szt.\" style=\"max-width: 100%; height: auto; display: block; margin: 0 auto;\"><\/div>\n<\/div>\n<\/div>\n<\/div>\n<\/div>\n<div style=\"clear: both; display: block; margin: 10px 0;\">\n<div style=\"clear: both; display: block; margin: 10px 0;\">\n<div  style=\"max-width:1024px;max-height:231px\">\n<div style=\"clear: both; display: block; margin: 10px 0;\">\n<div style=\"clear: both; width: 100%; display: block; margin: 20px 0; padding: 0; float: none; position: static; text-align: center;\"><img decoding=\"async\"  src=\"https:\/\/a.allegroimg.com\/original\/11be3e\/f64588f2461eb178e596f49f63c9\/2x-Goodyear-ULTRAGRIP-PERFORMANCE-3-275-30R21-98V-Rok-produkcji-2025\" srcset=\"https:\/\/a.allegroimg.com\/original\/11be3e\/f64588f2461eb178e596f49f63c9\/2x-Goodyear-ULTRAGRIP-PERFORMANCE-3-275-30R21-98V-Rok-produkcji-2025 360w,https:\/\/a.allegroimg.com\/original\/11be3e\/f64588f2461eb178e596f49f63c9\/2x-Goodyear-ULTRAGRIP-PERFORMANCE-3-275-30R21-98V-Rok-produkcji-2025 720w,https:\/\/a.allegroimg.com\/original\/11be3e\/f64588f2461eb178e596f49f63c9\/2x-Goodyear-ULTRAGRIP-PERFORMANCE-3-275-30R21-98V-Rok-produkcji-2025 1024w,https:\/\/a.allegroimg.com\/original\/11be3e\/f64588f2461eb178e596f49f63c9\/2x-Goodyear-ULTRAGRIP-PERFORMANCE-3-275-30R21-98V-Rok-produkcji-2025 1024w\" sizes=\"(min-width: 1200px) 560px, (min-width: 992px) 50vw, 100vw\" width=\"1024px\" alt=\"2x Goodyear ULTRAGRIP PERFORMANCE 3 275\/30R21 98V Rok produkcji 2025\" style=\"max-width: 100%; height: auto; display: block; margin: 0 auto;\"><\/div>\n<\/div>\n<\/div>\n<\/div>\n<\/div>\n<\/div>\n<div style=\"clear: both; display: block; margin: 10px 0;\">\n<div style=\"clear: both; display: block; margin: 10px 0;\">\n<div style=\"clear: both; display: block; margin: 10px 0;\">\n<p style=\"margin: 15px 0; line-height: 1.8; clear: both; display: block; width: 100%; float: none; position: static;\">Goodyear to marka pochodzenia ameryka\u0144skiego, obecnie jeden z najwi\u0119kszych producent\u00f3w opon na \u015bwiecie. Koncern produkuje opony do samochod\u00f3w, samolot\u00f3w, ci\u0119\u017ckich maszyn przemys\u0142owych. Grupa Goodyear to obecnie nie tylko marka w\u0142asna, ale tak\u017ce Dunlop, Fulda, Sava oraz dobrze wszystkim znana D\u0119bica. Dzi\u0119ki bogatemu portfolio obecnie co pi\u0105ta opona kupowana na \u015bwiecie nosi logo jednej z marek koncernu Goodyear<\/p>\n<p style=\"margin: 15px 0; line-height: 1.8; clear: both; display: block; width: 100%; float: none; position: static;\">Opony marki Goodyear nale\u017c\u0105 do klasy premium &#8211; to produkt najwy\u017cszej klasy jako\u015bciowej, wielokrotnie nagradzany w najbardziej presti\u017cowych europejskich testach opon. \u015awietne rezultaty opon Goodyear zaowocowa\u0142y wsp\u00f3\u0142prac\u0105 z najbardziej presti\u017cowymi producentami aut na \u015bwiecie &#8211; m.in. Audi, BMW, Mercedes<\/p>\n<\/div>\n<\/div>\n<\/div>\n<\/div>\n<\/div>\n<\/div>\n<div style=\"clear: both; display: block; margin: 10px 0;\">\n","protected":false},"excerpt":{"rendered":"<p>2x nowe opony zimowe GOODYEAR ULTRAGRIP PERFORMANCE 3 275\/30R21 98V<\/p>\n<p>Cechy produktu<\/p>\n<p>Marka: Goodyear<\/p>\n<p>Model: ULTRAGRIP PERFORMANCE 3<\/p>\n<p>Szeroko\u015b\u0107\/profil\/\u015brednica: 275\/30R21<\/p>\n<p>Indeks no\u015bno\u015bci: do 98 (750 kg na opon\u0119)<\/p>\n<p>Indeks pr\u0119dko\u015bci: V (do 240 km\/h)<\/p>\n<p>Sezon: zimowe<\/p>\n","protected":false},"featured_media":13465,"template":"","meta":{"_uag_custom_page_level_css":""},"product_brand":[437],"product_cat":[414,413,412,415],"product_tag":[],"class_list":{"0":"post-13464","1":"product","2":"type-product","3":"status-publish","4":"has-post-thumbnail","6":"product_brand-goodyear","7":"product_cat-do-samochodow-osobowych-i-suv","8":"product_cat-opony","9":"product_cat-opony-i-felgi","10":"product_cat-zimowe","12":"first","13":"instock","14":"shipping-taxable","15":"purchasable","16":"product-type-simple"},"uagb_featured_image_src":{"full":["https:\/\/oponixo.shop\/tire\/wp-content\/uploads\/2026\/01\/allegro-image-13464.jpg",580,800,false],"thumbnail":["https:\/\/oponixo.shop\/tire\/wp-content\/uploads\/2026\/01\/allegro-image-13464-150x150.jpg",150,150,true],"medium":["https:\/\/oponixo.shop\/tire\/wp-content\/uploads\/2026\/01\/allegro-image-13464-218x300.jpg",218,300,true],"medium_large":["https:\/\/oponixo.shop\/tire\/wp-content\/uploads\/2026\/01\/allegro-image-13464.jpg",580,800,false],"large":["https:\/\/oponixo.shop\/tire\/wp-content\/uploads\/2026\/01\/allegro-image-13464.jpg",580,800,false],"1536x1536":["https:\/\/oponixo.shop\/tire\/wp-content\/uploads\/2026\/01\/allegro-image-13464.jpg",580,800,false],"2048x2048":["https:\/\/oponixo.shop\/tire\/wp-content\/uploads\/2026\/01\/allegro-image-13464.jpg",580,800,false],"woocommerce_thumbnail":["https:\/\/oponixo.shop\/tire\/wp-content\/uploads\/2026\/01\/allegro-image-13464-300x300.jpg",300,300,true],"woocommerce_single":["https:\/\/oponixo.shop\/tire\/wp-content\/uploads\/2026\/01\/allegro-image-13464.jpg",580,800,false],"woocommerce_gallery_thumbnail":["https:\/\/oponixo.shop\/tire\/wp-content\/uploads\/2026\/01\/allegro-image-13464-100x100.jpg",100,100,true]},"uagb_author_info":{"display_name":"admin","author_link":"https:\/\/oponixo.shop\/tire\/author\/"},"uagb_comment_info":0,"uagb_excerpt":"2x nowe opony zimowe GOODYEAR ULTRAGRIP PERFORMANCE 3 275\/30R21 98V Cechy produktu Marka: Goodyear Model: ULTRAGRIP PERFORMANCE 3 Szeroko\u015b\u0107\/profil\/\u015brednica: 275\/30R21 Indeks no\u015bno\u015bci: do 98 (750 kg na opon\u0119) Indeks pr\u0119dko\u015bci: V (do 240 km\/h) Sezon: zimowe","_links":{"self":[{"href":"https:\/\/oponixo.shop\/tire\/wp-json\/wp\/v2\/product\/13464","targetHints":{"allow":["GET"]}}],"collection":[{"href":"https:\/\/oponixo.shop\/tire\/wp-json\/wp\/v2\/product"}],"about":[{"href":"https:\/\/oponixo.shop\/tire\/wp-json\/wp\/v2\/types\/product"}],"wp:featuredmedia":[{"embeddable":true,"href":"https:\/\/oponixo.shop\/tire\/wp-json\/wp\/v2\/media\/13465"}],"wp:attachment":[{"href":"https:\/\/oponixo.shop\/tire\/wp-json\/wp\/v2\/media?parent=13464"}],"wp:term":[{"taxonomy":"product_brand","embeddable":true,"href":"https:\/\/oponixo.shop\/tire\/wp-json\/wp\/v2\/product_brand?post=13464"},{"taxonomy":"product_cat","embeddable":true,"href":"https:\/\/oponixo.shop\/tire\/wp-json\/wp\/v2\/product_cat?post=13464"},{"taxonomy":"product_tag","embeddable":true,"href":"https:\/\/oponixo.shop\/tire\/wp-json\/wp\/v2\/product_tag?post=13464"}],"curies":[{"name":"wp","href":"https:\/\/api.w.org\/{rel}","templated":true}]}}