{"id":13470,"date":"2026-01-07T00:56:53","date_gmt":"2026-01-06T23:56:53","guid":{"rendered":"https:\/\/oponyprofi.shop\/xef5\/produkt\/4x-bridgestone-blizzak-dm-v2-275-55r19-111t-z145a\/"},"modified":"2026-01-07T00:56:54","modified_gmt":"2026-01-06T23:56:54","slug":"4x-bridgestone-blizzak-dm-v2-275-55r19-111t-z145a","status":"publish","type":"product","link":"https:\/\/oponixo.shop\/tire\/produkt\/4x-bridgestone-blizzak-dm-v2-275-55r19-111t-z145a\/","title":{"rendered":"4x Bridgestone Blizzak DM-V2 275\/55R19 111T Z145A"},"content":{"rendered":"<div style=\"font-family: Arial, sans-serif; line-height: 1.6; color: #333; padding: 20px; clear: both; display: block; width: 100%; float: none; position: static; overflow: hidden;\">\n<div style=\"clear: both; display: block; margin: 10px 0;\">\n<div style=\"clear: both; display: block; margin: 10px 0;\">\n<div style=\"clear: both; display: block; margin: 10px 0;\">\n<h1>ridgestone Blizzak DM-V2<\/h1>\n<p style=\"margin: 15px 0; line-height: 1.8; clear: both; display: block; width: 100%; float: none; position: static;\">SZEROKO\u015a\u0106 OPONY &#8211; 275<\/p>\n<p style=\"margin: 15px 0; line-height: 1.8; clear: both; display: block; width: 100%; float: none; position: static;\">WYSOKO\u015a\u0106 OPONY &#8211; 55<\/p>\n<p style=\"margin: 15px 0; line-height: 1.8; clear: both; display: block; width: 100%; float: none; position: static;\">\u015aREDNICA &#8211; 19<\/p>\n<p style=\"margin: 15px 0; line-height: 1.8; clear: both; display: block; width: 100%; float: none; position: static;\">ROCZNIK &#8211; 2018<\/p>\n<p style=\"margin: 15px 0; line-height: 1.8; clear: both; display: block; width: 100%; float: none; position: static;\">MAGAZYN &#8211; Z145A<\/p>\n<\/div>\n<\/div>\n<div style=\"clear: both; display: block; margin: 10px 0;\">\n<div style=\"clear: both; display: block; margin: 10px 0;\">\n<div  style=\"max-width:476px;max-height:1024px\">\n<div style=\"clear: both; display: block; margin: 10px 0;\">\n<div style=\"clear: both; width: 100%; display: block; margin: 20px 0; padding: 0; float: none; position: static; text-align: center;\"><img decoding=\"async\"  src=\"https:\/\/a.allegroimg.com\/original\/11064a\/5981c78d4d27acb3e2dc9e18dfe7\/4x-Bridgestone-Blizzak-DM-V2-275-55R19-111T-Z145A-EAN-GTIN-3286341206517\" srcset=\"https:\/\/a.allegroimg.com\/original\/11064a\/5981c78d4d27acb3e2dc9e18dfe7\/4x-Bridgestone-Blizzak-DM-V2-275-55R19-111T-Z145A-EAN-GTIN-3286341206517 167w,https:\/\/a.allegroimg.com\/original\/11064a\/5981c78d4d27acb3e2dc9e18dfe7\/4x-Bridgestone-Blizzak-DM-V2-275-55R19-111T-Z145A-EAN-GTIN-3286341206517 334w,https:\/\/a.allegroimg.com\/original\/11064a\/5981c78d4d27acb3e2dc9e18dfe7\/4x-Bridgestone-Blizzak-DM-V2-275-55R19-111T-Z145A-EAN-GTIN-3286341206517 476w,https:\/\/a.allegroimg.com\/original\/11064a\/5981c78d4d27acb3e2dc9e18dfe7\/4x-Bridgestone-Blizzak-DM-V2-275-55R19-111T-Z145A-EAN-GTIN-3286341206517 476w\" sizes=\"(min-width: 1200px) 560px, (min-width: 992px) 50vw, 100vw\" width=\"476px\" alt=\"4x Bridgestone Blizzak DM-V2 275\/55R19 111T Z145A EAN (GTIN) 3286341206517\" style=\"max-width: 100%; height: auto; display: block; margin: 0 auto;\"><\/div>\n<\/div>\n<\/div>\n<\/div>\n<\/div>\n<\/div>\n<div style=\"clear: both; display: block; margin: 10px 0;\">\n<div style=\"clear: both; display: block; margin: 10px 0;\">\n<div style=\"clear: both; display: block; margin: 10px 0;\">\n<div  style=\"max-width:1024px;max-height:126px\">\n<div style=\"clear: both; display: block; margin: 10px 0;\">\n<div style=\"clear: both; width: 100%; display: block; margin: 20px 0; padding: 0; float: none; position: static; text-align: center;\"><img decoding=\"async\"  src=\"https:\/\/a.allegroimg.com\/original\/110ba0\/157691dc4ca5aa10bbe5227f018d\/4x-Bridgestone-Blizzak-DM-V2-275-55R19-111T-Z145A-Indeks-predkosci-T-do-190-km-h\" srcset=\"https:\/\/a.allegroimg.com\/original\/110ba0\/157691dc4ca5aa10bbe5227f018d\/4x-Bridgestone-Blizzak-DM-V2-275-55R19-111T-Z145A-Indeks-predkosci-T-do-190-km-h 360w,https:\/\/a.allegroimg.com\/original\/110ba0\/157691dc4ca5aa10bbe5227f018d\/4x-Bridgestone-Blizzak-DM-V2-275-55R19-111T-Z145A-Indeks-predkosci-T-do-190-km-h 720w,https:\/\/a.allegroimg.com\/original\/110ba0\/157691dc4ca5aa10bbe5227f018d\/4x-Bridgestone-Blizzak-DM-V2-275-55R19-111T-Z145A-Indeks-predkosci-T-do-190-km-h 1024w,https:\/\/a.allegroimg.com\/original\/110ba0\/157691dc4ca5aa10bbe5227f018d\/4x-Bridgestone-Blizzak-DM-V2-275-55R19-111T-Z145A-Indeks-predkosci-T-do-190-km-h 1024w\" sizes=\"100vw\" width=\"1024px\" alt=\"4x Bridgestone Blizzak DM-V2 275\/55R19 111T Z145A Indeks pr\u0119dko\u015bci T do 190 km\/h\" style=\"max-width: 100%; height: auto; display: block; margin: 0 auto;\"><\/div>\n<\/div>\n<\/div>\n<\/div>\n<\/div>\n<\/div>\n<div style=\"clear: both; display: block; margin: 10px 0;\">\n<div style=\"clear: both; display: block; margin: 10px 0;\">\n<div style=\"clear: both; display: block; margin: 10px 0;\">\n<p style=\"margin: 15px 0; line-height: 1.8; clear: both; display: block; width: 100%; float: none; position: static;\">Bridgestone Blizzak DM-V2 to opona zimowa przeznaczona do u\u017cytkowania w samochodach osobowych z nap\u0119dem 4&#215;4. Ogumienie zalicza si\u0119 do segmentu premium. Zastosowano w nim najbardziej zaawansowane technologie, kt\u00f3re przyczyniaj\u0105 si\u0119 do poprawy bezpiecze\u0144stwa i komfortu jazdy.<\/p>\n<p style=\"margin: 15px 0; line-height: 1.8; clear: both; display: block; width: 100%; float: none; position: static;\">Opona zosta\u0142a wyposa\u017cona w bie\u017cnik kierunkowy. To rozwi\u0105zanie zapewnia skuteczne odprowadzanie wody oraz b\u0142ota po\u015bniegowego minimalizuj\u0105c prawdopodobie\u0144stwo wyst\u0105pienia zjawiska aquaplaningu. Unikalna mikroteksturowana struktura bie\u017cnika gwarantuje bardzo dobr\u0105 stabilno\u015b\u0107 i przyczepno\u015b\u0107 niezale\u017cnie od rodzaju i stanu nawierzchni.<\/p>\n<p style=\"margin: 15px 0; line-height: 1.8; clear: both; display: block; width: 100%; float: none; position: static;\">Zastosowana przy produkcji opon mieszanka gumowa Multicell charakteryzuje si\u0119 elastyczno\u015bci\u0105 w szerokim zakresie temperatur. Optymalne roz\u0142o\u017cenie nacisk\u00f3w zapewnia wolne i r\u00f3wnomierne zu\u017cycie bie\u017cnika i d\u0142ug\u0105, bezawaryjn\u0105 eksploatacj\u0119.<\/p>\n<p style=\"margin: 15px 0; line-height: 1.8; clear: both; display: block; width: 100%; float: none; position: static;\">Bridgestone Blizzak DM-V2 to doskona\u0142y wyb\u00f3r dla wymagaj\u0105cych kierowc\u00f3w ceni\u0105cych bezpiecze\u0144stwo oraz optymalne osi\u0105gi i w\u0142a\u015bciwo\u015bci jezdne w ka\u017cdych warunkach pogodowych.<\/p>\n<\/div>\n<\/div>\n<\/div>\n<div style=\"clear: both; display: block; margin: 10px 0;\">\n<div style=\"clear: both; display: block; margin: 10px 0;\">\n<div style=\"clear: both; display: block; margin: 10px 0;\">\n<div  style=\"max-width:1440px;max-height:810px\">\n<div style=\"clear: both; display: block; margin: 10px 0;\">\n<div style=\"clear: both; width: 100%; display: block; margin: 20px 0; padding: 0; float: none; position: static; text-align: center;\"><img decoding=\"async\"  src=\"https:\/\/a.allegroimg.com\/original\/11a73a\/7dd293fe4581be459b96a194b790\/4x-Bridgestone-Blizzak-DM-V2-275-55R19-111T-Z145A-Profil-opony-55\" srcset=\"https:\/\/a.allegroimg.com\/original\/11a73a\/7dd293fe4581be459b96a194b790\/4x-Bridgestone-Blizzak-DM-V2-275-55R19-111T-Z145A-Profil-opony-55 360w,https:\/\/a.allegroimg.com\/original\/11a73a\/7dd293fe4581be459b96a194b790\/4x-Bridgestone-Blizzak-DM-V2-275-55R19-111T-Z145A-Profil-opony-55 720w,https:\/\/a.allegroimg.com\/original\/11a73a\/7dd293fe4581be459b96a194b790\/4x-Bridgestone-Blizzak-DM-V2-275-55R19-111T-Z145A-Profil-opony-55 1024w,https:\/\/a.allegroimg.com\/original\/11a73a\/7dd293fe4581be459b96a194b790\/4x-Bridgestone-Blizzak-DM-V2-275-55R19-111T-Z145A-Profil-opony-55 1440w,https:\/\/a.allegroimg.com\/original\/11a73a\/7dd293fe4581be459b96a194b790\/4x-Bridgestone-Blizzak-DM-V2-275-55R19-111T-Z145A-Profil-opony-55 1440w\" sizes=\"100vw\" width=\"1440px\" alt=\"4x Bridgestone Blizzak DM-V2 275\/55R19 111T Z145A Profil opony 55\" style=\"max-width: 100%; height: auto; display: block; margin: 0 auto;\"><\/div>\n<\/div>\n<\/div>\n<\/div>\n<\/div>\n<\/div>\n<div style=\"clear: both; display: block; margin: 10px 0;\">\n<div style=\"clear: both; display: block; margin: 10px 0;\">\n<div style=\"clear: both; display: block; margin: 10px 0;\">\n<div  style=\"max-width:476px;max-height:1024px\">\n<div style=\"clear: both; display: block; margin: 10px 0;\">\n<div style=\"clear: both; width: 100%; display: block; margin: 20px 0; padding: 0; float: none; position: static; text-align: center;\"><img decoding=\"async\"  src=\"https:\/\/a.allegroimg.com\/original\/11064a\/5981c78d4d27acb3e2dc9e18dfe7\/4x-Bridgestone-Blizzak-DM-V2-275-55R19-111T-Z145A-EAN-GTIN-3286341206517\" srcset=\"https:\/\/a.allegroimg.com\/original\/11064a\/5981c78d4d27acb3e2dc9e18dfe7\/4x-Bridgestone-Blizzak-DM-V2-275-55R19-111T-Z145A-EAN-GTIN-3286341206517 167w,https:\/\/a.allegroimg.com\/original\/11064a\/5981c78d4d27acb3e2dc9e18dfe7\/4x-Bridgestone-Blizzak-DM-V2-275-55R19-111T-Z145A-EAN-GTIN-3286341206517 334w,https:\/\/a.allegroimg.com\/original\/11064a\/5981c78d4d27acb3e2dc9e18dfe7\/4x-Bridgestone-Blizzak-DM-V2-275-55R19-111T-Z145A-EAN-GTIN-3286341206517 476w,https:\/\/a.allegroimg.com\/original\/11064a\/5981c78d4d27acb3e2dc9e18dfe7\/4x-Bridgestone-Blizzak-DM-V2-275-55R19-111T-Z145A-EAN-GTIN-3286341206517 476w\" sizes=\"(min-width: 1200px) 560px, (min-width: 992px) 50vw, 100vw\" width=\"476px\" alt=\"4x Bridgestone Blizzak DM-V2 275\/55R19 111T Z145A EAN (GTIN) 3286341206517\" style=\"max-width: 100%; height: auto; display: block; margin: 0 auto;\"><\/div>\n<\/div>\n<\/div>\n<\/div>\n<\/div>\n<div style=\"clear: both; display: block; margin: 10px 0;\">\n<div style=\"clear: both; display: block; margin: 10px 0;\">\n<div  style=\"max-width:603px;max-height:1024px\">\n<div style=\"clear: both; display: block; margin: 10px 0;\">\n<div style=\"clear: both; width: 100%; display: block; margin: 20px 0; padding: 0; float: none; position: static; text-align: center;\"><img decoding=\"async\"  src=\"https:\/\/a.allegroimg.com\/original\/11c164\/562a9f5e4617a64af6e57be67f08\/4x-Bridgestone-Blizzak-DM-V2-275-55R19-111T-Z145A-Kod-producenta-12065\" srcset=\"https:\/\/a.allegroimg.com\/original\/11c164\/562a9f5e4617a64af6e57be67f08\/4x-Bridgestone-Blizzak-DM-V2-275-55R19-111T-Z145A-Kod-producenta-12065 211w,https:\/\/a.allegroimg.com\/original\/11c164\/562a9f5e4617a64af6e57be67f08\/4x-Bridgestone-Blizzak-DM-V2-275-55R19-111T-Z145A-Kod-producenta-12065 423w,https:\/\/a.allegroimg.com\/original\/11c164\/562a9f5e4617a64af6e57be67f08\/4x-Bridgestone-Blizzak-DM-V2-275-55R19-111T-Z145A-Kod-producenta-12065 603w,https:\/\/a.allegroimg.com\/original\/11c164\/562a9f5e4617a64af6e57be67f08\/4x-Bridgestone-Blizzak-DM-V2-275-55R19-111T-Z145A-Kod-producenta-12065 603w\" sizes=\"(min-width: 1200px) 560px, (min-width: 992px) 50vw, 100vw\" width=\"603px\" alt=\"4x Bridgestone Blizzak DM-V2 275\/55R19 111T Z145A Kod producenta 12065\" style=\"max-width: 100%; height: auto; display: block; margin: 0 auto;\"><\/div>\n<\/div>\n<\/div>\n<\/div>\n<\/div>\n<\/div>\n<div style=\"clear: both; display: block; margin: 10px 0;\">\n<div style=\"clear: both; display: block; margin: 10px 0;\">\n<div style=\"clear: both; display: block; margin: 10px 0;\">\n<div  style=\"max-width:720px;max-height:284px\">\n<div style=\"clear: both; display: block; margin: 10px 0;\">\n<div style=\"clear: both; width: 100%; display: block; margin: 20px 0; padding: 0; float: none; position: static; text-align: center;\"><img decoding=\"async\"  src=\"https:\/\/a.allegroimg.com\/original\/112d90\/de2b4b67469e89eb4fe47dee1e4e\/4x-Bridgestone-Blizzak-DM-V2-275-55R19-111T-Z145A-Model-Blizzak-DM-V2\" srcset=\"https:\/\/a.allegroimg.com\/original\/112d90\/de2b4b67469e89eb4fe47dee1e4e\/4x-Bridgestone-Blizzak-DM-V2-275-55R19-111T-Z145A-Model-Blizzak-DM-V2 360w,https:\/\/a.allegroimg.com\/original\/112d90\/de2b4b67469e89eb4fe47dee1e4e\/4x-Bridgestone-Blizzak-DM-V2-275-55R19-111T-Z145A-Model-Blizzak-DM-V2 720w,https:\/\/a.allegroimg.com\/original\/112d90\/de2b4b67469e89eb4fe47dee1e4e\/4x-Bridgestone-Blizzak-DM-V2-275-55R19-111T-Z145A-Model-Blizzak-DM-V2 720w\" sizes=\"(min-width: 1200px) 560px, (min-width: 992px) 50vw, 100vw\" width=\"720px\" alt=\"4x Bridgestone Blizzak DM-V2 275\/55R19 111T Z145A Model Blizzak DM-V2\" style=\"max-width: 100%; height: auto; display: block; margin: 0 auto;\"><\/div>\n<\/div>\n<\/div>\n<\/div>\n<\/div>\n<div style=\"clear: both; display: block; margin: 10px 0;\">\n<div style=\"clear: both; display: block; margin: 10px 0;\">\n<div  style=\"max-width:720px;max-height:405px\">\n<div style=\"clear: both; display: block; margin: 10px 0;\">\n<div style=\"clear: both; width: 100%; display: block; margin: 20px 0; padding: 0; float: none; position: static; text-align: center;\"><img decoding=\"async\"  src=\"https:\/\/a.allegroimg.com\/original\/11b18a\/700087f049b09fc3366a4801a1c8\/4x-Bridgestone-Blizzak-DM-V2-275-55R19-111T-Z145A-Klasa-premium\" srcset=\"https:\/\/a.allegroimg.com\/original\/11b18a\/700087f049b09fc3366a4801a1c8\/4x-Bridgestone-Blizzak-DM-V2-275-55R19-111T-Z145A-Klasa-premium 360w,https:\/\/a.allegroimg.com\/original\/11b18a\/700087f049b09fc3366a4801a1c8\/4x-Bridgestone-Blizzak-DM-V2-275-55R19-111T-Z145A-Klasa-premium 720w,https:\/\/a.allegroimg.com\/original\/11b18a\/700087f049b09fc3366a4801a1c8\/4x-Bridgestone-Blizzak-DM-V2-275-55R19-111T-Z145A-Klasa-premium 720w\" sizes=\"(min-width: 1200px) 560px, (min-width: 992px) 50vw, 100vw\" width=\"720px\" alt=\"4x Bridgestone Blizzak DM-V2 275\/55R19 111T Z145A Klasa premium\" style=\"max-width: 100%; height: auto; display: block; margin: 0 auto;\"><\/div>\n<\/div>\n<\/div>\n<\/div>\n<\/div>\n<\/div>\n<div style=\"clear: both; display: block; margin: 10px 0;\">\n<div style=\"clear: both; display: block; margin: 10px 0;\">\n<div style=\"clear: both; display: block; margin: 10px 0;\">\n<div  style=\"max-width:720px;max-height:337px\">\n<div style=\"clear: both; display: block; margin: 10px 0;\">\n<div style=\"clear: both; width: 100%; display: block; margin: 20px 0; padding: 0; float: none; position: static; text-align: center;\"><img decoding=\"async\"  src=\"https:\/\/a.allegroimg.com\/original\/11ad6d\/6c5768dc4f958e4fc7ba0e2f28d2\/4x-Bridgestone-Blizzak-DM-V2-275-55R19-111T-Z145A-Szerokosc-opony-275-mm\" srcset=\"https:\/\/a.allegroimg.com\/original\/11ad6d\/6c5768dc4f958e4fc7ba0e2f28d2\/4x-Bridgestone-Blizzak-DM-V2-275-55R19-111T-Z145A-Szerokosc-opony-275-mm 360w,https:\/\/a.allegroimg.com\/original\/11ad6d\/6c5768dc4f958e4fc7ba0e2f28d2\/4x-Bridgestone-Blizzak-DM-V2-275-55R19-111T-Z145A-Szerokosc-opony-275-mm 720w,https:\/\/a.allegroimg.com\/original\/11ad6d\/6c5768dc4f958e4fc7ba0e2f28d2\/4x-Bridgestone-Blizzak-DM-V2-275-55R19-111T-Z145A-Szerokosc-opony-275-mm 720w\" sizes=\"(min-width: 1200px) 560px, (min-width: 992px) 50vw, 100vw\" width=\"720px\" alt=\"4x Bridgestone Blizzak DM-V2 275\/55R19 111T Z145A Szeroko\u015b\u0107 opony 275 mm\" style=\"max-width: 100%; height: auto; display: block; margin: 0 auto;\"><\/div>\n<\/div>\n<\/div>\n<\/div>\n<\/div>\n<div style=\"clear: both; display: block; margin: 10px 0;\">\n<div style=\"clear: both; display: block; margin: 10px 0;\">\n<div  style=\"max-width:720px;max-height:313px\">\n<div style=\"clear: both; display: block; margin: 10px 0;\">\n<div style=\"clear: both; width: 100%; display: block; margin: 20px 0; padding: 0; float: none; position: static; text-align: center;\"><img decoding=\"async\"  src=\"https:\/\/a.allegroimg.com\/original\/1197da\/a4ef702d4dbbbeb7ea8efcd5ed9c\/4x-Bridgestone-Blizzak-DM-V2-275-55R19-111T-Z145A-Srednica-19\" srcset=\"https:\/\/a.allegroimg.com\/original\/1197da\/a4ef702d4dbbbeb7ea8efcd5ed9c\/4x-Bridgestone-Blizzak-DM-V2-275-55R19-111T-Z145A-Srednica-19 360w,https:\/\/a.allegroimg.com\/original\/1197da\/a4ef702d4dbbbeb7ea8efcd5ed9c\/4x-Bridgestone-Blizzak-DM-V2-275-55R19-111T-Z145A-Srednica-19 720w,https:\/\/a.allegroimg.com\/original\/1197da\/a4ef702d4dbbbeb7ea8efcd5ed9c\/4x-Bridgestone-Blizzak-DM-V2-275-55R19-111T-Z145A-Srednica-19 720w\" sizes=\"(min-width: 1200px) 560px, (min-width: 992px) 50vw, 100vw\" width=\"720px\" alt=\"4x Bridgestone Blizzak DM-V2 275\/55R19 111T Z145A \u015arednica 19&quot;\" style=\"max-width: 100%; height: auto; display: block; margin: 0 auto;\"><\/div>\n<\/div>\n<\/div>\n<\/div>\n<\/div>\n<\/div>\n<div style=\"clear: both; display: block; margin: 10px 0;\">\n<div style=\"clear: both; display: block; margin: 10px 0;\">\n<div style=\"clear: both; display: block; margin: 10px 0;\">\n<div  style=\"max-width:500px;max-height:500px\">\n<div style=\"clear: both; display: block; margin: 10px 0;\">\n<div style=\"clear: both; width: 100%; display: block; margin: 20px 0; padding: 0; float: none; position: static; text-align: center;\"><img decoding=\"async\"  src=\"https:\/\/2.allegroimg.com\/original\/009ebb\/f254f2c54ef2beb48a3387cd0622\/4x-Bridgestone-Blizzak-DM-V2-275-55R19-111T-Z145A-Liczba-opon-w-ofercie-Komplet-4-szt\" srcset=\"https:\/\/2.allegroimg.com\/original\/009ebb\/f254f2c54ef2beb48a3387cd0622\/4x-Bridgestone-Blizzak-DM-V2-275-55R19-111T-Z145A-Liczba-opon-w-ofercie-Komplet-4-szt 360w,https:\/\/2.allegroimg.com\/original\/009ebb\/f254f2c54ef2beb48a3387cd0622\/4x-Bridgestone-Blizzak-DM-V2-275-55R19-111T-Z145A-Liczba-opon-w-ofercie-Komplet-4-szt 500w,https:\/\/2.allegroimg.com\/original\/009ebb\/f254f2c54ef2beb48a3387cd0622\/4x-Bridgestone-Blizzak-DM-V2-275-55R19-111T-Z145A-Liczba-opon-w-ofercie-Komplet-4-szt 500w\" sizes=\"100vw\" width=\"500px\" alt=\"4x Bridgestone Blizzak DM-V2 275\/55R19 111T Z145A Liczba opon w ofercie Komplet 4 szt.\" style=\"max-width: 100%; height: auto; display: block; margin: 0 auto;\"><\/div>\n<\/div>\n<\/div>\n<\/div>\n<\/div>\n<\/div>\n<div style=\"clear: both; display: block; margin: 10px 0;\">\n<div style=\"clear: both; display: block; margin: 10px 0;\">\n<div style=\"clear: both; display: block; margin: 10px 0;\">\n<div  style=\"max-width:1024px;max-height:126px\">\n<div style=\"clear: both; display: block; margin: 10px 0;\">\n<div style=\"clear: both; width: 100%; display: block; margin: 20px 0; padding: 0; float: none; position: static; text-align: center;\"><img decoding=\"async\"  src=\"https:\/\/a.allegroimg.com\/original\/110ba0\/157691dc4ca5aa10bbe5227f018d\/4x-Bridgestone-Blizzak-DM-V2-275-55R19-111T-Z145A-Indeks-predkosci-T-do-190-km-h\" srcset=\"https:\/\/a.allegroimg.com\/original\/110ba0\/157691dc4ca5aa10bbe5227f018d\/4x-Bridgestone-Blizzak-DM-V2-275-55R19-111T-Z145A-Indeks-predkosci-T-do-190-km-h 360w,https:\/\/a.allegroimg.com\/original\/110ba0\/157691dc4ca5aa10bbe5227f018d\/4x-Bridgestone-Blizzak-DM-V2-275-55R19-111T-Z145A-Indeks-predkosci-T-do-190-km-h 720w,https:\/\/a.allegroimg.com\/original\/110ba0\/157691dc4ca5aa10bbe5227f018d\/4x-Bridgestone-Blizzak-DM-V2-275-55R19-111T-Z145A-Indeks-predkosci-T-do-190-km-h 1024w,https:\/\/a.allegroimg.com\/original\/110ba0\/157691dc4ca5aa10bbe5227f018d\/4x-Bridgestone-Blizzak-DM-V2-275-55R19-111T-Z145A-Indeks-predkosci-T-do-190-km-h 1024w\" sizes=\"100vw\" width=\"1024px\" alt=\"4x Bridgestone Blizzak DM-V2 275\/55R19 111T Z145A Indeks pr\u0119dko\u015bci T do 190 km\/h\" style=\"max-width: 100%; height: auto; display: block; margin: 0 auto;\"><\/div>\n<\/div>\n<\/div>\n<\/div>\n<\/div>\n<\/div>\n<\/div>\n<\/div>\n<\/div>\n<div style=\"clear: both; display: block; margin: 10px 0;\">\n","protected":false},"excerpt":{"rendered":"<p>ridgestone Blizzak DM-V2<\/p>\n<p>SZEROKO\u015a\u0106 OPONY &#8211; 275<\/p>\n<p>WYSOKO\u015a\u0106 OPONY &#8211; 55<\/p>\n<p>\u015aREDNICA &#8211; 19<\/p>\n<p>ROCZNIK &#8211; 2018<\/p>\n<p>MAGAZYN &#8211; Z145A<\/p>\n<p>Bridgestone Blizzak DM-V2 to opona zimowa przeznaczona do u\u017cytkowania w samochodach osobowych z nap\u0119dem 4&#215;4. Ogumienie zalicza si\u0119 do segmentu premium. Zastosowano w nim najbardziej zaawansowane technologie, kt\u00f3re przyczyniaj\u0105 si\u0119 do poprawy bezpiecze\u0144stwa i komfortu jazdy.<\/p>\n","protected":false},"featured_media":13471,"template":"","meta":{"_uag_custom_page_level_css":""},"product_brand":[397],"product_cat":[414,413,412,415],"product_tag":[],"class_list":{"0":"post-13470","1":"product","2":"type-product","3":"status-publish","4":"has-post-thumbnail","6":"product_brand-bridgestone","7":"product_cat-do-samochodow-osobowych-i-suv","8":"product_cat-opony","9":"product_cat-opony-i-felgi","10":"product_cat-zimowe","12":"first","13":"instock","14":"shipping-taxable","15":"purchasable","16":"product-type-simple"},"uagb_featured_image_src":{"full":["https:\/\/oponixo.shop\/tire\/wp-content\/uploads\/2026\/01\/allegro-image-13470.jpg",352,709,false],"thumbnail":["https:\/\/oponixo.shop\/tire\/wp-content\/uploads\/2026\/01\/allegro-image-13470-150x150.jpg",150,150,true],"medium":["https:\/\/oponixo.shop\/tire\/wp-content\/uploads\/2026\/01\/allegro-image-13470-149x300.jpg",149,300,true],"medium_large":["https:\/\/oponixo.shop\/tire\/wp-content\/uploads\/2026\/01\/allegro-image-13470.jpg",352,709,false],"large":["https:\/\/oponixo.shop\/tire\/wp-content\/uploads\/2026\/01\/allegro-image-13470.jpg",352,709,false],"1536x1536":["https:\/\/oponixo.shop\/tire\/wp-content\/uploads\/2026\/01\/allegro-image-13470.jpg",352,709,false],"2048x2048":["https:\/\/oponixo.shop\/tire\/wp-content\/uploads\/2026\/01\/allegro-image-13470.jpg",352,709,false],"woocommerce_thumbnail":["https:\/\/oponixo.shop\/tire\/wp-content\/uploads\/2026\/01\/allegro-image-13470-300x300.jpg",300,300,true],"woocommerce_single":["https:\/\/oponixo.shop\/tire\/wp-content\/uploads\/2026\/01\/allegro-image-13470.jpg",352,709,false],"woocommerce_gallery_thumbnail":["https:\/\/oponixo.shop\/tire\/wp-content\/uploads\/2026\/01\/allegro-image-13470-100x100.jpg",100,100,true]},"uagb_author_info":{"display_name":"admin","author_link":"https:\/\/oponixo.shop\/tire\/author\/"},"uagb_comment_info":0,"uagb_excerpt":"ridgestone Blizzak DM-V2 SZEROKO\u015a\u0106 OPONY - 275 WYSOKO\u015a\u0106 OPONY - 55 \u015aREDNICA - 19 ROCZNIK - 2018 MAGAZYN - Z145A Bridgestone Blizzak DM-V2 to opona zimowa przeznaczona do u\u017cytkowania w samochodach osobowych z nap\u0119dem 4x4. Ogumienie zalicza si\u0119 do segmentu premium. Zastosowano w nim najbardziej zaawansowane technologie, kt\u00f3re przyczyniaj\u0105 si\u0119 do poprawy bezpiecze\u0144stwa i komfortu&hellip;","_links":{"self":[{"href":"https:\/\/oponixo.shop\/tire\/wp-json\/wp\/v2\/product\/13470","targetHints":{"allow":["GET"]}}],"collection":[{"href":"https:\/\/oponixo.shop\/tire\/wp-json\/wp\/v2\/product"}],"about":[{"href":"https:\/\/oponixo.shop\/tire\/wp-json\/wp\/v2\/types\/product"}],"wp:featuredmedia":[{"embeddable":true,"href":"https:\/\/oponixo.shop\/tire\/wp-json\/wp\/v2\/media\/13471"}],"wp:attachment":[{"href":"https:\/\/oponixo.shop\/tire\/wp-json\/wp\/v2\/media?parent=13470"}],"wp:term":[{"taxonomy":"product_brand","embeddable":true,"href":"https:\/\/oponixo.shop\/tire\/wp-json\/wp\/v2\/product_brand?post=13470"},{"taxonomy":"product_cat","embeddable":true,"href":"https:\/\/oponixo.shop\/tire\/wp-json\/wp\/v2\/product_cat?post=13470"},{"taxonomy":"product_tag","embeddable":true,"href":"https:\/\/oponixo.shop\/tire\/wp-json\/wp\/v2\/product_tag?post=13470"}],"curies":[{"name":"wp","href":"https:\/\/api.w.org\/{rel}","templated":true}]}}