{"id":13472,"date":"2026-01-07T00:56:54","date_gmt":"2026-01-06T23:56:54","guid":{"rendered":"https:\/\/oponyprofi.shop\/xef5\/produkt\/2x-pirelli-275-55r19-111v-scorpion-zero-all-season-mo-letnie\/"},"modified":"2026-01-07T00:56:55","modified_gmt":"2026-01-06T23:56:55","slug":"2x-pirelli-275-55r19-111v-scorpion-zero-all-season-mo-letnie","status":"publish","type":"product","link":"https:\/\/oponixo.shop\/tire\/produkt\/2x-pirelli-275-55r19-111v-scorpion-zero-all-season-mo-letnie\/","title":{"rendered":"2x PIRELLI 275\/55R19 111V Scorpion Zero All Season MO letnie"},"content":{"rendered":"<div style=\"font-family: Arial, sans-serif; line-height: 1.6; color: #333; padding: 20px; clear: both; display: block; width: 100%; float: none; position: static; overflow: hidden;\">\n<div style=\"clear: both; display: block; margin: 10px 0;\">\n<div style=\"clear: both; display: block; margin: 10px 0;\">\n<div style=\"clear: both; display: block; margin: 10px 0;\">\n<h1>Rok produkcji: 2023<\/h1>\n<\/div>\n<\/div>\n<\/div>\n<div style=\"clear: both; display: block; margin: 10px 0;\">\n<div style=\"clear: both; display: block; margin: 10px 0;\">\n<div style=\"clear: both; display: block; margin: 10px 0;\">\n<div  style=\"max-width:1200px;max-height:1126px\">\n<div style=\"clear: both; display: block; margin: 10px 0;\">\n<div style=\"clear: both; width: 100%; display: block; margin: 20px 0; padding: 0; float: none; position: static; text-align: center;\"><img decoding=\"async\"  src=\"https:\/\/a.allegroimg.com\/original\/1149fc\/5a51e63a4d6ea950b174fd313bb9\/2x-PIRELLI-275-55R19-111V-Scorpion-Zero-All-Season-MO-letnie\" srcset=\"https:\/\/a.allegroimg.com\/original\/1149fc\/5a51e63a4d6ea950b174fd313bb9\/2x-PIRELLI-275-55R19-111V-Scorpion-Zero-All-Season-MO-letnie 360w,https:\/\/a.allegroimg.com\/original\/1149fc\/5a51e63a4d6ea950b174fd313bb9\/2x-PIRELLI-275-55R19-111V-Scorpion-Zero-All-Season-MO-letnie 720w,https:\/\/a.allegroimg.com\/original\/1149fc\/5a51e63a4d6ea950b174fd313bb9\/2x-PIRELLI-275-55R19-111V-Scorpion-Zero-All-Season-MO-letnie 1024w,https:\/\/a.allegroimg.com\/original\/1149fc\/5a51e63a4d6ea950b174fd313bb9\/2x-PIRELLI-275-55R19-111V-Scorpion-Zero-All-Season-MO-letnie 1200w,https:\/\/a.allegroimg.com\/original\/1149fc\/5a51e63a4d6ea950b174fd313bb9\/2x-PIRELLI-275-55R19-111V-Scorpion-Zero-All-Season-MO-letnie 1200w\" sizes=\"(min-width: 1200px) 560px, (min-width: 992px) 50vw, 100vw\" width=\"1200px\" alt=\"2x PIRELLI 275\/55R19 111V Scorpion Zero All Season MO letnie\" style=\"max-width: 100%; height: auto; display: block; margin: 0 auto;\"><\/div>\n<\/div>\n<\/div>\n<\/div>\n<\/div>\n<div style=\"clear: both; display: block; margin: 10px 0;\">\n<div style=\"clear: both; display: block; margin: 10px 0;\">\n<h1>PIRELLI Scorpion Zero All Season 275\/55R19 111V MO<\/h1>\n<h2>F6EEF5<\/h2>\n<ul style=\"margin: 15px 0; padding-left: 20px; clear: both; display: block; width: 100%; float: none; position: static;\">\n<li style=\"margin: 5px 0; padding: 2px 0; clear: both; display: list-item; float: none; position: static;\"><b>additional-feature2 :<\/b> Mercedes-Benz<\/li>\n<li style=\"margin: 5px 0; padding: 2px 0; clear: both; display: list-item; float: none; position: static;\"><b>additional-feature3 :<\/b> Mercedes-Benz MO<\/li>\n<li style=\"margin: 5px 0; padding: 2px 0; clear: both; display: list-item; float: none; position: static;\"><b>Cecha dodatkowa :<\/b> MO<\/li>\n<li style=\"margin: 5px 0; padding: 2px 0; clear: both; display: list-item; float: none; position: static;\"><b>Data produkcji :<\/b> 2023<\/li>\n<li style=\"margin: 5px 0; padding: 2px 0; clear: both; display: list-item; float: none; position: static;\"><b>Hamowanie na mokrej nawierzchni :<\/b> B<\/li>\n<li style=\"margin: 5px 0; padding: 2px 0; clear: both; display: list-item; float: none; position: static;\"><b>Indeks :<\/b> 275\/55R19 LTPI 111V SZAS<\/li>\n<li style=\"margin: 5px 0; padding: 2px 0; clear: both; display: list-item; float: none; position: static;\"><b>Indeks no\u015bno\u015bci :<\/b> 111<\/li>\n<li style=\"margin: 5px 0; padding: 2px 0; clear: both; display: list-item; float: none; position: static;\"><b>Indeks pr\u0119dko\u015bci :<\/b> V &#8211; 240 km\/h<\/li>\n<li style=\"margin: 5px 0; padding: 2px 0; clear: both; display: list-item; float: none; position: static;\"><b>Karta informacyjna produktu :<\/b> https:\/\/eprel.ec.europa.eu\/qr\/595722<\/li>\n<li style=\"margin: 5px 0; padding: 2px 0; clear: both; display: list-item; float: none; position: static;\"><b>Kl. efekt. paliwowej :<\/b> B<\/li>\n<li style=\"margin: 5px 0; padding: 2px 0; clear: both; display: list-item; float: none; position: static;\"><b>Kl. przycz. na mokrej naw. :<\/b> B<\/li>\n<li style=\"margin: 5px 0; padding: 2px 0; clear: both; display: list-item; float: none; position: static;\"><b>Kl. zew. ha\u0142asu tocz. :<\/b> A, 1<\/li>\n<li style=\"margin: 5px 0; padding: 2px 0; clear: both; display: list-item; float: none; position: static;\"><b>Klasa opony :<\/b> premium<\/li>\n<li style=\"margin: 5px 0; padding: 2px 0; clear: both; display: list-item; float: none; position: static;\"><b>Kod EAN :<\/b> 8019227285819<\/li>\n<li style=\"margin: 5px 0; padding: 2px 0; clear: both; display: list-item; float: none; position: static;\"><b>Kod producenta :<\/b> 2858100<\/li>\n<li style=\"margin: 5px 0; padding: 2px 0; clear: both; display: list-item; float: none; position: static;\"><b>Liczba decybeli :<\/b> 69 dB<\/li>\n<li style=\"margin: 5px 0; padding: 2px 0; clear: both; display: list-item; float: none; position: static;\"><b>Model bie\u017cnika :<\/b> Scorpion Zero All Season<\/li>\n<li style=\"margin: 5px 0; padding: 2px 0; clear: both; display: list-item; float: none; position: static;\"><b>Nazwa produktu :<\/b> PIRELLI 275\/55R19 111V Scorpion Zero All Season MO letnie<\/li>\n<li style=\"margin: 5px 0; padding: 2px 0; clear: both; display: list-item; float: none; position: static;\"><b>opona na dedykowan\u0105 o\u015b :<\/b> Prz\u00f3d\/Ty\u0142<\/li>\n<li style=\"margin: 5px 0; padding: 2px 0; clear: both; display: list-item; float: none; position: static;\"><b>Op\u00f3r toczenia :<\/b> B<\/li>\n<li style=\"margin: 5px 0; padding: 2px 0; clear: both; display: list-item; float: none; position: static;\"><b>Poziom emisji ha\u0142asu :<\/b> A<\/li>\n<li style=\"margin: 5px 0; padding: 2px 0; clear: both; display: list-item; float: none; position: static;\"><b>Producent :<\/b> PIRELLI<\/li>\n<li style=\"margin: 5px 0; padding: 2px 0; clear: both; display: list-item; float: none; position: static;\"><b>Profil :<\/b> 55<\/li>\n<li style=\"margin: 5px 0; padding: 2px 0; clear: both; display: list-item; float: none; position: static;\"><b>Przeznaczenie :<\/b> samochody osobowe\/SUV\/crossover<\/li>\n<li style=\"margin: 5px 0; padding: 2px 0; clear: both; display: list-item; float: none; position: static;\"><b>Przyczepno\u015b\u0107 na lodzie :<\/b> Nie<\/li>\n<li style=\"margin: 5px 0; padding: 2px 0; clear: both; display: list-item; float: none; position: static;\"><b>Przyczepno\u015b\u0107 na \u015bniegu :<\/b> Nie<\/li>\n<li style=\"margin: 5px 0; padding: 2px 0; clear: both; display: list-item; float: none; position: static;\"><b>QR kod :<\/b> https:\/\/eprel.ec.europa.eu\/qr\/595722<\/li>\n<li style=\"margin: 5px 0; padding: 2px 0; clear: both; display: list-item; float: none; position: static;\"><b>Sezon :<\/b> letnia<\/li>\n<li style=\"margin: 5px 0; padding: 2px 0; clear: both; display: list-item; float: none; position: static;\"><b>\u015arednica :<\/b> 19&#8243;<\/li>\n<li style=\"margin: 5px 0; padding: 2px 0; clear: both; display: list-item; float: none; position: static;\"><b>Szeroko\u015b\u0107 :<\/b> 275<\/li>\n<li style=\"margin: 5px 0; padding: 2px 0; clear: both; display: list-item; float: none; position: static;\"><b>Wart. pom. i kl. zew. ha\u0142asu tocz. [dB] :<\/b> 69<\/li>\n<\/ul>\n<\/div>\n<\/div>\n<\/div>\n<div style=\"clear: both; display: block; margin: 10px 0;\">\n<div style=\"clear: both; display: block; margin: 10px 0;\">\n<div style=\"clear: both; display: block; margin: 10px 0;\">\n<p style=\"margin: 15px 0; line-height: 1.8; clear: both; display: block; width: 100%; float: none; position: static;\"> PIRELLI Scorpion Zero All Season to opona premium segmentu UHP (Ultra High Performance), przeznaczona dla samochod\u00f3w osobowych typu SUV najwy\u017cszej klasy, w tym z nap\u0119dem na 4 ko\u0142a, kt\u00f3ra maksymalizuje wydajno\u015b\u0107 przez ca\u0142y rok, bez wzgl\u0119du na pogod\u0119. Wsp\u00f3\u0142praca z wiod\u0105cymi producentami samochod\u00f3w premium umo\u017cliwi\u0142a opracowanie opony idealnie dopasowanej do ka\u017cdego pojazdu.<\/p>\n<p style=\"margin: 15px 0; line-height: 1.8; clear: both; display: block; width: 100%; float: none; position: static;\"> Powierzchni\u0119 bie\u017cnika pokryto sieci\u0105 lameli, kt\u00f3ra dostarcza doskona\u0142ej przyczepno\u015bci na o\u015bnie\u017conych nawierzchniach wspieraj\u0105c ruszanie i hamowanie w trudniejszych warunkach. \u0141\u0105czn\u0105 d\u0142ugo\u015b\u0107 lamelek wynosi ok. 30m na jedn\u0105 opon\u0119. Faliste rowkowanie na klockach wewn\u0119trznych bie\u017cnika poprawia precyzj\u0119 prowadzenia i kontrol\u0119 nad pojazdem na \u015bliskich drogach.<\/p>\n<p style=\"margin: 15px 0; line-height: 1.8; clear: both; display: block; width: 100%; float: none; position: static;\"> Cztery poszerzone rowki obwodowe wraz z naci\u0119ciami na barkach opony skutecznie odprowadzaj\u0105 wod\u0119 z bie\u017cnika opony zapobiegaj\u0105c wyst\u0119powaniu zjawiska aquaplaningu. Adaptacyjny wz\u00f3r bie\u017cnika umo\u017cliwia zachowanie wysokich parametr\u00f3w na mokrych nawierzchniach bez konieczno\u015bci rezygnowania z doskona\u0142ej wydajno\u015bci na suchym pod\u0142o\u017cu.<\/p>\n<p style=\"margin: 15px 0; line-height: 1.8; clear: both; display: block; width: 100%; float: none; position: static;\"> Liczne naci\u0119cia blok\u00f3w bie\u017cnika w r\u00f3\u017cnych kierunkach wp\u0142ywaj\u0105 na zredukowanie i lepsze rozpraszanie ha\u0142asu, generowanego podczas toczenia si\u0119 opony dla jeszcze wy\u017cszego poziomu komfortu i p\u0142ynno\u015bci jazdy.<\/p>\n<p style=\"margin: 15px 0; line-height: 1.8; clear: both; display: block; width: 100%; float: none; position: static;\"> PIRELLI Scorpion Zero All Season to doskona\u0142y model dla u\u017cytkownik\u00f3w poszukuj\u0105cych ca\u0142orocznej pewno\u015bci podr\u00f3\u017cowania, bez konieczno\u015bci sezonowej wymiany opon, kt\u00f3rzy oczekuj\u0105 najlepszych osi\u0105g\u00f3w i komfortowego podr\u00f3\u017cowania.<\/p>\n<\/div>\n<\/div>\n<div style=\"clear: both; display: block; margin: 10px 0;\">\n<div style=\"clear: both; display: block; margin: 10px 0;\">\n<div  style=\"max-width:886px;max-height:1299px\">\n<div style=\"clear: both; display: block; margin: 10px 0;\">\n<div style=\"clear: both; width: 100%; display: block; margin: 20px 0; padding: 0; float: none; position: static; text-align: center;\"><img decoding=\"async\"  src=\"https:\/\/a.allegroimg.com\/original\/11bc0b\/f0c7927643d89b3d2a868861fd0f\/2x-PIRELLI-275-55R19-111V-Scorpion-Zero-All-Season-MO-letnie-Srednica-19\" srcset=\"https:\/\/a.allegroimg.com\/original\/11bc0b\/f0c7927643d89b3d2a868861fd0f\/2x-PIRELLI-275-55R19-111V-Scorpion-Zero-All-Season-MO-letnie-Srednica-19 245w,https:\/\/a.allegroimg.com\/original\/11bc0b\/f0c7927643d89b3d2a868861fd0f\/2x-PIRELLI-275-55R19-111V-Scorpion-Zero-All-Season-MO-letnie-Srednica-19 491w,https:\/\/a.allegroimg.com\/original\/11bc0b\/f0c7927643d89b3d2a868861fd0f\/2x-PIRELLI-275-55R19-111V-Scorpion-Zero-All-Season-MO-letnie-Srednica-19 698w,https:\/\/a.allegroimg.com\/original\/11bc0b\/f0c7927643d89b3d2a868861fd0f\/2x-PIRELLI-275-55R19-111V-Scorpion-Zero-All-Season-MO-letnie-Srednica-19 886w,https:\/\/a.allegroimg.com\/original\/11bc0b\/f0c7927643d89b3d2a868861fd0f\/2x-PIRELLI-275-55R19-111V-Scorpion-Zero-All-Season-MO-letnie-Srednica-19 886w\" sizes=\"(min-width: 1200px) 560px, (min-width: 992px) 50vw, 100vw\" width=\"886px\" alt=\"2x PIRELLI 275\/55R19 111V Scorpion Zero All Season MO letnie \u015arednica 19&quot;\" style=\"max-width: 100%; height: auto; display: block; margin: 0 auto;\"><\/div>\n<\/div>\n<\/div>\n<\/div>\n<\/div>\n<\/div>\n<div style=\"clear: both; display: block; margin: 10px 0;\">\n<div style=\"clear: both; display: block; margin: 10px 0;\">\n<div style=\"clear: both; display: block; margin: 10px 0;\">\n<p style=\"margin: 15px 0; line-height: 1.8; clear: both; display: block; width: 100%; float: none; position: static;\">Wychodz\u0105c naprzeciw oczekiwaniom Klient\u00f3w i chc\u0105c spe\u0142nia\u0107 jak najwy\u017csze standardy obs\u0142ugi dok\u0142adamy wszelkich stara\u0144, aby podawa\u0107 precyzyjn\u0105 dat\u0119 produkcji opony (DOT). Niestety, w wyj\u0105tkowych przypadkach, mo\u017ce zdarzy\u0107 si\u0119, \u017ce opony, kt\u00f3re wy\u015blemy b\u0119d\u0105 mia\u0142y inn\u0105 dat\u0119 produkcji ni\u017c podana. Sytuacja mo\u017ce dotyczy\u0107 zar\u00f3wno opon z DOT-em wcze\u015bniejszym jak i p\u00f3\u017aniejszym. Chcieliby\u015bmy podkre\u015bli\u0107, \u017ce warunki przechowywania opon w naszych magazynach spe\u0142niaj\u0105 Polsk\u0105 Norm\u0119 PN-C-94300-7 dzi\u0119ki czemu nawet opona przechowywana 24 miesi\u0105ce ma parametry takie same jak opona z bie\u017c\u0105cego roku. Warto pami\u0119ta\u0107 tak\u017ce o fakcie, \u017ce w przypadku wielu rozmiar\u00f3w i producent\u00f3w plany produkcyjne fabryk uniemo\u017cliwiaj\u0105 zakup opony z bie\u017c\u0105cego roku.<\/p>\n<p style=\"margin: 15px 0; line-height: 1.8; clear: both; display: block; width: 100%; float: none; position: static;\">Przy zakupie opon pami\u0119taj o sprawdzeniu w instrukcji samochodu lub na w\u0142a\u015bciwej stronie internetowej, jakie ogumienie zaleca producent Twojego auta. \u0179le dobrane opony mog\u0105 negatywnie wp\u0142yn\u0105\u0107 na poziom Twojego bezpiecze\u0144stwa. Kupuj\u0105c opony zwr\u00f3\u0107 uwag\u0119 na rozmiar oraz indeksy no\u015bno\u015bci i pr\u0119dko\u015bci jakie homologowane s\u0105 do Twojego pojazdu.<\/p>\n<p style=\"margin: 15px 0; line-height: 1.8; clear: both; display: block; width: 100%; float: none; position: static;\">Zamieszczone zdj\u0119cia pe\u0142ni\u0105 funkcj\u0119 pogl\u0105dow\u0105. W zale\u017cno\u015bci od szeroko\u015bci opon, mog\u0105 wyst\u0119powa\u0107 niewielkie r\u00f3\u017cnice w wygl\u0105dzie bie\u017cnika (w obr\u0119bie jednego modelu) na przyk\u0142ad w ilo\u015bci rowk\u00f3w obwodowych lub rozmieszczeniu blok\u00f3w bie\u017cnika, co nie stanowi wady produktu.<\/p>\n<p style=\"margin: 15px 0; line-height: 1.8; clear: both; display: block; width: 100%; float: none; position: static;\">Je\u017celi otrzymane przez Ciebie opony nie spe\u0142niaj\u0105 Twoich oczekiwa\u0144 masz mo\u017cliwo\u015b\u0107 zwrotu lub wymiany nieu\u017cywanego (niemontowanego) ogumienia.<\/p>\n<\/div>\n<\/div>\n<\/div>\n<div style=\"clear: both; display: block; margin: 10px 0;\">\n<div style=\"clear: both; display: block; margin: 10px 0;\">\n<div style=\"clear: both; display: block; margin: 10px 0;\">\n<div  style=\"max-width:2560px;max-height:1440px\">\n<div style=\"clear: both; display: block; margin: 10px 0;\">\n<div style=\"clear: both; width: 100%; display: block; margin: 20px 0; padding: 0; float: none; position: static; text-align: center;\"><img decoding=\"async\"  src=\"https:\/\/a.allegroimg.com\/original\/115c93\/09adce034326a13ad32fb075eeca\/2x-PIRELLI-275-55R19-111V-Scorpion-Zero-All-Season-MO-letnie-Halas-zewnetrzny-69-dB\" srcset=\"https:\/\/a.allegroimg.com\/original\/115c93\/09adce034326a13ad32fb075eeca\/2x-PIRELLI-275-55R19-111V-Scorpion-Zero-All-Season-MO-letnie-Halas-zewnetrzny-69-dB 360w,https:\/\/a.allegroimg.com\/original\/115c93\/09adce034326a13ad32fb075eeca\/2x-PIRELLI-275-55R19-111V-Scorpion-Zero-All-Season-MO-letnie-Halas-zewnetrzny-69-dB 720w,https:\/\/a.allegroimg.com\/original\/115c93\/09adce034326a13ad32fb075eeca\/2x-PIRELLI-275-55R19-111V-Scorpion-Zero-All-Season-MO-letnie-Halas-zewnetrzny-69-dB 1024w,https:\/\/a.allegroimg.com\/original\/115c93\/09adce034326a13ad32fb075eeca\/2x-PIRELLI-275-55R19-111V-Scorpion-Zero-All-Season-MO-letnie-Halas-zewnetrzny-69-dB 1440w,https:\/\/a.allegroimg.com\/original\/115c93\/09adce034326a13ad32fb075eeca\/2x-PIRELLI-275-55R19-111V-Scorpion-Zero-All-Season-MO-letnie-Halas-zewnetrzny-69-dB 2560w\" sizes=\"(min-width: 1200px) 560px, (min-width: 992px) 50vw, 100vw\" width=\"2560px\" alt=\"2x PIRELLI 275\/55R19 111V Scorpion Zero All Season MO letnie Ha\u0142as zewn\u0119trzny 69 dB\" style=\"max-width: 100%; height: auto; display: block; margin: 0 auto;\"><\/div>\n<\/div>\n<\/div>\n<\/div>\n<\/div>\n<div style=\"clear: both; display: block; margin: 10px 0;\">\n<div style=\"clear: both; display: block; margin: 10px 0;\">\n<h1>Pirelli<\/h1>\n<p style=\"margin: 15px 0; line-height: 1.8; clear: both; display: block; width: 100%; float: none; position: static;\">W 1873 roku rozpocz\u0119\u0142a si\u0119 produkcja wyrob\u00f3w gumowych w fabryce nale\u017c\u0105cej do za\u0142o\u017conej rok wcze\u015bniej przez m\u0142odego w\u0142oskiego in\u017cyniera firmy Pirelli. Opony tej marki, kt\u00f3rych kolejne generacje rozs\u0142awi\u0142y nazw\u0119 przedsi\u0119biorstwa na ca\u0142ym \u015bwiecie, pojawi\u0142y si\u0119 na rynku motoryzacyjnym w 1901 roku. Opony Pirelli szybko zyska\u0142y popularno\u015b\u0107 w\u015br\u00f3d kierowc\u00f3w wy\u015bcigowych, kt\u00f3rych zwyci\u0119stwa dotar\u0142y do szerszej publiczno\u015bci i przyczyni\u0142y si\u0119 do zwi\u0119kszenia popytu. Firma Pirelli rozpocz\u0119\u0142a ekspansj\u0119 na rynki mi\u0119dzynarodowe, a jej wydzia\u0142 badawczy podj\u0105\u0142 prace nad dalszym udoskonalaniem oferty opon. Szeroko zakrojona kampania reklamowa, kt\u00f3ra towarzyszy\u0142a w latach 50. rewolucyjnej nowej oponie radialnej, przeznaczonej dla nowoczesnych samochod\u00f3w o wysokich osi\u0105gach, wyznaczy\u0142a styl dzia\u0142ania, kt\u00f3rym do dzi\u015b wyr\u00f3\u017cnia si\u0119 przedsi\u0119biorstwo: innowacyjne produkty po\u0142\u0105czone ze starannie zaplanowan\u0105 strategi\u0105 marketingow\u0105, kt\u00f3rej cz\u0119\u015bci\u0105 jest mi\u0119dzy innymi s\u0142ynny kalendarz Pirelli. W laboratoriach firmy wynaleziono r\u00f3wnie\u017c pierwsz\u0105 na \u015bwiecie opon\u0119 niskoprofilow\u0105, a ci\u0105g\u0142e prace nad usprawnianiem ogumienia tego typu sprawi\u0142y, \u017ce niskoprofilowe opony tej marki niezmiennie ciesz\u0105 si\u0119 powodzeniem. Opony letnie i zimowe marki Pirelli, przeznaczone dla samochod\u00f3w sportowych i z segmentu premium, charakteryzuj\u0105 si\u0119 doskona\u0142ymi w\u0142a\u015bciwo\u015bciami jezdnymi za spraw\u0105 nowatorskich mieszanek sk\u0142adnik\u00f3w, starannego wykonania, bie\u017cnik\u00f3w zaprojektowanych na potrzeby pojazd\u00f3w o du\u017cej mocy i d\u0142ugotrwa\u0142ych test\u00f3w, kt\u00f3rym poddawane s\u0105 produkty tej firmy.<\/p>\n<\/div>\n<\/div>\n<\/div>\n<\/div>\n<\/div>\n<\/div>\n<div style=\"clear: both; display: block; margin: 10px 0;\">\n","protected":false},"excerpt":{"rendered":"<p>Rok produkcji: 2023<\/p>\n<p>PIRELLI Scorpion Zero All Season 275\/55R19 111V MO<\/p>\n<p>F6EEF5<\/p>\n<p>additional-feature2 : Mercedes-Benz<\/p>\n<p>additional-feature3 : Mercedes-Benz MO<\/p>\n<p>Cecha dodatkowa : MO<\/p>\n<p>Data produkcji : 2023<\/p>\n<p>Hamowanie na mokrej nawierzchni : B<\/p>\n","protected":false},"featured_media":13473,"template":"","meta":{"_uag_custom_page_level_css":""},"product_brand":[433],"product_cat":[416,414,413,412],"product_tag":[],"class_list":{"0":"post-13472","1":"product","2":"type-product","3":"status-publish","4":"has-post-thumbnail","6":"product_brand-pirelli","7":"product_cat-caloroczne","8":"product_cat-do-samochodow-osobowych-i-suv","9":"product_cat-opony","10":"product_cat-opony-i-felgi","12":"first","13":"instock","14":"shipping-taxable","15":"purchasable","16":"product-type-simple"},"uagb_featured_image_src":{"full":["https:\/\/oponixo.shop\/tire\/wp-content\/uploads\/2026\/01\/allegro-image-13472.jpg",1200,1126,false],"thumbnail":["https:\/\/oponixo.shop\/tire\/wp-content\/uploads\/2026\/01\/allegro-image-13472-150x150.jpg",150,150,true],"medium":["https:\/\/oponixo.shop\/tire\/wp-content\/uploads\/2026\/01\/allegro-image-13472-300x282.jpg",300,282,true],"medium_large":["https:\/\/oponixo.shop\/tire\/wp-content\/uploads\/2026\/01\/allegro-image-13472-768x721.jpg",768,721,true],"large":["https:\/\/oponixo.shop\/tire\/wp-content\/uploads\/2026\/01\/allegro-image-13472-1024x961.jpg",1024,961,true],"1536x1536":["https:\/\/oponixo.shop\/tire\/wp-content\/uploads\/2026\/01\/allegro-image-13472.jpg",1200,1126,false],"2048x2048":["https:\/\/oponixo.shop\/tire\/wp-content\/uploads\/2026\/01\/allegro-image-13472.jpg",1200,1126,false],"woocommerce_thumbnail":["https:\/\/oponixo.shop\/tire\/wp-content\/uploads\/2026\/01\/allegro-image-13472-300x300.jpg",300,300,true],"woocommerce_single":["https:\/\/oponixo.shop\/tire\/wp-content\/uploads\/2026\/01\/allegro-image-13472-600x563.jpg",600,563,true],"woocommerce_gallery_thumbnail":["https:\/\/oponixo.shop\/tire\/wp-content\/uploads\/2026\/01\/allegro-image-13472-100x100.jpg",100,100,true]},"uagb_author_info":{"display_name":"admin","author_link":"https:\/\/oponixo.shop\/tire\/author\/"},"uagb_comment_info":0,"uagb_excerpt":"Rok produkcji: 2023 PIRELLI Scorpion Zero All Season 275\/55R19 111V MO F6EEF5 additional-feature2 : Mercedes-Benz additional-feature3 : Mercedes-Benz MO Cecha dodatkowa : MO Data produkcji : 2023 Hamowanie na mokrej nawierzchni : B","_links":{"self":[{"href":"https:\/\/oponixo.shop\/tire\/wp-json\/wp\/v2\/product\/13472","targetHints":{"allow":["GET"]}}],"collection":[{"href":"https:\/\/oponixo.shop\/tire\/wp-json\/wp\/v2\/product"}],"about":[{"href":"https:\/\/oponixo.shop\/tire\/wp-json\/wp\/v2\/types\/product"}],"wp:featuredmedia":[{"embeddable":true,"href":"https:\/\/oponixo.shop\/tire\/wp-json\/wp\/v2\/media\/13473"}],"wp:attachment":[{"href":"https:\/\/oponixo.shop\/tire\/wp-json\/wp\/v2\/media?parent=13472"}],"wp:term":[{"taxonomy":"product_brand","embeddable":true,"href":"https:\/\/oponixo.shop\/tire\/wp-json\/wp\/v2\/product_brand?post=13472"},{"taxonomy":"product_cat","embeddable":true,"href":"https:\/\/oponixo.shop\/tire\/wp-json\/wp\/v2\/product_cat?post=13472"},{"taxonomy":"product_tag","embeddable":true,"href":"https:\/\/oponixo.shop\/tire\/wp-json\/wp\/v2\/product_tag?post=13472"}],"curies":[{"name":"wp","href":"https:\/\/api.w.org\/{rel}","templated":true}]}}