{"id":13480,"date":"2026-01-07T00:56:57","date_gmt":"2026-01-06T23:56:57","guid":{"rendered":"https:\/\/oponyprofi.shop\/xef5\/produkt\/2x-goodyear-ultragrip-performance-3-275-55r19-111h-2024-r\/"},"modified":"2026-01-07T00:56:57","modified_gmt":"2026-01-06T23:56:57","slug":"2x-goodyear-ultragrip-performance-3-275-55r19-111h-2024-r","status":"publish","type":"product","link":"https:\/\/oponixo.shop\/tire\/produkt\/2x-goodyear-ultragrip-performance-3-275-55r19-111h-2024-r\/","title":{"rendered":"2x GOODYEAR UltraGrip Performance 3 275\/55R19 111H 2024 r"},"content":{"rendered":"<div style=\"font-family: Arial, sans-serif; line-height: 1.6; color: #333; padding: 20px; clear: both; display: block; width: 100%; float: none; position: static; overflow: hidden;\">\n<div style=\"clear: both; display: block; margin: 10px 0;\">\n<div style=\"clear: both; display: block; margin: 10px 0;\">\n<div style=\"clear: both; display: block; margin: 10px 0;\">\n<div  style=\"max-width:1200px;max-height:1126px\">\n<div style=\"clear: both; display: block; margin: 10px 0;\">\n<div style=\"clear: both; width: 100%; display: block; margin: 20px 0; padding: 0; float: none; position: static; text-align: center;\"><img decoding=\"async\"  src=\"https:\/\/a.allegroimg.com\/original\/115465\/2392ad1744c69580b1d57ab8babb\/2x-GOODYEAR-UltraGrip-Performance-3-275-55R19-111H-2024-r\" srcset=\"https:\/\/a.allegroimg.com\/original\/115465\/2392ad1744c69580b1d57ab8babb\/2x-GOODYEAR-UltraGrip-Performance-3-275-55R19-111H-2024-r 360w,https:\/\/a.allegroimg.com\/original\/115465\/2392ad1744c69580b1d57ab8babb\/2x-GOODYEAR-UltraGrip-Performance-3-275-55R19-111H-2024-r 720w,https:\/\/a.allegroimg.com\/original\/115465\/2392ad1744c69580b1d57ab8babb\/2x-GOODYEAR-UltraGrip-Performance-3-275-55R19-111H-2024-r 1024w,https:\/\/a.allegroimg.com\/original\/115465\/2392ad1744c69580b1d57ab8babb\/2x-GOODYEAR-UltraGrip-Performance-3-275-55R19-111H-2024-r 1200w,https:\/\/a.allegroimg.com\/original\/115465\/2392ad1744c69580b1d57ab8babb\/2x-GOODYEAR-UltraGrip-Performance-3-275-55R19-111H-2024-r 1200w\" sizes=\"(min-width: 1200px) 560px, (min-width: 992px) 50vw, 100vw\" width=\"1200px\" alt=\"2x GOODYEAR UltraGrip Performance 3 275\/55R19 111H 2024 r\" style=\"max-width: 100%; height: auto; display: block; margin: 0 auto;\"><\/div>\n<\/div>\n<\/div>\n<\/div>\n<\/div>\n<div style=\"clear: both; display: block; margin: 10px 0;\">\n<div style=\"clear: both; display: block; margin: 10px 0;\">\n<h1>GOODYEAR UltraGrip Performance 3 275\/55R19 111H<\/h1>\n<h2>H06GHQ<\/h2>\n<\/div>\n<\/div>\n<\/div>\n<div style=\"clear: both; display: block; margin: 10px 0;\">\n<div style=\"clear: both; display: block; margin: 10px 0;\">\n<div style=\"clear: both; display: block; margin: 10px 0;\">\n<ul style=\"margin: 15px 0; padding-left: 20px; clear: both; display: block; width: 100%; float: none; position: static;\">\n<li style=\"margin: 5px 0; padding: 2px 0; clear: both; display: list-item; float: none; position: static;\"><b>Indeks :<\/b> 275\/55R19 ZOGO 111H UP3<\/li>\n<li style=\"margin: 5px 0; padding: 2px 0; clear: both; display: list-item; float: none; position: static;\"><b>Kl. zew. ha\u0142asu tocz. :<\/b> B<\/li>\n<li style=\"margin: 5px 0; padding: 2px 0; clear: both; display: list-item; float: none; position: static;\"><b>Indeks no\u015bno\u015bci :<\/b> 111 = 1090 kg<\/li>\n<li style=\"margin: 5px 0; padding: 2px 0; clear: both; display: list-item; float: none; position: static;\"><b>\u015arednica :<\/b> 19<\/li>\n<li style=\"margin: 5px 0; padding: 2px 0; clear: both; display: list-item; float: none; position: static;\"><b>D\u0119tka :<\/b> TL<\/li>\n<li style=\"margin: 5px 0; padding: 2px 0; clear: both; display: list-item; float: none; position: static;\"><b>Ha\u0142as zewn\u0119trzny [dB] :<\/b> 71<\/li>\n<li style=\"margin: 5px 0; padding: 2px 0; clear: both; display: list-item; float: none; position: static;\"><b>Przyczepno\u015b\u0107 na \u015bniegu :<\/b> 1<\/li>\n<li style=\"margin: 5px 0; padding: 2px 0; clear: both; display: list-item; float: none; position: static;\"><b>Opory toczenia :<\/b> B<\/li>\n<li style=\"margin: 5px 0; padding: 2px 0; clear: both; display: list-item; float: none; position: static;\"><b>Szeroko\u015b\u0107 :<\/b> 275<\/li>\n<li style=\"margin: 5px 0; padding: 2px 0; clear: both; display: list-item; float: none; position: static;\"><b>Karta informacyjna produktu :<\/b> https:\/\/eprel.ec.europa.eu\/qr\/1967667<\/li>\n<li style=\"margin: 5px 0; padding: 2px 0; clear: both; display: list-item; float: none; position: static;\"><b>Przyczepno\u015b\u0107 na mokrej nawierzchni :<\/b> B<\/li>\n<li style=\"margin: 5px 0; padding: 2px 0; clear: both; display: list-item; float: none; position: static;\"><b>Klasa opony :<\/b> C1<\/li>\n<li style=\"margin: 5px 0; padding: 2px 0; clear: both; display: list-item; float: none; position: static;\"><b>Indeks pr\u0119dko\u015bci :<\/b> H &#8211; &lt;210 km\/h<\/li>\n<li style=\"margin: 5px 0; padding: 2px 0; clear: both; display: list-item; float: none; position: static;\"><b>Rozmiar :<\/b> 275\/55R19<\/li>\n<li style=\"margin: 5px 0; padding: 2px 0; clear: both; display: list-item; float: none; position: static;\"><b>Kod EAN :<\/b> 4038526413437<\/li>\n<li style=\"margin: 5px 0; padding: 2px 0; clear: both; display: list-item; float: none; position: static;\"><b>Oznaczenie M+S :<\/b> 3PMSF, M+S<\/li>\n<li style=\"margin: 5px 0; padding: 2px 0; clear: both; display: list-item; float: none; position: static;\"><b>Marka :<\/b> GOODYEAR<\/li>\n<li style=\"margin: 5px 0; padding: 2px 0; clear: both; display: list-item; float: none; position: static;\"><b>Kod producenta :<\/b> 595851<\/li>\n<li style=\"margin: 5px 0; padding: 2px 0; clear: both; display: list-item; float: none; position: static;\"><b>Profil :<\/b> 55<\/li>\n<li style=\"margin: 5px 0; padding: 2px 0; clear: both; display: list-item; float: none; position: static;\"><b>Bie\u017cnik :<\/b> UltraGrip Performance 3<\/li>\n<li style=\"margin: 5px 0; padding: 2px 0; clear: both; display: list-item; float: none; position: static;\"><b>Typ (konstrukcja) :<\/b> [R]-Radialna<\/li>\n<li style=\"margin: 5px 0; padding: 2px 0; clear: both; display: list-item; float: none; position: static;\"><b>Klasa :<\/b> Premium<\/li>\n<li style=\"margin: 5px 0; padding: 2px 0; clear: both; display: list-item; float: none; position: static;\"><b>Sezon :<\/b> Zimowa<\/li>\n<li style=\"margin: 5px 0; padding: 2px 0; clear: both; display: list-item; float: none; position: static;\"><b>Dedykowana o\u015b :<\/b> Prz\u00f3d\/Ty\u0142<\/li>\n<li style=\"margin: 5px 0; padding: 2px 0; clear: both; display: list-item; float: none; position: static;\"><b>Przeznaczenie :<\/b> Opony osobowe, SUV\/4&#215;4<\/li>\n<li style=\"margin: 5px 0; padding: 2px 0; clear: both; display: list-item; float: none; position: static;\"><b>Typ opony :<\/b> Opona osobowa<\/li>\n<\/ul>\n<\/div>\n<\/div>\n<\/div>\n<div style=\"clear: both; display: block; margin: 10px 0;\">\n<div style=\"clear: both; display: block; margin: 10px 0;\">\n<div style=\"clear: both; display: block; margin: 10px 0;\">\n<div  style=\"max-width:1280px;max-height:800px\">\n<div style=\"clear: both; display: block; margin: 10px 0;\">\n<div style=\"clear: both; width: 100%; display: block; margin: 20px 0; padding: 0; float: none; position: static; text-align: center;\"><img decoding=\"async\"  src=\"https:\/\/a.allegroimg.com\/original\/116eee\/bf43d16541cfb788fb20fe3a4dd8\/2x-GOODYEAR-UltraGrip-Performance-3-275-55R19-111H-2024-r-Srednica-19\" srcset=\"https:\/\/a.allegroimg.com\/original\/116eee\/bf43d16541cfb788fb20fe3a4dd8\/2x-GOODYEAR-UltraGrip-Performance-3-275-55R19-111H-2024-r-Srednica-19 360w,https:\/\/a.allegroimg.com\/original\/116eee\/bf43d16541cfb788fb20fe3a4dd8\/2x-GOODYEAR-UltraGrip-Performance-3-275-55R19-111H-2024-r-Srednica-19 720w,https:\/\/a.allegroimg.com\/original\/116eee\/bf43d16541cfb788fb20fe3a4dd8\/2x-GOODYEAR-UltraGrip-Performance-3-275-55R19-111H-2024-r-Srednica-19 1024w,https:\/\/a.allegroimg.com\/original\/116eee\/bf43d16541cfb788fb20fe3a4dd8\/2x-GOODYEAR-UltraGrip-Performance-3-275-55R19-111H-2024-r-Srednica-19 1280w,https:\/\/a.allegroimg.com\/original\/116eee\/bf43d16541cfb788fb20fe3a4dd8\/2x-GOODYEAR-UltraGrip-Performance-3-275-55R19-111H-2024-r-Srednica-19 1280w\" sizes=\"(min-width: 1200px) 560px, (min-width: 992px) 50vw, 100vw\" width=\"1280px\" alt=\"2x GOODYEAR UltraGrip Performance 3 275\/55R19 111H 2024 r \u015arednica 19&quot;\" style=\"max-width: 100%; height: auto; display: block; margin: 0 auto;\"><\/div>\n<\/div>\n<\/div>\n<\/div>\n<\/div>\n<div style=\"clear: both; display: block; margin: 10px 0;\">\n<div style=\"clear: both; display: block; margin: 10px 0;\">\n<h1>Goodyear<\/h1>\n<p style=\"margin: 15px 0; line-height: 1.8; clear: both; display: block; width: 100%; float: none; position: static;\">Historia firmy Goodyear, nazwanej na cze\u015b\u0107 wynalazcy procesu wulkanizacji Charlesa Goodyeara, zacz\u0119\u0142a si\u0119 w 1898 roku, gdy Frank Seiberling kupi\u0142 fabryk\u0119 wyrob\u00f3w gumowych mieszcz\u0105c\u0105 si\u0119 w Akron w stanie Ohio. Przedsi\u0119biorstwo przynios\u0142o wysoki zysk ju\u017c po pierwszym miesi\u0105cu sprzeda\u017cy opon \u2013 w\u00f3wczas przeznaczonych dla powoz\u00f3w i rower\u00f3w. Wraz z rozwojem motoryzacji ros\u0142y tak przychody firmy, jak i jej asortyment: w 1901 roku wyprodukowano opony wy\u015bcigowe dla automobili Henry&#8217;ego Forda, a dwa lata p\u00f3\u017aniej jeden z szef\u00f3w firmy, Paul Weeks Litchfield, opatentowa\u0142 pierwszy na \u015bwiecie projekt samochodowej opony bezd\u0119tkowej. Produkty tej marki zawsze by\u0142y wysoko cenione w sportach motorowych \u2013 gdy w 1922 roku tymczasowo wstrzymano produkcj\u0119 ogumienia dla samochod\u00f3w wy\u015bcigowych, klienci zacz\u0119li domaga\u0107 si\u0119 jej wznowienia. Dzi\u0119ki wsp\u00f3\u0142pracy z firm\u0105 Zeppelin, wytw\u00f3rc\u0105 sterowc\u00f3w, Goodyear opr\u00f3cz ziemi jest obecny r\u00f3wnie\u017c na niebie. Prawie od samego pocz\u0105tku dzia\u0142alno\u015bci Goodyear jest najwi\u0119kszym na \u015bwiecie producentem opon; obecnie roczny przych\u00f3d firmy przekracza 18 miliard\u00f3w dolar\u00f3w, a jej produkty \u2013 wytwarzane w ponad 20 fabrykach w Ameryce P\u00f3\u0142nocnej i Po\u0142udniowej, Europie, Afryce i Azji \u2013 sprzedawane s\u0105 praktycznie we wszystkich krajach. Najnowsza generacja opon zimowych Goodyear UltraGrip Performance 2 charakteryzuje si\u0119 lepsz\u0105 sterowno\u015bci\u0105 oraz przyczepno\u015bci\u0105 na \u015bliskich nawierzchniach. Niezale\u017cne badania wykaza\u0142y, \u017ce ten model opony pozwala na uzyskanie drogi hamowania na lodzie kr\u00f3tszej o 13% ni\u017c w przypadku testowanych r\u00f3wnolegle produkt\u00f3w innych firm. Warto zwr\u00f3ci\u0107 tak\u017ce uwag\u0119 na letnie opony Goodyear \u2013 modele z serii DuraGrip i Eagle.<\/p>\n<\/div>\n<\/div>\n<\/div>\n<\/div>\n<\/div>\n<\/div>\n<div style=\"clear: both; display: block; margin: 10px 0;\">\n","protected":false},"excerpt":{"rendered":"<p>GOODYEAR UltraGrip Performance 3 275\/55R19 111H<\/p>\n<p>H06GHQ<\/p>\n<p>Indeks : 275\/55R19 ZOGO 111H UP3<\/p>\n<p>Kl. zew. ha\u0142asu tocz. : B<\/p>\n<p>Indeks no\u015bno\u015bci : 111 = 1090 kg<\/p>\n<p>\u015arednica : 19<\/p>\n<p>D\u0119tka : TL<\/p>\n<p>Ha\u0142as zewn\u0119trzny [dB] : 71<\/p>\n","protected":false},"featured_media":13481,"template":"","meta":{"_uag_custom_page_level_css":""},"product_brand":[437],"product_cat":[414,413,412,415],"product_tag":[],"class_list":{"0":"post-13480","1":"product","2":"type-product","3":"status-publish","4":"has-post-thumbnail","6":"product_brand-goodyear","7":"product_cat-do-samochodow-osobowych-i-suv","8":"product_cat-opony","9":"product_cat-opony-i-felgi","10":"product_cat-zimowe","12":"first","13":"instock","14":"shipping-taxable","15":"purchasable","16":"product-type-simple"},"uagb_featured_image_src":{"full":["https:\/\/oponixo.shop\/tire\/wp-content\/uploads\/2026\/01\/allegro-image-13480.jpg",1200,1126,false],"thumbnail":["https:\/\/oponixo.shop\/tire\/wp-content\/uploads\/2026\/01\/allegro-image-13480-150x150.jpg",150,150,true],"medium":["https:\/\/oponixo.shop\/tire\/wp-content\/uploads\/2026\/01\/allegro-image-13480-300x282.jpg",300,282,true],"medium_large":["https:\/\/oponixo.shop\/tire\/wp-content\/uploads\/2026\/01\/allegro-image-13480-768x721.jpg",768,721,true],"large":["https:\/\/oponixo.shop\/tire\/wp-content\/uploads\/2026\/01\/allegro-image-13480-1024x961.jpg",1024,961,true],"1536x1536":["https:\/\/oponixo.shop\/tire\/wp-content\/uploads\/2026\/01\/allegro-image-13480.jpg",1200,1126,false],"2048x2048":["https:\/\/oponixo.shop\/tire\/wp-content\/uploads\/2026\/01\/allegro-image-13480.jpg",1200,1126,false],"woocommerce_thumbnail":["https:\/\/oponixo.shop\/tire\/wp-content\/uploads\/2026\/01\/allegro-image-13480-300x300.jpg",300,300,true],"woocommerce_single":["https:\/\/oponixo.shop\/tire\/wp-content\/uploads\/2026\/01\/allegro-image-13480-600x563.jpg",600,563,true],"woocommerce_gallery_thumbnail":["https:\/\/oponixo.shop\/tire\/wp-content\/uploads\/2026\/01\/allegro-image-13480-100x100.jpg",100,100,true]},"uagb_author_info":{"display_name":"admin","author_link":"https:\/\/oponixo.shop\/tire\/author\/"},"uagb_comment_info":0,"uagb_excerpt":"GOODYEAR UltraGrip Performance 3 275\/55R19 111H H06GHQ Indeks : 275\/55R19 ZOGO 111H UP3 Kl. zew. ha\u0142asu tocz. : B Indeks no\u015bno\u015bci : 111 = 1090 kg \u015arednica : 19 D\u0119tka : TL Ha\u0142as zewn\u0119trzny [dB] : 71","_links":{"self":[{"href":"https:\/\/oponixo.shop\/tire\/wp-json\/wp\/v2\/product\/13480","targetHints":{"allow":["GET"]}}],"collection":[{"href":"https:\/\/oponixo.shop\/tire\/wp-json\/wp\/v2\/product"}],"about":[{"href":"https:\/\/oponixo.shop\/tire\/wp-json\/wp\/v2\/types\/product"}],"wp:featuredmedia":[{"embeddable":true,"href":"https:\/\/oponixo.shop\/tire\/wp-json\/wp\/v2\/media\/13481"}],"wp:attachment":[{"href":"https:\/\/oponixo.shop\/tire\/wp-json\/wp\/v2\/media?parent=13480"}],"wp:term":[{"taxonomy":"product_brand","embeddable":true,"href":"https:\/\/oponixo.shop\/tire\/wp-json\/wp\/v2\/product_brand?post=13480"},{"taxonomy":"product_cat","embeddable":true,"href":"https:\/\/oponixo.shop\/tire\/wp-json\/wp\/v2\/product_cat?post=13480"},{"taxonomy":"product_tag","embeddable":true,"href":"https:\/\/oponixo.shop\/tire\/wp-json\/wp\/v2\/product_tag?post=13480"}],"curies":[{"name":"wp","href":"https:\/\/api.w.org\/{rel}","templated":true}]}}