{"id":13483,"date":"2026-01-07T01:36:21","date_gmt":"2026-01-07T00:36:21","guid":{"rendered":"https:\/\/oponyprofi.shop\/xef5\/produkt\/2-opony-zimowe-255-45r20-101t-bridgestone-blizzak-lm005\/"},"modified":"2026-01-07T01:36:22","modified_gmt":"2026-01-07T00:36:22","slug":"2-opony-zimowe-255-45r20-101t-bridgestone-blizzak-lm005","status":"publish","type":"product","link":"https:\/\/oponixo.shop\/tire\/produkt\/2-opony-zimowe-255-45r20-101t-bridgestone-blizzak-lm005\/","title":{"rendered":"2 opony zimowe 255\/45R20 101T BRIDGESTONE Blizzak LM005"},"content":{"rendered":"<div style=\"font-family: Arial, sans-serif; line-height: 1.6; color: #333; padding: 20px; clear: both; display: block; width: 100%; float: none; position: static; overflow: hidden;\">\n<div style=\"clear: both; display: block; margin: 10px 0;\">\n<div style=\"clear: both; display: block; margin: 10px 0;\">\n<div style=\"clear: both; display: block; margin: 10px 0;\">\n<ul style=\"margin: 15px 0; padding-left: 20px; clear: both; display: block; width: 100%; float: none; position: static;\">\n<li style=\"margin: 5px 0; padding: 2px 0; clear: both; display: list-item; float: none; position: static;\">MARKA\/MODEL: <b>BRIDGESTONE Blizzak LM005<\/b><\/li>\n<li style=\"margin: 5px 0; padding: 2px 0; clear: both; display: list-item; float: none; position: static;\">ROZMIAR OPON: <b> 255\/45R20<\/b><\/li>\n<li style=\"margin: 5px 0; padding: 2px 0; clear: both; display: list-item; float: none; position: static;\">INDEKS PR\u0118DKO\u015aCI: <b>T<\/b><\/li>\n<li style=\"margin: 5px 0; padding: 2px 0; clear: both; display: list-item; float: none; position: static;\">INDEKS NO\u015aNO\u015aCI: <b>101<\/b><\/li>\n<li style=\"margin: 5px 0; padding: 2px 0; clear: both; display: list-item; float: none; position: static;\">DATA PRODUKCJI: <b>nie starsze ni\u017c 2022<\/b><\/li>\n<li style=\"margin: 5px 0; padding: 2px 0; clear: both; display: list-item; float: none; position: static;\">SEZON: <b>Zimowe<\/b><\/li>\n<li style=\"margin: 5px 0; padding: 2px 0; clear: both; display: list-item; float: none; position: static;\">STAN: <b>Nowy<\/b><\/li>\n<li style=\"margin: 5px 0; padding: 2px 0; clear: both; display: list-item; float: none; position: static;\">RANT OCHRONNY NA FELG\u0118: <b>TAK<\/b><\/li>\n<li style=\"margin: 5px 0; padding: 2px 0; clear: both; display: list-item; float: none; position: static;\">DODATKOWE OZNACZENIA: <b>SEAL<\/b><\/li>\n<\/ul>\n<\/div>\n<\/div>\n<div style=\"clear: both; display: block; margin: 10px 0;\">\n<div style=\"clear: both; display: block; margin: 10px 0;\">\n<div  style=\"max-width:860px;max-height:960px\">\n<div style=\"clear: both; display: block; margin: 10px 0;\">\n<div style=\"clear: both; width: 100%; display: block; margin: 20px 0; padding: 0; float: none; position: static; text-align: center;\"><img decoding=\"async\"  src=\"https:\/\/a.allegroimg.com\/original\/112199\/e29293c84ebfa2966ffc1b2df0eb\/2-opony-zimowe-255-45R20-101T-BRIDGESTONE-Blizzak-LM005\" srcset=\"https:\/\/a.allegroimg.com\/original\/112199\/e29293c84ebfa2966ffc1b2df0eb\/2-opony-zimowe-255-45R20-101T-BRIDGESTONE-Blizzak-LM005 322w,https:\/\/a.allegroimg.com\/original\/112199\/e29293c84ebfa2966ffc1b2df0eb\/2-opony-zimowe-255-45R20-101T-BRIDGESTONE-Blizzak-LM005 645w,https:\/\/a.allegroimg.com\/original\/112199\/e29293c84ebfa2966ffc1b2df0eb\/2-opony-zimowe-255-45R20-101T-BRIDGESTONE-Blizzak-LM005 860w,https:\/\/a.allegroimg.com\/original\/112199\/e29293c84ebfa2966ffc1b2df0eb\/2-opony-zimowe-255-45R20-101T-BRIDGESTONE-Blizzak-LM005 860w\" sizes=\"(min-width: 1200px) 560px, (min-width: 992px) 50vw, 100vw\" width=\"860px\" alt=\"2 opony zimowe 255\/45R20 101T BRIDGESTONE Blizzak LM005\" style=\"max-width: 100%; height: auto; display: block; margin: 0 auto;\"><\/div>\n<\/div>\n<\/div>\n<\/div>\n<\/div>\n<\/div>\n<div style=\"clear: both; display: block; margin: 10px 0;\">\n<div style=\"clear: both; display: block; margin: 10px 0;\">\n<div style=\"clear: both; display: block; margin: 10px 0;\">\n<div  style=\"max-width:640px;max-height:640px\">\n<div style=\"clear: both; display: block; margin: 10px 0;\">\n<div style=\"clear: both; width: 100%; display: block; margin: 20px 0; padding: 0; float: none; position: static; text-align: center;\"><img decoding=\"async\"  src=\"https:\/\/a.allegroimg.com\/original\/11c925\/2fb4d01c4abfbe1c3646480a3034\/2-opony-zimowe-255-45R20-101T-BRIDGESTONE-Blizzak-LM005-Marka-Bridgestone\" srcset=\"https:\/\/a.allegroimg.com\/original\/11c925\/2fb4d01c4abfbe1c3646480a3034\/2-opony-zimowe-255-45R20-101T-BRIDGESTONE-Blizzak-LM005-Marka-Bridgestone 360w,https:\/\/a.allegroimg.com\/original\/11c925\/2fb4d01c4abfbe1c3646480a3034\/2-opony-zimowe-255-45R20-101T-BRIDGESTONE-Blizzak-LM005-Marka-Bridgestone 640w,https:\/\/a.allegroimg.com\/original\/11c925\/2fb4d01c4abfbe1c3646480a3034\/2-opony-zimowe-255-45R20-101T-BRIDGESTONE-Blizzak-LM005-Marka-Bridgestone 640w\" sizes=\"100vw\" width=\"640px\" alt=\"2 opony zimowe 255\/45R20 101T BRIDGESTONE Blizzak LM005 Marka Bridgestone\" style=\"max-width: 100%; height: auto; display: block; margin: 0 auto;\"><\/div>\n<\/div>\n<\/div>\n<\/div>\n<\/div>\n<\/div>\n<div style=\"clear: both; display: block; margin: 10px 0;\">\n<div style=\"clear: both; display: block; margin: 10px 0;\">\n<div style=\"clear: both; display: block; margin: 10px 0;\">\n<div  style=\"max-width:1600px;max-height:464px\">\n<div style=\"clear: both; display: block; margin: 10px 0;\">\n<div style=\"clear: both; width: 100%; display: block; margin: 20px 0; padding: 0; float: none; position: static; text-align: center;\"><img decoding=\"async\"  src=\"https:\/\/a.allegroimg.com\/original\/11ed8e\/10e1edb44409a89ed0882319d687\/2-opony-zimowe-255-45R20-101T-BRIDGESTONE-Blizzak-LM005-Liczba-opon-w-ofercie-2-szt\" srcset=\"https:\/\/a.allegroimg.com\/original\/11ed8e\/10e1edb44409a89ed0882319d687\/2-opony-zimowe-255-45R20-101T-BRIDGESTONE-Blizzak-LM005-Liczba-opon-w-ofercie-2-szt 360w,https:\/\/a.allegroimg.com\/original\/11ed8e\/10e1edb44409a89ed0882319d687\/2-opony-zimowe-255-45R20-101T-BRIDGESTONE-Blizzak-LM005-Liczba-opon-w-ofercie-2-szt 720w,https:\/\/a.allegroimg.com\/original\/11ed8e\/10e1edb44409a89ed0882319d687\/2-opony-zimowe-255-45R20-101T-BRIDGESTONE-Blizzak-LM005-Liczba-opon-w-ofercie-2-szt 1024w,https:\/\/a.allegroimg.com\/original\/11ed8e\/10e1edb44409a89ed0882319d687\/2-opony-zimowe-255-45R20-101T-BRIDGESTONE-Blizzak-LM005-Liczba-opon-w-ofercie-2-szt 1440w,https:\/\/a.allegroimg.com\/original\/11ed8e\/10e1edb44409a89ed0882319d687\/2-opony-zimowe-255-45R20-101T-BRIDGESTONE-Blizzak-LM005-Liczba-opon-w-ofercie-2-szt 1600w\" sizes=\"(min-width: 1200px) 560px, (min-width: 992px) 50vw, 100vw\" width=\"1600px\" alt=\"2 opony zimowe 255\/45R20 101T BRIDGESTONE Blizzak LM005 Liczba opon w ofercie 2 szt.\" style=\"max-width: 100%; height: auto; display: block; margin: 0 auto;\"><\/div>\n<\/div>\n<\/div>\n<\/div>\n<\/div>\n<div style=\"clear: both; display: block; margin: 10px 0;\">\n<div style=\"clear: both; display: block; margin: 10px 0;\">\n<p style=\"margin: 15px 0; line-height: 1.8; clear: both; display: block; width: 100%; float: none; position: static;\"><b>Bridgestone<\/b> &#8211; najwi\u0119kszy producent opon i wyrob\u00f3w gumowych na \u015bwiecie. Przedsi\u0119biorstwo zosta\u0142o za\u0142o\u017cone w 1931 roku w Japonii. W swojej ofercie posiada opony osobowe, 4&#215;4, terenowe, dostawcze, ci\u0119\u017carowe, dla maszyn przemys\u0142owych, rolniczych, autobus\u00f3w, ci\u0105gnik\u00f3w i motocykli. Opr\u00f3cz opon koncern produkuje cz\u0119\u015bci samochodowe, przemys\u0142owe wyroby gumowe, produkty chemiczne i artyku\u0142y sportowe. W 170 zak\u0142adach produkcyjnych na ca\u0142ym \u015bwiecie zatrudnionych jest ponad 140.000 pracownik\u00f3w. Dzi\u0119ki wiod\u0105cej technologii koncern jest g\u0142\u00f3wnym dostawc\u0105 oryginalnego wyposa\u017cenia wszystkich wiod\u0105cych producent\u00f3w samochod\u00f3w osobowych: VW, Ford, BMW, Mercedes, GM, Peugeot, Renault, Toyota, Fiat oraz do producent\u00f3w ci\u0119\u017car\u00f3wek. Do grupy Bridgestone nale\u017c\u0105 marki Firestone oraz Dayton.<\/p>\n<\/div>\n<\/div>\n<\/div>\n<div style=\"clear: both; display: block; margin: 10px 0;\">\n<div style=\"clear: both; display: block; margin: 10px 0;\">\n<div style=\"clear: both; display: block; margin: 10px 0;\">\n<h2>Na naszych innych aukcjach Allegro znajdziesz felgi stalowe i aluminiowe, czujniki (TPMS) oraz \u015bruby i nakr\u0119tki.<\/h2>\n<\/div>\n<\/div>\n<\/div>\n<\/div>\n<\/div>\n<\/div>\n<div style=\"clear: both; display: block; margin: 10px 0;\">\n","protected":false},"excerpt":{"rendered":"<p>MARKA\/MODEL: BRIDGESTONE Blizzak LM005<\/p>\n<p>ROZMIAR OPON: 255\/45R20<\/p>\n<p>INDEKS PR\u0118DKO\u015aCI: T<\/p>\n<p>INDEKS NO\u015aNO\u015aCI: 101<\/p>\n<p>DATA PRODUKCJI: nie starsze ni\u017c 2022<\/p>\n<p>SEZON: Zimowe<\/p>\n<p>STAN: Nowy<\/p>\n<p>RANT OCHRONNY NA FELG\u0118: TAK<\/p>\n","protected":false},"featured_media":13484,"template":"","meta":{"_uag_custom_page_level_css":""},"product_brand":[397],"product_cat":[414,413,412,415],"product_tag":[],"class_list":{"0":"post-13483","1":"product","2":"type-product","3":"status-publish","4":"has-post-thumbnail","6":"product_brand-bridgestone","7":"product_cat-do-samochodow-osobowych-i-suv","8":"product_cat-opony","9":"product_cat-opony-i-felgi","10":"product_cat-zimowe","12":"first","13":"instock","14":"shipping-taxable","15":"purchasable","16":"product-type-simple"},"uagb_featured_image_src":{"full":["https:\/\/oponixo.shop\/tire\/wp-content\/uploads\/2026\/01\/allegro-image-13483.jpg",860,960,false],"thumbnail":["https:\/\/oponixo.shop\/tire\/wp-content\/uploads\/2026\/01\/allegro-image-13483-150x150.jpg",150,150,true],"medium":["https:\/\/oponixo.shop\/tire\/wp-content\/uploads\/2026\/01\/allegro-image-13483-269x300.jpg",269,300,true],"medium_large":["https:\/\/oponixo.shop\/tire\/wp-content\/uploads\/2026\/01\/allegro-image-13483-768x857.jpg",768,857,true],"large":["https:\/\/oponixo.shop\/tire\/wp-content\/uploads\/2026\/01\/allegro-image-13483.jpg",860,960,false],"1536x1536":["https:\/\/oponixo.shop\/tire\/wp-content\/uploads\/2026\/01\/allegro-image-13483.jpg",860,960,false],"2048x2048":["https:\/\/oponixo.shop\/tire\/wp-content\/uploads\/2026\/01\/allegro-image-13483.jpg",860,960,false],"woocommerce_thumbnail":["https:\/\/oponixo.shop\/tire\/wp-content\/uploads\/2026\/01\/allegro-image-13483-300x300.jpg",300,300,true],"woocommerce_single":["https:\/\/oponixo.shop\/tire\/wp-content\/uploads\/2026\/01\/allegro-image-13483-600x670.jpg",600,670,true],"woocommerce_gallery_thumbnail":["https:\/\/oponixo.shop\/tire\/wp-content\/uploads\/2026\/01\/allegro-image-13483-100x100.jpg",100,100,true]},"uagb_author_info":{"display_name":"admin","author_link":"https:\/\/oponixo.shop\/tire\/author\/"},"uagb_comment_info":0,"uagb_excerpt":"MARKA\/MODEL: BRIDGESTONE Blizzak LM005 ROZMIAR OPON: 255\/45R20 INDEKS PR\u0118DKO\u015aCI: T INDEKS NO\u015aNO\u015aCI: 101 DATA PRODUKCJI: nie starsze ni\u017c 2022 SEZON: Zimowe STAN: Nowy RANT OCHRONNY NA FELG\u0118: TAK","_links":{"self":[{"href":"https:\/\/oponixo.shop\/tire\/wp-json\/wp\/v2\/product\/13483","targetHints":{"allow":["GET"]}}],"collection":[{"href":"https:\/\/oponixo.shop\/tire\/wp-json\/wp\/v2\/product"}],"about":[{"href":"https:\/\/oponixo.shop\/tire\/wp-json\/wp\/v2\/types\/product"}],"wp:featuredmedia":[{"embeddable":true,"href":"https:\/\/oponixo.shop\/tire\/wp-json\/wp\/v2\/media\/13484"}],"wp:attachment":[{"href":"https:\/\/oponixo.shop\/tire\/wp-json\/wp\/v2\/media?parent=13483"}],"wp:term":[{"taxonomy":"product_brand","embeddable":true,"href":"https:\/\/oponixo.shop\/tire\/wp-json\/wp\/v2\/product_brand?post=13483"},{"taxonomy":"product_cat","embeddable":true,"href":"https:\/\/oponixo.shop\/tire\/wp-json\/wp\/v2\/product_cat?post=13483"},{"taxonomy":"product_tag","embeddable":true,"href":"https:\/\/oponixo.shop\/tire\/wp-json\/wp\/v2\/product_tag?post=13483"}],"curies":[{"name":"wp","href":"https:\/\/api.w.org\/{rel}","templated":true}]}}