{"id":13503,"date":"2026-01-07T01:36:27","date_gmt":"2026-01-07T00:36:27","guid":{"rendered":"https:\/\/oponyprofi.shop\/xef5\/produkt\/2x-bridgestone-blizzak-6-xl-255-45r20-105-w\/"},"modified":"2026-01-07T01:36:27","modified_gmt":"2026-01-07T00:36:27","slug":"2x-bridgestone-blizzak-6-xl-255-45r20-105-w","status":"publish","type":"product","link":"https:\/\/oponixo.shop\/tire\/produkt\/2x-bridgestone-blizzak-6-xl-255-45r20-105-w\/","title":{"rendered":"2x BRIDGESTONE BLIZZAK 6 XL 255\/45R20 105 W"},"content":{"rendered":"<div style=\"font-family: Arial, sans-serif; line-height: 1.6; color: #333; padding: 20px; clear: both; display: block; width: 100%; float: none; position: static; overflow: hidden;\">\n<div style=\"clear: both; display: block; margin: 10px 0;\">\n<div style=\"clear: both; display: block; margin: 10px 0;\">\n<div style=\"clear: both; display: block; margin: 10px 0;\">\n<h1>2x BRIDGESTONE BLIZZAK 6 XL 255\/45R20 105 W<\/h1>\n<\/div>\n<\/div>\n<\/div>\n<div style=\"clear: both; display: block; margin: 10px 0;\">\n<div style=\"clear: both; display: block; margin: 10px 0;\">\n<div style=\"clear: both; display: block; margin: 10px 0;\">\n<div  style=\"max-width:920px;max-height:1120px\">\n<div style=\"clear: both; display: block; margin: 10px 0;\">\n<div style=\"clear: both; width: 100%; display: block; margin: 20px 0; padding: 0; float: none; position: static; text-align: center;\"><img decoding=\"async\"  src=\"https:\/\/a.allegroimg.com\/original\/11d529\/7aab0a1f4f0f8aa3f716d51182a7\/2x-BRIDGESTONE-BLIZZAK-6-XL-255-45R20-105-W\" srcset=\"https:\/\/a.allegroimg.com\/original\/11d529\/7aab0a1f4f0f8aa3f716d51182a7\/2x-BRIDGESTONE-BLIZZAK-6-XL-255-45R20-105-W 295w,https:\/\/a.allegroimg.com\/original\/11d529\/7aab0a1f4f0f8aa3f716d51182a7\/2x-BRIDGESTONE-BLIZZAK-6-XL-255-45R20-105-W 591w,https:\/\/a.allegroimg.com\/original\/11d529\/7aab0a1f4f0f8aa3f716d51182a7\/2x-BRIDGESTONE-BLIZZAK-6-XL-255-45R20-105-W 841w,https:\/\/a.allegroimg.com\/original\/11d529\/7aab0a1f4f0f8aa3f716d51182a7\/2x-BRIDGESTONE-BLIZZAK-6-XL-255-45R20-105-W 920w,https:\/\/a.allegroimg.com\/original\/11d529\/7aab0a1f4f0f8aa3f716d51182a7\/2x-BRIDGESTONE-BLIZZAK-6-XL-255-45R20-105-W 920w\" sizes=\"(min-width: 1200px) 560px, (min-width: 992px) 50vw, 100vw\" width=\"920px\" alt=\"2x BRIDGESTONE BLIZZAK 6 XL 255\/45R20 105 W\" style=\"max-width: 100%; height: auto; display: block; margin: 0 auto;\"><\/div>\n<\/div>\n<\/div>\n<\/div>\n<\/div>\n<div style=\"clear: both; display: block; margin: 10px 0;\">\n<div style=\"clear: both; display: block; margin: 10px 0;\">\n<h2>Zimowe opony Osobowe BRIDGESTONE BLIZZAK 6 XL FR ENLITEN 255\/45 R20 105W 105 W<\/h2>\n<p style=\"margin: 15px 0; line-height: 1.8; clear: both; display: block; width: 100%; float: none; position: static;\">Rok produkcji: <b>2025<\/b><\/p>\n<p style=\"margin: 15px 0; line-height: 1.8; clear: both; display: block; width: 100%; float: none; position: static;\">EAN: 3286342048215<\/p>\n<p style=\"margin: 15px 0; line-height: 1.8; clear: both; display: block; width: 100%; float: none; position: static;\">Producent: BRIDGESTONE<\/p>\n<p style=\"margin: 15px 0; line-height: 1.8; clear: both; display: block; width: 100%; float: none; position: static;\">Klasa: Premium<\/p>\n<p style=\"margin: 15px 0; line-height: 1.8; clear: both; display: block; width: 100%; float: none; position: static;\">Model: BLIZZAK 6 XL FR ENLITEN<\/p>\n<p style=\"margin: 15px 0; line-height: 1.8; clear: both; display: block; width: 100%; float: none; position: static;\">Rozmiar: 255\/45 R20 105W<\/p>\n<p style=\"margin: 15px 0; line-height: 1.8; clear: both; display: block; width: 100%; float: none; position: static;\">Indeks no\u015bno\u015bci: 105<\/p>\n<p style=\"margin: 15px 0; line-height: 1.8; clear: both; display: block; width: 100%; float: none; position: static;\">Indeks pr\u0119dko\u015bci: W<\/p>\n<p style=\"margin: 15px 0; line-height: 1.8; clear: both; display: block; width: 100%; float: none; position: static;\">Ha\u0142as db: 72<\/p>\n<p style=\"margin: 15px 0; line-height: 1.8; clear: both; display: block; width: 100%; float: none; position: static;\">Sezon: Zimowe<\/p>\n<p style=\"margin: 15px 0; line-height: 1.8; clear: both; display: block; width: 100%; float: none; position: static;\">Przeznaczenie: Osobowe<\/p>\n<p style=\"margin: 15px 0; line-height: 1.8; clear: both; display: block; width: 100%; float: none; position: static;\">* Zdj\u0119cia opon na aukcjach maj\u0105 charakter pogl\u0105dowy. Opony mog\u0105 si\u0119 r\u00f3\u017cni\u0107 od tej prezentowanej na zdj\u0119ciu. (np. mo\u017ce mie\u0107 rant ochronny, wi\u0119cej lub mniej rowk\u00f3w obwodowych, bia\u0142e napisy albo ich brak).<\/p>\n<p style=\"margin: 15px 0; line-height: 1.8; clear: both; display: block; width: 100%; float: none; position: static;\">W sezonie wysy\u0142kowym mog\u0105 nast\u0105pi\u0107 nieznaczne op\u00f3\u017anienia w realizacji i dostawie. Prosz\u0119 mie\u0107 to na uwadze sk\u0142adaj\u0105c zam\u00f3wienie.<\/p>\n<\/div>\n<\/div>\n<\/div>\n<div style=\"clear: both; display: block; margin: 10px 0;\">\n<div style=\"clear: both; display: block; margin: 10px 0;\">\n<div style=\"clear: both; display: block; margin: 10px 0;\">\n<div  style=\"max-width:600px;max-height:200px\">\n<div style=\"clear: both; display: block; margin: 10px 0;\">\n<div style=\"clear: both; width: 100%; display: block; margin: 20px 0; padding: 0; float: none; position: static; text-align: center;\"><img decoding=\"async\"  src=\"https:\/\/a.allegroimg.com\/original\/11ec56\/15522cdd407dac6867ebaebcac96\/2x-BRIDGESTONE-BLIZZAK-6-XL-255-45R20-105-W-Liczba-opon-w-ofercie-2-szt\" srcset=\"https:\/\/a.allegroimg.com\/original\/11ec56\/15522cdd407dac6867ebaebcac96\/2x-BRIDGESTONE-BLIZZAK-6-XL-255-45R20-105-W-Liczba-opon-w-ofercie-2-szt 360w,https:\/\/a.allegroimg.com\/original\/11ec56\/15522cdd407dac6867ebaebcac96\/2x-BRIDGESTONE-BLIZZAK-6-XL-255-45R20-105-W-Liczba-opon-w-ofercie-2-szt 600w,https:\/\/a.allegroimg.com\/original\/11ec56\/15522cdd407dac6867ebaebcac96\/2x-BRIDGESTONE-BLIZZAK-6-XL-255-45R20-105-W-Liczba-opon-w-ofercie-2-szt 600w\" sizes=\"100vw\" width=\"600px\" alt=\"2x BRIDGESTONE BLIZZAK 6 XL 255\/45R20 105 W Liczba opon w ofercie 2 szt.\" style=\"max-width: 100%; height: auto; display: block; margin: 0 auto;\"><\/div>\n<\/div>\n<\/div>\n<\/div>\n<\/div>\n<\/div>\n<div style=\"clear: both; display: block; margin: 10px 0;\">\n<div style=\"clear: both; display: block; margin: 10px 0;\">\n<div style=\"clear: both; display: block; margin: 10px 0;\">\n<p style=\"margin: 15px 0; line-height: 1.8; clear: both; display: block; width: 100%; float: none; position: static;\">Bridgestone &#8211; pionierzy dr\u00f3g i bezpiecze\u0144stwa<\/p>\n<p style=\"margin: 15px 0; line-height: 1.8; clear: both; display: block; width: 100%; float: none; position: static;\">Podr\u00f3\u017c przez histori\u0119 opon zaczyna si\u0119 od jednego nazwiska &#8211; Bridgestone. Ta legenda przemys\u0142u oponiarskiego zacz\u0119\u0142a swoj\u0105 niezwyk\u0142\u0105 podr\u00f3\u017c w roku 1931 w mie\u015bcie Kurume w Japonii. To tam, w ma\u0142ej, rodzinnej firmie, Shojiro Ishibashi, tw\u00f3rca Bridgestone, po\u0142\u0105czy\u0142 pasj\u0119, innowacje i niezachwian\u0105 determinacj\u0119, tworz\u0105c fundamenty, na kt\u00f3rych zbudowano \u015bwiatow\u0105 korporacj\u0119.<\/p>\n<p style=\"margin: 15px 0; line-height: 1.8; clear: both; display: block; width: 100%; float: none; position: static;\">Bridgestone od samego pocz\u0105tku zobowi\u0105za\u0142 si\u0119 do oferowania najwy\u017cszej jako\u015bci opon, kt\u00f3re id\u0105 w parze z niezawodno\u015bci\u0105 i bezpiecze\u0144stwem. Ich fabryki rozsiane na ca\u0142ym \u015bwiecie, w tym w Japonii, Stanach Zjednoczonych, Europie, Azji i nawet w Polsce, s\u0105 bastionem doskona\u0142o\u015bci technologicznej i doskona\u0142ej jako\u015bci produkcji.<\/p>\n<p style=\"margin: 15px 0; line-height: 1.8; clear: both; display: block; width: 100%; float: none; position: static;\">Bridgestone oferuje kompleksowe rozwi\u0105zania dla r\u00f3\u017cnych segment\u00f3w rynku. Czy to eleganckie, ekskluzywne limuzyny na autostradach, czy terenowe bestie eksploruj\u0105ce dzikie szlaki, Bridgestone zawsze ma idealne opony na ka\u017cd\u0105 okazj\u0119. Ich produkty premium gwarantuj\u0105 doskona\u0142\u0105 przyczepno\u015b\u0107, niezr\u00f3wnan\u0105 wydajno\u015b\u0107 i niepowtarzalny komfort jazdy.<\/p>\n<p style=\"margin: 15px 0; line-height: 1.8; clear: both; display: block; width: 100%; float: none; position: static;\">Ciekawostk\u0105 na temat Bridgestone jest to, \u017ce marka odgrywa\u0142a kluczow\u0105 rol\u0119 w zaopatrywaniu w nowoczesne opony do bolid\u00f3w Formu\u0142y 1 przez wiele lat. To dow\u00f3d na ich technologiczn\u0105 doskona\u0142o\u015b\u0107 i d\u0105\u017cenie do zwyci\u0119stwa w najbardziej wymagaj\u0105cych warunkach. Firma nieustannie inwestuje w badania i rozw\u00f3j, aby sprosta\u0107 rosn\u0105cym wymaganiom rynku oraz dynamicznym potrzebom kierowc\u00f3w. Dzi\u0119ki temu Bridgestone jest w stanie wprowadza\u0107 na rynek nowatorskie technologie, kt\u00f3re poprawiaj\u0105 bezpiecze\u0144stwo i wydajno\u015b\u0107 pojazd\u00f3w.<\/p>\n<p style=\"margin: 15px 0; line-height: 1.8; clear: both; display: block; width: 100%; float: none; position: static;\">Bridgestone to nie tylko lider w dziedzinie opon. Marka jest r\u00f3wnie\u017c aktywnie zaanga\u017cowana w inicjatywy zr\u00f3wnowa\u017conego rozwoju, takie jak programy recyklingu opon czy redukcja emisji CO2. Nasze zaanga\u017cowanie w ochron\u0119 \u015brodowiska jest integraln\u0105 cz\u0119\u015bci\u0105 naszej strategii dzia\u0142ania, a nasze innowacyjne technologie pozwalaj\u0105 nam stale podnosi\u0107 poprzeczk\u0119 w kwestii ekologicznej odpowiedzialno\u015bci.<\/p>\n<\/div>\n<\/div>\n<\/div>\n<div style=\"clear: both; display: block; margin: 10px 0;\">\n<div style=\"clear: both; display: block; margin: 10px 0;\">\n<div style=\"clear: both; display: block; margin: 10px 0;\">\n<div  style=\"max-width:1200px;max-height:1758px\">\n<div style=\"clear: both; display: block; margin: 10px 0;\">\n<div style=\"clear: both; width: 100%; display: block; margin: 20px 0; padding: 0; float: none; position: static; text-align: center;\"><img decoding=\"async\"  src=\"https:\/\/a.allegroimg.com\/original\/111a35\/6689a85e4044a93c6f8a6128fd36\/2x-BRIDGESTONE-BLIZZAK-6-XL-255-45R20-105-W-Rok-produkcji-2025\" srcset=\"https:\/\/a.allegroimg.com\/original\/111a35\/6689a85e4044a93c6f8a6128fd36\/2x-BRIDGESTONE-BLIZZAK-6-XL-255-45R20-105-W-Rok-produkcji-2025 245w,https:\/\/a.allegroimg.com\/original\/111a35\/6689a85e4044a93c6f8a6128fd36\/2x-BRIDGESTONE-BLIZZAK-6-XL-255-45R20-105-W-Rok-produkcji-2025 491w,https:\/\/a.allegroimg.com\/original\/111a35\/6689a85e4044a93c6f8a6128fd36\/2x-BRIDGESTONE-BLIZZAK-6-XL-255-45R20-105-W-Rok-produkcji-2025 698w,https:\/\/a.allegroimg.com\/original\/111a35\/6689a85e4044a93c6f8a6128fd36\/2x-BRIDGESTONE-BLIZZAK-6-XL-255-45R20-105-W-Rok-produkcji-2025 982w,https:\/\/a.allegroimg.com\/original\/111a35\/6689a85e4044a93c6f8a6128fd36\/2x-BRIDGESTONE-BLIZZAK-6-XL-255-45R20-105-W-Rok-produkcji-2025 1200w\" sizes=\"(min-width: 1200px) 560px, (min-width: 992px) 50vw, 100vw\" width=\"1200px\" alt=\"2x BRIDGESTONE BLIZZAK 6 XL 255\/45R20 105 W Rok produkcji 2025\" style=\"max-width: 100%; height: auto; display: block; margin: 0 auto;\"><\/div>\n<\/div>\n<\/div>\n<\/div>\n<\/div>\n<div style=\"clear: both; display: block; margin: 10px 0;\">\n<div style=\"clear: both; display: block; margin: 10px 0;\">\n<h3 style=\"color: #2c5aa0; font-size: 18px; margin: 30px 0 15px 0; font-weight: bold; clear: both; display: block; width: 100%; float: none; position: static;\">Dlaczego warto kupowa\u0107 u nas?<\/h3>\n<p style=\"margin: 15px 0; line-height: 1.8; clear: both; display: block; width: 100%; float: none; position: static;\">Nasza firma dzia\u0142a na rynku ju\u017c od 2007 roku, dlatego mamy naprawd\u0119 bogate do\u015bwiadczenie w tym, co robimy.<\/p>\n<p style=\"margin: 15px 0; line-height: 1.8; clear: both; display: block; width: 100%; float: none; position: static;\">Oferujemy Pa\u0144stwu szeroki asortyment towar\u00f3w i stale pracujemy nad jego poszerzaniem.<\/p>\n<p style=\"margin: 15px 0; line-height: 1.8; clear: both; display: block; width: 100%; float: none; position: static;\">W naszej ofercie ka\u017cdy znajdzie co\u015b dla siebie, zar\u00f3wno wymagaj\u0105cy klient, jak r\u00f3wnie\u017c ten, kt\u00f3ry chce zaoszcz\u0119dzi\u0107.<\/p>\n<p style=\"margin: 15px 0; line-height: 1.8; clear: both; display: block; width: 100%; float: none; position: static;\">Zakupy mo\u017cna u nas robi\u0107 spokojnie i z zaufaniem.<\/p>\n<p style=\"margin: 15px 0; line-height: 1.8; clear: both; display: block; width: 100%; float: none; position: static;\">Je\u015bli z jakiego\u015b powodu nie b\u0119dziesz zadowolony z naszego towaru, mo\u017cna go zwr\u00f3ci\u0107 w ci\u0105gu 14 dni bez podania przyczyny, a my zwr\u00f3cimy pieni\u0105dze.<\/p>\n<p style=\"margin: 15px 0; line-height: 1.8; clear: both; display: block; width: 100%; float: none; position: static;\">W razie jakichkolwiek problem\u00f3w do dyspozycji s\u0105 r\u00f3wnie\u017c nasi operatorzy z\u202fDzia\u0142u Obs\u0142ugi Klienta.<\/p>\n<\/div>\n<\/div>\n<\/div>\n<\/div>\n<\/div>\n<\/div>\n<div style=\"clear: both; display: block; margin: 10px 0;\">\n","protected":false},"excerpt":{"rendered":"<p>2x BRIDGESTONE BLIZZAK 6 XL 255\/45R20 105 W<\/p>\n<p>Zimowe opony Osobowe BRIDGESTONE BLIZZAK 6 XL FR ENLITEN 255\/45 R20 105W 105 W<\/p>\n<p>Rok produkcji: 2025<\/p>\n<p>EAN: 3286342048215<\/p>\n<p>Producent: BRIDGESTONE<\/p>\n<p>Klasa: Premium<\/p>\n<p>Model: BLIZZAK 6 XL FR ENLITEN<\/p>\n<p>Rozmiar: 255\/45 R20 105W<\/p>\n","protected":false},"featured_media":13504,"template":"","meta":{"_uag_custom_page_level_css":""},"product_brand":[397],"product_cat":[414,413,412,415],"product_tag":[],"class_list":{"0":"post-13503","1":"product","2":"type-product","3":"status-publish","4":"has-post-thumbnail","6":"product_brand-bridgestone","7":"product_cat-do-samochodow-osobowych-i-suv","8":"product_cat-opony","9":"product_cat-opony-i-felgi","10":"product_cat-zimowe","12":"first","13":"instock","14":"shipping-taxable","15":"purchasable","16":"product-type-simple"},"uagb_featured_image_src":{"full":["https:\/\/oponixo.shop\/tire\/wp-content\/uploads\/2026\/01\/allegro-image-13503.jpg",920,1120,false],"thumbnail":["https:\/\/oponixo.shop\/tire\/wp-content\/uploads\/2026\/01\/allegro-image-13503-150x150.jpg",150,150,true],"medium":["https:\/\/oponixo.shop\/tire\/wp-content\/uploads\/2026\/01\/allegro-image-13503-246x300.jpg",246,300,true],"medium_large":["https:\/\/oponixo.shop\/tire\/wp-content\/uploads\/2026\/01\/allegro-image-13503-768x935.jpg",768,935,true],"large":["https:\/\/oponixo.shop\/tire\/wp-content\/uploads\/2026\/01\/allegro-image-13503-841x1024.jpg",841,1024,true],"1536x1536":["https:\/\/oponixo.shop\/tire\/wp-content\/uploads\/2026\/01\/allegro-image-13503.jpg",920,1120,false],"2048x2048":["https:\/\/oponixo.shop\/tire\/wp-content\/uploads\/2026\/01\/allegro-image-13503.jpg",920,1120,false],"woocommerce_thumbnail":["https:\/\/oponixo.shop\/tire\/wp-content\/uploads\/2026\/01\/allegro-image-13503-300x300.jpg",300,300,true],"woocommerce_single":["https:\/\/oponixo.shop\/tire\/wp-content\/uploads\/2026\/01\/allegro-image-13503-600x730.jpg",600,730,true],"woocommerce_gallery_thumbnail":["https:\/\/oponixo.shop\/tire\/wp-content\/uploads\/2026\/01\/allegro-image-13503-100x100.jpg",100,100,true]},"uagb_author_info":{"display_name":"admin","author_link":"https:\/\/oponixo.shop\/tire\/author\/"},"uagb_comment_info":0,"uagb_excerpt":"2x BRIDGESTONE BLIZZAK 6 XL 255\/45R20 105 W Zimowe opony Osobowe BRIDGESTONE BLIZZAK 6 XL FR ENLITEN 255\/45 R20 105W 105 W Rok produkcji: 2025 EAN: 3286342048215 Producent: BRIDGESTONE Klasa: Premium Model: BLIZZAK 6 XL FR ENLITEN Rozmiar: 255\/45 R20 105W","_links":{"self":[{"href":"https:\/\/oponixo.shop\/tire\/wp-json\/wp\/v2\/product\/13503","targetHints":{"allow":["GET"]}}],"collection":[{"href":"https:\/\/oponixo.shop\/tire\/wp-json\/wp\/v2\/product"}],"about":[{"href":"https:\/\/oponixo.shop\/tire\/wp-json\/wp\/v2\/types\/product"}],"wp:featuredmedia":[{"embeddable":true,"href":"https:\/\/oponixo.shop\/tire\/wp-json\/wp\/v2\/media\/13504"}],"wp:attachment":[{"href":"https:\/\/oponixo.shop\/tire\/wp-json\/wp\/v2\/media?parent=13503"}],"wp:term":[{"taxonomy":"product_brand","embeddable":true,"href":"https:\/\/oponixo.shop\/tire\/wp-json\/wp\/v2\/product_brand?post=13503"},{"taxonomy":"product_cat","embeddable":true,"href":"https:\/\/oponixo.shop\/tire\/wp-json\/wp\/v2\/product_cat?post=13503"},{"taxonomy":"product_tag","embeddable":true,"href":"https:\/\/oponixo.shop\/tire\/wp-json\/wp\/v2\/product_tag?post=13503"}],"curies":[{"name":"wp","href":"https:\/\/api.w.org\/{rel}","templated":true}]}}