{"id":13509,"date":"2026-01-07T01:36:29","date_gmt":"2026-01-07T00:36:29","guid":{"rendered":"https:\/\/oponyprofi.shop\/xef5\/produkt\/2x-opony-zimowe-nexen-winguard-sport-2-suv-255-45r20-105v-xl-rant\/"},"modified":"2026-01-07T01:36:29","modified_gmt":"2026-01-07T00:36:29","slug":"2x-opony-zimowe-nexen-winguard-sport-2-suv-255-45r20-105v-xl-rant","status":"publish","type":"product","link":"https:\/\/oponixo.shop\/tire\/produkt\/2x-opony-zimowe-nexen-winguard-sport-2-suv-255-45r20-105v-xl-rant\/","title":{"rendered":"2x opony zimowe Nexen Winguard Sport 2 SUV 255\/45R20 105V XL rant"},"content":{"rendered":"<div style=\"font-family: Arial, sans-serif; line-height: 1.6; color: #333; padding: 20px; clear: both; display: block; width: 100%; float: none; position: static; overflow: hidden;\">\n<div style=\"clear: both; display: block; margin: 10px 0;\">\n<div style=\"clear: both; display: block; margin: 10px 0;\">\n<div style=\"clear: both; display: block; margin: 10px 0;\">\n<div  style=\"max-width:500px;max-height:205px\">\n<div style=\"clear: both; display: block; margin: 10px 0;\">\n<div style=\"clear: both; width: 100%; display: block; margin: 20px 0; padding: 0; float: none; position: static; text-align: center;\"><img decoding=\"async\"  src=\"https:\/\/a.allegroimg.com\/original\/1111c1\/655626d5402b90ae15b11654dd22\/2x-opony-zimowe-Nexen-Winguard-Sport-2-SUV-255-45R20-105V-XL-rant-Rok-produkcji-2023\" srcset=\"https:\/\/a.allegroimg.com\/original\/1111c1\/655626d5402b90ae15b11654dd22\/2x-opony-zimowe-Nexen-Winguard-Sport-2-SUV-255-45R20-105V-XL-rant-Rok-produkcji-2023 360w,https:\/\/a.allegroimg.com\/original\/1111c1\/655626d5402b90ae15b11654dd22\/2x-opony-zimowe-Nexen-Winguard-Sport-2-SUV-255-45R20-105V-XL-rant-Rok-produkcji-2023 500w,https:\/\/a.allegroimg.com\/original\/1111c1\/655626d5402b90ae15b11654dd22\/2x-opony-zimowe-Nexen-Winguard-Sport-2-SUV-255-45R20-105V-XL-rant-Rok-produkcji-2023 500w\" sizes=\"100vw\" width=\"500px\" alt=\"2x opony zimowe Nexen Winguard Sport 2 SUV 255\/45R20 105V XL rant Rok produkcji 2023\" style=\"max-width: 100%; height: auto; display: block; margin: 0 auto;\"><\/div>\n<\/div>\n<\/div>\n<\/div>\n<\/div>\n<\/div>\n<div style=\"clear: both; display: block; margin: 10px 0;\">\n<div style=\"clear: both; display: block; margin: 10px 0;\">\n<div style=\"clear: both; display: block; margin: 10px 0;\">\n<h1>zestaw 2 sztuk nowych opon zimowych<\/h1>\n<h1>Nexen Winguard Sport 2 SUV 255\/45R20 105V XL RPB<\/h1>\n<p style=\"margin: 15px 0; line-height: 1.8; clear: both; display: block; width: 100%; float: none; position: static;\">\n<\/div>\n<\/div>\n<\/div>\n<div style=\"clear: both; display: block; margin: 10px 0;\">\n<div style=\"clear: both; display: block; margin: 10px 0;\">\n<div style=\"clear: both; display: block; margin: 10px 0;\">\n<div  style=\"max-width:500px;max-height:750px\">\n<div style=\"clear: both; display: block; margin: 10px 0;\">\n<div style=\"clear: both; width: 100%; display: block; margin: 20px 0; padding: 0; float: none; position: static; text-align: center;\"><img decoding=\"async\"  src=\"https:\/\/a.allegroimg.com\/original\/113038\/9c8a61864e9f8e50d8a111e0849d\/2x-opony-zimowe-Nexen-Winguard-Sport-2-SUV-255-45R20-105V-XL-rant\" srcset=\"https:\/\/a.allegroimg.com\/original\/113038\/9c8a61864e9f8e50d8a111e0849d\/2x-opony-zimowe-Nexen-Winguard-Sport-2-SUV-255-45R20-105V-XL-rant 240w,https:\/\/a.allegroimg.com\/original\/113038\/9c8a61864e9f8e50d8a111e0849d\/2x-opony-zimowe-Nexen-Winguard-Sport-2-SUV-255-45R20-105V-XL-rant 480w,https:\/\/a.allegroimg.com\/original\/113038\/9c8a61864e9f8e50d8a111e0849d\/2x-opony-zimowe-Nexen-Winguard-Sport-2-SUV-255-45R20-105V-XL-rant 500w,https:\/\/a.allegroimg.com\/original\/113038\/9c8a61864e9f8e50d8a111e0849d\/2x-opony-zimowe-Nexen-Winguard-Sport-2-SUV-255-45R20-105V-XL-rant 500w\" sizes=\"(min-width: 1200px) 560px, (min-width: 992px) 50vw, 100vw\" width=\"500px\" alt=\"2x opony zimowe Nexen Winguard Sport 2 SUV 255\/45R20 105V XL rant\" style=\"max-width: 100%; height: auto; display: block; margin: 0 auto;\"><\/div>\n<\/div>\n<\/div>\n<\/div>\n<\/div>\n<div style=\"clear: both; display: block; margin: 10px 0;\">\n<div style=\"clear: both; display: block; margin: 10px 0;\">\n<p style=\"margin: 15px 0; line-height: 1.8; clear: both; display: block; width: 100%; float: none; position: static;\"><b>Nexen Winguard Sport 2 SUV<\/b> to opony <b>zimowe<\/b> przeznaczone do samochod\u00f3w typu <b>SUV<\/b>. Oryginalny produkt klasy <b>standard<\/b> uznanej marki <b>Nexen<\/b>. Doskona\u0142a jako\u015b\u0107 w akceptowalnej cenie. Produkt klasy UHP (Ultra High Performace) do suv-\u00f3w o wysokich osi\u0105gach, przeznaczone dla kierowc\u00f3w preferuj\u0105cych dynamiczny styl jazdy.<\/p>\n<ul style=\"margin: 15px 0; padding-left: 20px; clear: both; display: block; width: 100%; float: none; position: static;\">\n<li style=\"margin: 5px 0; padding: 2px 0; clear: both; display: list-item; float: none; position: static;\">rok produkcji: nie starsze ni\u017c <b>2023<\/b><\/li>\n<li style=\"margin: 5px 0; padding: 2px 0; clear: both; display: list-item; float: none; position: static;\">opony <b>nowe<\/b>, oryginalne, z gwarancj\u0105<\/li>\n<li style=\"margin: 5px 0; padding: 2px 0; clear: both; display: list-item; float: none; position: static;\"><b>RPB<\/b> &#8211; opony posiadaj\u0105 rant chroni\u0105cy felg\u0119<\/li>\n<li style=\"margin: 5px 0; padding: 2px 0; clear: both; display: list-item; float: none; position: static;\">opony wzmocnione <b>XL<\/b><\/li>\n<li style=\"margin: 5px 0; padding: 2px 0; clear: both; display: list-item; float: none; position: static;\">komfortowa, cicha praca<\/li>\n<li style=\"margin: 5px 0; padding: 2px 0; clear: both; display: list-item; float: none; position: static;\">doskona\u0142a trakcja, precyzyjne sterowanie &#8211; r\u00f3wnie\u017c przy du\u017cych pr\u0119dko\u015bciach<\/li>\n<li style=\"margin: 5px 0; padding: 2px 0; clear: both; display: list-item; float: none; position: static;\">d\u0142ugie przebiegi<\/li>\n<li style=\"margin: 5px 0; padding: 2px 0; clear: both; display: list-item; float: none; position: static;\">bie\u017cnik zu\u017cywa si\u0119 r\u00f3wnomiernie<\/li>\n<li style=\"margin: 5px 0; padding: 2px 0; clear: both; display: list-item; float: none; position: static;\">znakomita przyczepno\u015b\u0107 i trakcja w trudnych, zimowych warunkach<\/li>\n<li style=\"margin: 5px 0; padding: 2px 0; clear: both; display: list-item; float: none; position: static;\">pe\u0142na homologacja zimowa 3PMSF (opony z tym oznaczeniem musz\u0105 spe\u0142nia\u0107 rygorystyczne normy dot. przyczepno\u015bci i hamowania na \u015bniegu i lodzie)<\/li>\n<li style=\"margin: 5px 0; padding: 2px 0; clear: both; display: list-item; float: none; position: static;\">skuteczne odprowadzanie wody i b\u0142ota, system antypo\u015blizgowy<\/li>\n<\/ul>\n<\/div>\n<\/div>\n<\/div>\n<div style=\"clear: both; display: block; margin: 10px 0;\">\n<div style=\"clear: both; display: block; margin: 10px 0;\">\n<div style=\"clear: both; display: block; margin: 10px 0;\">\n<div  style=\"max-width:480px;max-height:733px\">\n<div style=\"clear: both; display: block; margin: 10px 0;\">\n<div style=\"clear: both; width: 100%; display: block; margin: 20px 0; padding: 0; float: none; position: static; text-align: center;\"><img decoding=\"async\"  src=\"https:\/\/a.allegroimg.com\/original\/1164de\/384e6ccf46f0a878358eedd78569\/2x-opony-zimowe-Nexen-Winguard-Sport-2-SUV-255-45R20-105V-XL-rant-Liczba-opon-w-ofercie-2-szt\" srcset=\"https:\/\/a.allegroimg.com\/original\/1164de\/384e6ccf46f0a878358eedd78569\/2x-opony-zimowe-Nexen-Winguard-Sport-2-SUV-255-45R20-105V-XL-rant-Liczba-opon-w-ofercie-2-szt 235w,https:\/\/a.allegroimg.com\/original\/1164de\/384e6ccf46f0a878358eedd78569\/2x-opony-zimowe-Nexen-Winguard-Sport-2-SUV-255-45R20-105V-XL-rant-Liczba-opon-w-ofercie-2-szt 471w,https:\/\/a.allegroimg.com\/original\/1164de\/384e6ccf46f0a878358eedd78569\/2x-opony-zimowe-Nexen-Winguard-Sport-2-SUV-255-45R20-105V-XL-rant-Liczba-opon-w-ofercie-2-szt 480w,https:\/\/a.allegroimg.com\/original\/1164de\/384e6ccf46f0a878358eedd78569\/2x-opony-zimowe-Nexen-Winguard-Sport-2-SUV-255-45R20-105V-XL-rant-Liczba-opon-w-ofercie-2-szt 480w\" sizes=\"100vw\" width=\"480px\" alt=\"2x opony zimowe Nexen Winguard Sport 2 SUV 255\/45R20 105V XL rant Liczba opon w ofercie 2 szt.\" style=\"max-width: 100%; height: auto; display: block; margin: 0 auto;\"><\/div>\n<\/div>\n<\/div>\n<\/div>\n<\/div>\n<\/div>\n<\/div>\n<\/div>\n<\/div>\n<div style=\"clear: both; display: block; margin: 10px 0;\">\n","protected":false},"excerpt":{"rendered":"<p>zestaw 2 sztuk nowych opon zimowych<\/p>\n<p>Nexen Winguard Sport 2 SUV 255\/45R20 105V XL RPB<\/p>\n<p>Nexen Winguard Sport 2 SUV to opony zimowe przeznaczone do samochod\u00f3w typu SUV. Oryginalny produkt klasy standard uznanej marki Nexen. Doskona\u0142a jako\u015b\u0107 w akceptowalnej cenie. Produkt klasy UHP (Ultra High Performace) do suv-\u00f3w o wysokich osi\u0105gach, przeznaczone dla kierowc\u00f3w preferuj\u0105cych dynamiczny styl jazdy.<\/p>\n<p>rok produkcji: nie starsze ni\u017c 2023<\/p>\n<p>opony nowe, oryginalne, z gwarancj\u0105<\/p>\n<p>RPB &#8211; opony posiadaj\u0105 rant chroni\u0105cy felg\u0119<\/p>\n<p>opony wzmocnione XL<\/p>\n<p>komfortowa, cicha praca<\/p>\n","protected":false},"featured_media":13510,"template":"","meta":{"_uag_custom_page_level_css":""},"product_brand":[392],"product_cat":[414,413,412,415],"product_tag":[],"class_list":{"0":"post-13509","1":"product","2":"type-product","3":"status-publish","4":"has-post-thumbnail","6":"product_brand-nexen","7":"product_cat-do-samochodow-osobowych-i-suv","8":"product_cat-opony","9":"product_cat-opony-i-felgi","10":"product_cat-zimowe","12":"first","13":"instock","14":"shipping-taxable","15":"purchasable","16":"product-type-simple"},"uagb_featured_image_src":{"full":["https:\/\/oponixo.shop\/tire\/wp-content\/uploads\/2026\/01\/allegro-image-13509.jpg",500,750,false],"thumbnail":["https:\/\/oponixo.shop\/tire\/wp-content\/uploads\/2026\/01\/allegro-image-13509-150x150.jpg",150,150,true],"medium":["https:\/\/oponixo.shop\/tire\/wp-content\/uploads\/2026\/01\/allegro-image-13509-200x300.jpg",200,300,true],"medium_large":["https:\/\/oponixo.shop\/tire\/wp-content\/uploads\/2026\/01\/allegro-image-13509.jpg",500,750,false],"large":["https:\/\/oponixo.shop\/tire\/wp-content\/uploads\/2026\/01\/allegro-image-13509.jpg",500,750,false],"1536x1536":["https:\/\/oponixo.shop\/tire\/wp-content\/uploads\/2026\/01\/allegro-image-13509.jpg",500,750,false],"2048x2048":["https:\/\/oponixo.shop\/tire\/wp-content\/uploads\/2026\/01\/allegro-image-13509.jpg",500,750,false],"woocommerce_thumbnail":["https:\/\/oponixo.shop\/tire\/wp-content\/uploads\/2026\/01\/allegro-image-13509-300x300.jpg",300,300,true],"woocommerce_single":["https:\/\/oponixo.shop\/tire\/wp-content\/uploads\/2026\/01\/allegro-image-13509.jpg",500,750,false],"woocommerce_gallery_thumbnail":["https:\/\/oponixo.shop\/tire\/wp-content\/uploads\/2026\/01\/allegro-image-13509-100x100.jpg",100,100,true]},"uagb_author_info":{"display_name":"admin","author_link":"https:\/\/oponixo.shop\/tire\/author\/"},"uagb_comment_info":0,"uagb_excerpt":"zestaw 2 sztuk nowych opon zimowych Nexen Winguard Sport 2 SUV 255\/45R20 105V XL RPB Nexen Winguard Sport 2 SUV to opony zimowe przeznaczone do samochod\u00f3w typu SUV. Oryginalny produkt klasy standard uznanej marki Nexen. Doskona\u0142a jako\u015b\u0107 w akceptowalnej cenie. Produkt klasy UHP (Ultra High Performace) do suv-\u00f3w o wysokich osi\u0105gach, przeznaczone dla kierowc\u00f3w preferuj\u0105cych&hellip;","_links":{"self":[{"href":"https:\/\/oponixo.shop\/tire\/wp-json\/wp\/v2\/product\/13509","targetHints":{"allow":["GET"]}}],"collection":[{"href":"https:\/\/oponixo.shop\/tire\/wp-json\/wp\/v2\/product"}],"about":[{"href":"https:\/\/oponixo.shop\/tire\/wp-json\/wp\/v2\/types\/product"}],"wp:featuredmedia":[{"embeddable":true,"href":"https:\/\/oponixo.shop\/tire\/wp-json\/wp\/v2\/media\/13510"}],"wp:attachment":[{"href":"https:\/\/oponixo.shop\/tire\/wp-json\/wp\/v2\/media?parent=13509"}],"wp:term":[{"taxonomy":"product_brand","embeddable":true,"href":"https:\/\/oponixo.shop\/tire\/wp-json\/wp\/v2\/product_brand?post=13509"},{"taxonomy":"product_cat","embeddable":true,"href":"https:\/\/oponixo.shop\/tire\/wp-json\/wp\/v2\/product_cat?post=13509"},{"taxonomy":"product_tag","embeddable":true,"href":"https:\/\/oponixo.shop\/tire\/wp-json\/wp\/v2\/product_tag?post=13509"}],"curies":[{"name":"wp","href":"https:\/\/api.w.org\/{rel}","templated":true}]}}