{"id":13563,"date":"2026-01-09T06:52:55","date_gmt":"2026-01-09T05:52:55","guid":{"rendered":"https:\/\/gumatop.shop\/xef5\/produkt\/4x-hankook-winter-icept-evo-w310-205-50r15-86h\/"},"modified":"2026-01-09T06:52:56","modified_gmt":"2026-01-09T05:52:56","slug":"4x-hankook-winter-icept-evo-w310-205-50r15-86h","status":"publish","type":"product","link":"https:\/\/oponixo.shop\/tire\/produkt\/4x-hankook-winter-icept-evo-w310-205-50r15-86h\/","title":{"rendered":"4x Hankook WiNter i*cept evo W310 205\/50R15 86H"},"content":{"rendered":"<div style=\"font-family: Arial, sans-serif; line-height: 1.6; color: #333; padding: 20px; clear: both; display: block; width: 100%; float: none; position: static; overflow: hidden;\">\n<div style=\"clear: both; display: block; margin: 10px 0;\">\n<div style=\"clear: both; display: block; margin: 10px 0;\">\n<div style=\"clear: both; display: block; margin: 10px 0;\">\n<h1>4x nowe opony zimowe HANKOOK WINTER I*CEPT EVO W310 205\/50R15 86H<\/h1>\n<p style=\"margin: 15px 0; line-height: 1.8; clear: both; display: block; width: 100%; float: none; position: static;\">Cechy produktu<\/p>\n<ul style=\"margin: 15px 0; padding-left: 20px; clear: both; display: block; width: 100%; float: none; position: static;\">\n<li style=\"margin: 5px 0; padding: 2px 0; clear: both; display: list-item; float: none; position: static;\">Marka: Hankook<\/li>\n<li style=\"margin: 5px 0; padding: 2px 0; clear: both; display: list-item; float: none; position: static;\">Model: WiNter i*cept evo W310<\/li>\n<li style=\"margin: 5px 0; padding: 2px 0; clear: both; display: list-item; float: none; position: static;\">Szeroko\u015b\u0107\/profil\/\u015brednica: 205\/50R15<\/li>\n<li style=\"margin: 5px 0; padding: 2px 0; clear: both; display: list-item; float: none; position: static;\">Indeks no\u015bno\u015bci: do 86 (530 kg na opon\u0119)<\/li>\n<li style=\"margin: 5px 0; padding: 2px 0; clear: both; display: list-item; float: none; position: static;\">Indeks pr\u0119dko\u015bci: H (do 210 km\/h)<\/li>\n<li style=\"margin: 5px 0; padding: 2px 0; clear: both; display: list-item; float: none; position: static;\">Sezon: zimowe<\/li>\n<li style=\"margin: 5px 0; padding: 2px 0; clear: both; display: list-item; float: none; position: static;\">Typ pojazdu: osobowy<\/li>\n<li style=\"margin: 5px 0; padding: 2px 0; clear: both; display: list-item; float: none; position: static;\">Klasa energetyczna: D<\/li>\n<li style=\"margin: 5px 0; padding: 2px 0; clear: both; display: list-item; float: none; position: static;\">Klasa przyczepno\u015bci: C<\/li>\n<li style=\"margin: 5px 0; padding: 2px 0; clear: both; display: list-item; float: none; position: static;\">Poziom ha\u0142asu: 72<\/li>\n<li style=\"margin: 5px 0; padding: 2px 0; clear: both; display: list-item; float: none; position: static;\">Klasa ha\u0142asu: B<\/li>\n<li style=\"margin: 5px 0; padding: 2px 0; clear: both; display: list-item; float: none; position: static;\">Rok produkcji: 2024\/2025<\/li>\n<\/ul>\n<\/div>\n<\/div>\n<div style=\"clear: both; display: block; margin: 10px 0;\">\n<div style=\"clear: both; display: block; margin: 10px 0;\">\n<div  style=\"max-width:704px;max-height:800px\">\n<div style=\"clear: both; display: block; margin: 10px 0;\">\n<div style=\"clear: both; width: 100%; display: block; margin: 20px 0; padding: 0; float: none; position: static; text-align: center;\"><img decoding=\"async\"  src=\"https:\/\/a.allegroimg.com\/original\/11932c\/ad529f164af8a5172b671176660c\/4x-Hankook-WiNter-i-cept-evo-W310-205-50R15-86H\" srcset=\"https:\/\/a.allegroimg.com\/original\/11932c\/ad529f164af8a5172b671176660c\/4x-Hankook-WiNter-i-cept-evo-W310-205-50R15-86H 316w,https:\/\/a.allegroimg.com\/original\/11932c\/ad529f164af8a5172b671176660c\/4x-Hankook-WiNter-i-cept-evo-W310-205-50R15-86H 633w,https:\/\/a.allegroimg.com\/original\/11932c\/ad529f164af8a5172b671176660c\/4x-Hankook-WiNter-i-cept-evo-W310-205-50R15-86H 704w,https:\/\/a.allegroimg.com\/original\/11932c\/ad529f164af8a5172b671176660c\/4x-Hankook-WiNter-i-cept-evo-W310-205-50R15-86H 704w\" sizes=\"(min-width: 1200px) 560px, (min-width: 992px) 50vw, 100vw\" width=\"704px\" alt=\"4x Hankook WiNter i*cept evo W310 205\/50R15 86H\" style=\"max-width: 100%; height: auto; display: block; margin: 0 auto;\"><\/div>\n<\/div>\n<\/div>\n<\/div>\n<\/div>\n<\/div>\n<div style=\"clear: both; display: block; margin: 10px 0;\">\n<div style=\"clear: both; display: block; margin: 10px 0;\">\n<div style=\"clear: both; display: block; margin: 10px 0;\">\n<div  style=\"max-width:212px;max-height:305px\">\n<div style=\"clear: both; display: block; margin: 10px 0;\">\n<div style=\"clear: both; width: 100%; display: block; margin: 20px 0; padding: 0; float: none; position: static; text-align: center;\"><img decoding=\"async\"  src=\"https:\/\/a.allegroimg.com\/original\/11854a\/061379764853a4ca2a75eb0c88c0\/4x-Hankook-WiNter-i-cept-evo-W310-205-50R15-86H-Liczba-opon-w-ofercie-Komplet-4-szt\" srcset=\"https:\/\/a.allegroimg.com\/original\/11854a\/061379764853a4ca2a75eb0c88c0\/4x-Hankook-WiNter-i-cept-evo-W310-205-50R15-86H-Liczba-opon-w-ofercie-Komplet-4-szt 212w,https:\/\/a.allegroimg.com\/original\/11854a\/061379764853a4ca2a75eb0c88c0\/4x-Hankook-WiNter-i-cept-evo-W310-205-50R15-86H-Liczba-opon-w-ofercie-Komplet-4-szt 212w\" sizes=\"(min-width: 1200px) 560px, (min-width: 992px) 50vw, 100vw\" width=\"212px\" alt=\"4x Hankook WiNter i*cept evo W310 205\/50R15 86H Liczba opon w ofercie Komplet 4 szt.\" style=\"max-width: 100%; height: auto; display: block; margin: 0 auto;\"><\/div>\n<\/div>\n<\/div>\n<\/div>\n<\/div>\n<div style=\"clear: both; display: block; margin: 10px 0;\">\n<div style=\"clear: both; display: block; margin: 10px 0;\">\n<div  style=\"max-width:2250px;max-height:422px\">\n<div style=\"clear: both; display: block; margin: 10px 0;\">\n<div style=\"clear: both; width: 100%; display: block; margin: 20px 0; padding: 0; float: none; position: static; text-align: center;\"><img decoding=\"async\"  src=\"https:\/\/a.allegroimg.com\/original\/112170\/c60908ae44bbab28dac648ab2042\/4x-Hankook-WiNter-i-cept-evo-W310-205-50R15-86H-Marka-Hankook\" srcset=\"https:\/\/a.allegroimg.com\/original\/112170\/c60908ae44bbab28dac648ab2042\/4x-Hankook-WiNter-i-cept-evo-W310-205-50R15-86H-Marka-Hankook 360w,https:\/\/a.allegroimg.com\/original\/112170\/c60908ae44bbab28dac648ab2042\/4x-Hankook-WiNter-i-cept-evo-W310-205-50R15-86H-Marka-Hankook 720w,https:\/\/a.allegroimg.com\/original\/112170\/c60908ae44bbab28dac648ab2042\/4x-Hankook-WiNter-i-cept-evo-W310-205-50R15-86H-Marka-Hankook 1024w,https:\/\/a.allegroimg.com\/original\/112170\/c60908ae44bbab28dac648ab2042\/4x-Hankook-WiNter-i-cept-evo-W310-205-50R15-86H-Marka-Hankook 1440w,https:\/\/a.allegroimg.com\/original\/112170\/c60908ae44bbab28dac648ab2042\/4x-Hankook-WiNter-i-cept-evo-W310-205-50R15-86H-Marka-Hankook 2250w\" sizes=\"(min-width: 1200px) 560px, (min-width: 992px) 50vw, 100vw\" width=\"2250px\" alt=\"4x Hankook WiNter i*cept evo W310 205\/50R15 86H Marka Hankook\" style=\"max-width: 100%; height: auto; display: block; margin: 0 auto;\"><\/div>\n<\/div>\n<\/div>\n<\/div>\n<\/div>\n<\/div>\n<div style=\"clear: both; display: block; margin: 10px 0;\">\n<div style=\"clear: both; display: block; margin: 10px 0;\">\n<div style=\"clear: both; display: block; margin: 10px 0;\">\n<p style=\"margin: 15px 0; line-height: 1.8; clear: both; display: block; width: 100%; float: none; position: static;\">Firma Hankook wywodzi si\u0119 z Korei Po\u0142udniowej, jej pocz\u0105tki przypadaj\u0105 na 1941 rok, a obecnie plasuje si\u0119 na 7 miejscu w\u015br\u00f3d \u015bwiatowych producent\u00f3w opon. Opony Hankook ciesz\u0105 si\u0119 rosn\u0105cym zainteresowaniem w\u015br\u00f3d kierowc\u00f3w na ca\u0142ym \u015bwiecie ze wzgl\u0119du na wysok\u0105 jako\u015b\u0107 i bardzo atrakcyjn\u0105 cen\u0119. Opony s\u0105 produkowane w 8 fabrykach na ca\u0142ym \u015bwiecie: w Korei (2), w Chinach (3), na W\u0119grzech i w Indonezji, a ich zdolno\u015bci produkcyjne to niespe\u0142na 100 milion\u00f3w opon rocznie. Hankook zatrudnia ponad 22000 pracownik\u00f3w, a opony sprzedawane s\u0105 w 180 krajach na ca\u0142ym \u015bwiecie<\/p>\n<p style=\"margin: 15px 0; line-height: 1.8; clear: both; display: block; width: 100%; float: none; position: static;\">Firma Hankook jest oficjalnym sponsorem Realu Madryt oraz Ligi Europy UEFA<\/p>\n<\/div>\n<\/div>\n<\/div>\n<\/div>\n<\/div>\n<\/div>\n<div style=\"clear: both; display: block; margin: 10px 0;\">\n","protected":false},"excerpt":{"rendered":"<p>4x nowe opony zimowe HANKOOK WINTER I*CEPT EVO W310 205\/50R15 86H<\/p>\n<p>Cechy produktu<\/p>\n<p>Marka: Hankook<\/p>\n<p>Model: WiNter i*cept evo W310<\/p>\n<p>Szeroko\u015b\u0107\/profil\/\u015brednica: 205\/50R15<\/p>\n<p>Indeks no\u015bno\u015bci: do 86 (530 kg na opon\u0119)<\/p>\n<p>Indeks pr\u0119dko\u015bci: H (do 210 km\/h)<\/p>\n<p>Sezon: zimowe<\/p>\n","protected":false},"featured_media":13564,"template":"","meta":{"_uag_custom_page_level_css":""},"product_brand":[411],"product_cat":[414,413,412,415],"product_tag":[],"class_list":{"0":"post-13563","1":"product","2":"type-product","3":"status-publish","4":"has-post-thumbnail","6":"product_brand-hankook","7":"product_cat-do-samochodow-osobowych-i-suv","8":"product_cat-opony","9":"product_cat-opony-i-felgi","10":"product_cat-zimowe","12":"first","13":"instock","14":"shipping-taxable","15":"purchasable","16":"product-type-simple"},"uagb_featured_image_src":{"full":["https:\/\/oponixo.shop\/tire\/wp-content\/uploads\/2026\/01\/allegro-image-13563.jpg",704,800,false],"thumbnail":["https:\/\/oponixo.shop\/tire\/wp-content\/uploads\/2026\/01\/allegro-image-13563-150x150.jpg",150,150,true],"medium":["https:\/\/oponixo.shop\/tire\/wp-content\/uploads\/2026\/01\/allegro-image-13563-264x300.jpg",264,300,true],"medium_large":["https:\/\/oponixo.shop\/tire\/wp-content\/uploads\/2026\/01\/allegro-image-13563.jpg",704,800,false],"large":["https:\/\/oponixo.shop\/tire\/wp-content\/uploads\/2026\/01\/allegro-image-13563.jpg",704,800,false],"1536x1536":["https:\/\/oponixo.shop\/tire\/wp-content\/uploads\/2026\/01\/allegro-image-13563.jpg",704,800,false],"2048x2048":["https:\/\/oponixo.shop\/tire\/wp-content\/uploads\/2026\/01\/allegro-image-13563.jpg",704,800,false],"woocommerce_thumbnail":["https:\/\/oponixo.shop\/tire\/wp-content\/uploads\/2026\/01\/allegro-image-13563-300x300.jpg",300,300,true],"woocommerce_single":["https:\/\/oponixo.shop\/tire\/wp-content\/uploads\/2026\/01\/allegro-image-13563-600x682.jpg",600,682,true],"woocommerce_gallery_thumbnail":["https:\/\/oponixo.shop\/tire\/wp-content\/uploads\/2026\/01\/allegro-image-13563-100x100.jpg",100,100,true]},"uagb_author_info":{"display_name":"admin","author_link":"https:\/\/oponixo.shop\/tire\/author\/"},"uagb_comment_info":0,"uagb_excerpt":"4x nowe opony zimowe HANKOOK WINTER I*CEPT EVO W310 205\/50R15 86H Cechy produktu Marka: Hankook Model: WiNter i*cept evo W310 Szeroko\u015b\u0107\/profil\/\u015brednica: 205\/50R15 Indeks no\u015bno\u015bci: do 86 (530 kg na opon\u0119) Indeks pr\u0119dko\u015bci: H (do 210 km\/h) Sezon: zimowe","_links":{"self":[{"href":"https:\/\/oponixo.shop\/tire\/wp-json\/wp\/v2\/product\/13563","targetHints":{"allow":["GET"]}}],"collection":[{"href":"https:\/\/oponixo.shop\/tire\/wp-json\/wp\/v2\/product"}],"about":[{"href":"https:\/\/oponixo.shop\/tire\/wp-json\/wp\/v2\/types\/product"}],"wp:featuredmedia":[{"embeddable":true,"href":"https:\/\/oponixo.shop\/tire\/wp-json\/wp\/v2\/media\/13564"}],"wp:attachment":[{"href":"https:\/\/oponixo.shop\/tire\/wp-json\/wp\/v2\/media?parent=13563"}],"wp:term":[{"taxonomy":"product_brand","embeddable":true,"href":"https:\/\/oponixo.shop\/tire\/wp-json\/wp\/v2\/product_brand?post=13563"},{"taxonomy":"product_cat","embeddable":true,"href":"https:\/\/oponixo.shop\/tire\/wp-json\/wp\/v2\/product_cat?post=13563"},{"taxonomy":"product_tag","embeddable":true,"href":"https:\/\/oponixo.shop\/tire\/wp-json\/wp\/v2\/product_tag?post=13563"}],"curies":[{"name":"wp","href":"https:\/\/api.w.org\/{rel}","templated":true}]}}